{"id":9994,"date":"2016-01-20T13:44:22","date_gmt":"2016-01-20T12:44:22","guid":{"rendered":"http:\/\/skgd.pl\/?page_id=9994"},"modified":"2025-01-02T16:21:46","modified_gmt":"2025-01-02T15:21:46","slug":"polsko-niemiecki-okragly-stol-i-jego-ustalenia","status":"publish","type":"page","link":"https:\/\/skgd.pl\/en\/dzialalnosc-polityczno-spoleczna\/aktywnosc-polityczna\/polsko-niemiecki-okragly-stol-i-jego-ustalenia\/","title":{"rendered":"(Polski) Polsko\u2013Niemiecki &#8220;Okr\u0105g\u0142y St\u00f3\u0142 i jego ustalenia&#8221;"},"content":{"rendered":"<p class=\"qtranxs-available-languages-message qtranxs-available-languages-message-en\">Sorry, this entry is only available in <a href=\"https:\/\/skgd.pl\/pl\/wp-json\/wp\/v2\/pages\/9994\" class=\"qtranxs-available-language-link qtranxs-available-language-link-pl\" title=\"Polski\">Polski<\/a> and <a href=\"https:\/\/skgd.pl\/de\/wp-json\/wp\/v2\/pages\/9994\" class=\"qtranxs-available-language-link qtranxs-available-language-link-de\" title=\"Deutsch\">Deutsch<\/a>.<\/p>","protected":false},"excerpt":{"rendered":"<p>Sorry, this entry is only available in Polski and Deutsch.<\/p>\n","protected":false},"author":1,"featured_media":0,"parent":9344,"menu_order":38,"comment_status":"closed","ping_status":"closed","template":"","meta":{"footnotes":""},"class_list":["post-9994","page","type-page","status-publish","hentry"],"yoast_head":"<!-- This site is optimized with the Yoast SEO plugin v18.9 - https:\/\/yoast.com\/wordpress\/plugins\/seo\/ -->\n<title>(Polski) Polsko\u2013Niemiecki &quot;Okr\u0105g\u0142y St\u00f3\u0142 i jego ustalenia&quot; - The Social-Cultural Society<\/title>\n<meta name=\"robots\" content=\"index, follow, max-snippet:-1, max-image-preview:large, max-video-preview:-1\" \/>\n<link rel=\"canonical\" href=\"https:\/\/skgd.pl\/dzialalnosc-polityczno-spoleczna\/aktywnosc-polityczna\/polsko-niemiecki-okragly-stol-i-jego-ustalenia\/\" \/>\n<meta property=\"og:locale\" content=\"en_US\" \/>\n<meta property=\"og:type\" content=\"article\" \/>\n<meta property=\"og:title\" content=\"(Polski) Polsko\u2013Niemiecki &quot;Okr\u0105g\u0142y St\u00f3\u0142 i jego ustalenia&quot; - The Social-Cultural Society\" \/>\n<meta property=\"og:description\" content=\"Sorry, this entry is only available in Polski and Deutsch.\" \/>\n<meta property=\"og:url\" content=\"https:\/\/skgd.pl\/dzialalnosc-polityczno-spoleczna\/aktywnosc-polityczna\/polsko-niemiecki-okragly-stol-i-jego-ustalenia\/\" \/>\n<meta property=\"og:site_name\" content=\"The Social-Cultural Society\" \/>\n<meta property=\"article:modified_time\" content=\"2025-01-02T15:21:46+00:00\" \/>\n<meta name=\"twitter:card\" content=\"summary_large_image\" \/>\n<meta name=\"twitter:label1\" content=\"Est. reading time\" \/>\n\t<meta name=\"twitter:data1\" content=\"8 minutes\" \/>\n<script type=\"application\/ld+json\" class=\"yoast-schema-graph\">{\"@context\":\"https:\/\/schema.org\",\"@graph\":[{\"@type\":\"WebSite\",\"@id\":\"https:\/\/skgd.pl\/#website\",\"url\":\"https:\/\/skgd.pl\/\",\"name\":\"The Social-Cultural Society\",\"description\":\"The Social-Cultural Society of Germans in Opole Silesia\",\"potentialAction\":[{\"@type\":\"SearchAction\",\"target\":{\"@type\":\"EntryPoint\",\"urlTemplate\":\"https:\/\/skgd.pl\/?s={search_term_string}\"},\"query-input\":\"required name=search_term_string\"}],\"inLanguage\":\"en-US\"},{\"@type\":\"WebPage\",\"@id\":\"https:\/\/skgd.pl\/dzialalnosc-polityczno-spoleczna\/aktywnosc-polityczna\/polsko-niemiecki-okragly-stol-i-jego-ustalenia\/#webpage\",\"url\":\"https:\/\/skgd.pl\/dzialalnosc-polityczno-spoleczna\/aktywnosc-polityczna\/polsko-niemiecki-okragly-stol-i-jego-ustalenia\/\",\"name\":\"(Polski) Polsko\u2013Niemiecki \\\"Okr\u0105g\u0142y St\u00f3\u0142 i jego ustalenia\\\" - The Social-Cultural Society\",\"isPartOf\":{\"@id\":\"https:\/\/skgd.pl\/#website\"},\"datePublished\":\"2016-01-20T12:44:22+00:00\",\"dateModified\":\"2025-01-02T15:21:46+00:00\",\"breadcrumb\":{\"@id\":\"https:\/\/skgd.pl\/dzialalnosc-polityczno-spoleczna\/aktywnosc-polityczna\/polsko-niemiecki-okragly-stol-i-jego-ustalenia\/#breadcrumb\"},\"inLanguage\":\"en-US\",\"potentialAction\":[{\"@type\":\"ReadAction\",\"target\":[\"https:\/\/skgd.pl\/dzialalnosc-polityczno-spoleczna\/aktywnosc-polityczna\/polsko-niemiecki-okragly-stol-i-jego-ustalenia\/\"]}]},{\"@type\":\"BreadcrumbList\",\"@id\":\"https:\/\/skgd.pl\/dzialalnosc-polityczno-spoleczna\/aktywnosc-polityczna\/polsko-niemiecki-okragly-stol-i-jego-ustalenia\/#breadcrumb\",\"itemListElement\":[{\"@type\":\"ListItem\",\"position\":1,\"name\":\"Strona g\u0142\u00f3wna\",\"item\":\"https:\/\/skgd.pl\/\"},{\"@type\":\"ListItem\",\"position\":2,\"name\":\"Gesellschaftliche T\u00e4tigkeit\",\"item\":\"https:\/\/skgd.pl\/de\/dzialalnosc-polityczno-spoleczna\/\"},{\"@type\":\"ListItem\",\"position\":3,\"name\":\"Politische Aktivit\u00e4t\",\"item\":\"https:\/\/skgd.pl\/de\/dzialalnosc-polityczno-spoleczna\/aktywnosc-polityczna\/\"},{\"@type\":\"ListItem\",\"position\":4,\"name\":\"Polsko\u2013Niemiecki &#8220;Okr\u0105g\u0142y St\u00f3\u0142 i jego ustalenia&#8221;\"}]}]}<\/script>\n<!-- \/ Yoast SEO plugin. -->","yoast_head_json":{"title":"(Polski) Polsko\u2013Niemiecki \"Okr\u0105g\u0142y St\u00f3\u0142 i jego ustalenia\" - The Social-Cultural Society","robots":{"index":"index","follow":"follow","max-snippet":"max-snippet:-1","max-image-preview":"max-image-preview:large","max-video-preview":"max-video-preview:-1"},"canonical":"https:\/\/skgd.pl\/dzialalnosc-polityczno-spoleczna\/aktywnosc-polityczna\/polsko-niemiecki-okragly-stol-i-jego-ustalenia\/","og_locale":"en_US","og_type":"article","og_title":"(Polski) Polsko\u2013Niemiecki \"Okr\u0105g\u0142y St\u00f3\u0142 i jego ustalenia\" - The Social-Cultural Society","og_description":"Sorry, this entry is only available in Polski and Deutsch.","og_url":"https:\/\/skgd.pl\/dzialalnosc-polityczno-spoleczna\/aktywnosc-polityczna\/polsko-niemiecki-okragly-stol-i-jego-ustalenia\/","og_site_name":"The Social-Cultural Society","article_modified_time":"2025-01-02T15:21:46+00:00","twitter_card":"summary_large_image","twitter_misc":{"Est. reading time":"8 minutes"},"schema":{"@context":"https:\/\/schema.org","@graph":[{"@type":"WebSite","@id":"https:\/\/skgd.pl\/#website","url":"https:\/\/skgd.pl\/","name":"The Social-Cultural Society","description":"The Social-Cultural Society of Germans in Opole Silesia","potentialAction":[{"@type":"SearchAction","target":{"@type":"EntryPoint","urlTemplate":"https:\/\/skgd.pl\/?s={search_term_string}"},"query-input":"required name=search_term_string"}],"inLanguage":"en-US"},{"@type":"WebPage","@id":"https:\/\/skgd.pl\/dzialalnosc-polityczno-spoleczna\/aktywnosc-polityczna\/polsko-niemiecki-okragly-stol-i-jego-ustalenia\/#webpage","url":"https:\/\/skgd.pl\/dzialalnosc-polityczno-spoleczna\/aktywnosc-polityczna\/polsko-niemiecki-okragly-stol-i-jego-ustalenia\/","name":"(Polski) Polsko\u2013Niemiecki \"Okr\u0105g\u0142y St\u00f3\u0142 i jego ustalenia\" - The Social-Cultural Society","isPartOf":{"@id":"https:\/\/skgd.pl\/#website"},"datePublished":"2016-01-20T12:44:22+00:00","dateModified":"2025-01-02T15:21:46+00:00","breadcrumb":{"@id":"https:\/\/skgd.pl\/dzialalnosc-polityczno-spoleczna\/aktywnosc-polityczna\/polsko-niemiecki-okragly-stol-i-jego-ustalenia\/#breadcrumb"},"inLanguage":"en-US","potentialAction":[{"@type":"ReadAction","target":["https:\/\/skgd.pl\/dzialalnosc-polityczno-spoleczna\/aktywnosc-polityczna\/polsko-niemiecki-okragly-stol-i-jego-ustalenia\/"]}]},{"@type":"BreadcrumbList","@id":"https:\/\/skgd.pl\/dzialalnosc-polityczno-spoleczna\/aktywnosc-polityczna\/polsko-niemiecki-okragly-stol-i-jego-ustalenia\/#breadcrumb","itemListElement":[{"@type":"ListItem","position":1,"name":"Strona g\u0142\u00f3wna","item":"https:\/\/skgd.pl\/"},{"@type":"ListItem","position":2,"name":"Gesellschaftliche T\u00e4tigkeit","item":"https:\/\/skgd.pl\/de\/dzialalnosc-polityczno-spoleczna\/"},{"@type":"ListItem","position":3,"name":"Politische Aktivit\u00e4t","item":"https:\/\/skgd.pl\/de\/dzialalnosc-polityczno-spoleczna\/aktywnosc-polityczna\/"},{"@type":"ListItem","position":4,"name":"Polsko\u2013Niemiecki &#8220;Okr\u0105g\u0142y St\u00f3\u0142 i jego ustalenia&#8221;"}]}]}},"_links":{"self":[{"href":"https:\/\/skgd.pl\/en\/wp-json\/wp\/v2\/pages\/9994","targetHints":{"allow":["GET"]}}],"collection":[{"href":"https:\/\/skgd.pl\/en\/wp-json\/wp\/v2\/pages"}],"about":[{"href":"https:\/\/skgd.pl\/en\/wp-json\/wp\/v2\/types\/page"}],"author":[{"embeddable":true,"href":"https:\/\/skgd.pl\/en\/wp-json\/wp\/v2\/users\/1"}],"replies":[{"embeddable":true,"href":"https:\/\/skgd.pl\/en\/wp-json\/wp\/v2\/comments?post=9994"}],"version-history":[{"count":0,"href":"https:\/\/skgd.pl\/en\/wp-json\/wp\/v2\/pages\/9994\/revisions"}],"up":[{"embeddable":true,"href":"https:\/\/skgd.pl\/en\/wp-json\/wp\/v2\/pages\/9344"}],"wp:attachment":[{"href":"https:\/\/skgd.pl\/en\/wp-json\/wp\/v2\/media?parent=9994"}],"curies":[{"name":"wp","href":"https:\/\/api.w.org\/{rel}","templated":true}]}}