{"id":9985,"date":"2016-01-20T13:36:33","date_gmt":"2016-01-20T12:36:33","guid":{"rendered":"http:\/\/skgd.pl\/?page_id=9985"},"modified":"2021-02-04T11:32:18","modified_gmt":"2021-02-04T10:32:18","slug":"baza-konferansjerow","status":"publish","type":"page","link":"https:\/\/skgd.pl\/en\/dzialalnosc-polityczno-spoleczna\/aktywnosc-spoleczna\/baza-konferansjerow\/","title":{"rendered":"(Polski) Baza konferansjer\u00f3w"},"content":{"rendered":"<p class=\"qtranxs-available-languages-message qtranxs-available-languages-message-en\">Sorry, this entry is only available in <a href=\"https:\/\/skgd.pl\/pl\/wp-json\/wp\/v2\/pages\/9985\" class=\"qtranxs-available-language-link qtranxs-available-language-link-pl\" title=\"Polski\">Polski<\/a> and <a href=\"https:\/\/skgd.pl\/de\/wp-json\/wp\/v2\/pages\/9985\" class=\"qtranxs-available-language-link qtranxs-available-language-link-de\" title=\"Deutsch\">Deutsch<\/a>.<\/p>","protected":false},"excerpt":{"rendered":"<p>Sorry, this entry is only available in Polski and Deutsch.<\/p>\n","protected":false},"author":1,"featured_media":0,"parent":9353,"menu_order":43,"comment_status":"closed","ping_status":"closed","template":"","meta":{"footnotes":""},"class_list":["post-9985","page","type-page","status-publish","hentry"],"yoast_head":"<!-- This site is optimized with the Yoast SEO plugin v18.9 - https:\/\/yoast.com\/wordpress\/plugins\/seo\/ -->\n<title>(Polski) Baza konferansjer\u00f3w - The Social-Cultural Society<\/title>\n<meta name=\"robots\" content=\"index, follow, max-snippet:-1, max-image-preview:large, max-video-preview:-1\" \/>\n<link rel=\"canonical\" href=\"https:\/\/skgd.pl\/dzialalnosc-polityczno-spoleczna\/aktywnosc-spoleczna\/baza-konferansjerow\/\" \/>\n<meta property=\"og:locale\" content=\"en_US\" \/>\n<meta property=\"og:type\" content=\"article\" \/>\n<meta property=\"og:title\" content=\"(Polski) Baza konferansjer\u00f3w - The Social-Cultural Society\" \/>\n<meta property=\"og:description\" content=\"Sorry, this entry is only available in Polski and Deutsch.\" \/>\n<meta property=\"og:url\" content=\"https:\/\/skgd.pl\/dzialalnosc-polityczno-spoleczna\/aktywnosc-spoleczna\/baza-konferansjerow\/\" \/>\n<meta property=\"og:site_name\" content=\"The Social-Cultural Society\" \/>\n<meta property=\"article:modified_time\" content=\"2021-02-04T10:32:18+00:00\" \/>\n<meta property=\"og:image\" content=\"https:\/\/skgd.pl\/wp-content\/uploads\/2018\/08\/DSC054321-200x300.jpg\" \/>\n<meta name=\"twitter:card\" content=\"summary_large_image\" \/>\n<meta name=\"twitter:label1\" content=\"Est. reading time\" \/>\n\t<meta name=\"twitter:data1\" content=\"5 minutes\" \/>\n<script type=\"application\/ld+json\" class=\"yoast-schema-graph\">{\"@context\":\"https:\/\/schema.org\",\"@graph\":[{\"@type\":\"WebSite\",\"@id\":\"https:\/\/skgd.pl\/#website\",\"url\":\"https:\/\/skgd.pl\/\",\"name\":\"The Social-Cultural Society\",\"description\":\"The Social-Cultural Society of Germans in Opole Silesia\",\"potentialAction\":[{\"@type\":\"SearchAction\",\"target\":{\"@type\":\"EntryPoint\",\"urlTemplate\":\"https:\/\/skgd.pl\/?s={search_term_string}\"},\"query-input\":\"required name=search_term_string\"}],\"inLanguage\":\"en-US\"},{\"@type\":\"ImageObject\",\"inLanguage\":\"en-US\",\"@id\":\"https:\/\/skgd.pl\/dzialalnosc-polityczno-spoleczna\/aktywnosc-spoleczna\/baza-konferansjerow\/#primaryimage\",\"url\":\"https:\/\/skgd.pl\/wp-content\/uploads\/2018\/08\/DSC054321-200x300.jpg\",\"contentUrl\":\"https:\/\/skgd.pl\/wp-content\/uploads\/2018\/08\/DSC054321-200x300.jpg\"},{\"@type\":\"WebPage\",\"@id\":\"https:\/\/skgd.pl\/dzialalnosc-polityczno-spoleczna\/aktywnosc-spoleczna\/baza-konferansjerow\/#webpage\",\"url\":\"https:\/\/skgd.pl\/dzialalnosc-polityczno-spoleczna\/aktywnosc-spoleczna\/baza-konferansjerow\/\",\"name\":\"(Polski) Baza konferansjer\u00f3w - The Social-Cultural Society\",\"isPartOf\":{\"@id\":\"https:\/\/skgd.pl\/#website\"},\"primaryImageOfPage\":{\"@id\":\"https:\/\/skgd.pl\/dzialalnosc-polityczno-spoleczna\/aktywnosc-spoleczna\/baza-konferansjerow\/#primaryimage\"},\"datePublished\":\"2016-01-20T12:36:33+00:00\",\"dateModified\":\"2021-02-04T10:32:18+00:00\",\"breadcrumb\":{\"@id\":\"https:\/\/skgd.pl\/dzialalnosc-polityczno-spoleczna\/aktywnosc-spoleczna\/baza-konferansjerow\/#breadcrumb\"},\"inLanguage\":\"en-US\",\"potentialAction\":[{\"@type\":\"ReadAction\",\"target\":[\"https:\/\/skgd.pl\/dzialalnosc-polityczno-spoleczna\/aktywnosc-spoleczna\/baza-konferansjerow\/\"]}]},{\"@type\":\"BreadcrumbList\",\"@id\":\"https:\/\/skgd.pl\/dzialalnosc-polityczno-spoleczna\/aktywnosc-spoleczna\/baza-konferansjerow\/#breadcrumb\",\"itemListElement\":[{\"@type\":\"ListItem\",\"position\":1,\"name\":\"Strona g\u0142\u00f3wna\",\"item\":\"https:\/\/skgd.pl\/\"},{\"@type\":\"ListItem\",\"position\":2,\"name\":\"Gesellschaftliche T\u00e4tigkeit\",\"item\":\"https:\/\/skgd.pl\/de\/dzialalnosc-polityczno-spoleczna\/\"},{\"@type\":\"ListItem\",\"position\":3,\"name\":\"Aktywno\u015b\u0107 spo\u0142eczna\",\"item\":\"https:\/\/skgd.pl\/dzialalnosc-polityczno-spoleczna\/aktywnosc-spoleczna\/\"},{\"@type\":\"ListItem\",\"position\":4,\"name\":\"Baza konferansjer\u00f3w\"}]}]}<\/script>\n<!-- \/ Yoast SEO plugin. -->","yoast_head_json":{"title":"(Polski) Baza konferansjer\u00f3w - The Social-Cultural Society","robots":{"index":"index","follow":"follow","max-snippet":"max-snippet:-1","max-image-preview":"max-image-preview:large","max-video-preview":"max-video-preview:-1"},"canonical":"https:\/\/skgd.pl\/dzialalnosc-polityczno-spoleczna\/aktywnosc-spoleczna\/baza-konferansjerow\/","og_locale":"en_US","og_type":"article","og_title":"(Polski) Baza konferansjer\u00f3w - The Social-Cultural Society","og_description":"Sorry, this entry is only available in Polski and Deutsch.","og_url":"https:\/\/skgd.pl\/dzialalnosc-polityczno-spoleczna\/aktywnosc-spoleczna\/baza-konferansjerow\/","og_site_name":"The Social-Cultural Society","article_modified_time":"2021-02-04T10:32:18+00:00","og_image":[{"url":"https:\/\/skgd.pl\/wp-content\/uploads\/2018\/08\/DSC054321-200x300.jpg"}],"twitter_card":"summary_large_image","twitter_misc":{"Est. reading time":"5 minutes"},"schema":{"@context":"https:\/\/schema.org","@graph":[{"@type":"WebSite","@id":"https:\/\/skgd.pl\/#website","url":"https:\/\/skgd.pl\/","name":"The Social-Cultural Society","description":"The Social-Cultural Society of Germans in Opole Silesia","potentialAction":[{"@type":"SearchAction","target":{"@type":"EntryPoint","urlTemplate":"https:\/\/skgd.pl\/?s={search_term_string}"},"query-input":"required name=search_term_string"}],"inLanguage":"en-US"},{"@type":"ImageObject","inLanguage":"en-US","@id":"https:\/\/skgd.pl\/dzialalnosc-polityczno-spoleczna\/aktywnosc-spoleczna\/baza-konferansjerow\/#primaryimage","url":"https:\/\/skgd.pl\/wp-content\/uploads\/2018\/08\/DSC054321-200x300.jpg","contentUrl":"https:\/\/skgd.pl\/wp-content\/uploads\/2018\/08\/DSC054321-200x300.jpg"},{"@type":"WebPage","@id":"https:\/\/skgd.pl\/dzialalnosc-polityczno-spoleczna\/aktywnosc-spoleczna\/baza-konferansjerow\/#webpage","url":"https:\/\/skgd.pl\/dzialalnosc-polityczno-spoleczna\/aktywnosc-spoleczna\/baza-konferansjerow\/","name":"(Polski) Baza konferansjer\u00f3w - The Social-Cultural Society","isPartOf":{"@id":"https:\/\/skgd.pl\/#website"},"primaryImageOfPage":{"@id":"https:\/\/skgd.pl\/dzialalnosc-polityczno-spoleczna\/aktywnosc-spoleczna\/baza-konferansjerow\/#primaryimage"},"datePublished":"2016-01-20T12:36:33+00:00","dateModified":"2021-02-04T10:32:18+00:00","breadcrumb":{"@id":"https:\/\/skgd.pl\/dzialalnosc-polityczno-spoleczna\/aktywnosc-spoleczna\/baza-konferansjerow\/#breadcrumb"},"inLanguage":"en-US","potentialAction":[{"@type":"ReadAction","target":["https:\/\/skgd.pl\/dzialalnosc-polityczno-spoleczna\/aktywnosc-spoleczna\/baza-konferansjerow\/"]}]},{"@type":"BreadcrumbList","@id":"https:\/\/skgd.pl\/dzialalnosc-polityczno-spoleczna\/aktywnosc-spoleczna\/baza-konferansjerow\/#breadcrumb","itemListElement":[{"@type":"ListItem","position":1,"name":"Strona g\u0142\u00f3wna","item":"https:\/\/skgd.pl\/"},{"@type":"ListItem","position":2,"name":"Gesellschaftliche T\u00e4tigkeit","item":"https:\/\/skgd.pl\/de\/dzialalnosc-polityczno-spoleczna\/"},{"@type":"ListItem","position":3,"name":"Aktywno\u015b\u0107 spo\u0142eczna","item":"https:\/\/skgd.pl\/dzialalnosc-polityczno-spoleczna\/aktywnosc-spoleczna\/"},{"@type":"ListItem","position":4,"name":"Baza konferansjer\u00f3w"}]}]}},"_links":{"self":[{"href":"https:\/\/skgd.pl\/en\/wp-json\/wp\/v2\/pages\/9985","targetHints":{"allow":["GET"]}}],"collection":[{"href":"https:\/\/skgd.pl\/en\/wp-json\/wp\/v2\/pages"}],"about":[{"href":"https:\/\/skgd.pl\/en\/wp-json\/wp\/v2\/types\/page"}],"author":[{"embeddable":true,"href":"https:\/\/skgd.pl\/en\/wp-json\/wp\/v2\/users\/1"}],"replies":[{"embeddable":true,"href":"https:\/\/skgd.pl\/en\/wp-json\/wp\/v2\/comments?post=9985"}],"version-history":[{"count":0,"href":"https:\/\/skgd.pl\/en\/wp-json\/wp\/v2\/pages\/9985\/revisions"}],"up":[{"embeddable":true,"href":"https:\/\/skgd.pl\/en\/wp-json\/wp\/v2\/pages\/9353"}],"wp:attachment":[{"href":"https:\/\/skgd.pl\/en\/wp-json\/wp\/v2\/media?parent=9985"}],"curies":[{"name":"wp","href":"https:\/\/api.w.org\/{rel}","templated":true}]}}