{"id":28470,"date":"2022-02-14T20:27:47","date_gmt":"2022-02-14T19:27:47","guid":{"rendered":"https:\/\/skgd.pl\/?page_id=28470"},"modified":"2022-02-15T08:54:05","modified_gmt":"2022-02-15T07:54:05","slug":"oppeln-und-oberschlesien-aus-britischer-sicht-1920-1922","status":"publish","type":"page","link":"https:\/\/skgd.pl\/en\/dzialalnosc-kulturalno-oswiatowa\/projekty-kulturalne-tskn\/oppeln-und-oberschlesien-aus-britischer-sicht-1920-1922\/","title":{"rendered":"(Polski) Opole i G\u00f3rny \u015al\u0105sk oczami brytyjskimi 1920-1922"},"content":{"rendered":"<p class=\"qtranxs-available-languages-message qtranxs-available-languages-message-en\">Sorry, this entry is only available in <a href=\"https:\/\/skgd.pl\/pl\/wp-json\/wp\/v2\/pages\/28470\" class=\"qtranxs-available-language-link qtranxs-available-language-link-pl\" title=\"Polski\">Polski<\/a> and <a href=\"https:\/\/skgd.pl\/de\/wp-json\/wp\/v2\/pages\/28470\" class=\"qtranxs-available-language-link qtranxs-available-language-link-de\" title=\"Deutsch\">Deutsch<\/a>.<\/p>","protected":false},"excerpt":{"rendered":"<p>Sorry, this entry is only available in Polski and Deutsch.<\/p>\n","protected":false},"author":1,"featured_media":0,"parent":9333,"menu_order":0,"comment_status":"closed","ping_status":"closed","template":"","meta":{"footnotes":""},"class_list":["post-28470","page","type-page","status-publish","hentry"],"yoast_head":"<!-- This site is optimized with the Yoast SEO plugin v18.9 - https:\/\/yoast.com\/wordpress\/plugins\/seo\/ -->\n<title>(Polski) Opole i G\u00f3rny \u015al\u0105sk oczami brytyjskimi 1920-1922 - The Social-Cultural Society<\/title>\n<meta name=\"robots\" content=\"index, follow, max-snippet:-1, max-image-preview:large, max-video-preview:-1\" \/>\n<link rel=\"canonical\" href=\"https:\/\/skgd.pl\/en\/dzialalnosc-kulturalno-oswiatowa\/projekty-kulturalne-tskn\/oppeln-und-oberschlesien-aus-britischer-sicht-1920-1922\/\" \/>\n<meta property=\"og:locale\" content=\"en_US\" \/>\n<meta property=\"og:type\" content=\"article\" \/>\n<meta property=\"og:title\" content=\"(Polski) Opole i G\u00f3rny \u015al\u0105sk oczami brytyjskimi 1920-1922 - The Social-Cultural Society\" \/>\n<meta property=\"og:description\" content=\"Sorry, this entry is only available in Polski and Deutsch.\" \/>\n<meta property=\"og:url\" content=\"https:\/\/skgd.pl\/en\/dzialalnosc-kulturalno-oswiatowa\/projekty-kulturalne-tskn\/oppeln-und-oberschlesien-aus-britischer-sicht-1920-1922\/\" \/>\n<meta property=\"og:site_name\" content=\"The Social-Cultural Society\" \/>\n<meta property=\"article:modified_time\" content=\"2022-02-15T07:54:05+00:00\" \/>\n<meta property=\"og:image\" content=\"https:\/\/skgd.pl\/wp-content\/uploads\/2022\/02\/opole-logo-300x300.png\" \/>\n<meta name=\"twitter:card\" content=\"summary_large_image\" \/>\n<meta name=\"twitter:label1\" content=\"Est. reading time\" \/>\n\t<meta name=\"twitter:data1\" content=\"4 minutes\" \/>\n<script type=\"application\/ld+json\" class=\"yoast-schema-graph\">{\"@context\":\"https:\/\/schema.org\",\"@graph\":[{\"@type\":\"WebSite\",\"@id\":\"https:\/\/skgd.pl\/#website\",\"url\":\"https:\/\/skgd.pl\/\",\"name\":\"The Social-Cultural Society\",\"description\":\"The Social-Cultural Society of Germans in Opole Silesia\",\"potentialAction\":[{\"@type\":\"SearchAction\",\"target\":{\"@type\":\"EntryPoint\",\"urlTemplate\":\"https:\/\/skgd.pl\/?s={search_term_string}\"},\"query-input\":\"required name=search_term_string\"}],\"inLanguage\":\"en-US\"},{\"@type\":\"ImageObject\",\"inLanguage\":\"en-US\",\"@id\":\"https:\/\/skgd.pl\/en\/dzialalnosc-kulturalno-oswiatowa\/projekty-kulturalne-tskn\/oppeln-und-oberschlesien-aus-britischer-sicht-1920-1922\/#primaryimage\",\"url\":\"https:\/\/skgd.pl\/wp-content\/uploads\/2022\/02\/opole-logo.png\",\"contentUrl\":\"https:\/\/skgd.pl\/wp-content\/uploads\/2022\/02\/opole-logo.png\",\"width\":2400,\"height\":2400},{\"@type\":\"WebPage\",\"@id\":\"https:\/\/skgd.pl\/en\/dzialalnosc-kulturalno-oswiatowa\/projekty-kulturalne-tskn\/oppeln-und-oberschlesien-aus-britischer-sicht-1920-1922\/#webpage\",\"url\":\"https:\/\/skgd.pl\/en\/dzialalnosc-kulturalno-oswiatowa\/projekty-kulturalne-tskn\/oppeln-und-oberschlesien-aus-britischer-sicht-1920-1922\/\",\"name\":\"(Polski) Opole i G\u00f3rny \u015al\u0105sk oczami brytyjskimi 1920-1922 - The Social-Cultural Society\",\"isPartOf\":{\"@id\":\"https:\/\/skgd.pl\/#website\"},\"primaryImageOfPage\":{\"@id\":\"https:\/\/skgd.pl\/en\/dzialalnosc-kulturalno-oswiatowa\/projekty-kulturalne-tskn\/oppeln-und-oberschlesien-aus-britischer-sicht-1920-1922\/#primaryimage\"},\"datePublished\":\"2022-02-14T19:27:47+00:00\",\"dateModified\":\"2022-02-15T07:54:05+00:00\",\"breadcrumb\":{\"@id\":\"https:\/\/skgd.pl\/en\/dzialalnosc-kulturalno-oswiatowa\/projekty-kulturalne-tskn\/oppeln-und-oberschlesien-aus-britischer-sicht-1920-1922\/#breadcrumb\"},\"inLanguage\":\"en-US\",\"potentialAction\":[{\"@type\":\"ReadAction\",\"target\":[\"https:\/\/skgd.pl\/en\/dzialalnosc-kulturalno-oswiatowa\/projekty-kulturalne-tskn\/oppeln-und-oberschlesien-aus-britischer-sicht-1920-1922\/\"]}]},{\"@type\":\"BreadcrumbList\",\"@id\":\"https:\/\/skgd.pl\/en\/dzialalnosc-kulturalno-oswiatowa\/projekty-kulturalne-tskn\/oppeln-und-oberschlesien-aus-britischer-sicht-1920-1922\/#breadcrumb\",\"itemListElement\":[{\"@type\":\"ListItem\",\"position\":1,\"name\":\"Strona g\u0142\u00f3wna\",\"item\":\"https:\/\/skgd.pl\/\"},{\"@type\":\"ListItem\",\"position\":2,\"name\":\"Dzia\u0142alno\u015b\u0107 kulturalno &#8211; o\u015bwiatowa\",\"item\":\"https:\/\/skgd.pl\/dzialalnosc-kulturalno-oswiatowa\/\"},{\"@type\":\"ListItem\",\"position\":3,\"name\":\"Projekty Kulturalne TSKN\",\"item\":\"https:\/\/skgd.pl\/dzialalnosc-kulturalno-oswiatowa\/projekty-kulturalne-tskn\/\"},{\"@type\":\"ListItem\",\"position\":4,\"name\":\"(Polski) Opole i G\u00f3rny \u015al\u0105sk oczami brytyjskimi 1920-1922\"}]}]}<\/script>\n<!-- \/ Yoast SEO plugin. -->","yoast_head_json":{"title":"(Polski) Opole i G\u00f3rny \u015al\u0105sk oczami brytyjskimi 1920-1922 - The Social-Cultural Society","robots":{"index":"index","follow":"follow","max-snippet":"max-snippet:-1","max-image-preview":"max-image-preview:large","max-video-preview":"max-video-preview:-1"},"canonical":"https:\/\/skgd.pl\/en\/dzialalnosc-kulturalno-oswiatowa\/projekty-kulturalne-tskn\/oppeln-und-oberschlesien-aus-britischer-sicht-1920-1922\/","og_locale":"en_US","og_type":"article","og_title":"(Polski) Opole i G\u00f3rny \u015al\u0105sk oczami brytyjskimi 1920-1922 - The Social-Cultural Society","og_description":"Sorry, this entry is only available in Polski and Deutsch.","og_url":"https:\/\/skgd.pl\/en\/dzialalnosc-kulturalno-oswiatowa\/projekty-kulturalne-tskn\/oppeln-und-oberschlesien-aus-britischer-sicht-1920-1922\/","og_site_name":"The Social-Cultural Society","article_modified_time":"2022-02-15T07:54:05+00:00","og_image":[{"url":"https:\/\/skgd.pl\/wp-content\/uploads\/2022\/02\/opole-logo-300x300.png"}],"twitter_card":"summary_large_image","twitter_misc":{"Est. reading time":"4 minutes"},"schema":{"@context":"https:\/\/schema.org","@graph":[{"@type":"WebSite","@id":"https:\/\/skgd.pl\/#website","url":"https:\/\/skgd.pl\/","name":"The Social-Cultural Society","description":"The Social-Cultural Society of Germans in Opole Silesia","potentialAction":[{"@type":"SearchAction","target":{"@type":"EntryPoint","urlTemplate":"https:\/\/skgd.pl\/?s={search_term_string}"},"query-input":"required name=search_term_string"}],"inLanguage":"en-US"},{"@type":"ImageObject","inLanguage":"en-US","@id":"https:\/\/skgd.pl\/en\/dzialalnosc-kulturalno-oswiatowa\/projekty-kulturalne-tskn\/oppeln-und-oberschlesien-aus-britischer-sicht-1920-1922\/#primaryimage","url":"https:\/\/skgd.pl\/wp-content\/uploads\/2022\/02\/opole-logo.png","contentUrl":"https:\/\/skgd.pl\/wp-content\/uploads\/2022\/02\/opole-logo.png","width":2400,"height":2400},{"@type":"WebPage","@id":"https:\/\/skgd.pl\/en\/dzialalnosc-kulturalno-oswiatowa\/projekty-kulturalne-tskn\/oppeln-und-oberschlesien-aus-britischer-sicht-1920-1922\/#webpage","url":"https:\/\/skgd.pl\/en\/dzialalnosc-kulturalno-oswiatowa\/projekty-kulturalne-tskn\/oppeln-und-oberschlesien-aus-britischer-sicht-1920-1922\/","name":"(Polski) Opole i G\u00f3rny \u015al\u0105sk oczami brytyjskimi 1920-1922 - The Social-Cultural Society","isPartOf":{"@id":"https:\/\/skgd.pl\/#website"},"primaryImageOfPage":{"@id":"https:\/\/skgd.pl\/en\/dzialalnosc-kulturalno-oswiatowa\/projekty-kulturalne-tskn\/oppeln-und-oberschlesien-aus-britischer-sicht-1920-1922\/#primaryimage"},"datePublished":"2022-02-14T19:27:47+00:00","dateModified":"2022-02-15T07:54:05+00:00","breadcrumb":{"@id":"https:\/\/skgd.pl\/en\/dzialalnosc-kulturalno-oswiatowa\/projekty-kulturalne-tskn\/oppeln-und-oberschlesien-aus-britischer-sicht-1920-1922\/#breadcrumb"},"inLanguage":"en-US","potentialAction":[{"@type":"ReadAction","target":["https:\/\/skgd.pl\/en\/dzialalnosc-kulturalno-oswiatowa\/projekty-kulturalne-tskn\/oppeln-und-oberschlesien-aus-britischer-sicht-1920-1922\/"]}]},{"@type":"BreadcrumbList","@id":"https:\/\/skgd.pl\/en\/dzialalnosc-kulturalno-oswiatowa\/projekty-kulturalne-tskn\/oppeln-und-oberschlesien-aus-britischer-sicht-1920-1922\/#breadcrumb","itemListElement":[{"@type":"ListItem","position":1,"name":"Strona g\u0142\u00f3wna","item":"https:\/\/skgd.pl\/"},{"@type":"ListItem","position":2,"name":"Dzia\u0142alno\u015b\u0107 kulturalno &#8211; o\u015bwiatowa","item":"https:\/\/skgd.pl\/dzialalnosc-kulturalno-oswiatowa\/"},{"@type":"ListItem","position":3,"name":"Projekty Kulturalne TSKN","item":"https:\/\/skgd.pl\/dzialalnosc-kulturalno-oswiatowa\/projekty-kulturalne-tskn\/"},{"@type":"ListItem","position":4,"name":"(Polski) Opole i G\u00f3rny \u015al\u0105sk oczami brytyjskimi 1920-1922"}]}]}},"_links":{"self":[{"href":"https:\/\/skgd.pl\/en\/wp-json\/wp\/v2\/pages\/28470","targetHints":{"allow":["GET"]}}],"collection":[{"href":"https:\/\/skgd.pl\/en\/wp-json\/wp\/v2\/pages"}],"about":[{"href":"https:\/\/skgd.pl\/en\/wp-json\/wp\/v2\/types\/page"}],"author":[{"embeddable":true,"href":"https:\/\/skgd.pl\/en\/wp-json\/wp\/v2\/users\/1"}],"replies":[{"embeddable":true,"href":"https:\/\/skgd.pl\/en\/wp-json\/wp\/v2\/comments?post=28470"}],"version-history":[{"count":0,"href":"https:\/\/skgd.pl\/en\/wp-json\/wp\/v2\/pages\/28470\/revisions"}],"up":[{"embeddable":true,"href":"https:\/\/skgd.pl\/en\/wp-json\/wp\/v2\/pages\/9333"}],"wp:attachment":[{"href":"https:\/\/skgd.pl\/en\/wp-json\/wp\/v2\/media?parent=28470"}],"curies":[{"name":"wp","href":"https:\/\/api.w.org\/{rel}","templated":true}]}}