{"id":11210,"date":"2016-02-16T18:42:24","date_gmt":"2016-02-16T17:42:24","guid":{"rendered":"http:\/\/skgd.pl\/?page_id=11210"},"modified":"2025-06-23T21:14:32","modified_gmt":"2025-06-23T19:14:32","slug":"dofinansowanie","status":"publish","type":"page","link":"https:\/\/skgd.pl\/en\/dzialalnosc-kulturalno-oswiatowa\/zespoly-artystyczne-tskn\/dofinansowanie\/","title":{"rendered":"(Polski) DOFINANSOWANIE ZESPO\u0141\u00d3W ARTYSTYCZNYCH TSKN NA ROK 2026"},"content":{"rendered":"<p class=\"qtranxs-available-languages-message qtranxs-available-languages-message-en\">Sorry, this entry is only available in <a href=\"https:\/\/skgd.pl\/pl\/wp-json\/wp\/v2\/pages\/11210\" class=\"qtranxs-available-language-link qtranxs-available-language-link-pl\" title=\"Polski\">Polski<\/a> and <a href=\"https:\/\/skgd.pl\/de\/wp-json\/wp\/v2\/pages\/11210\" class=\"qtranxs-available-language-link qtranxs-available-language-link-de\" title=\"Deutsch\">Deutsch<\/a>.<\/p>","protected":false},"excerpt":{"rendered":"<p>Sorry, this entry is only available in Polski and Deutsch.<\/p>\n","protected":false},"author":1,"featured_media":0,"parent":9335,"menu_order":15,"comment_status":"closed","ping_status":"closed","template":"","meta":{"footnotes":""},"class_list":["post-11210","page","type-page","status-publish","hentry"],"yoast_head":"<!-- This site is optimized with the Yoast SEO plugin v18.9 - https:\/\/yoast.com\/wordpress\/plugins\/seo\/ -->\n<title>(Polski) DOFINANSOWANIE ZESPO\u0141\u00d3W ARTYSTYCZNYCH TSKN NA ROK 2026 - The Social-Cultural Society<\/title>\n<meta name=\"robots\" content=\"index, follow, max-snippet:-1, max-image-preview:large, max-video-preview:-1\" \/>\n<link rel=\"canonical\" href=\"https:\/\/skgd.pl\/dzialalnosc-kulturalno-oswiatowa\/zespoly-artystyczne-tskn\/dofinansowanie\/\" \/>\n<meta property=\"og:locale\" content=\"en_US\" \/>\n<meta property=\"og:type\" content=\"article\" \/>\n<meta property=\"og:title\" content=\"(Polski) DOFINANSOWANIE ZESPO\u0141\u00d3W ARTYSTYCZNYCH TSKN NA ROK 2026 - The Social-Cultural Society\" \/>\n<meta property=\"og:description\" content=\"Sorry, this entry is only available in Polski and Deutsch.\" \/>\n<meta property=\"og:url\" content=\"https:\/\/skgd.pl\/dzialalnosc-kulturalno-oswiatowa\/zespoly-artystyczne-tskn\/dofinansowanie\/\" \/>\n<meta property=\"og:site_name\" content=\"The Social-Cultural Society\" \/>\n<meta property=\"article:modified_time\" content=\"2025-06-23T19:14:32+00:00\" \/>\n<meta property=\"og:image\" content=\"https:\/\/skgd.pl\/wp-content\/uploads\/2016\/01\/4-MSWiA-1.png\" \/>\n<meta name=\"twitter:card\" content=\"summary_large_image\" \/>\n<meta name=\"twitter:label1\" content=\"Est. reading time\" \/>\n\t<meta name=\"twitter:data1\" content=\"4 minutes\" \/>\n<script type=\"application\/ld+json\" class=\"yoast-schema-graph\">{\"@context\":\"https:\/\/schema.org\",\"@graph\":[{\"@type\":\"WebSite\",\"@id\":\"https:\/\/skgd.pl\/#website\",\"url\":\"https:\/\/skgd.pl\/\",\"name\":\"The Social-Cultural Society\",\"description\":\"The Social-Cultural Society of Germans in Opole Silesia\",\"potentialAction\":[{\"@type\":\"SearchAction\",\"target\":{\"@type\":\"EntryPoint\",\"urlTemplate\":\"https:\/\/skgd.pl\/?s={search_term_string}\"},\"query-input\":\"required name=search_term_string\"}],\"inLanguage\":\"en-US\"},{\"@type\":\"ImageObject\",\"inLanguage\":\"en-US\",\"@id\":\"https:\/\/skgd.pl\/dzialalnosc-kulturalno-oswiatowa\/zespoly-artystyczne-tskn\/dofinansowanie\/#primaryimage\",\"url\":\"https:\/\/skgd.pl\/wp-content\/uploads\/2016\/01\/4-MSWiA-1.png\",\"contentUrl\":\"https:\/\/skgd.pl\/wp-content\/uploads\/2016\/01\/4-MSWiA-1.png\",\"width\":217,\"height\":120},{\"@type\":\"WebPage\",\"@id\":\"https:\/\/skgd.pl\/dzialalnosc-kulturalno-oswiatowa\/zespoly-artystyczne-tskn\/dofinansowanie\/#webpage\",\"url\":\"https:\/\/skgd.pl\/dzialalnosc-kulturalno-oswiatowa\/zespoly-artystyczne-tskn\/dofinansowanie\/\",\"name\":\"(Polski) DOFINANSOWANIE ZESPO\u0141\u00d3W ARTYSTYCZNYCH TSKN NA ROK 2026 - The Social-Cultural Society\",\"isPartOf\":{\"@id\":\"https:\/\/skgd.pl\/#website\"},\"primaryImageOfPage\":{\"@id\":\"https:\/\/skgd.pl\/dzialalnosc-kulturalno-oswiatowa\/zespoly-artystyczne-tskn\/dofinansowanie\/#primaryimage\"},\"datePublished\":\"2016-02-16T17:42:24+00:00\",\"dateModified\":\"2025-06-23T19:14:32+00:00\",\"breadcrumb\":{\"@id\":\"https:\/\/skgd.pl\/dzialalnosc-kulturalno-oswiatowa\/zespoly-artystyczne-tskn\/dofinansowanie\/#breadcrumb\"},\"inLanguage\":\"en-US\",\"potentialAction\":[{\"@type\":\"ReadAction\",\"target\":[\"https:\/\/skgd.pl\/dzialalnosc-kulturalno-oswiatowa\/zespoly-artystyczne-tskn\/dofinansowanie\/\"]}]},{\"@type\":\"BreadcrumbList\",\"@id\":\"https:\/\/skgd.pl\/dzialalnosc-kulturalno-oswiatowa\/zespoly-artystyczne-tskn\/dofinansowanie\/#breadcrumb\",\"itemListElement\":[{\"@type\":\"ListItem\",\"position\":1,\"name\":\"Strona g\u0142\u00f3wna\",\"item\":\"https:\/\/skgd.pl\/\"},{\"@type\":\"ListItem\",\"position\":2,\"name\":\"Dzia\u0142alno\u015b\u0107 kulturalno &#8211; o\u015bwiatowa\",\"item\":\"https:\/\/skgd.pl\/dzialalnosc-kulturalno-oswiatowa\/\"},{\"@type\":\"ListItem\",\"position\":3,\"name\":\"Zespo\u0142y artystyczne TSKN\",\"item\":\"https:\/\/skgd.pl\/dzialalnosc-kulturalno-oswiatowa\/zespoly-artystyczne-tskn\/\"},{\"@type\":\"ListItem\",\"position\":4,\"name\":\"DOFINANSOWANIE ZESPO\u0141\u00d3W ARTYSTYCZNYCH TSKN NA ROK 2026\"}]}]}<\/script>\n<!-- \/ Yoast SEO plugin. -->","yoast_head_json":{"title":"(Polski) DOFINANSOWANIE ZESPO\u0141\u00d3W ARTYSTYCZNYCH TSKN NA ROK 2026 - The Social-Cultural Society","robots":{"index":"index","follow":"follow","max-snippet":"max-snippet:-1","max-image-preview":"max-image-preview:large","max-video-preview":"max-video-preview:-1"},"canonical":"https:\/\/skgd.pl\/dzialalnosc-kulturalno-oswiatowa\/zespoly-artystyczne-tskn\/dofinansowanie\/","og_locale":"en_US","og_type":"article","og_title":"(Polski) DOFINANSOWANIE ZESPO\u0141\u00d3W ARTYSTYCZNYCH TSKN NA ROK 2026 - The Social-Cultural Society","og_description":"Sorry, this entry is only available in Polski and Deutsch.","og_url":"https:\/\/skgd.pl\/dzialalnosc-kulturalno-oswiatowa\/zespoly-artystyczne-tskn\/dofinansowanie\/","og_site_name":"The Social-Cultural Society","article_modified_time":"2025-06-23T19:14:32+00:00","og_image":[{"url":"https:\/\/skgd.pl\/wp-content\/uploads\/2016\/01\/4-MSWiA-1.png"}],"twitter_card":"summary_large_image","twitter_misc":{"Est. reading time":"4 minutes"},"schema":{"@context":"https:\/\/schema.org","@graph":[{"@type":"WebSite","@id":"https:\/\/skgd.pl\/#website","url":"https:\/\/skgd.pl\/","name":"The Social-Cultural Society","description":"The Social-Cultural Society of Germans in Opole Silesia","potentialAction":[{"@type":"SearchAction","target":{"@type":"EntryPoint","urlTemplate":"https:\/\/skgd.pl\/?s={search_term_string}"},"query-input":"required name=search_term_string"}],"inLanguage":"en-US"},{"@type":"ImageObject","inLanguage":"en-US","@id":"https:\/\/skgd.pl\/dzialalnosc-kulturalno-oswiatowa\/zespoly-artystyczne-tskn\/dofinansowanie\/#primaryimage","url":"https:\/\/skgd.pl\/wp-content\/uploads\/2016\/01\/4-MSWiA-1.png","contentUrl":"https:\/\/skgd.pl\/wp-content\/uploads\/2016\/01\/4-MSWiA-1.png","width":217,"height":120},{"@type":"WebPage","@id":"https:\/\/skgd.pl\/dzialalnosc-kulturalno-oswiatowa\/zespoly-artystyczne-tskn\/dofinansowanie\/#webpage","url":"https:\/\/skgd.pl\/dzialalnosc-kulturalno-oswiatowa\/zespoly-artystyczne-tskn\/dofinansowanie\/","name":"(Polski) DOFINANSOWANIE ZESPO\u0141\u00d3W ARTYSTYCZNYCH TSKN NA ROK 2026 - The Social-Cultural Society","isPartOf":{"@id":"https:\/\/skgd.pl\/#website"},"primaryImageOfPage":{"@id":"https:\/\/skgd.pl\/dzialalnosc-kulturalno-oswiatowa\/zespoly-artystyczne-tskn\/dofinansowanie\/#primaryimage"},"datePublished":"2016-02-16T17:42:24+00:00","dateModified":"2025-06-23T19:14:32+00:00","breadcrumb":{"@id":"https:\/\/skgd.pl\/dzialalnosc-kulturalno-oswiatowa\/zespoly-artystyczne-tskn\/dofinansowanie\/#breadcrumb"},"inLanguage":"en-US","potentialAction":[{"@type":"ReadAction","target":["https:\/\/skgd.pl\/dzialalnosc-kulturalno-oswiatowa\/zespoly-artystyczne-tskn\/dofinansowanie\/"]}]},{"@type":"BreadcrumbList","@id":"https:\/\/skgd.pl\/dzialalnosc-kulturalno-oswiatowa\/zespoly-artystyczne-tskn\/dofinansowanie\/#breadcrumb","itemListElement":[{"@type":"ListItem","position":1,"name":"Strona g\u0142\u00f3wna","item":"https:\/\/skgd.pl\/"},{"@type":"ListItem","position":2,"name":"Dzia\u0142alno\u015b\u0107 kulturalno &#8211; o\u015bwiatowa","item":"https:\/\/skgd.pl\/dzialalnosc-kulturalno-oswiatowa\/"},{"@type":"ListItem","position":3,"name":"Zespo\u0142y artystyczne TSKN","item":"https:\/\/skgd.pl\/dzialalnosc-kulturalno-oswiatowa\/zespoly-artystyczne-tskn\/"},{"@type":"ListItem","position":4,"name":"DOFINANSOWANIE ZESPO\u0141\u00d3W ARTYSTYCZNYCH TSKN NA ROK 2026"}]}]}},"_links":{"self":[{"href":"https:\/\/skgd.pl\/en\/wp-json\/wp\/v2\/pages\/11210","targetHints":{"allow":["GET"]}}],"collection":[{"href":"https:\/\/skgd.pl\/en\/wp-json\/wp\/v2\/pages"}],"about":[{"href":"https:\/\/skgd.pl\/en\/wp-json\/wp\/v2\/types\/page"}],"author":[{"embeddable":true,"href":"https:\/\/skgd.pl\/en\/wp-json\/wp\/v2\/users\/1"}],"replies":[{"embeddable":true,"href":"https:\/\/skgd.pl\/en\/wp-json\/wp\/v2\/comments?post=11210"}],"version-history":[{"count":1,"href":"https:\/\/skgd.pl\/en\/wp-json\/wp\/v2\/pages\/11210\/revisions"}],"predecessor-version":[{"id":11212,"href":"https:\/\/skgd.pl\/en\/wp-json\/wp\/v2\/pages\/11210\/revisions\/11212"}],"up":[{"embeddable":true,"href":"https:\/\/skgd.pl\/en\/wp-json\/wp\/v2\/pages\/9335"}],"wp:attachment":[{"href":"https:\/\/skgd.pl\/en\/wp-json\/wp\/v2\/media?parent=11210"}],"curies":[{"name":"wp","href":"https:\/\/api.w.org\/{rel}","templated":true}]}}