{"id":10337,"date":"2016-01-28T20:21:34","date_gmt":"2016-01-28T19:21:34","guid":{"rendered":"http:\/\/skgd.pl\/?page_id=10337"},"modified":"2026-03-30T08:41:13","modified_gmt":"2026-03-30T06:41:13","slug":"konkurs-piosenki-niemieckojezycznej-superstar","status":"publish","type":"page","link":"https:\/\/skgd.pl\/en\/dzialalnosc-kulturalno-oswiatowa\/konkurs-piosenki-niemieckojezycznej-superstar\/","title":{"rendered":"(Polski) Konkurs Piosenki Niemieckoj\u0119zycznej \u201eSuperstar\u201c"},"content":{"rendered":"<p class=\"qtranxs-available-languages-message qtranxs-available-languages-message-en\">Sorry, this entry is only available in <a href=\"https:\/\/skgd.pl\/pl\/wp-json\/wp\/v2\/pages\/10337\" class=\"qtranxs-available-language-link qtranxs-available-language-link-pl\" title=\"Polski\">Polski<\/a> and <a href=\"https:\/\/skgd.pl\/de\/wp-json\/wp\/v2\/pages\/10337\" class=\"qtranxs-available-language-link qtranxs-available-language-link-de\" title=\"Deutsch\">Deutsch<\/a>.<\/p>","protected":false},"excerpt":{"rendered":"<p>Sorry, this entry is only available in Polski and Deutsch.<\/p>\n","protected":false},"author":1,"featured_media":0,"parent":9331,"menu_order":28,"comment_status":"closed","ping_status":"closed","template":"","meta":{"footnotes":""},"class_list":["post-10337","page","type-page","status-publish","hentry"],"yoast_head":"<!-- This site is optimized with the Yoast SEO plugin v18.9 - https:\/\/yoast.com\/wordpress\/plugins\/seo\/ -->\n<title>(Polski) Konkurs Piosenki Niemieckoj\u0119zycznej \u201eSuperstar\u201c - The Social-Cultural Society<\/title>\n<meta name=\"robots\" content=\"index, follow, max-snippet:-1, max-image-preview:large, max-video-preview:-1\" \/>\n<link rel=\"canonical\" href=\"https:\/\/skgd.pl\/dzialalnosc-kulturalno-oswiatowa\/konkurs-piosenki-niemieckojezycznej-superstar\/\" \/>\n<meta property=\"og:locale\" content=\"en_US\" \/>\n<meta property=\"og:type\" content=\"article\" \/>\n<meta property=\"og:title\" content=\"(Polski) Konkurs Piosenki Niemieckoj\u0119zycznej \u201eSuperstar\u201c - The Social-Cultural Society\" \/>\n<meta property=\"og:description\" content=\"Sorry, this entry is only available in Polski and Deutsch.\" \/>\n<meta property=\"og:url\" content=\"https:\/\/skgd.pl\/dzialalnosc-kulturalno-oswiatowa\/konkurs-piosenki-niemieckojezycznej-superstar\/\" \/>\n<meta property=\"og:site_name\" content=\"The Social-Cultural Society\" \/>\n<meta property=\"article:modified_time\" content=\"2026-03-30T06:41:13+00:00\" \/>\n<meta property=\"og:image\" content=\"https:\/\/skgd.pl\/wp-content\/uploads\/2023\/03\/image068-300x200.jpg\" \/>\n<meta name=\"twitter:card\" content=\"summary_large_image\" \/>\n<meta name=\"twitter:label1\" content=\"Est. reading time\" \/>\n\t<meta name=\"twitter:data1\" content=\"3 minutes\" \/>\n<script type=\"application\/ld+json\" class=\"yoast-schema-graph\">{\"@context\":\"https:\/\/schema.org\",\"@graph\":[{\"@type\":\"WebSite\",\"@id\":\"https:\/\/skgd.pl\/#website\",\"url\":\"https:\/\/skgd.pl\/\",\"name\":\"The Social-Cultural Society\",\"description\":\"The Social-Cultural Society of Germans in Opole Silesia\",\"potentialAction\":[{\"@type\":\"SearchAction\",\"target\":{\"@type\":\"EntryPoint\",\"urlTemplate\":\"https:\/\/skgd.pl\/?s={search_term_string}\"},\"query-input\":\"required name=search_term_string\"}],\"inLanguage\":\"en-US\"},{\"@type\":\"ImageObject\",\"inLanguage\":\"en-US\",\"@id\":\"https:\/\/skgd.pl\/dzialalnosc-kulturalno-oswiatowa\/konkurs-piosenki-niemieckojezycznej-superstar\/#primaryimage\",\"url\":\"https:\/\/skgd.pl\/wp-content\/uploads\/2023\/03\/image068-300x200.jpg\",\"contentUrl\":\"https:\/\/skgd.pl\/wp-content\/uploads\/2023\/03\/image068-300x200.jpg\"},{\"@type\":\"WebPage\",\"@id\":\"https:\/\/skgd.pl\/dzialalnosc-kulturalno-oswiatowa\/konkurs-piosenki-niemieckojezycznej-superstar\/#webpage\",\"url\":\"https:\/\/skgd.pl\/dzialalnosc-kulturalno-oswiatowa\/konkurs-piosenki-niemieckojezycznej-superstar\/\",\"name\":\"(Polski) Konkurs Piosenki Niemieckoj\u0119zycznej \u201eSuperstar\u201c - The Social-Cultural Society\",\"isPartOf\":{\"@id\":\"https:\/\/skgd.pl\/#website\"},\"primaryImageOfPage\":{\"@id\":\"https:\/\/skgd.pl\/dzialalnosc-kulturalno-oswiatowa\/konkurs-piosenki-niemieckojezycznej-superstar\/#primaryimage\"},\"datePublished\":\"2016-01-28T19:21:34+00:00\",\"dateModified\":\"2026-03-30T06:41:13+00:00\",\"breadcrumb\":{\"@id\":\"https:\/\/skgd.pl\/dzialalnosc-kulturalno-oswiatowa\/konkurs-piosenki-niemieckojezycznej-superstar\/#breadcrumb\"},\"inLanguage\":\"en-US\",\"potentialAction\":[{\"@type\":\"ReadAction\",\"target\":[\"https:\/\/skgd.pl\/dzialalnosc-kulturalno-oswiatowa\/konkurs-piosenki-niemieckojezycznej-superstar\/\"]}]},{\"@type\":\"BreadcrumbList\",\"@id\":\"https:\/\/skgd.pl\/dzialalnosc-kulturalno-oswiatowa\/konkurs-piosenki-niemieckojezycznej-superstar\/#breadcrumb\",\"itemListElement\":[{\"@type\":\"ListItem\",\"position\":1,\"name\":\"Strona g\u0142\u00f3wna\",\"item\":\"https:\/\/skgd.pl\/\"},{\"@type\":\"ListItem\",\"position\":2,\"name\":\"Dzia\u0142alno\u015b\u0107 kulturalno &#8211; o\u015bwiatowa\",\"item\":\"https:\/\/skgd.pl\/dzialalnosc-kulturalno-oswiatowa\/\"},{\"@type\":\"ListItem\",\"position\":3,\"name\":\"Konkurs Piosenki Niemieckoj\u0119zycznej \u201eSuperstar\u201c\"}]}]}<\/script>\n<!-- \/ Yoast SEO plugin. -->","yoast_head_json":{"title":"(Polski) Konkurs Piosenki Niemieckoj\u0119zycznej \u201eSuperstar\u201c - The Social-Cultural Society","robots":{"index":"index","follow":"follow","max-snippet":"max-snippet:-1","max-image-preview":"max-image-preview:large","max-video-preview":"max-video-preview:-1"},"canonical":"https:\/\/skgd.pl\/dzialalnosc-kulturalno-oswiatowa\/konkurs-piosenki-niemieckojezycznej-superstar\/","og_locale":"en_US","og_type":"article","og_title":"(Polski) Konkurs Piosenki Niemieckoj\u0119zycznej \u201eSuperstar\u201c - The Social-Cultural Society","og_description":"Sorry, this entry is only available in Polski and Deutsch.","og_url":"https:\/\/skgd.pl\/dzialalnosc-kulturalno-oswiatowa\/konkurs-piosenki-niemieckojezycznej-superstar\/","og_site_name":"The Social-Cultural Society","article_modified_time":"2026-03-30T06:41:13+00:00","og_image":[{"url":"https:\/\/skgd.pl\/wp-content\/uploads\/2023\/03\/image068-300x200.jpg"}],"twitter_card":"summary_large_image","twitter_misc":{"Est. reading time":"3 minutes"},"schema":{"@context":"https:\/\/schema.org","@graph":[{"@type":"WebSite","@id":"https:\/\/skgd.pl\/#website","url":"https:\/\/skgd.pl\/","name":"The Social-Cultural Society","description":"The Social-Cultural Society of Germans in Opole Silesia","potentialAction":[{"@type":"SearchAction","target":{"@type":"EntryPoint","urlTemplate":"https:\/\/skgd.pl\/?s={search_term_string}"},"query-input":"required name=search_term_string"}],"inLanguage":"en-US"},{"@type":"ImageObject","inLanguage":"en-US","@id":"https:\/\/skgd.pl\/dzialalnosc-kulturalno-oswiatowa\/konkurs-piosenki-niemieckojezycznej-superstar\/#primaryimage","url":"https:\/\/skgd.pl\/wp-content\/uploads\/2023\/03\/image068-300x200.jpg","contentUrl":"https:\/\/skgd.pl\/wp-content\/uploads\/2023\/03\/image068-300x200.jpg"},{"@type":"WebPage","@id":"https:\/\/skgd.pl\/dzialalnosc-kulturalno-oswiatowa\/konkurs-piosenki-niemieckojezycznej-superstar\/#webpage","url":"https:\/\/skgd.pl\/dzialalnosc-kulturalno-oswiatowa\/konkurs-piosenki-niemieckojezycznej-superstar\/","name":"(Polski) Konkurs Piosenki Niemieckoj\u0119zycznej \u201eSuperstar\u201c - The Social-Cultural Society","isPartOf":{"@id":"https:\/\/skgd.pl\/#website"},"primaryImageOfPage":{"@id":"https:\/\/skgd.pl\/dzialalnosc-kulturalno-oswiatowa\/konkurs-piosenki-niemieckojezycznej-superstar\/#primaryimage"},"datePublished":"2016-01-28T19:21:34+00:00","dateModified":"2026-03-30T06:41:13+00:00","breadcrumb":{"@id":"https:\/\/skgd.pl\/dzialalnosc-kulturalno-oswiatowa\/konkurs-piosenki-niemieckojezycznej-superstar\/#breadcrumb"},"inLanguage":"en-US","potentialAction":[{"@type":"ReadAction","target":["https:\/\/skgd.pl\/dzialalnosc-kulturalno-oswiatowa\/konkurs-piosenki-niemieckojezycznej-superstar\/"]}]},{"@type":"BreadcrumbList","@id":"https:\/\/skgd.pl\/dzialalnosc-kulturalno-oswiatowa\/konkurs-piosenki-niemieckojezycznej-superstar\/#breadcrumb","itemListElement":[{"@type":"ListItem","position":1,"name":"Strona g\u0142\u00f3wna","item":"https:\/\/skgd.pl\/"},{"@type":"ListItem","position":2,"name":"Dzia\u0142alno\u015b\u0107 kulturalno &#8211; o\u015bwiatowa","item":"https:\/\/skgd.pl\/dzialalnosc-kulturalno-oswiatowa\/"},{"@type":"ListItem","position":3,"name":"Konkurs Piosenki Niemieckoj\u0119zycznej \u201eSuperstar\u201c"}]}]}},"_links":{"self":[{"href":"https:\/\/skgd.pl\/en\/wp-json\/wp\/v2\/pages\/10337","targetHints":{"allow":["GET"]}}],"collection":[{"href":"https:\/\/skgd.pl\/en\/wp-json\/wp\/v2\/pages"}],"about":[{"href":"https:\/\/skgd.pl\/en\/wp-json\/wp\/v2\/types\/page"}],"author":[{"embeddable":true,"href":"https:\/\/skgd.pl\/en\/wp-json\/wp\/v2\/users\/1"}],"replies":[{"embeddable":true,"href":"https:\/\/skgd.pl\/en\/wp-json\/wp\/v2\/comments?post=10337"}],"version-history":[{"count":0,"href":"https:\/\/skgd.pl\/en\/wp-json\/wp\/v2\/pages\/10337\/revisions"}],"up":[{"embeddable":true,"href":"https:\/\/skgd.pl\/en\/wp-json\/wp\/v2\/pages\/9331"}],"wp:attachment":[{"href":"https:\/\/skgd.pl\/en\/wp-json\/wp\/v2\/media?parent=10337"}],"curies":[{"name":"wp","href":"https:\/\/api.w.org\/{rel}","templated":true}]}}