{"id":36022,"date":"2025-02-22T11:55:02","date_gmt":"2025-02-22T10:55:02","guid":{"rendered":"https:\/\/skgd.pl\/?post_type=product&#038;p=36022"},"modified":"2026-02-09T20:47:25","modified_gmt":"2026-02-09T19:47:25","slug":"skladka-czlonkowska","status":"publish","type":"product","link":"https:\/\/skgd.pl\/de\/produkt\/skladka-czlonkowska\/","title":{"rendered":"Bezahlen Sie Ihren Mitgliedsbeitrag"},"content":{"rendered":"<p class=\"qtranxs-available-languages-message qtranxs-available-languages-message-de\">Sorry, this entry is only available in <a href=\"https:\/\/skgd.pl\/pl\/wp-json\/wp\/v2\/product\/36022\" class=\"qtranxs-available-language-link qtranxs-available-language-link-pl\" title=\"Polski\">Polski<\/a>.<\/p>","protected":false},"excerpt":{"rendered":"<p>Sorry, this entry is only available in Polski.<\/p>\n","protected":false},"featured_media":36137,"template":"","meta":[],"product_brand":[],"product_cat":[763],"product_tag":[],"class_list":{"0":"post-36022","1":"product","2":"type-product","3":"status-publish","4":"has-post-thumbnail","6":"product_cat-skladka","8":"first","9":"instock","10":"virtual","11":"purchasable","12":"product-type-simple"},"yoast_head":"<!-- This site is optimized with the Yoast SEO plugin v18.9 - https:\/\/yoast.com\/wordpress\/plugins\/seo\/ -->\n<title>Bezahlen Sie Ihren Mitgliedsbeitrag - Deutsche Minderheit, Sozial-Kulturelle Gesellschaft der Deutschen im Oppelner Schlesien<\/title>\n<meta name=\"robots\" content=\"index, follow, max-snippet:-1, max-image-preview:large, max-video-preview:-1\" \/>\n<link rel=\"canonical\" href=\"https:\/\/skgd.pl\/produkt\/skladka-czlonkowska\/\" \/>\n<meta property=\"og:locale\" content=\"de_DE\" \/>\n<meta property=\"og:type\" content=\"article\" \/>\n<meta property=\"og:title\" content=\"Bezahlen Sie Ihren Mitgliedsbeitrag - Deutsche Minderheit, Sozial-Kulturelle Gesellschaft der Deutschen im Oppelner Schlesien\" \/>\n<meta property=\"og:description\" content=\"Sorry, this entry is only available in Polski.\" \/>\n<meta property=\"og:url\" content=\"https:\/\/skgd.pl\/produkt\/skladka-czlonkowska\/\" \/>\n<meta property=\"og:site_name\" content=\"Deutsche Minderheit, Sozial-Kulturelle Gesellschaft der Deutschen im Oppelner Schlesien\" \/>\n<meta property=\"article:modified_time\" content=\"2026-02-09T19:47:25+00:00\" \/>\n<meta property=\"og:image\" content=\"https:\/\/skgd.pl\/wp-content\/uploads\/2025\/02\/dfk-skladka.jpg\" \/>\n\t<meta property=\"og:image:width\" content=\"500\" \/>\n\t<meta property=\"og:image:height\" content=\"500\" \/>\n\t<meta property=\"og:image:type\" content=\"image\/jpeg\" \/>\n<meta name=\"twitter:card\" content=\"summary_large_image\" \/>\n<script type=\"application\/ld+json\" class=\"yoast-schema-graph\">{\"@context\":\"https:\/\/schema.org\",\"@graph\":[{\"@type\":\"WebSite\",\"@id\":\"https:\/\/skgd.pl\/#website\",\"url\":\"https:\/\/skgd.pl\/\",\"name\":\"Deutsche Minderheit, Sozial-Kulturelle Gesellschaft der Deutschen im Oppelner Schlesien\",\"description\":\"Deutsche Minderheit in Polen\",\"potentialAction\":[{\"@type\":\"SearchAction\",\"target\":{\"@type\":\"EntryPoint\",\"urlTemplate\":\"https:\/\/skgd.pl\/?s={search_term_string}\"},\"query-input\":\"required name=search_term_string\"}],\"inLanguage\":\"de\"},{\"@type\":\"ImageObject\",\"inLanguage\":\"de\",\"@id\":\"https:\/\/skgd.pl\/produkt\/skladka-czlonkowska\/#primaryimage\",\"url\":\"https:\/\/skgd.pl\/wp-content\/uploads\/2025\/02\/dfk-skladka.jpg\",\"contentUrl\":\"https:\/\/skgd.pl\/wp-content\/uploads\/2025\/02\/dfk-skladka.jpg\",\"width\":500,\"height\":500},{\"@type\":\"WebPage\",\"@id\":\"https:\/\/skgd.pl\/produkt\/skladka-czlonkowska\/#webpage\",\"url\":\"https:\/\/skgd.pl\/produkt\/skladka-czlonkowska\/\",\"name\":\"Bezahlen Sie Ihren Mitgliedsbeitrag - Deutsche Minderheit, Sozial-Kulturelle Gesellschaft der Deutschen im Oppelner Schlesien\",\"isPartOf\":{\"@id\":\"https:\/\/skgd.pl\/#website\"},\"primaryImageOfPage\":{\"@id\":\"https:\/\/skgd.pl\/produkt\/skladka-czlonkowska\/#primaryimage\"},\"datePublished\":\"2025-02-22T10:55:02+00:00\",\"dateModified\":\"2026-02-09T19:47:25+00:00\",\"breadcrumb\":{\"@id\":\"https:\/\/skgd.pl\/produkt\/skladka-czlonkowska\/#breadcrumb\"},\"inLanguage\":\"de\",\"potentialAction\":[{\"@type\":\"ReadAction\",\"target\":[\"https:\/\/skgd.pl\/produkt\/skladka-czlonkowska\/\"]}]},{\"@type\":\"BreadcrumbList\",\"@id\":\"https:\/\/skgd.pl\/produkt\/skladka-czlonkowska\/#breadcrumb\",\"itemListElement\":[{\"@type\":\"ListItem\",\"position\":1,\"name\":\"Strona g\u0142\u00f3wna\",\"item\":\"https:\/\/skgd.pl\/\"},{\"@type\":\"ListItem\",\"position\":2,\"name\":\"Zap\u0142a\u0107 sk\u0142adk\u0119 cz\u0142onkowsk\u0105\",\"item\":\"https:\/\/skgd.pl\/zaplac-skladke-czlonkowska\/\"},{\"@type\":\"ListItem\",\"position\":3,\"name\":\"Sk\u0142adka cz\u0142onkowska 2026r\"}]}]}<\/script>\n<!-- \/ Yoast SEO plugin. -->","yoast_head_json":{"title":"Bezahlen Sie Ihren Mitgliedsbeitrag - Deutsche Minderheit, Sozial-Kulturelle Gesellschaft der Deutschen im Oppelner Schlesien","robots":{"index":"index","follow":"follow","max-snippet":"max-snippet:-1","max-image-preview":"max-image-preview:large","max-video-preview":"max-video-preview:-1"},"canonical":"https:\/\/skgd.pl\/produkt\/skladka-czlonkowska\/","og_locale":"de_DE","og_type":"article","og_title":"Bezahlen Sie Ihren Mitgliedsbeitrag - Deutsche Minderheit, Sozial-Kulturelle Gesellschaft der Deutschen im Oppelner Schlesien","og_description":"Sorry, this entry is only available in Polski.","og_url":"https:\/\/skgd.pl\/produkt\/skladka-czlonkowska\/","og_site_name":"Deutsche Minderheit, Sozial-Kulturelle Gesellschaft der Deutschen im Oppelner Schlesien","article_modified_time":"2026-02-09T19:47:25+00:00","og_image":[{"width":500,"height":500,"url":"https:\/\/skgd.pl\/wp-content\/uploads\/2025\/02\/dfk-skladka.jpg","type":"image\/jpeg"}],"twitter_card":"summary_large_image","schema":{"@context":"https:\/\/schema.org","@graph":[{"@type":"WebSite","@id":"https:\/\/skgd.pl\/#website","url":"https:\/\/skgd.pl\/","name":"Deutsche Minderheit, Sozial-Kulturelle Gesellschaft der Deutschen im Oppelner Schlesien","description":"Deutsche Minderheit in Polen","potentialAction":[{"@type":"SearchAction","target":{"@type":"EntryPoint","urlTemplate":"https:\/\/skgd.pl\/?s={search_term_string}"},"query-input":"required name=search_term_string"}],"inLanguage":"de"},{"@type":"ImageObject","inLanguage":"de","@id":"https:\/\/skgd.pl\/produkt\/skladka-czlonkowska\/#primaryimage","url":"https:\/\/skgd.pl\/wp-content\/uploads\/2025\/02\/dfk-skladka.jpg","contentUrl":"https:\/\/skgd.pl\/wp-content\/uploads\/2025\/02\/dfk-skladka.jpg","width":500,"height":500},{"@type":"WebPage","@id":"https:\/\/skgd.pl\/produkt\/skladka-czlonkowska\/#webpage","url":"https:\/\/skgd.pl\/produkt\/skladka-czlonkowska\/","name":"Bezahlen Sie Ihren Mitgliedsbeitrag - Deutsche Minderheit, Sozial-Kulturelle Gesellschaft der Deutschen im Oppelner Schlesien","isPartOf":{"@id":"https:\/\/skgd.pl\/#website"},"primaryImageOfPage":{"@id":"https:\/\/skgd.pl\/produkt\/skladka-czlonkowska\/#primaryimage"},"datePublished":"2025-02-22T10:55:02+00:00","dateModified":"2026-02-09T19:47:25+00:00","breadcrumb":{"@id":"https:\/\/skgd.pl\/produkt\/skladka-czlonkowska\/#breadcrumb"},"inLanguage":"de","potentialAction":[{"@type":"ReadAction","target":["https:\/\/skgd.pl\/produkt\/skladka-czlonkowska\/"]}]},{"@type":"BreadcrumbList","@id":"https:\/\/skgd.pl\/produkt\/skladka-czlonkowska\/#breadcrumb","itemListElement":[{"@type":"ListItem","position":1,"name":"Strona g\u0142\u00f3wna","item":"https:\/\/skgd.pl\/"},{"@type":"ListItem","position":2,"name":"Zap\u0142a\u0107 sk\u0142adk\u0119 cz\u0142onkowsk\u0105","item":"https:\/\/skgd.pl\/zaplac-skladke-czlonkowska\/"},{"@type":"ListItem","position":3,"name":"Sk\u0142adka cz\u0142onkowska 2026r"}]}]}},"_links":{"self":[{"href":"https:\/\/skgd.pl\/de\/wp-json\/wp\/v2\/product\/36022","targetHints":{"allow":["GET"]}}],"collection":[{"href":"https:\/\/skgd.pl\/de\/wp-json\/wp\/v2\/product"}],"about":[{"href":"https:\/\/skgd.pl\/de\/wp-json\/wp\/v2\/types\/product"}],"wp:featuredmedia":[{"embeddable":true,"href":"https:\/\/skgd.pl\/de\/wp-json\/wp\/v2\/media\/36137"}],"wp:attachment":[{"href":"https:\/\/skgd.pl\/de\/wp-json\/wp\/v2\/media?parent=36022"}],"wp:term":[{"taxonomy":"product_brand","embeddable":true,"href":"https:\/\/skgd.pl\/de\/wp-json\/wp\/v2\/product_brand?post=36022"},{"taxonomy":"product_cat","embeddable":true,"href":"https:\/\/skgd.pl\/de\/wp-json\/wp\/v2\/product_cat?post=36022"},{"taxonomy":"product_tag","embeddable":true,"href":"https:\/\/skgd.pl\/de\/wp-json\/wp\/v2\/product_tag?post=36022"}],"curies":[{"name":"wp","href":"https:\/\/api.w.org\/{rel}","templated":true}]}}