{"id":9994,"date":"2016-01-20T13:44:22","date_gmt":"2016-01-20T12:44:22","guid":{"rendered":"http:\/\/skgd.pl\/?page_id=9994"},"modified":"2025-01-02T16:21:46","modified_gmt":"2025-01-02T15:21:46","slug":"polsko-niemiecki-okragly-stol-i-jego-ustalenia","status":"publish","type":"page","link":"https:\/\/skgd.pl\/de\/dzialalnosc-polityczno-spoleczna\/aktywnosc-polityczna\/polsko-niemiecki-okragly-stol-i-jego-ustalenia\/","title":{"rendered":"Deutsch\u2013Polnischer Runder Tisch und seine Bestimmungen"},"content":{"rendered":"<p>[vc_row][vc_column][vc_column_text]<\/p>\n<p style=\"text-align: justify;\"><strong>Deutsch\u2013Polnischer Runder Tisch und seine Bestimmungen<\/strong><\/p>\n<p style=\"text-align: justify;\">Ein f\u00fchrendes Beispiel f\u00fcr die politische Aktivit\u00e4t der deutschen Minderheit in Polen sind Gespr\u00e4che am deutsch-polnischen Runden Tisch, an denen Vertreter der Bundesregierung, polnischen Regierung, deutschen Minderheit in Polen sowie Polen in Deutschland und Experten im Bereich Geschichte und T\u00e4tigkeit beider Gruppen. Die Gespr\u00e4che wurden im Jahr 2010 initiiert, um den aktuellen Stand der Umsetzung von Beschl\u00fcssen des Nachbarschaftsvertrags (Deutsch- Polnischer Vertrag \u00fcber gute Nachbarschaft und freundschaftliche Zusammenarbeit aus dem Jahr 1991) zu \u00fcberpr\u00fcfen.<\/p>\n<p style=\"text-align: justify;\">Zudem sollten Richtlinien f\u00fcr die Unterst\u00fctzung der polnischst\u00e4mmigen B\u00fcrger der Bundesrepublik, der Polen in Deutschland sowie der deutschen Minderheit in der Republik Polen ausgearbeitet werden.<\/p>\n<p style=\"text-align: justify;\">Die Gespr\u00e4che werden auf drei Ebenen gef\u00fchrt und f\u00fcr jeden Bereich ist eine separate Arbeitsgruppe zust\u00e4ndig, die zur Ausarbeitung und Ausdr\u00fcckung von Bed\u00fcrfnissen jeder Seite gegr\u00fcndet wurde. Diese beziehen sich auf:<\/p>\n<ul style=\"text-align: justify;\">\n<li>rechtlich-geschichtliche Fragen und Ged\u00e4chtnispolitik \u2013 es werden Fragen der musealen Pr\u00e4sentation und Sicherung von historischen Dokumenten der deutschen Minderheit und Polen in Deutschland behandelt (Vertreter der Minderheit in dieser Gruppe sind: Bernard Gaida \u2013 Vorsitzender des Verbandes deutscher sozial-kulturellen Gesellschaften in Polen sowie Rafa\u0142 Bartek\u2013Vorsitzender der Sozial-kulturellen Gesellschaft der Deutschen im Oppelner Schlesien und Norbert Rasch SKGD-Vorstandsmitglied),<\/li>\n<li>Unterrichten der Muttersprache \u2013 diese Gruppe befasst sich mit Bildungsfragen der deutschen Minderheit in Polen und Polen in Deutschland, unter besonderen Ber\u00fccksichtigung der Hilfe im Bereich Gr\u00fcndung neuer Unterrichtseinrichtungen mit der Sprache dieser Gruppen (Vertreter der Minderheit ist Norbert Rasch und Waldemar Gaida Vizelandrat des Kreises Gro\u00df Strehlitz),<\/li>\n<li>gemeinsame Projekte \u2013 diese h\u00e4ngen mit Fragen der deutsch-polnischen Zusammenarbeit auf der Basis von Projekten und Finanzierungsfragen gew\u00e4hlter Institutionen, welche diese Zusammenarbeit f\u00fchren (Vertreter der Minderheit: Ryszard Galla \u2013 Sejmabgeordnete der DM im polnischen Parlament und Marcin Lippa \u2013 Vorsitzender der Sozial-kulturellen Gesellschaft der Deutschen in der Woiwodschaft Schlesien).<\/li>\n<\/ul>\n<p style=\"text-align: justify;\">In den Arbeitsgruppen sind auch Vertreter der Bundesregierung, des polnischen Parlaments, der deutschen Minderheit, der Polen in Deutschland (mit maximal 2 Personen), Experten und Wissenschaftler dabei &#8211; insgesamt besteht die Gruppe aus etwa 12 Personen. Vertreter der Minderheit hatten freie Hand bei der Wahl ihrer Vertreter in den jeweiligen Arbeitsgruppen und deren Treffen finden abwechselnd in Berlin und Warschau statt. Die Termine der Sitzungen werden von Vorsitzenden festgelegt.<\/p>\n<p style=\"text-align: justify;\">Die ausgearbeiteten Postulate wurden in eine <em>\u201eGemeinsame Erkl\u00e4rung des Runden Tisches zu Fragen der F\u00f6rderung der deutschen Minderheit in Polen und der polnischst\u00e4mmigen B\u00fcrger und Polen in Deutschalnd nach dem Vertrag zwischen der Bundesrepublik Deutschland und der Republik Polen \u00fcber gute Nachbarschaft und freundschaftliche Zusammenarbeit\u201d<\/em> vom 12. Juni 2011 zusammengefasst. Dieses Dokument kann auf folgender Internetseite heruntergeladen werden <span><a href=\"https:\/\/skgd.pl\/wp-content\/uploads\/2021\/11\/Gemeinsame-Erklrung-des-Runden-Tisches.pdf\">HIER.<\/a><\/span><\/p>\n<p style=\"text-align: justify;\">Bevor die Enderkl\u00e4rung des Runden Tisches ausgearbeitet wurde, fertigte man eine <em>\u201eDeklaration- Bilanz und Perspektiven des deutsch-polnischen Nachbarschaftsvertrags vom 17. Juni 1991. Unterst\u00fctzung f\u00fcr die deutsche Minderheit in Polen und polnischst\u00e4mmiger B\u00fcrger in Deutschland\u201d<\/em>. Das Projekt der Deklaration, welches am 3. November 2010 in Warschau unterzeichnet wurde, war auch Gegenstand vieler Verhandlungen \u2013 von dessen Umfang hing die endg\u00fcltige Erkl\u00e4rung des Runden Tisches ab.<\/p>\n<p style=\"text-align: justify;\">Nach der Unterzeichnung der Erkl\u00e4rung fingen die Arbeiten in den Arbeitsgruppen an. Am 1. M\u00e4rz 2011, w\u00e4hrend der dritten Runde der Verhandlungen des Runden Tisches, wurde die Arbeit dieser Gruppen vorgestellt.&nbsp; Von Mai 2011 wurden die Arbeiten an der <em>\u201eGemeinsaemen Erkl\u00e4rung zu den bisherigen Bestimmungen des deutsch-polnischen Runden Tisches\u201d<\/em>, deren weitere Versionen mit Vertretern der nationalen Minderheiten besprochen wurden, was erneut mit st\u00e4ndigen Verhandlungen verbunden war, bis die darin enthaltenen Postulate eine f\u00fcr alle Seiten befriedigende Gestalt hatten.<\/p>\n<p style=\"text-align: justify;\">Der Stand der Umsetzung der Beschl\u00fcsse des Runden Tisches wurde in drei Dokumenten zusammengefasst:<\/p>\n<ol style=\"text-align: justify;\">\n<li>Stand der Umsetzung der Beschl\u00fcsse der Gemeinsamen Erkl\u00e4rung des Runden Tisches in Sachen F\u00f6rderung der polnischst\u00e4mmigen B\u00fcrger und Polen in Deutschalnd nach dem Vertrag zwischen der Bundesrepublik Deutschland und der Republik Polen \u00fcber gute Nachbarschaft und freundschaftliche Zusammenarbeit,<\/li>\n<li>Erkl\u00e4rung des Runden Tisches zu Fragen der F\u00f6rderung der deutschen Minderheit in Polen und der polnischst\u00e4mmigen B\u00fcrger und Polen in Deutschland nach dem Vertrag zwischen der Bundesrepublik Deutschland und der Republik Polen \u00fcber gute Nachbarschaft und freundschaftliche Zusammenarbeit,<\/li>\n<li>Analyse des Umsetzung der Bestimmungen des Runden Tisches zu Fragen der F\u00f6rderung der deutschen Minderheit in Polen und der polnischst\u00e4mmigen B\u00fcrger und Polen in Deutschland nach dem Vertrag zwischen der Bundesrepublik Deutschland und der Republik Polen \u00fcber gute Nachbarschaft und freundschaftliche Zusammenarbeit <span> vom 23. Febraur<\/span><\/li>\n<\/ol>\n<p style=\"text-align: justify;\">Alle vorgenannten Dokumente sind auf folgender Internetseite nachzulesen: <a href=\"https:\/\/www.gov.pl\/web\/mniejszosci-narodowe-i-etniczne\/okragly-stol-w-sprawie-wspierania-obywateli-niemieckich-polskiego-pochodzenia-i-polakow-w-niemczech-oraz-mniejszosci-niemieckiej-w-polsce\">Dokumente<\/a><\/p>\n<p>[\/vc_column_text][\/vc_column][\/vc_row][vc_row][vc_column][vc_column_text]<\/p>\n<h2><span style=\"font-size: 23px; color: #000000;\"><strong><span class=\"iconized font-icomoon glyph-newspaper\"><\/span> Verwandte Themen:<\/strong><\/span><\/h2>\n<p>[\/vc_column_text][vc_basic_grid post_type=&#8221;post&#8221; max_items=&#8221;100&#8243; style=&#8221;load-more&#8221; items_per_page=&#8221;4&#8243; element_width=&#8221;3&#8243; item=&#8221;masonryGrid_SlideFromLeft&#8221; btn_title=&#8221;Za\u0142aduj wi\u0119cej&#8221; btn_color=&#8221;danger&#8221; grid_id=&#8221;vc_gid:1735831158883-b77616cd-f9b7-4&#8243; taxonomies=&#8221;732&#8243;][\/vc_column][\/vc_row]<\/p>","protected":false},"excerpt":{"rendered":"<p>[vc_row][vc_column][vc_column_text] Deutsch\u2013Polnischer Runder Tisch und seine Bestimmungen Ein f\u00fchrendes Beispiel f\u00fcr die politische Aktivit\u00e4t der deutschen Minderheit in Polen sind Gespr\u00e4che am deutsch-polnischen Runden Tisch, an denen Vertreter der Bundesregierung, polnischen Regierung, deutschen Minderheit in Polen sowie Polen in Deutschland und Experten im Bereich Geschichte und T\u00e4tigkeit beider Gruppen. Die Gespr\u00e4che wurden im Jahr 2010 [&hellip;]<\/p>\n","protected":false},"author":1,"featured_media":0,"parent":9344,"menu_order":38,"comment_status":"closed","ping_status":"closed","template":"","meta":{"footnotes":""},"class_list":["post-9994","page","type-page","status-publish","hentry"],"yoast_head":"<!-- This site is optimized with the Yoast SEO plugin v18.9 - https:\/\/yoast.com\/wordpress\/plugins\/seo\/ -->\n<title>Deutsch\u2013Polnischer Runder Tisch und seine Bestimmungen - Deutsche Minderheit, Sozial-Kulturelle Gesellschaft der Deutschen im Oppelner Schlesien<\/title>\n<meta name=\"robots\" content=\"index, follow, max-snippet:-1, max-image-preview:large, max-video-preview:-1\" \/>\n<link rel=\"canonical\" href=\"https:\/\/skgd.pl\/dzialalnosc-polityczno-spoleczna\/aktywnosc-polityczna\/polsko-niemiecki-okragly-stol-i-jego-ustalenia\/\" \/>\n<meta property=\"og:locale\" content=\"de_DE\" \/>\n<meta property=\"og:type\" content=\"article\" \/>\n<meta property=\"og:title\" content=\"Deutsch\u2013Polnischer Runder Tisch und seine Bestimmungen - Deutsche Minderheit, Sozial-Kulturelle Gesellschaft der Deutschen im Oppelner Schlesien\" \/>\n<meta property=\"og:description\" content=\"[vc_row][vc_column][vc_column_text] Deutsch\u2013Polnischer Runder Tisch und seine Bestimmungen Ein f\u00fchrendes Beispiel f\u00fcr die politische Aktivit\u00e4t der deutschen Minderheit in Polen sind Gespr\u00e4che am deutsch-polnischen Runden Tisch, an denen Vertreter der Bundesregierung, polnischen Regierung, deutschen Minderheit in Polen sowie Polen in Deutschland und Experten im Bereich Geschichte und T\u00e4tigkeit beider Gruppen. Die Gespr\u00e4che wurden im Jahr 2010 [&hellip;]\" \/>\n<meta property=\"og:url\" content=\"https:\/\/skgd.pl\/dzialalnosc-polityczno-spoleczna\/aktywnosc-polityczna\/polsko-niemiecki-okragly-stol-i-jego-ustalenia\/\" \/>\n<meta property=\"og:site_name\" content=\"Deutsche Minderheit, Sozial-Kulturelle Gesellschaft der Deutschen im Oppelner Schlesien\" \/>\n<meta property=\"article:modified_time\" content=\"2025-01-02T15:21:46+00:00\" \/>\n<meta name=\"twitter:card\" content=\"summary_large_image\" \/>\n<meta name=\"twitter:label1\" content=\"Gesch\u00e4tzte Lesezeit\" \/>\n\t<meta name=\"twitter:data1\" content=\"8\u00a0Minuten\" \/>\n<script type=\"application\/ld+json\" class=\"yoast-schema-graph\">{\"@context\":\"https:\/\/schema.org\",\"@graph\":[{\"@type\":\"WebSite\",\"@id\":\"https:\/\/skgd.pl\/#website\",\"url\":\"https:\/\/skgd.pl\/\",\"name\":\"Deutsche Minderheit, Sozial-Kulturelle Gesellschaft der Deutschen im Oppelner Schlesien\",\"description\":\"Deutsche Minderheit in Polen\",\"potentialAction\":[{\"@type\":\"SearchAction\",\"target\":{\"@type\":\"EntryPoint\",\"urlTemplate\":\"https:\/\/skgd.pl\/?s={search_term_string}\"},\"query-input\":\"required name=search_term_string\"}],\"inLanguage\":\"de\"},{\"@type\":\"WebPage\",\"@id\":\"https:\/\/skgd.pl\/dzialalnosc-polityczno-spoleczna\/aktywnosc-polityczna\/polsko-niemiecki-okragly-stol-i-jego-ustalenia\/#webpage\",\"url\":\"https:\/\/skgd.pl\/dzialalnosc-polityczno-spoleczna\/aktywnosc-polityczna\/polsko-niemiecki-okragly-stol-i-jego-ustalenia\/\",\"name\":\"Deutsch\u2013Polnischer Runder Tisch und seine Bestimmungen - Deutsche Minderheit, Sozial-Kulturelle Gesellschaft der Deutschen im Oppelner Schlesien\",\"isPartOf\":{\"@id\":\"https:\/\/skgd.pl\/#website\"},\"datePublished\":\"2016-01-20T12:44:22+00:00\",\"dateModified\":\"2025-01-02T15:21:46+00:00\",\"breadcrumb\":{\"@id\":\"https:\/\/skgd.pl\/dzialalnosc-polityczno-spoleczna\/aktywnosc-polityczna\/polsko-niemiecki-okragly-stol-i-jego-ustalenia\/#breadcrumb\"},\"inLanguage\":\"de\",\"potentialAction\":[{\"@type\":\"ReadAction\",\"target\":[\"https:\/\/skgd.pl\/dzialalnosc-polityczno-spoleczna\/aktywnosc-polityczna\/polsko-niemiecki-okragly-stol-i-jego-ustalenia\/\"]}]},{\"@type\":\"BreadcrumbList\",\"@id\":\"https:\/\/skgd.pl\/dzialalnosc-polityczno-spoleczna\/aktywnosc-polityczna\/polsko-niemiecki-okragly-stol-i-jego-ustalenia\/#breadcrumb\",\"itemListElement\":[{\"@type\":\"ListItem\",\"position\":1,\"name\":\"Strona g\u0142\u00f3wna\",\"item\":\"https:\/\/skgd.pl\/\"},{\"@type\":\"ListItem\",\"position\":2,\"name\":\"Gesellschaftliche T\u00e4tigkeit\",\"item\":\"https:\/\/skgd.pl\/de\/dzialalnosc-polityczno-spoleczna\/\"},{\"@type\":\"ListItem\",\"position\":3,\"name\":\"Politische Aktivit\u00e4t\",\"item\":\"https:\/\/skgd.pl\/de\/dzialalnosc-polityczno-spoleczna\/aktywnosc-polityczna\/\"},{\"@type\":\"ListItem\",\"position\":4,\"name\":\"Polsko\u2013Niemiecki &#8220;Okr\u0105g\u0142y St\u00f3\u0142 i jego ustalenia&#8221;\"}]}]}<\/script>\n<!-- \/ Yoast SEO plugin. -->","yoast_head_json":{"title":"Deutsch\u2013Polnischer Runder Tisch und seine Bestimmungen - Deutsche Minderheit, Sozial-Kulturelle Gesellschaft der Deutschen im Oppelner Schlesien","robots":{"index":"index","follow":"follow","max-snippet":"max-snippet:-1","max-image-preview":"max-image-preview:large","max-video-preview":"max-video-preview:-1"},"canonical":"https:\/\/skgd.pl\/dzialalnosc-polityczno-spoleczna\/aktywnosc-polityczna\/polsko-niemiecki-okragly-stol-i-jego-ustalenia\/","og_locale":"de_DE","og_type":"article","og_title":"Deutsch\u2013Polnischer Runder Tisch und seine Bestimmungen - Deutsche Minderheit, Sozial-Kulturelle Gesellschaft der Deutschen im Oppelner Schlesien","og_description":"[vc_row][vc_column][vc_column_text] Deutsch\u2013Polnischer Runder Tisch und seine Bestimmungen Ein f\u00fchrendes Beispiel f\u00fcr die politische Aktivit\u00e4t der deutschen Minderheit in Polen sind Gespr\u00e4che am deutsch-polnischen Runden Tisch, an denen Vertreter der Bundesregierung, polnischen Regierung, deutschen Minderheit in Polen sowie Polen in Deutschland und Experten im Bereich Geschichte und T\u00e4tigkeit beider Gruppen. Die Gespr\u00e4che wurden im Jahr 2010 [&hellip;]","og_url":"https:\/\/skgd.pl\/dzialalnosc-polityczno-spoleczna\/aktywnosc-polityczna\/polsko-niemiecki-okragly-stol-i-jego-ustalenia\/","og_site_name":"Deutsche Minderheit, Sozial-Kulturelle Gesellschaft der Deutschen im Oppelner Schlesien","article_modified_time":"2025-01-02T15:21:46+00:00","twitter_card":"summary_large_image","twitter_misc":{"Gesch\u00e4tzte Lesezeit":"8\u00a0Minuten"},"schema":{"@context":"https:\/\/schema.org","@graph":[{"@type":"WebSite","@id":"https:\/\/skgd.pl\/#website","url":"https:\/\/skgd.pl\/","name":"Deutsche Minderheit, Sozial-Kulturelle Gesellschaft der Deutschen im Oppelner Schlesien","description":"Deutsche Minderheit in Polen","potentialAction":[{"@type":"SearchAction","target":{"@type":"EntryPoint","urlTemplate":"https:\/\/skgd.pl\/?s={search_term_string}"},"query-input":"required name=search_term_string"}],"inLanguage":"de"},{"@type":"WebPage","@id":"https:\/\/skgd.pl\/dzialalnosc-polityczno-spoleczna\/aktywnosc-polityczna\/polsko-niemiecki-okragly-stol-i-jego-ustalenia\/#webpage","url":"https:\/\/skgd.pl\/dzialalnosc-polityczno-spoleczna\/aktywnosc-polityczna\/polsko-niemiecki-okragly-stol-i-jego-ustalenia\/","name":"Deutsch\u2013Polnischer Runder Tisch und seine Bestimmungen - Deutsche Minderheit, Sozial-Kulturelle Gesellschaft der Deutschen im Oppelner Schlesien","isPartOf":{"@id":"https:\/\/skgd.pl\/#website"},"datePublished":"2016-01-20T12:44:22+00:00","dateModified":"2025-01-02T15:21:46+00:00","breadcrumb":{"@id":"https:\/\/skgd.pl\/dzialalnosc-polityczno-spoleczna\/aktywnosc-polityczna\/polsko-niemiecki-okragly-stol-i-jego-ustalenia\/#breadcrumb"},"inLanguage":"de","potentialAction":[{"@type":"ReadAction","target":["https:\/\/skgd.pl\/dzialalnosc-polityczno-spoleczna\/aktywnosc-polityczna\/polsko-niemiecki-okragly-stol-i-jego-ustalenia\/"]}]},{"@type":"BreadcrumbList","@id":"https:\/\/skgd.pl\/dzialalnosc-polityczno-spoleczna\/aktywnosc-polityczna\/polsko-niemiecki-okragly-stol-i-jego-ustalenia\/#breadcrumb","itemListElement":[{"@type":"ListItem","position":1,"name":"Strona g\u0142\u00f3wna","item":"https:\/\/skgd.pl\/"},{"@type":"ListItem","position":2,"name":"Gesellschaftliche T\u00e4tigkeit","item":"https:\/\/skgd.pl\/de\/dzialalnosc-polityczno-spoleczna\/"},{"@type":"ListItem","position":3,"name":"Politische Aktivit\u00e4t","item":"https:\/\/skgd.pl\/de\/dzialalnosc-polityczno-spoleczna\/aktywnosc-polityczna\/"},{"@type":"ListItem","position":4,"name":"Polsko\u2013Niemiecki &#8220;Okr\u0105g\u0142y St\u00f3\u0142 i jego ustalenia&#8221;"}]}]}},"_links":{"self":[{"href":"https:\/\/skgd.pl\/de\/wp-json\/wp\/v2\/pages\/9994","targetHints":{"allow":["GET"]}}],"collection":[{"href":"https:\/\/skgd.pl\/de\/wp-json\/wp\/v2\/pages"}],"about":[{"href":"https:\/\/skgd.pl\/de\/wp-json\/wp\/v2\/types\/page"}],"author":[{"embeddable":true,"href":"https:\/\/skgd.pl\/de\/wp-json\/wp\/v2\/users\/1"}],"replies":[{"embeddable":true,"href":"https:\/\/skgd.pl\/de\/wp-json\/wp\/v2\/comments?post=9994"}],"version-history":[{"count":9,"href":"https:\/\/skgd.pl\/de\/wp-json\/wp\/v2\/pages\/9994\/revisions"}],"predecessor-version":[{"id":35583,"href":"https:\/\/skgd.pl\/de\/wp-json\/wp\/v2\/pages\/9994\/revisions\/35583"}],"up":[{"embeddable":true,"href":"https:\/\/skgd.pl\/de\/wp-json\/wp\/v2\/pages\/9344"}],"wp:attachment":[{"href":"https:\/\/skgd.pl\/de\/wp-json\/wp\/v2\/media?parent=9994"}],"curies":[{"name":"wp","href":"https:\/\/api.w.org\/{rel}","templated":true}]}}