{"id":9989,"date":"2016-01-20T13:40:52","date_gmt":"2016-01-20T12:40:52","guid":{"rendered":"http:\/\/skgd.pl\/?page_id=9989"},"modified":"2019-11-19T23:56:44","modified_gmt":"2019-11-19T22:56:44","slug":"wybory-parlamentarne-mniejszosc-niemiecka","status":"publish","type":"page","link":"https:\/\/skgd.pl\/de\/dzialalnosc-polityczno-spoleczna\/aktywnosc-polityczna\/wybory-parlamentarne-mniejszosc-niemiecka\/","title":{"rendered":"Parlamentswahlen"},"content":{"rendered":"<p>[vc_row][vc_column][vc_column_text]<\/p>\n<p style=\"text-align: justify;\"><strong>Parlamentswahlen<\/strong>:<\/p>\n<p style=\"text-align: justify;\">Die Gesellschaft stellt regelm\u00e4\u00dfig, bereits seit 1991, eine eigene Liste der deutschen Minderheit bei der Parlamentswahl auf. Die Wahlkomitees der nationalen Minderheiten sind in Polen von der 5-Prozent-H\u00fcrde befreit. Das Wahlkomitee <a href=\"https:\/\/skgd.pl\/wp-content\/uploads\/2015\/11\/IMG_5364.jpg\" rel=\"attachment wp-att-10432\"><img loading=\"lazy\" decoding=\"async\" class=\"size-medium wp-image-10432 alignright\" src=\"https:\/\/skgd.pl\/wp-content\/uploads\/2015\/11\/IMG_5364-300x200.jpg\" sizes=\"auto, (max-width: 300px) 100vw, 300px\" srcset=\"https:\/\/skgd.pl\/wp-content\/uploads\/2015\/11\/IMG_5364-300x200.jpg 300w, https:\/\/skgd.pl\/wp-content\/uploads\/2015\/11\/IMG_5364-768x512.jpg 768w, https:\/\/skgd.pl\/wp-content\/uploads\/2015\/11\/IMG_5364-1024x683.jpg 1024w, https:\/\/skgd.pl\/wp-content\/uploads\/2015\/11\/IMG_5364-800x533.jpg 800w\" alt=\"IMG_5364\" width=\"300\" height=\"200\"><\/a>&nbsp;\u201eDeutsche Minderheit\u201d tauchte zum ersten Mal im Jahr 1990 bei Erg\u00e4nzungswahlen zum Senat in der Woiwodschaft Oppeln auf. Der Kandidat in den Senat war damals Henryk Kroll, der trotz einer hohen Stimmzahl keinen Mandat erhielt. Die Gegenkandidatin von Henryk Kroll war im zweiten Wahlgang Professorin Dorota Simonides \u2013 als Kandidatin des Komitees der \u201eSolidarno\u015b\u0107\u201d. Sie erhielt 67% der Stimmen.<\/p>\n<p style=\"text-align: justify;\">Im Jahr 1991 entstand der Wahlblock der Minderheiten, gegr\u00fcndet von Ukrainern, Litauern, Slowaken und Tschechen. Die deutsche Minderheit ist diesem nicht angetreten, sondern hat ihre eigene Kandidatenliste aufgestellt. Das Wahlkomitee \u201eDeutsche Minderheit\u201d feierte einen gro\u00dfen Wahlerfolg und konnte 5 Sejmabgeordnete und einen Senator ins Parlament einf\u00fchren. Es waren: Bruno Kosak, Henryk Kroll, Helmut Pa\u017adzior, Antoni Kost und Edward Flak. Den Senatormandat erhielt Gerhard Bartodziej. \u00dcber den Wahlerfolg entschied eine gro\u00dfe Mobilimachung der Minderheit im Oppelner Land, die dank der Unterst\u00fctzung der Strukturen der Minderheit durchgef\u00fchrt werden konnte. In dieser Legislaturperiode des Sejms gr\u00fcndeten die Abgeordneten der deutschen Minderheit einen parlamentarischen Klub der DM und Henryk Kroll wurde stellvertretender Vorsitzender der Kommission der nationalen und ethnischen Minderheiten.&nbsp;<\/p>\n<p style=\"text-align: justify;\">Die Arbeiten des Klubs konzentrierten sich vor allem um den Vorbereitungsprozess des Gesetzes \u00fcber nationale und ethnische Minderheiten.&nbsp;&nbsp;<\/p>\n<p style=\"text-align: justify;\">In der weiteren Legislaturperiode des Sejms (1993-1997) wurde die deutsche Minderheit von drei Abgeordneten vertreten: Joachim Czernek, Henryk Kroll und Helmut Pa\u017adzior. In den Senat wurde erneut von der deutschen Minderheit Gerhard Bartodziej gew\u00e4hlt. Bei der n\u00e4chsten Parlamentswahl sank die Unterst\u00fctzung f\u00fcr die deutsche Liste noch mehr, aus den drei Abgeordneten wurden nur noch zwei (Henryk Kroll und Helmut Pa\u017adzior), und f\u00fcr einen Vertreter im Senat hat es nicht mehr gereicht. Die gleiche Zahl der Sejmabgeordneten konnte bei den Wahlen im Jahr 2001 beibehalten werden. In der f\u00fcnften Legislaturperiode des Sejms (2005-2007) gab es mit Henryk Kroll und Ryszard Galla zwei Abgeordnete der deutschen Minderheit. Seit den Wahlen im Jahr 2007 (seit der sechsten, siebten, achten und neunten Legislaturperiode also) gibt es mit Ryszard Galla einen Abgeordneten f\u00fcr die deutsche Minderheit. So wie in den vergangenen Legislaturperioden ist Ryszard Galla Mitglied der Kommission der nationalen und ethnischen Minderheiten sowie der Kommission der \u00f6ffentlichen Finanzen.<\/p>\n<p style=\"text-align: justify;\">&nbsp;<\/p>\n<p>[\/vc_column_text][\/vc_column][\/vc_row][vc_row][vc_column width=&#8221;1\/4&#8243;]<div class=\"row block-team\"> <ul class=\"clearfix\"><li class=\"span3\">  <div  class=\"box-team\"><figure><img src=https:\/\/skgd.pl\/wp-content\/uploads\/2016\/01\/Ryszard_Galla_021.jpg alt=\"Ryszard Galla\" \/><\/figure><div class=\"details\"><h5 class=\"h5\">Ryszard Galla <span>Pose\u0142 na Sejm Rzeczypospolitej Polskiej VIII kadencji<\/span><\/h5><div class=\"box-info\"><ul class=\"list-social clearfix\"><li><a class=\"facebook hasTooltip\" data-original-title=\"facebook\"  href=\"https:\/\/www.facebook.com\/GallaRyszard\/\" target=\"_blank\"><i class=\"fa fa-facebook\"><\/i><\/a><\/li><li><a class=\"google hasTooltip\" data-original-title=\"Odno\u015bnik\"   href=\"http:\/\/www.ryszard-galla.pl\/\" target=\"_blank\"><i class=\"fa fa-link\"><\/i><\/a><\/li><\/ul><\/div><\/div><\/div><\/li><\/ul><\/div>[\/vc_column][vc_column width=&#8221;3\/4&#8243;][vc_column_text]<\/p>\n<p style=\"text-align: justify;\">Bei den Parlamentwahlen verzeichnet das Wahlkomitee der Deutschen Minderheit einen systematischen R\u00fcckgang der Stimmzahl f\u00fcr die Kandidaten der deutschen Liste. Bei den Wahlen im Jahr 2011 war der R\u00fcckgang recht gro\u00df. Im Jahr 2015 verzeichnete das Wahlkomitee der Deutschen Minderheit ebenfalls einen R\u00fcckgang der Stimmenzahl, doch war dieser recht unbedeutsam im Vergleich zu den vergangenen Jahren \u2013 bei den Parlamentswahlen im Jahr 2011 erhielt das Wahlkomitee insgesamt 28 014 Stimmen. im Jahr 2015 lag die Zahl bei 27 530 Stimmen und im Jahr 2019 &#8211; 32 094 Stimmen.<\/p>\n<p style=\"text-align: justify;\">Aktuelle Informationen \u00fcber die T\u00e4tigkeit des Sejmabgeordneten Ryszard Galla findet man auf seiner Homepage: <a href=\"http:\/\/www.ryszard-galla.pl\/\">http:\/\/www.ryszard-galla.pl\/<\/a> <span>oder Facebook: <a href=\"https:\/\/www.facebook.com\/GallaRyszard\/\">Facebook Ryszard Galla<\/a><\/span><\/p>\n<p>[\/vc_column_text][\/vc_column][\/vc_row][vc_row][vc_column][vc_column_text]<\/p>\n<h2><span style=\"font-size: 23px; color: #000000;\"><strong><span class=\"iconized font-icomoon glyph-newspaper\"><\/span> Verwandte Themen:<\/strong><\/span><\/h2>\n<p>[\/vc_column_text][vc_basic_grid post_type=&#8221;post&#8221; max_items=&#8221;100&#8243; style=&#8221;load-more&#8221; items_per_page=&#8221;4&#8243; element_width=&#8221;3&#8243; item=&#8221;masonryGrid_SlideFromLeft&#8221; btn_title=&#8221;Za\u0142aduj wi\u0119cej&#8221; btn_color=&#8221;danger&#8221; grid_id=&#8221;vc_gid:1574204073919-c72557cd-e90d-5&#8243; taxonomies=&#8221;732&#8243;][\/vc_column][\/vc_row]<\/p>","protected":false},"excerpt":{"rendered":"<p>[vc_row][vc_column][vc_column_text] Parlamentswahlen: Die Gesellschaft stellt regelm\u00e4\u00dfig, bereits seit 1991, eine eigene Liste der deutschen Minderheit bei der Parlamentswahl auf. Die Wahlkomitees der nationalen Minderheiten sind in Polen von der 5-Prozent-H\u00fcrde befreit. Das Wahlkomitee &nbsp;\u201eDeutsche Minderheit\u201d tauchte zum ersten Mal im Jahr 1990 bei Erg\u00e4nzungswahlen zum Senat in der Woiwodschaft Oppeln auf. Der Kandidat in den [&hellip;]<\/p>\n","protected":false},"author":1,"featured_media":0,"parent":9344,"menu_order":40,"comment_status":"closed","ping_status":"closed","template":"","meta":{"footnotes":""},"class_list":["post-9989","page","type-page","status-publish","hentry"],"yoast_head":"<!-- This site is optimized with the Yoast SEO plugin v18.9 - https:\/\/yoast.com\/wordpress\/plugins\/seo\/ -->\n<title>Parlamentswahlen - Deutsche Minderheit, Sozial-Kulturelle Gesellschaft der Deutschen im Oppelner Schlesien<\/title>\n<meta name=\"robots\" content=\"index, follow, max-snippet:-1, max-image-preview:large, max-video-preview:-1\" \/>\n<link rel=\"canonical\" href=\"https:\/\/skgd.pl\/dzialalnosc-polityczno-spoleczna\/aktywnosc-polityczna\/wybory-parlamentarne-mniejszosc-niemiecka\/\" \/>\n<meta property=\"og:locale\" content=\"de_DE\" \/>\n<meta property=\"og:type\" content=\"article\" \/>\n<meta property=\"og:title\" content=\"Parlamentswahlen - Deutsche Minderheit, Sozial-Kulturelle Gesellschaft der Deutschen im Oppelner Schlesien\" \/>\n<meta property=\"og:description\" content=\"[vc_row][vc_column][vc_column_text] Parlamentswahlen: Die Gesellschaft stellt regelm\u00e4\u00dfig, bereits seit 1991, eine eigene Liste der deutschen Minderheit bei der Parlamentswahl auf. Die Wahlkomitees der nationalen Minderheiten sind in Polen von der 5-Prozent-H\u00fcrde befreit. Das Wahlkomitee &nbsp;\u201eDeutsche Minderheit\u201d tauchte zum ersten Mal im Jahr 1990 bei Erg\u00e4nzungswahlen zum Senat in der Woiwodschaft Oppeln auf. Der Kandidat in den [&hellip;]\" \/>\n<meta property=\"og:url\" content=\"https:\/\/skgd.pl\/dzialalnosc-polityczno-spoleczna\/aktywnosc-polityczna\/wybory-parlamentarne-mniejszosc-niemiecka\/\" \/>\n<meta property=\"og:site_name\" content=\"Deutsche Minderheit, Sozial-Kulturelle Gesellschaft der Deutschen im Oppelner Schlesien\" \/>\n<meta property=\"article:modified_time\" content=\"2019-11-19T22:56:44+00:00\" \/>\n<meta property=\"og:image\" content=\"https:\/\/skgd.pl\/wp-content\/uploads\/2015\/11\/IMG_5364-300x200.jpg\" \/>\n<meta name=\"twitter:card\" content=\"summary_large_image\" \/>\n<meta name=\"twitter:label1\" content=\"Gesch\u00e4tzte Lesezeit\" \/>\n\t<meta name=\"twitter:data1\" content=\"6\u00a0Minuten\" \/>\n<script type=\"application\/ld+json\" class=\"yoast-schema-graph\">{\"@context\":\"https:\/\/schema.org\",\"@graph\":[{\"@type\":\"WebSite\",\"@id\":\"https:\/\/skgd.pl\/#website\",\"url\":\"https:\/\/skgd.pl\/\",\"name\":\"Deutsche Minderheit, Sozial-Kulturelle Gesellschaft der Deutschen im Oppelner Schlesien\",\"description\":\"Deutsche Minderheit in Polen\",\"potentialAction\":[{\"@type\":\"SearchAction\",\"target\":{\"@type\":\"EntryPoint\",\"urlTemplate\":\"https:\/\/skgd.pl\/?s={search_term_string}\"},\"query-input\":\"required name=search_term_string\"}],\"inLanguage\":\"de\"},{\"@type\":\"ImageObject\",\"inLanguage\":\"de\",\"@id\":\"https:\/\/skgd.pl\/dzialalnosc-polityczno-spoleczna\/aktywnosc-polityczna\/wybory-parlamentarne-mniejszosc-niemiecka\/#primaryimage\",\"url\":\"https:\/\/skgd.pl\/wp-content\/uploads\/2015\/11\/IMG_5364-scaled.jpg\",\"contentUrl\":\"https:\/\/skgd.pl\/wp-content\/uploads\/2015\/11\/IMG_5364-scaled.jpg\",\"width\":2560,\"height\":1707},{\"@type\":\"WebPage\",\"@id\":\"https:\/\/skgd.pl\/dzialalnosc-polityczno-spoleczna\/aktywnosc-polityczna\/wybory-parlamentarne-mniejszosc-niemiecka\/#webpage\",\"url\":\"https:\/\/skgd.pl\/dzialalnosc-polityczno-spoleczna\/aktywnosc-polityczna\/wybory-parlamentarne-mniejszosc-niemiecka\/\",\"name\":\"Parlamentswahlen - Deutsche Minderheit, Sozial-Kulturelle Gesellschaft der Deutschen im Oppelner Schlesien\",\"isPartOf\":{\"@id\":\"https:\/\/skgd.pl\/#website\"},\"primaryImageOfPage\":{\"@id\":\"https:\/\/skgd.pl\/dzialalnosc-polityczno-spoleczna\/aktywnosc-polityczna\/wybory-parlamentarne-mniejszosc-niemiecka\/#primaryimage\"},\"datePublished\":\"2016-01-20T12:40:52+00:00\",\"dateModified\":\"2019-11-19T22:56:44+00:00\",\"breadcrumb\":{\"@id\":\"https:\/\/skgd.pl\/dzialalnosc-polityczno-spoleczna\/aktywnosc-polityczna\/wybory-parlamentarne-mniejszosc-niemiecka\/#breadcrumb\"},\"inLanguage\":\"de\",\"potentialAction\":[{\"@type\":\"ReadAction\",\"target\":[\"https:\/\/skgd.pl\/dzialalnosc-polityczno-spoleczna\/aktywnosc-polityczna\/wybory-parlamentarne-mniejszosc-niemiecka\/\"]}]},{\"@type\":\"BreadcrumbList\",\"@id\":\"https:\/\/skgd.pl\/dzialalnosc-polityczno-spoleczna\/aktywnosc-polityczna\/wybory-parlamentarne-mniejszosc-niemiecka\/#breadcrumb\",\"itemListElement\":[{\"@type\":\"ListItem\",\"position\":1,\"name\":\"Strona g\u0142\u00f3wna\",\"item\":\"https:\/\/skgd.pl\/\"},{\"@type\":\"ListItem\",\"position\":2,\"name\":\"Gesellschaftliche T\u00e4tigkeit\",\"item\":\"https:\/\/skgd.pl\/de\/dzialalnosc-polityczno-spoleczna\/\"},{\"@type\":\"ListItem\",\"position\":3,\"name\":\"Politische Aktivit\u00e4t\",\"item\":\"https:\/\/skgd.pl\/de\/dzialalnosc-polityczno-spoleczna\/aktywnosc-polityczna\/\"},{\"@type\":\"ListItem\",\"position\":4,\"name\":\"Udzia\u0142 w wyborach parlamentarnych\"}]}]}<\/script>\n<!-- \/ Yoast SEO plugin. -->","yoast_head_json":{"title":"Parlamentswahlen - Deutsche Minderheit, Sozial-Kulturelle Gesellschaft der Deutschen im Oppelner Schlesien","robots":{"index":"index","follow":"follow","max-snippet":"max-snippet:-1","max-image-preview":"max-image-preview:large","max-video-preview":"max-video-preview:-1"},"canonical":"https:\/\/skgd.pl\/dzialalnosc-polityczno-spoleczna\/aktywnosc-polityczna\/wybory-parlamentarne-mniejszosc-niemiecka\/","og_locale":"de_DE","og_type":"article","og_title":"Parlamentswahlen - Deutsche Minderheit, Sozial-Kulturelle Gesellschaft der Deutschen im Oppelner Schlesien","og_description":"[vc_row][vc_column][vc_column_text] Parlamentswahlen: Die Gesellschaft stellt regelm\u00e4\u00dfig, bereits seit 1991, eine eigene Liste der deutschen Minderheit bei der Parlamentswahl auf. Die Wahlkomitees der nationalen Minderheiten sind in Polen von der 5-Prozent-H\u00fcrde befreit. Das Wahlkomitee &nbsp;\u201eDeutsche Minderheit\u201d tauchte zum ersten Mal im Jahr 1990 bei Erg\u00e4nzungswahlen zum Senat in der Woiwodschaft Oppeln auf. Der Kandidat in den [&hellip;]","og_url":"https:\/\/skgd.pl\/dzialalnosc-polityczno-spoleczna\/aktywnosc-polityczna\/wybory-parlamentarne-mniejszosc-niemiecka\/","og_site_name":"Deutsche Minderheit, Sozial-Kulturelle Gesellschaft der Deutschen im Oppelner Schlesien","article_modified_time":"2019-11-19T22:56:44+00:00","og_image":[{"url":"https:\/\/skgd.pl\/wp-content\/uploads\/2015\/11\/IMG_5364-300x200.jpg"}],"twitter_card":"summary_large_image","twitter_misc":{"Gesch\u00e4tzte Lesezeit":"6\u00a0Minuten"},"schema":{"@context":"https:\/\/schema.org","@graph":[{"@type":"WebSite","@id":"https:\/\/skgd.pl\/#website","url":"https:\/\/skgd.pl\/","name":"Deutsche Minderheit, Sozial-Kulturelle Gesellschaft der Deutschen im Oppelner Schlesien","description":"Deutsche Minderheit in Polen","potentialAction":[{"@type":"SearchAction","target":{"@type":"EntryPoint","urlTemplate":"https:\/\/skgd.pl\/?s={search_term_string}"},"query-input":"required name=search_term_string"}],"inLanguage":"de"},{"@type":"ImageObject","inLanguage":"de","@id":"https:\/\/skgd.pl\/dzialalnosc-polityczno-spoleczna\/aktywnosc-polityczna\/wybory-parlamentarne-mniejszosc-niemiecka\/#primaryimage","url":"https:\/\/skgd.pl\/wp-content\/uploads\/2015\/11\/IMG_5364-scaled.jpg","contentUrl":"https:\/\/skgd.pl\/wp-content\/uploads\/2015\/11\/IMG_5364-scaled.jpg","width":2560,"height":1707},{"@type":"WebPage","@id":"https:\/\/skgd.pl\/dzialalnosc-polityczno-spoleczna\/aktywnosc-polityczna\/wybory-parlamentarne-mniejszosc-niemiecka\/#webpage","url":"https:\/\/skgd.pl\/dzialalnosc-polityczno-spoleczna\/aktywnosc-polityczna\/wybory-parlamentarne-mniejszosc-niemiecka\/","name":"Parlamentswahlen - Deutsche Minderheit, Sozial-Kulturelle Gesellschaft der Deutschen im Oppelner Schlesien","isPartOf":{"@id":"https:\/\/skgd.pl\/#website"},"primaryImageOfPage":{"@id":"https:\/\/skgd.pl\/dzialalnosc-polityczno-spoleczna\/aktywnosc-polityczna\/wybory-parlamentarne-mniejszosc-niemiecka\/#primaryimage"},"datePublished":"2016-01-20T12:40:52+00:00","dateModified":"2019-11-19T22:56:44+00:00","breadcrumb":{"@id":"https:\/\/skgd.pl\/dzialalnosc-polityczno-spoleczna\/aktywnosc-polityczna\/wybory-parlamentarne-mniejszosc-niemiecka\/#breadcrumb"},"inLanguage":"de","potentialAction":[{"@type":"ReadAction","target":["https:\/\/skgd.pl\/dzialalnosc-polityczno-spoleczna\/aktywnosc-polityczna\/wybory-parlamentarne-mniejszosc-niemiecka\/"]}]},{"@type":"BreadcrumbList","@id":"https:\/\/skgd.pl\/dzialalnosc-polityczno-spoleczna\/aktywnosc-polityczna\/wybory-parlamentarne-mniejszosc-niemiecka\/#breadcrumb","itemListElement":[{"@type":"ListItem","position":1,"name":"Strona g\u0142\u00f3wna","item":"https:\/\/skgd.pl\/"},{"@type":"ListItem","position":2,"name":"Gesellschaftliche T\u00e4tigkeit","item":"https:\/\/skgd.pl\/de\/dzialalnosc-polityczno-spoleczna\/"},{"@type":"ListItem","position":3,"name":"Politische Aktivit\u00e4t","item":"https:\/\/skgd.pl\/de\/dzialalnosc-polityczno-spoleczna\/aktywnosc-polityczna\/"},{"@type":"ListItem","position":4,"name":"Udzia\u0142 w wyborach parlamentarnych"}]}]}},"_links":{"self":[{"href":"https:\/\/skgd.pl\/de\/wp-json\/wp\/v2\/pages\/9989","targetHints":{"allow":["GET"]}}],"collection":[{"href":"https:\/\/skgd.pl\/de\/wp-json\/wp\/v2\/pages"}],"about":[{"href":"https:\/\/skgd.pl\/de\/wp-json\/wp\/v2\/types\/page"}],"author":[{"embeddable":true,"href":"https:\/\/skgd.pl\/de\/wp-json\/wp\/v2\/users\/1"}],"replies":[{"embeddable":true,"href":"https:\/\/skgd.pl\/de\/wp-json\/wp\/v2\/comments?post=9989"}],"version-history":[{"count":12,"href":"https:\/\/skgd.pl\/de\/wp-json\/wp\/v2\/pages\/9989\/revisions"}],"predecessor-version":[{"id":22286,"href":"https:\/\/skgd.pl\/de\/wp-json\/wp\/v2\/pages\/9989\/revisions\/22286"}],"up":[{"embeddable":true,"href":"https:\/\/skgd.pl\/de\/wp-json\/wp\/v2\/pages\/9344"}],"wp:attachment":[{"href":"https:\/\/skgd.pl\/de\/wp-json\/wp\/v2\/media?parent=9989"}],"curies":[{"name":"wp","href":"https:\/\/api.w.org\/{rel}","templated":true}]}}