{"id":9987,"date":"2016-01-20T13:40:03","date_gmt":"2016-01-20T12:40:03","guid":{"rendered":"http:\/\/skgd.pl\/?page_id=9987"},"modified":"2025-01-02T21:43:23","modified_gmt":"2025-01-02T20:43:23","slug":"komisja-wspolna-rzadu-i-mniejszosci-narodowych-i-etnicznych","status":"publish","type":"page","link":"https:\/\/skgd.pl\/de\/dzialalnosc-polityczno-spoleczna\/aktywnosc-polityczna\/komisja-wspolna-rzadu-i-mniejszosci-narodowych-i-etnicznych\/","title":{"rendered":"Gemeinsame Kommission der Regierung und der nationalen und ethnischen Minderheiten"},"content":{"rendered":"<p><strong>Gemeinsame Kommission der Regierung und der nationalen und ethnischen Minderheiten <\/strong><\/p>\n<p style=\"text-align: justify;\">Gemeinsame Kommission der Regierung und der nationalen und ethnischen Minderheiten ist ein Begutachtungs- und Beratungsorgan des Vorsitzenden des Ministerrates, gegr\u00fcndet aufgrund Art.23 Abs. 1 des Gesetzes vom 6. Januar 2005 \u00fcber nationale und ethnischen Minderheiten und Regionalsprache. Die Gemeinsame Kommission bilden u.a. Vertreter der im Gesetz genannten Organe sowie Vertreter der nationalen und ethnischen Minderheiten. Die deutsche Minderheit hat dort zwei Vertreter. Die Gemeinsame Kommission hat die M\u00f6glichkeit um Stellungnahme <a href=\"https:\/\/skgd.pl\/wp-content\/uploads\/2016\/01\/P1670630.jpg\" rel=\"attachment wp-att-10476\"><img loading=\"lazy\" decoding=\"async\" class=\"size-medium wp-image-10476 alignleft\" src=\"https:\/\/skgd.pl\/wp-content\/uploads\/2016\/01\/P1670630-300x225.jpg\" alt=\"P1670630\" width=\"300\" height=\"225\" srcset=\"https:\/\/skgd.pl\/wp-content\/uploads\/2016\/01\/P1670630-300x225.jpg 300w, https:\/\/skgd.pl\/wp-content\/uploads\/2016\/01\/P1670630-600x450.jpg 600w, https:\/\/skgd.pl\/wp-content\/uploads\/2016\/01\/P1670630-768x576.jpg 768w, https:\/\/skgd.pl\/wp-content\/uploads\/2016\/01\/P1670630-1024x768.jpg 1024w, https:\/\/skgd.pl\/wp-content\/uploads\/2016\/01\/P1670630-800x600.jpg 800w\" sizes=\"auto, (max-width: 300px) 100vw, 300px\" \/><\/a>und Informationen an Einrichtungen und wissenschaftliche Kreise sowie gesellschaftliche Organisationen zu bitten. Sie hat dar\u00fcber hinaus die M\u00f6glichkeit Vertreter von Kommunen, sozialen Organisationen und wissenschaftlichen Kreisen zu ihrer T\u00e4tigkeit einzuladen. Die Rolle der Gemeinsamen Kommission hat zudem wichtigen Imagecharakter f\u00fcr die Minderheit und zwar nicht nur die deutsche Minderheit. Dieses Organ zeigt auf Regierungsebene Probleme auf, mit denen die Minderheiten in Polen zu k\u00e4mpfen haben, welche sonst \u00fcberhaupt unbemerkt und sich selbst \u00fcberlassen w\u00fcrden. Die Kommission wacht auch \u00fcber die Umsetzung des Minderheitengesetzes und fungiert als Vermittler zwischen der Regierungsseite und den jeweiligen Minderheiten. Zu ihren Hauptaufgaben geh\u00f6ren u.a.: Begutachtung der Realisierung von Rechten und Bed\u00fcrfnissen der Minderheiten, darunter Begutachtung der Umsetzungsweise und Formulierung von Vorschl\u00e4gen, die zur minderheitenf\u00f6rdernden Ma\u00dfnahmen f\u00fchren, Begutachtung von Programmen zur Bewahrung und Entwicklung der kulturellen Identit\u00e4t von Minderheiten, Begutachtung von Projekten der minderheitenbezogenen Rechtsakte, Begutachtung der H\u00f6he und Regeln der Aufteilung von Staatshaushaltsmitteln f\u00fcr T\u00e4tigkeiten zum Schutz, Bewahrung und Entwicklung der kulturellen Identit\u00e4t der Minderheiten und Entwicklung der Regionalsprache, Vorbeugema\u00dfnahmen gegen die Diskriminierung von Minderheiten.<\/p>\n<p>Die Deutsche Minderheit in der Gemeinsamen Kommission repr\u00e4sentieren: Rafa\u0142 Bartek und Bernard Gaida.&nbsp;<\/p>\n<p>[vc_row][vc_column][vc_column_text]<\/p>\n<h2><span style=\"font-size: 23px; color: #000000;\"><strong><span class=\"iconized font-icomoon glyph-newspaper\"><\/span> Verwandte Themen:<\/strong><\/span><\/h2>\n<p>[\/vc_column_text][vc_basic_grid post_type=&#8221;post&#8221; max_items=&#8221;100&#8243; style=&#8221;load-more&#8221; items_per_page=&#8221;4&#8243; element_width=&#8221;3&#8243; item=&#8221;masonryGrid_SlideFromLeft&#8221; btn_title=&#8221;Za\u0142aduj wi\u0119cej&#8221; btn_color=&#8221;danger&#8221; grid_id=&#8221;vc_gid:1562244869266-c2e3f770-df4b-0&#8243; taxonomies=&#8221;732&#8243;][\/vc_column][\/vc_row]<\/p>","protected":false},"excerpt":{"rendered":"<p>Gemeinsame Kommission der Regierung und der nationalen und ethnischen Minderheiten Gemeinsame Kommission der Regierung und der nationalen und ethnischen Minderheiten ist ein Begutachtungs- und Beratungsorgan des Vorsitzenden des Ministerrates, gegr\u00fcndet aufgrund Art.23 Abs. 1 des Gesetzes vom 6. Januar 2005 \u00fcber nationale und ethnischen Minderheiten und Regionalsprache. Die Gemeinsame Kommission bilden u.a. Vertreter der im [&hellip;]<\/p>\n","protected":false},"author":1,"featured_media":0,"parent":9344,"menu_order":41,"comment_status":"closed","ping_status":"closed","template":"","meta":{"footnotes":""},"class_list":["post-9987","page","type-page","status-publish","hentry"],"yoast_head":"<!-- This site is optimized with the Yoast SEO plugin v18.9 - https:\/\/yoast.com\/wordpress\/plugins\/seo\/ -->\n<title>Gemeinsame Kommission der Regierung und der nationalen und ethnischen Minderheiten - Deutsche Minderheit, Sozial-Kulturelle Gesellschaft der Deutschen im Oppelner Schlesien<\/title>\n<meta name=\"robots\" content=\"index, follow, max-snippet:-1, max-image-preview:large, max-video-preview:-1\" \/>\n<link rel=\"canonical\" href=\"https:\/\/skgd.pl\/dzialalnosc-polityczno-spoleczna\/aktywnosc-polityczna\/komisja-wspolna-rzadu-i-mniejszosci-narodowych-i-etnicznych\/\" \/>\n<meta property=\"og:locale\" content=\"de_DE\" \/>\n<meta property=\"og:type\" content=\"article\" \/>\n<meta property=\"og:title\" content=\"Gemeinsame Kommission der Regierung und der nationalen und ethnischen Minderheiten - Deutsche Minderheit, Sozial-Kulturelle Gesellschaft der Deutschen im Oppelner Schlesien\" \/>\n<meta property=\"og:description\" content=\"Gemeinsame Kommission der Regierung und der nationalen und ethnischen Minderheiten Gemeinsame Kommission der Regierung und der nationalen und ethnischen Minderheiten ist ein Begutachtungs- und Beratungsorgan des Vorsitzenden des Ministerrates, gegr\u00fcndet aufgrund Art.23 Abs. 1 des Gesetzes vom 6. Januar 2005 \u00fcber nationale und ethnischen Minderheiten und Regionalsprache. Die Gemeinsame Kommission bilden u.a. Vertreter der im [&hellip;]\" \/>\n<meta property=\"og:url\" content=\"https:\/\/skgd.pl\/dzialalnosc-polityczno-spoleczna\/aktywnosc-polityczna\/komisja-wspolna-rzadu-i-mniejszosci-narodowych-i-etnicznych\/\" \/>\n<meta property=\"og:site_name\" content=\"Deutsche Minderheit, Sozial-Kulturelle Gesellschaft der Deutschen im Oppelner Schlesien\" \/>\n<meta property=\"article:modified_time\" content=\"2025-01-02T20:43:23+00:00\" \/>\n<meta property=\"og:image\" content=\"https:\/\/skgd.pl\/wp-content\/uploads\/2016\/01\/P1670630-300x225.jpg\" \/>\n<meta name=\"twitter:card\" content=\"summary_large_image\" \/>\n<meta name=\"twitter:label1\" content=\"Gesch\u00e4tzte Lesezeit\" \/>\n\t<meta name=\"twitter:data1\" content=\"4\u00a0Minuten\" \/>\n<script type=\"application\/ld+json\" class=\"yoast-schema-graph\">{\"@context\":\"https:\/\/schema.org\",\"@graph\":[{\"@type\":\"WebSite\",\"@id\":\"https:\/\/skgd.pl\/#website\",\"url\":\"https:\/\/skgd.pl\/\",\"name\":\"Deutsche Minderheit, Sozial-Kulturelle Gesellschaft der Deutschen im Oppelner Schlesien\",\"description\":\"Deutsche Minderheit in Polen\",\"potentialAction\":[{\"@type\":\"SearchAction\",\"target\":{\"@type\":\"EntryPoint\",\"urlTemplate\":\"https:\/\/skgd.pl\/?s={search_term_string}\"},\"query-input\":\"required name=search_term_string\"}],\"inLanguage\":\"de\"},{\"@type\":\"ImageObject\",\"inLanguage\":\"de\",\"@id\":\"https:\/\/skgd.pl\/dzialalnosc-polityczno-spoleczna\/aktywnosc-polityczna\/komisja-wspolna-rzadu-i-mniejszosci-narodowych-i-etnicznych\/#primaryimage\",\"url\":\"https:\/\/skgd.pl\/wp-content\/uploads\/2016\/01\/P1670630-scaled.jpg\",\"contentUrl\":\"https:\/\/skgd.pl\/wp-content\/uploads\/2016\/01\/P1670630-scaled.jpg\",\"width\":2560,\"height\":1920},{\"@type\":\"WebPage\",\"@id\":\"https:\/\/skgd.pl\/dzialalnosc-polityczno-spoleczna\/aktywnosc-polityczna\/komisja-wspolna-rzadu-i-mniejszosci-narodowych-i-etnicznych\/#webpage\",\"url\":\"https:\/\/skgd.pl\/dzialalnosc-polityczno-spoleczna\/aktywnosc-polityczna\/komisja-wspolna-rzadu-i-mniejszosci-narodowych-i-etnicznych\/\",\"name\":\"Gemeinsame Kommission der Regierung und der nationalen und ethnischen Minderheiten - Deutsche Minderheit, Sozial-Kulturelle Gesellschaft der Deutschen im Oppelner Schlesien\",\"isPartOf\":{\"@id\":\"https:\/\/skgd.pl\/#website\"},\"primaryImageOfPage\":{\"@id\":\"https:\/\/skgd.pl\/dzialalnosc-polityczno-spoleczna\/aktywnosc-polityczna\/komisja-wspolna-rzadu-i-mniejszosci-narodowych-i-etnicznych\/#primaryimage\"},\"datePublished\":\"2016-01-20T12:40:03+00:00\",\"dateModified\":\"2025-01-02T20:43:23+00:00\",\"breadcrumb\":{\"@id\":\"https:\/\/skgd.pl\/dzialalnosc-polityczno-spoleczna\/aktywnosc-polityczna\/komisja-wspolna-rzadu-i-mniejszosci-narodowych-i-etnicznych\/#breadcrumb\"},\"inLanguage\":\"de\",\"potentialAction\":[{\"@type\":\"ReadAction\",\"target\":[\"https:\/\/skgd.pl\/dzialalnosc-polityczno-spoleczna\/aktywnosc-polityczna\/komisja-wspolna-rzadu-i-mniejszosci-narodowych-i-etnicznych\/\"]}]},{\"@type\":\"BreadcrumbList\",\"@id\":\"https:\/\/skgd.pl\/dzialalnosc-polityczno-spoleczna\/aktywnosc-polityczna\/komisja-wspolna-rzadu-i-mniejszosci-narodowych-i-etnicznych\/#breadcrumb\",\"itemListElement\":[{\"@type\":\"ListItem\",\"position\":1,\"name\":\"Strona g\u0142\u00f3wna\",\"item\":\"https:\/\/skgd.pl\/\"},{\"@type\":\"ListItem\",\"position\":2,\"name\":\"Gesellschaftliche T\u00e4tigkeit\",\"item\":\"https:\/\/skgd.pl\/de\/dzialalnosc-polityczno-spoleczna\/\"},{\"@type\":\"ListItem\",\"position\":3,\"name\":\"Politische Aktivit\u00e4t\",\"item\":\"https:\/\/skgd.pl\/de\/dzialalnosc-polityczno-spoleczna\/aktywnosc-polityczna\/\"},{\"@type\":\"ListItem\",\"position\":4,\"name\":\"Komisja Wsp\u00f3lna Rz\u0105du i Mniejszo\u015bci Narodowych i Etnicznych\"}]}]}<\/script>\n<!-- \/ Yoast SEO plugin. -->","yoast_head_json":{"title":"Gemeinsame Kommission der Regierung und der nationalen und ethnischen Minderheiten - Deutsche Minderheit, Sozial-Kulturelle Gesellschaft der Deutschen im Oppelner Schlesien","robots":{"index":"index","follow":"follow","max-snippet":"max-snippet:-1","max-image-preview":"max-image-preview:large","max-video-preview":"max-video-preview:-1"},"canonical":"https:\/\/skgd.pl\/dzialalnosc-polityczno-spoleczna\/aktywnosc-polityczna\/komisja-wspolna-rzadu-i-mniejszosci-narodowych-i-etnicznych\/","og_locale":"de_DE","og_type":"article","og_title":"Gemeinsame Kommission der Regierung und der nationalen und ethnischen Minderheiten - Deutsche Minderheit, Sozial-Kulturelle Gesellschaft der Deutschen im Oppelner Schlesien","og_description":"Gemeinsame Kommission der Regierung und der nationalen und ethnischen Minderheiten Gemeinsame Kommission der Regierung und der nationalen und ethnischen Minderheiten ist ein Begutachtungs- und Beratungsorgan des Vorsitzenden des Ministerrates, gegr\u00fcndet aufgrund Art.23 Abs. 1 des Gesetzes vom 6. Januar 2005 \u00fcber nationale und ethnischen Minderheiten und Regionalsprache. Die Gemeinsame Kommission bilden u.a. Vertreter der im [&hellip;]","og_url":"https:\/\/skgd.pl\/dzialalnosc-polityczno-spoleczna\/aktywnosc-polityczna\/komisja-wspolna-rzadu-i-mniejszosci-narodowych-i-etnicznych\/","og_site_name":"Deutsche Minderheit, Sozial-Kulturelle Gesellschaft der Deutschen im Oppelner Schlesien","article_modified_time":"2025-01-02T20:43:23+00:00","og_image":[{"url":"https:\/\/skgd.pl\/wp-content\/uploads\/2016\/01\/P1670630-300x225.jpg"}],"twitter_card":"summary_large_image","twitter_misc":{"Gesch\u00e4tzte Lesezeit":"4\u00a0Minuten"},"schema":{"@context":"https:\/\/schema.org","@graph":[{"@type":"WebSite","@id":"https:\/\/skgd.pl\/#website","url":"https:\/\/skgd.pl\/","name":"Deutsche Minderheit, Sozial-Kulturelle Gesellschaft der Deutschen im Oppelner Schlesien","description":"Deutsche Minderheit in Polen","potentialAction":[{"@type":"SearchAction","target":{"@type":"EntryPoint","urlTemplate":"https:\/\/skgd.pl\/?s={search_term_string}"},"query-input":"required name=search_term_string"}],"inLanguage":"de"},{"@type":"ImageObject","inLanguage":"de","@id":"https:\/\/skgd.pl\/dzialalnosc-polityczno-spoleczna\/aktywnosc-polityczna\/komisja-wspolna-rzadu-i-mniejszosci-narodowych-i-etnicznych\/#primaryimage","url":"https:\/\/skgd.pl\/wp-content\/uploads\/2016\/01\/P1670630-scaled.jpg","contentUrl":"https:\/\/skgd.pl\/wp-content\/uploads\/2016\/01\/P1670630-scaled.jpg","width":2560,"height":1920},{"@type":"WebPage","@id":"https:\/\/skgd.pl\/dzialalnosc-polityczno-spoleczna\/aktywnosc-polityczna\/komisja-wspolna-rzadu-i-mniejszosci-narodowych-i-etnicznych\/#webpage","url":"https:\/\/skgd.pl\/dzialalnosc-polityczno-spoleczna\/aktywnosc-polityczna\/komisja-wspolna-rzadu-i-mniejszosci-narodowych-i-etnicznych\/","name":"Gemeinsame Kommission der Regierung und der nationalen und ethnischen Minderheiten - Deutsche Minderheit, Sozial-Kulturelle Gesellschaft der Deutschen im Oppelner Schlesien","isPartOf":{"@id":"https:\/\/skgd.pl\/#website"},"primaryImageOfPage":{"@id":"https:\/\/skgd.pl\/dzialalnosc-polityczno-spoleczna\/aktywnosc-polityczna\/komisja-wspolna-rzadu-i-mniejszosci-narodowych-i-etnicznych\/#primaryimage"},"datePublished":"2016-01-20T12:40:03+00:00","dateModified":"2025-01-02T20:43:23+00:00","breadcrumb":{"@id":"https:\/\/skgd.pl\/dzialalnosc-polityczno-spoleczna\/aktywnosc-polityczna\/komisja-wspolna-rzadu-i-mniejszosci-narodowych-i-etnicznych\/#breadcrumb"},"inLanguage":"de","potentialAction":[{"@type":"ReadAction","target":["https:\/\/skgd.pl\/dzialalnosc-polityczno-spoleczna\/aktywnosc-polityczna\/komisja-wspolna-rzadu-i-mniejszosci-narodowych-i-etnicznych\/"]}]},{"@type":"BreadcrumbList","@id":"https:\/\/skgd.pl\/dzialalnosc-polityczno-spoleczna\/aktywnosc-polityczna\/komisja-wspolna-rzadu-i-mniejszosci-narodowych-i-etnicznych\/#breadcrumb","itemListElement":[{"@type":"ListItem","position":1,"name":"Strona g\u0142\u00f3wna","item":"https:\/\/skgd.pl\/"},{"@type":"ListItem","position":2,"name":"Gesellschaftliche T\u00e4tigkeit","item":"https:\/\/skgd.pl\/de\/dzialalnosc-polityczno-spoleczna\/"},{"@type":"ListItem","position":3,"name":"Politische Aktivit\u00e4t","item":"https:\/\/skgd.pl\/de\/dzialalnosc-polityczno-spoleczna\/aktywnosc-polityczna\/"},{"@type":"ListItem","position":4,"name":"Komisja Wsp\u00f3lna Rz\u0105du i Mniejszo\u015bci Narodowych i Etnicznych"}]}]}},"_links":{"self":[{"href":"https:\/\/skgd.pl\/de\/wp-json\/wp\/v2\/pages\/9987","targetHints":{"allow":["GET"]}}],"collection":[{"href":"https:\/\/skgd.pl\/de\/wp-json\/wp\/v2\/pages"}],"about":[{"href":"https:\/\/skgd.pl\/de\/wp-json\/wp\/v2\/types\/page"}],"author":[{"embeddable":true,"href":"https:\/\/skgd.pl\/de\/wp-json\/wp\/v2\/users\/1"}],"replies":[{"embeddable":true,"href":"https:\/\/skgd.pl\/de\/wp-json\/wp\/v2\/comments?post=9987"}],"version-history":[{"count":6,"href":"https:\/\/skgd.pl\/de\/wp-json\/wp\/v2\/pages\/9987\/revisions"}],"predecessor-version":[{"id":35649,"href":"https:\/\/skgd.pl\/de\/wp-json\/wp\/v2\/pages\/9987\/revisions\/35649"}],"up":[{"embeddable":true,"href":"https:\/\/skgd.pl\/de\/wp-json\/wp\/v2\/pages\/9344"}],"wp:attachment":[{"href":"https:\/\/skgd.pl\/de\/wp-json\/wp\/v2\/media?parent=9987"}],"curies":[{"name":"wp","href":"https:\/\/api.w.org\/{rel}","templated":true}]}}