{"id":9985,"date":"2016-01-20T13:36:33","date_gmt":"2016-01-20T12:36:33","guid":{"rendered":"http:\/\/skgd.pl\/?page_id=9985"},"modified":"2021-02-04T11:32:18","modified_gmt":"2021-02-04T10:32:18","slug":"baza-konferansjerow","status":"publish","type":"page","link":"https:\/\/skgd.pl\/de\/dzialalnosc-polityczno-spoleczna\/aktywnosc-spoleczna\/baza-konferansjerow\/","title":{"rendered":"Liste der Eventmoderatorinnen"},"content":{"rendered":"<p>[vc_row][vc_column][vc_column_text]<\/p>\n<p style=\"text-align: justify;\"><strong>Liste der&nbsp;Eventmoderatorinen<\/strong><\/p>\n<p style=\"text-align: justify;\">Beim Veranstalten von verschiedenen Konferenzen, Versammlungen oder Diskussionen taucht immer die Frage auf, wen man mit der Leitung dieser Events beauftragen soll. Diese Funktion \u00fcbernehmen Moderatoren. Sie leiten das Programm, weisen auf wesentliche Fragen hin, sorgen f\u00fcr gute Stimmung und Interesse im Publikum. Deren Pers\u00f6nlichkiet, eine klare und sympathische Pr\u00e4senz sowie Stimme k\u00f6nnen das Publikum verzaubern. Ein professioneller Ansager hilft dabei, das Programm der Veranstaltung zusammenstellen und bei dessen Organisierung helfen.<\/p>\n<p style=\"text-align: justify;\"><strong>Angesichts dieser Erwartungen verf\u00fcgt die Sozial-kulturelle Gesellschaft der Deutschen im Oppelner Schlesien \u00fcber professionell ausgebildete Conf\u00e9renciere. <a href=\"https:\/\/skgd.pl\/wp-content\/uploads\/2021\/02\/moderator.xlsx\">HIER finden sie die Liste mit den Kontaktdaten.<\/a><\/strong><\/p>\n<p>[\/vc_column_text][\/vc_column][\/vc_row][vc_row disable_element=&#8221;yes&#8221;][vc_column][vc_tta_accordion][vc_tta_section title=&#8221;Karolina Trela&#8221; tab_id=&#8221;1551341524147-ec81ba96-5420&#8243;][vc_column_text]<img loading=\"lazy\" decoding=\"async\" class=\"size-medium wp-image-18567\" src=\"https:\/\/skgd.pl\/wp-content\/uploads\/2018\/08\/DSC054321-200x300.jpg\" sizes=\"auto, (max-width: 200px) 100vw, 200px\" srcset=\"https:\/\/skgd.pl\/wp-content\/uploads\/2018\/08\/DSC054321-200x300.jpg 200w, https:\/\/skgd.pl\/wp-content\/uploads\/2018\/08\/DSC054321-768x1154.jpg 768w, https:\/\/skgd.pl\/wp-content\/uploads\/2018\/08\/DSC054321-682x1024.jpg 682w, https:\/\/skgd.pl\/wp-content\/uploads\/2018\/08\/DSC054321-800x1202.jpg 800w\" alt=\"\" width=\"200\" height=\"300\"><\/p>\n<p>DFK Bro\u017cec\/Brosch\u00fctz<\/p>\n<p>tel. 787 005 487<\/p>\n<p>ewasuchinska.14@gmail.com[\/vc_column_text][\/vc_tta_section][vc_tta_section title=&#8221;Karolina Trela&#8221; tab_id=&#8221;1551341937481-9dbdb12f-4d9e&#8221;][vc_column_text]<img loading=\"lazy\" decoding=\"async\" class=\"size-medium wp-image-18567\" src=\"https:\/\/skgd.pl\/wp-content\/uploads\/2018\/08\/DSC054321-200x300.jpg\" sizes=\"auto, (max-width: 200px) 100vw, 200px\" srcset=\"https:\/\/skgd.pl\/wp-content\/uploads\/2018\/08\/DSC054321-200x300.jpg 200w, https:\/\/skgd.pl\/wp-content\/uploads\/2018\/08\/DSC054321-768x1154.jpg 768w, https:\/\/skgd.pl\/wp-content\/uploads\/2018\/08\/DSC054321-682x1024.jpg 682w, https:\/\/skgd.pl\/wp-content\/uploads\/2018\/08\/DSC054321-800x1202.jpg 800w\" alt=\"\" width=\"200\" height=\"300\"><\/p>\n<p>DFK Bro\u017cec\/Brosch\u00fctz<\/p>\n<p>tel. 787 005 487<\/p>\n<p>ewasuchinska.14@gmail.com[\/vc_column_text][\/vc_tta_section][vc_tta_section title=&#8221;Karolina Trela&#8221; tab_id=&#8221;1551341937212-1fcdd84b-5241&#8243;][vc_column_text]<img loading=\"lazy\" decoding=\"async\" class=\"size-medium wp-image-18567\" src=\"https:\/\/skgd.pl\/wp-content\/uploads\/2018\/08\/DSC054321-200x300.jpg\" sizes=\"auto, (max-width: 200px) 100vw, 200px\" srcset=\"https:\/\/skgd.pl\/wp-content\/uploads\/2018\/08\/DSC054321-200x300.jpg 200w, https:\/\/skgd.pl\/wp-content\/uploads\/2018\/08\/DSC054321-768x1154.jpg 768w, https:\/\/skgd.pl\/wp-content\/uploads\/2018\/08\/DSC054321-682x1024.jpg 682w, https:\/\/skgd.pl\/wp-content\/uploads\/2018\/08\/DSC054321-800x1202.jpg 800w\" alt=\"\" width=\"200\" height=\"300\"><\/p>\n<p>DFK Bro\u017cec\/Brosch\u00fctz<\/p>\n<p>tel. 787 005 487<\/p>\n<p>ewasuchinska.14@gmail.com[\/vc_column_text][\/vc_tta_section][vc_tta_section title=&#8221;Karolina Trela&#8221; tab_id=&#8221;1551341936875-0cdd3829-a62e&#8221;][vc_column_text]<img loading=\"lazy\" decoding=\"async\" class=\"size-medium wp-image-18567\" src=\"https:\/\/skgd.pl\/wp-content\/uploads\/2018\/08\/DSC054321-200x300.jpg\" sizes=\"auto, (max-width: 200px) 100vw, 200px\" srcset=\"https:\/\/skgd.pl\/wp-content\/uploads\/2018\/08\/DSC054321-200x300.jpg 200w, https:\/\/skgd.pl\/wp-content\/uploads\/2018\/08\/DSC054321-768x1154.jpg 768w, https:\/\/skgd.pl\/wp-content\/uploads\/2018\/08\/DSC054321-682x1024.jpg 682w, https:\/\/skgd.pl\/wp-content\/uploads\/2018\/08\/DSC054321-800x1202.jpg 800w\" alt=\"\" width=\"200\" height=\"300\"><\/p>\n<p>DFK Bro\u017cec\/Brosch\u00fctz<\/p>\n<p>tel. 787 005 487<\/p>\n<p>ewasuchinska.14@gmail.com[\/vc_column_text][\/vc_tta_section][vc_tta_section title=&#8221;Karolina Trela&#8221; tab_id=&#8221;1551341936549-b7b5c3d6-3a1f&#8221;][vc_column_text]<img loading=\"lazy\" decoding=\"async\" class=\"size-medium wp-image-18567\" src=\"https:\/\/skgd.pl\/wp-content\/uploads\/2018\/08\/DSC054321-200x300.jpg\" sizes=\"auto, (max-width: 200px) 100vw, 200px\" srcset=\"https:\/\/skgd.pl\/wp-content\/uploads\/2018\/08\/DSC054321-200x300.jpg 200w, https:\/\/skgd.pl\/wp-content\/uploads\/2018\/08\/DSC054321-768x1154.jpg 768w, https:\/\/skgd.pl\/wp-content\/uploads\/2018\/08\/DSC054321-682x1024.jpg 682w, https:\/\/skgd.pl\/wp-content\/uploads\/2018\/08\/DSC054321-800x1202.jpg 800w\" alt=\"\" width=\"200\" height=\"300\"><\/p>\n<p>DFK Bro\u017cec\/Brosch\u00fctz<\/p>\n<p>tel. 787 005 487<\/p>\n<p>ewasuchinska.14@gmail.com[\/vc_column_text][\/vc_tta_section][vc_tta_section title=&#8221;Karolina Trela&#8221; tab_id=&#8221;1551341936227-790c8f94-578e&#8221;][vc_column_text]<img loading=\"lazy\" decoding=\"async\" class=\"size-medium wp-image-18567\" src=\"https:\/\/skgd.pl\/wp-content\/uploads\/2018\/08\/DSC054321-200x300.jpg\" sizes=\"auto, (max-width: 200px) 100vw, 200px\" srcset=\"https:\/\/skgd.pl\/wp-content\/uploads\/2018\/08\/DSC054321-200x300.jpg 200w, https:\/\/skgd.pl\/wp-content\/uploads\/2018\/08\/DSC054321-768x1154.jpg 768w, https:\/\/skgd.pl\/wp-content\/uploads\/2018\/08\/DSC054321-682x1024.jpg 682w, https:\/\/skgd.pl\/wp-content\/uploads\/2018\/08\/DSC054321-800x1202.jpg 800w\" alt=\"\" width=\"200\" height=\"300\"><\/p>\n<p>DFK Bro\u017cec\/Brosch\u00fctz<\/p>\n<p>tel. 787 005 487<\/p>\n<p>ewasuchinska.14@gmail.com[\/vc_column_text][\/vc_tta_section][vc_tta_section title=&#8221;Karolina Trela&#8221; tab_id=&#8221;1551341935906-89740b12-a377&#8243;][vc_column_text]<img loading=\"lazy\" decoding=\"async\" class=\"size-medium wp-image-18567\" src=\"https:\/\/skgd.pl\/wp-content\/uploads\/2018\/08\/DSC054321-200x300.jpg\" sizes=\"auto, (max-width: 200px) 100vw, 200px\" srcset=\"https:\/\/skgd.pl\/wp-content\/uploads\/2018\/08\/DSC054321-200x300.jpg 200w, https:\/\/skgd.pl\/wp-content\/uploads\/2018\/08\/DSC054321-768x1154.jpg 768w, https:\/\/skgd.pl\/wp-content\/uploads\/2018\/08\/DSC054321-682x1024.jpg 682w, https:\/\/skgd.pl\/wp-content\/uploads\/2018\/08\/DSC054321-800x1202.jpg 800w\" alt=\"\" width=\"200\" height=\"300\"><\/p>\n<p>DFK Bro\u017cec\/Brosch\u00fctz<\/p>\n<p>tel. 787 005 487<\/p>\n<p>ewasuchinska.14@gmail.com[\/vc_column_text][\/vc_tta_section][vc_tta_section title=&#8221;Karolina Trela&#8221; tab_id=&#8221;1551341935590-720a48f5-81d4&#8243;][vc_column_text]<img loading=\"lazy\" decoding=\"async\" class=\"size-medium wp-image-18567\" src=\"https:\/\/skgd.pl\/wp-content\/uploads\/2018\/08\/DSC054321-200x300.jpg\" sizes=\"auto, (max-width: 200px) 100vw, 200px\" srcset=\"https:\/\/skgd.pl\/wp-content\/uploads\/2018\/08\/DSC054321-200x300.jpg 200w, https:\/\/skgd.pl\/wp-content\/uploads\/2018\/08\/DSC054321-768x1154.jpg 768w, https:\/\/skgd.pl\/wp-content\/uploads\/2018\/08\/DSC054321-682x1024.jpg 682w, https:\/\/skgd.pl\/wp-content\/uploads\/2018\/08\/DSC054321-800x1202.jpg 800w\" alt=\"\" width=\"200\" height=\"300\"><\/p>\n<p>DFK Bro\u017cec\/Brosch\u00fctz<\/p>\n<p>tel. 787 005 487<\/p>\n<p>ewasuchinska.14@gmail.com[\/vc_column_text][\/vc_tta_section][vc_tta_section title=&#8221;Karolina Trela&#8221; tab_id=&#8221;1551341935261-454e783c-15ac&#8221;][vc_column_text]<img loading=\"lazy\" decoding=\"async\" class=\"size-medium wp-image-18567\" src=\"https:\/\/skgd.pl\/wp-content\/uploads\/2018\/08\/DSC054321-200x300.jpg\" sizes=\"auto, (max-width: 200px) 100vw, 200px\" srcset=\"https:\/\/skgd.pl\/wp-content\/uploads\/2018\/08\/DSC054321-200x300.jpg 200w, https:\/\/skgd.pl\/wp-content\/uploads\/2018\/08\/DSC054321-768x1154.jpg 768w, https:\/\/skgd.pl\/wp-content\/uploads\/2018\/08\/DSC054321-682x1024.jpg 682w, https:\/\/skgd.pl\/wp-content\/uploads\/2018\/08\/DSC054321-800x1202.jpg 800w\" alt=\"\" width=\"200\" height=\"300\"><\/p>\n<p>DFK Bro\u017cec\/Brosch\u00fctz<\/p>\n<p>tel. 787 005 487<\/p>\n<p>ewasuchinska.14@gmail.com[\/vc_column_text][\/vc_tta_section][vc_tta_section title=&#8221;Karolina Trela&#8221; tab_id=&#8221;1551341934907-2b222c8e-3122&#8243;][vc_column_text]<img loading=\"lazy\" decoding=\"async\" class=\"size-medium wp-image-18567\" src=\"https:\/\/skgd.pl\/wp-content\/uploads\/2018\/08\/DSC054321-200x300.jpg\" sizes=\"auto, (max-width: 200px) 100vw, 200px\" srcset=\"https:\/\/skgd.pl\/wp-content\/uploads\/2018\/08\/DSC054321-200x300.jpg 200w, https:\/\/skgd.pl\/wp-content\/uploads\/2018\/08\/DSC054321-768x1154.jpg 768w, https:\/\/skgd.pl\/wp-content\/uploads\/2018\/08\/DSC054321-682x1024.jpg 682w, https:\/\/skgd.pl\/wp-content\/uploads\/2018\/08\/DSC054321-800x1202.jpg 800w\" alt=\"\" width=\"200\" height=\"300\"><\/p>\n<p>DFK Bro\u017cec\/Brosch\u00fctz<\/p>\n<p>tel. 787 005 487<\/p>\n<p>ewasuchinska.14@gmail.com[\/vc_column_text][\/vc_tta_section][vc_tta_section title=&#8221;Karolina Trela&#8221; tab_id=&#8221;1551341934476-eb136062-9a2e&#8221;][vc_column_text]<img loading=\"lazy\" decoding=\"async\" class=\"size-medium wp-image-18567\" src=\"https:\/\/skgd.pl\/wp-content\/uploads\/2018\/08\/DSC054321-200x300.jpg\" sizes=\"auto, (max-width: 200px) 100vw, 200px\" srcset=\"https:\/\/skgd.pl\/wp-content\/uploads\/2018\/08\/DSC054321-200x300.jpg 200w, https:\/\/skgd.pl\/wp-content\/uploads\/2018\/08\/DSC054321-768x1154.jpg 768w, https:\/\/skgd.pl\/wp-content\/uploads\/2018\/08\/DSC054321-682x1024.jpg 682w, https:\/\/skgd.pl\/wp-content\/uploads\/2018\/08\/DSC054321-800x1202.jpg 800w\" alt=\"\" width=\"200\" height=\"300\"><\/p>\n<p>DFK Bro\u017cec\/Brosch\u00fctz<\/p>\n<p>tel. 787 005 487<\/p>\n<p>ewasuchinska.14@gmail.com[\/vc_column_text][\/vc_tta_section][vc_tta_section title=&#8221;Karolina Trela&#8221; tab_id=&#8221;1551341933523-8e60c754-78f1&#8243;][vc_column_text]<img loading=\"lazy\" decoding=\"async\" class=\"size-medium wp-image-18567\" src=\"https:\/\/skgd.pl\/wp-content\/uploads\/2018\/08\/DSC054321-200x300.jpg\" sizes=\"auto, (max-width: 200px) 100vw, 200px\" srcset=\"https:\/\/skgd.pl\/wp-content\/uploads\/2018\/08\/DSC054321-200x300.jpg 200w, https:\/\/skgd.pl\/wp-content\/uploads\/2018\/08\/DSC054321-768x1154.jpg 768w, https:\/\/skgd.pl\/wp-content\/uploads\/2018\/08\/DSC054321-682x1024.jpg 682w, https:\/\/skgd.pl\/wp-content\/uploads\/2018\/08\/DSC054321-800x1202.jpg 800w\" alt=\"\" width=\"200\" height=\"300\"><\/p>\n<p>DFK Bro\u017cec\/Brosch\u00fctz<\/p>\n<p>tel. 787 005 487<\/p>\n<p>ewasuchinska.14@gmail.com[\/vc_column_text][\/vc_tta_section][vc_tta_section title=&#8221;Karolina Trela&#8221; tab_id=&#8221;1551341932462-f52a8013-8c0a&#8221;][vc_column_text]<img loading=\"lazy\" decoding=\"async\" class=\"size-medium wp-image-18567\" src=\"https:\/\/skgd.pl\/wp-content\/uploads\/2018\/08\/DSC054321-200x300.jpg\" sizes=\"auto, (max-width: 200px) 100vw, 200px\" srcset=\"https:\/\/skgd.pl\/wp-content\/uploads\/2018\/08\/DSC054321-200x300.jpg 200w, https:\/\/skgd.pl\/wp-content\/uploads\/2018\/08\/DSC054321-768x1154.jpg 768w, https:\/\/skgd.pl\/wp-content\/uploads\/2018\/08\/DSC054321-682x1024.jpg 682w, https:\/\/skgd.pl\/wp-content\/uploads\/2018\/08\/DSC054321-800x1202.jpg 800w\" alt=\"\" width=\"200\" height=\"300\"><\/p>\n<p>DFK Bro\u017cec\/Brosch\u00fctz<\/p>\n<p>tel. 787 005 487<\/p>\n<p>ewasuchinska.14@gmail.com[\/vc_column_text][\/vc_tta_section][\/vc_tta_accordion][\/vc_column][\/vc_row]<\/p>","protected":false},"excerpt":{"rendered":"<p>[vc_row][vc_column][vc_column_text] Liste der&nbsp;Eventmoderatorinen Beim Veranstalten von verschiedenen Konferenzen, Versammlungen oder Diskussionen taucht immer die Frage auf, wen man mit der Leitung dieser Events beauftragen soll. Diese Funktion \u00fcbernehmen Moderatoren. Sie leiten das Programm, weisen auf wesentliche Fragen hin, sorgen f\u00fcr gute Stimmung und Interesse im Publikum. Deren Pers\u00f6nlichkiet, eine klare und sympathische Pr\u00e4senz sowie Stimme [&hellip;]<\/p>\n","protected":false},"author":1,"featured_media":0,"parent":9353,"menu_order":43,"comment_status":"closed","ping_status":"closed","template":"","meta":{"footnotes":""},"class_list":["post-9985","page","type-page","status-publish","hentry"],"yoast_head":"<!-- This site is optimized with the Yoast SEO plugin v18.9 - https:\/\/yoast.com\/wordpress\/plugins\/seo\/ -->\n<title>Liste der Eventmoderatorinnen - Deutsche Minderheit, Sozial-Kulturelle Gesellschaft der Deutschen im Oppelner Schlesien<\/title>\n<meta name=\"robots\" content=\"index, follow, max-snippet:-1, max-image-preview:large, max-video-preview:-1\" \/>\n<link rel=\"canonical\" href=\"https:\/\/skgd.pl\/dzialalnosc-polityczno-spoleczna\/aktywnosc-spoleczna\/baza-konferansjerow\/\" \/>\n<meta property=\"og:locale\" content=\"de_DE\" \/>\n<meta property=\"og:type\" content=\"article\" \/>\n<meta property=\"og:title\" content=\"Liste der Eventmoderatorinnen - Deutsche Minderheit, Sozial-Kulturelle Gesellschaft der Deutschen im Oppelner Schlesien\" \/>\n<meta property=\"og:description\" content=\"[vc_row][vc_column][vc_column_text] Liste der&nbsp;Eventmoderatorinen Beim Veranstalten von verschiedenen Konferenzen, Versammlungen oder Diskussionen taucht immer die Frage auf, wen man mit der Leitung dieser Events beauftragen soll. Diese Funktion \u00fcbernehmen Moderatoren. Sie leiten das Programm, weisen auf wesentliche Fragen hin, sorgen f\u00fcr gute Stimmung und Interesse im Publikum. Deren Pers\u00f6nlichkiet, eine klare und sympathische Pr\u00e4senz sowie Stimme [&hellip;]\" \/>\n<meta property=\"og:url\" content=\"https:\/\/skgd.pl\/dzialalnosc-polityczno-spoleczna\/aktywnosc-spoleczna\/baza-konferansjerow\/\" \/>\n<meta property=\"og:site_name\" content=\"Deutsche Minderheit, Sozial-Kulturelle Gesellschaft der Deutschen im Oppelner Schlesien\" \/>\n<meta property=\"article:modified_time\" content=\"2021-02-04T10:32:18+00:00\" \/>\n<meta property=\"og:image\" content=\"https:\/\/skgd.pl\/wp-content\/uploads\/2018\/08\/DSC054321-200x300.jpg\" \/>\n<meta name=\"twitter:card\" content=\"summary_large_image\" \/>\n<meta name=\"twitter:label1\" content=\"Gesch\u00e4tzte Lesezeit\" \/>\n\t<meta name=\"twitter:data1\" content=\"5\u00a0Minuten\" \/>\n<script type=\"application\/ld+json\" class=\"yoast-schema-graph\">{\"@context\":\"https:\/\/schema.org\",\"@graph\":[{\"@type\":\"WebSite\",\"@id\":\"https:\/\/skgd.pl\/#website\",\"url\":\"https:\/\/skgd.pl\/\",\"name\":\"Deutsche Minderheit, Sozial-Kulturelle Gesellschaft der Deutschen im Oppelner Schlesien\",\"description\":\"Deutsche Minderheit in Polen\",\"potentialAction\":[{\"@type\":\"SearchAction\",\"target\":{\"@type\":\"EntryPoint\",\"urlTemplate\":\"https:\/\/skgd.pl\/?s={search_term_string}\"},\"query-input\":\"required name=search_term_string\"}],\"inLanguage\":\"de\"},{\"@type\":\"ImageObject\",\"inLanguage\":\"de\",\"@id\":\"https:\/\/skgd.pl\/dzialalnosc-polityczno-spoleczna\/aktywnosc-spoleczna\/baza-konferansjerow\/#primaryimage\",\"url\":\"https:\/\/skgd.pl\/wp-content\/uploads\/2018\/08\/DSC054321-200x300.jpg\",\"contentUrl\":\"https:\/\/skgd.pl\/wp-content\/uploads\/2018\/08\/DSC054321-200x300.jpg\"},{\"@type\":\"WebPage\",\"@id\":\"https:\/\/skgd.pl\/dzialalnosc-polityczno-spoleczna\/aktywnosc-spoleczna\/baza-konferansjerow\/#webpage\",\"url\":\"https:\/\/skgd.pl\/dzialalnosc-polityczno-spoleczna\/aktywnosc-spoleczna\/baza-konferansjerow\/\",\"name\":\"Liste der Eventmoderatorinnen - Deutsche Minderheit, Sozial-Kulturelle Gesellschaft der Deutschen im Oppelner Schlesien\",\"isPartOf\":{\"@id\":\"https:\/\/skgd.pl\/#website\"},\"primaryImageOfPage\":{\"@id\":\"https:\/\/skgd.pl\/dzialalnosc-polityczno-spoleczna\/aktywnosc-spoleczna\/baza-konferansjerow\/#primaryimage\"},\"datePublished\":\"2016-01-20T12:36:33+00:00\",\"dateModified\":\"2021-02-04T10:32:18+00:00\",\"breadcrumb\":{\"@id\":\"https:\/\/skgd.pl\/dzialalnosc-polityczno-spoleczna\/aktywnosc-spoleczna\/baza-konferansjerow\/#breadcrumb\"},\"inLanguage\":\"de\",\"potentialAction\":[{\"@type\":\"ReadAction\",\"target\":[\"https:\/\/skgd.pl\/dzialalnosc-polityczno-spoleczna\/aktywnosc-spoleczna\/baza-konferansjerow\/\"]}]},{\"@type\":\"BreadcrumbList\",\"@id\":\"https:\/\/skgd.pl\/dzialalnosc-polityczno-spoleczna\/aktywnosc-spoleczna\/baza-konferansjerow\/#breadcrumb\",\"itemListElement\":[{\"@type\":\"ListItem\",\"position\":1,\"name\":\"Strona g\u0142\u00f3wna\",\"item\":\"https:\/\/skgd.pl\/\"},{\"@type\":\"ListItem\",\"position\":2,\"name\":\"Gesellschaftliche T\u00e4tigkeit\",\"item\":\"https:\/\/skgd.pl\/de\/dzialalnosc-polityczno-spoleczna\/\"},{\"@type\":\"ListItem\",\"position\":3,\"name\":\"Aktywno\u015b\u0107 spo\u0142eczna\",\"item\":\"https:\/\/skgd.pl\/dzialalnosc-polityczno-spoleczna\/aktywnosc-spoleczna\/\"},{\"@type\":\"ListItem\",\"position\":4,\"name\":\"Baza konferansjer\u00f3w\"}]}]}<\/script>\n<!-- \/ Yoast SEO plugin. -->","yoast_head_json":{"title":"Liste der Eventmoderatorinnen - Deutsche Minderheit, Sozial-Kulturelle Gesellschaft der Deutschen im Oppelner Schlesien","robots":{"index":"index","follow":"follow","max-snippet":"max-snippet:-1","max-image-preview":"max-image-preview:large","max-video-preview":"max-video-preview:-1"},"canonical":"https:\/\/skgd.pl\/dzialalnosc-polityczno-spoleczna\/aktywnosc-spoleczna\/baza-konferansjerow\/","og_locale":"de_DE","og_type":"article","og_title":"Liste der Eventmoderatorinnen - Deutsche Minderheit, Sozial-Kulturelle Gesellschaft der Deutschen im Oppelner Schlesien","og_description":"[vc_row][vc_column][vc_column_text] Liste der&nbsp;Eventmoderatorinen Beim Veranstalten von verschiedenen Konferenzen, Versammlungen oder Diskussionen taucht immer die Frage auf, wen man mit der Leitung dieser Events beauftragen soll. Diese Funktion \u00fcbernehmen Moderatoren. Sie leiten das Programm, weisen auf wesentliche Fragen hin, sorgen f\u00fcr gute Stimmung und Interesse im Publikum. Deren Pers\u00f6nlichkiet, eine klare und sympathische Pr\u00e4senz sowie Stimme [&hellip;]","og_url":"https:\/\/skgd.pl\/dzialalnosc-polityczno-spoleczna\/aktywnosc-spoleczna\/baza-konferansjerow\/","og_site_name":"Deutsche Minderheit, Sozial-Kulturelle Gesellschaft der Deutschen im Oppelner Schlesien","article_modified_time":"2021-02-04T10:32:18+00:00","og_image":[{"url":"https:\/\/skgd.pl\/wp-content\/uploads\/2018\/08\/DSC054321-200x300.jpg"}],"twitter_card":"summary_large_image","twitter_misc":{"Gesch\u00e4tzte Lesezeit":"5\u00a0Minuten"},"schema":{"@context":"https:\/\/schema.org","@graph":[{"@type":"WebSite","@id":"https:\/\/skgd.pl\/#website","url":"https:\/\/skgd.pl\/","name":"Deutsche Minderheit, Sozial-Kulturelle Gesellschaft der Deutschen im Oppelner Schlesien","description":"Deutsche Minderheit in Polen","potentialAction":[{"@type":"SearchAction","target":{"@type":"EntryPoint","urlTemplate":"https:\/\/skgd.pl\/?s={search_term_string}"},"query-input":"required name=search_term_string"}],"inLanguage":"de"},{"@type":"ImageObject","inLanguage":"de","@id":"https:\/\/skgd.pl\/dzialalnosc-polityczno-spoleczna\/aktywnosc-spoleczna\/baza-konferansjerow\/#primaryimage","url":"https:\/\/skgd.pl\/wp-content\/uploads\/2018\/08\/DSC054321-200x300.jpg","contentUrl":"https:\/\/skgd.pl\/wp-content\/uploads\/2018\/08\/DSC054321-200x300.jpg"},{"@type":"WebPage","@id":"https:\/\/skgd.pl\/dzialalnosc-polityczno-spoleczna\/aktywnosc-spoleczna\/baza-konferansjerow\/#webpage","url":"https:\/\/skgd.pl\/dzialalnosc-polityczno-spoleczna\/aktywnosc-spoleczna\/baza-konferansjerow\/","name":"Liste der Eventmoderatorinnen - Deutsche Minderheit, Sozial-Kulturelle Gesellschaft der Deutschen im Oppelner Schlesien","isPartOf":{"@id":"https:\/\/skgd.pl\/#website"},"primaryImageOfPage":{"@id":"https:\/\/skgd.pl\/dzialalnosc-polityczno-spoleczna\/aktywnosc-spoleczna\/baza-konferansjerow\/#primaryimage"},"datePublished":"2016-01-20T12:36:33+00:00","dateModified":"2021-02-04T10:32:18+00:00","breadcrumb":{"@id":"https:\/\/skgd.pl\/dzialalnosc-polityczno-spoleczna\/aktywnosc-spoleczna\/baza-konferansjerow\/#breadcrumb"},"inLanguage":"de","potentialAction":[{"@type":"ReadAction","target":["https:\/\/skgd.pl\/dzialalnosc-polityczno-spoleczna\/aktywnosc-spoleczna\/baza-konferansjerow\/"]}]},{"@type":"BreadcrumbList","@id":"https:\/\/skgd.pl\/dzialalnosc-polityczno-spoleczna\/aktywnosc-spoleczna\/baza-konferansjerow\/#breadcrumb","itemListElement":[{"@type":"ListItem","position":1,"name":"Strona g\u0142\u00f3wna","item":"https:\/\/skgd.pl\/"},{"@type":"ListItem","position":2,"name":"Gesellschaftliche T\u00e4tigkeit","item":"https:\/\/skgd.pl\/de\/dzialalnosc-polityczno-spoleczna\/"},{"@type":"ListItem","position":3,"name":"Aktywno\u015b\u0107 spo\u0142eczna","item":"https:\/\/skgd.pl\/dzialalnosc-polityczno-spoleczna\/aktywnosc-spoleczna\/"},{"@type":"ListItem","position":4,"name":"Baza konferansjer\u00f3w"}]}]}},"_links":{"self":[{"href":"https:\/\/skgd.pl\/de\/wp-json\/wp\/v2\/pages\/9985","targetHints":{"allow":["GET"]}}],"collection":[{"href":"https:\/\/skgd.pl\/de\/wp-json\/wp\/v2\/pages"}],"about":[{"href":"https:\/\/skgd.pl\/de\/wp-json\/wp\/v2\/types\/page"}],"author":[{"embeddable":true,"href":"https:\/\/skgd.pl\/de\/wp-json\/wp\/v2\/users\/1"}],"replies":[{"embeddable":true,"href":"https:\/\/skgd.pl\/de\/wp-json\/wp\/v2\/comments?post=9985"}],"version-history":[{"count":11,"href":"https:\/\/skgd.pl\/de\/wp-json\/wp\/v2\/pages\/9985\/revisions"}],"predecessor-version":[{"id":21320,"href":"https:\/\/skgd.pl\/de\/wp-json\/wp\/v2\/pages\/9985\/revisions\/21320"}],"up":[{"embeddable":true,"href":"https:\/\/skgd.pl\/de\/wp-json\/wp\/v2\/pages\/9353"}],"wp:attachment":[{"href":"https:\/\/skgd.pl\/de\/wp-json\/wp\/v2\/media?parent=9985"}],"curies":[{"name":"wp","href":"https:\/\/api.w.org\/{rel}","templated":true}]}}