{"id":9983,"date":"2016-01-20T13:34:43","date_gmt":"2016-01-20T12:34:43","guid":{"rendered":"http:\/\/skgd.pl\/?page_id=9983"},"modified":"2019-07-15T14:48:42","modified_gmt":"2019-07-15T12:48:42","slug":"klaster-senioralny","status":"publish","type":"page","link":"https:\/\/skgd.pl\/de\/dzialalnosc-polityczno-spoleczna\/aktywnosc-spoleczna\/klaster-senioralny\/","title":{"rendered":"Seniorencluster"},"content":{"rendered":"<p><strong>Seniorencluster&nbsp;&nbsp; <\/strong><\/p>\n<p style=\"text-align: justify;\">Am Montag den 10. M\u00e4rz 2014 wurde im Marschallamt ein Abkommen \u00fcber Zusammenarbeit im Rahmen des Oppelner Seniorenclusters, welchem u.a. die Sozial-Kulturelle Gesellschaft der Deutschen im Oppelner Schlesien angeh\u00f6rt , unterzeichnet.<\/p>\n<p style=\"text-align: justify;\"><a href=\"https:\/\/skgd.pl\/wp-content\/uploads\/2016\/01\/9-21.jpg\" rel=\"attachment wp-att-10465\"><img loading=\"lazy\" decoding=\"async\" class=\"size-medium wp-image-10465 alignleft\" src=\"https:\/\/skgd.pl\/wp-content\/uploads\/2016\/01\/9-21-300x169.jpg\" alt=\"9 (2)[1]\" width=\"300\" height=\"169\" srcset=\"https:\/\/skgd.pl\/wp-content\/uploads\/2016\/01\/9-21-300x169.jpg 300w, https:\/\/skgd.pl\/wp-content\/uploads\/2016\/01\/9-21-600x338.jpg 600w, https:\/\/skgd.pl\/wp-content\/uploads\/2016\/01\/9-21-768x432.jpg 768w, https:\/\/skgd.pl\/wp-content\/uploads\/2016\/01\/9-21-1024x576.jpg 1024w, https:\/\/skgd.pl\/wp-content\/uploads\/2016\/01\/9-21-800x450.jpg 800w, https:\/\/skgd.pl\/wp-content\/uploads\/2016\/01\/9-21.jpg 1600w\" sizes=\"auto, (max-width: 300px) 100vw, 300px\" \/><\/a>Partner, die diesen Cluster ins Leben riefen sind: bit Polska Sp. z o.o., Caritas der Di\u00f6zese Oppeln, CTC Polska Sp. z o.o., Staatliche Hochschule f\u00fcr Medizin in Opole, Selbstst\u00e4ndiges \u00d6ffentliches Krankenhauskomplex in Kupp, Sozial-Kulturelle Gesellschaft der Deutschen im Oppelner Schlesien. Die Schirmherrschaft \u00fcbernimmt der Marschall der Woiwodschaft Oppeln und der Oppelner Woiwode, die dem Cluster ebenso angeh\u00f6ren. Die Partnerwahl ist nicht zuf\u00e4llig. Es sind Subjekte, die seit l\u00e4ngerer Zeit im Bereich \u201eSeniorenpolitik\u201d aktiv sind, in verschiedenen Bereichen oder Dienstleistungen t\u00e4tig sind, wie Geriatrie, Pflege und Rehabilitation von Senioren, Ausbildung von Kr\u00e4ften f\u00fcr Medizin und Pflege, Projekt- und Busine\u00dfberatung, Schulungen und Consulting, kulturell-soziale Animation.<\/p>\n<p style=\"text-align: justify;\">Die Aufgabe des Clusters besteht u.a. darin, innovative L\u00f6sungen auszuarbeiten, um ein komplexes Angebot in Bereich Gesundheits- und Pflegedienstleistungen f\u00fcr Senioren zu schaffen und diese sowohl f\u00fcr die Bewohner der Woiwodschaft Oppeln als auch Zugereiste zu gew\u00e4hrleisten.<\/p>\n<p style=\"text-align: justify;\">Die Gr\u00fcndung des Clusters ist der erste Schritt auf dem Weg zur Integration der T\u00e4tigkiet in Bereich Seniorenpolitik auf regionaler Ebene, um langfristig diesen um m\u00f6glichst viele Tr\u00e4ger zu erweitern, die im Bereich Senioren und Diestleistungen f\u00fcr Senioren wirken.<\/p>\n<p style=\"text-align: justify;\">Diese Initiative geh\u00f6rt zum \u201eSeniorenpaket\u201d der Demographischen Sonderzone der Woiwodschaft Oppeln und wird zum wichtigen Werkzeug bei der Umsetzung von manchen Aufgaben. Wir hoffen, dass die Gr\u00fcndung des Clusters zum guten Impuls wird, um die Woiwodschaft Oppeln zu einer \u201eseniorenfreundlichen\u201d Zone zu machen, die gute Lebensbedingungen, Pflege und Verl\u00e4ngerung der Aktivit\u00e4t f\u00fchren.<\/p>\n<p><\/p>","protected":false},"excerpt":{"rendered":"<p>Seniorencluster&nbsp;&nbsp; Am Montag den 10. M\u00e4rz 2014 wurde im Marschallamt ein Abkommen \u00fcber Zusammenarbeit im Rahmen des Oppelner Seniorenclusters, welchem u.a. die Sozial-Kulturelle Gesellschaft der Deutschen im Oppelner Schlesien angeh\u00f6rt , unterzeichnet. Partner, die diesen Cluster ins Leben riefen sind: bit Polska Sp. z o.o., Caritas der Di\u00f6zese Oppeln, CTC Polska Sp. z o.o., Staatliche [&hellip;]<\/p>\n","protected":false},"author":1,"featured_media":0,"parent":9353,"menu_order":42,"comment_status":"closed","ping_status":"closed","template":"","meta":{"footnotes":""},"class_list":["post-9983","page","type-page","status-publish","hentry"],"yoast_head":"<!-- This site is optimized with the Yoast SEO plugin v18.9 - https:\/\/yoast.com\/wordpress\/plugins\/seo\/ -->\n<title>Seniorencluster - Deutsche Minderheit, Sozial-Kulturelle Gesellschaft der Deutschen im Oppelner Schlesien<\/title>\n<meta name=\"robots\" content=\"index, follow, max-snippet:-1, max-image-preview:large, max-video-preview:-1\" \/>\n<link rel=\"canonical\" href=\"https:\/\/skgd.pl\/dzialalnosc-polityczno-spoleczna\/aktywnosc-spoleczna\/klaster-senioralny\/\" \/>\n<meta property=\"og:locale\" content=\"de_DE\" \/>\n<meta property=\"og:type\" content=\"article\" \/>\n<meta property=\"og:title\" content=\"Seniorencluster - Deutsche Minderheit, Sozial-Kulturelle Gesellschaft der Deutschen im Oppelner Schlesien\" \/>\n<meta property=\"og:description\" content=\"Seniorencluster&nbsp;&nbsp; Am Montag den 10. M\u00e4rz 2014 wurde im Marschallamt ein Abkommen \u00fcber Zusammenarbeit im Rahmen des Oppelner Seniorenclusters, welchem u.a. die Sozial-Kulturelle Gesellschaft der Deutschen im Oppelner Schlesien angeh\u00f6rt , unterzeichnet. Partner, die diesen Cluster ins Leben riefen sind: bit Polska Sp. z o.o., Caritas der Di\u00f6zese Oppeln, CTC Polska Sp. z o.o., Staatliche [&hellip;]\" \/>\n<meta property=\"og:url\" content=\"https:\/\/skgd.pl\/dzialalnosc-polityczno-spoleczna\/aktywnosc-spoleczna\/klaster-senioralny\/\" \/>\n<meta property=\"og:site_name\" content=\"Deutsche Minderheit, Sozial-Kulturelle Gesellschaft der Deutschen im Oppelner Schlesien\" \/>\n<meta property=\"article:modified_time\" content=\"2019-07-15T12:48:42+00:00\" \/>\n<meta property=\"og:image\" content=\"https:\/\/skgd.pl\/wp-content\/uploads\/2016\/01\/9-21-300x169.jpg\" \/>\n<meta name=\"twitter:card\" content=\"summary_large_image\" \/>\n<meta name=\"twitter:label1\" content=\"Gesch\u00e4tzte Lesezeit\" \/>\n\t<meta name=\"twitter:data1\" content=\"3\u00a0Minuten\" \/>\n<script type=\"application\/ld+json\" class=\"yoast-schema-graph\">{\"@context\":\"https:\/\/schema.org\",\"@graph\":[{\"@type\":\"WebSite\",\"@id\":\"https:\/\/skgd.pl\/#website\",\"url\":\"https:\/\/skgd.pl\/\",\"name\":\"Deutsche Minderheit, Sozial-Kulturelle Gesellschaft der Deutschen im Oppelner Schlesien\",\"description\":\"Deutsche Minderheit in Polen\",\"potentialAction\":[{\"@type\":\"SearchAction\",\"target\":{\"@type\":\"EntryPoint\",\"urlTemplate\":\"https:\/\/skgd.pl\/?s={search_term_string}\"},\"query-input\":\"required name=search_term_string\"}],\"inLanguage\":\"de\"},{\"@type\":\"ImageObject\",\"inLanguage\":\"de\",\"@id\":\"https:\/\/skgd.pl\/dzialalnosc-polityczno-spoleczna\/aktywnosc-spoleczna\/klaster-senioralny\/#primaryimage\",\"url\":\"https:\/\/skgd.pl\/wp-content\/uploads\/2016\/01\/9-21.jpg\",\"contentUrl\":\"https:\/\/skgd.pl\/wp-content\/uploads\/2016\/01\/9-21.jpg\",\"width\":1600,\"height\":900},{\"@type\":\"WebPage\",\"@id\":\"https:\/\/skgd.pl\/dzialalnosc-polityczno-spoleczna\/aktywnosc-spoleczna\/klaster-senioralny\/#webpage\",\"url\":\"https:\/\/skgd.pl\/dzialalnosc-polityczno-spoleczna\/aktywnosc-spoleczna\/klaster-senioralny\/\",\"name\":\"Seniorencluster - Deutsche Minderheit, Sozial-Kulturelle Gesellschaft der Deutschen im Oppelner Schlesien\",\"isPartOf\":{\"@id\":\"https:\/\/skgd.pl\/#website\"},\"primaryImageOfPage\":{\"@id\":\"https:\/\/skgd.pl\/dzialalnosc-polityczno-spoleczna\/aktywnosc-spoleczna\/klaster-senioralny\/#primaryimage\"},\"datePublished\":\"2016-01-20T12:34:43+00:00\",\"dateModified\":\"2019-07-15T12:48:42+00:00\",\"breadcrumb\":{\"@id\":\"https:\/\/skgd.pl\/dzialalnosc-polityczno-spoleczna\/aktywnosc-spoleczna\/klaster-senioralny\/#breadcrumb\"},\"inLanguage\":\"de\",\"potentialAction\":[{\"@type\":\"ReadAction\",\"target\":[\"https:\/\/skgd.pl\/dzialalnosc-polityczno-spoleczna\/aktywnosc-spoleczna\/klaster-senioralny\/\"]}]},{\"@type\":\"BreadcrumbList\",\"@id\":\"https:\/\/skgd.pl\/dzialalnosc-polityczno-spoleczna\/aktywnosc-spoleczna\/klaster-senioralny\/#breadcrumb\",\"itemListElement\":[{\"@type\":\"ListItem\",\"position\":1,\"name\":\"Strona g\u0142\u00f3wna\",\"item\":\"https:\/\/skgd.pl\/\"},{\"@type\":\"ListItem\",\"position\":2,\"name\":\"Gesellschaftliche T\u00e4tigkeit\",\"item\":\"https:\/\/skgd.pl\/de\/dzialalnosc-polityczno-spoleczna\/\"},{\"@type\":\"ListItem\",\"position\":3,\"name\":\"Aktywno\u015b\u0107 spo\u0142eczna\",\"item\":\"https:\/\/skgd.pl\/dzialalnosc-polityczno-spoleczna\/aktywnosc-spoleczna\/\"},{\"@type\":\"ListItem\",\"position\":4,\"name\":\"Klaster senioralny\"}]}]}<\/script>\n<!-- \/ Yoast SEO plugin. -->","yoast_head_json":{"title":"Seniorencluster - Deutsche Minderheit, Sozial-Kulturelle Gesellschaft der Deutschen im Oppelner Schlesien","robots":{"index":"index","follow":"follow","max-snippet":"max-snippet:-1","max-image-preview":"max-image-preview:large","max-video-preview":"max-video-preview:-1"},"canonical":"https:\/\/skgd.pl\/dzialalnosc-polityczno-spoleczna\/aktywnosc-spoleczna\/klaster-senioralny\/","og_locale":"de_DE","og_type":"article","og_title":"Seniorencluster - Deutsche Minderheit, Sozial-Kulturelle Gesellschaft der Deutschen im Oppelner Schlesien","og_description":"Seniorencluster&nbsp;&nbsp; Am Montag den 10. M\u00e4rz 2014 wurde im Marschallamt ein Abkommen \u00fcber Zusammenarbeit im Rahmen des Oppelner Seniorenclusters, welchem u.a. die Sozial-Kulturelle Gesellschaft der Deutschen im Oppelner Schlesien angeh\u00f6rt , unterzeichnet. Partner, die diesen Cluster ins Leben riefen sind: bit Polska Sp. z o.o., Caritas der Di\u00f6zese Oppeln, CTC Polska Sp. z o.o., Staatliche [&hellip;]","og_url":"https:\/\/skgd.pl\/dzialalnosc-polityczno-spoleczna\/aktywnosc-spoleczna\/klaster-senioralny\/","og_site_name":"Deutsche Minderheit, Sozial-Kulturelle Gesellschaft der Deutschen im Oppelner Schlesien","article_modified_time":"2019-07-15T12:48:42+00:00","og_image":[{"url":"https:\/\/skgd.pl\/wp-content\/uploads\/2016\/01\/9-21-300x169.jpg"}],"twitter_card":"summary_large_image","twitter_misc":{"Gesch\u00e4tzte Lesezeit":"3\u00a0Minuten"},"schema":{"@context":"https:\/\/schema.org","@graph":[{"@type":"WebSite","@id":"https:\/\/skgd.pl\/#website","url":"https:\/\/skgd.pl\/","name":"Deutsche Minderheit, Sozial-Kulturelle Gesellschaft der Deutschen im Oppelner Schlesien","description":"Deutsche Minderheit in Polen","potentialAction":[{"@type":"SearchAction","target":{"@type":"EntryPoint","urlTemplate":"https:\/\/skgd.pl\/?s={search_term_string}"},"query-input":"required name=search_term_string"}],"inLanguage":"de"},{"@type":"ImageObject","inLanguage":"de","@id":"https:\/\/skgd.pl\/dzialalnosc-polityczno-spoleczna\/aktywnosc-spoleczna\/klaster-senioralny\/#primaryimage","url":"https:\/\/skgd.pl\/wp-content\/uploads\/2016\/01\/9-21.jpg","contentUrl":"https:\/\/skgd.pl\/wp-content\/uploads\/2016\/01\/9-21.jpg","width":1600,"height":900},{"@type":"WebPage","@id":"https:\/\/skgd.pl\/dzialalnosc-polityczno-spoleczna\/aktywnosc-spoleczna\/klaster-senioralny\/#webpage","url":"https:\/\/skgd.pl\/dzialalnosc-polityczno-spoleczna\/aktywnosc-spoleczna\/klaster-senioralny\/","name":"Seniorencluster - Deutsche Minderheit, Sozial-Kulturelle Gesellschaft der Deutschen im Oppelner Schlesien","isPartOf":{"@id":"https:\/\/skgd.pl\/#website"},"primaryImageOfPage":{"@id":"https:\/\/skgd.pl\/dzialalnosc-polityczno-spoleczna\/aktywnosc-spoleczna\/klaster-senioralny\/#primaryimage"},"datePublished":"2016-01-20T12:34:43+00:00","dateModified":"2019-07-15T12:48:42+00:00","breadcrumb":{"@id":"https:\/\/skgd.pl\/dzialalnosc-polityczno-spoleczna\/aktywnosc-spoleczna\/klaster-senioralny\/#breadcrumb"},"inLanguage":"de","potentialAction":[{"@type":"ReadAction","target":["https:\/\/skgd.pl\/dzialalnosc-polityczno-spoleczna\/aktywnosc-spoleczna\/klaster-senioralny\/"]}]},{"@type":"BreadcrumbList","@id":"https:\/\/skgd.pl\/dzialalnosc-polityczno-spoleczna\/aktywnosc-spoleczna\/klaster-senioralny\/#breadcrumb","itemListElement":[{"@type":"ListItem","position":1,"name":"Strona g\u0142\u00f3wna","item":"https:\/\/skgd.pl\/"},{"@type":"ListItem","position":2,"name":"Gesellschaftliche T\u00e4tigkeit","item":"https:\/\/skgd.pl\/de\/dzialalnosc-polityczno-spoleczna\/"},{"@type":"ListItem","position":3,"name":"Aktywno\u015b\u0107 spo\u0142eczna","item":"https:\/\/skgd.pl\/dzialalnosc-polityczno-spoleczna\/aktywnosc-spoleczna\/"},{"@type":"ListItem","position":4,"name":"Klaster senioralny"}]}]}},"_links":{"self":[{"href":"https:\/\/skgd.pl\/de\/wp-json\/wp\/v2\/pages\/9983","targetHints":{"allow":["GET"]}}],"collection":[{"href":"https:\/\/skgd.pl\/de\/wp-json\/wp\/v2\/pages"}],"about":[{"href":"https:\/\/skgd.pl\/de\/wp-json\/wp\/v2\/types\/page"}],"author":[{"embeddable":true,"href":"https:\/\/skgd.pl\/de\/wp-json\/wp\/v2\/users\/1"}],"replies":[{"embeddable":true,"href":"https:\/\/skgd.pl\/de\/wp-json\/wp\/v2\/comments?post=9983"}],"version-history":[{"count":3,"href":"https:\/\/skgd.pl\/de\/wp-json\/wp\/v2\/pages\/9983\/revisions"}],"predecessor-version":[{"id":21319,"href":"https:\/\/skgd.pl\/de\/wp-json\/wp\/v2\/pages\/9983\/revisions\/21319"}],"up":[{"embeddable":true,"href":"https:\/\/skgd.pl\/de\/wp-json\/wp\/v2\/pages\/9353"}],"wp:attachment":[{"href":"https:\/\/skgd.pl\/de\/wp-json\/wp\/v2\/media?parent=9983"}],"curies":[{"name":"wp","href":"https:\/\/api.w.org\/{rel}","templated":true}]}}