{"id":9981,"date":"2016-01-20T13:33:34","date_gmt":"2016-01-20T12:33:34","guid":{"rendered":"http:\/\/skgd.pl\/?page_id=9981"},"modified":"2019-07-15T14:47:50","modified_gmt":"2019-07-15T12:47:50","slug":"animatorzy-osob-starszych","status":"publish","type":"page","link":"https:\/\/skgd.pl\/de\/dzialalnosc-polityczno-spoleczna\/aktywnosc-spoleczna\/animatorzy-osob-starszych\/","title":{"rendered":"Animateure f\u00fcr Senioren"},"content":{"rendered":"<p><\/p>\n<p style=\"text-align: justify;\"><strong>Animateure f\u00fcr Senioren<\/strong><\/p>\n<p style=\"text-align: justify;\">Die Sozial-Kulturelle Gesellschaft der Deutschen im Oppelner Schlesien in Zusammenarbeit mit CTC Sp. z o.o (GmbH) und Partnern aus \u00d6sterreich realisierte in den Jahren das Projekt 2013-2015 \u201eTransitarbeitspl\u00e4tze \u2013 Import des Unterst\u00fctzungsmodells f\u00fcr besonders sensible Arbeitspl\u00e4tze\u201d. Das Ziel des Projekts ist die Implementierung der \u00f6sterreichischen L\u00f6sungen im Bereich berufliche und soziale Aktivierung f\u00fcr Personen im Alter 50+, die als Seniorenanimateure zugunsten von anderen Senioren aus der Woiwodschaft Oppeln im Bereich F\u00fcrsorge und soziale und gesellschaftliche Aktivierung t\u00e4tig waren.<\/p>\n<p style=\"text-align: justify;\"><a href=\"https:\/\/skgd.pl\/wp-content\/uploads\/2016\/01\/DSC_0430.jpg\" rel=\"attachment wp-att-10463\"><img loading=\"lazy\" decoding=\"async\" class=\"size-medium wp-image-10463 alignleft\" src=\"https:\/\/skgd.pl\/wp-content\/uploads\/2016\/01\/DSC_0430-300x199.jpg\" alt=\"DSC_0430\" width=\"300\" height=\"199\" srcset=\"https:\/\/skgd.pl\/wp-content\/uploads\/2016\/01\/DSC_0430-300x199.jpg 300w, https:\/\/skgd.pl\/wp-content\/uploads\/2016\/01\/DSC_0430-600x397.jpg 600w, https:\/\/skgd.pl\/wp-content\/uploads\/2016\/01\/DSC_0430-768x509.jpg 768w, https:\/\/skgd.pl\/wp-content\/uploads\/2016\/01\/DSC_0430-1024x678.jpg 1024w, https:\/\/skgd.pl\/wp-content\/uploads\/2016\/01\/DSC_0430-800x530.jpg 800w\" sizes=\"auto, (max-width: 300px) 100vw, 300px\" \/><\/a>Ausgebildete Animateure sind gr\u00f6\u00dftenteils DFK-Mitglieder. Ein Teil von ihnen fand eine Besch\u00e4ftigung in Gemeinde\u00e4mtern, Kulturh\u00e4usern, Tagespflegest\u00e4tten, wo sie eben als Animateure arbeiten. Eine von den Frauen wurde selbstst\u00e4ndig, einige leiten immer noch in ihrer Freizeit und unentgeltlich Workshops f\u00fcr Senioren.<\/p>\n<p style=\"text-align: justify;\">Unsere Animateure verf\u00fcgen \u00fcber ein gro\u00dfes Wissen und Erfahrungen im Bereich Leiten von Freizeitbesch\u00e4ftigungen f\u00fcr Senioren: angefangen von rein gesellschaftlichen Treffen, Generationstreffen, sportliche Bet\u00e4tigung, Vorlesungen, Ausfl\u00fcge bis zu manuellen und kulturellen Workshops.<\/p>\n<p style=\"text-align: justify;\">Unten finden Sie eine Liste von Animiatueren.<\/p>\n<table>\n<tbody>\n<tr>\n<td>Gruppe I<\/td>\n<td>Gruppe II<\/td>\n<td>Gruppe III<\/td>\n<td>Gruppe IV<\/td>\n<\/tr>\n<tr>\n<td>Jadwiga Kasprzyk<\/td>\n<td>El\u017cbieta&nbsp;Czok<\/td>\n<td>El\u017cbieta Buczkowska<\/td>\n<td>Maria Czarnik<\/td>\n<\/tr>\n<tr>\n<td>Jan Bogus<\/td>\n<td>Krystyna Gierok<\/td>\n<td>Danuta Hejnemann<\/td>\n<td>Sylwia Gabor<\/td>\n<\/tr>\n<tr>\n<td>Henryk Chmara<\/td>\n<td>Teresa Noczy\u0144ska<\/td>\n<td>Krystyna Konieczko<\/td>\n<td>Aniela Glik<\/td>\n<\/tr>\n<tr>\n<td>Jan Janota<\/td>\n<td>Rudolf Lawa<\/td>\n<td>Barbara Morawiak<\/td>\n<td>Teresa Kalinowska<\/td>\n<\/tr>\n<tr>\n<td>Maria Kula<\/td>\n<td>Maria Mitrenga<\/td>\n<td>Teresa Nowak<\/td>\n<td>Gotfryda Klimczak<\/td>\n<\/tr>\n<tr>\n<td>Kinga \u015alusarczyk<\/td>\n<td>Teresa Rybczyk<\/td>\n<td>Katarzyna Sikora<\/td>\n<td>Gra\u017cyna Nowak<\/td>\n<\/tr>\n<tr>\n<td>Janina Urba\u0144czyk<\/td>\n<td>Teresa Iwa\u0144ska<\/td>\n<td>Alicja Strzelec<\/td>\n<td>Jolanta Krawczyk<\/td>\n<\/tr>\n<tr>\n<td>Alicja Wojtczak<\/td>\n<td>Gizela Sikora<\/td>\n<td>Urszula Suchodolska<\/td>\n<td>Halina Pi\u0119ta<\/td>\n<\/tr>\n<tr>\n<td>Barbara Wo\u0142owska<\/td>\n<td>Alicja Jania<\/td>\n<td>Mirso\u0142awa Wojciszewska-Marchowska<\/td>\n<td>Ewa Tomaszczyk<\/td>\n<\/tr>\n<tr>\n<td>Dorota Wons<\/td>\n<td>El\u017cbieta Czepil<\/td>\n<td>Krystyna Wola\u0144ska<\/td>\n<td>Barbara Wyl\u0119ga\u0142a<\/td>\n<\/tr>\n<tr>\n<td>&nbsp;<\/td>\n<td>&nbsp;<\/td>\n<td>&nbsp;<\/td>\n<td>Jolanta Wili\u0144ska<\/td>\n<\/tr>\n<\/tbody>\n<\/table>\n<p style=\"text-align: justify;\">&nbsp;<\/p>\n<p><\/p>","protected":false},"excerpt":{"rendered":"<p>Animateure f\u00fcr Senioren Die Sozial-Kulturelle Gesellschaft der Deutschen im Oppelner Schlesien in Zusammenarbeit mit CTC Sp. z o.o (GmbH) und Partnern aus \u00d6sterreich realisierte in den Jahren das Projekt 2013-2015 \u201eTransitarbeitspl\u00e4tze \u2013 Import des Unterst\u00fctzungsmodells f\u00fcr besonders sensible Arbeitspl\u00e4tze\u201d. Das Ziel des Projekts ist die Implementierung der \u00f6sterreichischen L\u00f6sungen im Bereich berufliche und soziale Aktivierung [&hellip;]<\/p>\n","protected":false},"author":1,"featured_media":0,"parent":9353,"menu_order":44,"comment_status":"closed","ping_status":"closed","template":"","meta":{"footnotes":""},"class_list":["post-9981","page","type-page","status-publish","hentry"],"yoast_head":"<!-- This site is optimized with the Yoast SEO plugin v18.9 - https:\/\/yoast.com\/wordpress\/plugins\/seo\/ -->\n<title>Animateure f\u00fcr Senioren - Deutsche Minderheit, Sozial-Kulturelle Gesellschaft der Deutschen im Oppelner Schlesien<\/title>\n<meta name=\"robots\" content=\"index, follow, max-snippet:-1, max-image-preview:large, max-video-preview:-1\" \/>\n<link rel=\"canonical\" href=\"https:\/\/skgd.pl\/dzialalnosc-polityczno-spoleczna\/aktywnosc-spoleczna\/animatorzy-osob-starszych\/\" \/>\n<meta property=\"og:locale\" content=\"de_DE\" \/>\n<meta property=\"og:type\" content=\"article\" \/>\n<meta property=\"og:title\" content=\"Animateure f\u00fcr Senioren - Deutsche Minderheit, Sozial-Kulturelle Gesellschaft der Deutschen im Oppelner Schlesien\" \/>\n<meta property=\"og:description\" content=\"Animateure f\u00fcr Senioren Die Sozial-Kulturelle Gesellschaft der Deutschen im Oppelner Schlesien in Zusammenarbeit mit CTC Sp. z o.o (GmbH) und Partnern aus \u00d6sterreich realisierte in den Jahren das Projekt 2013-2015 \u201eTransitarbeitspl\u00e4tze \u2013 Import des Unterst\u00fctzungsmodells f\u00fcr besonders sensible Arbeitspl\u00e4tze\u201d. Das Ziel des Projekts ist die Implementierung der \u00f6sterreichischen L\u00f6sungen im Bereich berufliche und soziale Aktivierung [&hellip;]\" \/>\n<meta property=\"og:url\" content=\"https:\/\/skgd.pl\/dzialalnosc-polityczno-spoleczna\/aktywnosc-spoleczna\/animatorzy-osob-starszych\/\" \/>\n<meta property=\"og:site_name\" content=\"Deutsche Minderheit, Sozial-Kulturelle Gesellschaft der Deutschen im Oppelner Schlesien\" \/>\n<meta property=\"article:modified_time\" content=\"2019-07-15T12:47:50+00:00\" \/>\n<meta property=\"og:image\" content=\"https:\/\/skgd.pl\/wp-content\/uploads\/2016\/01\/DSC_0430-300x199.jpg\" \/>\n<meta name=\"twitter:card\" content=\"summary_large_image\" \/>\n<meta name=\"twitter:label1\" content=\"Gesch\u00e4tzte Lesezeit\" \/>\n\t<meta name=\"twitter:data1\" content=\"3\u00a0Minuten\" \/>\n<script type=\"application\/ld+json\" class=\"yoast-schema-graph\">{\"@context\":\"https:\/\/schema.org\",\"@graph\":[{\"@type\":\"WebSite\",\"@id\":\"https:\/\/skgd.pl\/#website\",\"url\":\"https:\/\/skgd.pl\/\",\"name\":\"Deutsche Minderheit, Sozial-Kulturelle Gesellschaft der Deutschen im Oppelner Schlesien\",\"description\":\"Deutsche Minderheit in Polen\",\"potentialAction\":[{\"@type\":\"SearchAction\",\"target\":{\"@type\":\"EntryPoint\",\"urlTemplate\":\"https:\/\/skgd.pl\/?s={search_term_string}\"},\"query-input\":\"required name=search_term_string\"}],\"inLanguage\":\"de\"},{\"@type\":\"ImageObject\",\"inLanguage\":\"de\",\"@id\":\"https:\/\/skgd.pl\/dzialalnosc-polityczno-spoleczna\/aktywnosc-spoleczna\/animatorzy-osob-starszych\/#primaryimage\",\"url\":\"https:\/\/skgd.pl\/wp-content\/uploads\/2016\/01\/DSC_0430-300x199.jpg\",\"contentUrl\":\"https:\/\/skgd.pl\/wp-content\/uploads\/2016\/01\/DSC_0430-300x199.jpg\"},{\"@type\":\"WebPage\",\"@id\":\"https:\/\/skgd.pl\/dzialalnosc-polityczno-spoleczna\/aktywnosc-spoleczna\/animatorzy-osob-starszych\/#webpage\",\"url\":\"https:\/\/skgd.pl\/dzialalnosc-polityczno-spoleczna\/aktywnosc-spoleczna\/animatorzy-osob-starszych\/\",\"name\":\"Animateure f\u00fcr Senioren - Deutsche Minderheit, Sozial-Kulturelle Gesellschaft der Deutschen im Oppelner Schlesien\",\"isPartOf\":{\"@id\":\"https:\/\/skgd.pl\/#website\"},\"primaryImageOfPage\":{\"@id\":\"https:\/\/skgd.pl\/dzialalnosc-polityczno-spoleczna\/aktywnosc-spoleczna\/animatorzy-osob-starszych\/#primaryimage\"},\"datePublished\":\"2016-01-20T12:33:34+00:00\",\"dateModified\":\"2019-07-15T12:47:50+00:00\",\"breadcrumb\":{\"@id\":\"https:\/\/skgd.pl\/dzialalnosc-polityczno-spoleczna\/aktywnosc-spoleczna\/animatorzy-osob-starszych\/#breadcrumb\"},\"inLanguage\":\"de\",\"potentialAction\":[{\"@type\":\"ReadAction\",\"target\":[\"https:\/\/skgd.pl\/dzialalnosc-polityczno-spoleczna\/aktywnosc-spoleczna\/animatorzy-osob-starszych\/\"]}]},{\"@type\":\"BreadcrumbList\",\"@id\":\"https:\/\/skgd.pl\/dzialalnosc-polityczno-spoleczna\/aktywnosc-spoleczna\/animatorzy-osob-starszych\/#breadcrumb\",\"itemListElement\":[{\"@type\":\"ListItem\",\"position\":1,\"name\":\"Strona g\u0142\u00f3wna\",\"item\":\"https:\/\/skgd.pl\/\"},{\"@type\":\"ListItem\",\"position\":2,\"name\":\"Gesellschaftliche T\u00e4tigkeit\",\"item\":\"https:\/\/skgd.pl\/de\/dzialalnosc-polityczno-spoleczna\/\"},{\"@type\":\"ListItem\",\"position\":3,\"name\":\"Aktywno\u015b\u0107 spo\u0142eczna\",\"item\":\"https:\/\/skgd.pl\/dzialalnosc-polityczno-spoleczna\/aktywnosc-spoleczna\/\"},{\"@type\":\"ListItem\",\"position\":4,\"name\":\"Animatorzy os\u00f3b starszych\"}]}]}<\/script>\n<!-- \/ Yoast SEO plugin. -->","yoast_head_json":{"title":"Animateure f\u00fcr Senioren - Deutsche Minderheit, Sozial-Kulturelle Gesellschaft der Deutschen im Oppelner Schlesien","robots":{"index":"index","follow":"follow","max-snippet":"max-snippet:-1","max-image-preview":"max-image-preview:large","max-video-preview":"max-video-preview:-1"},"canonical":"https:\/\/skgd.pl\/dzialalnosc-polityczno-spoleczna\/aktywnosc-spoleczna\/animatorzy-osob-starszych\/","og_locale":"de_DE","og_type":"article","og_title":"Animateure f\u00fcr Senioren - Deutsche Minderheit, Sozial-Kulturelle Gesellschaft der Deutschen im Oppelner Schlesien","og_description":"Animateure f\u00fcr Senioren Die Sozial-Kulturelle Gesellschaft der Deutschen im Oppelner Schlesien in Zusammenarbeit mit CTC Sp. z o.o (GmbH) und Partnern aus \u00d6sterreich realisierte in den Jahren das Projekt 2013-2015 \u201eTransitarbeitspl\u00e4tze \u2013 Import des Unterst\u00fctzungsmodells f\u00fcr besonders sensible Arbeitspl\u00e4tze\u201d. Das Ziel des Projekts ist die Implementierung der \u00f6sterreichischen L\u00f6sungen im Bereich berufliche und soziale Aktivierung [&hellip;]","og_url":"https:\/\/skgd.pl\/dzialalnosc-polityczno-spoleczna\/aktywnosc-spoleczna\/animatorzy-osob-starszych\/","og_site_name":"Deutsche Minderheit, Sozial-Kulturelle Gesellschaft der Deutschen im Oppelner Schlesien","article_modified_time":"2019-07-15T12:47:50+00:00","og_image":[{"url":"https:\/\/skgd.pl\/wp-content\/uploads\/2016\/01\/DSC_0430-300x199.jpg"}],"twitter_card":"summary_large_image","twitter_misc":{"Gesch\u00e4tzte Lesezeit":"3\u00a0Minuten"},"schema":{"@context":"https:\/\/schema.org","@graph":[{"@type":"WebSite","@id":"https:\/\/skgd.pl\/#website","url":"https:\/\/skgd.pl\/","name":"Deutsche Minderheit, Sozial-Kulturelle Gesellschaft der Deutschen im Oppelner Schlesien","description":"Deutsche Minderheit in Polen","potentialAction":[{"@type":"SearchAction","target":{"@type":"EntryPoint","urlTemplate":"https:\/\/skgd.pl\/?s={search_term_string}"},"query-input":"required name=search_term_string"}],"inLanguage":"de"},{"@type":"ImageObject","inLanguage":"de","@id":"https:\/\/skgd.pl\/dzialalnosc-polityczno-spoleczna\/aktywnosc-spoleczna\/animatorzy-osob-starszych\/#primaryimage","url":"https:\/\/skgd.pl\/wp-content\/uploads\/2016\/01\/DSC_0430-300x199.jpg","contentUrl":"https:\/\/skgd.pl\/wp-content\/uploads\/2016\/01\/DSC_0430-300x199.jpg"},{"@type":"WebPage","@id":"https:\/\/skgd.pl\/dzialalnosc-polityczno-spoleczna\/aktywnosc-spoleczna\/animatorzy-osob-starszych\/#webpage","url":"https:\/\/skgd.pl\/dzialalnosc-polityczno-spoleczna\/aktywnosc-spoleczna\/animatorzy-osob-starszych\/","name":"Animateure f\u00fcr Senioren - Deutsche Minderheit, Sozial-Kulturelle Gesellschaft der Deutschen im Oppelner Schlesien","isPartOf":{"@id":"https:\/\/skgd.pl\/#website"},"primaryImageOfPage":{"@id":"https:\/\/skgd.pl\/dzialalnosc-polityczno-spoleczna\/aktywnosc-spoleczna\/animatorzy-osob-starszych\/#primaryimage"},"datePublished":"2016-01-20T12:33:34+00:00","dateModified":"2019-07-15T12:47:50+00:00","breadcrumb":{"@id":"https:\/\/skgd.pl\/dzialalnosc-polityczno-spoleczna\/aktywnosc-spoleczna\/animatorzy-osob-starszych\/#breadcrumb"},"inLanguage":"de","potentialAction":[{"@type":"ReadAction","target":["https:\/\/skgd.pl\/dzialalnosc-polityczno-spoleczna\/aktywnosc-spoleczna\/animatorzy-osob-starszych\/"]}]},{"@type":"BreadcrumbList","@id":"https:\/\/skgd.pl\/dzialalnosc-polityczno-spoleczna\/aktywnosc-spoleczna\/animatorzy-osob-starszych\/#breadcrumb","itemListElement":[{"@type":"ListItem","position":1,"name":"Strona g\u0142\u00f3wna","item":"https:\/\/skgd.pl\/"},{"@type":"ListItem","position":2,"name":"Gesellschaftliche T\u00e4tigkeit","item":"https:\/\/skgd.pl\/de\/dzialalnosc-polityczno-spoleczna\/"},{"@type":"ListItem","position":3,"name":"Aktywno\u015b\u0107 spo\u0142eczna","item":"https:\/\/skgd.pl\/dzialalnosc-polityczno-spoleczna\/aktywnosc-spoleczna\/"},{"@type":"ListItem","position":4,"name":"Animatorzy os\u00f3b starszych"}]}]}},"_links":{"self":[{"href":"https:\/\/skgd.pl\/de\/wp-json\/wp\/v2\/pages\/9981","targetHints":{"allow":["GET"]}}],"collection":[{"href":"https:\/\/skgd.pl\/de\/wp-json\/wp\/v2\/pages"}],"about":[{"href":"https:\/\/skgd.pl\/de\/wp-json\/wp\/v2\/types\/page"}],"author":[{"embeddable":true,"href":"https:\/\/skgd.pl\/de\/wp-json\/wp\/v2\/users\/1"}],"replies":[{"embeddable":true,"href":"https:\/\/skgd.pl\/de\/wp-json\/wp\/v2\/comments?post=9981"}],"version-history":[{"count":7,"href":"https:\/\/skgd.pl\/de\/wp-json\/wp\/v2\/pages\/9981\/revisions"}],"predecessor-version":[{"id":21318,"href":"https:\/\/skgd.pl\/de\/wp-json\/wp\/v2\/pages\/9981\/revisions\/21318"}],"up":[{"embeddable":true,"href":"https:\/\/skgd.pl\/de\/wp-json\/wp\/v2\/pages\/9353"}],"wp:attachment":[{"href":"https:\/\/skgd.pl\/de\/wp-json\/wp\/v2\/media?parent=9981"}],"curies":[{"name":"wp","href":"https:\/\/api.w.org\/{rel}","templated":true}]}}