{"id":9936,"date":"2016-01-14T21:19:52","date_gmt":"2016-01-14T20:19:52","guid":{"rendered":"http:\/\/skgd.pl\/?page_id=9936"},"modified":"2025-01-02T22:07:05","modified_gmt":"2025-01-02T21:07:05","slug":"biuro","status":"publish","type":"page","link":"https:\/\/skgd.pl\/de\/kontakt\/biuro\/","title":{"rendered":"B\u00fcro"},"content":{"rendered":"<p>[vc_row][vc_column width=&#8221;1\/2&#8243;][vc_column_text css=&#8221;.vc_custom_1459712317538{margin-bottom: 6px !important;border-bottom-width: 6px !important;padding-bottom: 6px !important;}&#8221;]<\/p>\n<h2>Kontaktdaten<\/h2>\n<p>[\/vc_column_text][vc_column_text]<a href=\"https:\/\/skgd.pl\/wp-content\/uploads\/2016\/03\/tskn-logo.png\" rel=\"attachment wp-att-11361\"><img loading=\"lazy\" decoding=\"async\" class=\"alignnone size-full wp-image-11361\" src=\"https:\/\/skgd.pl\/wp-content\/uploads\/2016\/03\/tskn-logo.png\" alt=\"tskn-logo\" width=\"620\" height=\"90\" srcset=\"https:\/\/skgd.pl\/wp-content\/uploads\/2016\/03\/tskn-logo.png 620w, https:\/\/skgd.pl\/wp-content\/uploads\/2016\/03\/tskn-logo-600x87.png 600w, https:\/\/skgd.pl\/wp-content\/uploads\/2016\/03\/tskn-logo-300x44.png 300w\" sizes=\"auto, (max-width: 620px) 100vw, 620px\" \/><\/a><\/p>\n<p>ul. M. Konopnickiej 6<br \/>\n45-004 Oppeln<\/p>\n<p>\u00d6ffnungszeiten<\/p>\n<p>Montag: 7.30 &#8211; 17.00<\/p>\n<p>Dienstag bis Donnerstag: 7.30 &#8211; 15.30<\/p>\n<p>Freitag: 7.30 &#8211; 14.00<\/p>\n<p>Tel\/Fax: +48 774021070<br \/>\ntskn@skgd.pl<\/p>\n<p>Kontonummer: 97 1050 1487 1000 0005 0342 4046<br \/>\nING-Bank \u015al\u0105ski S.A. Oddzia\u0142 Gogolin<br \/>\nNr BIC (SWIFT) INGBPLPW<\/p>\n<p>NIP 756-16-75-058 | KRS 0000017757<\/p>\n<p>Wir informieren dass die Sozial-Kulturelle Gesellschaft der Deutschen im Oppelner Schlesien ist seit Dezember 2005 eine <span lang=\"de\">gemeinn\u00fctzige Organisation.<\/span>[\/vc_column_text][\/vc_column][vc_column width=&#8221;1\/2&#8243;][vc_gmaps link=&#8221;#E-8_JTNDaWZyYW1lJTIwc3JjJTNEJTIyaHR0cHMlM0ElMkYlMkZ3d3cuZ29vZ2xlLmNvbSUyRm1hcHMlMkZlbWJlZCUzRnBiJTNEJTIxMW0xNCUyMTFtOCUyMTFtMyUyMTFkMTAxMTQuNTk0NjA1NzY0MTIzJTIxMmQxNy45MTg2MjU5JTIxM2Q1MC42NzA3ODM3JTIxM20yJTIxMWkxMDI0JTIxMmk3NjglMjE0ZjEzLjElMjEzbTMlMjExbTIlMjExczB4MCUyNTNBMHg5Y2UzMjk1YWU2NmY0MWVkJTIxMnNUb3dhcnp5c3R3byUyQlNwbyUyNUM1JTI1ODJlY3puby1LdWx0dXJhbG5lJTJCTmllbWMlMjVDMyUyNUIzdyUyQm5hJTJCJTI1QzUlMjU5QWwlMjVDNCUyNTg1c2t1JTJCT3BvbHNraW0lMjE1ZTAlMjEzbTIlMjExc3BsJTIxMnNwbCUyMTR2MTQ0ODI5OTgzNzExMyUyMiUyMHdpZHRoJTNEJTIyNjAwJTIyJTIwaGVpZ2h0JTNEJTIyNDUwJTIyJTIwZnJhbWVib3JkZXIlM0QlMjIwJTIyJTIwc3R5bGUlM0QlMjJib3JkZXIlM0EwJTIyJTIwYWxsb3dmdWxsc2NyZWVuJTNFJTNDJTJGaWZyYW1lJTNF&#8221; title=&#8221;Lokalisierung&#8221;][\/vc_column][\/vc_row][vc_column][vc_empty_space height=&#8221;18px&#8221;][vc_message]Inspektor Danych Osobowych &#8211; Aleksandra Cnota-Miko\u0142ajec, email: <a href=\"mailto:aleksandra@eduodo.pl\">aleksandra@eduodo.pl<\/a>[\/vc_message][\/vc_column][vc_row][vc_column][\/vc_column][\/vc_row]<\/p>","protected":false},"excerpt":{"rendered":"<p>[vc_row][vc_column width=&#8221;1\/2&#8243;][vc_column_text css=&#8221;.vc_custom_1459712317538{margin-bottom: 6px !important;border-bottom-width: 6px !important;padding-bottom: 6px !important;}&#8221;] Kontaktdaten [\/vc_column_text][vc_column_text] ul. M. Konopnickiej 6 45-004 Oppeln \u00d6ffnungszeiten Montag: 7.30 &#8211; 17.00 Dienstag bis Donnerstag: 7.30 &#8211; 15.30 Freitag: 7.30 &#8211; 14.00 Tel\/Fax: +48 774021070 tskn@skgd.pl Kontonummer: 97 1050 1487 1000 0005 0342 4046 ING-Bank \u015al\u0105ski S.A. Oddzia\u0142 Gogolin Nr BIC (SWIFT) INGBPLPW NIP 756-16-75-058 [&hellip;]<\/p>\n","protected":false},"author":1,"featured_media":0,"parent":9411,"menu_order":46,"comment_status":"closed","ping_status":"closed","template":"","meta":{"footnotes":""},"class_list":["post-9936","page","type-page","status-publish","hentry"],"yoast_head":"<!-- This site is optimized with the Yoast SEO plugin v18.9 - https:\/\/yoast.com\/wordpress\/plugins\/seo\/ -->\n<title>B\u00fcro - Deutsche Minderheit, Sozial-Kulturelle Gesellschaft der Deutschen im Oppelner Schlesien<\/title>\n<meta name=\"robots\" content=\"index, follow, max-snippet:-1, max-image-preview:large, max-video-preview:-1\" \/>\n<link rel=\"canonical\" href=\"https:\/\/skgd.pl\/de\/kontakt\/biuro\/\" \/>\n<meta property=\"og:locale\" content=\"de_DE\" \/>\n<meta property=\"og:type\" content=\"article\" \/>\n<meta property=\"og:title\" content=\"B\u00fcro - Deutsche Minderheit, Sozial-Kulturelle Gesellschaft der Deutschen im Oppelner Schlesien\" \/>\n<meta property=\"og:description\" content=\"[vc_row][vc_column width=&#8221;1\/2&#8243;][vc_column_text css=&#8221;.vc_custom_1459712317538{margin-bottom: 6px !important;border-bottom-width: 6px !important;padding-bottom: 6px !important;}&#8221;] Kontaktdaten [\/vc_column_text][vc_column_text] ul. M. Konopnickiej 6 45-004 Oppeln \u00d6ffnungszeiten Montag: 7.30 &#8211; 17.00 Dienstag bis Donnerstag: 7.30 &#8211; 15.30 Freitag: 7.30 &#8211; 14.00 Tel\/Fax: +48 774021070 tskn@skgd.pl Kontonummer: 97 1050 1487 1000 0005 0342 4046 ING-Bank \u015al\u0105ski S.A. Oddzia\u0142 Gogolin Nr BIC (SWIFT) INGBPLPW NIP 756-16-75-058 [&hellip;]\" \/>\n<meta property=\"og:url\" content=\"https:\/\/skgd.pl\/de\/kontakt\/biuro\/\" \/>\n<meta property=\"og:site_name\" content=\"Deutsche Minderheit, Sozial-Kulturelle Gesellschaft der Deutschen im Oppelner Schlesien\" \/>\n<meta property=\"article:modified_time\" content=\"2025-01-02T21:07:05+00:00\" \/>\n<meta property=\"og:image\" content=\"https:\/\/skgd.pl\/wp-content\/uploads\/2016\/03\/tskn-logo.png\" \/>\n<meta name=\"twitter:card\" content=\"summary_large_image\" \/>\n<meta name=\"twitter:label1\" content=\"Gesch\u00e4tzte Lesezeit\" \/>\n\t<meta name=\"twitter:data1\" content=\"2\u00a0Minuten\" \/>\n<script type=\"application\/ld+json\" class=\"yoast-schema-graph\">{\"@context\":\"https:\/\/schema.org\",\"@graph\":[{\"@type\":\"WebSite\",\"@id\":\"https:\/\/skgd.pl\/#website\",\"url\":\"https:\/\/skgd.pl\/\",\"name\":\"Deutsche Minderheit, Sozial-Kulturelle Gesellschaft der Deutschen im Oppelner Schlesien\",\"description\":\"Deutsche Minderheit in Polen\",\"potentialAction\":[{\"@type\":\"SearchAction\",\"target\":{\"@type\":\"EntryPoint\",\"urlTemplate\":\"https:\/\/skgd.pl\/?s={search_term_string}\"},\"query-input\":\"required name=search_term_string\"}],\"inLanguage\":\"de\"},{\"@type\":\"ImageObject\",\"inLanguage\":\"de\",\"@id\":\"https:\/\/skgd.pl\/de\/kontakt\/biuro\/#primaryimage\",\"url\":\"https:\/\/skgd.pl\/wp-content\/uploads\/2016\/03\/tskn-logo.png\",\"contentUrl\":\"https:\/\/skgd.pl\/wp-content\/uploads\/2016\/03\/tskn-logo.png\",\"width\":620,\"height\":90},{\"@type\":\"WebPage\",\"@id\":\"https:\/\/skgd.pl\/de\/kontakt\/biuro\/#webpage\",\"url\":\"https:\/\/skgd.pl\/de\/kontakt\/biuro\/\",\"name\":\"B\u00fcro - Deutsche Minderheit, Sozial-Kulturelle Gesellschaft der Deutschen im Oppelner Schlesien\",\"isPartOf\":{\"@id\":\"https:\/\/skgd.pl\/#website\"},\"primaryImageOfPage\":{\"@id\":\"https:\/\/skgd.pl\/de\/kontakt\/biuro\/#primaryimage\"},\"datePublished\":\"2016-01-14T20:19:52+00:00\",\"dateModified\":\"2025-01-02T21:07:05+00:00\",\"breadcrumb\":{\"@id\":\"https:\/\/skgd.pl\/de\/kontakt\/biuro\/#breadcrumb\"},\"inLanguage\":\"de\",\"potentialAction\":[{\"@type\":\"ReadAction\",\"target\":[\"https:\/\/skgd.pl\/de\/kontakt\/biuro\/\"]}]},{\"@type\":\"BreadcrumbList\",\"@id\":\"https:\/\/skgd.pl\/de\/kontakt\/biuro\/#breadcrumb\",\"itemListElement\":[{\"@type\":\"ListItem\",\"position\":1,\"name\":\"Strona g\u0142\u00f3wna\",\"item\":\"https:\/\/skgd.pl\/\"},{\"@type\":\"ListItem\",\"position\":2,\"name\":\"Kontakt\",\"item\":\"https:\/\/skgd.pl\/kontakt\/\"},{\"@type\":\"ListItem\",\"position\":3,\"name\":\"B\u00fcro\"}]}]}<\/script>\n<!-- \/ Yoast SEO plugin. -->","yoast_head_json":{"title":"B\u00fcro - Deutsche Minderheit, Sozial-Kulturelle Gesellschaft der Deutschen im Oppelner Schlesien","robots":{"index":"index","follow":"follow","max-snippet":"max-snippet:-1","max-image-preview":"max-image-preview:large","max-video-preview":"max-video-preview:-1"},"canonical":"https:\/\/skgd.pl\/de\/kontakt\/biuro\/","og_locale":"de_DE","og_type":"article","og_title":"B\u00fcro - Deutsche Minderheit, Sozial-Kulturelle Gesellschaft der Deutschen im Oppelner Schlesien","og_description":"[vc_row][vc_column width=&#8221;1\/2&#8243;][vc_column_text css=&#8221;.vc_custom_1459712317538{margin-bottom: 6px !important;border-bottom-width: 6px !important;padding-bottom: 6px !important;}&#8221;] Kontaktdaten [\/vc_column_text][vc_column_text] ul. M. Konopnickiej 6 45-004 Oppeln \u00d6ffnungszeiten Montag: 7.30 &#8211; 17.00 Dienstag bis Donnerstag: 7.30 &#8211; 15.30 Freitag: 7.30 &#8211; 14.00 Tel\/Fax: +48 774021070 tskn@skgd.pl Kontonummer: 97 1050 1487 1000 0005 0342 4046 ING-Bank \u015al\u0105ski S.A. Oddzia\u0142 Gogolin Nr BIC (SWIFT) INGBPLPW NIP 756-16-75-058 [&hellip;]","og_url":"https:\/\/skgd.pl\/de\/kontakt\/biuro\/","og_site_name":"Deutsche Minderheit, Sozial-Kulturelle Gesellschaft der Deutschen im Oppelner Schlesien","article_modified_time":"2025-01-02T21:07:05+00:00","og_image":[{"url":"https:\/\/skgd.pl\/wp-content\/uploads\/2016\/03\/tskn-logo.png"}],"twitter_card":"summary_large_image","twitter_misc":{"Gesch\u00e4tzte Lesezeit":"2\u00a0Minuten"},"schema":{"@context":"https:\/\/schema.org","@graph":[{"@type":"WebSite","@id":"https:\/\/skgd.pl\/#website","url":"https:\/\/skgd.pl\/","name":"Deutsche Minderheit, Sozial-Kulturelle Gesellschaft der Deutschen im Oppelner Schlesien","description":"Deutsche Minderheit in Polen","potentialAction":[{"@type":"SearchAction","target":{"@type":"EntryPoint","urlTemplate":"https:\/\/skgd.pl\/?s={search_term_string}"},"query-input":"required name=search_term_string"}],"inLanguage":"de"},{"@type":"ImageObject","inLanguage":"de","@id":"https:\/\/skgd.pl\/de\/kontakt\/biuro\/#primaryimage","url":"https:\/\/skgd.pl\/wp-content\/uploads\/2016\/03\/tskn-logo.png","contentUrl":"https:\/\/skgd.pl\/wp-content\/uploads\/2016\/03\/tskn-logo.png","width":620,"height":90},{"@type":"WebPage","@id":"https:\/\/skgd.pl\/de\/kontakt\/biuro\/#webpage","url":"https:\/\/skgd.pl\/de\/kontakt\/biuro\/","name":"B\u00fcro - Deutsche Minderheit, Sozial-Kulturelle Gesellschaft der Deutschen im Oppelner Schlesien","isPartOf":{"@id":"https:\/\/skgd.pl\/#website"},"primaryImageOfPage":{"@id":"https:\/\/skgd.pl\/de\/kontakt\/biuro\/#primaryimage"},"datePublished":"2016-01-14T20:19:52+00:00","dateModified":"2025-01-02T21:07:05+00:00","breadcrumb":{"@id":"https:\/\/skgd.pl\/de\/kontakt\/biuro\/#breadcrumb"},"inLanguage":"de","potentialAction":[{"@type":"ReadAction","target":["https:\/\/skgd.pl\/de\/kontakt\/biuro\/"]}]},{"@type":"BreadcrumbList","@id":"https:\/\/skgd.pl\/de\/kontakt\/biuro\/#breadcrumb","itemListElement":[{"@type":"ListItem","position":1,"name":"Strona g\u0142\u00f3wna","item":"https:\/\/skgd.pl\/"},{"@type":"ListItem","position":2,"name":"Kontakt","item":"https:\/\/skgd.pl\/kontakt\/"},{"@type":"ListItem","position":3,"name":"B\u00fcro"}]}]}},"_links":{"self":[{"href":"https:\/\/skgd.pl\/de\/wp-json\/wp\/v2\/pages\/9936","targetHints":{"allow":["GET"]}}],"collection":[{"href":"https:\/\/skgd.pl\/de\/wp-json\/wp\/v2\/pages"}],"about":[{"href":"https:\/\/skgd.pl\/de\/wp-json\/wp\/v2\/types\/page"}],"author":[{"embeddable":true,"href":"https:\/\/skgd.pl\/de\/wp-json\/wp\/v2\/users\/1"}],"replies":[{"embeddable":true,"href":"https:\/\/skgd.pl\/de\/wp-json\/wp\/v2\/comments?post=9936"}],"version-history":[{"count":13,"href":"https:\/\/skgd.pl\/de\/wp-json\/wp\/v2\/pages\/9936\/revisions"}],"predecessor-version":[{"id":35658,"href":"https:\/\/skgd.pl\/de\/wp-json\/wp\/v2\/pages\/9936\/revisions\/35658"}],"up":[{"embeddable":true,"href":"https:\/\/skgd.pl\/de\/wp-json\/wp\/v2\/pages\/9411"}],"wp:attachment":[{"href":"https:\/\/skgd.pl\/de\/wp-json\/wp\/v2\/media?parent=9936"}],"curies":[{"name":"wp","href":"https:\/\/api.w.org\/{rel}","templated":true}]}}