{"id":9791,"date":"2016-01-12T21:55:11","date_gmt":"2016-01-12T20:55:11","guid":{"rendered":"http:\/\/skgd.pl\/?page_id=9791"},"modified":"2026-01-19T14:50:52","modified_gmt":"2026-01-19T13:50:52","slug":"zebrania-sprawozdawczo-wyborcze","status":"publish","type":"page","link":"https:\/\/skgd.pl\/de\/strefa-dfk\/projekty-wnioski-dokumenty-i-regulaminy\/zebrania-sprawozdawczo-wyborcze\/","title":{"rendered":"Bericht- und Wahltreffen"},"content":{"rendered":"<p>[vc_row][vc_column width=&#8221;3\/4&#8243;][vc_column_text]Jedes Jahr sind DFK-Ortsgruppen, Gemeinde- sowie Kreisvorst\u00e4nde verpflichtet Jahresversammlungen durchzuf\u00fchren und alle vier Jahre werden in den Strukturen neue Vorst\u00e4nde gew\u00e4hlt. Auf DFK-Ebene finden die Jahresversammlungen von Januar bis M\u00e4rz, auf Gemeindeebene meistens in M\u00e4rz und April organisiert. Auf Kreisebene trifft man sich in April und in Mai oder Juni findet die Jahreshauptversammlung auf Bezirksebene mit 150 Delegierten.<\/p>\n<p><strong>Im Jahr 2026 wird die SKGD-Delegiertenversammlung am 23. Mai 2026 (Samstag) um 10.00 Uhr in Hotel Hugo in Kandrzin-Cosel (ul. W\u0142adys\u0142awa Orkana 14, 47-230 K\u0119dzierzyn-Ko\u017ale) stattfinden.<\/strong><\/p>\n<p>Alle Unterlagen zur Erleichterung und Vereinheitlichung der Sitzungen werden von der Gesch\u00e4ftsstelle in Oppeln vorbereitet und am Ende des Kalenderjahres verschickt.<\/p>\n<p>Rechts finden Sie alle Unterlagen, die Sie f\u00fcr die Berichts- und Wahlsitzungen f\u00fcr das Jahr 2026 ben\u00f6tigen.<\/p>\n<p>Alle Dokumente (Kopien oder Originale) m\u00fcssen bis zu dem vom Vorstand der Gesellschaft festgelegten Termin im SKGD-B\u00fcro in Oppeln eingereicht werden.[\/vc_column_text][\/vc_column][vc_column width=&#8221;1\/4&#8243;][vc_column_text]<\/p>\n<section class=\"span3\" style=\"margin-top: -22px;\">\n<div class=\"col-left\">\n<div id=\"execphp-2\" class=\"widget m_bottom_25 widget_execphp\">\n<div class=\"execphpwidget\">\n<div id=\"archives-2\" class=\"widget widget_archive kontakt\" style=\"border-color: #1F97FF !important;\">\n<h4 class=\"h4 heading-h4\" style=\"margin-bottom: 0px; text-align: center;\">Kontakt<\/h4>\n<div class=\"kontakt\">\n<p><span>Michaela Przezdzink<\/span><\/p>\n<p>+48 77 402 10 73<\/p>\n<p><a href=\"mailto:michaela.przezdzink@skgd.pl\">michaela.przezdzink@skgd.pl<\/a><\/p>\n<\/div>\n<h4>&nbsp;<\/h4>\n<h4>&nbsp;<\/h4>\n<h4 class=\"h4 heading-h4\" style=\"margin-bottom: 20px; margin-top: 10px; text-align: center;\">Pliki do pobrania<\/h4>\n<ul>\n<li><a href=\"https:\/\/skgd.pl\/wp-content\/uploads\/2026\/01\/Zebrania-Sprawozdawcze-w-DFK.docx\">DFK &#8211; Jahresversammlung<\/a><\/li>\n<li><a href=\"https:\/\/skgd.pl\/wp-content\/uploads\/2026\/01\/Zebranie-Sprawozdawcze-Gminne-1.docx\">Gemeinde- Jahresversammlung<\/a><\/li>\n<li><a href=\"https:\/\/skgd.pl\/wp-content\/uploads\/2026\/01\/Zebranie-Sprawozdawcze-Powiatowe.docx\">Kreis &#8211; Jahresversammlung<\/a><\/li>\n<\/ul>\n<\/div>\n<\/div>\n<\/div>\n<\/div>\n<\/section>\n<p>[\/vc_column_text][\/vc_column][\/vc_row]<\/p>","protected":false},"excerpt":{"rendered":"<p>[vc_row][vc_column width=&#8221;3\/4&#8243;][vc_column_text]Jedes Jahr sind DFK-Ortsgruppen, Gemeinde- sowie Kreisvorst\u00e4nde verpflichtet Jahresversammlungen durchzuf\u00fchren und alle vier Jahre werden in den Strukturen neue Vorst\u00e4nde gew\u00e4hlt. Auf DFK-Ebene finden die Jahresversammlungen von Januar bis M\u00e4rz, auf Gemeindeebene meistens in M\u00e4rz und April organisiert. Auf Kreisebene trifft man sich in April und in Mai oder Juni findet die Jahreshauptversammlung auf [&hellip;]<\/p>\n","protected":false},"author":1,"featured_media":0,"parent":9348,"menu_order":51,"comment_status":"closed","ping_status":"closed","template":"","meta":{"footnotes":""},"class_list":["post-9791","page","type-page","status-publish","hentry"],"yoast_head":"<!-- This site is optimized with the Yoast SEO plugin v18.9 - https:\/\/yoast.com\/wordpress\/plugins\/seo\/ -->\n<title>Bericht- und Wahltreffen - Deutsche Minderheit, Sozial-Kulturelle Gesellschaft der Deutschen im Oppelner Schlesien<\/title>\n<meta name=\"robots\" content=\"index, follow, max-snippet:-1, max-image-preview:large, max-video-preview:-1\" \/>\n<link rel=\"canonical\" href=\"https:\/\/skgd.pl\/strefa-dfk\/projekty-wnioski-dokumenty-i-regulaminy\/zebrania-sprawozdawczo-wyborcze\/\" \/>\n<meta property=\"og:locale\" content=\"de_DE\" \/>\n<meta property=\"og:type\" content=\"article\" \/>\n<meta property=\"og:title\" content=\"Bericht- und Wahltreffen - Deutsche Minderheit, Sozial-Kulturelle Gesellschaft der Deutschen im Oppelner Schlesien\" \/>\n<meta property=\"og:description\" content=\"[vc_row][vc_column width=&#8221;3\/4&#8243;][vc_column_text]Jedes Jahr sind DFK-Ortsgruppen, Gemeinde- sowie Kreisvorst\u00e4nde verpflichtet Jahresversammlungen durchzuf\u00fchren und alle vier Jahre werden in den Strukturen neue Vorst\u00e4nde gew\u00e4hlt. Auf DFK-Ebene finden die Jahresversammlungen von Januar bis M\u00e4rz, auf Gemeindeebene meistens in M\u00e4rz und April organisiert. Auf Kreisebene trifft man sich in April und in Mai oder Juni findet die Jahreshauptversammlung auf [&hellip;]\" \/>\n<meta property=\"og:url\" content=\"https:\/\/skgd.pl\/strefa-dfk\/projekty-wnioski-dokumenty-i-regulaminy\/zebrania-sprawozdawczo-wyborcze\/\" \/>\n<meta property=\"og:site_name\" content=\"Deutsche Minderheit, Sozial-Kulturelle Gesellschaft der Deutschen im Oppelner Schlesien\" \/>\n<meta property=\"article:modified_time\" content=\"2026-01-19T13:50:52+00:00\" \/>\n<meta name=\"twitter:card\" content=\"summary_large_image\" \/>\n<meta name=\"twitter:label1\" content=\"Gesch\u00e4tzte Lesezeit\" \/>\n\t<meta name=\"twitter:data1\" content=\"2\u00a0Minuten\" \/>\n<script type=\"application\/ld+json\" class=\"yoast-schema-graph\">{\"@context\":\"https:\/\/schema.org\",\"@graph\":[{\"@type\":\"WebSite\",\"@id\":\"https:\/\/skgd.pl\/#website\",\"url\":\"https:\/\/skgd.pl\/\",\"name\":\"Deutsche Minderheit, Sozial-Kulturelle Gesellschaft der Deutschen im Oppelner Schlesien\",\"description\":\"Deutsche Minderheit in Polen\",\"potentialAction\":[{\"@type\":\"SearchAction\",\"target\":{\"@type\":\"EntryPoint\",\"urlTemplate\":\"https:\/\/skgd.pl\/?s={search_term_string}\"},\"query-input\":\"required name=search_term_string\"}],\"inLanguage\":\"de\"},{\"@type\":\"WebPage\",\"@id\":\"https:\/\/skgd.pl\/strefa-dfk\/projekty-wnioski-dokumenty-i-regulaminy\/zebrania-sprawozdawczo-wyborcze\/#webpage\",\"url\":\"https:\/\/skgd.pl\/strefa-dfk\/projekty-wnioski-dokumenty-i-regulaminy\/zebrania-sprawozdawczo-wyborcze\/\",\"name\":\"Bericht- und Wahltreffen - Deutsche Minderheit, Sozial-Kulturelle Gesellschaft der Deutschen im Oppelner Schlesien\",\"isPartOf\":{\"@id\":\"https:\/\/skgd.pl\/#website\"},\"datePublished\":\"2016-01-12T20:55:11+00:00\",\"dateModified\":\"2026-01-19T13:50:52+00:00\",\"breadcrumb\":{\"@id\":\"https:\/\/skgd.pl\/strefa-dfk\/projekty-wnioski-dokumenty-i-regulaminy\/zebrania-sprawozdawczo-wyborcze\/#breadcrumb\"},\"inLanguage\":\"de\",\"potentialAction\":[{\"@type\":\"ReadAction\",\"target\":[\"https:\/\/skgd.pl\/strefa-dfk\/projekty-wnioski-dokumenty-i-regulaminy\/zebrania-sprawozdawczo-wyborcze\/\"]}]},{\"@type\":\"BreadcrumbList\",\"@id\":\"https:\/\/skgd.pl\/strefa-dfk\/projekty-wnioski-dokumenty-i-regulaminy\/zebrania-sprawozdawczo-wyborcze\/#breadcrumb\",\"itemListElement\":[{\"@type\":\"ListItem\",\"position\":1,\"name\":\"Strona g\u0142\u00f3wna\",\"item\":\"https:\/\/skgd.pl\/\"},{\"@type\":\"ListItem\",\"position\":2,\"name\":\"Strefa DFK\",\"item\":\"https:\/\/skgd.pl\/strefa-dfk\/\"},{\"@type\":\"ListItem\",\"position\":3,\"name\":\"Projekty: wnioski, dokumenty i regulaminy\",\"item\":\"https:\/\/skgd.pl\/strefa-dfk\/projekty-wnioski-dokumenty-i-regulaminy\/\"},{\"@type\":\"ListItem\",\"position\":4,\"name\":\"Zebrania sprawozdawczo-wyborcze\"}]}]}<\/script>\n<!-- \/ Yoast SEO plugin. -->","yoast_head_json":{"title":"Bericht- und Wahltreffen - Deutsche Minderheit, Sozial-Kulturelle Gesellschaft der Deutschen im Oppelner Schlesien","robots":{"index":"index","follow":"follow","max-snippet":"max-snippet:-1","max-image-preview":"max-image-preview:large","max-video-preview":"max-video-preview:-1"},"canonical":"https:\/\/skgd.pl\/strefa-dfk\/projekty-wnioski-dokumenty-i-regulaminy\/zebrania-sprawozdawczo-wyborcze\/","og_locale":"de_DE","og_type":"article","og_title":"Bericht- und Wahltreffen - Deutsche Minderheit, Sozial-Kulturelle Gesellschaft der Deutschen im Oppelner Schlesien","og_description":"[vc_row][vc_column width=&#8221;3\/4&#8243;][vc_column_text]Jedes Jahr sind DFK-Ortsgruppen, Gemeinde- sowie Kreisvorst\u00e4nde verpflichtet Jahresversammlungen durchzuf\u00fchren und alle vier Jahre werden in den Strukturen neue Vorst\u00e4nde gew\u00e4hlt. Auf DFK-Ebene finden die Jahresversammlungen von Januar bis M\u00e4rz, auf Gemeindeebene meistens in M\u00e4rz und April organisiert. Auf Kreisebene trifft man sich in April und in Mai oder Juni findet die Jahreshauptversammlung auf [&hellip;]","og_url":"https:\/\/skgd.pl\/strefa-dfk\/projekty-wnioski-dokumenty-i-regulaminy\/zebrania-sprawozdawczo-wyborcze\/","og_site_name":"Deutsche Minderheit, Sozial-Kulturelle Gesellschaft der Deutschen im Oppelner Schlesien","article_modified_time":"2026-01-19T13:50:52+00:00","twitter_card":"summary_large_image","twitter_misc":{"Gesch\u00e4tzte Lesezeit":"2\u00a0Minuten"},"schema":{"@context":"https:\/\/schema.org","@graph":[{"@type":"WebSite","@id":"https:\/\/skgd.pl\/#website","url":"https:\/\/skgd.pl\/","name":"Deutsche Minderheit, Sozial-Kulturelle Gesellschaft der Deutschen im Oppelner Schlesien","description":"Deutsche Minderheit in Polen","potentialAction":[{"@type":"SearchAction","target":{"@type":"EntryPoint","urlTemplate":"https:\/\/skgd.pl\/?s={search_term_string}"},"query-input":"required name=search_term_string"}],"inLanguage":"de"},{"@type":"WebPage","@id":"https:\/\/skgd.pl\/strefa-dfk\/projekty-wnioski-dokumenty-i-regulaminy\/zebrania-sprawozdawczo-wyborcze\/#webpage","url":"https:\/\/skgd.pl\/strefa-dfk\/projekty-wnioski-dokumenty-i-regulaminy\/zebrania-sprawozdawczo-wyborcze\/","name":"Bericht- und Wahltreffen - Deutsche Minderheit, Sozial-Kulturelle Gesellschaft der Deutschen im Oppelner Schlesien","isPartOf":{"@id":"https:\/\/skgd.pl\/#website"},"datePublished":"2016-01-12T20:55:11+00:00","dateModified":"2026-01-19T13:50:52+00:00","breadcrumb":{"@id":"https:\/\/skgd.pl\/strefa-dfk\/projekty-wnioski-dokumenty-i-regulaminy\/zebrania-sprawozdawczo-wyborcze\/#breadcrumb"},"inLanguage":"de","potentialAction":[{"@type":"ReadAction","target":["https:\/\/skgd.pl\/strefa-dfk\/projekty-wnioski-dokumenty-i-regulaminy\/zebrania-sprawozdawczo-wyborcze\/"]}]},{"@type":"BreadcrumbList","@id":"https:\/\/skgd.pl\/strefa-dfk\/projekty-wnioski-dokumenty-i-regulaminy\/zebrania-sprawozdawczo-wyborcze\/#breadcrumb","itemListElement":[{"@type":"ListItem","position":1,"name":"Strona g\u0142\u00f3wna","item":"https:\/\/skgd.pl\/"},{"@type":"ListItem","position":2,"name":"Strefa DFK","item":"https:\/\/skgd.pl\/strefa-dfk\/"},{"@type":"ListItem","position":3,"name":"Projekty: wnioski, dokumenty i regulaminy","item":"https:\/\/skgd.pl\/strefa-dfk\/projekty-wnioski-dokumenty-i-regulaminy\/"},{"@type":"ListItem","position":4,"name":"Zebrania sprawozdawczo-wyborcze"}]}]}},"_links":{"self":[{"href":"https:\/\/skgd.pl\/de\/wp-json\/wp\/v2\/pages\/9791","targetHints":{"allow":["GET"]}}],"collection":[{"href":"https:\/\/skgd.pl\/de\/wp-json\/wp\/v2\/pages"}],"about":[{"href":"https:\/\/skgd.pl\/de\/wp-json\/wp\/v2\/types\/page"}],"author":[{"embeddable":true,"href":"https:\/\/skgd.pl\/de\/wp-json\/wp\/v2\/users\/1"}],"replies":[{"embeddable":true,"href":"https:\/\/skgd.pl\/de\/wp-json\/wp\/v2\/comments?post=9791"}],"version-history":[{"count":47,"href":"https:\/\/skgd.pl\/de\/wp-json\/wp\/v2\/pages\/9791\/revisions"}],"predecessor-version":[{"id":37669,"href":"https:\/\/skgd.pl\/de\/wp-json\/wp\/v2\/pages\/9791\/revisions\/37669"}],"up":[{"embeddable":true,"href":"https:\/\/skgd.pl\/de\/wp-json\/wp\/v2\/pages\/9348"}],"wp:attachment":[{"href":"https:\/\/skgd.pl\/de\/wp-json\/wp\/v2\/media?parent=9791"}],"curies":[{"name":"wp","href":"https:\/\/api.w.org\/{rel}","templated":true}]}}