{"id":9785,"date":"2016-01-12T21:45:55","date_gmt":"2016-01-12T20:45:55","guid":{"rendered":"http:\/\/skgd.pl\/?page_id=9785"},"modified":"2026-03-09T13:10:07","modified_gmt":"2026-03-09T12:10:07","slug":"ozywienie-domow-spotkan","status":"publish","type":"page","link":"https:\/\/skgd.pl\/de\/strefa-dfk\/projekty-wnioski-dokumenty-i-regulaminy\/ozywienie-domow-spotkan\/","title":{"rendered":"Begegnungsst\u00e4ttenarbeit"},"content":{"rendered":"<p>[vc_row][vc_column width=&#8221;3\/4&#8243;][vc_column_text]<\/p>\n<h3>Regeln f\u00fcr die Einreichung von Antr\u00e4gen f\u00fcr Kleinprojekte im Rahmen des Programms \u201eTreffpunkte 2026\u201d:<\/h3>\n<p>Im Jahr 2026 k\u00f6nnen Kleinprojekte in dem Zeitraum 06.03.2026 bis 06.12.2026 realisiert werden. Die Antr\u00e4ge f\u00fcr alle Ma\u00dfnahmen k\u00f6nnen sp\u00e4testens bis zum 15. Oktober 2026 gestellt werden (sofern ausreichend&nbsp; Mittel zur Verf\u00fcgung stehen). F\u00f6rderantr\u00e4ge k\u00f6nnen nur f\u00fcr Vorhaben gestellt werden, die&nbsp; noch nicht begonnen haben. Eine r\u00fcckwirkende F\u00f6rderung ist nicht m\u00f6glich.<\/p>\n<p><strong>Die Projekte sollten folgende Ziele verfolgen:&nbsp;<\/strong><\/p>\n<ul>\n<li>Belebung der Projektarbeit der Gruppen der deutschen Minderheit in Polen<\/li>\n<li>F\u00f6rderung der deutschen Sprache<\/li>\n<li>Festigung der deutschen Kultur und Identit\u00e4t<\/li>\n<li>Modernisierung der Projektideen<\/li>\n<li>Erh\u00f6hung der Motivation zur Beteiligung innerhalb der deutschen Gemeinschaft<\/li>\n<li>Steigendes ehrenamtliches Engagement<\/li>\n<li>bessere Zusammenarbeit zwischen den Generationen innerhalb der deutschen Minderheit<\/li>\n<li>Anziehung der Jugendlichen an die Begegnungsstatten der DMI<\/li>\n<\/ul>\n<p><strong>Leitthema 2026:<\/strong><\/p>\n<p>&nbsp;\u201eKinder- und Jugendarbeit in unserem DFK\u201d.<\/p>\n<p><strong>M\u00f6gliche Projekte:<\/strong><\/p>\n<p>-Referate und Vorlesungen<\/p>\n<p>-thematische Ausstellungen<\/p>\n<p>-thematische Begegnungen (deutsche Geschichte, lokale Geschichte, Brauchtumspflege, Sprache und Literatur, Generationsarbeit)<\/p>\n<p>-Sprachworkshops<\/p>\n<p>-Workshops zur Brauchtumspflege, Kultur und Geschichte f\u00fcr alle Generationen&nbsp;<\/p>\n<p>-minderheitenspezifische Jugendkulturprojekte<\/p>\n<p>&#8211; sportliche Wettbewerbe innerhalb der Gesellschaften der DMI, die als Ziel die Verbindung mit Gemeinschaft, das Erwecken des Engagements und die Motivation haben sowie Wettbewerbe zwischen mehreren den DFK-Mannschaften, die dem Kennenlernen oder der Integration dienen (z.B. Fu\u00dfball, Volleyball)&nbsp;<\/p>\n<p>-Sportprojekte, die die typischen deutschen Sporttraditionen pflegen (zB. Skatspielen)<\/p>\n<p>&#8211; thematische Treffen an Feiertagen wie Allerheiligen, Tag der Deutschen Einheit, Volkstrauertag<\/p>\n<p>-in der Vorweihnachtszeit sind nur Workshops m\u00f6glich, traditionelle Adventreffen sind im Rahmen von Kleinprojekten nicht m\u00f6glich<\/p>\n<p>-kleine Publikationen, nur als Ergebnis eines Projekts m\u00f6glich<\/p>\n<p><strong>REGELN:<\/strong><\/p>\n<ul>\n<li>Die Zuwendung muss nach dem Prinzip der Wirtschaftlichkeit ausgegeben werden. Eine Doppelfinanzierung, bzw. Zusammenf\u00fchrung von zwei oder mehreren BMIZuwendungen im Rahmen eines Kleinprojekts wird verboten<\/li>\n<li>Die Antragsteller sind DFKs (mit Unterst\u00fctzung der Projektbetreuer), sowie Gemeindevorst\u00e4nde der DMI. Der Antrag muss mindestens 6 Wochen vor Projektbeginn gestellt werden<\/li>\n<li>jede DMI-Gruppe (jedes DFK) darf maximal 6 Projekte pro Jahr beantragen und organisieren, davon mindestens 1 mit einer nicht aktiven Gruppe der DMI, die selbst\u00e4ndig keine Projekte organisiert und mindestens 1 f\u00fcr Jugendliche<\/li>\n<li>Eine 100% Projektf\u00f6rderung ist nicht m\u00f6glich, mindestens 15% der Eigenmittel sind erforderlich. Sie sind im Kostenplan nachzuweisen, bei der Abrechnung m\u00fcssen sie in Form von Rechnungen belegt werden<\/li>\n<li>Bei allen Projekten, bei denen Fahrt\/ bzw. Transportkosten entstehen sind mindestens 20% der Eigenmittel erforderlich<\/li>\n<li>Die H\u00f6he der Honorarkosten bei Vortr\u00e4gen und Referaten sollte der Ausbildung der Referenten und Vortragenden angemessen sein. Es gelten folgende H\u00f6chstbetr\u00e4ge:<\/li>\n<\/ul>\n<ol>\n<li>a) bis zu 250 PLN f\u00fcr einen Vortrag\/ein Referat oder f\u00fcr die Leitung von Workshops, die eine Vorbereitung erfordern<\/li>\n<li>b) bis zu 440 PLN f\u00fcr besonders qualifizierte Vortr\u00e4ge\/Referate (z.B. durch Hochschullehrer). Pro Projekt kann maximal ein Referent engagiert werden<\/li>\n<\/ol>\n<ul>\n<li>Honorar f\u00fcr einen Schiedsrichter (bei Sportprojekten) bis zu 290 PLN<\/li>\n<li>F\u00fcr K\u00fcnstlergruppen, die ein Gewerbe betreiben kann maximal ein H\u00f6chstbetrag von 500PLN beantragt werden (Rechnung)<\/li>\n<li>F\u00fcr Beschallung k\u00f6nnen Kosten bis zu 500PLN beantragt werden<\/li>\n<li>F\u00fcr Urheberrechte kann eine ZAIKS-Geb\u00fchr bis zu 100 PLN beantragt werden. Dem Antrag muss eine Abbildung (screen) aus dem ZAIKS-Generator beigef\u00fcgt werden.<\/li>\n<li>Bei Projekten, die einen Moderator oder Fotografen ben\u00f6tigen, wird ehrenamtliches Engagement erwartet: die Moderatoren und Fotografen sollen aus eigenen Reihen stammen; f\u00fcr deren Arbeit kann kein Honorar beantragt werden<\/li>\n<li>Bei Projekten, die mit der Belebung alter Traditionen verbunden sind (Koch-, Backworkshops) wird ehrenamtliches Engagement erwartet: Koch, B\u00e4cker, Konditor etc. sollen aus eigenen Reihen stammen; f\u00fcr deren Arbeit kann kein Honorar beantragt werden<\/li>\n<li>Projekte, die sich inhaltlich mit der Erkundung der lokalen Geschichte besch\u00e4ftigen, k\u00f6nnen durch eine kurze Fahrt (bis zu 100 km) begleitet werden. Das Ziel der Fahrt muss thematisch mit dem Projekt verbunden sein, die Fahrt darf nur Teil eines gr\u00f6\u00dferen Projekts sein (z.B. thematisches Treffen im DFK, Referat\/Gruppenarbeit zum gew\u00e4hlten Thema, Fahrt zum besprochenen Ziel, Auswertung). Projekt zur lokalen Geschichte sollen vorwiegend vor Ort, im Sitz der Gesellschaften der DMI (im DFK) stattfinden. Eine Gruppe kann max. 1 mal im Jahr ein Projekt beantragen, das mit einer Fahrt und der damit verbundenen Transportkosten verbunden ist<\/li>\n<li>Ausfl\u00fcge, die einen rein touristischen Charakter haben, k\u00f6nnen nicht gef\u00f6rdert werden!<\/li>\n<li>F\u00fcr alle Transportkosten m\u00fcssen 3 Angebote sowie ein Ausdruck der geplanten Route (von Google Maps) vorgelegt werden. Sollten die Transportkosten h\u00f6her als 1.500 PLN sein, m\u00fcssen die Preisangebote (\u00fcbersetzt in deutsche Sprache) zusammen mit dem Antrag mindestens sechs Wochen vor Projektbeginn dem Projektbetreuer vorgelegt werden. Diese Regelung betrifft auch das Ausleihen der Paddelbote\/Kanus, die als 2 Transportmittel bei Projekten zur Lokalgeschichte dienen k\u00f6nnen.<\/li>\n<li>Im Rahmen eines Projekts ist eine Zuwendung f\u00fcr Bewirtungskosten bis zu 25 PLN pro Person m\u00f6glich, jedoch nicht mehr als 1000 PLN pro Projekt. Mehrausgaben k\u00f6nnen weder von der Zuwendung abgerechnet noch als Eigenmitteln anerkannt werden. Die Rechnung f\u00fcr die Verpflegung muss detailliert beschrieben werden (Art der Verpflegung, Preis pro Person, Menge).<\/li>\n<li>Einzelprojekte, die \u00fcberwiegend Volksfest- und Sportcharakter haben und bei denen die Ausgaben f\u00fcr Getr\u00e4nke und Verpflegung \u00fcberwiegen, werden grunds\u00e4tzlich nicht gef\u00f6rdert<\/li>\n<li>Preise, bzw. kleine Geschenke k\u00f6nnen nicht beantragt werden, bei Projekten mit Wettbewerbscharakter k\u00f6nnen sie im Rahmen der Eigenmittel finanziert werden. Der Wert eines Preisst\u00fccks kann nicht h\u00f6her als 60 PLN sein<\/li>\n<li>Kosten f\u00fcr Eintrittskarten in kulturelle Einrichtungen und Gedenkst\u00e4tten k\u00f6nnen nur im Rahmen der Eigenmittel abgerechnet werden<\/li>\n<li>F\u00fcr kreative Workshops k\u00f6nnen Materialien im Wert bis zu 500 PLN beantragt werden. Die Art der Materialien muss bereits im Antrag genannt werden<\/li>\n<li>F\u00fcr kleine Publikationen, die Ergebnis eines Projekts sind, k\u00f6nnen bis zu 500 PLN beantragt werden \u2022 Die Projekte sollten in eigenen R\u00e4umlichkeiten (DFKs, Gesellschaften der DMI etc.) stattfinden. Sollte dies aufgrund der Gr\u00f6\u00dfe der R\u00e4umlichkeiten nicht m\u00f6glich sein, k\u00f6nnen Kosten f\u00fcr Saalmiete bis zu 500 PLN beantragt werden<\/li>\n<li>Miete f\u00fcr Sportr\u00e4ume bis zu 500 PLN (bei Sportprojekten)<\/li>\n<li>Ausleihen der Sportausr\u00fcstung bis zu 400 PLN (bei Sportprojekten)<\/li>\n<li>ein Besuch in Sportanlagen (Schwimmbad, Bowlingbahn, Tennisplatz etc.), wie auch Teilnahme an Schifffahrten k\u00f6nnen aus den Projektmitteln nicht finanziert werden<\/li>\n<li>Die Kosten f\u00fcr Druckerpatronen, Blumenkr\u00e4nze und Blumengestecke\/ Blumendekorationen, sowie Pfandkosten k\u00f6nnen nicht erstattet werden. Sie sind nicht f\u00f6rderungsf\u00e4hig und werden auch im Rahmen der Eigenmittel nicht anerkannt.<\/li>\n<li>Der Druck von Kalendern und Einkauf von Werbeartikeln wird grunds\u00e4tzlich nicht gef\u00f6rdert.<\/li>\n<li>Eine F\u00f6rderung der B\u00fcroausstattung, M\u00f6bel sowie Renovierungsarbeiten ist grunds\u00e4tzlich nicht m\u00f6glich. Ausstattung (zB. Kannen, T\u00f6pfe, etc.) kann auch nicht als Eigenbeteiligung abgerechnet werden<\/li>\n<li>Durch die Zuwendung werden nur die im Antrag genannten Aktivit\u00e4ten in der beantragten H\u00f6he gef\u00f6rdert. Jegliche \u00c4nderungen bed\u00fcrfen einer Genehmigung der Regionalbezirke, die die Projektmittel verwalten. Die Unterst\u00fctzung f\u00fcr ein Projekt kann zwischen 400 PLN und 3.200 PLN betragen. Antr\u00e4ge mit einem geringeren Zuwendungsbetrag werden nicht gef\u00f6rdert.<\/li>\n<li>F\u00fcr alle Kostenpositionen ab 1500 PLN sollten drei schriftliche Preisangebote bei der Antragstellung vorgelegt werden<\/li>\n<li>Die Regionalbezirke haben das Recht, die F\u00f6rderung zu annullieren bzw. die bereits ausgezahlten Mittel zur\u00fcckzufordern sobald festgestellt wird, dass die Mittel nicht zweckentsprechend ausgegeben wurden, sowie beim Fehlen der f\u00fcr die Abrechnung notwendiger Unterlagen. Die Einzelheiten einer R\u00fcckzahlung werden jeweils in den zwischen den DFKs und den Regionalbezirken abgeschlossenen Vereinbarungen definiert. In Streitf\u00e4llen ist eine Absprache mit dem Koordinator des VdG notwendig<\/li>\n<li>Die Zuwendung kann einmalig oder in mehreren Teilzahlungen ausgezahlt werden<\/li>\n<li>Die Abrechnung erfolgt nach der Vorlage der Rechnungen, Reisekosten, Honorarkosten etc. Die verlangten Abrechnungsdokumente werden in jeder Vereinbarung einzeln genannt. Au\u00dferdem werden bei der Abrechnung der Kleinprojekte Teilnehmerlisten verlangt. Alle Ausgaben m\u00fcssen sp\u00e4testens am Tag des Projekt erfolgen. Der auf der Rechnung genannte Verkaufstag (data sprzeda\u017cy) muss mit dem Termin des Projekts schl\u00fcssig sein. Dieselbe Regelung betrifft das Datum auf der Teilnehmerliste<\/li>\n<li>Die Abrechnung eines Kleinprojekts erfolgt sp\u00e4testens vier Wochen nach Abschluss der gef\u00f6rderten Ma\u00dfnahme. Sollte die Abrechnung fristgem\u00e4\u00df nicht erfolgen, wird die Zuwendung aufgehoben<\/li>\n<li>Die Abrechnung muss gem\u00e4\u00df dem beantragten Finanzplan erfolgen. Die einzelnen Abweichungen k\u00f6nnen bis zu 20% betragen (wenn bei anderen Kostenpositionen gespart wird). Der Endbetrag darf jedoch nicht h\u00f6her sein als der im Finanzplan genannte Betrag<\/li>\n<li>Der Abrechnung muss ein Sachbericht in deutscher Sprache beigef\u00fcgt werden, au\u00dferdem m\u00fcssen die Projekte durch mindestens 3 ausgedruckte Fotos sowie Filme\/Zeitungsartikel best\u00e4tigt werden. Der Sachbericht muss vom Antragsteller, bzw. vom Projektbetreuer untereschrieben sein. Der Abrechnung muss eine Teilnehmerliste mit Altersangaben und Unterschriften der Teilnehmer abgegeben werden. Auch bei gro\u00dfen Projekten mit 100 oder mehr Teilnehmern m\u00fcssen unterschriebene Teilnehmerlisten vorgelegt werden. Die Teilnehmerzahl sollte auf den Fotos zu erkennen sein.<\/li>\n<li>Antr\u00e4ge, die kontrovers sind, werden von VdG Gesch\u00e4ftsf\u00fchrung in Absprache mit der Projektleitung individuell gepr\u00fcft. Der VdG beh\u00e4lt das Recht, die Kleinprojekte vor Ort ohne Ank\u00fcndigung zu kontrollieren<\/li>\n<\/ul>\n<p>[\/vc_column_text][\/vc_column][vc_column width=&#8221;1\/4&#8243;][vc_column_text]<\/p>\n<section class=\"span3\" style=\"margin-top: -22px;\">\n<div class=\"col-left\">\n<div id=\"execphp-2\" class=\"widget m_bottom_25 widget_execphp\">\n<div class=\"execphpwidget\">\n<div id=\"archives-2\" class=\"widget widget_archive kontakt\" style=\"border-color: #1F97FF !important;\">\n<h4 class=\"h4 heading-h4\" style=\"margin-bottom: 0px; text-align: center;\">Kontakt<\/h4>\n<div class=\"kontakt\">\n<p>Sandra Goldberg<\/p>\n<p><a href=\"mailto:belebung@skgd.pl\">belebung@skgd.pl<\/a><\/p>\n<p>tel.&nbsp;<span>77 40 21&nbsp;070<\/span><\/p>\n<\/div>\n<h4 class=\"h4 heading-h4\" style=\"margin-bottom: 20px; margin-top: 10px; text-align: center;\">Download<\/h4>\n<ul>\n<li style=\"list-style-type: none;\">\n<ul>\n<li class=\"h4 heading-h4\" style=\"text-align: left;\"><a href=\"https:\/\/skgd.pl\/wp-content\/uploads\/2026\/03\/Antrag-MUSTER2026.doc\">Antrag-MUSTER2026<\/a><\/li>\n<li><a href=\"https:\/\/skgd.pl\/wp-content\/uploads\/2026\/03\/Projektbetreuer-Oppeln.2026.xlsx\">Projektbetreuer-Oppeln.2026<\/a><\/li>\n<li><a href=\"https:\/\/skgd.pl\/wp-content\/uploads\/2026\/03\/Teilnehmerliste2026.xls\">Teilnehmerliste2026<\/a><\/li>\n<li><a href=\"https:\/\/skgd.pl\/wp-content\/uploads\/2026\/03\/Formularz-Rozliczenia-15-wklad-wlasnyPL-3.xls\">Formularz Rozliczenia 15%-wk\u0142ad w\u0142asny<\/a><\/li>\n<li><a href=\"https:\/\/skgd.pl\/wp-content\/uploads\/2026\/03\/wzor-oswiadczenia-o-niekaralnosci.docx\">wzor-oswiadczenia-o-niekaralnosci<\/a><\/li>\n<li><a href=\"https:\/\/skgd.pl\/wp-content\/uploads\/2026\/03\/Liste-Workshopmaterialien.pdf\">Liste Workshopmaterialien<\/a><\/li>\n<li><a href=\"https:\/\/skgd.pl\/wp-content\/uploads\/2026\/03\/Formularz-Rozliczenia-15-wklad-wlasny.DE-2.xls\">Formularz Rozliczenia 15%-wk\u0142ad w\u0142asny.DE (2)<\/a><\/li>\n<li><a href=\"https:\/\/skgd.pl\/wp-content\/uploads\/2026\/03\/umowa-zlecenie-ogolna-.docx\">umowa zlecenie &#8211; og\u00f3lna<\/a><\/li>\n<li><a href=\"https:\/\/skgd.pl\/wp-content\/uploads\/2026\/03\/Oswiadczenie-podatkowe.doc\">O\u015bwiadczenie podatkowe<\/a><\/li>\n<li><a href=\"https:\/\/skgd.pl\/wp-content\/uploads\/2026\/03\/Oswiadczenie-o-ilosci-przepracowanych-godzin.docx\">O\u015bwiadczenie o ilo\u015bci przepracowanych godzin<\/a><\/li>\n<li><a href=\"https:\/\/skgd.pl\/wp-content\/uploads\/2026\/03\/KI-umowa-cywilnoprawna-RODO.docx\">KI &#8211; umowa cywilnoprawna RODO<\/a><\/li>\n<li><a href=\"https:\/\/skgd.pl\/wp-content\/uploads\/2026\/03\/Reglement-Kleinprojekte-2026.pdf\">Reglement-Kleinprojekte 2026<\/a><\/li>\n<li><a href=\"https:\/\/skgd.pl\/wp-content\/uploads\/2026\/03\/Regulamin-wydarzen-DMi-2026.pdf\">Regulamin wydarze\u0144 DMi-2026<\/a><\/li>\n<li><a href=\"https:\/\/skgd.pl\/wp-content\/uploads\/2026\/03\/Plakat_finansowanie_2026.pdf\">Plakat_finansowanie_2026<\/a><\/li>\n<\/ul>\n<\/li>\n<\/ul>\n<\/div>\n<\/div>\n<\/div>\n<\/div>\n<\/section>\n<p><img loading=\"lazy\" decoding=\"async\" class=\"alignnone wp-image-37886 size-thumbnail\" src=\"https:\/\/skgd.pl\/wp-content\/uploads\/2026\/03\/BMI-Logo-2026-150x150.png\" alt=\"\" width=\"150\" height=\"150\" srcset=\"https:\/\/skgd.pl\/wp-content\/uploads\/2026\/03\/BMI-Logo-2026-150x150.png 150w, https:\/\/skgd.pl\/wp-content\/uploads\/2026\/03\/BMI-Logo-2026-290x290.png 290w, https:\/\/skgd.pl\/wp-content\/uploads\/2026\/03\/BMI-Logo-2026-250x250.png 250w, https:\/\/skgd.pl\/wp-content\/uploads\/2026\/03\/BMI-Logo-2026-170x170.png 170w, https:\/\/skgd.pl\/wp-content\/uploads\/2026\/03\/BMI-Logo-2026-120x120.png 120w, https:\/\/skgd.pl\/wp-content\/uploads\/2026\/03\/BMI-Logo-2026-70x70.png 70w, https:\/\/skgd.pl\/wp-content\/uploads\/2026\/03\/BMI-Logo-2026-100x100.png 100w\" sizes=\"auto, (max-width: 150px) 100vw, 150px\" \/><\/p>\n<p><img loading=\"lazy\" decoding=\"async\" class=\"alignnone size-medium wp-image-37692\" src=\"https:\/\/skgd.pl\/wp-content\/uploads\/2026\/01\/Logo_VDG_color_acronim_base-300x140.gif\" alt=\"\" width=\"300\" height=\"140\" srcset=\"https:\/\/skgd.pl\/wp-content\/uploads\/2026\/01\/Logo_VDG_color_acronim_base-300x140.gif 300w, https:\/\/skgd.pl\/wp-content\/uploads\/2026\/01\/Logo_VDG_color_acronim_base-1024x478.gif 1024w, https:\/\/skgd.pl\/wp-content\/uploads\/2026\/01\/Logo_VDG_color_acronim_base-768x359.gif 768w, https:\/\/skgd.pl\/wp-content\/uploads\/2026\/01\/Logo_VDG_color_acronim_base-1536x717.gif 1536w, https:\/\/skgd.pl\/wp-content\/uploads\/2026\/01\/Logo_VDG_color_acronim_base-800x374.gif 800w, https:\/\/skgd.pl\/wp-content\/uploads\/2026\/01\/Logo_VDG_color_acronim_base-600x280.gif 600w\" sizes=\"auto, (max-width: 300px) 100vw, 300px\" \/>[\/vc_column_text][\/vc_column][\/vc_row]<\/p>","protected":false},"excerpt":{"rendered":"<p>[vc_row][vc_column width=&#8221;3\/4&#8243;][vc_column_text] Regeln f\u00fcr die Einreichung von Antr\u00e4gen f\u00fcr Kleinprojekte im Rahmen des Programms \u201eTreffpunkte 2026\u201d: Im Jahr 2026 k\u00f6nnen Kleinprojekte in dem Zeitraum 06.03.2026 bis 06.12.2026 realisiert werden. Die Antr\u00e4ge f\u00fcr alle Ma\u00dfnahmen k\u00f6nnen sp\u00e4testens bis zum 15. Oktober 2026 gestellt werden (sofern ausreichend&nbsp; Mittel zur Verf\u00fcgung stehen). F\u00f6rderantr\u00e4ge k\u00f6nnen nur f\u00fcr Vorhaben gestellt [&hellip;]<\/p>\n","protected":false},"author":1,"featured_media":0,"parent":9348,"menu_order":52,"comment_status":"closed","ping_status":"closed","template":"","meta":{"footnotes":""},"class_list":["post-9785","page","type-page","status-publish","hentry"],"yoast_head":"<!-- This site is optimized with the Yoast SEO plugin v18.9 - https:\/\/yoast.com\/wordpress\/plugins\/seo\/ -->\n<title>Begegnungsst\u00e4ttenarbeit - Deutsche Minderheit, Sozial-Kulturelle Gesellschaft der Deutschen im Oppelner Schlesien<\/title>\n<meta name=\"robots\" content=\"index, follow, max-snippet:-1, max-image-preview:large, max-video-preview:-1\" \/>\n<link rel=\"canonical\" href=\"https:\/\/skgd.pl\/strefa-dfk\/projekty-wnioski-dokumenty-i-regulaminy\/ozywienie-domow-spotkan\/\" \/>\n<meta property=\"og:locale\" content=\"de_DE\" \/>\n<meta property=\"og:type\" content=\"article\" \/>\n<meta property=\"og:title\" content=\"Begegnungsst\u00e4ttenarbeit - Deutsche Minderheit, Sozial-Kulturelle Gesellschaft der Deutschen im Oppelner Schlesien\" \/>\n<meta property=\"og:description\" content=\"[vc_row][vc_column width=&#8221;3\/4&#8243;][vc_column_text] Regeln f\u00fcr die Einreichung von Antr\u00e4gen f\u00fcr Kleinprojekte im Rahmen des Programms \u201eTreffpunkte 2026\u201d: Im Jahr 2026 k\u00f6nnen Kleinprojekte in dem Zeitraum 06.03.2026 bis 06.12.2026 realisiert werden. Die Antr\u00e4ge f\u00fcr alle Ma\u00dfnahmen k\u00f6nnen sp\u00e4testens bis zum 15. Oktober 2026 gestellt werden (sofern ausreichend&nbsp; Mittel zur Verf\u00fcgung stehen). F\u00f6rderantr\u00e4ge k\u00f6nnen nur f\u00fcr Vorhaben gestellt [&hellip;]\" \/>\n<meta property=\"og:url\" content=\"https:\/\/skgd.pl\/strefa-dfk\/projekty-wnioski-dokumenty-i-regulaminy\/ozywienie-domow-spotkan\/\" \/>\n<meta property=\"og:site_name\" content=\"Deutsche Minderheit, Sozial-Kulturelle Gesellschaft der Deutschen im Oppelner Schlesien\" \/>\n<meta property=\"article:modified_time\" content=\"2026-03-09T12:10:07+00:00\" \/>\n<meta property=\"og:image\" content=\"https:\/\/skgd.pl\/wp-content\/uploads\/2026\/03\/BMI-Logo-2026-150x150.png\" \/>\n<meta name=\"twitter:card\" content=\"summary_large_image\" \/>\n<meta name=\"twitter:label1\" content=\"Gesch\u00e4tzte Lesezeit\" \/>\n\t<meta name=\"twitter:data1\" content=\"7\u00a0Minuten\" \/>\n<script type=\"application\/ld+json\" class=\"yoast-schema-graph\">{\"@context\":\"https:\/\/schema.org\",\"@graph\":[{\"@type\":\"WebSite\",\"@id\":\"https:\/\/skgd.pl\/#website\",\"url\":\"https:\/\/skgd.pl\/\",\"name\":\"Deutsche Minderheit, Sozial-Kulturelle Gesellschaft der Deutschen im Oppelner Schlesien\",\"description\":\"Deutsche Minderheit in Polen\",\"potentialAction\":[{\"@type\":\"SearchAction\",\"target\":{\"@type\":\"EntryPoint\",\"urlTemplate\":\"https:\/\/skgd.pl\/?s={search_term_string}\"},\"query-input\":\"required name=search_term_string\"}],\"inLanguage\":\"de\"},{\"@type\":\"ImageObject\",\"inLanguage\":\"de\",\"@id\":\"https:\/\/skgd.pl\/strefa-dfk\/projekty-wnioski-dokumenty-i-regulaminy\/ozywienie-domow-spotkan\/#primaryimage\",\"url\":\"https:\/\/skgd.pl\/wp-content\/uploads\/2026\/03\/BMI-Logo-2026.png\",\"contentUrl\":\"https:\/\/skgd.pl\/wp-content\/uploads\/2026\/03\/BMI-Logo-2026.png\",\"width\":294,\"height\":300},{\"@type\":\"WebPage\",\"@id\":\"https:\/\/skgd.pl\/strefa-dfk\/projekty-wnioski-dokumenty-i-regulaminy\/ozywienie-domow-spotkan\/#webpage\",\"url\":\"https:\/\/skgd.pl\/strefa-dfk\/projekty-wnioski-dokumenty-i-regulaminy\/ozywienie-domow-spotkan\/\",\"name\":\"Begegnungsst\u00e4ttenarbeit - Deutsche Minderheit, Sozial-Kulturelle Gesellschaft der Deutschen im Oppelner Schlesien\",\"isPartOf\":{\"@id\":\"https:\/\/skgd.pl\/#website\"},\"primaryImageOfPage\":{\"@id\":\"https:\/\/skgd.pl\/strefa-dfk\/projekty-wnioski-dokumenty-i-regulaminy\/ozywienie-domow-spotkan\/#primaryimage\"},\"datePublished\":\"2016-01-12T20:45:55+00:00\",\"dateModified\":\"2026-03-09T12:10:07+00:00\",\"breadcrumb\":{\"@id\":\"https:\/\/skgd.pl\/strefa-dfk\/projekty-wnioski-dokumenty-i-regulaminy\/ozywienie-domow-spotkan\/#breadcrumb\"},\"inLanguage\":\"de\",\"potentialAction\":[{\"@type\":\"ReadAction\",\"target\":[\"https:\/\/skgd.pl\/strefa-dfk\/projekty-wnioski-dokumenty-i-regulaminy\/ozywienie-domow-spotkan\/\"]}]},{\"@type\":\"BreadcrumbList\",\"@id\":\"https:\/\/skgd.pl\/strefa-dfk\/projekty-wnioski-dokumenty-i-regulaminy\/ozywienie-domow-spotkan\/#breadcrumb\",\"itemListElement\":[{\"@type\":\"ListItem\",\"position\":1,\"name\":\"Strona g\u0142\u00f3wna\",\"item\":\"https:\/\/skgd.pl\/\"},{\"@type\":\"ListItem\",\"position\":2,\"name\":\"Strefa DFK\",\"item\":\"https:\/\/skgd.pl\/strefa-dfk\/\"},{\"@type\":\"ListItem\",\"position\":3,\"name\":\"Projekty: wnioski, dokumenty i regulaminy\",\"item\":\"https:\/\/skgd.pl\/strefa-dfk\/projekty-wnioski-dokumenty-i-regulaminy\/\"},{\"@type\":\"ListItem\",\"position\":4,\"name\":\"O\u017cywienie Dom\u00f3w Spotka\u0144\"}]}]}<\/script>\n<!-- \/ Yoast SEO plugin. -->","yoast_head_json":{"title":"Begegnungsst\u00e4ttenarbeit - Deutsche Minderheit, Sozial-Kulturelle Gesellschaft der Deutschen im Oppelner Schlesien","robots":{"index":"index","follow":"follow","max-snippet":"max-snippet:-1","max-image-preview":"max-image-preview:large","max-video-preview":"max-video-preview:-1"},"canonical":"https:\/\/skgd.pl\/strefa-dfk\/projekty-wnioski-dokumenty-i-regulaminy\/ozywienie-domow-spotkan\/","og_locale":"de_DE","og_type":"article","og_title":"Begegnungsst\u00e4ttenarbeit - Deutsche Minderheit, Sozial-Kulturelle Gesellschaft der Deutschen im Oppelner Schlesien","og_description":"[vc_row][vc_column width=&#8221;3\/4&#8243;][vc_column_text] Regeln f\u00fcr die Einreichung von Antr\u00e4gen f\u00fcr Kleinprojekte im Rahmen des Programms \u201eTreffpunkte 2026\u201d: Im Jahr 2026 k\u00f6nnen Kleinprojekte in dem Zeitraum 06.03.2026 bis 06.12.2026 realisiert werden. Die Antr\u00e4ge f\u00fcr alle Ma\u00dfnahmen k\u00f6nnen sp\u00e4testens bis zum 15. Oktober 2026 gestellt werden (sofern ausreichend&nbsp; Mittel zur Verf\u00fcgung stehen). F\u00f6rderantr\u00e4ge k\u00f6nnen nur f\u00fcr Vorhaben gestellt [&hellip;]","og_url":"https:\/\/skgd.pl\/strefa-dfk\/projekty-wnioski-dokumenty-i-regulaminy\/ozywienie-domow-spotkan\/","og_site_name":"Deutsche Minderheit, Sozial-Kulturelle Gesellschaft der Deutschen im Oppelner Schlesien","article_modified_time":"2026-03-09T12:10:07+00:00","og_image":[{"url":"https:\/\/skgd.pl\/wp-content\/uploads\/2026\/03\/BMI-Logo-2026-150x150.png"}],"twitter_card":"summary_large_image","twitter_misc":{"Gesch\u00e4tzte Lesezeit":"7\u00a0Minuten"},"schema":{"@context":"https:\/\/schema.org","@graph":[{"@type":"WebSite","@id":"https:\/\/skgd.pl\/#website","url":"https:\/\/skgd.pl\/","name":"Deutsche Minderheit, Sozial-Kulturelle Gesellschaft der Deutschen im Oppelner Schlesien","description":"Deutsche Minderheit in Polen","potentialAction":[{"@type":"SearchAction","target":{"@type":"EntryPoint","urlTemplate":"https:\/\/skgd.pl\/?s={search_term_string}"},"query-input":"required name=search_term_string"}],"inLanguage":"de"},{"@type":"ImageObject","inLanguage":"de","@id":"https:\/\/skgd.pl\/strefa-dfk\/projekty-wnioski-dokumenty-i-regulaminy\/ozywienie-domow-spotkan\/#primaryimage","url":"https:\/\/skgd.pl\/wp-content\/uploads\/2026\/03\/BMI-Logo-2026.png","contentUrl":"https:\/\/skgd.pl\/wp-content\/uploads\/2026\/03\/BMI-Logo-2026.png","width":294,"height":300},{"@type":"WebPage","@id":"https:\/\/skgd.pl\/strefa-dfk\/projekty-wnioski-dokumenty-i-regulaminy\/ozywienie-domow-spotkan\/#webpage","url":"https:\/\/skgd.pl\/strefa-dfk\/projekty-wnioski-dokumenty-i-regulaminy\/ozywienie-domow-spotkan\/","name":"Begegnungsst\u00e4ttenarbeit - Deutsche Minderheit, Sozial-Kulturelle Gesellschaft der Deutschen im Oppelner Schlesien","isPartOf":{"@id":"https:\/\/skgd.pl\/#website"},"primaryImageOfPage":{"@id":"https:\/\/skgd.pl\/strefa-dfk\/projekty-wnioski-dokumenty-i-regulaminy\/ozywienie-domow-spotkan\/#primaryimage"},"datePublished":"2016-01-12T20:45:55+00:00","dateModified":"2026-03-09T12:10:07+00:00","breadcrumb":{"@id":"https:\/\/skgd.pl\/strefa-dfk\/projekty-wnioski-dokumenty-i-regulaminy\/ozywienie-domow-spotkan\/#breadcrumb"},"inLanguage":"de","potentialAction":[{"@type":"ReadAction","target":["https:\/\/skgd.pl\/strefa-dfk\/projekty-wnioski-dokumenty-i-regulaminy\/ozywienie-domow-spotkan\/"]}]},{"@type":"BreadcrumbList","@id":"https:\/\/skgd.pl\/strefa-dfk\/projekty-wnioski-dokumenty-i-regulaminy\/ozywienie-domow-spotkan\/#breadcrumb","itemListElement":[{"@type":"ListItem","position":1,"name":"Strona g\u0142\u00f3wna","item":"https:\/\/skgd.pl\/"},{"@type":"ListItem","position":2,"name":"Strefa DFK","item":"https:\/\/skgd.pl\/strefa-dfk\/"},{"@type":"ListItem","position":3,"name":"Projekty: wnioski, dokumenty i regulaminy","item":"https:\/\/skgd.pl\/strefa-dfk\/projekty-wnioski-dokumenty-i-regulaminy\/"},{"@type":"ListItem","position":4,"name":"O\u017cywienie Dom\u00f3w Spotka\u0144"}]}]}},"_links":{"self":[{"href":"https:\/\/skgd.pl\/de\/wp-json\/wp\/v2\/pages\/9785","targetHints":{"allow":["GET"]}}],"collection":[{"href":"https:\/\/skgd.pl\/de\/wp-json\/wp\/v2\/pages"}],"about":[{"href":"https:\/\/skgd.pl\/de\/wp-json\/wp\/v2\/types\/page"}],"author":[{"embeddable":true,"href":"https:\/\/skgd.pl\/de\/wp-json\/wp\/v2\/users\/1"}],"replies":[{"embeddable":true,"href":"https:\/\/skgd.pl\/de\/wp-json\/wp\/v2\/comments?post=9785"}],"version-history":[{"count":66,"href":"https:\/\/skgd.pl\/de\/wp-json\/wp\/v2\/pages\/9785\/revisions"}],"predecessor-version":[{"id":37893,"href":"https:\/\/skgd.pl\/de\/wp-json\/wp\/v2\/pages\/9785\/revisions\/37893"}],"up":[{"embeddable":true,"href":"https:\/\/skgd.pl\/de\/wp-json\/wp\/v2\/pages\/9348"}],"wp:attachment":[{"href":"https:\/\/skgd.pl\/de\/wp-json\/wp\/v2\/media?parent=9785"}],"curies":[{"name":"wp","href":"https:\/\/api.w.org\/{rel}","templated":true}]}}