{"id":9780,"date":"2016-01-12T21:43:59","date_gmt":"2016-01-12T20:43:59","guid":{"rendered":"http:\/\/skgd.pl\/?page_id=9780"},"modified":"2026-03-10T09:14:53","modified_gmt":"2026-03-10T08:14:53","slug":"maibaum","status":"publish","type":"page","link":"https:\/\/skgd.pl\/de\/strefa-dfk\/projekty-wnioski-dokumenty-i-regulaminy\/maibaum\/","title":{"rendered":"Maibaum"},"content":{"rendered":"<p>[vc_row][vc_column width=&#8221;3\/4&#8243;][vc_column_text]<\/p>\n<p style=\"font-weight: 400;\">Sehr geehrte Damen und Herren,<\/p>\n<p style=\"font-weight: 400;\">wir m\u00f6chten Sie dar\u00fcber informieren, dass die bislang durch das Konsulats der Bundesrepublik Deutschland in Oppeln gef\u00f6rderten Projekte ab dem laufenden Jahr aus Mitteln des Bundesministeriums des Inneren und f\u00fcr Heimat der Bundesrepublik Deutschland (BMI) durch den Verband der deutschen sozial-kulturellen Gesellschaften in Polen (VdG) finanziert werden.<\/p>\n<p style=\"font-weight: 400;\">Hiermit er\u00f6ffnen wir die Ausschreibung f\u00fcr \u201eMaibaum\u201c-Projekte. \u00dcber weitere Projektaufrufe&nbsp; werden wir zu einem sp\u00e4teren Zeitpunkt informieren. Im Rahmen des Projekts ,,Maibaum &amp; Gemeinschaft \u2013 Tradition lebendig halten\u201c sind die Projektantr\u00e4ge bis sp\u00e4testens<span>&nbsp;<\/span><strong><u>18. M\u00e4rz 2026<\/u><\/strong><span>&nbsp;<\/span>einzureichen.<br \/>\nDie Einreichung kann in Papierform oder als Scan per E-Mail an<span>&nbsp;<\/span><span><a href=\"mailto:kornelia.brixy@skgd.pl\">kornelia.brixy@skgd.pl<\/a><\/span><span>&nbsp;<\/span>erfolgen.<br \/>\nEs werden<span>&nbsp;<\/span><strong><u>ausschlie\u00dflich Projektantr\u00e4ge<\/u><span>&nbsp;<\/span><\/strong>ber\u00fccksichtigt,<span>&nbsp;<\/span><strong><u>die fristgerecht<\/u><\/strong><strong><u><span>&nbsp;<\/span>und in einer der genannten Formen&nbsp; bis sp\u00e4testens 18. M\u00e4rz 2026&nbsp; eigegangen sind<\/u><\/strong>.&nbsp; Die Entscheidung&nbsp; \u00fcber die F\u00f6rderungszusage sowie \u00fcber die jeweilige F\u00f6rderungsh\u00f6he erfolgt nach Eingang der entsprechenden Information&nbsp; des VdG&nbsp; \u2013 fr\u00fchestens<span>&nbsp;<\/span><strong>ab dem 10. April 2026<\/strong>.<\/p>\n<p style=\"font-weight: 400;\"><u>Wichtige Informationen:<\/u><\/p>\n<p style=\"font-weight: 400;\">&#8211; &nbsp;Zeitraum f\u00fcr die Durchf\u00fchrung der Projekte:&nbsp;<span>&nbsp;<\/span><strong>30.04.-31.05.2026<\/strong><\/p>\n<p style=\"font-weight: 400;\">&#8211;&nbsp; Teilnehmeranzahl:<span>&nbsp;<\/span><strong>mindestens 50 Personen<\/strong><\/p>\n<p style=\"font-weight: 400;\">&#8211; &nbsp;Abrechnung: Sachbericht, korrekt beschriebene Rechnungen, Teilnehmerliste, mindestens vier Fotos sowie mindestens zwei Medienbeitr\u00e4ge (Artikel, Interviews oder Berichterstattungen in lokalen Medien oder in sozialen Medien der SKGD)<\/p>\n<p style=\"font-weight: 400;\">&#8211;&nbsp; H\u00f6he der Eigenmittel:<span>&nbsp;<\/span><strong>945,00 PLN<\/strong><\/p>\n<p style=\"font-weight: 400;\">&#8211;&nbsp; Die Auszahlung der F\u00f6rderung erfolgt nach Vorlage der vollst\u00e4ndigen Abrechnung<\/p>\n<p style=\"font-weight: 400;\">&#8211; Abrechnungsfrist: maximal 2 Wochen nach Durchf\u00fchrung des Projekts. In begr\u00fcndeten Ausnahmef\u00e4llen besteht die M\u00f6glichkeit, Rechnungen vom SKGD-B\u00fcro direkt per \u00dcberweisung zu begleichen. In diesem Fall ist die vollst\u00e4ndige Abrechnung sp\u00e4testens innerhalb von f\u00fcnf Werktagen nach Projektdurchf\u00fchrung vorzulegen.<\/p>\n<p style=\"font-weight: 400;\"><u>M\u00f6gliche Kosten:<\/u><\/p>\n<p style=\"font-weight: 400;\">&#8211; &nbsp;Materialien f\u00fcr den Maibaum:&nbsp;<span>&nbsp;<\/span><strong>bis<\/strong><span>&nbsp;<\/span><strong>250,00 PLN<\/strong><\/p>\n<p style=\"font-weight: 400;\">&#8211;&nbsp; B\u00fchnenbeschallung:<span>&nbsp;<\/span><strong>bis 630,00 PLN<\/strong><\/p>\n<p style=\"font-weight: 400;\">&#8211; &nbsp;Musikalische Umrahmung:<span>&nbsp;<\/span><strong>bis 2&nbsp;300,00 PLN<\/strong><\/p>\n<p style=\"font-weight: 400;\">&#8211;&nbsp; Dekorationsmaterialien:<span>&nbsp;<\/span><strong>bis 250,00 PLN<\/strong><\/p>\n<p style=\"font-weight: 400;\">&#8211;&nbsp; GEMA-Kosten:<span>&nbsp;<\/span><strong>bis 210,00 PLN<\/strong><\/p>\n<p style=\"font-weight: 400;\">&#8211; Bewirtung: bis 32,00 PLN pro Person<strong><span>&nbsp;<\/span>(maximal 1600,00 PLN, davon 945,00 PLN Eigen- oder Drittmittel)<span>&nbsp;<\/span>Bitte beachten Sie: als Bewirtung gelten ausschlie\u00dflich Lebensmittel. Die Kaution f\u00fcr Flaschen ist weder als Zuschuss noch als Eigenmittel anerkennungsf\u00e4hig!<\/strong><\/p>\n<p style=\"font-weight: 400;\">&#8211; Die maximale F\u00f6rderung des Projekts betr\u00e4gt:<span>&nbsp;<\/span><strong>4&nbsp;295,00 PLN<\/strong><\/p>\n<p style=\"font-weight: 400;\">Bei Fragen wenden Sie sich bitte an Frau Kornelia Brixy, Tel. 77 40 21&nbsp;074, E-Mail:&nbsp;<span>&nbsp;<\/span><a href=\"mailto:kornelia.brixy@skgd.pl\">kornelia.brixy@skgd.pl<\/a>&nbsp;<\/p>\n<p>[\/vc_column_text][\/vc_column][vc_column width=&#8221;1\/4&#8243;][vc_column_text]<\/p>\n<section class=\"span3\" style=\"margin-top: -22px;\">\n<div class=\"col-left\">\n<div id=\"execphp-2\" class=\"widget m_bottom_25 widget_execphp\">\n<div class=\"execphpwidget\">\n<div id=\"archives-2\" class=\"widget widget_archive kontakt\" style=\"border-color: #1F97FF !important;\">\n<h4 class=\"h4 heading-h4\" style=\"margin-bottom: 0px; text-align: center;\">Kontakt<\/h4>\n<div class=\"kontakt\">\n<p>Kornelia Brixy<\/p>\n<p>kornelia.brixy@skgd.pl<\/p>\n<p>Tel.&nbsp;<span>780 612 120&nbsp; &nbsp;\/&nbsp; &nbsp;77 40 21 073<\/span><\/p>\n<p>&nbsp;<\/p>\n<\/div>\n<h4 class=\"h4 heading-h4\" style=\"margin-bottom: 20px; margin-top: 20px; text-align: center;\">Zum Herunterladen<\/h4>\n<ul>\n<li><a href=\"https:\/\/skgd.pl\/wp-content\/uploads\/2026\/03\/Antrag-Maibaum-im-Jahr-2026.doc\">Antrag Maibaum im Jahr 2026<\/a><\/li>\n<li><a href=\"https:\/\/skgd.pl\/wp-content\/uploads\/2026\/03\/Rundschreiben-Maibaum-2026-DE-PL-1.docx\">Rundschreiben-Maibaum-2026-DE-PL <\/a><\/li>\n<li><a href=\"https:\/\/skgd.pl\/wp-content\/uploads\/2026\/03\/Muster-Antrag-Maibaum-im-Jahr-2026.doc\">Muster-Antrag Maibaum im Jahr 2026<\/a><\/li>\n<li><a href=\"https:\/\/skgd.pl\/wp-content\/uploads\/2026\/03\/Maibaum-2026_Regulamin_VdG.docx\">Maibaum 2026_Regulamin_VdG<\/a><\/li>\n<li><a href=\"https:\/\/skgd.pl\/wp-content\/uploads\/2026\/03\/LOGA.zip\">LOGA<\/a><\/li>\n<\/ul>\n<h4 class=\"h4 heading-h4\" style=\"margin-bottom: 10px; margin-top: 20px; text-align: center;\">Partner<\/h4>\n<p><img loading=\"lazy\" decoding=\"async\" class=\"aligncenter wp-image-37886 size-thumbnail\" src=\"https:\/\/skgd.pl\/wp-content\/uploads\/2026\/03\/BMI-Logo-2026-150x150.png\" alt=\"\" width=\"150\" height=\"150\" srcset=\"https:\/\/skgd.pl\/wp-content\/uploads\/2026\/03\/BMI-Logo-2026-150x150.png 150w, https:\/\/skgd.pl\/wp-content\/uploads\/2026\/03\/BMI-Logo-2026-290x290.png 290w, https:\/\/skgd.pl\/wp-content\/uploads\/2026\/03\/BMI-Logo-2026-250x250.png 250w, https:\/\/skgd.pl\/wp-content\/uploads\/2026\/03\/BMI-Logo-2026-170x170.png 170w, https:\/\/skgd.pl\/wp-content\/uploads\/2026\/03\/BMI-Logo-2026-120x120.png 120w, https:\/\/skgd.pl\/wp-content\/uploads\/2026\/03\/BMI-Logo-2026-70x70.png 70w, https:\/\/skgd.pl\/wp-content\/uploads\/2026\/03\/BMI-Logo-2026-100x100.png 100w\" sizes=\"auto, (max-width: 150px) 100vw, 150px\" \/><\/p>\n<p><img loading=\"lazy\" decoding=\"async\" class=\"size-medium wp-image-37692 aligncenter\" src=\"https:\/\/skgd.pl\/wp-content\/uploads\/2026\/01\/Logo_VDG_color_acronim_base-300x140.gif\" alt=\"\" width=\"300\" height=\"140\" srcset=\"https:\/\/skgd.pl\/wp-content\/uploads\/2026\/01\/Logo_VDG_color_acronim_base-300x140.gif 300w, https:\/\/skgd.pl\/wp-content\/uploads\/2026\/01\/Logo_VDG_color_acronim_base-1024x478.gif 1024w, https:\/\/skgd.pl\/wp-content\/uploads\/2026\/01\/Logo_VDG_color_acronim_base-768x359.gif 768w, https:\/\/skgd.pl\/wp-content\/uploads\/2026\/01\/Logo_VDG_color_acronim_base-1536x717.gif 1536w, https:\/\/skgd.pl\/wp-content\/uploads\/2026\/01\/Logo_VDG_color_acronim_base-800x374.gif 800w, https:\/\/skgd.pl\/wp-content\/uploads\/2026\/01\/Logo_VDG_color_acronim_base-600x280.gif 600w\" sizes=\"auto, (max-width: 300px) 100vw, 300px\" \/><\/p>\n<\/div>\n<\/div>\n<\/div>\n<\/div>\n<\/section>\n<p>[\/vc_column_text][\/vc_column][\/vc_row]<\/p>","protected":false},"excerpt":{"rendered":"<p>[vc_row][vc_column width=&#8221;3\/4&#8243;][vc_column_text] Sehr geehrte Damen und Herren, wir m\u00f6chten Sie dar\u00fcber informieren, dass die bislang durch das Konsulats der Bundesrepublik Deutschland in Oppeln gef\u00f6rderten Projekte ab dem laufenden Jahr aus Mitteln des Bundesministeriums des Inneren und f\u00fcr Heimat der Bundesrepublik Deutschland (BMI) durch den Verband der deutschen sozial-kulturellen Gesellschaften in Polen (VdG) finanziert werden. Hiermit [&hellip;]<\/p>\n","protected":false},"author":1,"featured_media":0,"parent":9348,"menu_order":53,"comment_status":"closed","ping_status":"closed","template":"","meta":{"footnotes":""},"class_list":["post-9780","page","type-page","status-publish","hentry"],"yoast_head":"<!-- This site is optimized with the Yoast SEO plugin v18.9 - https:\/\/yoast.com\/wordpress\/plugins\/seo\/ -->\n<title>Maibaum - Deutsche Minderheit, Sozial-Kulturelle Gesellschaft der Deutschen im Oppelner Schlesien<\/title>\n<meta name=\"robots\" content=\"index, follow, max-snippet:-1, max-image-preview:large, max-video-preview:-1\" \/>\n<link rel=\"canonical\" href=\"https:\/\/skgd.pl\/strefa-dfk\/projekty-wnioski-dokumenty-i-regulaminy\/maibaum\/\" \/>\n<meta property=\"og:locale\" content=\"de_DE\" \/>\n<meta property=\"og:type\" content=\"article\" \/>\n<meta property=\"og:title\" content=\"Maibaum - Deutsche Minderheit, Sozial-Kulturelle Gesellschaft der Deutschen im Oppelner Schlesien\" \/>\n<meta property=\"og:description\" content=\"[vc_row][vc_column width=&#8221;3\/4&#8243;][vc_column_text] Sehr geehrte Damen und Herren, wir m\u00f6chten Sie dar\u00fcber informieren, dass die bislang durch das Konsulats der Bundesrepublik Deutschland in Oppeln gef\u00f6rderten Projekte ab dem laufenden Jahr aus Mitteln des Bundesministeriums des Inneren und f\u00fcr Heimat der Bundesrepublik Deutschland (BMI) durch den Verband der deutschen sozial-kulturellen Gesellschaften in Polen (VdG) finanziert werden. Hiermit [&hellip;]\" \/>\n<meta property=\"og:url\" content=\"https:\/\/skgd.pl\/strefa-dfk\/projekty-wnioski-dokumenty-i-regulaminy\/maibaum\/\" \/>\n<meta property=\"og:site_name\" content=\"Deutsche Minderheit, Sozial-Kulturelle Gesellschaft der Deutschen im Oppelner Schlesien\" \/>\n<meta property=\"article:modified_time\" content=\"2026-03-10T08:14:53+00:00\" \/>\n<meta property=\"og:image\" content=\"https:\/\/skgd.pl\/wp-content\/uploads\/2026\/03\/BMI-Logo-2026-150x150.png\" \/>\n<meta name=\"twitter:card\" content=\"summary_large_image\" \/>\n<meta name=\"twitter:label1\" content=\"Gesch\u00e4tzte Lesezeit\" \/>\n\t<meta name=\"twitter:data1\" content=\"2\u00a0Minuten\" \/>\n<script type=\"application\/ld+json\" class=\"yoast-schema-graph\">{\"@context\":\"https:\/\/schema.org\",\"@graph\":[{\"@type\":\"WebSite\",\"@id\":\"https:\/\/skgd.pl\/#website\",\"url\":\"https:\/\/skgd.pl\/\",\"name\":\"Deutsche Minderheit, Sozial-Kulturelle Gesellschaft der Deutschen im Oppelner Schlesien\",\"description\":\"Deutsche Minderheit in Polen\",\"potentialAction\":[{\"@type\":\"SearchAction\",\"target\":{\"@type\":\"EntryPoint\",\"urlTemplate\":\"https:\/\/skgd.pl\/?s={search_term_string}\"},\"query-input\":\"required name=search_term_string\"}],\"inLanguage\":\"de\"},{\"@type\":\"ImageObject\",\"inLanguage\":\"de\",\"@id\":\"https:\/\/skgd.pl\/strefa-dfk\/projekty-wnioski-dokumenty-i-regulaminy\/maibaum\/#primaryimage\",\"url\":\"https:\/\/skgd.pl\/wp-content\/uploads\/2026\/03\/BMI-Logo-2026.png\",\"contentUrl\":\"https:\/\/skgd.pl\/wp-content\/uploads\/2026\/03\/BMI-Logo-2026.png\",\"width\":294,\"height\":300},{\"@type\":\"WebPage\",\"@id\":\"https:\/\/skgd.pl\/strefa-dfk\/projekty-wnioski-dokumenty-i-regulaminy\/maibaum\/#webpage\",\"url\":\"https:\/\/skgd.pl\/strefa-dfk\/projekty-wnioski-dokumenty-i-regulaminy\/maibaum\/\",\"name\":\"Maibaum - Deutsche Minderheit, Sozial-Kulturelle Gesellschaft der Deutschen im Oppelner Schlesien\",\"isPartOf\":{\"@id\":\"https:\/\/skgd.pl\/#website\"},\"primaryImageOfPage\":{\"@id\":\"https:\/\/skgd.pl\/strefa-dfk\/projekty-wnioski-dokumenty-i-regulaminy\/maibaum\/#primaryimage\"},\"datePublished\":\"2016-01-12T20:43:59+00:00\",\"dateModified\":\"2026-03-10T08:14:53+00:00\",\"breadcrumb\":{\"@id\":\"https:\/\/skgd.pl\/strefa-dfk\/projekty-wnioski-dokumenty-i-regulaminy\/maibaum\/#breadcrumb\"},\"inLanguage\":\"de\",\"potentialAction\":[{\"@type\":\"ReadAction\",\"target\":[\"https:\/\/skgd.pl\/strefa-dfk\/projekty-wnioski-dokumenty-i-regulaminy\/maibaum\/\"]}]},{\"@type\":\"BreadcrumbList\",\"@id\":\"https:\/\/skgd.pl\/strefa-dfk\/projekty-wnioski-dokumenty-i-regulaminy\/maibaum\/#breadcrumb\",\"itemListElement\":[{\"@type\":\"ListItem\",\"position\":1,\"name\":\"Strona g\u0142\u00f3wna\",\"item\":\"https:\/\/skgd.pl\/\"},{\"@type\":\"ListItem\",\"position\":2,\"name\":\"Strefa DFK\",\"item\":\"https:\/\/skgd.pl\/strefa-dfk\/\"},{\"@type\":\"ListItem\",\"position\":3,\"name\":\"Projekty: wnioski, dokumenty i regulaminy\",\"item\":\"https:\/\/skgd.pl\/strefa-dfk\/projekty-wnioski-dokumenty-i-regulaminy\/\"},{\"@type\":\"ListItem\",\"position\":4,\"name\":\"Maibaum\"}]}]}<\/script>\n<!-- \/ Yoast SEO plugin. -->","yoast_head_json":{"title":"Maibaum - Deutsche Minderheit, Sozial-Kulturelle Gesellschaft der Deutschen im Oppelner Schlesien","robots":{"index":"index","follow":"follow","max-snippet":"max-snippet:-1","max-image-preview":"max-image-preview:large","max-video-preview":"max-video-preview:-1"},"canonical":"https:\/\/skgd.pl\/strefa-dfk\/projekty-wnioski-dokumenty-i-regulaminy\/maibaum\/","og_locale":"de_DE","og_type":"article","og_title":"Maibaum - Deutsche Minderheit, Sozial-Kulturelle Gesellschaft der Deutschen im Oppelner Schlesien","og_description":"[vc_row][vc_column width=&#8221;3\/4&#8243;][vc_column_text] Sehr geehrte Damen und Herren, wir m\u00f6chten Sie dar\u00fcber informieren, dass die bislang durch das Konsulats der Bundesrepublik Deutschland in Oppeln gef\u00f6rderten Projekte ab dem laufenden Jahr aus Mitteln des Bundesministeriums des Inneren und f\u00fcr Heimat der Bundesrepublik Deutschland (BMI) durch den Verband der deutschen sozial-kulturellen Gesellschaften in Polen (VdG) finanziert werden. Hiermit [&hellip;]","og_url":"https:\/\/skgd.pl\/strefa-dfk\/projekty-wnioski-dokumenty-i-regulaminy\/maibaum\/","og_site_name":"Deutsche Minderheit, Sozial-Kulturelle Gesellschaft der Deutschen im Oppelner Schlesien","article_modified_time":"2026-03-10T08:14:53+00:00","og_image":[{"url":"https:\/\/skgd.pl\/wp-content\/uploads\/2026\/03\/BMI-Logo-2026-150x150.png"}],"twitter_card":"summary_large_image","twitter_misc":{"Gesch\u00e4tzte Lesezeit":"2\u00a0Minuten"},"schema":{"@context":"https:\/\/schema.org","@graph":[{"@type":"WebSite","@id":"https:\/\/skgd.pl\/#website","url":"https:\/\/skgd.pl\/","name":"Deutsche Minderheit, Sozial-Kulturelle Gesellschaft der Deutschen im Oppelner Schlesien","description":"Deutsche Minderheit in Polen","potentialAction":[{"@type":"SearchAction","target":{"@type":"EntryPoint","urlTemplate":"https:\/\/skgd.pl\/?s={search_term_string}"},"query-input":"required name=search_term_string"}],"inLanguage":"de"},{"@type":"ImageObject","inLanguage":"de","@id":"https:\/\/skgd.pl\/strefa-dfk\/projekty-wnioski-dokumenty-i-regulaminy\/maibaum\/#primaryimage","url":"https:\/\/skgd.pl\/wp-content\/uploads\/2026\/03\/BMI-Logo-2026.png","contentUrl":"https:\/\/skgd.pl\/wp-content\/uploads\/2026\/03\/BMI-Logo-2026.png","width":294,"height":300},{"@type":"WebPage","@id":"https:\/\/skgd.pl\/strefa-dfk\/projekty-wnioski-dokumenty-i-regulaminy\/maibaum\/#webpage","url":"https:\/\/skgd.pl\/strefa-dfk\/projekty-wnioski-dokumenty-i-regulaminy\/maibaum\/","name":"Maibaum - Deutsche Minderheit, Sozial-Kulturelle Gesellschaft der Deutschen im Oppelner Schlesien","isPartOf":{"@id":"https:\/\/skgd.pl\/#website"},"primaryImageOfPage":{"@id":"https:\/\/skgd.pl\/strefa-dfk\/projekty-wnioski-dokumenty-i-regulaminy\/maibaum\/#primaryimage"},"datePublished":"2016-01-12T20:43:59+00:00","dateModified":"2026-03-10T08:14:53+00:00","breadcrumb":{"@id":"https:\/\/skgd.pl\/strefa-dfk\/projekty-wnioski-dokumenty-i-regulaminy\/maibaum\/#breadcrumb"},"inLanguage":"de","potentialAction":[{"@type":"ReadAction","target":["https:\/\/skgd.pl\/strefa-dfk\/projekty-wnioski-dokumenty-i-regulaminy\/maibaum\/"]}]},{"@type":"BreadcrumbList","@id":"https:\/\/skgd.pl\/strefa-dfk\/projekty-wnioski-dokumenty-i-regulaminy\/maibaum\/#breadcrumb","itemListElement":[{"@type":"ListItem","position":1,"name":"Strona g\u0142\u00f3wna","item":"https:\/\/skgd.pl\/"},{"@type":"ListItem","position":2,"name":"Strefa DFK","item":"https:\/\/skgd.pl\/strefa-dfk\/"},{"@type":"ListItem","position":3,"name":"Projekty: wnioski, dokumenty i regulaminy","item":"https:\/\/skgd.pl\/strefa-dfk\/projekty-wnioski-dokumenty-i-regulaminy\/"},{"@type":"ListItem","position":4,"name":"Maibaum"}]}]}},"_links":{"self":[{"href":"https:\/\/skgd.pl\/de\/wp-json\/wp\/v2\/pages\/9780","targetHints":{"allow":["GET"]}}],"collection":[{"href":"https:\/\/skgd.pl\/de\/wp-json\/wp\/v2\/pages"}],"about":[{"href":"https:\/\/skgd.pl\/de\/wp-json\/wp\/v2\/types\/page"}],"author":[{"embeddable":true,"href":"https:\/\/skgd.pl\/de\/wp-json\/wp\/v2\/users\/1"}],"replies":[{"embeddable":true,"href":"https:\/\/skgd.pl\/de\/wp-json\/wp\/v2\/comments?post=9780"}],"version-history":[{"count":60,"href":"https:\/\/skgd.pl\/de\/wp-json\/wp\/v2\/pages\/9780\/revisions"}],"predecessor-version":[{"id":37901,"href":"https:\/\/skgd.pl\/de\/wp-json\/wp\/v2\/pages\/9780\/revisions\/37901"}],"up":[{"embeddable":true,"href":"https:\/\/skgd.pl\/de\/wp-json\/wp\/v2\/pages\/9348"}],"wp:attachment":[{"href":"https:\/\/skgd.pl\/de\/wp-json\/wp\/v2\/media?parent=9780"}],"curies":[{"name":"wp","href":"https:\/\/api.w.org\/{rel}","templated":true}]}}