{"id":9771,"date":"2016-01-12T21:05:48","date_gmt":"2016-01-12T20:05:48","guid":{"rendered":"http:\/\/skgd.pl\/?page_id=9771"},"modified":"2026-02-26T10:27:41","modified_gmt":"2026-02-26T09:27:41","slug":"zostan-czlonkiem-kola-dfk","status":"publish","type":"page","link":"https:\/\/skgd.pl\/de\/strefa-dfk\/projekty-wnioski-dokumenty-i-regulaminy\/zostan-czlonkiem-kola-dfk\/","title":{"rendered":"Werde DFK-Mitglied"},"content":{"rendered":"<p>[vc_row][vc_column width=&#8221;3\/4&#8243;][vc_column_text]<\/p>\n<p style=\"text-align: justify;\">Laut der Satzung der SKGD kann jede Person deutscher Nationalit\u00e4t, die auf dem T\u00e4tigkeitsgebiet der Gesellschaft wohnt, gew\u00f6hnliches Mitglied der SKGD werden. Die gew\u00f6hnliche Mitgliedschaft erfolgt nach Abgabe einer Beitrittserkl\u00e4rung und deren Anerkennung durch den Vorstand der Gesellschaft. <span>Ein Mitglied der Gesellschaft ist dazu verpflichtet regelm\u00e4\u00dfig die Mitgliedsbeitr\u00e4ge zu bezahlen, der sich von 2015 bis 2023 auf 18 PLN (pro Jahr) und ab 2024 auf 25 PLN betr\u00e4gt<\/span>.<\/p>\n<p style=\"text-align: justify;\">Alle Fragen zur Mitgliedschaft sind in der <a href=\"https:\/\/skgd.pl\/de\/o-nas\/statut\/\">Satzung<\/a> der SKGD geregelt.<\/p>\n<p style=\"text-align: justify;\">Eine ausgef\u00fcllte und unterschriebene Beitrittserkl\u00e4rung samt Foto sollte beim Vorsitzenden der DFK-Ortsgruppe, welcher man angeh\u00f6ren m\u00f6chte, eingereicht werden. Dieser ist verpflichtet im Namen des Mitglieds ein Mitgliedsausweis im Bezirksb\u00fcro zu beantragen.<\/p>\n<p style=\"text-align: justify;\">Die Beitrittserkl\u00e4rung sowie ein Muster des Beschlusses des DFK Vorstandes zum Aufnahmeverfahren neuer Mitglieder in die Strukturen der Sozial-Kulturellen Gesellschaft der Deutschen im Oppelner Schlesien finden sie in der Tabelle rechts.<\/p>\n<p style=\"text-align: justify;\">2017 wurde ein neuer Mitgliedsausweis eingef\u00fchrt. Bisherige Ausweise gelten weiterhin, Sie k\u00f6nnen jedoch einen neuen Ausweis beantragen. Neue Mitgliedsausweise werden f\u00fcr neue Mitglieder erstellt. Um eine solche Karte zu erhalten, m\u00fcssen Sie sich bei der SKGD-Gesch\u00e4ftsstelle mit einem Mitgliedsbeitrag zusammen mit der Zulassungsbest\u00e4tigung vom DFK und einem Foto melden.<\/p>\n<p><span>Wenn Sie zwischen 14 und 35 Jahren sind, k\u00f6nnen Sie auch Mitglied der Jugendorganisation der deutschen Minderheit in Polen werden. Das Anmeldeformular finden Sie hier:&nbsp;<\/span><a href=\"https:\/\/docs.google.com\/forms\/d\/e\/1FAIpQLSdIZN46lbnodOQ3ErMmpgYiy6rrXgzhjO-i1PZLwD4iyFDcwA\/viewform\" target=\"_blank\" rel=\"noopener\" data-saferedirecturl=\"https:\/\/www.google.com\/url?q=https:\/\/docs.google.com\/forms\/d\/e\/1FAIpQLSdIZN46lbnodOQ3ErMmpgYiy6rrXgzhjO-i1PZLwD4iyFDcwA\/viewform&amp;source=gmail&amp;ust=1678628620110000&amp;usg=AOvVaw2CBkkhpuvPDrjF5aLiaHoW\">https:\/\/docs.google.com\/forms\/<wbr>d\/e\/<wbr>1FAIpQLSdIZN46lbnodOQ3ErMmpgYi<wbr>y6rrXgzhjO-i1PZLwD4iyFDcwA\/<wbr>viewform<\/a>[\/vc_column_text][\/vc_column][vc_column width=&#8221;1\/4&#8243;][vc_column_text]<\/p>\n<section class=\"span3\" style=\"margin-top: -22px;\">\n<div class=\"col-left\">\n<div id=\"execphp-2\" class=\"widget m_bottom_25 widget_execphp\">\n<div class=\"execphpwidget\">\n<div id=\"archives-2\" class=\"widget widget_archive kontakt\" style=\"border-color: #1F97FF !important;\">\n<h4 class=\"h4 heading-h4\" style=\"margin-bottom: 0px; text-align: center;\">Kontakt<\/h4>\n<div class=\"kontakt\">\n<p><a href=\"mailto:sekretariat@skgd.pl\">sekretariat@skgd.pl<\/a><\/p>\n<p>tel.&nbsp;<span>+48 77 402 10 70<\/span><\/p>\n<\/div>\n<h4 class=\"h4 heading-h4\" style=\"margin-bottom: 20px; margin-top: 10px; text-align: center;\">Download<\/h4>\n<ul>\n<li class=\"linki\"><span style=\"font-size: 14px;\"><a href=\"https:\/\/skgd.pl\/wp-content\/uploads\/2026\/02\/BEITRITTSERKLARUNG.doc\">BEITRITTSERKLARUNG<\/a><\/span><\/li>\n<li class=\"linki\"><span style=\"font-size: 14px;\"><a title=\"TSKN_KonkursRecytatorski_logo-3.jpg\" href=\"https:\/\/skgd.pl\/wp-content\/uploads\/2018\/12\/uchwala.doc\" download=\"\">Beschlu\u00df des Vorstandes des Deutschen Freundschaftskreises Ortsgruppe <\/a><\/span><\/li>\n<\/ul>\n<\/div>\n<\/div>\n<\/div>\n<\/div>\n<\/section>\n<p>[\/vc_column_text][\/vc_column][\/vc_row]<\/p>","protected":false},"excerpt":{"rendered":"<p>[vc_row][vc_column width=&#8221;3\/4&#8243;][vc_column_text] Laut der Satzung der SKGD kann jede Person deutscher Nationalit\u00e4t, die auf dem T\u00e4tigkeitsgebiet der Gesellschaft wohnt, gew\u00f6hnliches Mitglied der SKGD werden. Die gew\u00f6hnliche Mitgliedschaft erfolgt nach Abgabe einer Beitrittserkl\u00e4rung und deren Anerkennung durch den Vorstand der Gesellschaft. Ein Mitglied der Gesellschaft ist dazu verpflichtet regelm\u00e4\u00dfig die Mitgliedsbeitr\u00e4ge zu bezahlen, der sich von [&hellip;]<\/p>\n","protected":false},"author":1,"featured_media":0,"parent":9348,"menu_order":54,"comment_status":"closed","ping_status":"closed","template":"","meta":{"footnotes":""},"class_list":["post-9771","page","type-page","status-publish","hentry"],"yoast_head":"<!-- This site is optimized with the Yoast SEO plugin v18.9 - https:\/\/yoast.com\/wordpress\/plugins\/seo\/ -->\n<title>Werde DFK-Mitglied - Deutsche Minderheit, Sozial-Kulturelle Gesellschaft der Deutschen im Oppelner Schlesien<\/title>\n<meta name=\"robots\" content=\"index, follow, max-snippet:-1, max-image-preview:large, max-video-preview:-1\" \/>\n<link rel=\"canonical\" href=\"https:\/\/skgd.pl\/strefa-dfk\/projekty-wnioski-dokumenty-i-regulaminy\/zostan-czlonkiem-kola-dfk\/\" \/>\n<meta property=\"og:locale\" content=\"de_DE\" \/>\n<meta property=\"og:type\" content=\"article\" \/>\n<meta property=\"og:title\" content=\"Werde DFK-Mitglied - Deutsche Minderheit, Sozial-Kulturelle Gesellschaft der Deutschen im Oppelner Schlesien\" \/>\n<meta property=\"og:description\" content=\"[vc_row][vc_column width=&#8221;3\/4&#8243;][vc_column_text] Laut der Satzung der SKGD kann jede Person deutscher Nationalit\u00e4t, die auf dem T\u00e4tigkeitsgebiet der Gesellschaft wohnt, gew\u00f6hnliches Mitglied der SKGD werden. Die gew\u00f6hnliche Mitgliedschaft erfolgt nach Abgabe einer Beitrittserkl\u00e4rung und deren Anerkennung durch den Vorstand der Gesellschaft. Ein Mitglied der Gesellschaft ist dazu verpflichtet regelm\u00e4\u00dfig die Mitgliedsbeitr\u00e4ge zu bezahlen, der sich von [&hellip;]\" \/>\n<meta property=\"og:url\" content=\"https:\/\/skgd.pl\/strefa-dfk\/projekty-wnioski-dokumenty-i-regulaminy\/zostan-czlonkiem-kola-dfk\/\" \/>\n<meta property=\"og:site_name\" content=\"Deutsche Minderheit, Sozial-Kulturelle Gesellschaft der Deutschen im Oppelner Schlesien\" \/>\n<meta property=\"article:modified_time\" content=\"2026-02-26T09:27:41+00:00\" \/>\n<meta name=\"twitter:card\" content=\"summary_large_image\" \/>\n<meta name=\"twitter:label1\" content=\"Gesch\u00e4tzte Lesezeit\" \/>\n\t<meta name=\"twitter:data1\" content=\"2\u00a0Minuten\" \/>\n<script type=\"application\/ld+json\" class=\"yoast-schema-graph\">{\"@context\":\"https:\/\/schema.org\",\"@graph\":[{\"@type\":\"WebSite\",\"@id\":\"https:\/\/skgd.pl\/#website\",\"url\":\"https:\/\/skgd.pl\/\",\"name\":\"Deutsche Minderheit, Sozial-Kulturelle Gesellschaft der Deutschen im Oppelner Schlesien\",\"description\":\"Deutsche Minderheit in Polen\",\"potentialAction\":[{\"@type\":\"SearchAction\",\"target\":{\"@type\":\"EntryPoint\",\"urlTemplate\":\"https:\/\/skgd.pl\/?s={search_term_string}\"},\"query-input\":\"required name=search_term_string\"}],\"inLanguage\":\"de\"},{\"@type\":\"WebPage\",\"@id\":\"https:\/\/skgd.pl\/strefa-dfk\/projekty-wnioski-dokumenty-i-regulaminy\/zostan-czlonkiem-kola-dfk\/#webpage\",\"url\":\"https:\/\/skgd.pl\/strefa-dfk\/projekty-wnioski-dokumenty-i-regulaminy\/zostan-czlonkiem-kola-dfk\/\",\"name\":\"Werde DFK-Mitglied - Deutsche Minderheit, Sozial-Kulturelle Gesellschaft der Deutschen im Oppelner Schlesien\",\"isPartOf\":{\"@id\":\"https:\/\/skgd.pl\/#website\"},\"datePublished\":\"2016-01-12T20:05:48+00:00\",\"dateModified\":\"2026-02-26T09:27:41+00:00\",\"breadcrumb\":{\"@id\":\"https:\/\/skgd.pl\/strefa-dfk\/projekty-wnioski-dokumenty-i-regulaminy\/zostan-czlonkiem-kola-dfk\/#breadcrumb\"},\"inLanguage\":\"de\",\"potentialAction\":[{\"@type\":\"ReadAction\",\"target\":[\"https:\/\/skgd.pl\/strefa-dfk\/projekty-wnioski-dokumenty-i-regulaminy\/zostan-czlonkiem-kola-dfk\/\"]}]},{\"@type\":\"BreadcrumbList\",\"@id\":\"https:\/\/skgd.pl\/strefa-dfk\/projekty-wnioski-dokumenty-i-regulaminy\/zostan-czlonkiem-kola-dfk\/#breadcrumb\",\"itemListElement\":[{\"@type\":\"ListItem\",\"position\":1,\"name\":\"Strona g\u0142\u00f3wna\",\"item\":\"https:\/\/skgd.pl\/\"},{\"@type\":\"ListItem\",\"position\":2,\"name\":\"Strefa DFK\",\"item\":\"https:\/\/skgd.pl\/strefa-dfk\/\"},{\"@type\":\"ListItem\",\"position\":3,\"name\":\"Projekty: wnioski, dokumenty i regulaminy\",\"item\":\"https:\/\/skgd.pl\/strefa-dfk\/projekty-wnioski-dokumenty-i-regulaminy\/\"},{\"@type\":\"ListItem\",\"position\":4,\"name\":\"Zosta\u0144 cz\u0142onkiem ko\u0142a DFK\"}]}]}<\/script>\n<!-- \/ Yoast SEO plugin. -->","yoast_head_json":{"title":"Werde DFK-Mitglied - Deutsche Minderheit, Sozial-Kulturelle Gesellschaft der Deutschen im Oppelner Schlesien","robots":{"index":"index","follow":"follow","max-snippet":"max-snippet:-1","max-image-preview":"max-image-preview:large","max-video-preview":"max-video-preview:-1"},"canonical":"https:\/\/skgd.pl\/strefa-dfk\/projekty-wnioski-dokumenty-i-regulaminy\/zostan-czlonkiem-kola-dfk\/","og_locale":"de_DE","og_type":"article","og_title":"Werde DFK-Mitglied - Deutsche Minderheit, Sozial-Kulturelle Gesellschaft der Deutschen im Oppelner Schlesien","og_description":"[vc_row][vc_column width=&#8221;3\/4&#8243;][vc_column_text] Laut der Satzung der SKGD kann jede Person deutscher Nationalit\u00e4t, die auf dem T\u00e4tigkeitsgebiet der Gesellschaft wohnt, gew\u00f6hnliches Mitglied der SKGD werden. Die gew\u00f6hnliche Mitgliedschaft erfolgt nach Abgabe einer Beitrittserkl\u00e4rung und deren Anerkennung durch den Vorstand der Gesellschaft. Ein Mitglied der Gesellschaft ist dazu verpflichtet regelm\u00e4\u00dfig die Mitgliedsbeitr\u00e4ge zu bezahlen, der sich von [&hellip;]","og_url":"https:\/\/skgd.pl\/strefa-dfk\/projekty-wnioski-dokumenty-i-regulaminy\/zostan-czlonkiem-kola-dfk\/","og_site_name":"Deutsche Minderheit, Sozial-Kulturelle Gesellschaft der Deutschen im Oppelner Schlesien","article_modified_time":"2026-02-26T09:27:41+00:00","twitter_card":"summary_large_image","twitter_misc":{"Gesch\u00e4tzte Lesezeit":"2\u00a0Minuten"},"schema":{"@context":"https:\/\/schema.org","@graph":[{"@type":"WebSite","@id":"https:\/\/skgd.pl\/#website","url":"https:\/\/skgd.pl\/","name":"Deutsche Minderheit, Sozial-Kulturelle Gesellschaft der Deutschen im Oppelner Schlesien","description":"Deutsche Minderheit in Polen","potentialAction":[{"@type":"SearchAction","target":{"@type":"EntryPoint","urlTemplate":"https:\/\/skgd.pl\/?s={search_term_string}"},"query-input":"required name=search_term_string"}],"inLanguage":"de"},{"@type":"WebPage","@id":"https:\/\/skgd.pl\/strefa-dfk\/projekty-wnioski-dokumenty-i-regulaminy\/zostan-czlonkiem-kola-dfk\/#webpage","url":"https:\/\/skgd.pl\/strefa-dfk\/projekty-wnioski-dokumenty-i-regulaminy\/zostan-czlonkiem-kola-dfk\/","name":"Werde DFK-Mitglied - Deutsche Minderheit, Sozial-Kulturelle Gesellschaft der Deutschen im Oppelner Schlesien","isPartOf":{"@id":"https:\/\/skgd.pl\/#website"},"datePublished":"2016-01-12T20:05:48+00:00","dateModified":"2026-02-26T09:27:41+00:00","breadcrumb":{"@id":"https:\/\/skgd.pl\/strefa-dfk\/projekty-wnioski-dokumenty-i-regulaminy\/zostan-czlonkiem-kola-dfk\/#breadcrumb"},"inLanguage":"de","potentialAction":[{"@type":"ReadAction","target":["https:\/\/skgd.pl\/strefa-dfk\/projekty-wnioski-dokumenty-i-regulaminy\/zostan-czlonkiem-kola-dfk\/"]}]},{"@type":"BreadcrumbList","@id":"https:\/\/skgd.pl\/strefa-dfk\/projekty-wnioski-dokumenty-i-regulaminy\/zostan-czlonkiem-kola-dfk\/#breadcrumb","itemListElement":[{"@type":"ListItem","position":1,"name":"Strona g\u0142\u00f3wna","item":"https:\/\/skgd.pl\/"},{"@type":"ListItem","position":2,"name":"Strefa DFK","item":"https:\/\/skgd.pl\/strefa-dfk\/"},{"@type":"ListItem","position":3,"name":"Projekty: wnioski, dokumenty i regulaminy","item":"https:\/\/skgd.pl\/strefa-dfk\/projekty-wnioski-dokumenty-i-regulaminy\/"},{"@type":"ListItem","position":4,"name":"Zosta\u0144 cz\u0142onkiem ko\u0142a DFK"}]}]}},"_links":{"self":[{"href":"https:\/\/skgd.pl\/de\/wp-json\/wp\/v2\/pages\/9771","targetHints":{"allow":["GET"]}}],"collection":[{"href":"https:\/\/skgd.pl\/de\/wp-json\/wp\/v2\/pages"}],"about":[{"href":"https:\/\/skgd.pl\/de\/wp-json\/wp\/v2\/types\/page"}],"author":[{"embeddable":true,"href":"https:\/\/skgd.pl\/de\/wp-json\/wp\/v2\/users\/1"}],"replies":[{"embeddable":true,"href":"https:\/\/skgd.pl\/de\/wp-json\/wp\/v2\/comments?post=9771"}],"version-history":[{"count":37,"href":"https:\/\/skgd.pl\/de\/wp-json\/wp\/v2\/pages\/9771\/revisions"}],"predecessor-version":[{"id":37825,"href":"https:\/\/skgd.pl\/de\/wp-json\/wp\/v2\/pages\/9771\/revisions\/37825"}],"up":[{"embeddable":true,"href":"https:\/\/skgd.pl\/de\/wp-json\/wp\/v2\/pages\/9348"}],"wp:attachment":[{"href":"https:\/\/skgd.pl\/de\/wp-json\/wp\/v2\/media?parent=9771"}],"curies":[{"name":"wp","href":"https:\/\/api.w.org\/{rel}","templated":true}]}}