{"id":9726,"date":"2016-01-12T13:23:18","date_gmt":"2016-01-12T12:23:18","guid":{"rendered":"http:\/\/skgd.pl\/?page_id=9726"},"modified":"2018-06-04T14:49:29","modified_gmt":"2018-06-04T12:49:29","slug":"struktura","status":"publish","type":"page","link":"https:\/\/skgd.pl\/de\/o-nas\/o-organizacji\/struktura\/","title":{"rendered":"Struktur"},"content":{"rendered":"<p><\/p>\n<p style=\"text-align: center;\"><span style=\"font-size: 20px;\"><strong>STRUKTUR<\/strong><\/span><\/p>\n<p style=\"text-align: justify;\">Die Sozial-Kulturelle Gesellschaft der Deutschen im Oppelner Schlesien ist die gr\u00f6\u00dfte Organisation der deutschen Minderheit nicht nur in der Woiwodschaft Oppeln, sondern in ganz Polen. Sie umfasst das Gebiet der ganzen Woiwodschaft Oppeln und einen Teil des Kreises Lublinitz, wo es insgesamt 321 Organisationen gibt \u2013 es sind Ortsgruppen, sogenannte Deutsche Freundschaftskreise und deren gr\u00f6\u00dfte Ansammlung gibt es in den Kreisen: Oppeln (81), Gro\u00df Strehlitz (50), Kandrzin-Cosel (50), Krappitz (45), Rosenberg (30), Neustadt (29) und Kreuzburg (14). Deutsche Freundschaftskreise sind Grundeinheiten in der Organisationsstruktur der deutschen Minderheit. Es sind Einrichtungen, welche sich meistens auf Dorfebene f\u00fcr die Pflege der Identit\u00e4t, Aufrechterhaltung der Kultur und der deutschen Tradition am Wohnort der Minderheit einsetzen. Die Deutschen Freundschaftskreise bilden Gemeindevorst\u00e4nde (50), welche auf Kreisebene in 7 Kreisvorst\u00e4nden organisiert sind. \u00dcber diese wacht der Bezirksvorstand mit dem Sitz in Oppeln. Die Mitgliederzahl der Sozial-Kulturellen Gesellschaft im Oppelner Schlesien betrug im Jahr 2017 29 464 Personen.<\/p>\n<p><\/p>","protected":false},"excerpt":{"rendered":"<p>STRUKTUR Die Sozial-Kulturelle Gesellschaft der Deutschen im Oppelner Schlesien ist die gr\u00f6\u00dfte Organisation der deutschen Minderheit nicht nur in der Woiwodschaft Oppeln, sondern in ganz Polen. Sie umfasst das Gebiet der ganzen Woiwodschaft Oppeln und einen Teil des Kreises Lublinitz, wo es insgesamt 321 Organisationen gibt \u2013 es sind Ortsgruppen, sogenannte Deutsche Freundschaftskreise und deren [&hellip;]<\/p>\n","protected":false},"author":1,"featured_media":0,"parent":9323,"menu_order":55,"comment_status":"closed","ping_status":"closed","template":"","meta":{"footnotes":""},"class_list":["post-9726","page","type-page","status-publish","hentry"],"yoast_head":"<!-- This site is optimized with the Yoast SEO plugin v18.9 - https:\/\/yoast.com\/wordpress\/plugins\/seo\/ -->\n<title>Struktur - Deutsche Minderheit, Sozial-Kulturelle Gesellschaft der Deutschen im Oppelner Schlesien<\/title>\n<meta name=\"robots\" content=\"index, follow, max-snippet:-1, max-image-preview:large, max-video-preview:-1\" \/>\n<link rel=\"canonical\" href=\"https:\/\/skgd.pl\/o-nas\/o-organizacji\/struktura\/\" \/>\n<meta property=\"og:locale\" content=\"de_DE\" \/>\n<meta property=\"og:type\" content=\"article\" \/>\n<meta property=\"og:title\" content=\"Struktur - Deutsche Minderheit, Sozial-Kulturelle Gesellschaft der Deutschen im Oppelner Schlesien\" \/>\n<meta property=\"og:description\" content=\"STRUKTUR Die Sozial-Kulturelle Gesellschaft der Deutschen im Oppelner Schlesien ist die gr\u00f6\u00dfte Organisation der deutschen Minderheit nicht nur in der Woiwodschaft Oppeln, sondern in ganz Polen. Sie umfasst das Gebiet der ganzen Woiwodschaft Oppeln und einen Teil des Kreises Lublinitz, wo es insgesamt 321 Organisationen gibt \u2013 es sind Ortsgruppen, sogenannte Deutsche Freundschaftskreise und deren [&hellip;]\" \/>\n<meta property=\"og:url\" content=\"https:\/\/skgd.pl\/o-nas\/o-organizacji\/struktura\/\" \/>\n<meta property=\"og:site_name\" content=\"Deutsche Minderheit, Sozial-Kulturelle Gesellschaft der Deutschen im Oppelner Schlesien\" \/>\n<meta property=\"article:modified_time\" content=\"2018-06-04T12:49:29+00:00\" \/>\n<meta name=\"twitter:card\" content=\"summary_large_image\" \/>\n<meta name=\"twitter:label1\" content=\"Gesch\u00e4tzte Lesezeit\" \/>\n\t<meta name=\"twitter:data1\" content=\"2\u00a0Minuten\" \/>\n<script type=\"application\/ld+json\" class=\"yoast-schema-graph\">{\"@context\":\"https:\/\/schema.org\",\"@graph\":[{\"@type\":\"WebSite\",\"@id\":\"https:\/\/skgd.pl\/#website\",\"url\":\"https:\/\/skgd.pl\/\",\"name\":\"Deutsche Minderheit, Sozial-Kulturelle Gesellschaft der Deutschen im Oppelner Schlesien\",\"description\":\"Deutsche Minderheit in Polen\",\"potentialAction\":[{\"@type\":\"SearchAction\",\"target\":{\"@type\":\"EntryPoint\",\"urlTemplate\":\"https:\/\/skgd.pl\/?s={search_term_string}\"},\"query-input\":\"required name=search_term_string\"}],\"inLanguage\":\"de\"},{\"@type\":\"WebPage\",\"@id\":\"https:\/\/skgd.pl\/o-nas\/o-organizacji\/struktura\/#webpage\",\"url\":\"https:\/\/skgd.pl\/o-nas\/o-organizacji\/struktura\/\",\"name\":\"Struktur - Deutsche Minderheit, Sozial-Kulturelle Gesellschaft der Deutschen im Oppelner Schlesien\",\"isPartOf\":{\"@id\":\"https:\/\/skgd.pl\/#website\"},\"datePublished\":\"2016-01-12T12:23:18+00:00\",\"dateModified\":\"2018-06-04T12:49:29+00:00\",\"breadcrumb\":{\"@id\":\"https:\/\/skgd.pl\/o-nas\/o-organizacji\/struktura\/#breadcrumb\"},\"inLanguage\":\"de\",\"potentialAction\":[{\"@type\":\"ReadAction\",\"target\":[\"https:\/\/skgd.pl\/o-nas\/o-organizacji\/struktura\/\"]}]},{\"@type\":\"BreadcrumbList\",\"@id\":\"https:\/\/skgd.pl\/o-nas\/o-organizacji\/struktura\/#breadcrumb\",\"itemListElement\":[{\"@type\":\"ListItem\",\"position\":1,\"name\":\"Strona g\u0142\u00f3wna\",\"item\":\"https:\/\/skgd.pl\/\"},{\"@type\":\"ListItem\",\"position\":2,\"name\":\"O nas\",\"item\":\"https:\/\/skgd.pl\/o-nas\/\"},{\"@type\":\"ListItem\",\"position\":3,\"name\":\"O organizacji\",\"item\":\"https:\/\/skgd.pl\/o-nas\/o-organizacji\/\"},{\"@type\":\"ListItem\",\"position\":4,\"name\":\"Struktura\"}]}]}<\/script>\n<!-- \/ Yoast SEO plugin. -->","yoast_head_json":{"title":"Struktur - Deutsche Minderheit, Sozial-Kulturelle Gesellschaft der Deutschen im Oppelner Schlesien","robots":{"index":"index","follow":"follow","max-snippet":"max-snippet:-1","max-image-preview":"max-image-preview:large","max-video-preview":"max-video-preview:-1"},"canonical":"https:\/\/skgd.pl\/o-nas\/o-organizacji\/struktura\/","og_locale":"de_DE","og_type":"article","og_title":"Struktur - Deutsche Minderheit, Sozial-Kulturelle Gesellschaft der Deutschen im Oppelner Schlesien","og_description":"STRUKTUR Die Sozial-Kulturelle Gesellschaft der Deutschen im Oppelner Schlesien ist die gr\u00f6\u00dfte Organisation der deutschen Minderheit nicht nur in der Woiwodschaft Oppeln, sondern in ganz Polen. Sie umfasst das Gebiet der ganzen Woiwodschaft Oppeln und einen Teil des Kreises Lublinitz, wo es insgesamt 321 Organisationen gibt \u2013 es sind Ortsgruppen, sogenannte Deutsche Freundschaftskreise und deren [&hellip;]","og_url":"https:\/\/skgd.pl\/o-nas\/o-organizacji\/struktura\/","og_site_name":"Deutsche Minderheit, Sozial-Kulturelle Gesellschaft der Deutschen im Oppelner Schlesien","article_modified_time":"2018-06-04T12:49:29+00:00","twitter_card":"summary_large_image","twitter_misc":{"Gesch\u00e4tzte Lesezeit":"2\u00a0Minuten"},"schema":{"@context":"https:\/\/schema.org","@graph":[{"@type":"WebSite","@id":"https:\/\/skgd.pl\/#website","url":"https:\/\/skgd.pl\/","name":"Deutsche Minderheit, Sozial-Kulturelle Gesellschaft der Deutschen im Oppelner Schlesien","description":"Deutsche Minderheit in Polen","potentialAction":[{"@type":"SearchAction","target":{"@type":"EntryPoint","urlTemplate":"https:\/\/skgd.pl\/?s={search_term_string}"},"query-input":"required name=search_term_string"}],"inLanguage":"de"},{"@type":"WebPage","@id":"https:\/\/skgd.pl\/o-nas\/o-organizacji\/struktura\/#webpage","url":"https:\/\/skgd.pl\/o-nas\/o-organizacji\/struktura\/","name":"Struktur - Deutsche Minderheit, Sozial-Kulturelle Gesellschaft der Deutschen im Oppelner Schlesien","isPartOf":{"@id":"https:\/\/skgd.pl\/#website"},"datePublished":"2016-01-12T12:23:18+00:00","dateModified":"2018-06-04T12:49:29+00:00","breadcrumb":{"@id":"https:\/\/skgd.pl\/o-nas\/o-organizacji\/struktura\/#breadcrumb"},"inLanguage":"de","potentialAction":[{"@type":"ReadAction","target":["https:\/\/skgd.pl\/o-nas\/o-organizacji\/struktura\/"]}]},{"@type":"BreadcrumbList","@id":"https:\/\/skgd.pl\/o-nas\/o-organizacji\/struktura\/#breadcrumb","itemListElement":[{"@type":"ListItem","position":1,"name":"Strona g\u0142\u00f3wna","item":"https:\/\/skgd.pl\/"},{"@type":"ListItem","position":2,"name":"O nas","item":"https:\/\/skgd.pl\/o-nas\/"},{"@type":"ListItem","position":3,"name":"O organizacji","item":"https:\/\/skgd.pl\/o-nas\/o-organizacji\/"},{"@type":"ListItem","position":4,"name":"Struktura"}]}]}},"_links":{"self":[{"href":"https:\/\/skgd.pl\/de\/wp-json\/wp\/v2\/pages\/9726","targetHints":{"allow":["GET"]}}],"collection":[{"href":"https:\/\/skgd.pl\/de\/wp-json\/wp\/v2\/pages"}],"about":[{"href":"https:\/\/skgd.pl\/de\/wp-json\/wp\/v2\/types\/page"}],"author":[{"embeddable":true,"href":"https:\/\/skgd.pl\/de\/wp-json\/wp\/v2\/users\/1"}],"replies":[{"embeddable":true,"href":"https:\/\/skgd.pl\/de\/wp-json\/wp\/v2\/comments?post=9726"}],"version-history":[{"count":6,"href":"https:\/\/skgd.pl\/de\/wp-json\/wp\/v2\/pages\/9726\/revisions"}],"predecessor-version":[{"id":18016,"href":"https:\/\/skgd.pl\/de\/wp-json\/wp\/v2\/pages\/9726\/revisions\/18016"}],"up":[{"embeddable":true,"href":"https:\/\/skgd.pl\/de\/wp-json\/wp\/v2\/pages\/9323"}],"wp:attachment":[{"href":"https:\/\/skgd.pl\/de\/wp-json\/wp\/v2\/media?parent=9726"}],"curies":[{"name":"wp","href":"https:\/\/api.w.org\/{rel}","templated":true}]}}