{"id":9653,"date":"2016-01-09T14:11:58","date_gmt":"2016-01-09T13:11:58","guid":{"rendered":"http:\/\/skgd.pl\/?page_id=9653"},"modified":"2021-04-12T17:14:13","modified_gmt":"2021-04-12T15:14:13","slug":"regulamin","status":"publish","type":"page","link":"https:\/\/skgd.pl\/de\/regulamin\/","title":{"rendered":"Regulamin"},"content":{"rendered":"<p><\/p>\n<p style=\"text-align: justify;\"><strong>Regulamin zamieszczania tre\u015bci na stronie www.skgd.pl (dalej \u201eRegulamin\u201d) stanowi\u0105cy regulamin w rozumieniu ustawy z dnia 18 lipca 2002 roku o \u015bwiadczeniu us\u0142ug drog\u0105 elektroniczn\u0105 (Dz. U. nr 144 poz. 1204), okre\u015blaj\u0105cy zasady \u015bwiadczenia us\u0142ug drog\u0105 elektroniczn\u0105 przez Towarzystwo Spo\u0142eczno-Kulturalne Niemc\u00f3w na \u015al\u0105sku Opolskim na rzecz u\u017cytkownik\u00f3w.<\/strong><\/p>\n<p style=\"text-align: justify;\">Administratorem strony <a href=\"http:\/\/www.skgd.pl\">www.skgd.p<\/a>l jest: Towarzystwo Spo\u0142eczno-Kulturalne Niemc\u00f3w na \u015al\u0105sku Opolskim zarejestrowane pod numerem KRS 0000017757 z siedzib\u0105 w Opolu ul. Konopnickiej 6 NIP 756-16-75-058<\/p>\n<ol style=\"text-align: justify;\">\n<li>Regulamin ten okre\u015bla zasady korzystania z mo\u017cliwo\u015bci dodawania na stronie <a href=\"http:\/\/www.skgd.pl\">www.skgd.p<\/a>l news\u00f3w czyli us\u0142ug \u015bwiadczonych drog\u0105 elektroniczn\u0105 przez administratora portalu <a href=\"http:\/\/www.skgd.pl\">www.skgd.p<\/a>l, Towarzystwo Spo\u0142eczno-Kulturalne Niemc\u00f3w na \u015al\u0105sku Opolskim, na rzecz u\u017cytkownik\u00f3w portalu <a href=\"http:\/\/www.skgd.pl\">www.skgd.p<\/a>l i Internetu. Zamieszczanie ww. tre\u015bci jest bezp\u0142atne i ma na celu wymian\u0119 informacji, \u015bci\u015ble zwi\u0105zane z dzia\u0142alno\u015bci\u0105 organizacji mniejszo\u015bci niemieckiej. Dodanie tre\u015bci\/informacji do portalu jest r\u00f3wnoznaczne z ich publicznym udost\u0119pnieniem.<\/li>\n<li>Strona <a href=\"http:\/\/www.skgd.pl\">www.skgd.p<\/a>l jest dost\u0119pna dla wszystkich u\u017cytkownik\u00f3w publicznej sieci Internet. Administrator strony zastrzega sobie prawo do decyzji o opublikowaniu tre\u015bci dodanych na <a href=\"http:\/\/www.skgd.pl\">www.skgd.p<\/a>l.<\/li>\n<li>U\u017cytkownik\/u\u017cytkowniczka portalu <a href=\"http:\/\/www.skgd.pl\">www.skgd.p<\/a>l publikuje swoje tre\u015bci wy\u0142\u0105cznie na w\u0142asn\u0105 odpowiedzialno\u015b\u0107. Administrator strony <a href=\"http:\/\/www.skgd.pl\">www.skgd.p<\/a>l nie ponosi jakiejkolwiek odpowiedzialno\u015bci za tre\u015bci zamieszczane przez u\u017cytkownik\u00f3w na stronach <a href=\"http:\/\/www.skgd.pl\">www.skgd.p<\/a>l.<\/li>\n<li>Administrator <a href=\"http:\/\/www.skgd.pl\">www.skgd.p<\/a>l publikuje jedynie tre\u015bci zwi\u0105zane merytorycznie z tematyk\u0105 portalu, czyli zwi\u0105zanych z dzia\u0142alno\u015bci\u0105 TSKN i mniejszo\u015bci niemieckiej og\u00f3lnie. Tre\u015bci niespe\u0142niaj\u0105cych tego podstawowego warunku Administrator portalu <a href=\"http:\/\/www.skgd.pl\">www.skgd.p<\/a>l nie b\u0119dzie publikowa\u0107. Wy\u0142\u0105czna decyzja w przedmiocie publikacji okre\u015blonych tre\u015bci podejmowana jest przez TSKN.<\/li>\n<li>Niedopuszczalne jest umieszczanie przez u\u017cytkownik\u00f3w na stronach <a href=\"http:\/\/www.skgd.pl\">www.skgd.p<\/a>l tre\u015bci sprzecznych z prawem, nieobyczajnych i wulgarnych, wzywaj\u0105cych do nienawi\u015bci na tle rasowym, wyznaniowym, etnicznym, orientacji seksualnej, czy te\u017c propaguj\u0105cych przemoc, \u0142ami\u0105cych prawo autorskie, ustaw\u0119 o ochronie danych osobowych, a tak\u017ce takich, co do kt\u00f3rych zachodzi podejrzenie, \u017ce naruszaj\u0105 dobra osobiste os\u00f3b trzecich. Tre\u015bci takich Administrator portalu <a href=\"http:\/\/www.skgd.pl\">www.skgd.p<\/a>l nie b\u0119dzie publikowa\u0107. Zamieszczanie przez u\u017cytkownik\u00f3w wpis\u00f3w z naruszeniem powszechnie obowi\u0105zuj\u0105cych przepis\u00f3w prawa mo\u017ce wi\u0105za\u0107 si\u0119 z poniesieniem odpowiedzialno\u015bci cywilnej lub karnej.<\/li>\n<li>Niedopuszczalne jest tak\u017ce umieszczanie przez uczestnik\u00f3w na stronie <a href=\"http:\/\/www.skgd.pl\">www.skgd.p<\/a>l&nbsp;wszelkich materia\u0142\u00f3w chronionych prawem autorskim, do kt\u00f3rych rozpowszechniania u\u017cytkownik nie jest uprawniony.<\/li>\n<li>Administrator <a href=\"http:\/\/www.skgd.pl\">www.skgd.p<\/a>l do\u0142o\u017cy wszelkich stara\u0144, aby opublikowa\u0107 tre\u015bci, kt\u00f3re nie naruszaj\u0105 punkt\u00f3w 4 i 5, w ci\u0105gu 3 dni roboczych. Termin ten nie jest gwarantowany.<\/li>\n<li>U\u017cytkownik\/u\u017cytkowniczka zamieszczaj\u0105c tre\u015bci w portalu <a href=\"http:\/\/www.skgd.pl\">www.skgd.p<\/a>l&nbsp;przyjmuje do wiadomo\u015bci, \u017ce ewentualne usuni\u0119cie przez Administratora portalu <a href=\"http:\/\/www.skgd.pl\">www.skgd.p<\/a>l&nbsp;zamieszczonych przez niego\/ni\u0105 tre\u015bci jest r\u00f3wnoznaczne z powiadomieniem go\/jej o zamiarze usuni\u0119cia tre\u015bci ze wzgl\u0119du na naruszenie postanowie\u0144 pkt. 4 i 5 regulaminu lub z innych wzgl\u0119d\u00f3w prawnych.<\/li>\n<li>Administrator strony <a href=\"http:\/\/www.skgd.pl\">www.skgd.p<\/a>l nie przekazuje, nie sprzedaje i nie u\u017cycza zgromadzonych danych u\u017cytkownik\u00f3w <a href=\"http:\/\/www.skgd.pl\">www.skgd.p<\/a>l&nbsp;innym osobom lub instytucjom, chyba \u017ce dzieje si\u0119 to za wyra\u017an\u0105 zgod\u0105 lub na \u017cyczenie u\u017cytkownika\/u\u017cytkowniczki, kt\u00f3rego\/kt\u00f3rej dane dotycz\u0105 lub te\u017c na \u017c\u0105danie uprawnionych organ\u00f3w pa\u0144stwa na potrzeby prowadzonych przez nie post\u0119powa\u0144.<\/li>\n<li>Administrator portalu <a href=\"http:\/\/www.skgd.pl\">www.skgd.p<\/a>l do\u0142o\u017cy wszelkich stara\u0144 w celu zapewnienia prawid\u0142owego dzia\u0142ania <a href=\"http:\/\/www.skgd.pl\">www.skgd.p<\/a>l, jednak\u017ce informuje, \u017ce w wypadku awarii, kl\u0119sk \u017cywio\u0142owych itp. istnieje mo\u017cliwo\u015b\u0107, \u017ce zgromadzone dane zostan\u0105 utracone, a tre\u015bci u\u017cytkownika\/u\u017cytkowniczki nie zostan\u0105 opublikowane w portalu <a href=\"http:\/\/www.skgd.pl\">www.skgd.p<\/a>l.<\/li>\n<li>Administrator portalu <a href=\"http:\/\/www.skgd.pl\">www.skgd.p<\/a>l zastrzega sobie prawo do wy\u0142\u0105czenia stron\/serwis\u00f3w portalu <a href=\"http:\/\/www.skgd.pl\">www.skgd.p<\/a>l bez podawania przyczyn takiego dzia\u0142ania. Zastrzega sobie r\u00f3wnie\u017c prawo dokonywania przerw technicznych w zakresie udost\u0119pniania portalu <a href=\"http:\/\/www.skgd.pl\">www.skgd.p<\/a>l&nbsp;i do\u0142o\u017cy stara\u0144, aby przerwy te mia\u0142y miejsce w godzinach najmniejszej aktywno\u015bci portalu i trwa\u0142y nie d\u0142u\u017cej, ni\u017c 12 (dwana\u015bcie) godzin.<\/li>\n<li>Administrator portalu <a href=\"http:\/\/www.skgd.pl\">www.skgd.p<\/a>l zastrzega sobie prawo do skracania, redagowania b\u0105d\u017a niepublikowania nades\u0142anych tekst\u00f3w. Dobrowolne przys\u0142anie tekstu do publikacji oznacza przeniesienie praw autorskich na Administratora portalu <a href=\"http:\/\/www.skgd.pl\">www.skgd.p<\/a>l, bezterminowo i bez ogranicze\u0144 terytorialnych na polu eksploatacji \u2018publiczne udost\u0119pnienie utworu w taki spos\u00f3b, aby ka\u017cdy mia\u0142 do niego dost\u0119p w&nbsp; wybranym przez siebie czasie i miejscu\u2019 \u2013 co oznacza, \u017ce ma ona prawo do publikowania tekstu na stronach portalu&nbsp; <a href=\"http:\/\/www.skgd.pl\">www.skgd.p<\/a>l. Administrator portalu zak\u0142ada ponadto, \u017ce osoba przysy\u0142aj\u0105ca tekst do publikacji zgadza si\u0119 na wykorzystania go w innych no\u015bnikach. Osobiste prawa autorskie pozostaj\u0105 oczywi\u015bcie przy autorze (autorce) tekstu.<\/li>\n<li>Niedopuszczalne jest tak\u017ce umieszczanie przez uczestnik\u00f3w na stronie <a href=\"http:\/\/www.skgd.pl\">www.skgd.p<\/a>l&nbsp;wszelkich materia\u0142\u00f3w chronionych prawem autorskim, do kt\u00f3rych rozpowszechniania u\u017cytkownik nie jest uprawniony.<\/li>\n<li>Regulamin niniejszy obowi\u0105zuje od momentu jego opublikowania. TSKN zastrzega sobie prawo do wprowadzania zmian w niniejszym regulaminie. Wszelkie zmiany staj\u0105 si\u0119 obowi\u0105zuj\u0105ce w momencie ich opublikowania na tej stronie.<\/li>\n<\/ol>\n<p><\/p>","protected":false},"excerpt":{"rendered":"<p>Regulamin zamieszczania tre\u015bci na stronie www.skgd.pl (dalej \u201eRegulamin\u201d) stanowi\u0105cy regulamin w rozumieniu ustawy z dnia 18 lipca 2002 roku o \u015bwiadczeniu us\u0142ug drog\u0105 elektroniczn\u0105 (Dz. U. nr 144 poz. 1204), okre\u015blaj\u0105cy zasady \u015bwiadczenia us\u0142ug drog\u0105 elektroniczn\u0105 przez Towarzystwo Spo\u0142eczno-Kulturalne Niemc\u00f3w na \u015al\u0105sku Opolskim na rzecz u\u017cytkownik\u00f3w. Administratorem strony www.skgd.pl jest: Towarzystwo Spo\u0142eczno-Kulturalne Niemc\u00f3w na \u015al\u0105sku [&hellip;]<\/p>\n","protected":false},"author":1,"featured_media":0,"parent":0,"menu_order":57,"comment_status":"closed","ping_status":"closed","template":"","meta":{"footnotes":""},"class_list":["post-9653","page","type-page","status-publish","hentry"],"yoast_head":"<!-- This site is optimized with the Yoast SEO plugin v18.9 - https:\/\/yoast.com\/wordpress\/plugins\/seo\/ -->\n<title>Regulamin - Deutsche Minderheit, Sozial-Kulturelle Gesellschaft der Deutschen im Oppelner Schlesien<\/title>\n<meta name=\"robots\" content=\"index, follow, max-snippet:-1, max-image-preview:large, max-video-preview:-1\" \/>\n<link rel=\"canonical\" href=\"https:\/\/skgd.pl\/regulamin\/\" \/>\n<meta property=\"og:locale\" content=\"de_DE\" \/>\n<meta property=\"og:type\" content=\"article\" \/>\n<meta property=\"og:title\" content=\"Regulamin - Deutsche Minderheit, Sozial-Kulturelle Gesellschaft der Deutschen im Oppelner Schlesien\" \/>\n<meta property=\"og:description\" content=\"Regulamin zamieszczania tre\u015bci na stronie www.skgd.pl (dalej \u201eRegulamin\u201d) stanowi\u0105cy regulamin w rozumieniu ustawy z dnia 18 lipca 2002 roku o \u015bwiadczeniu us\u0142ug drog\u0105 elektroniczn\u0105 (Dz. U. nr 144 poz. 1204), okre\u015blaj\u0105cy zasady \u015bwiadczenia us\u0142ug drog\u0105 elektroniczn\u0105 przez Towarzystwo Spo\u0142eczno-Kulturalne Niemc\u00f3w na \u015al\u0105sku Opolskim na rzecz u\u017cytkownik\u00f3w. Administratorem strony www.skgd.pl jest: Towarzystwo Spo\u0142eczno-Kulturalne Niemc\u00f3w na \u015al\u0105sku [&hellip;]\" \/>\n<meta property=\"og:url\" content=\"https:\/\/skgd.pl\/regulamin\/\" \/>\n<meta property=\"og:site_name\" content=\"Deutsche Minderheit, Sozial-Kulturelle Gesellschaft der Deutschen im Oppelner Schlesien\" \/>\n<meta property=\"article:modified_time\" content=\"2021-04-12T15:14:13+00:00\" \/>\n<meta name=\"twitter:card\" content=\"summary_large_image\" \/>\n<meta name=\"twitter:label1\" content=\"Gesch\u00e4tzte Lesezeit\" \/>\n\t<meta name=\"twitter:data1\" content=\"9\u00a0Minuten\" \/>\n<script type=\"application\/ld+json\" class=\"yoast-schema-graph\">{\"@context\":\"https:\/\/schema.org\",\"@graph\":[{\"@type\":\"WebSite\",\"@id\":\"https:\/\/skgd.pl\/#website\",\"url\":\"https:\/\/skgd.pl\/\",\"name\":\"Deutsche Minderheit, Sozial-Kulturelle Gesellschaft der Deutschen im Oppelner Schlesien\",\"description\":\"Deutsche Minderheit in Polen\",\"potentialAction\":[{\"@type\":\"SearchAction\",\"target\":{\"@type\":\"EntryPoint\",\"urlTemplate\":\"https:\/\/skgd.pl\/?s={search_term_string}\"},\"query-input\":\"required name=search_term_string\"}],\"inLanguage\":\"de\"},{\"@type\":\"WebPage\",\"@id\":\"https:\/\/skgd.pl\/regulamin\/#webpage\",\"url\":\"https:\/\/skgd.pl\/regulamin\/\",\"name\":\"Regulamin - Deutsche Minderheit, Sozial-Kulturelle Gesellschaft der Deutschen im Oppelner Schlesien\",\"isPartOf\":{\"@id\":\"https:\/\/skgd.pl\/#website\"},\"datePublished\":\"2016-01-09T13:11:58+00:00\",\"dateModified\":\"2021-04-12T15:14:13+00:00\",\"breadcrumb\":{\"@id\":\"https:\/\/skgd.pl\/regulamin\/#breadcrumb\"},\"inLanguage\":\"de\",\"potentialAction\":[{\"@type\":\"ReadAction\",\"target\":[\"https:\/\/skgd.pl\/regulamin\/\"]}]},{\"@type\":\"BreadcrumbList\",\"@id\":\"https:\/\/skgd.pl\/regulamin\/#breadcrumb\",\"itemListElement\":[{\"@type\":\"ListItem\",\"position\":1,\"name\":\"Strona g\u0142\u00f3wna\",\"item\":\"https:\/\/skgd.pl\/\"},{\"@type\":\"ListItem\",\"position\":2,\"name\":\"Regulamin\"}]}]}<\/script>\n<!-- \/ Yoast SEO plugin. -->","yoast_head_json":{"title":"Regulamin - Deutsche Minderheit, Sozial-Kulturelle Gesellschaft der Deutschen im Oppelner Schlesien","robots":{"index":"index","follow":"follow","max-snippet":"max-snippet:-1","max-image-preview":"max-image-preview:large","max-video-preview":"max-video-preview:-1"},"canonical":"https:\/\/skgd.pl\/regulamin\/","og_locale":"de_DE","og_type":"article","og_title":"Regulamin - Deutsche Minderheit, Sozial-Kulturelle Gesellschaft der Deutschen im Oppelner Schlesien","og_description":"Regulamin zamieszczania tre\u015bci na stronie www.skgd.pl (dalej \u201eRegulamin\u201d) stanowi\u0105cy regulamin w rozumieniu ustawy z dnia 18 lipca 2002 roku o \u015bwiadczeniu us\u0142ug drog\u0105 elektroniczn\u0105 (Dz. U. nr 144 poz. 1204), okre\u015blaj\u0105cy zasady \u015bwiadczenia us\u0142ug drog\u0105 elektroniczn\u0105 przez Towarzystwo Spo\u0142eczno-Kulturalne Niemc\u00f3w na \u015al\u0105sku Opolskim na rzecz u\u017cytkownik\u00f3w. Administratorem strony www.skgd.pl jest: Towarzystwo Spo\u0142eczno-Kulturalne Niemc\u00f3w na \u015al\u0105sku [&hellip;]","og_url":"https:\/\/skgd.pl\/regulamin\/","og_site_name":"Deutsche Minderheit, Sozial-Kulturelle Gesellschaft der Deutschen im Oppelner Schlesien","article_modified_time":"2021-04-12T15:14:13+00:00","twitter_card":"summary_large_image","twitter_misc":{"Gesch\u00e4tzte Lesezeit":"9\u00a0Minuten"},"schema":{"@context":"https:\/\/schema.org","@graph":[{"@type":"WebSite","@id":"https:\/\/skgd.pl\/#website","url":"https:\/\/skgd.pl\/","name":"Deutsche Minderheit, Sozial-Kulturelle Gesellschaft der Deutschen im Oppelner Schlesien","description":"Deutsche Minderheit in Polen","potentialAction":[{"@type":"SearchAction","target":{"@type":"EntryPoint","urlTemplate":"https:\/\/skgd.pl\/?s={search_term_string}"},"query-input":"required name=search_term_string"}],"inLanguage":"de"},{"@type":"WebPage","@id":"https:\/\/skgd.pl\/regulamin\/#webpage","url":"https:\/\/skgd.pl\/regulamin\/","name":"Regulamin - Deutsche Minderheit, Sozial-Kulturelle Gesellschaft der Deutschen im Oppelner Schlesien","isPartOf":{"@id":"https:\/\/skgd.pl\/#website"},"datePublished":"2016-01-09T13:11:58+00:00","dateModified":"2021-04-12T15:14:13+00:00","breadcrumb":{"@id":"https:\/\/skgd.pl\/regulamin\/#breadcrumb"},"inLanguage":"de","potentialAction":[{"@type":"ReadAction","target":["https:\/\/skgd.pl\/regulamin\/"]}]},{"@type":"BreadcrumbList","@id":"https:\/\/skgd.pl\/regulamin\/#breadcrumb","itemListElement":[{"@type":"ListItem","position":1,"name":"Strona g\u0142\u00f3wna","item":"https:\/\/skgd.pl\/"},{"@type":"ListItem","position":2,"name":"Regulamin"}]}]}},"_links":{"self":[{"href":"https:\/\/skgd.pl\/de\/wp-json\/wp\/v2\/pages\/9653","targetHints":{"allow":["GET"]}}],"collection":[{"href":"https:\/\/skgd.pl\/de\/wp-json\/wp\/v2\/pages"}],"about":[{"href":"https:\/\/skgd.pl\/de\/wp-json\/wp\/v2\/types\/page"}],"author":[{"embeddable":true,"href":"https:\/\/skgd.pl\/de\/wp-json\/wp\/v2\/users\/1"}],"replies":[{"embeddable":true,"href":"https:\/\/skgd.pl\/de\/wp-json\/wp\/v2\/comments?post=9653"}],"version-history":[{"count":3,"href":"https:\/\/skgd.pl\/de\/wp-json\/wp\/v2\/pages\/9653\/revisions"}],"predecessor-version":[{"id":26019,"href":"https:\/\/skgd.pl\/de\/wp-json\/wp\/v2\/pages\/9653\/revisions\/26019"}],"wp:attachment":[{"href":"https:\/\/skgd.pl\/de\/wp-json\/wp\/v2\/media?parent=9653"}],"curies":[{"name":"wp","href":"https:\/\/api.w.org\/{rel}","templated":true}]}}