{"id":9373,"date":"2015-11-23T14:55:41","date_gmt":"2015-11-23T13:55:41","guid":{"rendered":"http:\/\/skgd.pl\/?page_id=9373"},"modified":"2024-08-28T14:00:12","modified_gmt":"2024-08-28T12:00:12","slug":"publikacje","status":"publish","type":"page","link":"https:\/\/skgd.pl\/de\/medioteka\/publikacje\/","title":{"rendered":"Publikationen"},"content":{"rendered":"<p>[vc_row][vc_column][vc_tta_tabs][vc_tta_section i_type=&#8221;openiconic&#8221; i_icon_openiconic=&#8221;vc-oi vc-oi-location-inv&#8221; add_icon=&#8221;true&#8221; title=&#8221;Publikationen TSKN&#8221; tab_id=&#8221;publikacjeTSKN&#8221;]<div class=\"row block-team\"> <ul class=\"clearfix\"><li class=\"span3\">  <div  class=\"box-team\"><figure><img src=https:\/\/skgd.pl\/wp-content\/uploads\/2024\/08\/Antonia.jpg alt=\"Antonia - Das Sockenfiber\" \/><\/figure><div class=\"details\"><h5 class=\"h5\">Antonia - Das Sockenfiber <span> <\/span><\/h5><div class=\"box-info\"><ul class=\"list-social clearfix\"><li><a class=\"linkedin hasTooltip\" title=\"Pobierz\/Download\" target=\"_blank\"  href=\"https:\/\/skgd.pl\/wp-content\/uploads\/2024\/08\/Antonia_czII_2023-2.pdf\" target=\"_blank\"><i class=\"fa fa-download\"><\/i><\/a><\/li> <\/ul><\/div><\/div><\/div><\/li><li class=\"span3\">  <div  class=\"box-team\"><figure><img src=https:\/\/skgd.pl\/wp-content\/uploads\/2022\/01\/mniejszosc-niemiecka-1.jpg alt=\"Mniejszo\u015b\u0107 niemiecka w woj. opolskim jako warto\u015b\u0107 dodana, Instytut Wydawniczy Ksi\u0105\u017cka i Prasa, Warszawa 2020\" \/><\/figure><div class=\"details\"><h5 class=\"h5\">Mniejszo\u015b\u0107 niemiecka w woj. opolskim jako warto\u015b\u0107 dodana, Instytut Wydawniczy Ksi\u0105\u017cka i Prasa, Warszawa 2020 <span> <\/span><\/h5><div class=\"box-info\"><ul class=\"list-social clearfix\"><li><a class=\"linkedin hasTooltip\" title=\"Pobierz\/Download\" target=\"_blank\"  href=\"https:\/\/skgd.pl\/wp-content\/uploads\/2022\/01\/mniejszosc-niemiecka.pdf\" target=\"_blank\"><i class=\"fa fa-download\"><\/i><\/a><\/li> <\/ul><\/div><\/div><\/div><\/li><li class=\"span3\">  <div  class=\"box-team\"><figure><img src=https:\/\/skgd.pl\/wp-content\/uploads\/2021\/02\/TSKN-Spacerownik-2019-skompresowany-pdf.jpg alt=\"Spazierbuch durch die Kreise Kreuzburg, Namslau und Rosenberg - 2019r\" \/><\/figure><div class=\"details\"><h5 class=\"h5\">Spazierbuch durch die Kreise Kreuzburg, Namslau und Rosenberg - 2019r <span> <\/span><\/h5><div class=\"box-info\"><ul class=\"list-social clearfix\"><li><a class=\"linkedin hasTooltip\" title=\"Pobierz\/Download\" target=\"_blank\"  href=\"https:\/\/skgd.pl\/wp-content\/uploads\/2021\/02\/TSKN-Spacerownik-2019-skompresowany.pdf\" target=\"_blank\"><i class=\"fa fa-download\"><\/i><\/a><\/li> <\/ul><\/div><\/div><\/div><\/li><li class=\"span3\">  <div  class=\"box-team\"><figure><img src=https:\/\/skgd.pl\/wp-content\/uploads\/2021\/02\/TSKN-Spacerownik-2018-skompresowany-pdf.jpg alt=\"Spazierbuch durch die Kreise Gross Strehlitz und Kreis Kandrzin-Cosel - 2018r\" \/><\/figure><div class=\"details\"><h5 class=\"h5\">Spazierbuch durch die Kreise Gross Strehlitz und Kreis Kandrzin-Cosel - 2018r <span> <\/span><\/h5><div class=\"box-info\"><ul class=\"list-social clearfix\"><li><a class=\"linkedin hasTooltip\" title=\"Pobierz\/Download\" target=\"_blank\"  href=\"https:\/\/skgd.pl\/wp-content\/uploads\/2021\/02\/TSKN-Spacerownik-2018-skompresowany.pdf\" target=\"_blank\"><i class=\"fa fa-download\"><\/i><\/a><\/li> <\/ul><\/div><\/div><\/div><\/li><li class=\"span3\">  <div  class=\"box-team\"><figure><img src=https:\/\/skgd.pl\/wp-content\/uploads\/2019\/12\/antonia.jpg alt=\"Antonia \u2013 Auf der Suche nach ihrer Insel\" \/><\/figure><div class=\"details\"><h5 class=\"h5\">Antonia \u2013 Auf der Suche nach ihrer Insel <span> <\/span><\/h5><div class=\"box-info\"><ul class=\"list-social clearfix\"><li><a class=\"linkedin hasTooltip\" title=\"Pobierz\/Download\" target=\"_blank\"  href=\"https:\/\/skgd.pl\/wp-content\/uploads\/2020\/03\/Antonia-Kinderbuch.pdf\" target=\"_blank\"><i class=\"fa fa-download\"><\/i><\/a><\/li> <\/ul><\/div><\/div><\/div><\/li><li class=\"span3\">  <div  class=\"box-team\"><figure><img src=https:\/\/skgd.pl\/wp-content\/uploads\/2019\/12\/antonia.jpg alt=\"Lernmaterialien zum Kinderbuch Antonia\" \/><\/figure><div class=\"details\"><h5 class=\"h5\">Lernmaterialien zum Kinderbuch Antonia <span> <\/span><\/h5><div class=\"box-info\"><ul class=\"list-social clearfix\"><li><a class=\"linkedin hasTooltip\" title=\"Pobierz\/Download\" target=\"_blank\"  href=\"https:\/\/skgd.pl\/wp-content\/uploads\/2022\/03\/Antonia-dydaktyzacja.pdf\" target=\"_blank\"><i class=\"fa fa-download\"><\/i><\/a><\/li> <\/ul><\/div><\/div><\/div><\/li><li class=\"span3\">  <div  class=\"box-team\"><figure><img src=https:\/\/skgd.pl\/wp-content\/uploads\/2017\/05\/entwicklung.jpg alt=\"Entwicklungsstrategie der deutschen Minderheit in Polen\" \/><\/figure><div class=\"details\"><h5 class=\"h5\">Entwicklungsstrategie der deutschen Minderheit in Polen <span> <\/span><\/h5><div class=\"box-info\"><ul class=\"list-social clearfix\"><li><a class=\"linkedin hasTooltip\" title=\"Pobierz\/Download\" target=\"_blank\"  href=\"https:\/\/skgd.pl\/wp-content\/uploads\/2017\/05\/Entwicklungsstrategie-der-DMi-final.pdf\" target=\"_blank\"><i class=\"fa fa-download\"><\/i><\/a><\/li> <\/ul><\/div><\/div><\/div><\/li><li class=\"span3\">  <div  class=\"box-team\"><figure><img src=https:\/\/skgd.pl\/wp-content\/uploads\/2017\/03\/przewodnik.png alt=\"Oppelner Reisef\u00fchrer f\u00fcr Senioren\" \/><\/figure><div class=\"details\"><h5 class=\"h5\">Oppelner Reisef\u00fchrer f\u00fcr Senioren <span> <\/span><\/h5><div class=\"box-info\"><ul class=\"list-social clearfix\"><li><a class=\"linkedin hasTooltip\" title=\"Pobierz\/Download\" target=\"_blank\"  href=\"https:\/\/skgd.pl\/wp-content\/uploads\/2017\/03\/TSKN_PrzewodnikSeniora.pdf\" target=\"_blank\"><i class=\"fa fa-download\"><\/i><\/a><\/li> <\/ul><\/div><\/div><\/div><\/li><li class=\"span3\">  <div  class=\"box-team\"><figure><img src=https:\/\/skgd.pl\/wp-content\/uploads\/2015\/11\/sasiedzi.jpg alt=\"Comic 'Gute Nachbarschaft'\" \/><\/figure><div class=\"details\"><h5 class=\"h5\">Comic 'Gute Nachbarschaft' <span> <\/span><\/h5><div class=\"box-info\"><ul class=\"list-social clearfix\"><li><a class=\"linkedin hasTooltip\" title=\"Pobierz\/Download\" target=\"_blank\"  href=\"http:\/\/www.kandziora.pl\/wp-content\/uploads\/2017\/01\/wersja-niemiecka-1.pdf\" target=\"_blank\"><i class=\"fa fa-download\"><\/i><\/a><\/li> <\/ul><\/div><\/div><\/div><\/li><li class=\"span3\">  <div  class=\"box-team\"><figure><img src=https:\/\/skgd.pl\/wp-content\/uploads\/2016\/02\/sprache.jpg alt=\"In der Sprache des Herzens 2016\" \/><\/figure><div class=\"details\"><h5 class=\"h5\">In der Sprache des Herzens 2016 <span> <\/span><\/h5><div class=\"box-info\"><ul class=\"list-social clearfix\"><li><a class=\"linkedin hasTooltip\" title=\"Pobierz\/Download\" target=\"_blank\"  href=\"https:\/\/skgd.pl\/wp-content\/uploads\/2016\/12\/W-jezyku-serca_2016.pdf\" target=\"_blank\"><i class=\"fa fa-download\"><\/i><\/a><\/li> <\/ul><\/div><\/div><\/div><\/li><li class=\"span3\">  <div  class=\"box-team\"><figure><a href=https:\/\/skgd.pl\/wp-content\/uploads\/2016\/08\/TSKN_Album_25lat_OK.pdf alt=\"\"><img src=https:\/\/skgd.pl\/wp-content\/uploads\/2016\/08\/25jahre.jpg alt=\"Album - 25 Jahre der SKGD im Oppelner Schlesien in Bildern\" \/><\/a><\/figure><div class=\"details\"><h5 class=\"h5\">Album - 25 Jahre der SKGD im Oppelner Schlesien in Bildern <span> <\/span><\/h5><\/div><\/div><\/li><li class=\"span3\">  <div  class=\"box-team\"><figure><a href=https:\/\/skgd.pl\/wp-content\/uploads\/2016\/02\/20-Jahre-der-SKGD-im-Oppelner-Schlesien-Deutsche-in-Oppeln-seit-1989-bis-heute.pdf alt=\"\"><img src=https:\/\/skgd.pl\/wp-content\/uploads\/2016\/03\/20-lat-TSKN.png alt=\"20 Jahre der SKGD im Oppelner Schlesien \" \/><\/a><\/figure><div class=\"details\"><h5 class=\"h5\">20 Jahre der SKGD im Oppelner Schlesien  <span> <\/span><\/h5><\/div><\/div><\/li><li class=\"span3\">  <div  class=\"box-team\"><figure><a href=https:\/\/skgd.pl\/wp-content\/uploads\/2016\/02\/Deutschsprachige-Lyrik-und-Prosa-von-den-Gewinnern-des-Polenweiteren-Literarischenwettbewerbs-2011.pdf alt=\"\"><img src=https:\/\/skgd.pl\/wp-content\/uploads\/2016\/03\/In-der-sprache-des-Herzens-2011.png alt=\"Deutschsprachige Lyrik und Prosa\" \/><\/a><\/figure><div class=\"details\"><h5 class=\"h5\">Deutschsprachige Lyrik und Prosa <span> <\/span><\/h5><\/div><\/div><\/li><li class=\"span3\">  <div  class=\"box-team\"><figure><a href=https:\/\/skgd.pl\/wp-content\/uploads\/2016\/02\/In-der-Sprache-des-Herzens-2010.pdf alt=\"\"><img src=https:\/\/skgd.pl\/wp-content\/uploads\/2016\/03\/in-der-sprache-des-Herzens-2009.png alt=\"In der Sprache des Herzens 2010\" \/><\/a><\/figure><div class=\"details\"><h5 class=\"h5\">In der Sprache des Herzens 2010 <span> <\/span><\/h5><\/div><\/div><\/li><li class=\"span3\">  <div  class=\"box-team\"><figure><a href=https:\/\/skgd.pl\/wp-content\/uploads\/2016\/02\/In-der-Sprache-des-Herzens-2014.pdf alt=\"\"><img src=https:\/\/skgd.pl\/wp-content\/uploads\/2016\/02\/sprache.jpg alt=\"In der Sprache des Herzens 2014\" \/><\/a><\/figure><div class=\"details\"><h5 class=\"h5\">In der Sprache des Herzens 2014 <span> <\/span><\/h5><\/div><\/div><\/li><li class=\"span3\">  <div  class=\"box-team\"><figure><a href=https:\/\/skgd.pl\/wp-content\/uploads\/2016\/02\/TSKN_Zespoly_broszura_181214.pdf alt=\"\"><img src=https:\/\/skgd.pl\/wp-content\/uploads\/2016\/03\/zspo\u0142y-artystyczne.png alt=\"TSKN Zespoly broszura\" \/><\/a><\/figure><div class=\"details\"><h5 class=\"h5\">TSKN Zespoly broszura <span> <\/span><\/h5><\/div><\/div><\/li><li class=\"span3\">  <div  class=\"box-team\"><figure><a href=https:\/\/skgd.pl\/wp-content\/uploads\/2016\/02\/Wystawa-z-okazji-20-lecia-TSKN.pdf alt=\"\"><img src=https:\/\/skgd.pl\/wp-content\/uploads\/2016\/02\/sprache.jpg alt=\"Wystawa z okazji 20-lecia TSKN\" \/><\/a><\/figure><div class=\"details\"><h5 class=\"h5\">Wystawa z okazji 20-lecia TSKN <span> <\/span><\/h5><\/div><\/div><\/li><li class=\"span3\">  <div  class=\"box-team\"><figure><img src=https:\/\/skgd.pl\/wp-content\/uploads\/2023\/05\/Europejska-Karta-Jezykow.jpg alt=\"EUROP\u00c4ISCHE CHARTA DER REGIONAL- UND MINDERHEITENSPRACHEN\" \/><\/figure><div class=\"details\"><h5 class=\"h5\">EUROP\u00c4ISCHE CHARTA DER REGIONAL- UND MINDERHEITENSPRACHEN <span> <\/span><\/h5><div class=\"box-info\"><ul class=\"list-social clearfix\"><li><a class=\"linkedin hasTooltip\" title=\"Pobierz\/Download\" target=\"_blank\"  href=\"https:\/\/skgd.pl\/wp-content\/uploads\/2023\/05\/Europejska-Karta-Jezykow-DE.pdf\" target=\"_blank\"><i class=\"fa fa-download\"><\/i><\/a><\/li> <\/ul><\/div><\/div><\/div><\/li><\/ul><\/div>[\/vc_tta_section][vc_tta_section i_icon_fontawesome=&#8221;fa fa-share-square-o&#8221; add_icon=&#8221;true&#8221; title=&#8221;Publikationen Haus&#8221; tab_id=&#8221;haus&#8221;]<div class=\"row block-team\"> <ul class=\"clearfix\"><li class=\"span3\">  <div  class=\"box-team\"><figure><a href=http:\/\/haus.pl\/publikacja-1029.html alt=\"\"><img src=https:\/\/skgd.pl\/wp-content\/uploads\/2016\/02\/Kompendium-wiedzy.gif alt=\"Kompendium wiedzy o G\u00f3rnym \u015al\u0105sku\" \/><\/a><\/figure><div class=\"details\"><h5 class=\"h5\">Kompendium wiedzy o G\u00f3rnym \u015al\u0105sku <span> <\/span><\/h5><\/div><\/div><\/li><li class=\"span3\">  <div  class=\"box-team\"><figure><a href=http:\/\/haus.pl\/publikacja-1028.html alt=\"\"><img src=https:\/\/skgd.pl\/wp-content\/uploads\/2016\/02\/pakiet-szlachecki.gif alt=\"Pakiet szlachecki\" \/><\/a><\/figure><div class=\"details\"><h5 class=\"h5\">Pakiet szlachecki <span> <\/span><\/h5><\/div><\/div><\/li><li class=\"span3\">  <div  class=\"box-team\"><figure><img src=https:\/\/skgd.pl\/wp-content\/uploads\/2016\/02\/dwajezyki-1.jpg alt=\"Your Name\" \/><\/figure><div class=\"details\"><h5 class=\"h5\">Your Name <span> <\/span><\/h5><div class=\"box-info\"><ul class=\"list-social clearfix\"><li><a class=\"linkedin hasTooltip\" title=\"Pobierz\/Download\" target=\"_blank\"  href=\"http:\/\/haus.pl\/de\/publikacja-1016.html\" target=\"_blank\"><i class=\"fa fa-download\"><\/i><\/a><\/li> <\/ul><\/div><\/div><\/div><\/li><li class=\"span3\">  <div  class=\"box-team\"><figure><img src=https:\/\/skgd.pl\/wp-content\/uploads\/2016\/02\/wplyw-1.jpg alt=\"Wp\u0142yw ludno\u015bci pochodzenia niemieckiego\" \/><\/figure><div class=\"details\"><h5 class=\"h5\">Wp\u0142yw ludno\u015bci pochodzenia niemieckiego <span> <\/span><\/h5><div class=\"box-info\"><ul class=\"list-social clearfix\"><li><a class=\"linkedin hasTooltip\" title=\"Pobierz\/Download\" target=\"_blank\"  href=\"http:\/\/haus.pl\/publikacja-1022.html\" target=\"_blank\"><i class=\"fa fa-download\"><\/i><\/a><\/li> <\/ul><\/div><\/div><\/div><\/li><li class=\"span3\">  <div  class=\"box-team\"><figure><img src=https:\/\/skgd.pl\/wp-content\/uploads\/2023\/04\/DFKomponent_cz2-2-pdf.jpg alt=\"DFKompetent cz\u0119\u015b\u0107 I\" \/><\/figure><div class=\"details\"><h5 class=\"h5\">DFKompetent cz\u0119\u015b\u0107 I <span> <\/span><\/h5><div class=\"box-info\"><ul class=\"list-social clearfix\"><li><a class=\"linkedin hasTooltip\" title=\"Pobierz\/Download\" target=\"_blank\"  href=\"https:\/\/skgd.pl\/wp-content\/uploads\/2023\/04\/DFKompetent-cz.1.pdf\" target=\"_blank\"><i class=\"fa fa-download\"><\/i><\/a><\/li> <\/ul><\/div><\/div><\/div><\/li><li class=\"span3\">  <div  class=\"box-team\"><figure><img src=https:\/\/skgd.pl\/wp-content\/uploads\/2023\/04\/DFKomponent_cz2-2-pdf.jpg alt=\"DFKompetent cz\u0119\u015b\u0107 II\" \/><\/figure><div class=\"details\"><h5 class=\"h5\">DFKompetent cz\u0119\u015b\u0107 II <span> <\/span><\/h5><div class=\"box-info\"><ul class=\"list-social clearfix\"><li><a class=\"linkedin hasTooltip\" title=\"Pobierz\/Download\" target=\"_blank\"  href=\"https:\/\/skgd.pl\/wp-content\/uploads\/2023\/04\/DFKomponent_cz2-2.pdf\" target=\"_blank\"><i class=\"fa fa-download\"><\/i><\/a><\/li> <\/ul><\/div><\/div><\/div><\/li><\/ul><\/div>[\/vc_tta_section][\/vc_tta_tabs][\/vc_column][\/vc_row]<\/p>","protected":false},"excerpt":{"rendered":"<p>[vc_row][vc_column][vc_tta_tabs][vc_tta_section i_type=&#8221;openiconic&#8221; i_icon_openiconic=&#8221;vc-oi vc-oi-location-inv&#8221; add_icon=&#8221;true&#8221; title=&#8221;Publikationen TSKN&#8221; tab_id=&#8221;publikacjeTSKN&#8221;][\/vc_tta_section][vc_tta_section i_icon_fontawesome=&#8221;fa fa-share-square-o&#8221; add_icon=&#8221;true&#8221; title=&#8221;Publikationen Haus&#8221; tab_id=&#8221;haus&#8221;][\/vc_tta_section][\/vc_tta_tabs][\/vc_column][\/vc_row]<\/p>\n","protected":false},"author":1,"featured_media":0,"parent":9367,"menu_order":61,"comment_status":"closed","ping_status":"closed","template":"","meta":{"footnotes":""},"class_list":["post-9373","page","type-page","status-publish","hentry"],"yoast_head":"<!-- This site is optimized with the Yoast SEO plugin v18.9 - https:\/\/yoast.com\/wordpress\/plugins\/seo\/ -->\n<title>Publikationen - Deutsche Minderheit, Sozial-Kulturelle Gesellschaft der Deutschen im Oppelner Schlesien<\/title>\n<meta name=\"robots\" content=\"index, follow, max-snippet:-1, max-image-preview:large, max-video-preview:-1\" \/>\n<link rel=\"canonical\" href=\"https:\/\/skgd.pl\/de\/medioteka\/publikacje\/\" \/>\n<meta property=\"og:locale\" content=\"de_DE\" \/>\n<meta property=\"og:type\" content=\"article\" \/>\n<meta property=\"og:title\" content=\"Publikationen - Deutsche Minderheit, Sozial-Kulturelle Gesellschaft der Deutschen im Oppelner Schlesien\" \/>\n<meta property=\"og:description\" content=\"[vc_row][vc_column][vc_tta_tabs][vc_tta_section i_type=&#8221;openiconic&#8221; i_icon_openiconic=&#8221;vc-oi vc-oi-location-inv&#8221; add_icon=&#8221;true&#8221; title=&#8221;Publikationen TSKN&#8221; tab_id=&#8221;publikacjeTSKN&#8221;][\/vc_tta_section][vc_tta_section i_icon_fontawesome=&#8221;fa fa-share-square-o&#8221; add_icon=&#8221;true&#8221; title=&#8221;Publikationen Haus&#8221; tab_id=&#8221;haus&#8221;][\/vc_tta_section][\/vc_tta_tabs][\/vc_column][\/vc_row]\" \/>\n<meta property=\"og:url\" content=\"https:\/\/skgd.pl\/de\/medioteka\/publikacje\/\" \/>\n<meta property=\"og:site_name\" content=\"Deutsche Minderheit, Sozial-Kulturelle Gesellschaft der Deutschen im Oppelner Schlesien\" \/>\n<meta property=\"article:modified_time\" content=\"2024-08-28T12:00:12+00:00\" \/>\n<meta name=\"twitter:card\" content=\"summary_large_image\" \/>\n<meta name=\"twitter:label1\" content=\"Gesch\u00e4tzte Lesezeit\" \/>\n\t<meta name=\"twitter:data1\" content=\"2\u00a0Minuten\" \/>\n<script type=\"application\/ld+json\" class=\"yoast-schema-graph\">{\"@context\":\"https:\/\/schema.org\",\"@graph\":[{\"@type\":\"WebSite\",\"@id\":\"https:\/\/skgd.pl\/#website\",\"url\":\"https:\/\/skgd.pl\/\",\"name\":\"Deutsche Minderheit, Sozial-Kulturelle Gesellschaft der Deutschen im Oppelner Schlesien\",\"description\":\"Deutsche Minderheit in Polen\",\"potentialAction\":[{\"@type\":\"SearchAction\",\"target\":{\"@type\":\"EntryPoint\",\"urlTemplate\":\"https:\/\/skgd.pl\/?s={search_term_string}\"},\"query-input\":\"required name=search_term_string\"}],\"inLanguage\":\"de\"},{\"@type\":\"WebPage\",\"@id\":\"https:\/\/skgd.pl\/de\/medioteka\/publikacje\/#webpage\",\"url\":\"https:\/\/skgd.pl\/de\/medioteka\/publikacje\/\",\"name\":\"Publikationen - Deutsche Minderheit, Sozial-Kulturelle Gesellschaft der Deutschen im Oppelner Schlesien\",\"isPartOf\":{\"@id\":\"https:\/\/skgd.pl\/#website\"},\"datePublished\":\"2015-11-23T13:55:41+00:00\",\"dateModified\":\"2024-08-28T12:00:12+00:00\",\"breadcrumb\":{\"@id\":\"https:\/\/skgd.pl\/de\/medioteka\/publikacje\/#breadcrumb\"},\"inLanguage\":\"de\",\"potentialAction\":[{\"@type\":\"ReadAction\",\"target\":[\"https:\/\/skgd.pl\/de\/medioteka\/publikacje\/\"]}]},{\"@type\":\"BreadcrumbList\",\"@id\":\"https:\/\/skgd.pl\/de\/medioteka\/publikacje\/#breadcrumb\",\"itemListElement\":[{\"@type\":\"ListItem\",\"position\":1,\"name\":\"Strona g\u0142\u00f3wna\",\"item\":\"https:\/\/skgd.pl\/\"},{\"@type\":\"ListItem\",\"position\":2,\"name\":\"Medioteka\",\"item\":\"https:\/\/skgd.pl\/medioteka\/\"},{\"@type\":\"ListItem\",\"position\":3,\"name\":\"Publikationen\"}]}]}<\/script>\n<!-- \/ Yoast SEO plugin. -->","yoast_head_json":{"title":"Publikationen - Deutsche Minderheit, Sozial-Kulturelle Gesellschaft der Deutschen im Oppelner Schlesien","robots":{"index":"index","follow":"follow","max-snippet":"max-snippet:-1","max-image-preview":"max-image-preview:large","max-video-preview":"max-video-preview:-1"},"canonical":"https:\/\/skgd.pl\/de\/medioteka\/publikacje\/","og_locale":"de_DE","og_type":"article","og_title":"Publikationen - Deutsche Minderheit, Sozial-Kulturelle Gesellschaft der Deutschen im Oppelner Schlesien","og_description":"[vc_row][vc_column][vc_tta_tabs][vc_tta_section i_type=&#8221;openiconic&#8221; i_icon_openiconic=&#8221;vc-oi vc-oi-location-inv&#8221; add_icon=&#8221;true&#8221; title=&#8221;Publikationen TSKN&#8221; tab_id=&#8221;publikacjeTSKN&#8221;][\/vc_tta_section][vc_tta_section i_icon_fontawesome=&#8221;fa fa-share-square-o&#8221; add_icon=&#8221;true&#8221; title=&#8221;Publikationen Haus&#8221; tab_id=&#8221;haus&#8221;][\/vc_tta_section][\/vc_tta_tabs][\/vc_column][\/vc_row]","og_url":"https:\/\/skgd.pl\/de\/medioteka\/publikacje\/","og_site_name":"Deutsche Minderheit, Sozial-Kulturelle Gesellschaft der Deutschen im Oppelner Schlesien","article_modified_time":"2024-08-28T12:00:12+00:00","twitter_card":"summary_large_image","twitter_misc":{"Gesch\u00e4tzte Lesezeit":"2\u00a0Minuten"},"schema":{"@context":"https:\/\/schema.org","@graph":[{"@type":"WebSite","@id":"https:\/\/skgd.pl\/#website","url":"https:\/\/skgd.pl\/","name":"Deutsche Minderheit, Sozial-Kulturelle Gesellschaft der Deutschen im Oppelner Schlesien","description":"Deutsche Minderheit in Polen","potentialAction":[{"@type":"SearchAction","target":{"@type":"EntryPoint","urlTemplate":"https:\/\/skgd.pl\/?s={search_term_string}"},"query-input":"required name=search_term_string"}],"inLanguage":"de"},{"@type":"WebPage","@id":"https:\/\/skgd.pl\/de\/medioteka\/publikacje\/#webpage","url":"https:\/\/skgd.pl\/de\/medioteka\/publikacje\/","name":"Publikationen - Deutsche Minderheit, Sozial-Kulturelle Gesellschaft der Deutschen im Oppelner Schlesien","isPartOf":{"@id":"https:\/\/skgd.pl\/#website"},"datePublished":"2015-11-23T13:55:41+00:00","dateModified":"2024-08-28T12:00:12+00:00","breadcrumb":{"@id":"https:\/\/skgd.pl\/de\/medioteka\/publikacje\/#breadcrumb"},"inLanguage":"de","potentialAction":[{"@type":"ReadAction","target":["https:\/\/skgd.pl\/de\/medioteka\/publikacje\/"]}]},{"@type":"BreadcrumbList","@id":"https:\/\/skgd.pl\/de\/medioteka\/publikacje\/#breadcrumb","itemListElement":[{"@type":"ListItem","position":1,"name":"Strona g\u0142\u00f3wna","item":"https:\/\/skgd.pl\/"},{"@type":"ListItem","position":2,"name":"Medioteka","item":"https:\/\/skgd.pl\/medioteka\/"},{"@type":"ListItem","position":3,"name":"Publikationen"}]}]}},"_links":{"self":[{"href":"https:\/\/skgd.pl\/de\/wp-json\/wp\/v2\/pages\/9373","targetHints":{"allow":["GET"]}}],"collection":[{"href":"https:\/\/skgd.pl\/de\/wp-json\/wp\/v2\/pages"}],"about":[{"href":"https:\/\/skgd.pl\/de\/wp-json\/wp\/v2\/types\/page"}],"author":[{"embeddable":true,"href":"https:\/\/skgd.pl\/de\/wp-json\/wp\/v2\/users\/1"}],"replies":[{"embeddable":true,"href":"https:\/\/skgd.pl\/de\/wp-json\/wp\/v2\/comments?post=9373"}],"version-history":[{"count":44,"href":"https:\/\/skgd.pl\/de\/wp-json\/wp\/v2\/pages\/9373\/revisions"}],"predecessor-version":[{"id":34927,"href":"https:\/\/skgd.pl\/de\/wp-json\/wp\/v2\/pages\/9373\/revisions\/34927"}],"up":[{"embeddable":true,"href":"https:\/\/skgd.pl\/de\/wp-json\/wp\/v2\/pages\/9367"}],"wp:attachment":[{"href":"https:\/\/skgd.pl\/de\/wp-json\/wp\/v2\/media?parent=9373"}],"curies":[{"name":"wp","href":"https:\/\/api.w.org\/{rel}","templated":true}]}}