{"id":9363,"date":"2015-11-23T14:53:00","date_gmt":"2015-11-23T13:53:00","guid":{"rendered":"http:\/\/skgd.pl\/?page_id=9363"},"modified":"2019-02-19T11:00:03","modified_gmt":"2019-02-19T10:00:03","slug":"hospitatationsprogramm-ifa","status":"publish","type":"page","link":"https:\/\/skgd.pl\/de\/granty-i-stypendia\/granty-i-stypendia-tskn\/hospitatationsprogramm-ifa\/","title":{"rendered":"IFA"},"content":{"rendered":"<p>[vc_row][vc_column width=&#8221;3\/4&#8243;][vc_tta_tabs active_section=&#8221;1&#8243;][vc_tta_section title=&#8221;Kulturassistentenprogramm&#8221; tab_id=&#8221;ifa-stypendium1&#8243;][vc_column_text]<\/p>\n<p style=\"text-align: justify;\"><strong>Programmbeschreibung<\/strong><\/p>\n<div class=\"et_pb_row et_pb_row_1\">\n<div class=\"et_pb_column et_pb_column_1_2 et_pb_column_2 et_pb_css_mix_blend_mode_passthrough\">\n<div class=\"et_pb_module et_pb_text et_pb_text_2 et_pb_bg_layout_light et_pb_text_align_left\">\n<div class=\"et_pb_text_inner\">\n<p>Das Kulturassistentenprogramm f\u00f6rdert Projekte im Kultur-, Jugend- oder Medienbereich von Vereinen, Verb\u00e4nden und Redaktionen der deutschen Minderheiten und deren institutionelle Weiterentwicklung. Dazu werden Stipendien von mindestens sechs Wochen bis maximal sieben Monate f\u00fcr Nachwuchskr\u00e4fte aus den deutschen Minderheiten vergeben. Den Antrag hierf\u00fcr stellen die Organisationen der deutschen Minderheiten. Durch das Programm werden die Stipendiatinnen und Stipendiaten zudem l\u00e4nder\u00fcbergreifend und praxisnah qualifiziert und vernetzt.<\/p>\n<\/div>\n<\/div>\n<\/div>\n<\/div>\n<div class=\"et_pb_row et_pb_row_2\">\n<div class=\"et_pb_column et_pb_column_4_4 et_pb_column_3 et_pb_css_mix_blend_mode_passthrough et-last-child\">\n<div class=\"et_pb_module et_pb_text et_pb_text_3 et_pb_bg_layout_light et_pb_text_align_left\">\n<div class=\"et_pb_text_inner\">\n<p><strong>Wer kann sich bewerben?<\/strong><br \/>\nVereine, Verb\u00e4nde und Redaktionen der deutschen Minderheiten<\/p>\n<ul>\n<li>aus L\u00e4ndern in Mittel, Ost- und S\u00fcdosteuropa oder eine Organisation in diesen L\u00e4ndern, die eng&nbsp; mit der deutschen Minderheit zusammenarbeitet<\/li>\n<li>die f\u00fcr ein Entwicklungsvorhaben oder eine Projektidee zeitlich befristet zus\u00e4tzliche personelle und finanzielle Unterst\u00fctzung ben\u00f6tigen<\/li>\n<\/ul>\n<p>Voraussetzungen f\u00fcr die antragstellende Organisation:<\/p>\n<ul>\n<li>Bereitstellung eines Arbeitsplatzes und von Kommunikationsmitteln (Computer, Telefon, Mailadresse) samt anfallender Kosten f\u00fcr das Entwicklungsvorhaben wird gew\u00e4hrleistet<\/li>\n<li>eine Ansprechpartnerin beziehungsweise ein Ansprechpartner in der Gastinstitution wird f\u00fcr die Einarbeitung und Betreuung der Stipendiatin beziehungsweise des Stipendiaten w\u00e4hrend der Stipendienlaufzeit benannt<\/li>\n<li>die Stipendiatin beziehungsweise der Stipendiat wird in die Strukturen der Institution aufgenommen<\/li>\n<li>die Stipendiatin beziehungsweise der Stipendiat wird nicht in die t\u00e4gliche Arbeit und Regelaufgaben der Institution eingebunden, sondern kann sich vollst\u00e4ndig dem Projekt oder Entwicklungsvorhaben widmen<\/li>\n<li>die eigenst\u00e4ndige Auswahl der Stipendiatin beziehungsweise des Stipendiaten in einem offenen Bewerbungsverfahren mit einer Auswahlkommission wird gew\u00e4hrleistet<\/li>\n<\/ul>\n<p>Voraussetzungen f\u00fcr die Stipendiatin beziehungsweise den Stipendiaten:<\/p>\n<ul>\n<li>Nachwuchskraft der deutschen Minderheiten oder aus deren Umfeld<\/li>\n<li>Sehr gute Deutschkenntnisse<\/li>\n<li>Bereits erste praktische Erfahrungen in der Planung und Durchf\u00fchrung von Jugend-, Kultur- oder Medienprojekten<\/li>\n<li>Interesse, sich l\u00e4ngerfristig in der Institution zu engagieren<\/li>\n<\/ul>\n<\/div>\n<\/div>\n<\/div>\n<\/div>\n<div class=\"et_pb_row et_pb_row_3\">\n<div class=\"et_pb_column et_pb_column_4_4 et_pb_column_4 et_pb_css_mix_blend_mode_passthrough et-last-child\">\n<div class=\"et_pb_module et_pb_text et_pb_text_4 et_pb_bg_layout_light et_pb_text_align_left\">\n<div class=\"et_pb_text_inner\">\n<p><strong>Wie kann man sich bewerben?<\/strong><br \/>\nInteressierte Vereine, Verb\u00e4nde oder Redaktionen der deutschen Minderheit k\u00f6nnen sich mit einem Antrag auf eine Kulturassistenz bewerben. Das ifa trifft in Abstimmung mit dem jeweiligen Dachverband der Minderheit sowie der Auslandsvertretung, vorbehaltlich der Mittelbewilligung durch das Ausw\u00e4rtige Amt, eine Auswahl.<br \/>\nDie ausgew\u00e4hlten Organisationen schreiben das Stipendium \u00f6ffentlich aus und w\u00e4hlen eine Stipendiatin beziehungsweise einen Stipendiaten aus. Die Auswahl erfolgt in Abstimmung mit dem ifa.<\/p>\n<p>Beginn der Ausschreibung: voraussichtlich Mitte Februar 2019<\/p>\n<\/div>\n<\/div>\n<\/div>\n<\/div>\n<div class=\"et_pb_row et_pb_row_4\">\n<div class=\"et_pb_column et_pb_column_4_4 et_pb_column_5 et_pb_css_mix_blend_mode_passthrough et-last-child\">\n<div class=\"et_pb_module et_pb_text et_pb_text_5 et_pb_bg_layout_light et_pb_text_align_left\">\n<div class=\"et_pb_text_inner\">\n<p><strong>Dokumente zur Bewerbung:<\/strong><br \/>\nDokumente zur Bewerbung werden voraussichtlich Mitte Februar 2019 online bereitgestellt.<\/p>\n<p>Mehr:&nbsp;<a href=\"https:\/\/www.ifa.de\/foerderung\/kulturassistentenprogramm\/\">https:\/\/www.ifa.de\/foerderung\/kulturassistentenprogramm\/<\/a><\/p>\n<\/div>\n<\/div>\n<\/div>\n<\/div>\n<p>[\/vc_column_text][\/vc_tta_section][vc_tta_section title=&#8221;Hospitationsprogramm&#8221; tab_id=&#8221;ifa-stypendium2&#8243;][vc_column_text]<\/p>\n<ul>\n<li>Das Programm leistet einen Beitrag zur individuellen Qualifizierung von Mitarbeiter\/innen und Ehrenamtlichen, sowie zur l\u00e4nder\u00fcbergreifenden Vernetzung von Vereinen, Verb\u00e4nden und Redaktionen deutscher Minderheiten.<\/li>\n<li>Das Programm umfasst 4-6 w\u00f6chige Stipendien, um themenspezifische Best-Practice-Modelle und Arbeitsweisen an einer Gastinstitution kennen zu lernen.<\/li>\n<\/ul>\n<ul>\n<li>Das Hospitationsprogramm f\u00f6rdert die fachliche Professionalisierung und erm\u00f6glicht neue Impulse und Erkenntnisse f\u00fcr die praktische Arbeit von Institutionen der deutschen Minderheiten. Der integrative Ansatz des Programms vereint dabei praxisorientierte Qualifizierung und internationale Netzwerkarbeit.<\/li>\n<\/ul>\n<p><strong>Ziele<\/strong><\/p>\n<ul>\n<li>Professionalisierung und St\u00e4rkung des b\u00fcrgerschaftlichen Engagements der deutschen Minderheiten in den Bereichen Kultur-, Jugend- und Medienarbeit.<\/li>\n<li>Kompetenzbildung an Institutionen der deutschen Minderheiten.<\/li>\n<li>St\u00e4rkung der internationalen Zusammenarbeit von Vereinen, Verb\u00e4nden und Redaktionen deutscher Minderheiten.<\/li>\n<\/ul>\n<p><strong>Voraussetzungen<\/strong><\/p>\n<p><strong>Der Antragsteller<\/strong><\/p>\n<ul>\n<li>Der\/Die Antragsteller\/in ist (ehrenamtliche\/r)Mitarbeiter\/in einem Verein, Verband, oder einer Redaktion der deutschen Minderheit.<\/li>\n<li>Die Institution der \/des Antragsteller\/in hat ihren Sitz in Polen, Rum\u00e4nien, Serbien, Tschechien, Ungarn oder den GUS-Staaten.<\/li>\n<li>Es besteht ein spezifischer Fortbildungsbedarf zur Durchf\u00fchrung eines Projektes und\/oder zur Professionalisierung und weiteren Organisationsentwicklung.<\/li>\n<li>Der\/Die Antragsteller\/in verf\u00fcgt \u00fcber eine Empfehlung seiner\/ihrer Institution.<\/li>\n<li>Der\/Die Antragsteller\/in verf\u00fcgt \u00fcber sehr gute Deutschkenntnisse sowie praktische Erfahrungen in der Planung und Durchf\u00fchrung von Jugend-, Kultur- oder Medienprojekten.<\/li>\n<\/ul>\n<p><strong>Gastinstitution<\/strong><\/p>\n<ul>\n<li>Die Hospitation ist an einer Gastinstitution in Mittelost-, S\u00fcdosteuropa, den GUS- Staaten sowie in besonderen F\u00e4llen in Deutschland m\u00f6glich.<\/li>\n<li>Die Gastinstitution sollte eine Institution der deutschen Minderheiten sein oder aus deren Umfeld stammen. Bei konkreten Qualifizierungsvorhaben, die in diesem Rahmen nicht m\u00f6glich sind, ist auch eine Hospitation in einer anderen Einrichtung der Kultur-, Medien- oder Jugendarbeit m\u00f6glich.<\/li>\n<\/ul>\n<p><a href=\"http:\/\/www.ifa.de\/foerderung\/integration-und-medien\/hospitationsshyprogramm.html\" target=\"_blank\" rel=\"noopener\">http:\/\/www.ifa.de\/foerderung\/integration-und-medien\/entsendung-und-nachwuchsfoerderung.html<\/a>[\/vc_column_text][\/vc_tta_section][\/vc_tta_tabs][\/vc_column][vc_column width=&#8221;1\/4&#8243;][vc_column_text]<\/p>\n<section class=\"span3\" style=\"margin-top: -22px;\">\n<div class=\"col-left\">\n<div id=\"execphp-2\" class=\"widget m_bottom_25 widget_execphp\">\n<div class=\"execphpwidget\">\n<div id=\"archives-2\" class=\"widget widget_archive kontakt\" style=\"border-color: #1F97FF !important;\">\n<h4 class=\"h4 heading-h4\" style=\"margin-bottom: 0px; text-align: center;\"><a href=\"https:\/\/skgd.pl\/wp-content\/uploads\/2015\/12\/8-IFA.png\" rel=\"attachment wp-att-9474\"><img loading=\"lazy\" decoding=\"async\" class=\"size-full wp-image-9474 aligncenter\" src=\"https:\/\/skgd.pl\/wp-content\/uploads\/2015\/12\/8-IFA.png\" alt=\"8-IFA\" width=\"217\" height=\"120\"><\/a>Kontakt<\/h4>\n<div class=\"kontakt\">\n<p><span style=\"font-size: 14px;\"><strong>Institut f\u00fcr Auslandsbeziehungen<\/strong><\/span><br \/>\n<span style=\"font-size: 14px;\"><strong>Integration und Medien<\/strong><\/span><\/p>\n<p class=\"bodytext\">Charlottenplatz 17<br \/>\nD-70173 Stuttgart<br \/>\nTel. + 49.711.2225.136<br \/>\nFax +49.711.2225.197<br \/>\n<a href=\"mailto:khan@ifa.de\">khan@ifa.de<\/a><\/p>\n<\/div>\n<\/div>\n<\/div>\n<\/div>\n<\/div>\n<\/section>\n<p>[\/vc_column_text][\/vc_column][\/vc_row]<\/p>","protected":false},"excerpt":{"rendered":"<p>[vc_row][vc_column width=&#8221;3\/4&#8243;][vc_tta_tabs active_section=&#8221;1&#8243;][vc_tta_section title=&#8221;Kulturassistentenprogramm&#8221; tab_id=&#8221;ifa-stypendium1&#8243;][vc_column_text] Programmbeschreibung Das Kulturassistentenprogramm f\u00f6rdert Projekte im Kultur-, Jugend- oder Medienbereich von Vereinen, Verb\u00e4nden und Redaktionen der deutschen Minderheiten und deren institutionelle Weiterentwicklung. Dazu werden Stipendien von mindestens sechs Wochen bis maximal sieben Monate f\u00fcr Nachwuchskr\u00e4fte aus den deutschen Minderheiten vergeben. Den Antrag hierf\u00fcr stellen die Organisationen der deutschen Minderheiten. Durch [&hellip;]<\/p>\n","protected":false},"author":1,"featured_media":0,"parent":11364,"menu_order":65,"comment_status":"closed","ping_status":"closed","template":"","meta":{"footnotes":""},"class_list":["post-9363","page","type-page","status-publish","hentry"],"yoast_head":"<!-- This site is optimized with the Yoast SEO plugin v18.9 - https:\/\/yoast.com\/wordpress\/plugins\/seo\/ -->\n<title>IFA - Deutsche Minderheit, Sozial-Kulturelle Gesellschaft der Deutschen im Oppelner Schlesien<\/title>\n<meta name=\"robots\" content=\"index, follow, max-snippet:-1, max-image-preview:large, max-video-preview:-1\" \/>\n<link rel=\"canonical\" href=\"https:\/\/skgd.pl\/de\/granty-i-stypendia\/granty-i-stypendia-tskn\/hospitatationsprogramm-ifa\/\" \/>\n<meta property=\"og:locale\" content=\"de_DE\" \/>\n<meta property=\"og:type\" content=\"article\" \/>\n<meta property=\"og:title\" content=\"IFA - Deutsche Minderheit, Sozial-Kulturelle Gesellschaft der Deutschen im Oppelner Schlesien\" \/>\n<meta property=\"og:description\" content=\"[vc_row][vc_column width=&#8221;3\/4&#8243;][vc_tta_tabs active_section=&#8221;1&#8243;][vc_tta_section title=&#8221;Kulturassistentenprogramm&#8221; tab_id=&#8221;ifa-stypendium1&#8243;][vc_column_text] Programmbeschreibung Das Kulturassistentenprogramm f\u00f6rdert Projekte im Kultur-, Jugend- oder Medienbereich von Vereinen, Verb\u00e4nden und Redaktionen der deutschen Minderheiten und deren institutionelle Weiterentwicklung. Dazu werden Stipendien von mindestens sechs Wochen bis maximal sieben Monate f\u00fcr Nachwuchskr\u00e4fte aus den deutschen Minderheiten vergeben. Den Antrag hierf\u00fcr stellen die Organisationen der deutschen Minderheiten. Durch [&hellip;]\" \/>\n<meta property=\"og:url\" content=\"https:\/\/skgd.pl\/de\/granty-i-stypendia\/granty-i-stypendia-tskn\/hospitatationsprogramm-ifa\/\" \/>\n<meta property=\"og:site_name\" content=\"Deutsche Minderheit, Sozial-Kulturelle Gesellschaft der Deutschen im Oppelner Schlesien\" \/>\n<meta property=\"article:modified_time\" content=\"2019-02-19T10:00:03+00:00\" \/>\n<meta property=\"og:image\" content=\"https:\/\/skgd.pl\/wp-content\/uploads\/2015\/12\/8-IFA.png\" \/>\n<meta name=\"twitter:card\" content=\"summary_large_image\" \/>\n<meta name=\"twitter:label1\" content=\"Gesch\u00e4tzte Lesezeit\" \/>\n\t<meta name=\"twitter:data1\" content=\"8\u00a0Minuten\" \/>\n<script type=\"application\/ld+json\" class=\"yoast-schema-graph\">{\"@context\":\"https:\/\/schema.org\",\"@graph\":[{\"@type\":\"WebSite\",\"@id\":\"https:\/\/skgd.pl\/#website\",\"url\":\"https:\/\/skgd.pl\/\",\"name\":\"Deutsche Minderheit, Sozial-Kulturelle Gesellschaft der Deutschen im Oppelner Schlesien\",\"description\":\"Deutsche Minderheit in Polen\",\"potentialAction\":[{\"@type\":\"SearchAction\",\"target\":{\"@type\":\"EntryPoint\",\"urlTemplate\":\"https:\/\/skgd.pl\/?s={search_term_string}\"},\"query-input\":\"required name=search_term_string\"}],\"inLanguage\":\"de\"},{\"@type\":\"ImageObject\",\"inLanguage\":\"de\",\"@id\":\"https:\/\/skgd.pl\/de\/granty-i-stypendia\/granty-i-stypendia-tskn\/hospitatationsprogramm-ifa\/#primaryimage\",\"url\":\"https:\/\/skgd.pl\/wp-content\/uploads\/2015\/12\/8-IFA.png\",\"contentUrl\":\"https:\/\/skgd.pl\/wp-content\/uploads\/2015\/12\/8-IFA.png\",\"width\":217,\"height\":120},{\"@type\":\"WebPage\",\"@id\":\"https:\/\/skgd.pl\/de\/granty-i-stypendia\/granty-i-stypendia-tskn\/hospitatationsprogramm-ifa\/#webpage\",\"url\":\"https:\/\/skgd.pl\/de\/granty-i-stypendia\/granty-i-stypendia-tskn\/hospitatationsprogramm-ifa\/\",\"name\":\"IFA - Deutsche Minderheit, Sozial-Kulturelle Gesellschaft der Deutschen im Oppelner Schlesien\",\"isPartOf\":{\"@id\":\"https:\/\/skgd.pl\/#website\"},\"primaryImageOfPage\":{\"@id\":\"https:\/\/skgd.pl\/de\/granty-i-stypendia\/granty-i-stypendia-tskn\/hospitatationsprogramm-ifa\/#primaryimage\"},\"datePublished\":\"2015-11-23T13:53:00+00:00\",\"dateModified\":\"2019-02-19T10:00:03+00:00\",\"breadcrumb\":{\"@id\":\"https:\/\/skgd.pl\/de\/granty-i-stypendia\/granty-i-stypendia-tskn\/hospitatationsprogramm-ifa\/#breadcrumb\"},\"inLanguage\":\"de\",\"potentialAction\":[{\"@type\":\"ReadAction\",\"target\":[\"https:\/\/skgd.pl\/de\/granty-i-stypendia\/granty-i-stypendia-tskn\/hospitatationsprogramm-ifa\/\"]}]},{\"@type\":\"BreadcrumbList\",\"@id\":\"https:\/\/skgd.pl\/de\/granty-i-stypendia\/granty-i-stypendia-tskn\/hospitatationsprogramm-ifa\/#breadcrumb\",\"itemListElement\":[{\"@type\":\"ListItem\",\"position\":1,\"name\":\"Strona g\u0142\u00f3wna\",\"item\":\"https:\/\/skgd.pl\/\"},{\"@type\":\"ListItem\",\"position\":2,\"name\":\"Kariera\",\"item\":\"https:\/\/skgd.pl\/granty-i-stypendia\/\"},{\"@type\":\"ListItem\",\"position\":3,\"name\":\"Granty i stypendia\",\"item\":\"https:\/\/skgd.pl\/granty-i-stypendia\/granty-i-stypendia-tskn\/\"},{\"@type\":\"ListItem\",\"position\":4,\"name\":\"IFA\"}]}]}<\/script>\n<!-- \/ Yoast SEO plugin. -->","yoast_head_json":{"title":"IFA - Deutsche Minderheit, Sozial-Kulturelle Gesellschaft der Deutschen im Oppelner Schlesien","robots":{"index":"index","follow":"follow","max-snippet":"max-snippet:-1","max-image-preview":"max-image-preview:large","max-video-preview":"max-video-preview:-1"},"canonical":"https:\/\/skgd.pl\/de\/granty-i-stypendia\/granty-i-stypendia-tskn\/hospitatationsprogramm-ifa\/","og_locale":"de_DE","og_type":"article","og_title":"IFA - Deutsche Minderheit, Sozial-Kulturelle Gesellschaft der Deutschen im Oppelner Schlesien","og_description":"[vc_row][vc_column width=&#8221;3\/4&#8243;][vc_tta_tabs active_section=&#8221;1&#8243;][vc_tta_section title=&#8221;Kulturassistentenprogramm&#8221; tab_id=&#8221;ifa-stypendium1&#8243;][vc_column_text] Programmbeschreibung Das Kulturassistentenprogramm f\u00f6rdert Projekte im Kultur-, Jugend- oder Medienbereich von Vereinen, Verb\u00e4nden und Redaktionen der deutschen Minderheiten und deren institutionelle Weiterentwicklung. Dazu werden Stipendien von mindestens sechs Wochen bis maximal sieben Monate f\u00fcr Nachwuchskr\u00e4fte aus den deutschen Minderheiten vergeben. Den Antrag hierf\u00fcr stellen die Organisationen der deutschen Minderheiten. Durch [&hellip;]","og_url":"https:\/\/skgd.pl\/de\/granty-i-stypendia\/granty-i-stypendia-tskn\/hospitatationsprogramm-ifa\/","og_site_name":"Deutsche Minderheit, Sozial-Kulturelle Gesellschaft der Deutschen im Oppelner Schlesien","article_modified_time":"2019-02-19T10:00:03+00:00","og_image":[{"url":"https:\/\/skgd.pl\/wp-content\/uploads\/2015\/12\/8-IFA.png"}],"twitter_card":"summary_large_image","twitter_misc":{"Gesch\u00e4tzte Lesezeit":"8\u00a0Minuten"},"schema":{"@context":"https:\/\/schema.org","@graph":[{"@type":"WebSite","@id":"https:\/\/skgd.pl\/#website","url":"https:\/\/skgd.pl\/","name":"Deutsche Minderheit, Sozial-Kulturelle Gesellschaft der Deutschen im Oppelner Schlesien","description":"Deutsche Minderheit in Polen","potentialAction":[{"@type":"SearchAction","target":{"@type":"EntryPoint","urlTemplate":"https:\/\/skgd.pl\/?s={search_term_string}"},"query-input":"required name=search_term_string"}],"inLanguage":"de"},{"@type":"ImageObject","inLanguage":"de","@id":"https:\/\/skgd.pl\/de\/granty-i-stypendia\/granty-i-stypendia-tskn\/hospitatationsprogramm-ifa\/#primaryimage","url":"https:\/\/skgd.pl\/wp-content\/uploads\/2015\/12\/8-IFA.png","contentUrl":"https:\/\/skgd.pl\/wp-content\/uploads\/2015\/12\/8-IFA.png","width":217,"height":120},{"@type":"WebPage","@id":"https:\/\/skgd.pl\/de\/granty-i-stypendia\/granty-i-stypendia-tskn\/hospitatationsprogramm-ifa\/#webpage","url":"https:\/\/skgd.pl\/de\/granty-i-stypendia\/granty-i-stypendia-tskn\/hospitatationsprogramm-ifa\/","name":"IFA - Deutsche Minderheit, Sozial-Kulturelle Gesellschaft der Deutschen im Oppelner Schlesien","isPartOf":{"@id":"https:\/\/skgd.pl\/#website"},"primaryImageOfPage":{"@id":"https:\/\/skgd.pl\/de\/granty-i-stypendia\/granty-i-stypendia-tskn\/hospitatationsprogramm-ifa\/#primaryimage"},"datePublished":"2015-11-23T13:53:00+00:00","dateModified":"2019-02-19T10:00:03+00:00","breadcrumb":{"@id":"https:\/\/skgd.pl\/de\/granty-i-stypendia\/granty-i-stypendia-tskn\/hospitatationsprogramm-ifa\/#breadcrumb"},"inLanguage":"de","potentialAction":[{"@type":"ReadAction","target":["https:\/\/skgd.pl\/de\/granty-i-stypendia\/granty-i-stypendia-tskn\/hospitatationsprogramm-ifa\/"]}]},{"@type":"BreadcrumbList","@id":"https:\/\/skgd.pl\/de\/granty-i-stypendia\/granty-i-stypendia-tskn\/hospitatationsprogramm-ifa\/#breadcrumb","itemListElement":[{"@type":"ListItem","position":1,"name":"Strona g\u0142\u00f3wna","item":"https:\/\/skgd.pl\/"},{"@type":"ListItem","position":2,"name":"Kariera","item":"https:\/\/skgd.pl\/granty-i-stypendia\/"},{"@type":"ListItem","position":3,"name":"Granty i stypendia","item":"https:\/\/skgd.pl\/granty-i-stypendia\/granty-i-stypendia-tskn\/"},{"@type":"ListItem","position":4,"name":"IFA"}]}]}},"_links":{"self":[{"href":"https:\/\/skgd.pl\/de\/wp-json\/wp\/v2\/pages\/9363","targetHints":{"allow":["GET"]}}],"collection":[{"href":"https:\/\/skgd.pl\/de\/wp-json\/wp\/v2\/pages"}],"about":[{"href":"https:\/\/skgd.pl\/de\/wp-json\/wp\/v2\/types\/page"}],"author":[{"embeddable":true,"href":"https:\/\/skgd.pl\/de\/wp-json\/wp\/v2\/users\/1"}],"replies":[{"embeddable":true,"href":"https:\/\/skgd.pl\/de\/wp-json\/wp\/v2\/comments?post=9363"}],"version-history":[{"count":22,"href":"https:\/\/skgd.pl\/de\/wp-json\/wp\/v2\/pages\/9363\/revisions"}],"predecessor-version":[{"id":19787,"href":"https:\/\/skgd.pl\/de\/wp-json\/wp\/v2\/pages\/9363\/revisions\/19787"}],"up":[{"embeddable":true,"href":"https:\/\/skgd.pl\/de\/wp-json\/wp\/v2\/pages\/11364"}],"wp:attachment":[{"href":"https:\/\/skgd.pl\/de\/wp-json\/wp\/v2\/media?parent=9363"}],"curies":[{"name":"wp","href":"https:\/\/api.w.org\/{rel}","templated":true}]}}