{"id":9361,"date":"2015-11-23T14:52:37","date_gmt":"2015-11-23T13:52:37","guid":{"rendered":"http:\/\/skgd.pl\/?page_id=9361"},"modified":"2025-03-03T13:51:58","modified_gmt":"2025-03-03T12:51:58","slug":"kas-stypendia","status":"publish","type":"page","link":"https:\/\/skgd.pl\/de\/granty-i-stypendia\/granty-i-stypendia-tskn\/kas-stypendia\/","title":{"rendered":"KAS"},"content":{"rendered":"<p>[vc_row][vc_column width=&#8221;3\/4&#8243;][vc_column_text]<strong>STIPENDIEN<\/strong><\/p>\n<p style=\"text-align: justify;\">Die Begabtenf\u00f6rderung und damit die Unterst\u00fctzung junger Menschen, die sp\u00e4ter zu den F\u00fchrungskr\u00e4ften in ihren L\u00e4ndern geh\u00f6ren, ist ein Herzst\u00fcck der nationalen und internationalen Arbeit der Konrad-Adnauer-Stiftung. Die F\u00f6rderung von Leistungseliten, die ihr Handeln an christlichen und demokratischen Werten orientieren und sozial und politisch engagiert sind, geh\u00f6rt zum Selbstverst\u00e4ndnis der Stiftungsarbeit.<\/p>\n<p style=\"text-align: justify;\">Deshalb vergibt auch das Auslandsb\u00fcro der Konrad-Adenauer-Stiftung in Polen Stipendien an polnische <strong>Hochschulabsolventen und Doktoranden<\/strong>, um ihnen eine Promotion oder einen zus\u00e4tzlichen Hochschulabschluss <strong>in Deutschland<\/strong> zu erm\u00f6glichen. Die Bewerber sollten zum Zeitpunkt der Bewerbung <strong>nicht \u00e4lter als 30 Jahre<\/strong> sein und w\u00e4hrend ihres Studiums durch <strong>\u00fcberdurchschnittliche Studienleistungen<\/strong> sowie durch <strong>soziales oder politisches Engagemet<\/strong> aufgefallen sein. Da die Konrad-Adenauer-Stiftung eine politische Stiftung ist, die sich demokratischen, christlichen und konservativen Werten verpflichtet f\u00fchlt, werden insbesondere Studenten und Doktoranden mit sozialwissenschaftlicher, wirtschaftswissenschaftlicher oder juristischer Ausrichtung gef\u00f6rdert. Die F\u00f6rderung von Absolventen mit medizinischer Ausrichtung ist ausgeschlossen.<\/p>\n<p style=\"text-align: justify;\">Weitere Voraussetzungen und Rahmenbedingungen f\u00fcr eine Bewerbung entnehmen Sie bitte den Richtlinien der Ausl\u00e4nderf\u00f6rderung:<br \/>\n<a href=\"http:\/\/www.kas.de\/upload\/begabtenfoerderung\/auslaender\/RichtlinienAuswahlAusland.pdf\">Richtlinien Ausl\u00e4nderf\u00f6rderung<\/a><br \/>\nHier finden Sie das <a href=\"https:\/\/www.kas.de\/de\/web\/begabtenfoerderung-und-kultur\/auslaenderfoerderung\">Bewerbungsformular<\/a><\/p>\n<p style=\"text-align: justify;\"><span>Das Auswahlverfahren f\u00fcr polnische Hochschulabsolventen findet im dem Warschauer B\u00fcro der Konrad-Adenauer-Stiftung. Die Interessenten aus Polen k\u00f6nnen sich um ein Stipendium der Ausl\u00e4nderf\u00f6rderung im Rahmen Online-Auslandsverfahrens bewerben. Die aktuellen Informationen \u00fcber das Verfahren k\u00f6nnen Interessenten unter www.kas.de\/wf\/de\/42.37\/ finden und werden von hier aus auf das Bewerbungsportal gelenkt. Interessierte Kandidaten werden deshalb gebeten sich mit dem Auslandsb\u00fcro der Konrad-Adenauer-Stiftung in Polen in Verbindung zu setzten. Dort erhalten Sie auch n\u00e4herer Informationen zum Bewerbungsverfahren und ben\u00f6tigten Unterlagen.<\/span><\/p>\n<p><strong>Quelle: <\/strong><a href=\"http:\/\/www.kas.de\/polen\/\"><strong>http:\/\/www.kas.de\/polen\/<\/strong><\/a>[\/vc_column_text][\/vc_column][vc_column width=&#8221;1\/4&#8243;][vc_column_text]<\/p>\n<section class=\"span3\" style=\"margin-top: -22px;\">\n<div class=\"col-left\">\n<div id=\"execphp-2\" class=\"widget m_bottom_25 widget_execphp\">\n<div class=\"execphpwidget\">\n<div id=\"archives-2\" class=\"widget widget_archive kontakt\" style=\"border-color: #1F97FF !important;\">\n<h4 class=\"h4 heading-h4\" style=\"margin-bottom: 0px;\"><a href=\"https:\/\/skgd.pl\/wp-content\/uploads\/2016\/01\/kas_logo.jpg\" rel=\"attachment wp-att-9755\"><img loading=\"lazy\" decoding=\"async\" class=\"wp-image-9755 aligncenter\" src=\"https:\/\/skgd.pl\/wp-content\/uploads\/2016\/01\/kas_logo-300x123.jpg\" alt=\"kas_logo\" width=\"244\" height=\"100\" srcset=\"https:\/\/skgd.pl\/wp-content\/uploads\/2016\/01\/kas_logo-300x123.jpg 300w, https:\/\/skgd.pl\/wp-content\/uploads\/2016\/01\/kas_logo-600x246.jpg 600w, https:\/\/skgd.pl\/wp-content\/uploads\/2016\/01\/kas_logo-768x315.jpg 768w, https:\/\/skgd.pl\/wp-content\/uploads\/2016\/01\/kas_logo-1024x420.jpg 1024w, https:\/\/skgd.pl\/wp-content\/uploads\/2016\/01\/kas_logo-800x328.jpg 800w\" sizes=\"auto, (max-width: 244px) 100vw, 244px\" \/><\/a><\/h4>\n<h4 class=\"h4 heading-h4\" style=\"margin-bottom: 0px; text-align: center;\">Kontakt<\/h4>\n<div class=\"kontakt\">\n<p><strong>Maria Go\u0142\u0119biowska<\/strong><span>:<\/span><br \/>\n<a href=\"mailto:Maria.Golebiowska@kas.pl\">Maria.Golebiowska@kas.pl<\/a><br \/>\n<span>Telefon +48 22 845 93 38<\/span><\/p>\n<p><a href=\"http:\/\/www.kas.de\/polen\/\">http:\/\/www.kas.de\/polen\/<\/a><\/p>\n<\/div>\n<\/div>\n<\/div>\n<\/div>\n<\/div>\n<\/section>\n<p>[\/vc_column_text][\/vc_column][\/vc_row]<\/p>","protected":false},"excerpt":{"rendered":"<p>[vc_row][vc_column width=&#8221;3\/4&#8243;][vc_column_text]STIPENDIEN Die Begabtenf\u00f6rderung und damit die Unterst\u00fctzung junger Menschen, die sp\u00e4ter zu den F\u00fchrungskr\u00e4ften in ihren L\u00e4ndern geh\u00f6ren, ist ein Herzst\u00fcck der nationalen und internationalen Arbeit der Konrad-Adnauer-Stiftung. Die F\u00f6rderung von Leistungseliten, die ihr Handeln an christlichen und demokratischen Werten orientieren und sozial und politisch engagiert sind, geh\u00f6rt zum Selbstverst\u00e4ndnis der Stiftungsarbeit. Deshalb vergibt [&hellip;]<\/p>\n","protected":false},"author":1,"featured_media":0,"parent":11364,"menu_order":66,"comment_status":"closed","ping_status":"closed","template":"","meta":{"footnotes":""},"class_list":["post-9361","page","type-page","status-publish","hentry"],"yoast_head":"<!-- This site is optimized with the Yoast SEO plugin v18.9 - https:\/\/yoast.com\/wordpress\/plugins\/seo\/ -->\n<title>KAS - Deutsche Minderheit, Sozial-Kulturelle Gesellschaft der Deutschen im Oppelner Schlesien<\/title>\n<meta name=\"robots\" content=\"index, follow, max-snippet:-1, max-image-preview:large, max-video-preview:-1\" \/>\n<link rel=\"canonical\" href=\"https:\/\/skgd.pl\/granty-i-stypendia\/granty-i-stypendia-tskn\/kas-stypendia\/\" \/>\n<meta property=\"og:locale\" content=\"de_DE\" \/>\n<meta property=\"og:type\" content=\"article\" \/>\n<meta property=\"og:title\" content=\"KAS - Deutsche Minderheit, Sozial-Kulturelle Gesellschaft der Deutschen im Oppelner Schlesien\" \/>\n<meta property=\"og:description\" content=\"[vc_row][vc_column width=&#8221;3\/4&#8243;][vc_column_text]STIPENDIEN Die Begabtenf\u00f6rderung und damit die Unterst\u00fctzung junger Menschen, die sp\u00e4ter zu den F\u00fchrungskr\u00e4ften in ihren L\u00e4ndern geh\u00f6ren, ist ein Herzst\u00fcck der nationalen und internationalen Arbeit der Konrad-Adnauer-Stiftung. Die F\u00f6rderung von Leistungseliten, die ihr Handeln an christlichen und demokratischen Werten orientieren und sozial und politisch engagiert sind, geh\u00f6rt zum Selbstverst\u00e4ndnis der Stiftungsarbeit. Deshalb vergibt [&hellip;]\" \/>\n<meta property=\"og:url\" content=\"https:\/\/skgd.pl\/granty-i-stypendia\/granty-i-stypendia-tskn\/kas-stypendia\/\" \/>\n<meta property=\"og:site_name\" content=\"Deutsche Minderheit, Sozial-Kulturelle Gesellschaft der Deutschen im Oppelner Schlesien\" \/>\n<meta property=\"article:modified_time\" content=\"2025-03-03T12:51:58+00:00\" \/>\n<meta property=\"og:image\" content=\"https:\/\/skgd.pl\/wp-content\/uploads\/2016\/01\/kas_logo-300x123.jpg\" \/>\n<meta name=\"twitter:card\" content=\"summary_large_image\" \/>\n<meta name=\"twitter:label1\" content=\"Gesch\u00e4tzte Lesezeit\" \/>\n\t<meta name=\"twitter:data1\" content=\"3\u00a0Minuten\" \/>\n<script type=\"application\/ld+json\" class=\"yoast-schema-graph\">{\"@context\":\"https:\/\/schema.org\",\"@graph\":[{\"@type\":\"WebSite\",\"@id\":\"https:\/\/skgd.pl\/#website\",\"url\":\"https:\/\/skgd.pl\/\",\"name\":\"Deutsche Minderheit, Sozial-Kulturelle Gesellschaft der Deutschen im Oppelner Schlesien\",\"description\":\"Deutsche Minderheit in Polen\",\"potentialAction\":[{\"@type\":\"SearchAction\",\"target\":{\"@type\":\"EntryPoint\",\"urlTemplate\":\"https:\/\/skgd.pl\/?s={search_term_string}\"},\"query-input\":\"required name=search_term_string\"}],\"inLanguage\":\"de\"},{\"@type\":\"ImageObject\",\"inLanguage\":\"de\",\"@id\":\"https:\/\/skgd.pl\/granty-i-stypendia\/granty-i-stypendia-tskn\/kas-stypendia\/#primaryimage\",\"url\":\"https:\/\/skgd.pl\/wp-content\/uploads\/2016\/01\/kas_logo-300x123.jpg\",\"contentUrl\":\"https:\/\/skgd.pl\/wp-content\/uploads\/2016\/01\/kas_logo-300x123.jpg\"},{\"@type\":\"WebPage\",\"@id\":\"https:\/\/skgd.pl\/granty-i-stypendia\/granty-i-stypendia-tskn\/kas-stypendia\/#webpage\",\"url\":\"https:\/\/skgd.pl\/granty-i-stypendia\/granty-i-stypendia-tskn\/kas-stypendia\/\",\"name\":\"KAS - Deutsche Minderheit, Sozial-Kulturelle Gesellschaft der Deutschen im Oppelner Schlesien\",\"isPartOf\":{\"@id\":\"https:\/\/skgd.pl\/#website\"},\"primaryImageOfPage\":{\"@id\":\"https:\/\/skgd.pl\/granty-i-stypendia\/granty-i-stypendia-tskn\/kas-stypendia\/#primaryimage\"},\"datePublished\":\"2015-11-23T13:52:37+00:00\",\"dateModified\":\"2025-03-03T12:51:58+00:00\",\"breadcrumb\":{\"@id\":\"https:\/\/skgd.pl\/granty-i-stypendia\/granty-i-stypendia-tskn\/kas-stypendia\/#breadcrumb\"},\"inLanguage\":\"de\",\"potentialAction\":[{\"@type\":\"ReadAction\",\"target\":[\"https:\/\/skgd.pl\/granty-i-stypendia\/granty-i-stypendia-tskn\/kas-stypendia\/\"]}]},{\"@type\":\"BreadcrumbList\",\"@id\":\"https:\/\/skgd.pl\/granty-i-stypendia\/granty-i-stypendia-tskn\/kas-stypendia\/#breadcrumb\",\"itemListElement\":[{\"@type\":\"ListItem\",\"position\":1,\"name\":\"Strona g\u0142\u00f3wna\",\"item\":\"https:\/\/skgd.pl\/\"},{\"@type\":\"ListItem\",\"position\":2,\"name\":\"Kariera\",\"item\":\"https:\/\/skgd.pl\/granty-i-stypendia\/\"},{\"@type\":\"ListItem\",\"position\":3,\"name\":\"Granty i stypendia\",\"item\":\"https:\/\/skgd.pl\/granty-i-stypendia\/granty-i-stypendia-tskn\/\"},{\"@type\":\"ListItem\",\"position\":4,\"name\":\"KAS\"}]}]}<\/script>\n<!-- \/ Yoast SEO plugin. -->","yoast_head_json":{"title":"KAS - Deutsche Minderheit, Sozial-Kulturelle Gesellschaft der Deutschen im Oppelner Schlesien","robots":{"index":"index","follow":"follow","max-snippet":"max-snippet:-1","max-image-preview":"max-image-preview:large","max-video-preview":"max-video-preview:-1"},"canonical":"https:\/\/skgd.pl\/granty-i-stypendia\/granty-i-stypendia-tskn\/kas-stypendia\/","og_locale":"de_DE","og_type":"article","og_title":"KAS - Deutsche Minderheit, Sozial-Kulturelle Gesellschaft der Deutschen im Oppelner Schlesien","og_description":"[vc_row][vc_column width=&#8221;3\/4&#8243;][vc_column_text]STIPENDIEN Die Begabtenf\u00f6rderung und damit die Unterst\u00fctzung junger Menschen, die sp\u00e4ter zu den F\u00fchrungskr\u00e4ften in ihren L\u00e4ndern geh\u00f6ren, ist ein Herzst\u00fcck der nationalen und internationalen Arbeit der Konrad-Adnauer-Stiftung. Die F\u00f6rderung von Leistungseliten, die ihr Handeln an christlichen und demokratischen Werten orientieren und sozial und politisch engagiert sind, geh\u00f6rt zum Selbstverst\u00e4ndnis der Stiftungsarbeit. Deshalb vergibt [&hellip;]","og_url":"https:\/\/skgd.pl\/granty-i-stypendia\/granty-i-stypendia-tskn\/kas-stypendia\/","og_site_name":"Deutsche Minderheit, Sozial-Kulturelle Gesellschaft der Deutschen im Oppelner Schlesien","article_modified_time":"2025-03-03T12:51:58+00:00","og_image":[{"url":"https:\/\/skgd.pl\/wp-content\/uploads\/2016\/01\/kas_logo-300x123.jpg"}],"twitter_card":"summary_large_image","twitter_misc":{"Gesch\u00e4tzte Lesezeit":"3\u00a0Minuten"},"schema":{"@context":"https:\/\/schema.org","@graph":[{"@type":"WebSite","@id":"https:\/\/skgd.pl\/#website","url":"https:\/\/skgd.pl\/","name":"Deutsche Minderheit, Sozial-Kulturelle Gesellschaft der Deutschen im Oppelner Schlesien","description":"Deutsche Minderheit in Polen","potentialAction":[{"@type":"SearchAction","target":{"@type":"EntryPoint","urlTemplate":"https:\/\/skgd.pl\/?s={search_term_string}"},"query-input":"required name=search_term_string"}],"inLanguage":"de"},{"@type":"ImageObject","inLanguage":"de","@id":"https:\/\/skgd.pl\/granty-i-stypendia\/granty-i-stypendia-tskn\/kas-stypendia\/#primaryimage","url":"https:\/\/skgd.pl\/wp-content\/uploads\/2016\/01\/kas_logo-300x123.jpg","contentUrl":"https:\/\/skgd.pl\/wp-content\/uploads\/2016\/01\/kas_logo-300x123.jpg"},{"@type":"WebPage","@id":"https:\/\/skgd.pl\/granty-i-stypendia\/granty-i-stypendia-tskn\/kas-stypendia\/#webpage","url":"https:\/\/skgd.pl\/granty-i-stypendia\/granty-i-stypendia-tskn\/kas-stypendia\/","name":"KAS - Deutsche Minderheit, Sozial-Kulturelle Gesellschaft der Deutschen im Oppelner Schlesien","isPartOf":{"@id":"https:\/\/skgd.pl\/#website"},"primaryImageOfPage":{"@id":"https:\/\/skgd.pl\/granty-i-stypendia\/granty-i-stypendia-tskn\/kas-stypendia\/#primaryimage"},"datePublished":"2015-11-23T13:52:37+00:00","dateModified":"2025-03-03T12:51:58+00:00","breadcrumb":{"@id":"https:\/\/skgd.pl\/granty-i-stypendia\/granty-i-stypendia-tskn\/kas-stypendia\/#breadcrumb"},"inLanguage":"de","potentialAction":[{"@type":"ReadAction","target":["https:\/\/skgd.pl\/granty-i-stypendia\/granty-i-stypendia-tskn\/kas-stypendia\/"]}]},{"@type":"BreadcrumbList","@id":"https:\/\/skgd.pl\/granty-i-stypendia\/granty-i-stypendia-tskn\/kas-stypendia\/#breadcrumb","itemListElement":[{"@type":"ListItem","position":1,"name":"Strona g\u0142\u00f3wna","item":"https:\/\/skgd.pl\/"},{"@type":"ListItem","position":2,"name":"Kariera","item":"https:\/\/skgd.pl\/granty-i-stypendia\/"},{"@type":"ListItem","position":3,"name":"Granty i stypendia","item":"https:\/\/skgd.pl\/granty-i-stypendia\/granty-i-stypendia-tskn\/"},{"@type":"ListItem","position":4,"name":"KAS"}]}]}},"_links":{"self":[{"href":"https:\/\/skgd.pl\/de\/wp-json\/wp\/v2\/pages\/9361","targetHints":{"allow":["GET"]}}],"collection":[{"href":"https:\/\/skgd.pl\/de\/wp-json\/wp\/v2\/pages"}],"about":[{"href":"https:\/\/skgd.pl\/de\/wp-json\/wp\/v2\/types\/page"}],"author":[{"embeddable":true,"href":"https:\/\/skgd.pl\/de\/wp-json\/wp\/v2\/users\/1"}],"replies":[{"embeddable":true,"href":"https:\/\/skgd.pl\/de\/wp-json\/wp\/v2\/comments?post=9361"}],"version-history":[{"count":17,"href":"https:\/\/skgd.pl\/de\/wp-json\/wp\/v2\/pages\/9361\/revisions"}],"predecessor-version":[{"id":36090,"href":"https:\/\/skgd.pl\/de\/wp-json\/wp\/v2\/pages\/9361\/revisions\/36090"}],"up":[{"embeddable":true,"href":"https:\/\/skgd.pl\/de\/wp-json\/wp\/v2\/pages\/11364"}],"wp:attachment":[{"href":"https:\/\/skgd.pl\/de\/wp-json\/wp\/v2\/media?parent=9361"}],"curies":[{"name":"wp","href":"https:\/\/api.w.org\/{rel}","templated":true}]}}