{"id":9357,"date":"2015-11-23T14:51:30","date_gmt":"2015-11-23T13:51:30","guid":{"rendered":"http:\/\/skgd.pl\/?page_id=9357"},"modified":"2025-03-03T14:39:22","modified_gmt":"2025-03-03T13:39:22","slug":"programy-stypendialne-daad","status":"publish","type":"page","link":"https:\/\/skgd.pl\/de\/granty-i-stypendia\/granty-i-stypendia-tskn\/programy-stypendialne-daad\/","title":{"rendered":"Stipendien vom DAAD"},"content":{"rendered":"<p>[vc_row][vc_column width=&#8221;3\/4&#8243;][vc_column_text]Stipendien DAAD<\/p>\n<p><a href=\"https:\/\/www.daad.pl\/de\/foerderung-finden\/stipendien-nach-deutschland\/\"><em><strong>Stipendien nach Deutschland:<\/strong><\/em><\/a><\/p>\n<p><a href=\"https:\/\/www.daad.pl\/de\/foerderung-finden\/stipendien-nach-deutschland\/stipendien-fuer-studierende-und-graduierte\/\">Stipendien f\u00fcr Studierende und Graduierte<\/a><\/p>\n<p><a href=\"https:\/\/www.daad.pl\/de\/foerderung-finden\/stipendien-nach-deutschland\/stipendien-fuer-doktoranden-und-postdocs\/\">Stipendien f\u00fcr Doktoranden und Postdocs<\/a><\/p>\n<p><a href=\"https:\/\/www.daad.pl\/de\/foerderung-finden\/stipendien-nach-deutschland\/stipendien-fuer-hochschullehrer-und-wissenschaftler\/\">Stipendien f\u00fcr Hochschullehrende und Wissenschaftler<\/a><\/p>\n<p><a href=\"https:\/\/www.daad.pl\/de\/foerderung-finden\/stipendien-nach-deutschland\/stipendien-fuer-alumni\/\">Stipendien f\u00fcr Alumni<\/a><\/p>\n<p><a href=\"https:\/\/www.daad.pl\/de\/foerderung-finden\/stipendien-nach-deutschland\/stipendiendatenbank\/\">Stipendiendatenbank<\/a><\/p>\n<p>&nbsp;<\/p>\n<p><em><strong><a href=\"https:\/\/www.daad.pl\/de\/foerderung-finden\/stipendien-nach-polen\/\">Stipendien nach Polen<\/a>:<\/strong><\/em><\/p>\n<p><a href=\"https:\/\/nawa.gov.pl\/en\/nawa-programmes\">Programm NAWA<\/a><\/p>\n<p>&nbsp;<\/p>\n<p><span><span>Vor der Einreichung Ihrer Bewerbung, lesen Sie bitte die allgemeinen Informationen in die Sie auf dieser Website in Form einer Brosch\u00fcre finden: www.daad.pl. <\/span><\/span><\/p>\n<p>&nbsp;[\/vc_column_text][\/vc_column][vc_column width=&#8221;1\/4&#8243;][vc_column_text]<\/p>\n<section class=\"span3\" style=\"margin-top: -22px;\">\n<div class=\"col-left\">\n<div id=\"execphp-2\" class=\"widget m_bottom_25 widget_execphp\">\n<div class=\"execphpwidget\">\n<div id=\"archives-2\" class=\"widget widget_archive kontakt\" style=\"border-color: #1F97FF !important;\">\n<h4 class=\"h4 heading-h4\" style=\"margin-bottom: 0px;\"><a href=\"https:\/\/skgd.pl\/wp-content\/uploads\/2016\/01\/daad_logo.png\" rel=\"attachment wp-att-9753\"><img loading=\"lazy\" decoding=\"async\" class=\"wp-image-9753 aligncenter\" src=\"https:\/\/skgd.pl\/wp-content\/uploads\/2016\/01\/daad_logo-300x77.png\" alt=\"daad_logo\" width=\"250\" height=\"64\" srcset=\"https:\/\/skgd.pl\/wp-content\/uploads\/2016\/01\/daad_logo-300x77.png 300w, https:\/\/skgd.pl\/wp-content\/uploads\/2016\/01\/daad_logo.png 317w\" sizes=\"auto, (max-width: 250px) 100vw, 250px\" \/><\/a><\/h4>\n<h4 class=\"h4 heading-h4\" style=\"margin-bottom: 0px; text-align: center;\">Kontakt<\/h4>\n<div class=\"kontakt\">\n<p><span>DAAD in Warschau<\/span><span>&nbsp;<\/span><\/p>\n<p><span><span>Czeska 24\/2,&nbsp;<\/span><\/span><span><\/span><\/p>\n<p><span><span>03-902 Warszawa<\/span><\/span><span>&nbsp;<\/span><\/p>\n<p><span><span>Tel.: 22\/617 48 47, 22\/616 13 08, fax: 22\/616 12 96,<\/span><\/span><\/p>\n<p><span><span>E-Mail:&nbsp;<a href=\"http:\/\/daad@daad.pl\">daad@daad.pl<\/a><\/span><\/span><\/p>\n<p><span><span>(dr Peter <\/span><\/span><span><span>Hiller<\/span><\/span><span><span>, Katarzyna <\/span><\/span><span><span>Kosylak<\/span><\/span><span><span>, <\/span><\/span><span><span>Mareike<\/span><\/span><span><span> Schmidt, Anna Sowi\u0144ska-<\/span><\/span><span><span>Szejba<\/span><\/span><span><span>, Maria <\/span><span>Szrajber<\/span><span>-Czerwi\u0144ska, \u0141ukasz Wo\u0142osz)<\/span><\/span><span>&nbsp;<\/span><\/p>\n<p><a href=\"https:\/\/www.daad.pl\/pl\/stypendia\/stypendia-do-niemiec\/\">Informacje o stypendiach<\/a><\/p>\n<p><a href=\"http:\/\/www.daad.pl\"><span><span>www.daad.pl<\/span><\/span><\/a><span>&nbsp;<\/span><\/p>\n<\/div>\n<\/div>\n<\/div>\n<\/div>\n<\/div>\n<\/section>\n<p>[\/vc_column_text][\/vc_column][\/vc_row]<\/p>","protected":false},"excerpt":{"rendered":"<p>[vc_row][vc_column width=&#8221;3\/4&#8243;][vc_column_text]Stipendien DAAD Stipendien nach Deutschland: Stipendien f\u00fcr Studierende und Graduierte Stipendien f\u00fcr Doktoranden und Postdocs Stipendien f\u00fcr Hochschullehrende und Wissenschaftler Stipendien f\u00fcr Alumni Stipendiendatenbank &nbsp; Stipendien nach Polen: Programm NAWA &nbsp; Vor der Einreichung Ihrer Bewerbung, lesen Sie bitte die allgemeinen Informationen in die Sie auf dieser Website in Form einer Brosch\u00fcre finden: www.daad.pl. [&hellip;]<\/p>\n","protected":false},"author":1,"featured_media":0,"parent":11364,"menu_order":68,"comment_status":"closed","ping_status":"closed","template":"","meta":{"footnotes":""},"class_list":["post-9357","page","type-page","status-publish","hentry"],"yoast_head":"<!-- This site is optimized with the Yoast SEO plugin v18.9 - https:\/\/yoast.com\/wordpress\/plugins\/seo\/ -->\n<title>Stipendien vom DAAD - Deutsche Minderheit, Sozial-Kulturelle Gesellschaft der Deutschen im Oppelner Schlesien<\/title>\n<meta name=\"robots\" content=\"index, follow, max-snippet:-1, max-image-preview:large, max-video-preview:-1\" \/>\n<link rel=\"canonical\" href=\"https:\/\/skgd.pl\/granty-i-stypendia\/granty-i-stypendia-tskn\/programy-stypendialne-daad\/\" \/>\n<meta property=\"og:locale\" content=\"de_DE\" \/>\n<meta property=\"og:type\" content=\"article\" \/>\n<meta property=\"og:title\" content=\"Stipendien vom DAAD - Deutsche Minderheit, Sozial-Kulturelle Gesellschaft der Deutschen im Oppelner Schlesien\" \/>\n<meta property=\"og:description\" content=\"[vc_row][vc_column width=&#8221;3\/4&#8243;][vc_column_text]Stipendien DAAD Stipendien nach Deutschland: Stipendien f\u00fcr Studierende und Graduierte Stipendien f\u00fcr Doktoranden und Postdocs Stipendien f\u00fcr Hochschullehrende und Wissenschaftler Stipendien f\u00fcr Alumni Stipendiendatenbank &nbsp; Stipendien nach Polen: Programm NAWA &nbsp; Vor der Einreichung Ihrer Bewerbung, lesen Sie bitte die allgemeinen Informationen in die Sie auf dieser Website in Form einer Brosch\u00fcre finden: www.daad.pl. [&hellip;]\" \/>\n<meta property=\"og:url\" content=\"https:\/\/skgd.pl\/granty-i-stypendia\/granty-i-stypendia-tskn\/programy-stypendialne-daad\/\" \/>\n<meta property=\"og:site_name\" content=\"Deutsche Minderheit, Sozial-Kulturelle Gesellschaft der Deutschen im Oppelner Schlesien\" \/>\n<meta property=\"article:modified_time\" content=\"2025-03-03T13:39:22+00:00\" \/>\n<meta property=\"og:image\" content=\"https:\/\/skgd.pl\/wp-content\/uploads\/2016\/01\/daad_logo-300x77.png\" \/>\n<meta name=\"twitter:card\" content=\"summary_large_image\" \/>\n<meta name=\"twitter:label1\" content=\"Gesch\u00e4tzte Lesezeit\" \/>\n\t<meta name=\"twitter:data1\" content=\"1\u00a0Minute\" \/>\n<script type=\"application\/ld+json\" class=\"yoast-schema-graph\">{\"@context\":\"https:\/\/schema.org\",\"@graph\":[{\"@type\":\"WebSite\",\"@id\":\"https:\/\/skgd.pl\/#website\",\"url\":\"https:\/\/skgd.pl\/\",\"name\":\"Deutsche Minderheit, Sozial-Kulturelle Gesellschaft der Deutschen im Oppelner Schlesien\",\"description\":\"Deutsche Minderheit in Polen\",\"potentialAction\":[{\"@type\":\"SearchAction\",\"target\":{\"@type\":\"EntryPoint\",\"urlTemplate\":\"https:\/\/skgd.pl\/?s={search_term_string}\"},\"query-input\":\"required name=search_term_string\"}],\"inLanguage\":\"de\"},{\"@type\":\"ImageObject\",\"inLanguage\":\"de\",\"@id\":\"https:\/\/skgd.pl\/granty-i-stypendia\/granty-i-stypendia-tskn\/programy-stypendialne-daad\/#primaryimage\",\"url\":\"https:\/\/skgd.pl\/wp-content\/uploads\/2016\/01\/daad_logo.png\",\"contentUrl\":\"https:\/\/skgd.pl\/wp-content\/uploads\/2016\/01\/daad_logo.png\",\"width\":317,\"height\":81},{\"@type\":\"WebPage\",\"@id\":\"https:\/\/skgd.pl\/granty-i-stypendia\/granty-i-stypendia-tskn\/programy-stypendialne-daad\/#webpage\",\"url\":\"https:\/\/skgd.pl\/granty-i-stypendia\/granty-i-stypendia-tskn\/programy-stypendialne-daad\/\",\"name\":\"Stipendien vom DAAD - Deutsche Minderheit, Sozial-Kulturelle Gesellschaft der Deutschen im Oppelner Schlesien\",\"isPartOf\":{\"@id\":\"https:\/\/skgd.pl\/#website\"},\"primaryImageOfPage\":{\"@id\":\"https:\/\/skgd.pl\/granty-i-stypendia\/granty-i-stypendia-tskn\/programy-stypendialne-daad\/#primaryimage\"},\"datePublished\":\"2015-11-23T13:51:30+00:00\",\"dateModified\":\"2025-03-03T13:39:22+00:00\",\"breadcrumb\":{\"@id\":\"https:\/\/skgd.pl\/granty-i-stypendia\/granty-i-stypendia-tskn\/programy-stypendialne-daad\/#breadcrumb\"},\"inLanguage\":\"de\",\"potentialAction\":[{\"@type\":\"ReadAction\",\"target\":[\"https:\/\/skgd.pl\/granty-i-stypendia\/granty-i-stypendia-tskn\/programy-stypendialne-daad\/\"]}]},{\"@type\":\"BreadcrumbList\",\"@id\":\"https:\/\/skgd.pl\/granty-i-stypendia\/granty-i-stypendia-tskn\/programy-stypendialne-daad\/#breadcrumb\",\"itemListElement\":[{\"@type\":\"ListItem\",\"position\":1,\"name\":\"Strona g\u0142\u00f3wna\",\"item\":\"https:\/\/skgd.pl\/\"},{\"@type\":\"ListItem\",\"position\":2,\"name\":\"Kariera\",\"item\":\"https:\/\/skgd.pl\/granty-i-stypendia\/\"},{\"@type\":\"ListItem\",\"position\":3,\"name\":\"Granty i stypendia\",\"item\":\"https:\/\/skgd.pl\/granty-i-stypendia\/granty-i-stypendia-tskn\/\"},{\"@type\":\"ListItem\",\"position\":4,\"name\":\"Programy stypendialne DAAD\"}]}]}<\/script>\n<!-- \/ Yoast SEO plugin. -->","yoast_head_json":{"title":"Stipendien vom DAAD - Deutsche Minderheit, Sozial-Kulturelle Gesellschaft der Deutschen im Oppelner Schlesien","robots":{"index":"index","follow":"follow","max-snippet":"max-snippet:-1","max-image-preview":"max-image-preview:large","max-video-preview":"max-video-preview:-1"},"canonical":"https:\/\/skgd.pl\/granty-i-stypendia\/granty-i-stypendia-tskn\/programy-stypendialne-daad\/","og_locale":"de_DE","og_type":"article","og_title":"Stipendien vom DAAD - Deutsche Minderheit, Sozial-Kulturelle Gesellschaft der Deutschen im Oppelner Schlesien","og_description":"[vc_row][vc_column width=&#8221;3\/4&#8243;][vc_column_text]Stipendien DAAD Stipendien nach Deutschland: Stipendien f\u00fcr Studierende und Graduierte Stipendien f\u00fcr Doktoranden und Postdocs Stipendien f\u00fcr Hochschullehrende und Wissenschaftler Stipendien f\u00fcr Alumni Stipendiendatenbank &nbsp; Stipendien nach Polen: Programm NAWA &nbsp; Vor der Einreichung Ihrer Bewerbung, lesen Sie bitte die allgemeinen Informationen in die Sie auf dieser Website in Form einer Brosch\u00fcre finden: www.daad.pl. [&hellip;]","og_url":"https:\/\/skgd.pl\/granty-i-stypendia\/granty-i-stypendia-tskn\/programy-stypendialne-daad\/","og_site_name":"Deutsche Minderheit, Sozial-Kulturelle Gesellschaft der Deutschen im Oppelner Schlesien","article_modified_time":"2025-03-03T13:39:22+00:00","og_image":[{"url":"https:\/\/skgd.pl\/wp-content\/uploads\/2016\/01\/daad_logo-300x77.png"}],"twitter_card":"summary_large_image","twitter_misc":{"Gesch\u00e4tzte Lesezeit":"1\u00a0Minute"},"schema":{"@context":"https:\/\/schema.org","@graph":[{"@type":"WebSite","@id":"https:\/\/skgd.pl\/#website","url":"https:\/\/skgd.pl\/","name":"Deutsche Minderheit, Sozial-Kulturelle Gesellschaft der Deutschen im Oppelner Schlesien","description":"Deutsche Minderheit in Polen","potentialAction":[{"@type":"SearchAction","target":{"@type":"EntryPoint","urlTemplate":"https:\/\/skgd.pl\/?s={search_term_string}"},"query-input":"required name=search_term_string"}],"inLanguage":"de"},{"@type":"ImageObject","inLanguage":"de","@id":"https:\/\/skgd.pl\/granty-i-stypendia\/granty-i-stypendia-tskn\/programy-stypendialne-daad\/#primaryimage","url":"https:\/\/skgd.pl\/wp-content\/uploads\/2016\/01\/daad_logo.png","contentUrl":"https:\/\/skgd.pl\/wp-content\/uploads\/2016\/01\/daad_logo.png","width":317,"height":81},{"@type":"WebPage","@id":"https:\/\/skgd.pl\/granty-i-stypendia\/granty-i-stypendia-tskn\/programy-stypendialne-daad\/#webpage","url":"https:\/\/skgd.pl\/granty-i-stypendia\/granty-i-stypendia-tskn\/programy-stypendialne-daad\/","name":"Stipendien vom DAAD - Deutsche Minderheit, Sozial-Kulturelle Gesellschaft der Deutschen im Oppelner Schlesien","isPartOf":{"@id":"https:\/\/skgd.pl\/#website"},"primaryImageOfPage":{"@id":"https:\/\/skgd.pl\/granty-i-stypendia\/granty-i-stypendia-tskn\/programy-stypendialne-daad\/#primaryimage"},"datePublished":"2015-11-23T13:51:30+00:00","dateModified":"2025-03-03T13:39:22+00:00","breadcrumb":{"@id":"https:\/\/skgd.pl\/granty-i-stypendia\/granty-i-stypendia-tskn\/programy-stypendialne-daad\/#breadcrumb"},"inLanguage":"de","potentialAction":[{"@type":"ReadAction","target":["https:\/\/skgd.pl\/granty-i-stypendia\/granty-i-stypendia-tskn\/programy-stypendialne-daad\/"]}]},{"@type":"BreadcrumbList","@id":"https:\/\/skgd.pl\/granty-i-stypendia\/granty-i-stypendia-tskn\/programy-stypendialne-daad\/#breadcrumb","itemListElement":[{"@type":"ListItem","position":1,"name":"Strona g\u0142\u00f3wna","item":"https:\/\/skgd.pl\/"},{"@type":"ListItem","position":2,"name":"Kariera","item":"https:\/\/skgd.pl\/granty-i-stypendia\/"},{"@type":"ListItem","position":3,"name":"Granty i stypendia","item":"https:\/\/skgd.pl\/granty-i-stypendia\/granty-i-stypendia-tskn\/"},{"@type":"ListItem","position":4,"name":"Programy stypendialne DAAD"}]}]}},"_links":{"self":[{"href":"https:\/\/skgd.pl\/de\/wp-json\/wp\/v2\/pages\/9357","targetHints":{"allow":["GET"]}}],"collection":[{"href":"https:\/\/skgd.pl\/de\/wp-json\/wp\/v2\/pages"}],"about":[{"href":"https:\/\/skgd.pl\/de\/wp-json\/wp\/v2\/types\/page"}],"author":[{"embeddable":true,"href":"https:\/\/skgd.pl\/de\/wp-json\/wp\/v2\/users\/1"}],"replies":[{"embeddable":true,"href":"https:\/\/skgd.pl\/de\/wp-json\/wp\/v2\/comments?post=9357"}],"version-history":[{"count":23,"href":"https:\/\/skgd.pl\/de\/wp-json\/wp\/v2\/pages\/9357\/revisions"}],"predecessor-version":[{"id":36092,"href":"https:\/\/skgd.pl\/de\/wp-json\/wp\/v2\/pages\/9357\/revisions\/36092"}],"up":[{"embeddable":true,"href":"https:\/\/skgd.pl\/de\/wp-json\/wp\/v2\/pages\/11364"}],"wp:attachment":[{"href":"https:\/\/skgd.pl\/de\/wp-json\/wp\/v2\/media?parent=9357"}],"curies":[{"name":"wp","href":"https:\/\/api.w.org\/{rel}","templated":true}]}}