{"id":9353,"date":"2015-11-23T14:50:06","date_gmt":"2015-11-23T13:50:06","guid":{"rendered":"http:\/\/skgd.pl\/?page_id=9353"},"modified":"2016-01-18T09:56:13","modified_gmt":"2016-01-18T08:56:13","slug":"aktywnosc-spoleczna","status":"publish","type":"page","link":"https:\/\/skgd.pl\/de\/dzialalnosc-polityczno-spoleczna\/aktywnosc-spoleczna\/","title":{"rendered":"Gesellschaftliche Aktivit\u00e4t"},"content":{"rendered":"<p>[vc_row][vc_column]<div id=\"feature\"><div class=\"row\"><div class=\"span3\"><ul class=\"resp-tabs-list\"><li>Animateure f\u00fcr Senioren<\/li><li>Seniorencluster<\/li><li>Liste der Ansager\/ Conf\u00e9renciere<\/li><\/ul><\/div><div class=\"span9\"><div class=\"resp-tabs-container\"><div><p style=\"text-align: justify;\"><strong>Animateure f\u00fcr Senioren<\/strong><\/p>\n<p style=\"text-align: justify;\">Die Sozial-Kulturelle Gesellschaft der Deutschen im Oppelner Schlesien in Zusammenarbeit mit CTC Sp. z o.o (GmbH) und Partnern aus \u00d6sterreich realisierte in den Jahren das Projekt 2013-2015 \u201eTransitarbeitspl\u00e4tze \u2013 Import des Unterst\u00fctzungsmodells f\u00fcr besonders sensible Arbeitspl\u00e4tze\u201d. Das Ziel des Projekts ist die Implementierung der \u00f6sterreichischen L\u00f6sungen im Bereich berufliche und soziale Aktivierung f\u00fcr Personen im Alter 50+, die als Seniorenanimateure zugunsten von anderen Senioren aus der Woiwodschaft Oppeln im Bereich F\u00fcrsorge und soziale und gesellschaftliche Aktivierung t\u00e4tig waren.<\/p>\n<p style=\"text-align: justify;\">Ausgebildete Animateure sind gr\u00f6\u00dftenteils DFK-Mitglieder. Ein Teil von ihnen fand eine Besch\u00e4ftigung in Gemeinde\u00e4mtern, Kulturh\u00e4usern, Tagespflegest\u00e4tten, wo sie eben als Animateure arbeiten. Eine von den Frauen wurde selbsst\u00e4ndig, einige leiten immer noch in ihrer Freizeit und unentgeltlich Workshops f\u00fcr Senioren.<\/p>\n<p style=\"text-align: justify;\">Unsere Animateure verf\u00fcgen \u00fcber ein gro\u00dfes Wissen und Erfahrungen im Bereich Leiten von Freizeitbesch\u00e4ftigungen f\u00fcr Senioren: angefangen von rein gesellschaftlichen Treffen, Generationstreffen, sportliche Bet\u00e4tigung, Vorlesungen, Ausfl\u00fcge bis zu manuellen und kulturellen Workshops.<\/p>\n<p style=\"text-align: justify;\">Unten finden Sie eine Liste von Animiatueren, die Sie einstellen k\u00f6nnen samt Informationen zu ihren Fachbereichen.<\/p>\n<ul style=\"text-align: justify;\">\n<li>B\u0119dzie za\u0142\u0105cznik do tego<\/li>\n<\/ul>\n<p style=\"text-align: justify;\">&nbsp;<\/p>\n<\/div><div><p><strong>Seniorencluster&nbsp;&nbsp; <\/strong><\/p>\n<p style=\"text-align: justify;\">Am Montag den 10. M\u00e4rz 2014 wurde im Marschallamt ein Abkommen \u00fcber Zusammenarbeit im Rahmen des Oppelner Seniorenclusters, welchem u.a. die Sozial-Kulturelle Gesellschaft der Deutschen im Oppelner Schlesien angeh\u00f6rt , unterzeichnet.<\/p>\n<p style=\"text-align: justify;\">Partner, die diesen Cluster ins Leben riefen sind: bit Polska Sp. z o.o., Caritas der Di\u00f6zese Oppeln, CTC Polska Sp. z o.o., Staatliche Hochschule f\u00fcr Medizin in Opole, Selbstst\u00e4ndiges \u00d6ffentliches Krankenhauskomplex in Kupp, Sozial-Kulturelle Gesellschaft der Deutschen im Oppelner Schlesien. Die Schirmherrschaft \u00fcbernimmt der Marschall der Woiwodschaft Oppeln und der Oppelner Woiwode, die dem Cluster ebenso angeh\u00f6ren. Die Partnerwahl ist nicht zuf\u00e4llig. Es sind Subjekte, die seit l\u00e4ngerer Zeit im Bereich \u201eSeniorenpolitik\u201d aktiv sind, in verschiedenen Bereichen oder Dienstleistungen t\u00e4tig sind, wie Geriatrie, Pflege und Rehabilitation von Senioren, Ausbildung von Kr\u00e4ften f\u00fcr Medizin und Pflege, Projekt- und Busine\u00dfberatung, Schulungen und Consulting, kulturell-soziale Animation.<\/p>\n<p style=\"text-align: justify;\">Die Aufgabe des Clusters besteht u.a. darin innovative L\u00f6sungen auszuarbeiten, um ein komplexes Angebot in Bereich Gesundheits- und Pflegedienstleistungen f\u00fcr Senioren zu schaffen und diese sowohl f\u00fcr die Bewohner der Woiwodschaft Oppeln als auch Zugereiste zu gew\u00e4hrleitsen.<\/p>\n<p style=\"text-align: justify;\">Die Gr\u00fcndung des Clusters ist der erste Schritt auf dem Weg zur Integration der T\u00e4tigkiet in Bereich Seniorenpolitik auf regionaler Ebene, um langfristig diesen um m\u00f6glichst viele Tr\u00e4ger zu erweitern, die im Bereich Senioren und Diestleistungen f\u00fcr Senioren wirken.<\/p>\n<p style=\"text-align: justify;\">Diese Initiative geh\u00f6rt zum \u201eSeniorenpaket\u201d der Demographischen Sonderzone der Woiwodschaft Oppeln und wird zum wichtigen Werkzeug bei der Umsetzung von manchen Aufgaben. Wir hoffen, dass die Gr\u00fcndung des Clusters zum guten Impuls wird, um die Woiwodschaft Oppeln zu einer \u201eseniorenfreundlichen\u201d Zone zu machen, die gute Lebensbedingungen, Pflege und Verl\u00e4ngerung der Aktivit\u00e4t f\u00fchren.<\/p>\n<p style=\"text-align: justify;\">&nbsp;<\/p>\n<\/div><div><p style=\"text-align: justify;\"><strong>Liste der Ansager\/ Conf\u00e9renciere<\/strong><\/p>\n<p style=\"text-align: justify;\">Beim Veranstalten von verschiedenen Konferenzen, Versammlungen oder Diskussionen taucht immer die Frage auf, wen man mit der Leitung dieser Events beauftragen soll. Diese Funktion \u00fcbernehmen Moderatoren. Sie leiten das Programm, weisen auf wesentliche Fragen hin, sorgen f\u00fcr gute Stimmung und Interesse im Publikum. Deren Pers\u00f6nlichkiet, eine klare und sympathische Pr\u00e4senz sowie Stimme k\u00f6nnen das Publikum verzaubern. Ein professioneller Ansager hilft dabei das Programm der Veranstaltung zusammenstellen und bei dessen Organisierung helfen.<\/p>\n<p style=\"text-align: justify;\">Angesichts dieser Erwartungen verf\u00fcgt die Sozial-kulturelle Gesellschaft der Deutschen im Oppelner Schlesien \u00fcber professionell ausgebildete Conf\u00e9renciere:<\/p>\n<ol style=\"text-align: justify;\">\n<li>Karolina Trela<\/li>\n<li>Anna Namy\u015blik<\/li>\n<li>Zuzanna Herud<\/li>\n<li>Joanna Wicher<\/li>\n<li>Maria Honka<\/li>\n<li>Anna Kurc<\/li>\n<li>Anna Giza<\/li>\n<li>Anna Ludwig-Konieczny<\/li>\n<li>Miriam Brandt<\/li>\n<li>Dominika Bassek<\/li>\n<li>Natalia Jasik<\/li>\n<li>Natalia Czicho\u0144<\/li>\n<\/ol>\n<\/div><\/div><\/div><\/div><\/div>[\/vc_column][\/vc_row]<\/p>","protected":false},"excerpt":{"rendered":"<p>[vc_row][vc_column][\/vc_column][\/vc_row]<\/p>\n","protected":false},"author":1,"featured_media":0,"parent":9342,"menu_order":73,"comment_status":"closed","ping_status":"closed","template":"","meta":{"footnotes":""},"class_list":["post-9353","page","type-page","status-publish","hentry"],"yoast_head":"<!-- This site is optimized with the Yoast SEO plugin v18.9 - https:\/\/yoast.com\/wordpress\/plugins\/seo\/ -->\n<title>Gesellschaftliche Aktivit\u00e4t - Deutsche Minderheit, Sozial-Kulturelle Gesellschaft der Deutschen im Oppelner Schlesien<\/title>\n<meta name=\"robots\" content=\"index, follow, max-snippet:-1, max-image-preview:large, max-video-preview:-1\" \/>\n<link rel=\"canonical\" href=\"https:\/\/skgd.pl\/dzialalnosc-polityczno-spoleczna\/aktywnosc-spoleczna\/\" \/>\n<meta property=\"og:locale\" content=\"de_DE\" \/>\n<meta property=\"og:type\" content=\"article\" \/>\n<meta property=\"og:title\" content=\"Gesellschaftliche Aktivit\u00e4t - Deutsche Minderheit, Sozial-Kulturelle Gesellschaft der Deutschen im Oppelner Schlesien\" \/>\n<meta property=\"og:description\" content=\"[vc_row][vc_column][\/vc_column][\/vc_row]\" \/>\n<meta property=\"og:url\" content=\"https:\/\/skgd.pl\/dzialalnosc-polityczno-spoleczna\/aktywnosc-spoleczna\/\" \/>\n<meta property=\"og:site_name\" content=\"Deutsche Minderheit, Sozial-Kulturelle Gesellschaft der Deutschen im Oppelner Schlesien\" \/>\n<meta property=\"article:modified_time\" content=\"2016-01-18T08:56:13+00:00\" \/>\n<meta name=\"twitter:card\" content=\"summary_large_image\" \/>\n<meta name=\"twitter:label1\" content=\"Gesch\u00e4tzte Lesezeit\" \/>\n\t<meta name=\"twitter:data1\" content=\"7\u00a0Minuten\" \/>\n<script type=\"application\/ld+json\" class=\"yoast-schema-graph\">{\"@context\":\"https:\/\/schema.org\",\"@graph\":[{\"@type\":\"WebSite\",\"@id\":\"https:\/\/skgd.pl\/#website\",\"url\":\"https:\/\/skgd.pl\/\",\"name\":\"Deutsche Minderheit, Sozial-Kulturelle Gesellschaft der Deutschen im Oppelner Schlesien\",\"description\":\"Deutsche Minderheit in Polen\",\"potentialAction\":[{\"@type\":\"SearchAction\",\"target\":{\"@type\":\"EntryPoint\",\"urlTemplate\":\"https:\/\/skgd.pl\/?s={search_term_string}\"},\"query-input\":\"required name=search_term_string\"}],\"inLanguage\":\"de\"},{\"@type\":\"WebPage\",\"@id\":\"https:\/\/skgd.pl\/dzialalnosc-polityczno-spoleczna\/aktywnosc-spoleczna\/#webpage\",\"url\":\"https:\/\/skgd.pl\/dzialalnosc-polityczno-spoleczna\/aktywnosc-spoleczna\/\",\"name\":\"Gesellschaftliche Aktivit\u00e4t - Deutsche Minderheit, Sozial-Kulturelle Gesellschaft der Deutschen im Oppelner Schlesien\",\"isPartOf\":{\"@id\":\"https:\/\/skgd.pl\/#website\"},\"datePublished\":\"2015-11-23T13:50:06+00:00\",\"dateModified\":\"2016-01-18T08:56:13+00:00\",\"breadcrumb\":{\"@id\":\"https:\/\/skgd.pl\/dzialalnosc-polityczno-spoleczna\/aktywnosc-spoleczna\/#breadcrumb\"},\"inLanguage\":\"de\",\"potentialAction\":[{\"@type\":\"ReadAction\",\"target\":[\"https:\/\/skgd.pl\/dzialalnosc-polityczno-spoleczna\/aktywnosc-spoleczna\/\"]}]},{\"@type\":\"BreadcrumbList\",\"@id\":\"https:\/\/skgd.pl\/dzialalnosc-polityczno-spoleczna\/aktywnosc-spoleczna\/#breadcrumb\",\"itemListElement\":[{\"@type\":\"ListItem\",\"position\":1,\"name\":\"Strona g\u0142\u00f3wna\",\"item\":\"https:\/\/skgd.pl\/\"},{\"@type\":\"ListItem\",\"position\":2,\"name\":\"Gesellschaftliche T\u00e4tigkeit\",\"item\":\"https:\/\/skgd.pl\/de\/dzialalnosc-polityczno-spoleczna\/\"},{\"@type\":\"ListItem\",\"position\":3,\"name\":\"Aktywno\u015b\u0107 spo\u0142eczna\"}]}]}<\/script>\n<!-- \/ Yoast SEO plugin. -->","yoast_head_json":{"title":"Gesellschaftliche Aktivit\u00e4t - Deutsche Minderheit, Sozial-Kulturelle Gesellschaft der Deutschen im Oppelner Schlesien","robots":{"index":"index","follow":"follow","max-snippet":"max-snippet:-1","max-image-preview":"max-image-preview:large","max-video-preview":"max-video-preview:-1"},"canonical":"https:\/\/skgd.pl\/dzialalnosc-polityczno-spoleczna\/aktywnosc-spoleczna\/","og_locale":"de_DE","og_type":"article","og_title":"Gesellschaftliche Aktivit\u00e4t - Deutsche Minderheit, Sozial-Kulturelle Gesellschaft der Deutschen im Oppelner Schlesien","og_description":"[vc_row][vc_column][\/vc_column][\/vc_row]","og_url":"https:\/\/skgd.pl\/dzialalnosc-polityczno-spoleczna\/aktywnosc-spoleczna\/","og_site_name":"Deutsche Minderheit, Sozial-Kulturelle Gesellschaft der Deutschen im Oppelner Schlesien","article_modified_time":"2016-01-18T08:56:13+00:00","twitter_card":"summary_large_image","twitter_misc":{"Gesch\u00e4tzte Lesezeit":"7\u00a0Minuten"},"schema":{"@context":"https:\/\/schema.org","@graph":[{"@type":"WebSite","@id":"https:\/\/skgd.pl\/#website","url":"https:\/\/skgd.pl\/","name":"Deutsche Minderheit, Sozial-Kulturelle Gesellschaft der Deutschen im Oppelner Schlesien","description":"Deutsche Minderheit in Polen","potentialAction":[{"@type":"SearchAction","target":{"@type":"EntryPoint","urlTemplate":"https:\/\/skgd.pl\/?s={search_term_string}"},"query-input":"required name=search_term_string"}],"inLanguage":"de"},{"@type":"WebPage","@id":"https:\/\/skgd.pl\/dzialalnosc-polityczno-spoleczna\/aktywnosc-spoleczna\/#webpage","url":"https:\/\/skgd.pl\/dzialalnosc-polityczno-spoleczna\/aktywnosc-spoleczna\/","name":"Gesellschaftliche Aktivit\u00e4t - Deutsche Minderheit, Sozial-Kulturelle Gesellschaft der Deutschen im Oppelner Schlesien","isPartOf":{"@id":"https:\/\/skgd.pl\/#website"},"datePublished":"2015-11-23T13:50:06+00:00","dateModified":"2016-01-18T08:56:13+00:00","breadcrumb":{"@id":"https:\/\/skgd.pl\/dzialalnosc-polityczno-spoleczna\/aktywnosc-spoleczna\/#breadcrumb"},"inLanguage":"de","potentialAction":[{"@type":"ReadAction","target":["https:\/\/skgd.pl\/dzialalnosc-polityczno-spoleczna\/aktywnosc-spoleczna\/"]}]},{"@type":"BreadcrumbList","@id":"https:\/\/skgd.pl\/dzialalnosc-polityczno-spoleczna\/aktywnosc-spoleczna\/#breadcrumb","itemListElement":[{"@type":"ListItem","position":1,"name":"Strona g\u0142\u00f3wna","item":"https:\/\/skgd.pl\/"},{"@type":"ListItem","position":2,"name":"Gesellschaftliche T\u00e4tigkeit","item":"https:\/\/skgd.pl\/de\/dzialalnosc-polityczno-spoleczna\/"},{"@type":"ListItem","position":3,"name":"Aktywno\u015b\u0107 spo\u0142eczna"}]}]}},"_links":{"self":[{"href":"https:\/\/skgd.pl\/de\/wp-json\/wp\/v2\/pages\/9353","targetHints":{"allow":["GET"]}}],"collection":[{"href":"https:\/\/skgd.pl\/de\/wp-json\/wp\/v2\/pages"}],"about":[{"href":"https:\/\/skgd.pl\/de\/wp-json\/wp\/v2\/types\/page"}],"author":[{"embeddable":true,"href":"https:\/\/skgd.pl\/de\/wp-json\/wp\/v2\/users\/1"}],"replies":[{"embeddable":true,"href":"https:\/\/skgd.pl\/de\/wp-json\/wp\/v2\/comments?post=9353"}],"version-history":[{"count":5,"href":"https:\/\/skgd.pl\/de\/wp-json\/wp\/v2\/pages\/9353\/revisions"}],"predecessor-version":[{"id":9958,"href":"https:\/\/skgd.pl\/de\/wp-json\/wp\/v2\/pages\/9353\/revisions\/9958"}],"up":[{"embeddable":true,"href":"https:\/\/skgd.pl\/de\/wp-json\/wp\/v2\/pages\/9342"}],"wp:attachment":[{"href":"https:\/\/skgd.pl\/de\/wp-json\/wp\/v2\/media?parent=9353"}],"curies":[{"name":"wp","href":"https:\/\/api.w.org\/{rel}","templated":true}]}}