{"id":9340,"date":"2015-11-23T14:39:17","date_gmt":"2015-11-23T13:39:17","guid":{"rendered":"http:\/\/skgd.pl\/?page_id=9340"},"modified":"2025-01-02T21:26:28","modified_gmt":"2025-01-02T20:26:28","slug":"msze-w-jezyku-niemieckim","status":"publish","type":"page","link":"https:\/\/skgd.pl\/de\/dzialalnosc-kulturalno-oswiatowa\/msze-w-jezyku-niemieckim\/","title":{"rendered":"Gottesdienste in deutscher Sprache und Pilgerfahrten"},"content":{"rendered":"<p>[vc_row][vc_column width=&#8221;3\/4&#8243;][vc_column_text]<\/p>\n<p style=\"text-align: justify;\" align=\"LEFT\"><span size=\"3\"><span color=\"#373e4d\"><span face=\"helvetica, arial, sans-serif\">Ein wichtiges Element zur Aufrechterhaltung der Identit\u00e4t sind Messen und Andachten in deutscher Sprache \u2013 auch Sprache des Herzens genannt. Deutsche Messen sind f\u00fcr die \u00e4ltere Generation von besonderer Bedeutung, doch in deren Vorbereitung und Verlauf sind auch Kinder und Jugendliche involviert.<\/span><\/span><\/span><\/p>\n<p style=\"text-align: justify;\">Ein Verzeichnis der zweisprachigen Gottesdienste kann man <a href=\"https:\/\/skgd.pl\/wp-content\/uploads\/2024\/05\/Msze-Sw-niem-2020-1.xlsx\" target=\"_blank\" rel=\"noopener noreferrer\">HIER <\/a>finden (2020 letzte Aktualisierung).<\/p>\n<p style=\"text-align: justify;\" align=\"LEFT\"><span size=\"3\"><span color=\"#373e4d\"><span face=\"helvetica, arial, sans-serif\">All denjenigen, die sich um die Heiligen Messen in der deutschen Sprache sorgen, empfehlen wir die&nbsp; <\/span><\/span><\/span><a href=\"https:\/\/www.diecezja.opole.pl\/index.php\/component\/content\/article\/44-duszpasterskie\/1498-mniejszosci-narodowych\">Statuten zum Thema Seelsorge der Nationalen Minderheiten<\/a> zu lesen.<\/p>\n<p style=\"text-align: justify;\" align=\"LEFT\"><span size=\"3\"><span color=\"#373e4d\"><span face=\"helvetica, arial, sans-serif\">Seelsorger der Nationalen Minderheiten in der Di\u00f6zese Oppeln ist Pfarrer Piotr Tarli\u0144ski.<\/span><\/span><\/span><\/p>\n<p style=\"text-align: justify;\" align=\"LEFT\"><span size=\"3\"><span color=\"#373e4d\"><span face=\"helvetica, arial, sans-serif\">Auch Pilgerfahrten wurden zum st\u00e4ndigen Bestandteil der Aufrechterhaltung der Mitglieder der deutschen Minderheit. Sie werden jedes Jahr vom VdG organisiert. Traditionell pilgern Deutsche in Polen jedes Jahr ab Juni bis September zu f\u00fcnf Pilgerst\u00e4tten: <\/span><\/span><\/span><\/p>\n<ul style=\"text-align: justify;\">\n<li>Sankt Annaberg (Woiwodschaft Oppeln) &#8211; Juni,<\/li>\n<li>Wartha (Woiwodschaft Niederschlesien)-Juli,<\/li>\n<li>Albendorf (Woiwodschaft Niederschlesien)- August,<\/li>\n<li>Zuckmantel\/Maria Hilf (Tschchische Republik)- September,<\/li>\n<li>Trebnitz (Woiwodschaft Niederschlesien)-November.<\/li>\n<\/ul>\n<p style=\"text-align: justify;\" align=\"LEFT\"><span size=\"3\"><span color=\"#373e4d\"><span face=\"helvetica, arial, sans-serif\">Alle diese Orte sind unmittelbar mit der deutschen und christlichen Tradition verbunden, und alle aktuellen Informationen zu diesem Thema erhalten sie auf der Internetseite des VdG.<\/span><\/span> <\/span><\/p>\n<p>[\/vc_column_text][\/vc_column][vc_column width=&#8221;1\/4&#8243;][vc_column_text]<\/p>\n<section class=\"span3\" style=\"margin-top: -22px;\">\n<div class=\"col-left\">\n<div id=\"execphp-2\" class=\"widget m_bottom_25 widget_execphp\">\n<div class=\"execphpwidget\">\n<div id=\"archives-2\" class=\"widget widget_archive kontakt\" style=\"border-color: #1F97FF !important;\">\n<h4 class=\"h4 heading-h4\" style=\"margin-bottom: 0px; text-align: center;\">Kontakt<\/h4>\n<div class=\"kontakt\">\n<div class=\"kontakt\">\n<p><b>Duszpasterz MNiEt<br \/>\nKs. Piotr Tarlinski \u2013 wikariusz biskupi<\/b><\/p>\n<p><span>Tel.: (0048) 77 44 11 337<\/span><br \/>\n<span>E-mail: <a href=\"mailto:kontakt@duszpasterstwo-mne.pl\">kontakt@duszpasterstwo-mne.pl<\/a><\/span><\/p>\n<p>Mehr auch hier: <a href=\"https:\/\/duszpasterstwo-mne.pl\/\">https:\/\/duszpasterstwo-mne.pl\/<\/a><\/p>\n<\/div>\n<\/div>\n<\/div>\n<\/div>\n<\/div>\n<\/div>\n<\/section>\n<p>[\/vc_column_text][\/vc_column][\/vc_row]<\/p>","protected":false},"excerpt":{"rendered":"<p>[vc_row][vc_column width=&#8221;3\/4&#8243;][vc_column_text] Ein wichtiges Element zur Aufrechterhaltung der Identit\u00e4t sind Messen und Andachten in deutscher Sprache \u2013 auch Sprache des Herzens genannt. Deutsche Messen sind f\u00fcr die \u00e4ltere Generation von besonderer Bedeutung, doch in deren Vorbereitung und Verlauf sind auch Kinder und Jugendliche involviert. Ein Verzeichnis der zweisprachigen Gottesdienste kann man HIER finden (2020 letzte [&hellip;]<\/p>\n","protected":false},"author":1,"featured_media":0,"parent":9331,"menu_order":79,"comment_status":"closed","ping_status":"closed","template":"","meta":{"footnotes":""},"class_list":["post-9340","page","type-page","status-publish","hentry"],"yoast_head":"<!-- This site is optimized with the Yoast SEO plugin v18.9 - https:\/\/yoast.com\/wordpress\/plugins\/seo\/ -->\n<title>Gottesdienste in deutscher Sprache und Pilgerfahrten - Deutsche Minderheit, Sozial-Kulturelle Gesellschaft der Deutschen im Oppelner Schlesien<\/title>\n<meta name=\"robots\" content=\"index, follow, max-snippet:-1, max-image-preview:large, max-video-preview:-1\" \/>\n<link rel=\"canonical\" href=\"https:\/\/skgd.pl\/dzialalnosc-kulturalno-oswiatowa\/msze-w-jezyku-niemieckim\/\" \/>\n<meta property=\"og:locale\" content=\"de_DE\" \/>\n<meta property=\"og:type\" content=\"article\" \/>\n<meta property=\"og:title\" content=\"Gottesdienste in deutscher Sprache und Pilgerfahrten - Deutsche Minderheit, Sozial-Kulturelle Gesellschaft der Deutschen im Oppelner Schlesien\" \/>\n<meta property=\"og:description\" content=\"[vc_row][vc_column width=&#8221;3\/4&#8243;][vc_column_text] Ein wichtiges Element zur Aufrechterhaltung der Identit\u00e4t sind Messen und Andachten in deutscher Sprache \u2013 auch Sprache des Herzens genannt. Deutsche Messen sind f\u00fcr die \u00e4ltere Generation von besonderer Bedeutung, doch in deren Vorbereitung und Verlauf sind auch Kinder und Jugendliche involviert. Ein Verzeichnis der zweisprachigen Gottesdienste kann man HIER finden (2020 letzte [&hellip;]\" \/>\n<meta property=\"og:url\" content=\"https:\/\/skgd.pl\/dzialalnosc-kulturalno-oswiatowa\/msze-w-jezyku-niemieckim\/\" \/>\n<meta property=\"og:site_name\" content=\"Deutsche Minderheit, Sozial-Kulturelle Gesellschaft der Deutschen im Oppelner Schlesien\" \/>\n<meta property=\"article:modified_time\" content=\"2025-01-02T20:26:28+00:00\" \/>\n<meta name=\"twitter:card\" content=\"summary_large_image\" \/>\n<meta name=\"twitter:label1\" content=\"Gesch\u00e4tzte Lesezeit\" \/>\n\t<meta name=\"twitter:data1\" content=\"2\u00a0Minuten\" \/>\n<script type=\"application\/ld+json\" class=\"yoast-schema-graph\">{\"@context\":\"https:\/\/schema.org\",\"@graph\":[{\"@type\":\"WebSite\",\"@id\":\"https:\/\/skgd.pl\/#website\",\"url\":\"https:\/\/skgd.pl\/\",\"name\":\"Deutsche Minderheit, Sozial-Kulturelle Gesellschaft der Deutschen im Oppelner Schlesien\",\"description\":\"Deutsche Minderheit in Polen\",\"potentialAction\":[{\"@type\":\"SearchAction\",\"target\":{\"@type\":\"EntryPoint\",\"urlTemplate\":\"https:\/\/skgd.pl\/?s={search_term_string}\"},\"query-input\":\"required name=search_term_string\"}],\"inLanguage\":\"de\"},{\"@type\":\"WebPage\",\"@id\":\"https:\/\/skgd.pl\/dzialalnosc-kulturalno-oswiatowa\/msze-w-jezyku-niemieckim\/#webpage\",\"url\":\"https:\/\/skgd.pl\/dzialalnosc-kulturalno-oswiatowa\/msze-w-jezyku-niemieckim\/\",\"name\":\"Gottesdienste in deutscher Sprache und Pilgerfahrten - Deutsche Minderheit, Sozial-Kulturelle Gesellschaft der Deutschen im Oppelner Schlesien\",\"isPartOf\":{\"@id\":\"https:\/\/skgd.pl\/#website\"},\"datePublished\":\"2015-11-23T13:39:17+00:00\",\"dateModified\":\"2025-01-02T20:26:28+00:00\",\"breadcrumb\":{\"@id\":\"https:\/\/skgd.pl\/dzialalnosc-kulturalno-oswiatowa\/msze-w-jezyku-niemieckim\/#breadcrumb\"},\"inLanguage\":\"de\",\"potentialAction\":[{\"@type\":\"ReadAction\",\"target\":[\"https:\/\/skgd.pl\/dzialalnosc-kulturalno-oswiatowa\/msze-w-jezyku-niemieckim\/\"]}]},{\"@type\":\"BreadcrumbList\",\"@id\":\"https:\/\/skgd.pl\/dzialalnosc-kulturalno-oswiatowa\/msze-w-jezyku-niemieckim\/#breadcrumb\",\"itemListElement\":[{\"@type\":\"ListItem\",\"position\":1,\"name\":\"Strona g\u0142\u00f3wna\",\"item\":\"https:\/\/skgd.pl\/\"},{\"@type\":\"ListItem\",\"position\":2,\"name\":\"Dzia\u0142alno\u015b\u0107 kulturalno &#8211; o\u015bwiatowa\",\"item\":\"https:\/\/skgd.pl\/dzialalnosc-kulturalno-oswiatowa\/\"},{\"@type\":\"ListItem\",\"position\":3,\"name\":\"Msze w j\u0119zyku niemieckim\"}]}]}<\/script>\n<!-- \/ Yoast SEO plugin. -->","yoast_head_json":{"title":"Gottesdienste in deutscher Sprache und Pilgerfahrten - Deutsche Minderheit, Sozial-Kulturelle Gesellschaft der Deutschen im Oppelner Schlesien","robots":{"index":"index","follow":"follow","max-snippet":"max-snippet:-1","max-image-preview":"max-image-preview:large","max-video-preview":"max-video-preview:-1"},"canonical":"https:\/\/skgd.pl\/dzialalnosc-kulturalno-oswiatowa\/msze-w-jezyku-niemieckim\/","og_locale":"de_DE","og_type":"article","og_title":"Gottesdienste in deutscher Sprache und Pilgerfahrten - Deutsche Minderheit, Sozial-Kulturelle Gesellschaft der Deutschen im Oppelner Schlesien","og_description":"[vc_row][vc_column width=&#8221;3\/4&#8243;][vc_column_text] Ein wichtiges Element zur Aufrechterhaltung der Identit\u00e4t sind Messen und Andachten in deutscher Sprache \u2013 auch Sprache des Herzens genannt. Deutsche Messen sind f\u00fcr die \u00e4ltere Generation von besonderer Bedeutung, doch in deren Vorbereitung und Verlauf sind auch Kinder und Jugendliche involviert. Ein Verzeichnis der zweisprachigen Gottesdienste kann man HIER finden (2020 letzte [&hellip;]","og_url":"https:\/\/skgd.pl\/dzialalnosc-kulturalno-oswiatowa\/msze-w-jezyku-niemieckim\/","og_site_name":"Deutsche Minderheit, Sozial-Kulturelle Gesellschaft der Deutschen im Oppelner Schlesien","article_modified_time":"2025-01-02T20:26:28+00:00","twitter_card":"summary_large_image","twitter_misc":{"Gesch\u00e4tzte Lesezeit":"2\u00a0Minuten"},"schema":{"@context":"https:\/\/schema.org","@graph":[{"@type":"WebSite","@id":"https:\/\/skgd.pl\/#website","url":"https:\/\/skgd.pl\/","name":"Deutsche Minderheit, Sozial-Kulturelle Gesellschaft der Deutschen im Oppelner Schlesien","description":"Deutsche Minderheit in Polen","potentialAction":[{"@type":"SearchAction","target":{"@type":"EntryPoint","urlTemplate":"https:\/\/skgd.pl\/?s={search_term_string}"},"query-input":"required name=search_term_string"}],"inLanguage":"de"},{"@type":"WebPage","@id":"https:\/\/skgd.pl\/dzialalnosc-kulturalno-oswiatowa\/msze-w-jezyku-niemieckim\/#webpage","url":"https:\/\/skgd.pl\/dzialalnosc-kulturalno-oswiatowa\/msze-w-jezyku-niemieckim\/","name":"Gottesdienste in deutscher Sprache und Pilgerfahrten - Deutsche Minderheit, Sozial-Kulturelle Gesellschaft der Deutschen im Oppelner Schlesien","isPartOf":{"@id":"https:\/\/skgd.pl\/#website"},"datePublished":"2015-11-23T13:39:17+00:00","dateModified":"2025-01-02T20:26:28+00:00","breadcrumb":{"@id":"https:\/\/skgd.pl\/dzialalnosc-kulturalno-oswiatowa\/msze-w-jezyku-niemieckim\/#breadcrumb"},"inLanguage":"de","potentialAction":[{"@type":"ReadAction","target":["https:\/\/skgd.pl\/dzialalnosc-kulturalno-oswiatowa\/msze-w-jezyku-niemieckim\/"]}]},{"@type":"BreadcrumbList","@id":"https:\/\/skgd.pl\/dzialalnosc-kulturalno-oswiatowa\/msze-w-jezyku-niemieckim\/#breadcrumb","itemListElement":[{"@type":"ListItem","position":1,"name":"Strona g\u0142\u00f3wna","item":"https:\/\/skgd.pl\/"},{"@type":"ListItem","position":2,"name":"Dzia\u0142alno\u015b\u0107 kulturalno &#8211; o\u015bwiatowa","item":"https:\/\/skgd.pl\/dzialalnosc-kulturalno-oswiatowa\/"},{"@type":"ListItem","position":3,"name":"Msze w j\u0119zyku niemieckim"}]}]}},"_links":{"self":[{"href":"https:\/\/skgd.pl\/de\/wp-json\/wp\/v2\/pages\/9340","targetHints":{"allow":["GET"]}}],"collection":[{"href":"https:\/\/skgd.pl\/de\/wp-json\/wp\/v2\/pages"}],"about":[{"href":"https:\/\/skgd.pl\/de\/wp-json\/wp\/v2\/types\/page"}],"author":[{"embeddable":true,"href":"https:\/\/skgd.pl\/de\/wp-json\/wp\/v2\/users\/1"}],"replies":[{"embeddable":true,"href":"https:\/\/skgd.pl\/de\/wp-json\/wp\/v2\/comments?post=9340"}],"version-history":[{"count":29,"href":"https:\/\/skgd.pl\/de\/wp-json\/wp\/v2\/pages\/9340\/revisions"}],"predecessor-version":[{"id":35646,"href":"https:\/\/skgd.pl\/de\/wp-json\/wp\/v2\/pages\/9340\/revisions\/35646"}],"up":[{"embeddable":true,"href":"https:\/\/skgd.pl\/de\/wp-json\/wp\/v2\/pages\/9331"}],"wp:attachment":[{"href":"https:\/\/skgd.pl\/de\/wp-json\/wp\/v2\/media?parent=9340"}],"curies":[{"name":"wp","href":"https:\/\/api.w.org\/{rel}","templated":true}]}}