{"id":9333,"date":"2015-11-23T14:29:28","date_gmt":"2015-11-23T13:29:28","guid":{"rendered":"http:\/\/skgd.pl\/?page_id=9333"},"modified":"2025-01-24T20:33:22","modified_gmt":"2025-01-24T19:33:22","slug":"projekty-kulturalne-tskn","status":"publish","type":"page","link":"https:\/\/skgd.pl\/de\/dzialalnosc-kulturalno-oswiatowa\/projekty-kulturalne-tskn\/","title":{"rendered":"Kulturprojekte der SKGD"},"content":{"rendered":"<p>[vc_row][vc_column width=&#8221;1\/4&#8243;][vc_column_text]<div class=\"list-landing\"><span class=\"dropcap\"><i class=\"fa fa-star-o\"><\/i><\/span><div class=\"overflow\"><h4 class=\"h4\"><a href=\"https:\/\/skgd.pl\/dzialalnosc-kulturalno-oswiatowa\/dni-kultury-niemieckiej-na-slasku-opolskim\/\">Deutsche Kulturtage im Oppelner Schlesien<\/a><\/h4><p><\/p><\/div><\/div>[\/vc_column_text][\/vc_column][vc_column width=&#8221;1\/4&#8243;][vc_column_text]<div class=\"list-landing\"><span class=\"dropcap\"><i class=\"fa fa-star-o\"><\/i><\/span><div class=\"overflow\"><h4 class=\"h4\"><a href=\"https:\/\/skgd.pl\/dzialalnosc-kulturalno-oswiatowa\/konkurs-piosenki-niemieckojezycznej-superstar\/\"> Deutscher Liederwettbewerb \u201eSuperstar\u201c<\/a><\/h4><p><\/p><\/div><\/div>[\/vc_column_text][\/vc_column][vc_column width=&#8221;1\/4&#8243;][vc_column_text]<div class=\"list-landing\"><span class=\"dropcap\"><i class=\"fa fa-star-o\"><\/i><\/span><div class=\"overflow\"><h4 class=\"h4\"><a href=\"https:\/\/skgd.pl\/de\/dzialalnosc-kulturalno-oswiatowa\/projekty-kulturalne-tskn\/koncerty-powiatowe\/\">Kreiskonzerte<\/a><\/h4><p><\/p><\/div><\/div>[\/vc_column_text][\/vc_column][vc_column width=&#8221;1\/4&#8243;][vc_column_text]<div class=\"list-landing\"><span class=\"dropcap\"><i class=\"fa fa-star-o\"><\/i><\/span><div class=\"overflow\"><h4 class=\"h4\"><a href=\"https:\/\/skgd.pl\/de\/dzialalnosc-kulturalno-oswiatowa\/projekty-kulturalne-tskn\/koncert-adwentowy\/\">Adventskonzert <\/a><\/h4><p><\/p><\/div><\/div>[\/vc_column_text][\/vc_column][\/vc_row][vc_row][vc_column width=&#8221;1\/4&#8243;][vc_column_text]<div class=\"list-landing\"><span class=\"dropcap\"><i class=\"fa fa-star-o\"><\/i><\/span><div class=\"overflow\"><h4 class=\"h4\"><a href=\"https:\/\/skgd.pl\/de\/dzialalnosc-kulturalno-oswiatowa\/projekty-kulturalne-tskn\/wyjazdy-integracyjne\/\">Integrationsausfl\u00fcge<\/a><\/h4><p><\/p><\/div><\/div>[\/vc_column_text][\/vc_column][vc_column width=&#8221;1\/4&#8243;][vc_column_text]<div class=\"list-landing\"><span class=\"dropcap\"><i class=\"fa fa-star-o\"><\/i><\/span><div class=\"overflow\"><h4 class=\"h4\"><a href=\"https:\/\/skgd.pl\/de\/dzialalnosc-kulturalno-oswiatowa\/antonia-w-poszukiwaniu-swojej-wyspy\/\">Antonia - Auf der Suche nach ihrer Insel<\/a><\/h4><p><\/p><\/div><\/div>[\/vc_column_text][\/vc_column][vc_column width=&#8221;1\/4&#8243;][vc_column_text]<div class=\"list-landing\"><span class=\"dropcap\"><i class=\"fa fa-star-o\"><\/i><\/span><div class=\"overflow\"><h4 class=\"h4\"><a href=\"https:\/\/skgd.pl\/de\/dzialalnosc-kulturalno-oswiatowa\/projekty-kulturalne-tskn\/gruss-aus-oppeln\/\">Gruss aus Oppeln<\/a><\/h4><p><\/p><\/div><\/div>[\/vc_column_text][\/vc_column][vc_column width=&#8221;1\/4&#8243;][vc_column_text]<div class=\"list-landing\"><span class=\"dropcap\"><i class=\"fa fa-star-o\"><\/i><\/span><div class=\"overflow\"><h4 class=\"h4\"><a href=\"https:\/\/skgd.pl\/de\/dzialalnosc-kulturalno-oswiatowa\/projekty-kulturalne-tskn\/spacery-po-opolu\/\">Spaziergenge durch Oppeln<\/a><\/h4><p><\/p><\/div><\/div>[\/vc_column_text][\/vc_column][\/vc_row][vc_row][vc_column width=&#8221;1\/4&#8243;][vc_column_text]<div class=\"list-landing\"><span class=\"dropcap\"><i class=\"fa fa-star-o\"><\/i><\/span><div class=\"overflow\"><h4 class=\"h4\"><a href=\"https:\/\/skgd.pl\/de\/dzialalnosc-kulturalno-oswiatowa\/projekty-kulturalne-tskn\/odkrywac-slask-na-nowo\/\">SCHLESIEN AUFS NEUE ENTDECKEN<\/a><\/h4><p><\/p><\/div><\/div>[\/vc_column_text][\/vc_column][vc_column width=&#8221;1\/4&#8243;][vc_column_text]<div class=\"list-landing\"><span class=\"dropcap\"><i class=\"fa fa-star-o\"><\/i><\/span><div class=\"overflow\"><h4 class=\"h4\"><a href=\"https:\/\/skgd.pl\/de\/dzialalnosc-kulturalno-oswiatowa\/projekty-kulturalne-tskn\/wirtualne-muzeum-mniejszosci-niemieckiej\/\">Das Virtuelle Museum der Deutschen Minderheit<\/a><\/h4><p><\/p><\/div><\/div>[\/vc_column_text][\/vc_column][vc_column width=&#8221;1\/4&#8243;][vc_column_text]<div class=\"list-landing\"><span class=\"dropcap\"><i class=\"fa fa-star-o\"><\/i><\/span><div class=\"overflow\"><h4 class=\"h4\"><a href=\"https:\/\/skgd.pl\/dzialalnosc-kulturalno-oswiatowa\/ogolnopolski-konkurs-literacki-w-jezyku-serca\/\"> Polenweiter Literarischer Wettbewerb \u201eMeine deutsche Geschichte\u201c<\/a><\/h4><p><\/p><\/div><\/div>[\/vc_column_text][\/vc_column][vc_column width=&#8221;1\/4&#8243;][vc_column_text]<div class=\"list-landing\"><span class=\"dropcap\"><i class=\"fa fa-star-o\"><\/i><\/span><div class=\"overflow\"><h4 class=\"h4\"><a href=\"https:\/\/skgd.pl\/de\/dzialalnosc-kulturalno-oswiatowa\/projekty-kulturalne-tskn\/oppeln-und-oberschlesien-aus-britischer-sicht-1920-1922\/\">Oppeln und Oberschlesien aus britischer Sicht 1920-1922<\/a><\/h4><p><\/p><\/div><\/div>[\/vc_column_text][\/vc_column][\/vc_row][vc_row][vc_column width=&#8221;1\/4&#8243;][vc_column_text]<div class=\"list-landing\"><span class=\"dropcap\"><i class=\"fa fa-star-o\"><\/i><\/span><div class=\"overflow\"><h4 class=\"h4\"><a href=\"https:\/\/skgd.pl\/de\/dzialalnosc-kulturalno-oswiatowa\/opolskie-bez-tajemnic\/\">Oppelner Region ohne Geheimnisse<\/a><\/h4><p><\/p><\/div><\/div>[\/vc_column_text][\/vc_column][vc_column width=&#8221;1\/4&#8243;][vc_column_text]<div class=\"list-landing\"><span class=\"dropcap\"><i class=\"fa fa-star-o\"><\/i><\/span><div class=\"overflow\"><h4 class=\"h4\"><a href=\"https:\/\/skgd.pl\/dzialalnosc-kulturalno-oswiatowa\/projekty-kulturalne-tskn\/konkurs-plastyczny\/\">Konkurs plastyczny<\/a><\/h4><p><\/p><\/div><\/div>[\/vc_column_text][\/vc_column][vc_column width=&#8221;1\/4&#8243;][\/vc_column][vc_column width=&#8221;1\/4&#8243;][\/vc_column][\/vc_row][vc_row][vc_column][vc_column_text]<\/p>\n<p>[\/vc_column_text][\/vc_column][\/vc_row][vc_row][vc_column][vc_column_text]<\/p>\n<h2><span style=\"font-size: 23px; color: #000000;\"><strong><span class=\"iconized font-icomoon glyph-newspaper\"><\/span> Verwandte Themen:<\/strong><\/span><\/h2>\n<p>[\/vc_column_text][vc_basic_grid post_type=&#8221;post&#8221; max_items=&#8221;100&#8243; style=&#8221;load-more&#8221; items_per_page=&#8221;4&#8243; element_width=&#8221;3&#8243; item=&#8221;masonryGrid_SlideFromLeft&#8221; btn_title=&#8221;Za\u0142aduj wi\u0119cej&#8221; btn_color=&#8221;danger&#8221; grid_id=&#8221;vc_gid:1737746785002-1753648e-ecb2-1&#8243; taxonomies=&#8221;733&#8243;][\/vc_column][\/vc_row]<\/p>","protected":false},"excerpt":{"rendered":"<p>[vc_row][vc_column width=&#8221;1\/4&#8243;][vc_column_text][\/vc_column_text][\/vc_column][vc_column width=&#8221;1\/4&#8243;][vc_column_text][\/vc_column_text][\/vc_column][vc_column width=&#8221;1\/4&#8243;][vc_column_text][\/vc_column_text][\/vc_column][vc_column width=&#8221;1\/4&#8243;][vc_column_text][\/vc_column_text][\/vc_column][\/vc_row][vc_row][vc_column width=&#8221;1\/4&#8243;][vc_column_text][\/vc_column_text][\/vc_column][vc_column width=&#8221;1\/4&#8243;][vc_column_text][\/vc_column_text][\/vc_column][vc_column width=&#8221;1\/4&#8243;][vc_column_text][\/vc_column_text][\/vc_column][vc_column width=&#8221;1\/4&#8243;][vc_column_text][\/vc_column_text][\/vc_column][\/vc_row][vc_row][vc_column width=&#8221;1\/4&#8243;][vc_column_text][\/vc_column_text][\/vc_column][vc_column width=&#8221;1\/4&#8243;][vc_column_text][\/vc_column_text][\/vc_column][vc_column width=&#8221;1\/4&#8243;][vc_column_text][\/vc_column_text][\/vc_column][vc_column width=&#8221;1\/4&#8243;][vc_column_text][\/vc_column_text][\/vc_column][\/vc_row][vc_row][vc_column width=&#8221;1\/4&#8243;][vc_column_text][\/vc_column_text][\/vc_column][vc_column width=&#8221;1\/4&#8243;][vc_column_text][\/vc_column_text][\/vc_column][vc_column width=&#8221;1\/4&#8243;][\/vc_column][vc_column width=&#8221;1\/4&#8243;][\/vc_column][\/vc_row][vc_row][vc_column][vc_column_text] [\/vc_column_text][\/vc_column][\/vc_row][vc_row][vc_column][vc_column_text] Verwandte Themen: [\/vc_column_text][vc_basic_grid post_type=&#8221;post&#8221; max_items=&#8221;100&#8243; style=&#8221;load-more&#8221; items_per_page=&#8221;4&#8243; element_width=&#8221;3&#8243; item=&#8221;masonryGrid_SlideFromLeft&#8221; btn_title=&#8221;Za\u0142aduj wi\u0119cej&#8221; btn_color=&#8221;danger&#8221; grid_id=&#8221;vc_gid:1737746785002-1753648e-ecb2-1&#8243; taxonomies=&#8221;733&#8243;][\/vc_column][\/vc_row]<\/p>\n","protected":false},"author":1,"featured_media":0,"parent":9331,"menu_order":76,"comment_status":"closed","ping_status":"closed","template":"","meta":{"footnotes":""},"class_list":["post-9333","page","type-page","status-publish","hentry"],"yoast_head":"<!-- This site is optimized with the Yoast SEO plugin v18.9 - https:\/\/yoast.com\/wordpress\/plugins\/seo\/ -->\n<title>Kulturprojekte der SKGD - Deutsche Minderheit, Sozial-Kulturelle Gesellschaft der Deutschen im Oppelner Schlesien<\/title>\n<meta name=\"robots\" content=\"index, follow, max-snippet:-1, max-image-preview:large, max-video-preview:-1\" \/>\n<link rel=\"canonical\" href=\"https:\/\/skgd.pl\/dzialalnosc-kulturalno-oswiatowa\/projekty-kulturalne-tskn\/\" \/>\n<meta property=\"og:locale\" content=\"de_DE\" \/>\n<meta property=\"og:type\" content=\"article\" \/>\n<meta property=\"og:title\" content=\"Kulturprojekte der SKGD - Deutsche Minderheit, Sozial-Kulturelle Gesellschaft der Deutschen im Oppelner Schlesien\" \/>\n<meta property=\"og:description\" content=\"[vc_row][vc_column width=&#8221;1\/4&#8243;][vc_column_text][\/vc_column_text][\/vc_column][vc_column width=&#8221;1\/4&#8243;][vc_column_text][\/vc_column_text][\/vc_column][vc_column width=&#8221;1\/4&#8243;][vc_column_text][\/vc_column_text][\/vc_column][vc_column width=&#8221;1\/4&#8243;][vc_column_text][\/vc_column_text][\/vc_column][\/vc_row][vc_row][vc_column width=&#8221;1\/4&#8243;][vc_column_text][\/vc_column_text][\/vc_column][vc_column width=&#8221;1\/4&#8243;][vc_column_text][\/vc_column_text][\/vc_column][vc_column width=&#8221;1\/4&#8243;][vc_column_text][\/vc_column_text][\/vc_column][vc_column width=&#8221;1\/4&#8243;][vc_column_text][\/vc_column_text][\/vc_column][\/vc_row][vc_row][vc_column width=&#8221;1\/4&#8243;][vc_column_text][\/vc_column_text][\/vc_column][vc_column width=&#8221;1\/4&#8243;][vc_column_text][\/vc_column_text][\/vc_column][vc_column width=&#8221;1\/4&#8243;][vc_column_text][\/vc_column_text][\/vc_column][vc_column width=&#8221;1\/4&#8243;][vc_column_text][\/vc_column_text][\/vc_column][\/vc_row][vc_row][vc_column width=&#8221;1\/4&#8243;][vc_column_text][\/vc_column_text][\/vc_column][vc_column width=&#8221;1\/4&#8243;][vc_column_text][\/vc_column_text][\/vc_column][vc_column width=&#8221;1\/4&#8243;][\/vc_column][vc_column width=&#8221;1\/4&#8243;][\/vc_column][\/vc_row][vc_row][vc_column][vc_column_text] [\/vc_column_text][\/vc_column][\/vc_row][vc_row][vc_column][vc_column_text] Verwandte Themen: [\/vc_column_text][vc_basic_grid post_type=&#8221;post&#8221; max_items=&#8221;100&#8243; style=&#8221;load-more&#8221; items_per_page=&#8221;4&#8243; element_width=&#8221;3&#8243; item=&#8221;masonryGrid_SlideFromLeft&#8221; btn_title=&#8221;Za\u0142aduj wi\u0119cej&#8221; btn_color=&#8221;danger&#8221; grid_id=&#8221;vc_gid:1737746785002-1753648e-ecb2-1&#8243; taxonomies=&#8221;733&#8243;][\/vc_column][\/vc_row]\" \/>\n<meta property=\"og:url\" content=\"https:\/\/skgd.pl\/dzialalnosc-kulturalno-oswiatowa\/projekty-kulturalne-tskn\/\" \/>\n<meta property=\"og:site_name\" content=\"Deutsche Minderheit, Sozial-Kulturelle Gesellschaft der Deutschen im Oppelner Schlesien\" \/>\n<meta property=\"article:modified_time\" content=\"2025-01-24T19:33:22+00:00\" \/>\n<meta name=\"twitter:card\" content=\"summary_large_image\" \/>\n<meta name=\"twitter:label1\" content=\"Gesch\u00e4tzte Lesezeit\" \/>\n\t<meta name=\"twitter:data1\" content=\"6\u00a0Minuten\" \/>\n<script type=\"application\/ld+json\" class=\"yoast-schema-graph\">{\"@context\":\"https:\/\/schema.org\",\"@graph\":[{\"@type\":\"WebSite\",\"@id\":\"https:\/\/skgd.pl\/#website\",\"url\":\"https:\/\/skgd.pl\/\",\"name\":\"Deutsche Minderheit, Sozial-Kulturelle Gesellschaft der Deutschen im Oppelner Schlesien\",\"description\":\"Deutsche Minderheit in Polen\",\"potentialAction\":[{\"@type\":\"SearchAction\",\"target\":{\"@type\":\"EntryPoint\",\"urlTemplate\":\"https:\/\/skgd.pl\/?s={search_term_string}\"},\"query-input\":\"required name=search_term_string\"}],\"inLanguage\":\"de\"},{\"@type\":\"WebPage\",\"@id\":\"https:\/\/skgd.pl\/dzialalnosc-kulturalno-oswiatowa\/projekty-kulturalne-tskn\/#webpage\",\"url\":\"https:\/\/skgd.pl\/dzialalnosc-kulturalno-oswiatowa\/projekty-kulturalne-tskn\/\",\"name\":\"Kulturprojekte der SKGD - Deutsche Minderheit, Sozial-Kulturelle Gesellschaft der Deutschen im Oppelner Schlesien\",\"isPartOf\":{\"@id\":\"https:\/\/skgd.pl\/#website\"},\"datePublished\":\"2015-11-23T13:29:28+00:00\",\"dateModified\":\"2025-01-24T19:33:22+00:00\",\"breadcrumb\":{\"@id\":\"https:\/\/skgd.pl\/dzialalnosc-kulturalno-oswiatowa\/projekty-kulturalne-tskn\/#breadcrumb\"},\"inLanguage\":\"de\",\"potentialAction\":[{\"@type\":\"ReadAction\",\"target\":[\"https:\/\/skgd.pl\/dzialalnosc-kulturalno-oswiatowa\/projekty-kulturalne-tskn\/\"]}]},{\"@type\":\"BreadcrumbList\",\"@id\":\"https:\/\/skgd.pl\/dzialalnosc-kulturalno-oswiatowa\/projekty-kulturalne-tskn\/#breadcrumb\",\"itemListElement\":[{\"@type\":\"ListItem\",\"position\":1,\"name\":\"Strona g\u0142\u00f3wna\",\"item\":\"https:\/\/skgd.pl\/\"},{\"@type\":\"ListItem\",\"position\":2,\"name\":\"Dzia\u0142alno\u015b\u0107 kulturalno &#8211; o\u015bwiatowa\",\"item\":\"https:\/\/skgd.pl\/dzialalnosc-kulturalno-oswiatowa\/\"},{\"@type\":\"ListItem\",\"position\":3,\"name\":\"Projekty Kulturalne TSKN\"}]}]}<\/script>\n<!-- \/ Yoast SEO plugin. -->","yoast_head_json":{"title":"Kulturprojekte der SKGD - Deutsche Minderheit, Sozial-Kulturelle Gesellschaft der Deutschen im Oppelner Schlesien","robots":{"index":"index","follow":"follow","max-snippet":"max-snippet:-1","max-image-preview":"max-image-preview:large","max-video-preview":"max-video-preview:-1"},"canonical":"https:\/\/skgd.pl\/dzialalnosc-kulturalno-oswiatowa\/projekty-kulturalne-tskn\/","og_locale":"de_DE","og_type":"article","og_title":"Kulturprojekte der SKGD - Deutsche Minderheit, Sozial-Kulturelle Gesellschaft der Deutschen im Oppelner Schlesien","og_description":"[vc_row][vc_column width=&#8221;1\/4&#8243;][vc_column_text][\/vc_column_text][\/vc_column][vc_column width=&#8221;1\/4&#8243;][vc_column_text][\/vc_column_text][\/vc_column][vc_column width=&#8221;1\/4&#8243;][vc_column_text][\/vc_column_text][\/vc_column][vc_column width=&#8221;1\/4&#8243;][vc_column_text][\/vc_column_text][\/vc_column][\/vc_row][vc_row][vc_column width=&#8221;1\/4&#8243;][vc_column_text][\/vc_column_text][\/vc_column][vc_column width=&#8221;1\/4&#8243;][vc_column_text][\/vc_column_text][\/vc_column][vc_column width=&#8221;1\/4&#8243;][vc_column_text][\/vc_column_text][\/vc_column][vc_column width=&#8221;1\/4&#8243;][vc_column_text][\/vc_column_text][\/vc_column][\/vc_row][vc_row][vc_column width=&#8221;1\/4&#8243;][vc_column_text][\/vc_column_text][\/vc_column][vc_column width=&#8221;1\/4&#8243;][vc_column_text][\/vc_column_text][\/vc_column][vc_column width=&#8221;1\/4&#8243;][vc_column_text][\/vc_column_text][\/vc_column][vc_column width=&#8221;1\/4&#8243;][vc_column_text][\/vc_column_text][\/vc_column][\/vc_row][vc_row][vc_column width=&#8221;1\/4&#8243;][vc_column_text][\/vc_column_text][\/vc_column][vc_column width=&#8221;1\/4&#8243;][vc_column_text][\/vc_column_text][\/vc_column][vc_column width=&#8221;1\/4&#8243;][\/vc_column][vc_column width=&#8221;1\/4&#8243;][\/vc_column][\/vc_row][vc_row][vc_column][vc_column_text] [\/vc_column_text][\/vc_column][\/vc_row][vc_row][vc_column][vc_column_text] Verwandte Themen: [\/vc_column_text][vc_basic_grid post_type=&#8221;post&#8221; max_items=&#8221;100&#8243; style=&#8221;load-more&#8221; items_per_page=&#8221;4&#8243; element_width=&#8221;3&#8243; item=&#8221;masonryGrid_SlideFromLeft&#8221; btn_title=&#8221;Za\u0142aduj wi\u0119cej&#8221; btn_color=&#8221;danger&#8221; grid_id=&#8221;vc_gid:1737746785002-1753648e-ecb2-1&#8243; taxonomies=&#8221;733&#8243;][\/vc_column][\/vc_row]","og_url":"https:\/\/skgd.pl\/dzialalnosc-kulturalno-oswiatowa\/projekty-kulturalne-tskn\/","og_site_name":"Deutsche Minderheit, Sozial-Kulturelle Gesellschaft der Deutschen im Oppelner Schlesien","article_modified_time":"2025-01-24T19:33:22+00:00","twitter_card":"summary_large_image","twitter_misc":{"Gesch\u00e4tzte Lesezeit":"6\u00a0Minuten"},"schema":{"@context":"https:\/\/schema.org","@graph":[{"@type":"WebSite","@id":"https:\/\/skgd.pl\/#website","url":"https:\/\/skgd.pl\/","name":"Deutsche Minderheit, Sozial-Kulturelle Gesellschaft der Deutschen im Oppelner Schlesien","description":"Deutsche Minderheit in Polen","potentialAction":[{"@type":"SearchAction","target":{"@type":"EntryPoint","urlTemplate":"https:\/\/skgd.pl\/?s={search_term_string}"},"query-input":"required name=search_term_string"}],"inLanguage":"de"},{"@type":"WebPage","@id":"https:\/\/skgd.pl\/dzialalnosc-kulturalno-oswiatowa\/projekty-kulturalne-tskn\/#webpage","url":"https:\/\/skgd.pl\/dzialalnosc-kulturalno-oswiatowa\/projekty-kulturalne-tskn\/","name":"Kulturprojekte der SKGD - Deutsche Minderheit, Sozial-Kulturelle Gesellschaft der Deutschen im Oppelner Schlesien","isPartOf":{"@id":"https:\/\/skgd.pl\/#website"},"datePublished":"2015-11-23T13:29:28+00:00","dateModified":"2025-01-24T19:33:22+00:00","breadcrumb":{"@id":"https:\/\/skgd.pl\/dzialalnosc-kulturalno-oswiatowa\/projekty-kulturalne-tskn\/#breadcrumb"},"inLanguage":"de","potentialAction":[{"@type":"ReadAction","target":["https:\/\/skgd.pl\/dzialalnosc-kulturalno-oswiatowa\/projekty-kulturalne-tskn\/"]}]},{"@type":"BreadcrumbList","@id":"https:\/\/skgd.pl\/dzialalnosc-kulturalno-oswiatowa\/projekty-kulturalne-tskn\/#breadcrumb","itemListElement":[{"@type":"ListItem","position":1,"name":"Strona g\u0142\u00f3wna","item":"https:\/\/skgd.pl\/"},{"@type":"ListItem","position":2,"name":"Dzia\u0142alno\u015b\u0107 kulturalno &#8211; o\u015bwiatowa","item":"https:\/\/skgd.pl\/dzialalnosc-kulturalno-oswiatowa\/"},{"@type":"ListItem","position":3,"name":"Projekty Kulturalne TSKN"}]}]}},"_links":{"self":[{"href":"https:\/\/skgd.pl\/de\/wp-json\/wp\/v2\/pages\/9333","targetHints":{"allow":["GET"]}}],"collection":[{"href":"https:\/\/skgd.pl\/de\/wp-json\/wp\/v2\/pages"}],"about":[{"href":"https:\/\/skgd.pl\/de\/wp-json\/wp\/v2\/types\/page"}],"author":[{"embeddable":true,"href":"https:\/\/skgd.pl\/de\/wp-json\/wp\/v2\/users\/1"}],"replies":[{"embeddable":true,"href":"https:\/\/skgd.pl\/de\/wp-json\/wp\/v2\/comments?post=9333"}],"version-history":[{"count":39,"href":"https:\/\/skgd.pl\/de\/wp-json\/wp\/v2\/pages\/9333\/revisions"}],"predecessor-version":[{"id":35758,"href":"https:\/\/skgd.pl\/de\/wp-json\/wp\/v2\/pages\/9333\/revisions\/35758"}],"up":[{"embeddable":true,"href":"https:\/\/skgd.pl\/de\/wp-json\/wp\/v2\/pages\/9331"}],"wp:attachment":[{"href":"https:\/\/skgd.pl\/de\/wp-json\/wp\/v2\/media?parent=9333"}],"curies":[{"name":"wp","href":"https:\/\/api.w.org\/{rel}","templated":true}]}}