{"id":9323,"date":"2015-11-23T14:25:43","date_gmt":"2015-11-23T13:25:43","guid":{"rendered":"http:\/\/skgd.pl\/?page_id=9323"},"modified":"2025-01-02T16:34:27","modified_gmt":"2025-01-02T15:34:27","slug":"o-organizacji","status":"publish","type":"page","link":"https:\/\/skgd.pl\/de\/o-nas\/o-organizacji\/","title":{"rendered":"\u00dcber die Organisation"},"content":{"rendered":"<p>[vc_row][vc_column][vc_column_text]<\/p>\n<div style=\"text-align: justify;\">\n<p style=\"text-align: center;\"><span style=\"font-size: 20px;\"><strong>\u00dcber die Organisation<\/strong><\/span><\/p>\n<p>Die Woiwodschaft Oppeln ist eine Region, die kulturell vielf\u00e4ltig ist. Polen und Deutsche bewohnen dieses Gebiet gemeinsam seit Generation.&nbsp;<\/p>\n<p>Die Gebiete Schlesiens, auch das Oppelner Land samt der Bev\u00f6lkerung, die sie bewohnte, fanden sich nach der Konferenz in Potsdam (1945) unter polnischen Jurisdiktion ein. Von einem Tag auf den anderen wurden Deutsche auf diesen Gebieten zur nationalen Minderheit (ohne offiziell anerkannt zu werden), die ihre Heimatgegend verlassen musste. Ein Teil der Bev\u00f6lkerung schaffte es vor der Front zu fl\u00fcchten, doch der Gro\u00dfteil wurde vertrieben oder ausgesiedelt (i<a href=\"https:\/\/skgd.pl\/wp-content\/uploads\/2015\/11\/DSC_0825-1.jpg\" rel=\"attachment wp-att-10482\"><img loading=\"lazy\" decoding=\"async\" class=\"size-medium wp-image-10482 alignleft\" src=\"https:\/\/skgd.pl\/wp-content\/uploads\/2015\/11\/DSC_0825-1-199x300.jpg\" alt=\"DSC_0825\" width=\"199\" height=\"300\" srcset=\"https:\/\/skgd.pl\/wp-content\/uploads\/2015\/11\/DSC_0825-1-199x300.jpg 199w, https:\/\/skgd.pl\/wp-content\/uploads\/2015\/11\/DSC_0825-1-600x906.jpg 600w, https:\/\/skgd.pl\/wp-content\/uploads\/2015\/11\/DSC_0825-1-768x1160.jpg 768w, https:\/\/skgd.pl\/wp-content\/uploads\/2015\/11\/DSC_0825-1-678x1024.jpg 678w, https:\/\/skgd.pl\/wp-content\/uploads\/2015\/11\/DSC_0825-1-800x1208.jpg 800w, https:\/\/skgd.pl\/wp-content\/uploads\/2015\/11\/DSC_0825-1-scaled.jpg 1696w\" sizes=\"auto, (max-width: 199px) 100vw, 199px\" \/><\/a>nsgesamt wird von mehr als 3 Mio. Menschen gesprochen, die in den Jahren 1945-1950 ausgesiedelt oder vertrieben wurden). Trotz einer solch breiten Aussiedlungsaktion ist es nicht gelungen alle Deutsche zu vertreiben \u2013 deren gro\u00dfer Teil blieb in Oberschlesien. Die Jahre des Kommunismus in Polen waren f\u00fcr Deutsche, genauer gesagt f\u00fcr die deutsche Minderheit, nicht leicht. Sofern Deutsche, die in Niederschlesien und Pommern von dem kommunistischen Machtapparat geduldet wurden &nbsp;(diese Menschen wurden anfangs als Fachkr\u00e4fte in der Industrie ben\u00f6tigt), haben Deutsche aus Oberschlesien und Masuren offiziell nicht existiert. Diese Bev\u00f6lkerung wurde der M\u00f6glichkeit der Pflege ihrer Sprache, Kultur und Traditionen beraubt\u2026 Es galt ein Verbot des Gebrauchs der deutschen Sprache, das Unterrichten des Deutschen war untersagt und jegliche Anzeichen des Deutschtums verp\u00f6nt. Die offizielle Einstellung der Beh\u00f6rden in der Volksrepublik Polen war so, dass es keine Deutschen auf polnischem Gebiet gibt. Noch in Jahren vor dem Systemumbruch in Polen wurden Versuche der Gr\u00fcndung von Vereinen durch Personen deutscher Nationalit\u00e4t unternommen, doch erst nach &nbsp;1989 war es erst ganz m\u00f6glich. Am 16. Februar 1990 wurde&nbsp; die Sozial-Kulturelle Gesellschaft der deutschen Minderheit im Oppelner Schlesien ins Vereinsregister eingetragen und dieses gilt als das Gr\u00fcndungsdatum der Organisation.&nbsp;<\/p>\n<p>Seit 1990 widmet sich die Gesellschaft der sozialen Arbeit, den Bereichen Kultur, Bildung aber auch der politischen T\u00e4tigkeit und richtet sich an verschiedenen Altersgruppen. Dabei begrenzt sie sich nicht nur auf ihre eigenen Mitglieder, sondern richtet ihr Angebot auch an die Mehrheitsbev\u00f6lkerung.<\/p>\n<p>Das Ziel der SKGD ist die Animation und Unterst\u00fctzung des kulturellen Lebens der deutschen Minderheit, Entwicklung des deutschsprachigen Schulwesens in der Region, Verbreitung der Zweisprachigkeit der Regionbewohner und unterstz\u00fctzt dabei soziale&nbsp; Einrichtungen, z.B. der Begegnungsst\u00e4tten, Bibliotheken, Schulen u.\u00e4., welche bei den Deutschen Freundschaftskreisen aktiv sind. Die von der SKGD realisierten Kulturprojekte sollen f\u00fcr die deutsche und Kultur der deutschen Minderheit unter Einwohnern der Woiwodschaft und Umgebung werben, die Bindung zur kleinen Heimat aufbauen, spezifische lokale Traditionen pflegen. Zudem soll die Arbeit der SKGD zur positiven Betrachtung der Deutschen in Polen beitragen und der Kooperation mit der \u00f6ffentlichen Verwaltung sowie anderen Vereinen in der Region beitragen.<\/p>\n<p>Die Hauptfinanzierungsquellen der Gesellschaft sind Zuwendungen, die sowohl von der deutschen, als auch polnischen Seite stammen. Zudem gibt es auch polnische und deutsche Sponsoren.&nbsp;<a href=\"https:\/\/skgd.pl\/wp-content\/uploads\/2015\/11\/DSC_0939.jpg\" rel=\"attachment wp-att-10483\"><img loading=\"lazy\" decoding=\"async\" class=\"size-medium wp-image-10483 alignright\" src=\"https:\/\/skgd.pl\/wp-content\/uploads\/2015\/11\/DSC_0939-300x199.jpg\" alt=\"DSC_0939\" width=\"300\" height=\"199\"><\/a><\/p>\n<p>Laut den Ergebnissen der Volksz\u00e4hlung aus dem Jahr 2021 haben insgesamt 144,1 Tausend Personen die deutsche nationale Zugeh\u00f6rigkeit angegeben (alleine die deutsche Nationalit\u00e4t haben nur 23,4 Tausend Personen angegeben, 98,3 Tausend haben neben der deutschen die polnische Nationalit\u00e4t angegeben und 42,5 Tausend die deutsche als erste und 101,6 Tausend als zweite Nationalit\u00e4t angegeben)&nbsp; \u2013 zum Vergleich bei der Volksz\u00e4hlung im Jahr 2011 betrug die Zahl der Menschen, welche die deutsche Nationalit\u00e4t erkl\u00e4rt haben mehr als 147,8 Tausend Menschen.<\/p>\n<p>Das gesamte Ergebnis der Volksz\u00e4hlung aus dem Jahr 2021 kann man in Polnisch auf dieser <a href=\"https:\/\/stat.gov.pl\/spisy-powszechne\/nsp-2021\/nsp-2021-wyniki-ostateczne\/tablice-z-ostatecznymi-danymi-w-zakresie-przynaleznosci-narodowo-etnicznej-jezyka-uzywanego-w-domu-oraz-przynaleznosci-do-wyznania-religijnego,10,1.html\">Internetseite nachzulesen.<\/a><\/p>\n<\/div>\n<p>[\/vc_column_text][\/vc_column][\/vc_row]<\/p>","protected":false},"excerpt":{"rendered":"<p>[vc_row][vc_column][vc_column_text] \u00dcber die Organisation Die Woiwodschaft Oppeln ist eine Region, die kulturell vielf\u00e4ltig ist. Polen und Deutsche bewohnen dieses Gebiet gemeinsam seit Generation.&nbsp; Die Gebiete Schlesiens, auch das Oppelner Land samt der Bev\u00f6lkerung, die sie bewohnte, fanden sich nach der Konferenz in Potsdam (1945) unter polnischen Jurisdiktion ein. Von einem Tag auf den anderen wurden [&hellip;]<\/p>\n","protected":false},"author":1,"featured_media":0,"parent":9321,"menu_order":82,"comment_status":"closed","ping_status":"closed","template":"","meta":{"footnotes":""},"class_list":["post-9323","page","type-page","status-publish","hentry"],"yoast_head":"<!-- This site is optimized with the Yoast SEO plugin v18.9 - https:\/\/yoast.com\/wordpress\/plugins\/seo\/ -->\n<title>\u00dcber die Organisation - Deutsche Minderheit, Sozial-Kulturelle Gesellschaft der Deutschen im Oppelner Schlesien<\/title>\n<meta name=\"robots\" content=\"index, follow, max-snippet:-1, max-image-preview:large, max-video-preview:-1\" \/>\n<link rel=\"canonical\" href=\"https:\/\/skgd.pl\/o-nas\/o-organizacji\/\" \/>\n<meta property=\"og:locale\" content=\"de_DE\" \/>\n<meta property=\"og:type\" content=\"article\" \/>\n<meta property=\"og:title\" content=\"\u00dcber die Organisation - Deutsche Minderheit, Sozial-Kulturelle Gesellschaft der Deutschen im Oppelner Schlesien\" \/>\n<meta property=\"og:description\" content=\"[vc_row][vc_column][vc_column_text] \u00dcber die Organisation Die Woiwodschaft Oppeln ist eine Region, die kulturell vielf\u00e4ltig ist. Polen und Deutsche bewohnen dieses Gebiet gemeinsam seit Generation.&nbsp; Die Gebiete Schlesiens, auch das Oppelner Land samt der Bev\u00f6lkerung, die sie bewohnte, fanden sich nach der Konferenz in Potsdam (1945) unter polnischen Jurisdiktion ein. Von einem Tag auf den anderen wurden [&hellip;]\" \/>\n<meta property=\"og:url\" content=\"https:\/\/skgd.pl\/o-nas\/o-organizacji\/\" \/>\n<meta property=\"og:site_name\" content=\"Deutsche Minderheit, Sozial-Kulturelle Gesellschaft der Deutschen im Oppelner Schlesien\" \/>\n<meta property=\"article:modified_time\" content=\"2025-01-02T15:34:27+00:00\" \/>\n<meta property=\"og:image\" content=\"https:\/\/skgd.pl\/wp-content\/uploads\/2015\/11\/DSC_0825-1-199x300.jpg\" \/>\n<meta name=\"twitter:card\" content=\"summary_large_image\" \/>\n<meta name=\"twitter:label1\" content=\"Gesch\u00e4tzte Lesezeit\" \/>\n\t<meta name=\"twitter:data1\" content=\"6\u00a0Minuten\" \/>\n<script type=\"application\/ld+json\" class=\"yoast-schema-graph\">{\"@context\":\"https:\/\/schema.org\",\"@graph\":[{\"@type\":\"WebSite\",\"@id\":\"https:\/\/skgd.pl\/#website\",\"url\":\"https:\/\/skgd.pl\/\",\"name\":\"Deutsche Minderheit, Sozial-Kulturelle Gesellschaft der Deutschen im Oppelner Schlesien\",\"description\":\"Deutsche Minderheit in Polen\",\"potentialAction\":[{\"@type\":\"SearchAction\",\"target\":{\"@type\":\"EntryPoint\",\"urlTemplate\":\"https:\/\/skgd.pl\/?s={search_term_string}\"},\"query-input\":\"required name=search_term_string\"}],\"inLanguage\":\"de\"},{\"@type\":\"ImageObject\",\"inLanguage\":\"de\",\"@id\":\"https:\/\/skgd.pl\/o-nas\/o-organizacji\/#primaryimage\",\"url\":\"https:\/\/skgd.pl\/wp-content\/uploads\/2015\/11\/DSC_0825-1-scaled.jpg\",\"contentUrl\":\"https:\/\/skgd.pl\/wp-content\/uploads\/2015\/11\/DSC_0825-1-scaled.jpg\",\"width\":1696,\"height\":2560},{\"@type\":\"WebPage\",\"@id\":\"https:\/\/skgd.pl\/o-nas\/o-organizacji\/#webpage\",\"url\":\"https:\/\/skgd.pl\/o-nas\/o-organizacji\/\",\"name\":\"\u00dcber die Organisation - Deutsche Minderheit, Sozial-Kulturelle Gesellschaft der Deutschen im Oppelner Schlesien\",\"isPartOf\":{\"@id\":\"https:\/\/skgd.pl\/#website\"},\"primaryImageOfPage\":{\"@id\":\"https:\/\/skgd.pl\/o-nas\/o-organizacji\/#primaryimage\"},\"datePublished\":\"2015-11-23T13:25:43+00:00\",\"dateModified\":\"2025-01-02T15:34:27+00:00\",\"breadcrumb\":{\"@id\":\"https:\/\/skgd.pl\/o-nas\/o-organizacji\/#breadcrumb\"},\"inLanguage\":\"de\",\"potentialAction\":[{\"@type\":\"ReadAction\",\"target\":[\"https:\/\/skgd.pl\/o-nas\/o-organizacji\/\"]}]},{\"@type\":\"BreadcrumbList\",\"@id\":\"https:\/\/skgd.pl\/o-nas\/o-organizacji\/#breadcrumb\",\"itemListElement\":[{\"@type\":\"ListItem\",\"position\":1,\"name\":\"Strona g\u0142\u00f3wna\",\"item\":\"https:\/\/skgd.pl\/\"},{\"@type\":\"ListItem\",\"position\":2,\"name\":\"O nas\",\"item\":\"https:\/\/skgd.pl\/o-nas\/\"},{\"@type\":\"ListItem\",\"position\":3,\"name\":\"O organizacji\"}]}]}<\/script>\n<!-- \/ Yoast SEO plugin. -->","yoast_head_json":{"title":"\u00dcber die Organisation - Deutsche Minderheit, Sozial-Kulturelle Gesellschaft der Deutschen im Oppelner Schlesien","robots":{"index":"index","follow":"follow","max-snippet":"max-snippet:-1","max-image-preview":"max-image-preview:large","max-video-preview":"max-video-preview:-1"},"canonical":"https:\/\/skgd.pl\/o-nas\/o-organizacji\/","og_locale":"de_DE","og_type":"article","og_title":"\u00dcber die Organisation - Deutsche Minderheit, Sozial-Kulturelle Gesellschaft der Deutschen im Oppelner Schlesien","og_description":"[vc_row][vc_column][vc_column_text] \u00dcber die Organisation Die Woiwodschaft Oppeln ist eine Region, die kulturell vielf\u00e4ltig ist. Polen und Deutsche bewohnen dieses Gebiet gemeinsam seit Generation.&nbsp; Die Gebiete Schlesiens, auch das Oppelner Land samt der Bev\u00f6lkerung, die sie bewohnte, fanden sich nach der Konferenz in Potsdam (1945) unter polnischen Jurisdiktion ein. Von einem Tag auf den anderen wurden [&hellip;]","og_url":"https:\/\/skgd.pl\/o-nas\/o-organizacji\/","og_site_name":"Deutsche Minderheit, Sozial-Kulturelle Gesellschaft der Deutschen im Oppelner Schlesien","article_modified_time":"2025-01-02T15:34:27+00:00","og_image":[{"url":"https:\/\/skgd.pl\/wp-content\/uploads\/2015\/11\/DSC_0825-1-199x300.jpg"}],"twitter_card":"summary_large_image","twitter_misc":{"Gesch\u00e4tzte Lesezeit":"6\u00a0Minuten"},"schema":{"@context":"https:\/\/schema.org","@graph":[{"@type":"WebSite","@id":"https:\/\/skgd.pl\/#website","url":"https:\/\/skgd.pl\/","name":"Deutsche Minderheit, Sozial-Kulturelle Gesellschaft der Deutschen im Oppelner Schlesien","description":"Deutsche Minderheit in Polen","potentialAction":[{"@type":"SearchAction","target":{"@type":"EntryPoint","urlTemplate":"https:\/\/skgd.pl\/?s={search_term_string}"},"query-input":"required name=search_term_string"}],"inLanguage":"de"},{"@type":"ImageObject","inLanguage":"de","@id":"https:\/\/skgd.pl\/o-nas\/o-organizacji\/#primaryimage","url":"https:\/\/skgd.pl\/wp-content\/uploads\/2015\/11\/DSC_0825-1-scaled.jpg","contentUrl":"https:\/\/skgd.pl\/wp-content\/uploads\/2015\/11\/DSC_0825-1-scaled.jpg","width":1696,"height":2560},{"@type":"WebPage","@id":"https:\/\/skgd.pl\/o-nas\/o-organizacji\/#webpage","url":"https:\/\/skgd.pl\/o-nas\/o-organizacji\/","name":"\u00dcber die Organisation - Deutsche Minderheit, Sozial-Kulturelle Gesellschaft der Deutschen im Oppelner Schlesien","isPartOf":{"@id":"https:\/\/skgd.pl\/#website"},"primaryImageOfPage":{"@id":"https:\/\/skgd.pl\/o-nas\/o-organizacji\/#primaryimage"},"datePublished":"2015-11-23T13:25:43+00:00","dateModified":"2025-01-02T15:34:27+00:00","breadcrumb":{"@id":"https:\/\/skgd.pl\/o-nas\/o-organizacji\/#breadcrumb"},"inLanguage":"de","potentialAction":[{"@type":"ReadAction","target":["https:\/\/skgd.pl\/o-nas\/o-organizacji\/"]}]},{"@type":"BreadcrumbList","@id":"https:\/\/skgd.pl\/o-nas\/o-organizacji\/#breadcrumb","itemListElement":[{"@type":"ListItem","position":1,"name":"Strona g\u0142\u00f3wna","item":"https:\/\/skgd.pl\/"},{"@type":"ListItem","position":2,"name":"O nas","item":"https:\/\/skgd.pl\/o-nas\/"},{"@type":"ListItem","position":3,"name":"O organizacji"}]}]}},"_links":{"self":[{"href":"https:\/\/skgd.pl\/de\/wp-json\/wp\/v2\/pages\/9323","targetHints":{"allow":["GET"]}}],"collection":[{"href":"https:\/\/skgd.pl\/de\/wp-json\/wp\/v2\/pages"}],"about":[{"href":"https:\/\/skgd.pl\/de\/wp-json\/wp\/v2\/types\/page"}],"author":[{"embeddable":true,"href":"https:\/\/skgd.pl\/de\/wp-json\/wp\/v2\/users\/1"}],"replies":[{"embeddable":true,"href":"https:\/\/skgd.pl\/de\/wp-json\/wp\/v2\/comments?post=9323"}],"version-history":[{"count":18,"href":"https:\/\/skgd.pl\/de\/wp-json\/wp\/v2\/pages\/9323\/revisions"}],"predecessor-version":[{"id":35584,"href":"https:\/\/skgd.pl\/de\/wp-json\/wp\/v2\/pages\/9323\/revisions\/35584"}],"up":[{"embeddable":true,"href":"https:\/\/skgd.pl\/de\/wp-json\/wp\/v2\/pages\/9321"}],"wp:attachment":[{"href":"https:\/\/skgd.pl\/de\/wp-json\/wp\/v2\/media?parent=9323"}],"curies":[{"name":"wp","href":"https:\/\/api.w.org\/{rel}","templated":true}]}}