{"id":38263,"date":"2026-05-13T13:21:04","date_gmt":"2026-05-13T11:21:04","guid":{"rendered":"https:\/\/skgd.pl\/?page_id=38263"},"modified":"2026-05-13T13:21:04","modified_gmt":"2026-05-13T11:21:04","slug":"festliche-adventszeit","status":"publish","type":"page","link":"https:\/\/skgd.pl\/de\/strefa-dfk\/projekty-wnioski-dokumenty-i-regulaminy\/festliche-adventszeit\/","title":{"rendered":"Festliche Adventszeit"},"content":{"rendered":"<p>[vc_row][vc_column width=&#8221;3\/4&#8243;][vc_column_text]<span style=\"font-weight: 400;\">Hiermit er\u00f6ffnen wir die Ausschreibung f\u00fcr \u201eAdvents\u201c-Projekte. Im Rahmen des Projekts ,,Festliche Adventszeit \u2013 Deutsche Traditionen in den DFKs und DMi-Organisationen\u201c sind die Projektantr\u00e4ge bis sp\u00e4testens <\/span><b>27. Mai 2026<\/b><span style=\"font-weight: 400;\"> einzureichen. Die Einreichung kann in Papierform oder als Scan per E-Mail an <\/span><a href=\"mailto:andzelika.przezdzink@skgd.pl\"><span style=\"font-weight: 400;\">andzelika.przezdzink@skgd.pl<\/span><\/a> <span style=\"font-weight: 400;\">erfolgen. Es werden <\/span><b>ausschlie\u00dflich Projektantr\u00e4ge<\/b> <span style=\"font-weight: 400;\">ber\u00fccksichtigt, <\/span><b>die fristgerecht und in einer der genannten Formen&nbsp; bis sp\u00e4testens 27. Mai&nbsp; 2026&nbsp; eigegangen sind<\/b><span style=\"font-weight: 400;\">.&nbsp; Die Entscheidung&nbsp; \u00fcber die F\u00f6rderungszusage sowie \u00fcber die jeweilige F\u00f6rderungsh\u00f6he erfolgt nach Eingang der entsprechenden Information&nbsp; des VdG&nbsp; \u2013 fr\u00fchestens <\/span><b>ab dem 20. Juni 2026<\/b><span style=\"font-weight: 400;\">.&nbsp;<\/span><\/p>\n<p>&nbsp;<\/p>\n<p><span style=\"font-weight: 400;\">Wichtige Informationen:&nbsp;<\/span><\/p>\n<p><span style=\"font-weight: 400;\">&#8211;&nbsp; Zeitraum f\u00fcr die Durchf\u00fchrung der Projekte:&nbsp; <\/span><b>27.11.-20.12.2026<\/b><\/p>\n<p><span style=\"font-weight: 400;\">&#8211;&nbsp; Teilnehmeranzahl: <\/span><b>mindestens 50 Personen<\/b><\/p>\n<p><b>&#8211;&nbsp; <\/b><span style=\"font-weight: 400;\">Auftritt von mindestens zwei deutschen K\u00fcnstlern<\/span><\/p>\n<p><span style=\"font-weight: 400;\">&#8211;&nbsp; Abrechnung: Sachbericht, korrekt beschriebene Rechnungen, Teilnehmerliste, mindestens vier Fotos sowie mindestens zwei Medienbeitr\u00e4ge (Artikel, Interviews oder Berichterstattungen in lokalen Medien oder in sozialen Medien der SKGD)&nbsp;<\/span><\/p>\n<p><span style=\"font-weight: 400;\">&#8211;&nbsp; H\u00f6he der Eigenmittel \/ Drittmittel: <\/span><b>600,00 PLN, ca. 14% des Projektsbudgets<\/b><\/p>\n<p><span style=\"font-weight: 400;\">&#8211;&nbsp; Die Auszahlung der F\u00f6rderung erfolgt nach Vorlage der vollst\u00e4ndigen Abrechnung<\/span><\/p>\n<p><span style=\"font-weight: 400;\">&#8211; Abrechnungsfrist: maximal 2 Wochen nach Durchf\u00fchrung des Projekts. In begr\u00fcndeten Ausnahmef\u00e4llen besteht die M\u00f6glichkeit, Rechnungen vom SKGD-B\u00fcro direkt per \u00dcberweisung zu&nbsp;<\/span><\/p>\n<p><span style=\"font-weight: 400;\">begleichen. In diesem Fall ist die vollst\u00e4ndige Abrechnung sp\u00e4testens innerhalb von f\u00fcnf Werktagen nach Projektdurchf\u00fchrung vorzulegen.<\/span><\/p>\n<p>&nbsp;<\/p>\n<p><span style=\"font-weight: 400;\">M\u00f6gliche Kosten:<\/span><\/p>\n<p><span style=\"font-weight: 400;\">&#8211;&nbsp; Musikalische Umrahmung: <\/span><b>bis 2&nbsp;310,00 PLN<\/b><\/p>\n<p><span style=\"font-weight: 400;\">&#8211;&nbsp; B\u00fchnenbeschallung: <\/span><b>bis 630,00 PLN<\/b><\/p>\n<p><span style=\"font-weight: 400;\">&#8211;&nbsp; Moderation: <\/span><b>bis 395,00 PLN<\/b><span style=\"font-weight: 400;\">&nbsp;<\/span><\/p>\n<p><span style=\"font-weight: 400;\">&#8211;&nbsp; Dekorationsmaterialien: <\/span><b>bis 250,00 PLN<\/b><\/p>\n<p><span style=\"font-weight: 400;\">&#8211;&nbsp; GEMA-Kosten: <\/span><b>bis 210,00 PLN<\/b><\/p>\n<p><span style=\"font-weight: 400;\">&#8211;&nbsp; Hei\u00dfe Getr\u00e4nke: bis 12,00 PLN pro Person <\/span><b>(maximal 600,00 PLN Eigen- oder Drittmittel)<\/b><\/p>\n<p><b>Die Kaution f\u00fcr Flaschen ist weder als Zuschuss noch als Eigenmittel anerkennungsf\u00e4hig!<\/b><span style=\"font-weight: 400;\">&nbsp;<\/span><\/p>\n<p><span style=\"font-weight: 400;\">&#8211; Die maximale F\u00f6rderung des Projekts betr\u00e4gt: <\/span><b>3&nbsp;795,00 PLN<\/b><span style=\"font-weight: 400;\">&nbsp;<\/span><\/p>\n<p>&nbsp;<\/p>\n<p><span style=\"font-weight: 400;\">Bei Fragen wenden Sie sich bitte an Frau And\u017celika Przezdzink, Tel. 77 40 21&nbsp;073, E-Mail: <\/span><a href=\"mailto:andzelika.przezdzink@skgd.pl\"><span style=\"font-weight: 400;\">andzelika.przezdzink@skgd.pl<\/span><\/a><\/p>\n<p>&nbsp;[\/vc_column_text][\/vc_column][vc_column width=&#8221;1\/4&#8243;][vc_column_text]<\/p>\n<section class=\"span3\" style=\"margin-top: -22px;\">\n<div class=\"col-left\">\n<div id=\"execphp-2\" class=\"widget m_bottom_25 widget_execphp\">\n<div class=\"execphpwidget\">\n<div id=\"archives-2\" class=\"widget widget_archive kontakt\" style=\"border-color: #1F97FF !important;\">\n<h4 class=\"h4 heading-h4\" style=\"margin-bottom: 0px; text-align: center;\"><strong>Kontakt<\/strong><\/h4>\n<div class=\"kontakt\">\n<p><span>And\u017celika Przezdzink<\/span><\/p>\n<p><span>Tel. 77 40 21 073<br \/>\n<\/span><\/p>\n<p><span>E-Mail:&nbsp;<\/span><a href=\"mailto:andzelika.przezdzink@skgd.pl\"><span>andzelika.przezdzink@skgd.pl<\/span><\/a><\/p>\n<\/div>\n<h4 class=\"h4 heading-h4\" style=\"margin-bottom: 20px; margin-top: 10px; text-align: center;\"><strong>Pliki do pobrania<\/strong><\/h4>\n<p><a href=\"https:\/\/skgd.pl\/wp-content\/uploads\/2026\/05\/Festliche-Adventszeit-2026-DE-PL.docx\">Festliche Adventszeit 2026 DE-PL<\/a><\/p>\n<p><a href=\"https:\/\/skgd.pl\/wp-content\/uploads\/2026\/05\/Festliche-Adventszeit-2026-DE-PL.pdf\">Festliche Adventszeit 2026 DE-PL (pdf)<\/a><\/p>\n<p><a href=\"https:\/\/skgd.pl\/wp-content\/uploads\/2026\/05\/Muster-Antrag-Festliche-Adventszeit-im-Jahr-2026-\u2014-dla-DFK.doc\">Muster-Antrag-Festliche Adventszeit-im-Jahr-2026 \u2014 dla DFK<\/a><\/p>\n<p><a href=\"https:\/\/skgd.pl\/wp-content\/uploads\/2026\/05\/Muster-Antrag-Festliche-Adventszeit-im-Jahr-2026-\u2014-dla-DFK.pdf\">Muster-Antrag-Festliche Adventszeit-im-Jahr-2026 \u2014 dla DFK (pdf)<\/a><\/p>\n<p><a href=\"https:\/\/skgd.pl\/wp-content\/uploads\/2026\/03\/LOGA.zip\">LOGA<\/a><\/p>\n<p style=\"text-align: center;\"><strong>Finansowanie \/ Partnerzy<\/strong><\/p>\n<p><img loading=\"lazy\" decoding=\"async\" class=\"aligncenter wp-image-37886 size-thumbnail\" src=\"https:\/\/skgd.pl\/wp-content\/uploads\/2026\/03\/BMI-Logo-2026-150x150.png\" alt=\"\" width=\"150\" height=\"150\" srcset=\"https:\/\/skgd.pl\/wp-content\/uploads\/2026\/03\/BMI-Logo-2026-150x150.png 150w, https:\/\/skgd.pl\/wp-content\/uploads\/2026\/03\/BMI-Logo-2026-290x290.png 290w, https:\/\/skgd.pl\/wp-content\/uploads\/2026\/03\/BMI-Logo-2026-250x250.png 250w, https:\/\/skgd.pl\/wp-content\/uploads\/2026\/03\/BMI-Logo-2026-170x170.png 170w, https:\/\/skgd.pl\/wp-content\/uploads\/2026\/03\/BMI-Logo-2026-120x120.png 120w, https:\/\/skgd.pl\/wp-content\/uploads\/2026\/03\/BMI-Logo-2026-70x70.png 70w, https:\/\/skgd.pl\/wp-content\/uploads\/2026\/03\/BMI-Logo-2026-100x100.png 100w\" sizes=\"auto, (max-width: 150px) 100vw, 150px\" \/><\/p>\n<p><img loading=\"lazy\" decoding=\"async\" class=\"aligncenter wp-image-37896\" src=\"https:\/\/skgd.pl\/wp-content\/uploads\/2020\/10\/Logo_VDG_color_acronim_base-scaled-e1773127649701-300x190.jpg\" alt=\"\" width=\"180\" height=\"114\" srcset=\"https:\/\/skgd.pl\/wp-content\/uploads\/2020\/10\/Logo_VDG_color_acronim_base-scaled-e1773127649701-300x190.jpg 300w, https:\/\/skgd.pl\/wp-content\/uploads\/2020\/10\/Logo_VDG_color_acronim_base-scaled-e1773127649701-1024x650.jpg 1024w, https:\/\/skgd.pl\/wp-content\/uploads\/2020\/10\/Logo_VDG_color_acronim_base-scaled-e1773127649701-768x488.jpg 768w, https:\/\/skgd.pl\/wp-content\/uploads\/2020\/10\/Logo_VDG_color_acronim_base-scaled-e1773127649701-1536x975.jpg 1536w, https:\/\/skgd.pl\/wp-content\/uploads\/2020\/10\/Logo_VDG_color_acronim_base-scaled-e1773127649701-270x170.jpg 270w, https:\/\/skgd.pl\/wp-content\/uploads\/2020\/10\/Logo_VDG_color_acronim_base-scaled-e1773127649701-370x233.jpg 370w, https:\/\/skgd.pl\/wp-content\/uploads\/2020\/10\/Logo_VDG_color_acronim_base-scaled-e1773127649701-570x359.jpg 570w, https:\/\/skgd.pl\/wp-content\/uploads\/2020\/10\/Logo_VDG_color_acronim_base-scaled-e1773127649701-800x508.jpg 800w, https:\/\/skgd.pl\/wp-content\/uploads\/2020\/10\/Logo_VDG_color_acronim_base-scaled-e1773127649701-600x381.jpg 600w, https:\/\/skgd.pl\/wp-content\/uploads\/2020\/10\/Logo_VDG_color_acronim_base-scaled-e1773127649701.jpg 1882w\" sizes=\"auto, (max-width: 180px) 100vw, 180px\" \/><\/p>\n<\/div>\n<\/div>\n<\/div>\n<\/div>\n<\/section>\n<p>[\/vc_column_text][\/vc_column][\/vc_row]<\/p>","protected":false},"excerpt":{"rendered":"<p>[vc_row][vc_column width=&#8221;3\/4&#8243;][vc_column_text]Hiermit er\u00f6ffnen wir die Ausschreibung f\u00fcr \u201eAdvents\u201c-Projekte. Im Rahmen des Projekts ,,Festliche Adventszeit \u2013 Deutsche Traditionen in den DFKs und DMi-Organisationen\u201c sind die Projektantr\u00e4ge bis sp\u00e4testens 27. Mai 2026 einzureichen. Die Einreichung kann in Papierform oder als Scan per E-Mail an andzelika.przezdzink@skgd.pl erfolgen. Es werden ausschlie\u00dflich Projektantr\u00e4ge ber\u00fccksichtigt, die fristgerecht und in einer der [&hellip;]<\/p>\n","protected":false},"author":20,"featured_media":0,"parent":9348,"menu_order":0,"comment_status":"closed","ping_status":"closed","template":"","meta":{"footnotes":""},"class_list":["post-38263","page","type-page","status-publish","hentry"],"yoast_head":"<!-- This site is optimized with the Yoast SEO plugin v18.9 - https:\/\/yoast.com\/wordpress\/plugins\/seo\/ -->\n<title>Festliche Adventszeit - Deutsche Minderheit, Sozial-Kulturelle Gesellschaft der Deutschen im Oppelner Schlesien<\/title>\n<meta name=\"robots\" content=\"index, follow, max-snippet:-1, max-image-preview:large, max-video-preview:-1\" \/>\n<link rel=\"canonical\" href=\"https:\/\/skgd.pl\/strefa-dfk\/projekty-wnioski-dokumenty-i-regulaminy\/festliche-adventszeit\/\" \/>\n<meta property=\"og:locale\" content=\"de_DE\" \/>\n<meta property=\"og:type\" content=\"article\" \/>\n<meta property=\"og:title\" content=\"Festliche Adventszeit - Deutsche Minderheit, Sozial-Kulturelle Gesellschaft der Deutschen im Oppelner Schlesien\" \/>\n<meta property=\"og:description\" content=\"[vc_row][vc_column width=&#8221;3\/4&#8243;][vc_column_text]Hiermit er\u00f6ffnen wir die Ausschreibung f\u00fcr \u201eAdvents\u201c-Projekte. Im Rahmen des Projekts ,,Festliche Adventszeit \u2013 Deutsche Traditionen in den DFKs und DMi-Organisationen\u201c sind die Projektantr\u00e4ge bis sp\u00e4testens 27. Mai 2026 einzureichen. Die Einreichung kann in Papierform oder als Scan per E-Mail an andzelika.przezdzink@skgd.pl erfolgen. Es werden ausschlie\u00dflich Projektantr\u00e4ge ber\u00fccksichtigt, die fristgerecht und in einer der [&hellip;]\" \/>\n<meta property=\"og:url\" content=\"https:\/\/skgd.pl\/strefa-dfk\/projekty-wnioski-dokumenty-i-regulaminy\/festliche-adventszeit\/\" \/>\n<meta property=\"og:site_name\" content=\"Deutsche Minderheit, Sozial-Kulturelle Gesellschaft der Deutschen im Oppelner Schlesien\" \/>\n<meta property=\"og:image\" content=\"https:\/\/skgd.pl\/wp-content\/uploads\/2026\/03\/BMI-Logo-2026-150x150.png\" \/>\n<meta name=\"twitter:card\" content=\"summary_large_image\" \/>\n<meta name=\"twitter:label1\" content=\"Gesch\u00e4tzte Lesezeit\" \/>\n\t<meta name=\"twitter:data1\" content=\"4\u00a0Minuten\" \/>\n<script type=\"application\/ld+json\" class=\"yoast-schema-graph\">{\"@context\":\"https:\/\/schema.org\",\"@graph\":[{\"@type\":\"WebSite\",\"@id\":\"https:\/\/skgd.pl\/#website\",\"url\":\"https:\/\/skgd.pl\/\",\"name\":\"Deutsche Minderheit, Sozial-Kulturelle Gesellschaft der Deutschen im Oppelner Schlesien\",\"description\":\"Deutsche Minderheit in Polen\",\"potentialAction\":[{\"@type\":\"SearchAction\",\"target\":{\"@type\":\"EntryPoint\",\"urlTemplate\":\"https:\/\/skgd.pl\/?s={search_term_string}\"},\"query-input\":\"required name=search_term_string\"}],\"inLanguage\":\"de\"},{\"@type\":\"ImageObject\",\"inLanguage\":\"de\",\"@id\":\"https:\/\/skgd.pl\/strefa-dfk\/projekty-wnioski-dokumenty-i-regulaminy\/festliche-adventszeit\/#primaryimage\",\"url\":\"https:\/\/skgd.pl\/wp-content\/uploads\/2026\/03\/BMI-Logo-2026.png\",\"contentUrl\":\"https:\/\/skgd.pl\/wp-content\/uploads\/2026\/03\/BMI-Logo-2026.png\",\"width\":294,\"height\":300},{\"@type\":\"WebPage\",\"@id\":\"https:\/\/skgd.pl\/strefa-dfk\/projekty-wnioski-dokumenty-i-regulaminy\/festliche-adventszeit\/#webpage\",\"url\":\"https:\/\/skgd.pl\/strefa-dfk\/projekty-wnioski-dokumenty-i-regulaminy\/festliche-adventszeit\/\",\"name\":\"Festliche Adventszeit - Deutsche Minderheit, Sozial-Kulturelle Gesellschaft der Deutschen im Oppelner Schlesien\",\"isPartOf\":{\"@id\":\"https:\/\/skgd.pl\/#website\"},\"primaryImageOfPage\":{\"@id\":\"https:\/\/skgd.pl\/strefa-dfk\/projekty-wnioski-dokumenty-i-regulaminy\/festliche-adventszeit\/#primaryimage\"},\"datePublished\":\"2026-05-13T11:21:04+00:00\",\"dateModified\":\"2026-05-13T11:21:04+00:00\",\"breadcrumb\":{\"@id\":\"https:\/\/skgd.pl\/strefa-dfk\/projekty-wnioski-dokumenty-i-regulaminy\/festliche-adventszeit\/#breadcrumb\"},\"inLanguage\":\"de\",\"potentialAction\":[{\"@type\":\"ReadAction\",\"target\":[\"https:\/\/skgd.pl\/strefa-dfk\/projekty-wnioski-dokumenty-i-regulaminy\/festliche-adventszeit\/\"]}]},{\"@type\":\"BreadcrumbList\",\"@id\":\"https:\/\/skgd.pl\/strefa-dfk\/projekty-wnioski-dokumenty-i-regulaminy\/festliche-adventszeit\/#breadcrumb\",\"itemListElement\":[{\"@type\":\"ListItem\",\"position\":1,\"name\":\"Strona g\u0142\u00f3wna\",\"item\":\"https:\/\/skgd.pl\/\"},{\"@type\":\"ListItem\",\"position\":2,\"name\":\"Strefa DFK\",\"item\":\"https:\/\/skgd.pl\/strefa-dfk\/\"},{\"@type\":\"ListItem\",\"position\":3,\"name\":\"Projekty: wnioski, dokumenty i regulaminy\",\"item\":\"https:\/\/skgd.pl\/strefa-dfk\/projekty-wnioski-dokumenty-i-regulaminy\/\"},{\"@type\":\"ListItem\",\"position\":4,\"name\":\"Festliche Adventszeit\"}]}]}<\/script>\n<!-- \/ Yoast SEO plugin. -->","yoast_head_json":{"title":"Festliche Adventszeit - Deutsche Minderheit, Sozial-Kulturelle Gesellschaft der Deutschen im Oppelner Schlesien","robots":{"index":"index","follow":"follow","max-snippet":"max-snippet:-1","max-image-preview":"max-image-preview:large","max-video-preview":"max-video-preview:-1"},"canonical":"https:\/\/skgd.pl\/strefa-dfk\/projekty-wnioski-dokumenty-i-regulaminy\/festliche-adventszeit\/","og_locale":"de_DE","og_type":"article","og_title":"Festliche Adventszeit - Deutsche Minderheit, Sozial-Kulturelle Gesellschaft der Deutschen im Oppelner Schlesien","og_description":"[vc_row][vc_column width=&#8221;3\/4&#8243;][vc_column_text]Hiermit er\u00f6ffnen wir die Ausschreibung f\u00fcr \u201eAdvents\u201c-Projekte. Im Rahmen des Projekts ,,Festliche Adventszeit \u2013 Deutsche Traditionen in den DFKs und DMi-Organisationen\u201c sind die Projektantr\u00e4ge bis sp\u00e4testens 27. Mai 2026 einzureichen. Die Einreichung kann in Papierform oder als Scan per E-Mail an andzelika.przezdzink@skgd.pl erfolgen. Es werden ausschlie\u00dflich Projektantr\u00e4ge ber\u00fccksichtigt, die fristgerecht und in einer der [&hellip;]","og_url":"https:\/\/skgd.pl\/strefa-dfk\/projekty-wnioski-dokumenty-i-regulaminy\/festliche-adventszeit\/","og_site_name":"Deutsche Minderheit, Sozial-Kulturelle Gesellschaft der Deutschen im Oppelner Schlesien","og_image":[{"url":"https:\/\/skgd.pl\/wp-content\/uploads\/2026\/03\/BMI-Logo-2026-150x150.png"}],"twitter_card":"summary_large_image","twitter_misc":{"Gesch\u00e4tzte Lesezeit":"4\u00a0Minuten"},"schema":{"@context":"https:\/\/schema.org","@graph":[{"@type":"WebSite","@id":"https:\/\/skgd.pl\/#website","url":"https:\/\/skgd.pl\/","name":"Deutsche Minderheit, Sozial-Kulturelle Gesellschaft der Deutschen im Oppelner Schlesien","description":"Deutsche Minderheit in Polen","potentialAction":[{"@type":"SearchAction","target":{"@type":"EntryPoint","urlTemplate":"https:\/\/skgd.pl\/?s={search_term_string}"},"query-input":"required name=search_term_string"}],"inLanguage":"de"},{"@type":"ImageObject","inLanguage":"de","@id":"https:\/\/skgd.pl\/strefa-dfk\/projekty-wnioski-dokumenty-i-regulaminy\/festliche-adventszeit\/#primaryimage","url":"https:\/\/skgd.pl\/wp-content\/uploads\/2026\/03\/BMI-Logo-2026.png","contentUrl":"https:\/\/skgd.pl\/wp-content\/uploads\/2026\/03\/BMI-Logo-2026.png","width":294,"height":300},{"@type":"WebPage","@id":"https:\/\/skgd.pl\/strefa-dfk\/projekty-wnioski-dokumenty-i-regulaminy\/festliche-adventszeit\/#webpage","url":"https:\/\/skgd.pl\/strefa-dfk\/projekty-wnioski-dokumenty-i-regulaminy\/festliche-adventszeit\/","name":"Festliche Adventszeit - Deutsche Minderheit, Sozial-Kulturelle Gesellschaft der Deutschen im Oppelner Schlesien","isPartOf":{"@id":"https:\/\/skgd.pl\/#website"},"primaryImageOfPage":{"@id":"https:\/\/skgd.pl\/strefa-dfk\/projekty-wnioski-dokumenty-i-regulaminy\/festliche-adventszeit\/#primaryimage"},"datePublished":"2026-05-13T11:21:04+00:00","dateModified":"2026-05-13T11:21:04+00:00","breadcrumb":{"@id":"https:\/\/skgd.pl\/strefa-dfk\/projekty-wnioski-dokumenty-i-regulaminy\/festliche-adventszeit\/#breadcrumb"},"inLanguage":"de","potentialAction":[{"@type":"ReadAction","target":["https:\/\/skgd.pl\/strefa-dfk\/projekty-wnioski-dokumenty-i-regulaminy\/festliche-adventszeit\/"]}]},{"@type":"BreadcrumbList","@id":"https:\/\/skgd.pl\/strefa-dfk\/projekty-wnioski-dokumenty-i-regulaminy\/festliche-adventszeit\/#breadcrumb","itemListElement":[{"@type":"ListItem","position":1,"name":"Strona g\u0142\u00f3wna","item":"https:\/\/skgd.pl\/"},{"@type":"ListItem","position":2,"name":"Strefa DFK","item":"https:\/\/skgd.pl\/strefa-dfk\/"},{"@type":"ListItem","position":3,"name":"Projekty: wnioski, dokumenty i regulaminy","item":"https:\/\/skgd.pl\/strefa-dfk\/projekty-wnioski-dokumenty-i-regulaminy\/"},{"@type":"ListItem","position":4,"name":"Festliche Adventszeit"}]}]}},"_links":{"self":[{"href":"https:\/\/skgd.pl\/de\/wp-json\/wp\/v2\/pages\/38263","targetHints":{"allow":["GET"]}}],"collection":[{"href":"https:\/\/skgd.pl\/de\/wp-json\/wp\/v2\/pages"}],"about":[{"href":"https:\/\/skgd.pl\/de\/wp-json\/wp\/v2\/types\/page"}],"author":[{"embeddable":true,"href":"https:\/\/skgd.pl\/de\/wp-json\/wp\/v2\/users\/20"}],"replies":[{"embeddable":true,"href":"https:\/\/skgd.pl\/de\/wp-json\/wp\/v2\/comments?post=38263"}],"version-history":[{"count":1,"href":"https:\/\/skgd.pl\/de\/wp-json\/wp\/v2\/pages\/38263\/revisions"}],"predecessor-version":[{"id":38268,"href":"https:\/\/skgd.pl\/de\/wp-json\/wp\/v2\/pages\/38263\/revisions\/38268"}],"up":[{"embeddable":true,"href":"https:\/\/skgd.pl\/de\/wp-json\/wp\/v2\/pages\/9348"}],"wp:attachment":[{"href":"https:\/\/skgd.pl\/de\/wp-json\/wp\/v2\/media?parent=38263"}],"curies":[{"name":"wp","href":"https:\/\/api.w.org\/{rel}","templated":true}]}}