{"id":34895,"date":"2024-08-27T16:23:14","date_gmt":"2024-08-27T14:23:14","guid":{"rendered":"https:\/\/skgd.pl\/?page_id=34895"},"modified":"2024-08-27T16:24:45","modified_gmt":"2024-08-27T14:24:45","slug":"standardy-ochrony-maloletnich","status":"publish","type":"page","link":"https:\/\/skgd.pl\/de\/strefa-dfk\/projekty-wnioski-dokumenty-i-regulaminy\/dokumenty-rozliczeniowe\/standardy-ochrony-maloletnich\/","title":{"rendered":"Standardy ochrony ma\u0142oletnich"},"content":{"rendered":"<p><\/p>\n<p style=\"text-align: justify;\">\u201eNa podstawie art. 22b pkt 2 ustawy z 13 maja 2016 r. o przeciwdzia\u0142aniu zagro\u017ceniom przest\u0119pczo\u015bci\u0105 na tle seksualnym i ochronie ma\u0142oletnich (Dz. U. z 2024 r. poz. 560), Towarzystwo Spo\u0142eczno-Kulturalne Niemc\u00f3w na \u015al\u0105sku Opolskim uchwali\u0142 wprowadzenie w \u017cycie \u201ePolityki oraz procedury ochrony dzieci przed krzywdzeniem\u201d. Zach\u0119camy do zapoznania si\u0119 z tre\u015bci\u0105 dokument\u00f3w.\u201d<\/p>\n<p><a href=\"https:\/\/skgd.pl\/wp-content\/uploads\/2024\/08\/Polityka-oraz-procedury-ochrony-dzieci-przed-krzywdzeniem-TSKN-x-1.docx\"><i class=\"fa fa-arrow-down\"><\/i> Polityka oraz procedury ochrony dzieci przed krzywdzeniem TSKN x 1<\/a><\/p>\n<p><a href=\"https:\/\/skgd.pl\/wp-content\/uploads\/2024\/08\/uchwala-02_08_2024-procedury-ochrony-maloletnich.doc\"><i class=\"fa fa-arrow-down\"><\/i> Uchwa\u0142a 02_08_2024 procedury ochrony ma\u0142oletnich<\/a><\/p>\n<p><a href=\"https:\/\/skgd.pl\/wp-content\/uploads\/2024\/08\/Zalacznik-nr-1-Ankieta-x-1.docx\"><i class=\"fa fa-arrow-down\"><\/i> Za\u0142\u0105cznik nr 1 Ankieta x 1<\/a><\/p>\n<p><a href=\"https:\/\/skgd.pl\/wp-content\/uploads\/2024\/08\/Zalacznik-nr-2-Rekrutacja-TSKN.docx\"><i class=\"fa fa-arrow-down\"><\/i> Za\u0142\u0105cznik nr 2 Rekrutacja TSKN<\/a><\/p>\n<p><a href=\"https:\/\/skgd.pl\/wp-content\/uploads\/2024\/08\/Zalacznik-nr-3-Relacje-TSKN.docx\"><i class=\"fa fa-arrow-down\"><\/i> Za\u0142\u0105cznik nr 3 Relacje TSKN<\/a><\/p>\n<p><a href=\"https:\/\/skgd.pl\/wp-content\/uploads\/2024\/08\/Zalacznik-nr-4-Karta-interwencji-TSKN.docx\"><i class=\"fa fa-arrow-down\"><\/i> Za\u0142\u0105cznik nr 4 Karta interwencji TSKN<\/a><\/p>\n<p><a href=\"https:\/\/skgd.pl\/wp-content\/uploads\/2024\/08\/Zalacznik-nr-5-Wizerunek-TSKN.docx\"><i class=\"fa fa-arrow-down\"><\/i> Za\u0142\u0105cznik nr 5 Wizerunek TSKN<\/a><\/p>","protected":false},"excerpt":{"rendered":"<p>\u201eNa podstawie art. 22b pkt 2 ustawy z 13 maja 2016 r. o przeciwdzia\u0142aniu zagro\u017ceniom przest\u0119pczo\u015bci\u0105 na tle seksualnym i ochronie ma\u0142oletnich (Dz. U. z 2024 r. poz. 560), Towarzystwo Spo\u0142eczno-Kulturalne Niemc\u00f3w na \u015al\u0105sku Opolskim uchwali\u0142 wprowadzenie w \u017cycie \u201ePolityki oraz procedury ochrony dzieci przed krzywdzeniem\u201d. Zach\u0119camy do zapoznania si\u0119 z tre\u015bci\u0105 dokument\u00f3w.\u201d Polityka oraz [&hellip;]<\/p>\n","protected":false},"author":1,"featured_media":0,"parent":9798,"menu_order":0,"comment_status":"closed","ping_status":"closed","template":"","meta":{"footnotes":""},"class_list":["post-34895","page","type-page","status-publish","hentry"],"yoast_head":"<!-- This site is optimized with the Yoast SEO plugin v18.9 - https:\/\/yoast.com\/wordpress\/plugins\/seo\/ -->\n<title>Standardy ochrony ma\u0142oletnich - Deutsche Minderheit, Sozial-Kulturelle Gesellschaft der Deutschen im Oppelner Schlesien<\/title>\n<meta name=\"robots\" content=\"index, follow, max-snippet:-1, max-image-preview:large, max-video-preview:-1\" \/>\n<link rel=\"canonical\" href=\"https:\/\/skgd.pl\/strefa-dfk\/projekty-wnioski-dokumenty-i-regulaminy\/dokumenty-rozliczeniowe\/standardy-ochrony-maloletnich\/\" \/>\n<meta property=\"og:locale\" content=\"de_DE\" \/>\n<meta property=\"og:type\" content=\"article\" \/>\n<meta property=\"og:title\" content=\"Standardy ochrony ma\u0142oletnich - Deutsche Minderheit, Sozial-Kulturelle Gesellschaft der Deutschen im Oppelner Schlesien\" \/>\n<meta property=\"og:description\" content=\"\u201eNa podstawie art. 22b pkt 2 ustawy z 13 maja 2016 r. o przeciwdzia\u0142aniu zagro\u017ceniom przest\u0119pczo\u015bci\u0105 na tle seksualnym i ochronie ma\u0142oletnich (Dz. U. z 2024 r. poz. 560), Towarzystwo Spo\u0142eczno-Kulturalne Niemc\u00f3w na \u015al\u0105sku Opolskim uchwali\u0142 wprowadzenie w \u017cycie \u201ePolityki oraz procedury ochrony dzieci przed krzywdzeniem\u201d. Zach\u0119camy do zapoznania si\u0119 z tre\u015bci\u0105 dokument\u00f3w.\u201d Polityka oraz [&hellip;]\" \/>\n<meta property=\"og:url\" content=\"https:\/\/skgd.pl\/strefa-dfk\/projekty-wnioski-dokumenty-i-regulaminy\/dokumenty-rozliczeniowe\/standardy-ochrony-maloletnich\/\" \/>\n<meta property=\"og:site_name\" content=\"Deutsche Minderheit, Sozial-Kulturelle Gesellschaft der Deutschen im Oppelner Schlesien\" \/>\n<meta property=\"article:modified_time\" content=\"2024-08-27T14:24:45+00:00\" \/>\n<meta name=\"twitter:card\" content=\"summary_large_image\" \/>\n<meta name=\"twitter:label1\" content=\"Gesch\u00e4tzte Lesezeit\" \/>\n\t<meta name=\"twitter:data1\" content=\"1\u00a0Minute\" \/>\n<script type=\"application\/ld+json\" class=\"yoast-schema-graph\">{\"@context\":\"https:\/\/schema.org\",\"@graph\":[{\"@type\":\"WebSite\",\"@id\":\"https:\/\/skgd.pl\/#website\",\"url\":\"https:\/\/skgd.pl\/\",\"name\":\"Deutsche Minderheit, Sozial-Kulturelle Gesellschaft der Deutschen im Oppelner Schlesien\",\"description\":\"Deutsche Minderheit in Polen\",\"potentialAction\":[{\"@type\":\"SearchAction\",\"target\":{\"@type\":\"EntryPoint\",\"urlTemplate\":\"https:\/\/skgd.pl\/?s={search_term_string}\"},\"query-input\":\"required name=search_term_string\"}],\"inLanguage\":\"de\"},{\"@type\":\"WebPage\",\"@id\":\"https:\/\/skgd.pl\/strefa-dfk\/projekty-wnioski-dokumenty-i-regulaminy\/dokumenty-rozliczeniowe\/standardy-ochrony-maloletnich\/#webpage\",\"url\":\"https:\/\/skgd.pl\/strefa-dfk\/projekty-wnioski-dokumenty-i-regulaminy\/dokumenty-rozliczeniowe\/standardy-ochrony-maloletnich\/\",\"name\":\"Standardy ochrony ma\u0142oletnich - Deutsche Minderheit, Sozial-Kulturelle Gesellschaft der Deutschen im Oppelner Schlesien\",\"isPartOf\":{\"@id\":\"https:\/\/skgd.pl\/#website\"},\"datePublished\":\"2024-08-27T14:23:14+00:00\",\"dateModified\":\"2024-08-27T14:24:45+00:00\",\"breadcrumb\":{\"@id\":\"https:\/\/skgd.pl\/strefa-dfk\/projekty-wnioski-dokumenty-i-regulaminy\/dokumenty-rozliczeniowe\/standardy-ochrony-maloletnich\/#breadcrumb\"},\"inLanguage\":\"de\",\"potentialAction\":[{\"@type\":\"ReadAction\",\"target\":[\"https:\/\/skgd.pl\/strefa-dfk\/projekty-wnioski-dokumenty-i-regulaminy\/dokumenty-rozliczeniowe\/standardy-ochrony-maloletnich\/\"]}]},{\"@type\":\"BreadcrumbList\",\"@id\":\"https:\/\/skgd.pl\/strefa-dfk\/projekty-wnioski-dokumenty-i-regulaminy\/dokumenty-rozliczeniowe\/standardy-ochrony-maloletnich\/#breadcrumb\",\"itemListElement\":[{\"@type\":\"ListItem\",\"position\":1,\"name\":\"Strona g\u0142\u00f3wna\",\"item\":\"https:\/\/skgd.pl\/\"},{\"@type\":\"ListItem\",\"position\":2,\"name\":\"Strefa DFK\",\"item\":\"https:\/\/skgd.pl\/strefa-dfk\/\"},{\"@type\":\"ListItem\",\"position\":3,\"name\":\"Projekty: wnioski, dokumenty i regulaminy\",\"item\":\"https:\/\/skgd.pl\/strefa-dfk\/projekty-wnioski-dokumenty-i-regulaminy\/\"},{\"@type\":\"ListItem\",\"position\":4,\"name\":\"Dokumenty rozliczeniowe\",\"item\":\"https:\/\/skgd.pl\/strefa-dfk\/projekty-wnioski-dokumenty-i-regulaminy\/dokumenty-rozliczeniowe\/\"},{\"@type\":\"ListItem\",\"position\":5,\"name\":\"Standardy ochrony ma\u0142oletnich\"}]}]}<\/script>\n<!-- \/ Yoast SEO plugin. -->","yoast_head_json":{"title":"Standardy ochrony ma\u0142oletnich - Deutsche Minderheit, Sozial-Kulturelle Gesellschaft der Deutschen im Oppelner Schlesien","robots":{"index":"index","follow":"follow","max-snippet":"max-snippet:-1","max-image-preview":"max-image-preview:large","max-video-preview":"max-video-preview:-1"},"canonical":"https:\/\/skgd.pl\/strefa-dfk\/projekty-wnioski-dokumenty-i-regulaminy\/dokumenty-rozliczeniowe\/standardy-ochrony-maloletnich\/","og_locale":"de_DE","og_type":"article","og_title":"Standardy ochrony ma\u0142oletnich - Deutsche Minderheit, Sozial-Kulturelle Gesellschaft der Deutschen im Oppelner Schlesien","og_description":"\u201eNa podstawie art. 22b pkt 2 ustawy z 13 maja 2016 r. o przeciwdzia\u0142aniu zagro\u017ceniom przest\u0119pczo\u015bci\u0105 na tle seksualnym i ochronie ma\u0142oletnich (Dz. U. z 2024 r. poz. 560), Towarzystwo Spo\u0142eczno-Kulturalne Niemc\u00f3w na \u015al\u0105sku Opolskim uchwali\u0142 wprowadzenie w \u017cycie \u201ePolityki oraz procedury ochrony dzieci przed krzywdzeniem\u201d. Zach\u0119camy do zapoznania si\u0119 z tre\u015bci\u0105 dokument\u00f3w.\u201d Polityka oraz [&hellip;]","og_url":"https:\/\/skgd.pl\/strefa-dfk\/projekty-wnioski-dokumenty-i-regulaminy\/dokumenty-rozliczeniowe\/standardy-ochrony-maloletnich\/","og_site_name":"Deutsche Minderheit, Sozial-Kulturelle Gesellschaft der Deutschen im Oppelner Schlesien","article_modified_time":"2024-08-27T14:24:45+00:00","twitter_card":"summary_large_image","twitter_misc":{"Gesch\u00e4tzte Lesezeit":"1\u00a0Minute"},"schema":{"@context":"https:\/\/schema.org","@graph":[{"@type":"WebSite","@id":"https:\/\/skgd.pl\/#website","url":"https:\/\/skgd.pl\/","name":"Deutsche Minderheit, Sozial-Kulturelle Gesellschaft der Deutschen im Oppelner Schlesien","description":"Deutsche Minderheit in Polen","potentialAction":[{"@type":"SearchAction","target":{"@type":"EntryPoint","urlTemplate":"https:\/\/skgd.pl\/?s={search_term_string}"},"query-input":"required name=search_term_string"}],"inLanguage":"de"},{"@type":"WebPage","@id":"https:\/\/skgd.pl\/strefa-dfk\/projekty-wnioski-dokumenty-i-regulaminy\/dokumenty-rozliczeniowe\/standardy-ochrony-maloletnich\/#webpage","url":"https:\/\/skgd.pl\/strefa-dfk\/projekty-wnioski-dokumenty-i-regulaminy\/dokumenty-rozliczeniowe\/standardy-ochrony-maloletnich\/","name":"Standardy ochrony ma\u0142oletnich - Deutsche Minderheit, Sozial-Kulturelle Gesellschaft der Deutschen im Oppelner Schlesien","isPartOf":{"@id":"https:\/\/skgd.pl\/#website"},"datePublished":"2024-08-27T14:23:14+00:00","dateModified":"2024-08-27T14:24:45+00:00","breadcrumb":{"@id":"https:\/\/skgd.pl\/strefa-dfk\/projekty-wnioski-dokumenty-i-regulaminy\/dokumenty-rozliczeniowe\/standardy-ochrony-maloletnich\/#breadcrumb"},"inLanguage":"de","potentialAction":[{"@type":"ReadAction","target":["https:\/\/skgd.pl\/strefa-dfk\/projekty-wnioski-dokumenty-i-regulaminy\/dokumenty-rozliczeniowe\/standardy-ochrony-maloletnich\/"]}]},{"@type":"BreadcrumbList","@id":"https:\/\/skgd.pl\/strefa-dfk\/projekty-wnioski-dokumenty-i-regulaminy\/dokumenty-rozliczeniowe\/standardy-ochrony-maloletnich\/#breadcrumb","itemListElement":[{"@type":"ListItem","position":1,"name":"Strona g\u0142\u00f3wna","item":"https:\/\/skgd.pl\/"},{"@type":"ListItem","position":2,"name":"Strefa DFK","item":"https:\/\/skgd.pl\/strefa-dfk\/"},{"@type":"ListItem","position":3,"name":"Projekty: wnioski, dokumenty i regulaminy","item":"https:\/\/skgd.pl\/strefa-dfk\/projekty-wnioski-dokumenty-i-regulaminy\/"},{"@type":"ListItem","position":4,"name":"Dokumenty rozliczeniowe","item":"https:\/\/skgd.pl\/strefa-dfk\/projekty-wnioski-dokumenty-i-regulaminy\/dokumenty-rozliczeniowe\/"},{"@type":"ListItem","position":5,"name":"Standardy ochrony ma\u0142oletnich"}]}]}},"_links":{"self":[{"href":"https:\/\/skgd.pl\/de\/wp-json\/wp\/v2\/pages\/34895","targetHints":{"allow":["GET"]}}],"collection":[{"href":"https:\/\/skgd.pl\/de\/wp-json\/wp\/v2\/pages"}],"about":[{"href":"https:\/\/skgd.pl\/de\/wp-json\/wp\/v2\/types\/page"}],"author":[{"embeddable":true,"href":"https:\/\/skgd.pl\/de\/wp-json\/wp\/v2\/users\/1"}],"replies":[{"embeddable":true,"href":"https:\/\/skgd.pl\/de\/wp-json\/wp\/v2\/comments?post=34895"}],"version-history":[{"count":3,"href":"https:\/\/skgd.pl\/de\/wp-json\/wp\/v2\/pages\/34895\/revisions"}],"predecessor-version":[{"id":34907,"href":"https:\/\/skgd.pl\/de\/wp-json\/wp\/v2\/pages\/34895\/revisions\/34907"}],"up":[{"embeddable":true,"href":"https:\/\/skgd.pl\/de\/wp-json\/wp\/v2\/pages\/9798"}],"wp:attachment":[{"href":"https:\/\/skgd.pl\/de\/wp-json\/wp\/v2\/media?parent=34895"}],"curies":[{"name":"wp","href":"https:\/\/api.w.org\/{rel}","templated":true}]}}