{"id":28506,"date":"2022-02-16T14:17:04","date_gmt":"2022-02-16T13:17:04","guid":{"rendered":"https:\/\/skgd.pl\/?page_id=28506"},"modified":"2025-01-02T20:26:48","modified_gmt":"2025-01-02T19:26:48","slug":"warsztaty-letnie-dla-dzieci-i-mlodziezy","status":"publish","type":"page","link":"https:\/\/skgd.pl\/de\/dzialalnosc-kulturalno-oswiatowa\/dzialalnosc-oswiatowa-tskn\/warsztaty-letnie-dla-dzieci-i-mlodziezy\/","title":{"rendered":"Sommerwerkstatt f\u00fcr Kinder und Jugendliche"},"content":{"rendered":"<p>[vc_row][vc_column width=&#8221;3\/4&#8243;][vc_column_text]<\/p>\n<p style=\"font-weight: 400; text-align: justify;\"><span>Im Sommer organisiert die SKGD im Oppelner Schlesien Sommerwerkst\u00e4tte f\u00fcr Kinder und Jugendliche aus den Reihen der deutschen Minderheit in der Oppelner Region. Seit einigen Jahren wird die Werkstatt in \u201eKompleks Turystyczny Sudety, O\u015brodek Banderoza\u201d in Ziegenhals durchgef\u00fchrt. W\u00e4hrend der Werkstatt nehmen die Teilnehmer an vielen Formen einer aktiven Freizeitbesch\u00e4ftigung im und au\u00dferhalb des Gel\u00e4ndes der Banderoza. Im Rahmen des Programms nehmen sie teil an einer thematischen Werkstatt, die u.a. die deutsche Minderheit in Polen betrifft. Sie wird von einem qualifizierten Animateur durchgef\u00fchrt. Zus\u00e4tzlich haben die Teilnehmer die M\u00f6glichkeit zu erfahren, wie die Organisationen der deutschen Minderheit in Polen arbeiten. Dies pr\u00e4sentieren die Vertreter der SKGD und des BJDM, die nach Ziegenhals fahren, um Ihre T\u00e4tigkeit darzustellen.<img loading=\"lazy\" decoding=\"async\" class=\"size-medium wp-image-35626 alignright\" src=\"https:\/\/skgd.pl\/wp-content\/uploads\/2025\/01\/sommerwerkstatt-300x225.jpg\" alt=\"\" width=\"300\" height=\"225\" srcset=\"https:\/\/skgd.pl\/wp-content\/uploads\/2025\/01\/sommerwerkstatt-300x225.jpg 300w, https:\/\/skgd.pl\/wp-content\/uploads\/2025\/01\/sommerwerkstatt-600x450.jpg 600w, https:\/\/skgd.pl\/wp-content\/uploads\/2025\/01\/sommerwerkstatt-1024x768.jpg 1024w, https:\/\/skgd.pl\/wp-content\/uploads\/2025\/01\/sommerwerkstatt-768x576.jpg 768w, https:\/\/skgd.pl\/wp-content\/uploads\/2025\/01\/sommerwerkstatt-1536x1152.jpg 1536w, https:\/\/skgd.pl\/wp-content\/uploads\/2025\/01\/sommerwerkstatt-800x600.jpg 800w, https:\/\/skgd.pl\/wp-content\/uploads\/2025\/01\/sommerwerkstatt.jpg 1600w\" sizes=\"auto, (max-width: 300px) 100vw, 300px\" \/><\/span><\/p>\n<p style=\"font-weight: 400; text-align: justify;\"><span>Die meisten Veranstaltungen werden in deutscher Sprache durchgef\u00fchrt, wodurch die Teilnehmer in st\u00e4ndigen Kontakt mit der deutschen Sprache sind.<\/span><\/p>\n<p style=\"font-weight: 400; text-align: justify;\"><span>Die Organisation der Sommerfreizeiten dient dem Erhalt der nationalen und ethnischen Identit\u00e4t der Jugend, dem Kennenlernen der Kultur und T\u00e4tigkeit der deutschen Minderheit sowie Integration und einer aktiven Erholung der Kinder und Jugendlichen aus den Reihen der deutschen Minderheit.<\/span><\/p>\n<p style=\"font-weight: 400; text-align: justify;\"><span>Das Projekt wird mitfinanziert aus den Mitteln des Bundesministeriums des Innern und f\u00fcr Heimat der Bundesrepublik Deutschland durch den Verband der deutschen sozial-kulturellen Gesellschaften in Polen.<\/span><\/p>\n<p>[\/vc_column_text][\/vc_column][vc_column width=&#8221;1\/4&#8243;][vc_column_text]<\/p>\n<section class=\"span3\" style=\"margin-top: -22px;\">&nbsp;&nbsp;&nbsp;&nbsp;&nbsp;&nbsp;&nbsp;&nbsp;&nbsp;&nbsp;&nbsp;&nbsp;&nbsp;&nbsp;&nbsp;&nbsp;&nbsp;&nbsp;&nbsp;&nbsp;&nbsp;&nbsp;&nbsp;&nbsp;&nbsp;&nbsp;&nbsp;&nbsp;&nbsp;&nbsp;&nbsp;&nbsp;&nbsp;&nbsp;&nbsp;&nbsp;<\/p>\n<div class=\"col-left\">\n<div id=\"execphp-2\" class=\"widget m_bottom_25 widget_execphp\">\n<div class=\"execphpwidget\">\n<div id=\"archives-2\" class=\"widget widget_archive kontakt\" style=\"border-color: #1F97FF !important;\">\n<div class=\"kontakt\">\n<h4 class=\"h4 heading-h4\" style=\"margin-bottom: 18px; text-align: left;\">Kontakt<\/h4>\n<p style=\"font-weight: 400;\">Daniela Rybczyk<\/p>\n<p style=\"font-weight: 400;\"><a href=\"mailto:daniela.rybczyk@skgd.pl\">daniela.rybczyk@skgd.pl<\/a><\/p>\n<p style=\"font-weight: 400;\">77 40 21&nbsp;073<\/p>\n<h4 class=\"h4 heading-h4\" style=\"margin-bottom: 10px; text-align: center;\">Finanzierung<\/h4>\n<p><img loading=\"lazy\" decoding=\"async\" width=\"291\" height=\"300\" class=\"wp-image-18425 aligncenter\" src=\"https:\/\/skgd.pl\/wp-content\/uploads\/2018\/07\/BMI_Fz_2018_Office_Farbe_de-291x300.png\" srcset=\"https:\/\/skgd.pl\/wp-content\/uploads\/2018\/07\/BMI_Fz_2018_Office_Farbe_de-291x300.png 291w, https:\/\/skgd.pl\/wp-content\/uploads\/2018\/07\/BMI_Fz_2018_Office_Farbe_de-600x618.png 600w, https:\/\/skgd.pl\/wp-content\/uploads\/2018\/07\/BMI_Fz_2018_Office_Farbe_de-768x791.png 768w, https:\/\/skgd.pl\/wp-content\/uploads\/2018\/07\/BMI_Fz_2018_Office_Farbe_de-995x1024.png 995w, https:\/\/skgd.pl\/wp-content\/uploads\/2018\/07\/BMI_Fz_2018_Office_Farbe_de-800x824.png 800w, https:\/\/skgd.pl\/wp-content\/uploads\/2018\/07\/BMI_Fz_2018_Office_Farbe_de.png 1360w\" sizes=\"auto, (max-width: 291px) 100vw, 291px\" \/><img decoding=\"async\" class=\"aligncenter\" src=\"https:\/\/skgd.pl\/wp-content\/uploads\/2016\/09\/logo-vdg.jpg\" alt=\"vdg\"><\/p>\n<\/div>\n<\/div>\n<\/div>\n<\/div>\n<\/div>\n<\/section>\n<p>[\/vc_column_text][\/vc_column][\/vc_row]<\/p>","protected":false},"excerpt":{"rendered":"<p>[vc_row][vc_column width=&#8221;3\/4&#8243;][vc_column_text] Im Sommer organisiert die SKGD im Oppelner Schlesien Sommerwerkst\u00e4tte f\u00fcr Kinder und Jugendliche aus den Reihen der deutschen Minderheit in der Oppelner Region. Seit einigen Jahren wird die Werkstatt in \u201eKompleks Turystyczny Sudety, O\u015brodek Banderoza\u201d in Ziegenhals durchgef\u00fchrt. W\u00e4hrend der Werkstatt nehmen die Teilnehmer an vielen Formen einer aktiven Freizeitbesch\u00e4ftigung im und au\u00dferhalb [&hellip;]<\/p>\n","protected":false},"author":1,"featured_media":0,"parent":9337,"menu_order":0,"comment_status":"closed","ping_status":"closed","template":"","meta":{"footnotes":""},"class_list":["post-28506","page","type-page","status-publish","hentry"],"yoast_head":"<!-- This site is optimized with the Yoast SEO plugin v18.9 - https:\/\/yoast.com\/wordpress\/plugins\/seo\/ -->\n<title>Sommerwerkstatt f\u00fcr Kinder und Jugendliche - Deutsche Minderheit, Sozial-Kulturelle Gesellschaft der Deutschen im Oppelner Schlesien<\/title>\n<meta name=\"robots\" content=\"index, follow, max-snippet:-1, max-image-preview:large, max-video-preview:-1\" \/>\n<link rel=\"canonical\" href=\"https:\/\/skgd.pl\/dzialalnosc-kulturalno-oswiatowa\/dzialalnosc-oswiatowa-tskn\/warsztaty-letnie-dla-dzieci-i-mlodziezy\/\" \/>\n<meta property=\"og:locale\" content=\"de_DE\" \/>\n<meta property=\"og:type\" content=\"article\" \/>\n<meta property=\"og:title\" content=\"Sommerwerkstatt f\u00fcr Kinder und Jugendliche - Deutsche Minderheit, Sozial-Kulturelle Gesellschaft der Deutschen im Oppelner Schlesien\" \/>\n<meta property=\"og:description\" content=\"[vc_row][vc_column width=&#8221;3\/4&#8243;][vc_column_text] Im Sommer organisiert die SKGD im Oppelner Schlesien Sommerwerkst\u00e4tte f\u00fcr Kinder und Jugendliche aus den Reihen der deutschen Minderheit in der Oppelner Region. Seit einigen Jahren wird die Werkstatt in \u201eKompleks Turystyczny Sudety, O\u015brodek Banderoza\u201d in Ziegenhals durchgef\u00fchrt. W\u00e4hrend der Werkstatt nehmen die Teilnehmer an vielen Formen einer aktiven Freizeitbesch\u00e4ftigung im und au\u00dferhalb [&hellip;]\" \/>\n<meta property=\"og:url\" content=\"https:\/\/skgd.pl\/dzialalnosc-kulturalno-oswiatowa\/dzialalnosc-oswiatowa-tskn\/warsztaty-letnie-dla-dzieci-i-mlodziezy\/\" \/>\n<meta property=\"og:site_name\" content=\"Deutsche Minderheit, Sozial-Kulturelle Gesellschaft der Deutschen im Oppelner Schlesien\" \/>\n<meta property=\"article:modified_time\" content=\"2025-01-02T19:26:48+00:00\" \/>\n<meta property=\"og:image\" content=\"https:\/\/skgd.pl\/wp-content\/uploads\/2025\/01\/sommerwerkstatt-300x225.jpg\" \/>\n<meta name=\"twitter:card\" content=\"summary_large_image\" \/>\n<meta name=\"twitter:label1\" content=\"Gesch\u00e4tzte Lesezeit\" \/>\n\t<meta name=\"twitter:data1\" content=\"3\u00a0Minuten\" \/>\n<script type=\"application\/ld+json\" class=\"yoast-schema-graph\">{\"@context\":\"https:\/\/schema.org\",\"@graph\":[{\"@type\":\"WebSite\",\"@id\":\"https:\/\/skgd.pl\/#website\",\"url\":\"https:\/\/skgd.pl\/\",\"name\":\"Deutsche Minderheit, Sozial-Kulturelle Gesellschaft der Deutschen im Oppelner Schlesien\",\"description\":\"Deutsche Minderheit in Polen\",\"potentialAction\":[{\"@type\":\"SearchAction\",\"target\":{\"@type\":\"EntryPoint\",\"urlTemplate\":\"https:\/\/skgd.pl\/?s={search_term_string}\"},\"query-input\":\"required name=search_term_string\"}],\"inLanguage\":\"de\"},{\"@type\":\"ImageObject\",\"inLanguage\":\"de\",\"@id\":\"https:\/\/skgd.pl\/dzialalnosc-kulturalno-oswiatowa\/dzialalnosc-oswiatowa-tskn\/warsztaty-letnie-dla-dzieci-i-mlodziezy\/#primaryimage\",\"url\":\"https:\/\/skgd.pl\/wp-content\/uploads\/2025\/01\/sommerwerkstatt.jpg\",\"contentUrl\":\"https:\/\/skgd.pl\/wp-content\/uploads\/2025\/01\/sommerwerkstatt.jpg\",\"width\":1600,\"height\":1200},{\"@type\":\"WebPage\",\"@id\":\"https:\/\/skgd.pl\/dzialalnosc-kulturalno-oswiatowa\/dzialalnosc-oswiatowa-tskn\/warsztaty-letnie-dla-dzieci-i-mlodziezy\/#webpage\",\"url\":\"https:\/\/skgd.pl\/dzialalnosc-kulturalno-oswiatowa\/dzialalnosc-oswiatowa-tskn\/warsztaty-letnie-dla-dzieci-i-mlodziezy\/\",\"name\":\"Sommerwerkstatt f\u00fcr Kinder und Jugendliche - Deutsche Minderheit, Sozial-Kulturelle Gesellschaft der Deutschen im Oppelner Schlesien\",\"isPartOf\":{\"@id\":\"https:\/\/skgd.pl\/#website\"},\"primaryImageOfPage\":{\"@id\":\"https:\/\/skgd.pl\/dzialalnosc-kulturalno-oswiatowa\/dzialalnosc-oswiatowa-tskn\/warsztaty-letnie-dla-dzieci-i-mlodziezy\/#primaryimage\"},\"datePublished\":\"2022-02-16T13:17:04+00:00\",\"dateModified\":\"2025-01-02T19:26:48+00:00\",\"breadcrumb\":{\"@id\":\"https:\/\/skgd.pl\/dzialalnosc-kulturalno-oswiatowa\/dzialalnosc-oswiatowa-tskn\/warsztaty-letnie-dla-dzieci-i-mlodziezy\/#breadcrumb\"},\"inLanguage\":\"de\",\"potentialAction\":[{\"@type\":\"ReadAction\",\"target\":[\"https:\/\/skgd.pl\/dzialalnosc-kulturalno-oswiatowa\/dzialalnosc-oswiatowa-tskn\/warsztaty-letnie-dla-dzieci-i-mlodziezy\/\"]}]},{\"@type\":\"BreadcrumbList\",\"@id\":\"https:\/\/skgd.pl\/dzialalnosc-kulturalno-oswiatowa\/dzialalnosc-oswiatowa-tskn\/warsztaty-letnie-dla-dzieci-i-mlodziezy\/#breadcrumb\",\"itemListElement\":[{\"@type\":\"ListItem\",\"position\":1,\"name\":\"Strona g\u0142\u00f3wna\",\"item\":\"https:\/\/skgd.pl\/\"},{\"@type\":\"ListItem\",\"position\":2,\"name\":\"Dzia\u0142alno\u015b\u0107 kulturalno &#8211; o\u015bwiatowa\",\"item\":\"https:\/\/skgd.pl\/dzialalnosc-kulturalno-oswiatowa\/\"},{\"@type\":\"ListItem\",\"position\":3,\"name\":\"Dzia\u0142alno\u015b\u0107 o\u015bwiatowa TSKN\",\"item\":\"https:\/\/skgd.pl\/dzialalnosc-kulturalno-oswiatowa\/dzialalnosc-oswiatowa-tskn\/\"},{\"@type\":\"ListItem\",\"position\":4,\"name\":\"Letnie warsztaty dla dzieci i m\u0142odzie\u017cy\"}]}]}<\/script>\n<!-- \/ Yoast SEO plugin. -->","yoast_head_json":{"title":"Sommerwerkstatt f\u00fcr Kinder und Jugendliche - Deutsche Minderheit, Sozial-Kulturelle Gesellschaft der Deutschen im Oppelner Schlesien","robots":{"index":"index","follow":"follow","max-snippet":"max-snippet:-1","max-image-preview":"max-image-preview:large","max-video-preview":"max-video-preview:-1"},"canonical":"https:\/\/skgd.pl\/dzialalnosc-kulturalno-oswiatowa\/dzialalnosc-oswiatowa-tskn\/warsztaty-letnie-dla-dzieci-i-mlodziezy\/","og_locale":"de_DE","og_type":"article","og_title":"Sommerwerkstatt f\u00fcr Kinder und Jugendliche - Deutsche Minderheit, Sozial-Kulturelle Gesellschaft der Deutschen im Oppelner Schlesien","og_description":"[vc_row][vc_column width=&#8221;3\/4&#8243;][vc_column_text] Im Sommer organisiert die SKGD im Oppelner Schlesien Sommerwerkst\u00e4tte f\u00fcr Kinder und Jugendliche aus den Reihen der deutschen Minderheit in der Oppelner Region. Seit einigen Jahren wird die Werkstatt in \u201eKompleks Turystyczny Sudety, O\u015brodek Banderoza\u201d in Ziegenhals durchgef\u00fchrt. W\u00e4hrend der Werkstatt nehmen die Teilnehmer an vielen Formen einer aktiven Freizeitbesch\u00e4ftigung im und au\u00dferhalb [&hellip;]","og_url":"https:\/\/skgd.pl\/dzialalnosc-kulturalno-oswiatowa\/dzialalnosc-oswiatowa-tskn\/warsztaty-letnie-dla-dzieci-i-mlodziezy\/","og_site_name":"Deutsche Minderheit, Sozial-Kulturelle Gesellschaft der Deutschen im Oppelner Schlesien","article_modified_time":"2025-01-02T19:26:48+00:00","og_image":[{"url":"https:\/\/skgd.pl\/wp-content\/uploads\/2025\/01\/sommerwerkstatt-300x225.jpg"}],"twitter_card":"summary_large_image","twitter_misc":{"Gesch\u00e4tzte Lesezeit":"3\u00a0Minuten"},"schema":{"@context":"https:\/\/schema.org","@graph":[{"@type":"WebSite","@id":"https:\/\/skgd.pl\/#website","url":"https:\/\/skgd.pl\/","name":"Deutsche Minderheit, Sozial-Kulturelle Gesellschaft der Deutschen im Oppelner Schlesien","description":"Deutsche Minderheit in Polen","potentialAction":[{"@type":"SearchAction","target":{"@type":"EntryPoint","urlTemplate":"https:\/\/skgd.pl\/?s={search_term_string}"},"query-input":"required name=search_term_string"}],"inLanguage":"de"},{"@type":"ImageObject","inLanguage":"de","@id":"https:\/\/skgd.pl\/dzialalnosc-kulturalno-oswiatowa\/dzialalnosc-oswiatowa-tskn\/warsztaty-letnie-dla-dzieci-i-mlodziezy\/#primaryimage","url":"https:\/\/skgd.pl\/wp-content\/uploads\/2025\/01\/sommerwerkstatt.jpg","contentUrl":"https:\/\/skgd.pl\/wp-content\/uploads\/2025\/01\/sommerwerkstatt.jpg","width":1600,"height":1200},{"@type":"WebPage","@id":"https:\/\/skgd.pl\/dzialalnosc-kulturalno-oswiatowa\/dzialalnosc-oswiatowa-tskn\/warsztaty-letnie-dla-dzieci-i-mlodziezy\/#webpage","url":"https:\/\/skgd.pl\/dzialalnosc-kulturalno-oswiatowa\/dzialalnosc-oswiatowa-tskn\/warsztaty-letnie-dla-dzieci-i-mlodziezy\/","name":"Sommerwerkstatt f\u00fcr Kinder und Jugendliche - Deutsche Minderheit, Sozial-Kulturelle Gesellschaft der Deutschen im Oppelner Schlesien","isPartOf":{"@id":"https:\/\/skgd.pl\/#website"},"primaryImageOfPage":{"@id":"https:\/\/skgd.pl\/dzialalnosc-kulturalno-oswiatowa\/dzialalnosc-oswiatowa-tskn\/warsztaty-letnie-dla-dzieci-i-mlodziezy\/#primaryimage"},"datePublished":"2022-02-16T13:17:04+00:00","dateModified":"2025-01-02T19:26:48+00:00","breadcrumb":{"@id":"https:\/\/skgd.pl\/dzialalnosc-kulturalno-oswiatowa\/dzialalnosc-oswiatowa-tskn\/warsztaty-letnie-dla-dzieci-i-mlodziezy\/#breadcrumb"},"inLanguage":"de","potentialAction":[{"@type":"ReadAction","target":["https:\/\/skgd.pl\/dzialalnosc-kulturalno-oswiatowa\/dzialalnosc-oswiatowa-tskn\/warsztaty-letnie-dla-dzieci-i-mlodziezy\/"]}]},{"@type":"BreadcrumbList","@id":"https:\/\/skgd.pl\/dzialalnosc-kulturalno-oswiatowa\/dzialalnosc-oswiatowa-tskn\/warsztaty-letnie-dla-dzieci-i-mlodziezy\/#breadcrumb","itemListElement":[{"@type":"ListItem","position":1,"name":"Strona g\u0142\u00f3wna","item":"https:\/\/skgd.pl\/"},{"@type":"ListItem","position":2,"name":"Dzia\u0142alno\u015b\u0107 kulturalno &#8211; o\u015bwiatowa","item":"https:\/\/skgd.pl\/dzialalnosc-kulturalno-oswiatowa\/"},{"@type":"ListItem","position":3,"name":"Dzia\u0142alno\u015b\u0107 o\u015bwiatowa TSKN","item":"https:\/\/skgd.pl\/dzialalnosc-kulturalno-oswiatowa\/dzialalnosc-oswiatowa-tskn\/"},{"@type":"ListItem","position":4,"name":"Letnie warsztaty dla dzieci i m\u0142odzie\u017cy"}]}]}},"_links":{"self":[{"href":"https:\/\/skgd.pl\/de\/wp-json\/wp\/v2\/pages\/28506","targetHints":{"allow":["GET"]}}],"collection":[{"href":"https:\/\/skgd.pl\/de\/wp-json\/wp\/v2\/pages"}],"about":[{"href":"https:\/\/skgd.pl\/de\/wp-json\/wp\/v2\/types\/page"}],"author":[{"embeddable":true,"href":"https:\/\/skgd.pl\/de\/wp-json\/wp\/v2\/users\/1"}],"replies":[{"embeddable":true,"href":"https:\/\/skgd.pl\/de\/wp-json\/wp\/v2\/comments?post=28506"}],"version-history":[{"count":8,"href":"https:\/\/skgd.pl\/de\/wp-json\/wp\/v2\/pages\/28506\/revisions"}],"predecessor-version":[{"id":35628,"href":"https:\/\/skgd.pl\/de\/wp-json\/wp\/v2\/pages\/28506\/revisions\/35628"}],"up":[{"embeddable":true,"href":"https:\/\/skgd.pl\/de\/wp-json\/wp\/v2\/pages\/9337"}],"wp:attachment":[{"href":"https:\/\/skgd.pl\/de\/wp-json\/wp\/v2\/media?parent=28506"}],"curies":[{"name":"wp","href":"https:\/\/api.w.org\/{rel}","templated":true}]}}