{"id":28470,"date":"2022-02-14T20:27:47","date_gmt":"2022-02-14T19:27:47","guid":{"rendered":"https:\/\/skgd.pl\/?page_id=28470"},"modified":"2022-02-15T08:54:05","modified_gmt":"2022-02-15T07:54:05","slug":"oppeln-und-oberschlesien-aus-britischer-sicht-1920-1922","status":"publish","type":"page","link":"https:\/\/skgd.pl\/de\/dzialalnosc-kulturalno-oswiatowa\/projekty-kulturalne-tskn\/oppeln-und-oberschlesien-aus-britischer-sicht-1920-1922\/","title":{"rendered":"Oppeln und Oberschlesien aus britischer Sicht 1920-1922"},"content":{"rendered":"<p>[vc_row][vc_column][vc_column_text]<strong>Opole i G\u00f3rny \u015al\u0105sk oczami brytyjskimi 1920-1922 \/ Oppeln und Oberschlesien aus britischer Sicht 1920-1922 \/ Opole-Oppeln and Upper Silesia through British eyes 1920-1922<\/strong>[\/vc_column_text][vc_column_text]<a class=\"vc_general vc_btn3 vc_btn3-size-md vc_btn3-shape-rounded vc_btn3-style-classic vc_btn3-icon-left vc_btn3-color-grey\" title=\"Download [PDF]\" href=\"https:\/\/skgd.pl\/wp-content\/uploads\/2022\/02\/British-Army-in-Opole.pdf\" download=\"\"><i class=\"vc_btn3-icon fas fa-file-pdf\"><\/i> Download [PDF]<\/a>[\/vc_column_text][vc_column_text]<\/p>\n<p style=\"text-align: justify;\">\u00adDie neueste Publikation von Dr. Gerhard Schiller und Beata Kubica, die unter dem Patronat der Sozial-Kulturellen Gesellschaft der Deutschen im Oppelner Schlesien ver\u00f6ffentlicht wurde, ist der Anwesenheit britischer Soldaten in Oppeln und Oberschlesien in den Jahren 1920-1922 gewidmet.<\/p>\n<p style=\"text-align: justify;\">Die turbulente Zeit der schlesischen Aufst\u00e4nde und des Plebiszits ist ein entscheidender Abschnitt in der Geschichte Oberschlesiens und der Stadt Oppeln. Es ist ein \u00e4u\u00dferst wichtiges Datum im kollektiven Ged\u00e4chtnis der Mitglieder der deutschen Minderheit. Der 100. Jahrestag der schlesischen Aufst\u00e4nde und des Plebiszits, der Zeit der Gr\u00fcndung der Zweiten Republik und der Weimarer Republik, ist ein idealer Zeitpunkt, um der Anwesenheit von vier Kompanien der britischen Streitkr\u00e4fte in Oppeln zu gedenken, denn diese Kontrollmissionen der britischen, franz\u00f6sischen und italienischen Truppen wurden einige Dutzend Jahre sp\u00e4ter zum Vorbild f\u00fcr die Schaffung der heutigen Praxis der UN-Friedens- und Stabilisierungsmissionen. Diese Publikation \u00fcber den Aufenthalt der britischen Truppen in den Jahren 1921-1922 bringt eine ungewohnte, neue Perspektive in die laufende Debatte anl\u00e4sslich des 100-j\u00e4hrigen Jubil\u00e4ums, \u00fcber die schlesischen Aufst\u00e4nde und das Plebiszit. F\u00fcr die Einwohner von Oppeln ist es eine gro\u00dfartige Gelegenheit, Oberschlesien und das Leben in der Stadt zu jener Zeit mit den Augen der britischen Soldaten und Offiziere sowie der Journalisten, die in der britischen und amerikanischen Presse \u00fcber ihren Aufenthalt berichteten, zu betrachten, was sicherlich ein besonderes Vergn\u00fcgen f\u00fcr Liebhaber der lokalen Geschichte ist. Die Publikation erg\u00e4nzt das Wissen \u00fcber die turbulente und tragische Zeit unter den Angeh\u00f6rigen und Mitgliedern der deutschen Minderheit.<\/p>\n<p style=\"text-align: justify;\">Die Publikation entstand dank der Unterst\u00fctzung von: Jim Powrie (Umbertide), Dr. Karsten Eichner (Wiesbaden), Dr. Ulrich Schmilewski (Karlstadt), Dr. Hywel Maslen (London), Dr. Matthias Wessinghage (Fulda), Constanze Berchtold (Marple), Heather Soutar (Dundee).<\/p>\n<p style=\"text-align: justify;\">Die in der Ver\u00f6ffentlichung verwendeten Materialien stammen von: Museum des Oppelner Schlesiens (Oppeln), Schlesische Bibliothek (Kattowitz), Durham County Record Office (Durham), S\u00fcddeutsche Zeitung-Photo (M\u00fcnchen), The National Archives (London).<\/p>\n<p style=\"text-align: justify;\">Die Ver\u00f6ffentlichung wurde auf Polnisch, Deutsch und Englisch erstellt.<\/p>\n<p style=\"text-align: justify;\">Die Ver\u00f6ffentlichung wurde im Rahmen der Aufgabe: &#8220;Opole 1921-1922 aus der Sicht britischer Soldaten&#8221;, Vertrag Nr. CDO-RIPS.526.4.2.2021, realisiert, das vollst\u00e4ndig aus den Mitteln des Oppelner Rathauses finanziert wurde.<\/p>\n<p><img loading=\"lazy\" decoding=\"async\" class=\"alignnone wp-image-28495\" src=\"https:\/\/skgd.pl\/wp-content\/uploads\/2022\/02\/opole-logo-300x300.png\" alt=\"\" width=\"107\" height=\"107\" srcset=\"https:\/\/skgd.pl\/wp-content\/uploads\/2022\/02\/opole-logo-300x300.png 300w, https:\/\/skgd.pl\/wp-content\/uploads\/2022\/02\/opole-logo-100x100.png 100w, https:\/\/skgd.pl\/wp-content\/uploads\/2022\/02\/opole-logo-600x600.png 600w, https:\/\/skgd.pl\/wp-content\/uploads\/2022\/02\/opole-logo-1024x1024.png 1024w, https:\/\/skgd.pl\/wp-content\/uploads\/2022\/02\/opole-logo-150x150.png 150w, https:\/\/skgd.pl\/wp-content\/uploads\/2022\/02\/opole-logo-768x768.png 768w, https:\/\/skgd.pl\/wp-content\/uploads\/2022\/02\/opole-logo-1536x1536.png 1536w, https:\/\/skgd.pl\/wp-content\/uploads\/2022\/02\/opole-logo-2048x2048.png 2048w, https:\/\/skgd.pl\/wp-content\/uploads\/2022\/02\/opole-logo-290x290.png 290w, https:\/\/skgd.pl\/wp-content\/uploads\/2022\/02\/opole-logo-250x250.png 250w, https:\/\/skgd.pl\/wp-content\/uploads\/2022\/02\/opole-logo-170x170.png 170w, https:\/\/skgd.pl\/wp-content\/uploads\/2022\/02\/opole-logo-120x120.png 120w, https:\/\/skgd.pl\/wp-content\/uploads\/2022\/02\/opole-logo-70x70.png 70w, https:\/\/skgd.pl\/wp-content\/uploads\/2022\/02\/opole-logo-800x800.png 800w\" sizes=\"auto, (max-width: 107px) 100vw, 107px\" \/>[\/vc_column_text][\/vc_column][\/vc_row]<\/p>","protected":false},"excerpt":{"rendered":"<p>[vc_row][vc_column][vc_column_text]Opole i G\u00f3rny \u015al\u0105sk oczami brytyjskimi 1920-1922 \/ Oppeln und Oberschlesien aus britischer Sicht 1920-1922 \/ Opole-Oppeln and Upper Silesia through British eyes 1920-1922[\/vc_column_text][vc_column_text] Download [PDF][\/vc_column_text][vc_column_text] \u00adDie neueste Publikation von Dr. Gerhard Schiller und Beata Kubica, die unter dem Patronat der Sozial-Kulturellen Gesellschaft der Deutschen im Oppelner Schlesien ver\u00f6ffentlicht wurde, ist der Anwesenheit britischer Soldaten [&hellip;]<\/p>\n","protected":false},"author":1,"featured_media":0,"parent":9333,"menu_order":0,"comment_status":"closed","ping_status":"closed","template":"","meta":{"footnotes":""},"class_list":["post-28470","page","type-page","status-publish","hentry"],"yoast_head":"<!-- This site is optimized with the Yoast SEO plugin v18.9 - https:\/\/yoast.com\/wordpress\/plugins\/seo\/ -->\n<title>Oppeln und Oberschlesien aus britischer Sicht 1920-1922 - Deutsche Minderheit, Sozial-Kulturelle Gesellschaft der Deutschen im Oppelner Schlesien<\/title>\n<meta name=\"robots\" content=\"index, follow, max-snippet:-1, max-image-preview:large, max-video-preview:-1\" \/>\n<link rel=\"canonical\" href=\"https:\/\/skgd.pl\/en\/dzialalnosc-kulturalno-oswiatowa\/projekty-kulturalne-tskn\/oppeln-und-oberschlesien-aus-britischer-sicht-1920-1922\/\" \/>\n<meta property=\"og:locale\" content=\"de_DE\" \/>\n<meta property=\"og:type\" content=\"article\" \/>\n<meta property=\"og:title\" content=\"Oppeln und Oberschlesien aus britischer Sicht 1920-1922 - Deutsche Minderheit, Sozial-Kulturelle Gesellschaft der Deutschen im Oppelner Schlesien\" \/>\n<meta property=\"og:description\" content=\"[vc_row][vc_column][vc_column_text]Opole i G\u00f3rny \u015al\u0105sk oczami brytyjskimi 1920-1922 \/ Oppeln und Oberschlesien aus britischer Sicht 1920-1922 \/ Opole-Oppeln and Upper Silesia through British eyes 1920-1922[\/vc_column_text][vc_column_text] Download [PDF][\/vc_column_text][vc_column_text] \u00adDie neueste Publikation von Dr. Gerhard Schiller und Beata Kubica, die unter dem Patronat der Sozial-Kulturellen Gesellschaft der Deutschen im Oppelner Schlesien ver\u00f6ffentlicht wurde, ist der Anwesenheit britischer Soldaten [&hellip;]\" \/>\n<meta property=\"og:url\" content=\"https:\/\/skgd.pl\/en\/dzialalnosc-kulturalno-oswiatowa\/projekty-kulturalne-tskn\/oppeln-und-oberschlesien-aus-britischer-sicht-1920-1922\/\" \/>\n<meta property=\"og:site_name\" content=\"Deutsche Minderheit, Sozial-Kulturelle Gesellschaft der Deutschen im Oppelner Schlesien\" \/>\n<meta property=\"article:modified_time\" content=\"2022-02-15T07:54:05+00:00\" \/>\n<meta property=\"og:image\" content=\"https:\/\/skgd.pl\/wp-content\/uploads\/2022\/02\/opole-logo-300x300.png\" \/>\n<meta name=\"twitter:card\" content=\"summary_large_image\" \/>\n<meta name=\"twitter:label1\" content=\"Gesch\u00e4tzte Lesezeit\" \/>\n\t<meta name=\"twitter:data1\" content=\"4\u00a0Minuten\" \/>\n<script type=\"application\/ld+json\" class=\"yoast-schema-graph\">{\"@context\":\"https:\/\/schema.org\",\"@graph\":[{\"@type\":\"WebSite\",\"@id\":\"https:\/\/skgd.pl\/#website\",\"url\":\"https:\/\/skgd.pl\/\",\"name\":\"Deutsche Minderheit, Sozial-Kulturelle Gesellschaft der Deutschen im Oppelner Schlesien\",\"description\":\"Deutsche Minderheit in Polen\",\"potentialAction\":[{\"@type\":\"SearchAction\",\"target\":{\"@type\":\"EntryPoint\",\"urlTemplate\":\"https:\/\/skgd.pl\/?s={search_term_string}\"},\"query-input\":\"required name=search_term_string\"}],\"inLanguage\":\"de\"},{\"@type\":\"ImageObject\",\"inLanguage\":\"de\",\"@id\":\"https:\/\/skgd.pl\/en\/dzialalnosc-kulturalno-oswiatowa\/projekty-kulturalne-tskn\/oppeln-und-oberschlesien-aus-britischer-sicht-1920-1922\/#primaryimage\",\"url\":\"https:\/\/skgd.pl\/wp-content\/uploads\/2022\/02\/opole-logo.png\",\"contentUrl\":\"https:\/\/skgd.pl\/wp-content\/uploads\/2022\/02\/opole-logo.png\",\"width\":2400,\"height\":2400},{\"@type\":\"WebPage\",\"@id\":\"https:\/\/skgd.pl\/en\/dzialalnosc-kulturalno-oswiatowa\/projekty-kulturalne-tskn\/oppeln-und-oberschlesien-aus-britischer-sicht-1920-1922\/#webpage\",\"url\":\"https:\/\/skgd.pl\/en\/dzialalnosc-kulturalno-oswiatowa\/projekty-kulturalne-tskn\/oppeln-und-oberschlesien-aus-britischer-sicht-1920-1922\/\",\"name\":\"Oppeln und Oberschlesien aus britischer Sicht 1920-1922 - Deutsche Minderheit, Sozial-Kulturelle Gesellschaft der Deutschen im Oppelner Schlesien\",\"isPartOf\":{\"@id\":\"https:\/\/skgd.pl\/#website\"},\"primaryImageOfPage\":{\"@id\":\"https:\/\/skgd.pl\/en\/dzialalnosc-kulturalno-oswiatowa\/projekty-kulturalne-tskn\/oppeln-und-oberschlesien-aus-britischer-sicht-1920-1922\/#primaryimage\"},\"datePublished\":\"2022-02-14T19:27:47+00:00\",\"dateModified\":\"2022-02-15T07:54:05+00:00\",\"breadcrumb\":{\"@id\":\"https:\/\/skgd.pl\/en\/dzialalnosc-kulturalno-oswiatowa\/projekty-kulturalne-tskn\/oppeln-und-oberschlesien-aus-britischer-sicht-1920-1922\/#breadcrumb\"},\"inLanguage\":\"de\",\"potentialAction\":[{\"@type\":\"ReadAction\",\"target\":[\"https:\/\/skgd.pl\/en\/dzialalnosc-kulturalno-oswiatowa\/projekty-kulturalne-tskn\/oppeln-und-oberschlesien-aus-britischer-sicht-1920-1922\/\"]}]},{\"@type\":\"BreadcrumbList\",\"@id\":\"https:\/\/skgd.pl\/en\/dzialalnosc-kulturalno-oswiatowa\/projekty-kulturalne-tskn\/oppeln-und-oberschlesien-aus-britischer-sicht-1920-1922\/#breadcrumb\",\"itemListElement\":[{\"@type\":\"ListItem\",\"position\":1,\"name\":\"Strona g\u0142\u00f3wna\",\"item\":\"https:\/\/skgd.pl\/\"},{\"@type\":\"ListItem\",\"position\":2,\"name\":\"Dzia\u0142alno\u015b\u0107 kulturalno &#8211; o\u015bwiatowa\",\"item\":\"https:\/\/skgd.pl\/dzialalnosc-kulturalno-oswiatowa\/\"},{\"@type\":\"ListItem\",\"position\":3,\"name\":\"Projekty Kulturalne TSKN\",\"item\":\"https:\/\/skgd.pl\/dzialalnosc-kulturalno-oswiatowa\/projekty-kulturalne-tskn\/\"},{\"@type\":\"ListItem\",\"position\":4,\"name\":\"(Polski) Opole i G\u00f3rny \u015al\u0105sk oczami brytyjskimi 1920-1922\"}]}]}<\/script>\n<!-- \/ Yoast SEO plugin. -->","yoast_head_json":{"title":"Oppeln und Oberschlesien aus britischer Sicht 1920-1922 - Deutsche Minderheit, Sozial-Kulturelle Gesellschaft der Deutschen im Oppelner Schlesien","robots":{"index":"index","follow":"follow","max-snippet":"max-snippet:-1","max-image-preview":"max-image-preview:large","max-video-preview":"max-video-preview:-1"},"canonical":"https:\/\/skgd.pl\/en\/dzialalnosc-kulturalno-oswiatowa\/projekty-kulturalne-tskn\/oppeln-und-oberschlesien-aus-britischer-sicht-1920-1922\/","og_locale":"de_DE","og_type":"article","og_title":"Oppeln und Oberschlesien aus britischer Sicht 1920-1922 - Deutsche Minderheit, Sozial-Kulturelle Gesellschaft der Deutschen im Oppelner Schlesien","og_description":"[vc_row][vc_column][vc_column_text]Opole i G\u00f3rny \u015al\u0105sk oczami brytyjskimi 1920-1922 \/ Oppeln und Oberschlesien aus britischer Sicht 1920-1922 \/ Opole-Oppeln and Upper Silesia through British eyes 1920-1922[\/vc_column_text][vc_column_text] Download [PDF][\/vc_column_text][vc_column_text] \u00adDie neueste Publikation von Dr. Gerhard Schiller und Beata Kubica, die unter dem Patronat der Sozial-Kulturellen Gesellschaft der Deutschen im Oppelner Schlesien ver\u00f6ffentlicht wurde, ist der Anwesenheit britischer Soldaten [&hellip;]","og_url":"https:\/\/skgd.pl\/en\/dzialalnosc-kulturalno-oswiatowa\/projekty-kulturalne-tskn\/oppeln-und-oberschlesien-aus-britischer-sicht-1920-1922\/","og_site_name":"Deutsche Minderheit, Sozial-Kulturelle Gesellschaft der Deutschen im Oppelner Schlesien","article_modified_time":"2022-02-15T07:54:05+00:00","og_image":[{"url":"https:\/\/skgd.pl\/wp-content\/uploads\/2022\/02\/opole-logo-300x300.png"}],"twitter_card":"summary_large_image","twitter_misc":{"Gesch\u00e4tzte Lesezeit":"4\u00a0Minuten"},"schema":{"@context":"https:\/\/schema.org","@graph":[{"@type":"WebSite","@id":"https:\/\/skgd.pl\/#website","url":"https:\/\/skgd.pl\/","name":"Deutsche Minderheit, Sozial-Kulturelle Gesellschaft der Deutschen im Oppelner Schlesien","description":"Deutsche Minderheit in Polen","potentialAction":[{"@type":"SearchAction","target":{"@type":"EntryPoint","urlTemplate":"https:\/\/skgd.pl\/?s={search_term_string}"},"query-input":"required name=search_term_string"}],"inLanguage":"de"},{"@type":"ImageObject","inLanguage":"de","@id":"https:\/\/skgd.pl\/en\/dzialalnosc-kulturalno-oswiatowa\/projekty-kulturalne-tskn\/oppeln-und-oberschlesien-aus-britischer-sicht-1920-1922\/#primaryimage","url":"https:\/\/skgd.pl\/wp-content\/uploads\/2022\/02\/opole-logo.png","contentUrl":"https:\/\/skgd.pl\/wp-content\/uploads\/2022\/02\/opole-logo.png","width":2400,"height":2400},{"@type":"WebPage","@id":"https:\/\/skgd.pl\/en\/dzialalnosc-kulturalno-oswiatowa\/projekty-kulturalne-tskn\/oppeln-und-oberschlesien-aus-britischer-sicht-1920-1922\/#webpage","url":"https:\/\/skgd.pl\/en\/dzialalnosc-kulturalno-oswiatowa\/projekty-kulturalne-tskn\/oppeln-und-oberschlesien-aus-britischer-sicht-1920-1922\/","name":"Oppeln und Oberschlesien aus britischer Sicht 1920-1922 - Deutsche Minderheit, Sozial-Kulturelle Gesellschaft der Deutschen im Oppelner Schlesien","isPartOf":{"@id":"https:\/\/skgd.pl\/#website"},"primaryImageOfPage":{"@id":"https:\/\/skgd.pl\/en\/dzialalnosc-kulturalno-oswiatowa\/projekty-kulturalne-tskn\/oppeln-und-oberschlesien-aus-britischer-sicht-1920-1922\/#primaryimage"},"datePublished":"2022-02-14T19:27:47+00:00","dateModified":"2022-02-15T07:54:05+00:00","breadcrumb":{"@id":"https:\/\/skgd.pl\/en\/dzialalnosc-kulturalno-oswiatowa\/projekty-kulturalne-tskn\/oppeln-und-oberschlesien-aus-britischer-sicht-1920-1922\/#breadcrumb"},"inLanguage":"de","potentialAction":[{"@type":"ReadAction","target":["https:\/\/skgd.pl\/en\/dzialalnosc-kulturalno-oswiatowa\/projekty-kulturalne-tskn\/oppeln-und-oberschlesien-aus-britischer-sicht-1920-1922\/"]}]},{"@type":"BreadcrumbList","@id":"https:\/\/skgd.pl\/en\/dzialalnosc-kulturalno-oswiatowa\/projekty-kulturalne-tskn\/oppeln-und-oberschlesien-aus-britischer-sicht-1920-1922\/#breadcrumb","itemListElement":[{"@type":"ListItem","position":1,"name":"Strona g\u0142\u00f3wna","item":"https:\/\/skgd.pl\/"},{"@type":"ListItem","position":2,"name":"Dzia\u0142alno\u015b\u0107 kulturalno &#8211; o\u015bwiatowa","item":"https:\/\/skgd.pl\/dzialalnosc-kulturalno-oswiatowa\/"},{"@type":"ListItem","position":3,"name":"Projekty Kulturalne TSKN","item":"https:\/\/skgd.pl\/dzialalnosc-kulturalno-oswiatowa\/projekty-kulturalne-tskn\/"},{"@type":"ListItem","position":4,"name":"(Polski) Opole i G\u00f3rny \u015al\u0105sk oczami brytyjskimi 1920-1922"}]}]}},"_links":{"self":[{"href":"https:\/\/skgd.pl\/de\/wp-json\/wp\/v2\/pages\/28470","targetHints":{"allow":["GET"]}}],"collection":[{"href":"https:\/\/skgd.pl\/de\/wp-json\/wp\/v2\/pages"}],"about":[{"href":"https:\/\/skgd.pl\/de\/wp-json\/wp\/v2\/types\/page"}],"author":[{"embeddable":true,"href":"https:\/\/skgd.pl\/de\/wp-json\/wp\/v2\/users\/1"}],"replies":[{"embeddable":true,"href":"https:\/\/skgd.pl\/de\/wp-json\/wp\/v2\/comments?post=28470"}],"version-history":[{"count":10,"href":"https:\/\/skgd.pl\/de\/wp-json\/wp\/v2\/pages\/28470\/revisions"}],"predecessor-version":[{"id":28496,"href":"https:\/\/skgd.pl\/de\/wp-json\/wp\/v2\/pages\/28470\/revisions\/28496"}],"up":[{"embeddable":true,"href":"https:\/\/skgd.pl\/de\/wp-json\/wp\/v2\/pages\/9333"}],"wp:attachment":[{"href":"https:\/\/skgd.pl\/de\/wp-json\/wp\/v2\/media?parent=28470"}],"curies":[{"name":"wp","href":"https:\/\/api.w.org\/{rel}","templated":true}]}}