{"id":28463,"date":"2022-02-14T19:32:37","date_gmt":"2022-02-14T18:32:37","guid":{"rendered":"https:\/\/skgd.pl\/?page_id=28463"},"modified":"2022-02-17T11:14:10","modified_gmt":"2022-02-17T10:14:10","slug":"formularz-dla-nauczycieli","status":"publish","type":"page","link":"https:\/\/skgd.pl\/de\/formularz-dla-nauczycieli\/","title":{"rendered":"Formularz dla nauczycieli"},"content":{"rendered":"<p>[vc_row][vc_column][vc_column_text]Kompetencje j\u0119zykowe s\u0105 kluczowe dla m\u0142odego pokolenia. J\u0119zyki to niezale\u017cno\u015b\u0107 i nowe perspektywy. Aby oferta j\u0119zykowa w naszym regionie by\u0142a bogata i mog\u0142a si\u0119 wci\u0105\u017c rozwija\u0107, postanowili\u015bmy stworzy\u0107 baz\u0119 nauczycieli germanist\u00f3w posiadaj\u0105cych dodatkowe kwalifikacje przedmiotowe oraz nauczycieli przedmiotu z dodatkow\u0105 znajomo\u015bci\u0105 j\u0119zyka niemieckiego. B\u0119dziemy wdzi\u0119czni za po\u015bwi\u0119cenie chwili na wype\u0142nienie formularza.[\/vc_column_text]\n                <div class='gf_browser_gecko gform_wrapper' id='gform_wrapper_17' ><form method='post' enctype='multipart\/form-data'  id='gform_17'  action=\"\/de\/wp-json\/wp\/v2\/pages\/28463\">\n                        <div class='gform_body'><ul id='gform_fields_17' class='gform_fields top_label form_sublabel_below description_below'><li id='field_17_1'  class='gfield gfield_contains_required field_sublabel_below field_description_below gfield_visibility_visible' ><label class='gfield_label' for='input_17_1' >Imi\u0119 i Nazwisko<span class='gfield_required'>*<\/span><\/label><div class='ginput_container ginput_container_text'><input name='input_1' id='input_17_1' type='text' value='' class='medium'     aria-required=\"true\" aria-invalid=\"false\" \/><\/div><\/li><li id='field_17_2'  class='gfield gfield_contains_required field_sublabel_below field_description_below gfield_visibility_visible' ><label class='gfield_label' for='input_17_2' >Telefon<span class='gfield_required'>*<\/span><\/label><div class='ginput_container ginput_container_text'><input name='input_2' id='input_17_2' type='text' value='' class='medium'     aria-required=\"true\" aria-invalid=\"false\" \/><\/div><\/li><li id='field_17_3'  class='gfield gfield_contains_required field_sublabel_below field_description_below gfield_visibility_visible' ><label class='gfield_label' for='input_17_3' >Email<span class='gfield_required'>*<\/span><\/label><div class='ginput_container ginput_container_email'>\n                            <input name='input_3' id='input_17_3' type='text' value='' class='medium'    aria-required=\"true\" aria-invalid=\"false\" \/>\n                        <\/div><\/li><li id='field_17_4'  class='gfield gfield_contains_required field_sublabel_below field_description_below gfield_visibility_visible' ><label class='gfield_label' for='input_17_4' >Nazwa i dane adresowe szko\u0142y<span class='gfield_required'>*<\/span><\/label><div class='ginput_container ginput_container_text'><input name='input_4' id='input_17_4' type='text' value='' class='medium'     aria-required=\"true\" aria-invalid=\"false\" \/><\/div><\/li><li id='field_17_5'  class='gfield gfield_contains_required field_sublabel_below field_description_below gfield_visibility_visible' ><label class='gfield_label' for='input_17_5' >Gmina<span class='gfield_required'>*<\/span><\/label><div class='ginput_container ginput_container_text'><input name='input_5' id='input_17_5' type='text' value='' class='medium'     aria-required=\"true\" aria-invalid=\"false\" \/><\/div><\/li><li id='field_17_6'  class='gfield gfield_contains_required field_sublabel_below field_description_below gfield_visibility_visible' ><label class='gfield_label' for='input_17_6' >Tytu\u0142 magistra<span class='gfield_required'>*<\/span><\/label><div class='ginput_container ginput_container_select'><select name='input_6' id='input_17_6' class='medium gfield_select'   aria-required=\"true\" aria-invalid=\"false\"><option value='germanistyka' >germanistyka<\/option><option value='biologia' >biologia<\/option><option value='georgafia' >georgafia<\/option><option value='wf' >wf<\/option><option value='technika' >technika<\/option><option value='plastyka' >plastyka<\/option><option value='muzyka' >muzyka<\/option><option value='religia' >religia<\/option><option value='historia' >historia<\/option><option value='matematyka' >matematyka<\/option><option value='inne' >inne<\/option><\/select><\/div><\/li><li id='field_17_7'  class='gfield field_sublabel_below field_description_below gfield_visibility_visible' ><label class='gfield_label' for='input_17_7' >Dodatkowe kwalifikacje w nauczaniu przedmiot\u00f3w ( studia podyplomowe)<\/label><div class='ginput_container ginput_container_text'><input name='input_7' id='input_17_7' type='text' value='' class='medium'      aria-invalid=\"false\" \/><\/div><\/li><li id='field_17_8'  class='gfield field_sublabel_below field_description_below gfield_visibility_visible' ><label class='gfield_label' for='input_17_8' >Znajomo\u015b\u0107 j\u0119zyka niemieckiego potwierdzona certyfikatem<\/label><div class='ginput_container ginput_container_select'><select name='input_8' id='input_17_8' class='medium gfield_select'    aria-invalid=\"false\"><option value='tak' >tak<\/option><option value='nie' >nie<\/option><\/select><\/div><\/li><li id='field_17_9'  class='gfield gfield_contains_required field_sublabel_below field_description_below gfield_visibility_visible' ><label class='gfield_label' for='input_17_9' >Poziom znajomo\u015bci j\u0119zyka niemieckiego<span class='gfield_required'>*<\/span><\/label><div class='ginput_container ginput_container_select'><select name='input_9' id='input_17_9' class='medium gfield_select'   aria-required=\"true\" aria-invalid=\"false\"><option value='A1' >A1<\/option><option value='A2' >A2<\/option><option value='B1' >B1<\/option><option value='B2' >B2<\/option><option value='C1' >C1<\/option><option value='C2' >C2<\/option><\/select><\/div><\/li><li id='field_17_10'  class='gfield gfield_contains_required field_sublabel_below field_description_below gfield_visibility_visible' ><label class='gfield_label'  >Zgoda na przetwarzanie danych osobowych.<span class='gfield_required'>*<\/span><\/label><div class='ginput_container ginput_container_checkbox'><ul class='gfield_checkbox' id='input_17_10'><li class='gchoice_17_10_1'>\n\t\t\t\t\t\t\t\t<input name='input_10.1' type='checkbox'  value='Wyra\u017cam zgod\u0119 na przetwarzanie moich danych osobowych zawartych w formularzu dla nauczycieli dla potrzeb Towarzystwa Spo\u0142eczno-Kulturalnego Niemc\u00f3w na \u015al\u0105sku Opolskim, zgodnie z art. 6 ust. 1 lit. a Rozporz\u0105dzenia Parlamentu Europejskiego i Rady (UE) 2016\/679 z dnia 27 kwietnia 2016 r. w sprawie ochrony os\u00f3b fizycznych w zwi\u0105zku z przetwarzaniem danych osobowych i w sprawie swobodnego przep\u0142ywu takich danych oraz uchylenia dyrektywy 95\/46\/WE'  id='choice_17_10_1'   \/>\n\t\t\t\t\t\t\t\t<label for='choice_17_10_1' id='label_17_10_1'>Wyra\u017cam zgod\u0119 na przetwarzanie moich danych osobowych zawartych w formularzu dla nauczycieli dla potrzeb Towarzystwa Spo\u0142eczno-Kulturalnego Niemc\u00f3w na \u015al\u0105sku Opolskim, zgodnie z art. 6 ust. 1 lit. a Rozporz\u0105dzenia Parlamentu Europejskiego i Rady (UE) 2016\/679 z dnia 27 kwietnia 2016 r. w sprawie ochrony os\u00f3b fizycznych w zwi\u0105zku z przetwarzaniem danych osobowych i w sprawie swobodnego przep\u0142ywu takich danych oraz uchylenia dyrektywy 95\/46\/WE<\/label>\n\t\t\t\t\t\t\t<\/li><\/ul><\/div><\/li>\n                            <\/ul><\/div>\n        <div class='gform_footer top_label'> <input type='image' src='https:\/\/skgd.pl\/wyslij.png' id='gform_submit_button_17' class='gform_button gform_image_button' alt='Absenden'  onclick='if(window[\"gf_submitting_17\"]){return false;}  window[\"gf_submitting_17\"]=true;  ' onkeypress='if( event.keyCode == 13 ){ if(window[\"gf_submitting_17\"]){return false;} window[\"gf_submitting_17\"]=true;  jQuery(\"#gform_17\").trigger(\"submit\",[true]); }' \/> \n            <input type='hidden' class='gform_hidden' name='is_submit_17' value='1' \/>\n            <input type='hidden' class='gform_hidden' name='gform_submit' value='17' \/>\n            \n            <input type='hidden' class='gform_hidden' name='gform_unique_id' value='' \/>\n            <input type='hidden' class='gform_hidden' name='state_17' value='WyJbXSIsIjIyYmExMGZkMmE2YTBlYjY2Y2ZkMTIyMTgzMjAyN2VlIl0=' \/>\n            <input type='hidden' class='gform_hidden' name='gform_target_page_number_17' id='gform_target_page_number_17' value='0' \/>\n            <input type='hidden' class='gform_hidden' name='gform_source_page_number_17' id='gform_source_page_number_17' value='1' \/>\n            <input type='hidden' name='gform_field_values' value='' \/>\n            \n        <\/div>\n                        <\/form>\n                        <\/div><script type='text\/javascript'> jQuery(document).bind('gform_post_render', function(event, formId, currentPage){if(formId == 17) {} } );jQuery(document).bind('gform_post_conditional_logic', function(event, formId, fields, isInit){} );<\/script><script type='text\/javascript'> jQuery(document).ready(function(){jQuery(document).trigger('gform_post_render', [17, 1]) } ); <\/script>[vc_column_text]<strong>KLAUZULA INFORMACYJNA DOTYTCZ\u0104CA PRZETWARZANIA DANYCH OSOBOWYCH<\/strong><\/p>\n<p>Zgodnie z art. 13 ust. 1 i 2 Rozporz\u0105dzenia Parlamentu Europejskiego i Rady (UE) 2016\/679 z dnia 27 kwietnia 2016 roku w sprawie ochrony os\u00f3b fizycznych w zwi\u0105zku z przetwarzaniem danych osobowych i w sprawie swobodnego przep\u0142ywu takich danych oraz uchylenia dyrektywy 95\/46\/WE (dalej RODO), obowi\u0105zuj\u0105cego od 25 maja 2018 r., informuj\u0119, i\u017c:<\/p>\n<ol>\n<li>Administratorem Pani\/Pana danych osobowych jest Towarzystwo Spo\u0142eczno-Kulturalne Niemc\u00f3w na \u015al\u0105sku Opolskim, ul. Konopnickiej 6, 45-004 Opole. Kontakt z administratorem jest mo\u017cliwy tak\u017ce za pomoc\u0105 adresu mailowego: tskn@skgd.pl<\/li>\n<li>Inspektorem Ochrony Danych Osobowych jest Aleksandra Cnota-Miko\u0142ajec. Kontakt z inspektorem jest mo\u017cliwy za pomoc\u0105 adres\u00f3w mailowych: aleksandra@eduodo.pl lub iod@eduodo.pl,<\/li>\n<li>Dane osobowe przetwarzane b\u0119d\u0105 na podstawie wyra\u017conej zgody, zgodnie z art. 6 ust. 1 lit. a RODO w celu prowadzenia listy nauczycieli j\u0119zyka niemieckiego dla potrzeb administratora, dane b\u0119d\u0105 r\u00f3wnie\u017c przetwarzane zgodnie z art. 6 ust. 1 lit. f RODO w celu zaspokojenia ewentualnych roszcze\u0144 Administratora,<\/li>\n<li>Odbiorcami danych osobowych mog\u0105 by\u0107:<\/li>\n<li>organy w\u0142adzy publicznej oraz podmioty wykonuj\u0105ce zadania publiczne lub dzia\u0142aj\u0105cych na zlecenie organ\u00f3w w\u0142adzy publicznej, w zakresie i w celach, kt\u00f3re wynikaj\u0105 z przepis\u00f3w powszechnie obowi\u0105zuj\u0105cego prawa,<\/li>\n<li>podmioty realizuj\u0105ce zadania Administratora Danych Osobowych, takie jak: operator pocztowy, bank, dostawca oprogramowania dziedzinowego, firma obs\u0142uguj\u0105ca stron\u0105 internetow\u0105 administratora,<\/li>\n<li>Dane przetwarzane b\u0119d\u0105 na czas trwania realizacji okre\u015blonego celu lub do czasu wycofania zgody z wniesieniem o usuni\u0119cie danych osobowych. W przypadkach, w kt\u00f3rych wymagaj\u0105 tego przepisy ustawy z dnia 14 lipca 1983 r. o narodowym zasobie archiwalnym i archiwach &#8211; przez czas okre\u015blony w tych przepisach.<\/li>\n<li>Ma Pani\/Pan prawo \u017c\u0105dania od Administratora:<\/li>\n<li>dost\u0119pu do swoich danych oraz otrzymania ich pierwszej kopii,<\/li>\n<li>do sprostowania (poprawiania) swoich danych,<\/li>\n<li>do usuni\u0119cia oraz ograniczenia przetwarzania danych na podstawie art. 17 RODO oraz art. 18 RODO,<\/li>\n<li>do wniesienia sprzeciwu wobec przetwarzania danych jedynie na zasadach opisanych w art. 21 RODO,<\/li>\n<li>do przenoszenia danych zgodnie z art. 20 RODO,<\/li>\n<li>prawo do cofni\u0119cia zgody w dowolnym momencie. Wycofanie zgody nie wp\u0142ywa na zgodno\u015b\u0107 z prawem przetwarzania, kt\u00f3rego dokonano na podstawie zgody przed jej wycofaniem.<\/li>\n<\/ol>\n<p>W celu skorzystania oraz uzyskania informacji dotycz\u0105cych praw okre\u015blonych powy\u017cej (lit. a-f) nale\u017cy skontaktowa\u0107 si\u0119 z Administratorem lub z Inspektorem Danych Osobowych.<\/p>\n<ol start=\"7\">\n<li>Ma Pani\/Pan prawo wniesienia skargi do organu nadzorczego (Urz\u0105d Ochrony Danych Osobowych, ul. Stawki 2, 00-193 Warszawa), gdy uzna Pani\/Pan, \u017ce przetwarzanie Pani\/Pana danych osobowych narusza przepisy ustawy o ochronie danych osobowych, a od 25 maja 2018 r. Rozporz\u0105dzenia Parlamentu Europejskiego i Rady (UE) 2016\/679 z dnia 27 kwietnia 2016 roku w sprawie ochrony os\u00f3b fizycznych w zwi\u0105zku z przetwarzaniem danych osobowych i w sprawie swobodnego przep\u0142ywu takich danych oraz uchylenia dyrektywy 95\/46\/WE,<\/li>\n<li>Zgoda jest dobrowolna.<\/li>\n<li>Pa\u0144stwa dane mog\u0105 by\u0107 przetwarzane w spos\u00f3b zautomatyzowany i nie b\u0119d\u0105 profilowane.<\/li>\n<\/ol>\n<p>[\/vc_column_text][\/vc_column][\/vc_row]<\/p>","protected":false},"excerpt":{"rendered":"<p>[vc_row][vc_column][vc_column_text]Kompetencje j\u0119zykowe s\u0105 kluczowe dla m\u0142odego pokolenia. J\u0119zyki to niezale\u017cno\u015b\u0107 i nowe perspektywy. Aby oferta j\u0119zykowa w naszym regionie by\u0142a bogata i mog\u0142a si\u0119 wci\u0105\u017c rozwija\u0107, postanowili\u015bmy stworzy\u0107 baz\u0119 nauczycieli germanist\u00f3w posiadaj\u0105cych dodatkowe kwalifikacje przedmiotowe oraz nauczycieli przedmiotu z dodatkow\u0105 znajomo\u015bci\u0105 j\u0119zyka niemieckiego. B\u0119dziemy wdzi\u0119czni za po\u015bwi\u0119cenie chwili na wype\u0142nienie formularza.[\/vc_column_text][vc_column_text]KLAUZULA INFORMACYJNA DOTYTCZ\u0104CA PRZETWARZANIA DANYCH [&hellip;]<\/p>\n","protected":false},"author":1,"featured_media":0,"parent":0,"menu_order":0,"comment_status":"closed","ping_status":"closed","template":"","meta":{"footnotes":""},"class_list":["post-28463","page","type-page","status-publish","hentry"],"yoast_head":"<!-- This site is optimized with the Yoast SEO plugin v18.9 - https:\/\/yoast.com\/wordpress\/plugins\/seo\/ -->\n<title>Formularz dla nauczycieli - Deutsche Minderheit, Sozial-Kulturelle Gesellschaft der Deutschen im Oppelner Schlesien<\/title>\n<meta name=\"robots\" content=\"index, follow, max-snippet:-1, max-image-preview:large, max-video-preview:-1\" \/>\n<link rel=\"canonical\" href=\"https:\/\/skgd.pl\/formularz-dla-nauczycieli\/\" \/>\n<meta property=\"og:locale\" content=\"de_DE\" \/>\n<meta property=\"og:type\" content=\"article\" \/>\n<meta property=\"og:title\" content=\"Formularz dla nauczycieli - Deutsche Minderheit, Sozial-Kulturelle Gesellschaft der Deutschen im Oppelner Schlesien\" \/>\n<meta property=\"og:description\" content=\"[vc_row][vc_column][vc_column_text]Kompetencje j\u0119zykowe s\u0105 kluczowe dla m\u0142odego pokolenia. J\u0119zyki to niezale\u017cno\u015b\u0107 i nowe perspektywy. Aby oferta j\u0119zykowa w naszym regionie by\u0142a bogata i mog\u0142a si\u0119 wci\u0105\u017c rozwija\u0107, postanowili\u015bmy stworzy\u0107 baz\u0119 nauczycieli germanist\u00f3w posiadaj\u0105cych dodatkowe kwalifikacje przedmiotowe oraz nauczycieli przedmiotu z dodatkow\u0105 znajomo\u015bci\u0105 j\u0119zyka niemieckiego. B\u0119dziemy wdzi\u0119czni za po\u015bwi\u0119cenie chwili na wype\u0142nienie formularza.[\/vc_column_text][vc_column_text]KLAUZULA INFORMACYJNA DOTYTCZ\u0104CA PRZETWARZANIA DANYCH [&hellip;]\" \/>\n<meta property=\"og:url\" content=\"https:\/\/skgd.pl\/formularz-dla-nauczycieli\/\" \/>\n<meta property=\"og:site_name\" content=\"Deutsche Minderheit, Sozial-Kulturelle Gesellschaft der Deutschen im Oppelner Schlesien\" \/>\n<meta property=\"article:modified_time\" content=\"2022-02-17T10:14:10+00:00\" \/>\n<meta name=\"twitter:card\" content=\"summary_large_image\" \/>\n<meta name=\"twitter:label1\" content=\"Gesch\u00e4tzte Lesezeit\" \/>\n\t<meta name=\"twitter:data1\" content=\"6\u00a0Minuten\" \/>\n<script type=\"application\/ld+json\" class=\"yoast-schema-graph\">{\"@context\":\"https:\/\/schema.org\",\"@graph\":[{\"@type\":\"WebSite\",\"@id\":\"https:\/\/skgd.pl\/#website\",\"url\":\"https:\/\/skgd.pl\/\",\"name\":\"Deutsche Minderheit, Sozial-Kulturelle Gesellschaft der Deutschen im Oppelner Schlesien\",\"description\":\"Deutsche Minderheit in Polen\",\"potentialAction\":[{\"@type\":\"SearchAction\",\"target\":{\"@type\":\"EntryPoint\",\"urlTemplate\":\"https:\/\/skgd.pl\/?s={search_term_string}\"},\"query-input\":\"required name=search_term_string\"}],\"inLanguage\":\"de\"},{\"@type\":\"WebPage\",\"@id\":\"https:\/\/skgd.pl\/formularz-dla-nauczycieli\/#webpage\",\"url\":\"https:\/\/skgd.pl\/formularz-dla-nauczycieli\/\",\"name\":\"Formularz dla nauczycieli - Deutsche Minderheit, Sozial-Kulturelle Gesellschaft der Deutschen im Oppelner Schlesien\",\"isPartOf\":{\"@id\":\"https:\/\/skgd.pl\/#website\"},\"datePublished\":\"2022-02-14T18:32:37+00:00\",\"dateModified\":\"2022-02-17T10:14:10+00:00\",\"breadcrumb\":{\"@id\":\"https:\/\/skgd.pl\/formularz-dla-nauczycieli\/#breadcrumb\"},\"inLanguage\":\"de\",\"potentialAction\":[{\"@type\":\"ReadAction\",\"target\":[\"https:\/\/skgd.pl\/formularz-dla-nauczycieli\/\"]}]},{\"@type\":\"BreadcrumbList\",\"@id\":\"https:\/\/skgd.pl\/formularz-dla-nauczycieli\/#breadcrumb\",\"itemListElement\":[{\"@type\":\"ListItem\",\"position\":1,\"name\":\"Strona g\u0142\u00f3wna\",\"item\":\"https:\/\/skgd.pl\/\"},{\"@type\":\"ListItem\",\"position\":2,\"name\":\"Formularz dla nauczycieli\"}]}]}<\/script>\n<!-- \/ Yoast SEO plugin. -->","yoast_head_json":{"title":"Formularz dla nauczycieli - Deutsche Minderheit, Sozial-Kulturelle Gesellschaft der Deutschen im Oppelner Schlesien","robots":{"index":"index","follow":"follow","max-snippet":"max-snippet:-1","max-image-preview":"max-image-preview:large","max-video-preview":"max-video-preview:-1"},"canonical":"https:\/\/skgd.pl\/formularz-dla-nauczycieli\/","og_locale":"de_DE","og_type":"article","og_title":"Formularz dla nauczycieli - Deutsche Minderheit, Sozial-Kulturelle Gesellschaft der Deutschen im Oppelner Schlesien","og_description":"[vc_row][vc_column][vc_column_text]Kompetencje j\u0119zykowe s\u0105 kluczowe dla m\u0142odego pokolenia. J\u0119zyki to niezale\u017cno\u015b\u0107 i nowe perspektywy. Aby oferta j\u0119zykowa w naszym regionie by\u0142a bogata i mog\u0142a si\u0119 wci\u0105\u017c rozwija\u0107, postanowili\u015bmy stworzy\u0107 baz\u0119 nauczycieli germanist\u00f3w posiadaj\u0105cych dodatkowe kwalifikacje przedmiotowe oraz nauczycieli przedmiotu z dodatkow\u0105 znajomo\u015bci\u0105 j\u0119zyka niemieckiego. B\u0119dziemy wdzi\u0119czni za po\u015bwi\u0119cenie chwili na wype\u0142nienie formularza.[\/vc_column_text][vc_column_text]KLAUZULA INFORMACYJNA DOTYTCZ\u0104CA PRZETWARZANIA DANYCH [&hellip;]","og_url":"https:\/\/skgd.pl\/formularz-dla-nauczycieli\/","og_site_name":"Deutsche Minderheit, Sozial-Kulturelle Gesellschaft der Deutschen im Oppelner Schlesien","article_modified_time":"2022-02-17T10:14:10+00:00","twitter_card":"summary_large_image","twitter_misc":{"Gesch\u00e4tzte Lesezeit":"6\u00a0Minuten"},"schema":{"@context":"https:\/\/schema.org","@graph":[{"@type":"WebSite","@id":"https:\/\/skgd.pl\/#website","url":"https:\/\/skgd.pl\/","name":"Deutsche Minderheit, Sozial-Kulturelle Gesellschaft der Deutschen im Oppelner Schlesien","description":"Deutsche Minderheit in Polen","potentialAction":[{"@type":"SearchAction","target":{"@type":"EntryPoint","urlTemplate":"https:\/\/skgd.pl\/?s={search_term_string}"},"query-input":"required name=search_term_string"}],"inLanguage":"de"},{"@type":"WebPage","@id":"https:\/\/skgd.pl\/formularz-dla-nauczycieli\/#webpage","url":"https:\/\/skgd.pl\/formularz-dla-nauczycieli\/","name":"Formularz dla nauczycieli - Deutsche Minderheit, Sozial-Kulturelle Gesellschaft der Deutschen im Oppelner Schlesien","isPartOf":{"@id":"https:\/\/skgd.pl\/#website"},"datePublished":"2022-02-14T18:32:37+00:00","dateModified":"2022-02-17T10:14:10+00:00","breadcrumb":{"@id":"https:\/\/skgd.pl\/formularz-dla-nauczycieli\/#breadcrumb"},"inLanguage":"de","potentialAction":[{"@type":"ReadAction","target":["https:\/\/skgd.pl\/formularz-dla-nauczycieli\/"]}]},{"@type":"BreadcrumbList","@id":"https:\/\/skgd.pl\/formularz-dla-nauczycieli\/#breadcrumb","itemListElement":[{"@type":"ListItem","position":1,"name":"Strona g\u0142\u00f3wna","item":"https:\/\/skgd.pl\/"},{"@type":"ListItem","position":2,"name":"Formularz dla nauczycieli"}]}]}},"_links":{"self":[{"href":"https:\/\/skgd.pl\/de\/wp-json\/wp\/v2\/pages\/28463","targetHints":{"allow":["GET"]}}],"collection":[{"href":"https:\/\/skgd.pl\/de\/wp-json\/wp\/v2\/pages"}],"about":[{"href":"https:\/\/skgd.pl\/de\/wp-json\/wp\/v2\/types\/page"}],"author":[{"embeddable":true,"href":"https:\/\/skgd.pl\/de\/wp-json\/wp\/v2\/users\/1"}],"replies":[{"embeddable":true,"href":"https:\/\/skgd.pl\/de\/wp-json\/wp\/v2\/comments?post=28463"}],"version-history":[{"count":7,"href":"https:\/\/skgd.pl\/de\/wp-json\/wp\/v2\/pages\/28463\/revisions"}],"predecessor-version":[{"id":28558,"href":"https:\/\/skgd.pl\/de\/wp-json\/wp\/v2\/pages\/28463\/revisions\/28558"}],"wp:attachment":[{"href":"https:\/\/skgd.pl\/de\/wp-json\/wp\/v2\/media?parent=28463"}],"curies":[{"name":"wp","href":"https:\/\/api.w.org\/{rel}","templated":true}]}}