{"id":26999,"date":"2021-07-13T09:43:45","date_gmt":"2021-07-13T07:43:45","guid":{"rendered":"https:\/\/skgd.pl\/?page_id=26999"},"modified":"2021-07-13T15:42:34","modified_gmt":"2021-07-13T13:42:34","slug":"nagrania-zwyciezcow-27-konkursu-recytatorskiego-w-jezyku-niemieckim-mlodziez-recytuje-poezje-2021","status":"publish","type":"page","link":"https:\/\/skgd.pl\/de\/nagrania-zwyciezcow-27-konkursu-recytatorskiego-w-jezyku-niemieckim-mlodziez-recytuje-poezje-2021\/","title":{"rendered":"Die Aufnahmen der Gewinner des 27. Rezitationswettbewerbs in deutscher Sprache \u201eJugend tr\u00e4gt Gedichte vor\u201c 2021"},"content":{"rendered":"<p><strong>Die Aufnahmen der Gewinner des 27. Rezitationswettbewerbs in deutscher Sprache \u201eJugend tr\u00e4gt Gedichte vor\u201c 2021:<\/strong><\/p>\n<p><strong>Kategorie A:<\/strong><\/p>\n<p>1. Platz: Livia Honka<\/p>\n<p><iframe loading=\"lazy\" title=\"#2021 Rezitationswettbewerb &#039;Jugend tr\u00e4gt Gedichte vor&#039; \u2013 1. Platz: Livia Honka\" width=\"770\" height=\"433\" src=\"https:\/\/www.youtube.com\/embed\/JFRzu7MzH80?feature=oembed\" frameborder=\"0\" allow=\"accelerometer; autoplay; clipboard-write; encrypted-media; gyroscope; picture-in-picture\" allowfullscreen><\/iframe><\/p>\n<p>2. Platz: Vanessa Giza<\/p>\n<p><iframe loading=\"lazy\" title=\"#2021 Rezitationswettbewerb &#039;Jugend tr\u00e4gt Gedichte vor&#039; \u2013 2. Platz: Vanessa Giza\" width=\"770\" height=\"433\" src=\"https:\/\/www.youtube.com\/embed\/j7MXiLuwhJ4?feature=oembed\" frameborder=\"0\" allow=\"accelerometer; autoplay; clipboard-write; encrypted-media; gyroscope; picture-in-picture\" allowfullscreen><\/iframe><\/p>\n<p>2. Platz: Lara Weihs<\/p>\n<p><iframe loading=\"lazy\" title=\"#2021 Rezitationswettbewerb &#039;Jugend tr\u00e4gt Gedichte vor&#039; -2. Platz: Lara Weihs\" width=\"770\" height=\"433\" src=\"https:\/\/www.youtube.com\/embed\/2VHUJvtP1rw?feature=oembed\" frameborder=\"0\" allow=\"accelerometer; autoplay; clipboard-write; encrypted-media; gyroscope; picture-in-picture\" allowfullscreen><\/iframe><\/p>\n<p>Auszeichnung: Fabian Brzezina<\/p>\n<p><iframe loading=\"lazy\" title=\"#2021 Rezitationswettbewerb &#039;Jugend tr\u00e4gt Gedichte vor&#039; - Auszeichnung: Fabian Brzezina\" width=\"770\" height=\"433\" src=\"https:\/\/www.youtube.com\/embed\/lGrhCkdmBgk?feature=oembed\" frameborder=\"0\" allow=\"accelerometer; autoplay; clipboard-write; encrypted-media; gyroscope; picture-in-picture\" allowfullscreen><\/iframe><\/p>\n<p><strong><br \/>\nKategorie B:<\/strong><\/p>\n<p>2. Platz: Vanessa Gonsior<\/p>\n<p><iframe loading=\"lazy\" title=\"#2021 Rezitationswettbewerb &#039;Jugend tr\u00e4gt Gedichte vor&#039; \u2013 2. Platz: Vanessa Gonsior\" width=\"770\" height=\"433\" src=\"https:\/\/www.youtube.com\/embed\/lSN37ipTPwQ?feature=oembed\" frameborder=\"0\" allow=\"accelerometer; autoplay; clipboard-write; encrypted-media; gyroscope; picture-in-picture\" allowfullscreen><\/iframe><\/p>\n<p>2. Platz: Marcin Mandalka<\/p>\n<p><iframe loading=\"lazy\" title=\"#2021 Rezitationswettbewerb &#039;Jugend tr\u00e4gt Gedichte vor&#039; \u2013 2. Platz: Marcin Mandalka\" width=\"770\" height=\"433\" src=\"https:\/\/www.youtube.com\/embed\/Ojqpn3MmyfI?feature=oembed\" frameborder=\"0\" allow=\"accelerometer; autoplay; clipboard-write; encrypted-media; gyroscope; picture-in-picture\" allowfullscreen><\/iframe><\/p>\n<p>3. Platz: Zofia Gerstenberg<\/p>\n<p><iframe loading=\"lazy\" title=\"#2021 Rezitationswettbewerb &#039;Jugend tr\u00e4gt Gedichte vor&#039; \u2013 3. Platz: Zofia Gerstenberg\" width=\"770\" height=\"433\" src=\"https:\/\/www.youtube.com\/embed\/DBAVN-2nOHY?feature=oembed\" frameborder=\"0\" allow=\"accelerometer; autoplay; clipboard-write; encrypted-media; gyroscope; picture-in-picture\" allowfullscreen><\/iframe><\/p>\n<p>Auszeichnung: Pawe\u0142 Heinz<\/p>\n<p><iframe loading=\"lazy\" title=\"#2021 Rezitationswettbewerb &#039;Jugend tr\u00e4gt Gedichte vor&#039; - Auszeichnung: Pawe\u0142 Heinz\" width=\"770\" height=\"433\" src=\"https:\/\/www.youtube.com\/embed\/QS_3PZUyQ-s?feature=oembed\" frameborder=\"0\" allow=\"accelerometer; autoplay; clipboard-write; encrypted-media; gyroscope; picture-in-picture\" allowfullscreen><\/iframe><\/p>\n<p>&nbsp;<\/p>\n<p><strong>Kategorie C:<\/strong><\/p>\n<p>3. Platz: Viktor Pawleta<\/p>\n<p><iframe loading=\"lazy\" title=\"#2021 Rezitationswettbewerb &#039;Jugend tr\u00e4gt Gedichte vor&#039; \u2013 3. Platz: Viktor Pawleta\" width=\"770\" height=\"433\" src=\"https:\/\/www.youtube.com\/embed\/lsiA1ek_6XQ?feature=oembed\" frameborder=\"0\" allow=\"accelerometer; autoplay; clipboard-write; encrypted-media; gyroscope; picture-in-picture\" allowfullscreen><\/iframe><\/p>\n<p>&nbsp;<\/p>\n<p><strong>Kategorie D:<\/strong><\/p>\n<p>2. Platz: Kinga Szaforz<\/p>\n<p><iframe loading=\"lazy\" title=\"#2021 Rezitationswettbewerb &#039;Jugend tr\u00e4gt Gedichte vor&#039; \u2013 2. Platz: Kinga Szaforz\" width=\"770\" height=\"433\" src=\"https:\/\/www.youtube.com\/embed\/CvJmisfYgmY?feature=oembed\" frameborder=\"0\" allow=\"accelerometer; autoplay; clipboard-write; encrypted-media; gyroscope; picture-in-picture\" allowfullscreen><\/iframe><\/p>\n<p>3. Platz: Kamil Grohlich<\/p>\n<p><iframe loading=\"lazy\" title=\"#2021 Rezitationswettbewerb &#039;Jugend tr\u00e4gt Gedichte vor&#039; \u2013 3. Platz: Kamil Grohlich\" width=\"770\" height=\"433\" src=\"https:\/\/www.youtube.com\/embed\/P06UBGyEDSk?feature=oembed\" frameborder=\"0\" allow=\"accelerometer; autoplay; clipboard-write; encrypted-media; gyroscope; picture-in-picture\" allowfullscreen><\/iframe><\/p>\n<p>Auszeichnung: Saskia Broers<\/p>\n<p>https:\/\/youtu.be\/BPxpxpsfQYA<\/p>","protected":false},"excerpt":{"rendered":"<p>Die Aufnahmen der Gewinner des 27. Rezitationswettbewerbs in deutscher Sprache \u201eJugend tr\u00e4gt Gedichte vor\u201c 2021: Kategorie A: 1. Platz: Livia Honka 2. Platz: Vanessa Giza 2. Platz: Lara Weihs Auszeichnung: Fabian Brzezina Kategorie B: 2. Platz: Vanessa Gonsior 2. Platz: Marcin Mandalka 3. Platz: Zofia Gerstenberg Auszeichnung: Pawe\u0142 Heinz &nbsp; Kategorie C: 3. Platz: Viktor [&hellip;]<\/p>\n","protected":false},"author":1,"featured_media":0,"parent":0,"menu_order":0,"comment_status":"closed","ping_status":"closed","template":"","meta":{"footnotes":""},"class_list":["post-26999","page","type-page","status-publish","hentry"],"yoast_head":"<!-- This site is optimized with the Yoast SEO plugin v18.9 - https:\/\/yoast.com\/wordpress\/plugins\/seo\/ -->\n<title>Die Aufnahmen der Gewinner des 27. Rezitationswettbewerbs in deutscher Sprache \u201eJugend tr\u00e4gt Gedichte vor\u201c 2021 - Deutsche Minderheit, Sozial-Kulturelle Gesellschaft der Deutschen im Oppelner Schlesien<\/title>\n<meta name=\"robots\" content=\"index, follow, max-snippet:-1, max-image-preview:large, max-video-preview:-1\" \/>\n<link rel=\"canonical\" href=\"https:\/\/skgd.pl\/nagrania-zwyciezcow-27-konkursu-recytatorskiego-w-jezyku-niemieckim-mlodziez-recytuje-poezje-2021\/\" \/>\n<meta property=\"og:locale\" content=\"de_DE\" \/>\n<meta property=\"og:type\" content=\"article\" \/>\n<meta property=\"og:title\" content=\"Die Aufnahmen der Gewinner des 27. Rezitationswettbewerbs in deutscher Sprache \u201eJugend tr\u00e4gt Gedichte vor\u201c 2021 - Deutsche Minderheit, Sozial-Kulturelle Gesellschaft der Deutschen im Oppelner Schlesien\" \/>\n<meta property=\"og:description\" content=\"Die Aufnahmen der Gewinner des 27. Rezitationswettbewerbs in deutscher Sprache \u201eJugend tr\u00e4gt Gedichte vor\u201c 2021: Kategorie A: 1. Platz: Livia Honka 2. Platz: Vanessa Giza 2. Platz: Lara Weihs Auszeichnung: Fabian Brzezina Kategorie B: 2. Platz: Vanessa Gonsior 2. Platz: Marcin Mandalka 3. Platz: Zofia Gerstenberg Auszeichnung: Pawe\u0142 Heinz &nbsp; Kategorie C: 3. Platz: Viktor [&hellip;]\" \/>\n<meta property=\"og:url\" content=\"https:\/\/skgd.pl\/nagrania-zwyciezcow-27-konkursu-recytatorskiego-w-jezyku-niemieckim-mlodziez-recytuje-poezje-2021\/\" \/>\n<meta property=\"og:site_name\" content=\"Deutsche Minderheit, Sozial-Kulturelle Gesellschaft der Deutschen im Oppelner Schlesien\" \/>\n<meta property=\"article:modified_time\" content=\"2021-07-13T13:42:34+00:00\" \/>\n<meta name=\"twitter:card\" content=\"summary_large_image\" \/>\n<meta name=\"twitter:label1\" content=\"Gesch\u00e4tzte Lesezeit\" \/>\n\t<meta name=\"twitter:data1\" content=\"1\u00a0Minute\" \/>\n<script type=\"application\/ld+json\" class=\"yoast-schema-graph\">{\"@context\":\"https:\/\/schema.org\",\"@graph\":[{\"@type\":\"WebSite\",\"@id\":\"https:\/\/skgd.pl\/#website\",\"url\":\"https:\/\/skgd.pl\/\",\"name\":\"Deutsche Minderheit, Sozial-Kulturelle Gesellschaft der Deutschen im Oppelner Schlesien\",\"description\":\"Deutsche Minderheit in Polen\",\"potentialAction\":[{\"@type\":\"SearchAction\",\"target\":{\"@type\":\"EntryPoint\",\"urlTemplate\":\"https:\/\/skgd.pl\/?s={search_term_string}\"},\"query-input\":\"required name=search_term_string\"}],\"inLanguage\":\"de\"},{\"@type\":\"WebPage\",\"@id\":\"https:\/\/skgd.pl\/nagrania-zwyciezcow-27-konkursu-recytatorskiego-w-jezyku-niemieckim-mlodziez-recytuje-poezje-2021\/#webpage\",\"url\":\"https:\/\/skgd.pl\/nagrania-zwyciezcow-27-konkursu-recytatorskiego-w-jezyku-niemieckim-mlodziez-recytuje-poezje-2021\/\",\"name\":\"Die Aufnahmen der Gewinner des 27. Rezitationswettbewerbs in deutscher Sprache \u201eJugend tr\u00e4gt Gedichte vor\u201c 2021 - Deutsche Minderheit, Sozial-Kulturelle Gesellschaft der Deutschen im Oppelner Schlesien\",\"isPartOf\":{\"@id\":\"https:\/\/skgd.pl\/#website\"},\"datePublished\":\"2021-07-13T07:43:45+00:00\",\"dateModified\":\"2021-07-13T13:42:34+00:00\",\"breadcrumb\":{\"@id\":\"https:\/\/skgd.pl\/nagrania-zwyciezcow-27-konkursu-recytatorskiego-w-jezyku-niemieckim-mlodziez-recytuje-poezje-2021\/#breadcrumb\"},\"inLanguage\":\"de\",\"potentialAction\":[{\"@type\":\"ReadAction\",\"target\":[\"https:\/\/skgd.pl\/nagrania-zwyciezcow-27-konkursu-recytatorskiego-w-jezyku-niemieckim-mlodziez-recytuje-poezje-2021\/\"]}]},{\"@type\":\"BreadcrumbList\",\"@id\":\"https:\/\/skgd.pl\/nagrania-zwyciezcow-27-konkursu-recytatorskiego-w-jezyku-niemieckim-mlodziez-recytuje-poezje-2021\/#breadcrumb\",\"itemListElement\":[{\"@type\":\"ListItem\",\"position\":1,\"name\":\"Strona g\u0142\u00f3wna\",\"item\":\"https:\/\/skgd.pl\/\"},{\"@type\":\"ListItem\",\"position\":2,\"name\":\"Nagrania zwyci\u0119zc\u00f3w XXVII Konkursu recytatorskiego w j\u0119zyku niemieckim \u201eM\u0142odzie\u017c recytuje poezj\u0119\u201d 2021\"}]}]}<\/script>\n<!-- \/ Yoast SEO plugin. -->","yoast_head_json":{"title":"Die Aufnahmen der Gewinner des 27. Rezitationswettbewerbs in deutscher Sprache \u201eJugend tr\u00e4gt Gedichte vor\u201c 2021 - Deutsche Minderheit, Sozial-Kulturelle Gesellschaft der Deutschen im Oppelner Schlesien","robots":{"index":"index","follow":"follow","max-snippet":"max-snippet:-1","max-image-preview":"max-image-preview:large","max-video-preview":"max-video-preview:-1"},"canonical":"https:\/\/skgd.pl\/nagrania-zwyciezcow-27-konkursu-recytatorskiego-w-jezyku-niemieckim-mlodziez-recytuje-poezje-2021\/","og_locale":"de_DE","og_type":"article","og_title":"Die Aufnahmen der Gewinner des 27. Rezitationswettbewerbs in deutscher Sprache \u201eJugend tr\u00e4gt Gedichte vor\u201c 2021 - Deutsche Minderheit, Sozial-Kulturelle Gesellschaft der Deutschen im Oppelner Schlesien","og_description":"Die Aufnahmen der Gewinner des 27. Rezitationswettbewerbs in deutscher Sprache \u201eJugend tr\u00e4gt Gedichte vor\u201c 2021: Kategorie A: 1. Platz: Livia Honka 2. Platz: Vanessa Giza 2. Platz: Lara Weihs Auszeichnung: Fabian Brzezina Kategorie B: 2. Platz: Vanessa Gonsior 2. Platz: Marcin Mandalka 3. Platz: Zofia Gerstenberg Auszeichnung: Pawe\u0142 Heinz &nbsp; Kategorie C: 3. Platz: Viktor [&hellip;]","og_url":"https:\/\/skgd.pl\/nagrania-zwyciezcow-27-konkursu-recytatorskiego-w-jezyku-niemieckim-mlodziez-recytuje-poezje-2021\/","og_site_name":"Deutsche Minderheit, Sozial-Kulturelle Gesellschaft der Deutschen im Oppelner Schlesien","article_modified_time":"2021-07-13T13:42:34+00:00","twitter_card":"summary_large_image","twitter_misc":{"Gesch\u00e4tzte Lesezeit":"1\u00a0Minute"},"schema":{"@context":"https:\/\/schema.org","@graph":[{"@type":"WebSite","@id":"https:\/\/skgd.pl\/#website","url":"https:\/\/skgd.pl\/","name":"Deutsche Minderheit, Sozial-Kulturelle Gesellschaft der Deutschen im Oppelner Schlesien","description":"Deutsche Minderheit in Polen","potentialAction":[{"@type":"SearchAction","target":{"@type":"EntryPoint","urlTemplate":"https:\/\/skgd.pl\/?s={search_term_string}"},"query-input":"required name=search_term_string"}],"inLanguage":"de"},{"@type":"WebPage","@id":"https:\/\/skgd.pl\/nagrania-zwyciezcow-27-konkursu-recytatorskiego-w-jezyku-niemieckim-mlodziez-recytuje-poezje-2021\/#webpage","url":"https:\/\/skgd.pl\/nagrania-zwyciezcow-27-konkursu-recytatorskiego-w-jezyku-niemieckim-mlodziez-recytuje-poezje-2021\/","name":"Die Aufnahmen der Gewinner des 27. Rezitationswettbewerbs in deutscher Sprache \u201eJugend tr\u00e4gt Gedichte vor\u201c 2021 - Deutsche Minderheit, Sozial-Kulturelle Gesellschaft der Deutschen im Oppelner Schlesien","isPartOf":{"@id":"https:\/\/skgd.pl\/#website"},"datePublished":"2021-07-13T07:43:45+00:00","dateModified":"2021-07-13T13:42:34+00:00","breadcrumb":{"@id":"https:\/\/skgd.pl\/nagrania-zwyciezcow-27-konkursu-recytatorskiego-w-jezyku-niemieckim-mlodziez-recytuje-poezje-2021\/#breadcrumb"},"inLanguage":"de","potentialAction":[{"@type":"ReadAction","target":["https:\/\/skgd.pl\/nagrania-zwyciezcow-27-konkursu-recytatorskiego-w-jezyku-niemieckim-mlodziez-recytuje-poezje-2021\/"]}]},{"@type":"BreadcrumbList","@id":"https:\/\/skgd.pl\/nagrania-zwyciezcow-27-konkursu-recytatorskiego-w-jezyku-niemieckim-mlodziez-recytuje-poezje-2021\/#breadcrumb","itemListElement":[{"@type":"ListItem","position":1,"name":"Strona g\u0142\u00f3wna","item":"https:\/\/skgd.pl\/"},{"@type":"ListItem","position":2,"name":"Nagrania zwyci\u0119zc\u00f3w XXVII Konkursu recytatorskiego w j\u0119zyku niemieckim \u201eM\u0142odzie\u017c recytuje poezj\u0119\u201d 2021"}]}]}},"_links":{"self":[{"href":"https:\/\/skgd.pl\/de\/wp-json\/wp\/v2\/pages\/26999","targetHints":{"allow":["GET"]}}],"collection":[{"href":"https:\/\/skgd.pl\/de\/wp-json\/wp\/v2\/pages"}],"about":[{"href":"https:\/\/skgd.pl\/de\/wp-json\/wp\/v2\/types\/page"}],"author":[{"embeddable":true,"href":"https:\/\/skgd.pl\/de\/wp-json\/wp\/v2\/users\/1"}],"replies":[{"embeddable":true,"href":"https:\/\/skgd.pl\/de\/wp-json\/wp\/v2\/comments?post=26999"}],"version-history":[{"count":4,"href":"https:\/\/skgd.pl\/de\/wp-json\/wp\/v2\/pages\/26999\/revisions"}],"predecessor-version":[{"id":27006,"href":"https:\/\/skgd.pl\/de\/wp-json\/wp\/v2\/pages\/26999\/revisions\/27006"}],"wp:attachment":[{"href":"https:\/\/skgd.pl\/de\/wp-json\/wp\/v2\/media?parent=26999"}],"curies":[{"name":"wp","href":"https:\/\/api.w.org\/{rel}","templated":true}]}}