{"id":26400,"date":"2021-05-17T22:17:59","date_gmt":"2021-05-17T20:17:59","guid":{"rendered":"https:\/\/skgd.pl\/?page_id=26400"},"modified":"2025-01-02T20:46:18","modified_gmt":"2025-01-02T19:46:18","slug":"konkurs-plastyczny","status":"publish","type":"page","link":"https:\/\/skgd.pl\/de\/dzialalnosc-kulturalno-oswiatowa\/projekty-kulturalne-tskn\/konkurs-plastyczny\/","title":{"rendered":"Kunstwettbewerb"},"content":{"rendered":"<p>[vc_row][vc_column width=&#8221;3\/4&#8243;][vc_column_text]<\/p>\n<p style=\"text-align: justify;\">&nbsp;<\/p>\n<p style=\"text-align: justify;\"><img loading=\"lazy\" decoding=\"async\" class=\"alignleft wp-image-26404 size-medium\" style=\"text-align: justify;\" src=\"https:\/\/skgd.pl\/wp-content\/uploads\/2021\/05\/logorece-300x235.jpg\" alt=\"\" width=\"300\" height=\"235\" srcset=\"https:\/\/skgd.pl\/wp-content\/uploads\/2021\/05\/logorece-300x235.jpg 300w, https:\/\/skgd.pl\/wp-content\/uploads\/2021\/05\/logorece-600x470.jpg 600w, https:\/\/skgd.pl\/wp-content\/uploads\/2021\/05\/logorece-1024x802.jpg 1024w, https:\/\/skgd.pl\/wp-content\/uploads\/2021\/05\/logorece-768x601.jpg 768w, https:\/\/skgd.pl\/wp-content\/uploads\/2021\/05\/logorece-800x627.jpg 800w, https:\/\/skgd.pl\/wp-content\/uploads\/2021\/05\/logorece.jpg 1056w\" sizes=\"auto, (max-width: 300px) 100vw, 300px\" \/>Kunstwettbewerb. 30 Jahre der deutsch-polnischer Nachbarschaftsvertrages.<\/p>\n<p>Der Wettbewerb l\u00e4uft vom 17.05.2021 bis zum 14.09.2021 und richtet sich an Kinder und Jugendliche der Deutschen Minderheit aus der Woiwodschaft Oppeln in drei Alterskategorien:<\/p>\n<p>A-Grundschule, Klasse VII-VIII<\/p>\n<p>B-Sekundarschulen<\/p>\n<p>C-Studenten<\/p>\n<p>Die Teilnehmer des Kunstwettbewerbs haben die Aufgabe, eine Arbeit in einer beliebigen Technik vorzubereiten. Die Gr\u00f6\u00dfe der Arbeit darf jedoch das A3-Format nicht \u00fcberschreiten.<\/p>\n<p>Gegenstand der Arbeiten ist der Vertrag \u00fcber gute Nachbarschaft und freundschaftliche Zusammenarbeit, dank dessen Polen und Deutsche ihre Nachbarn wiederentdeckt haben. Das Dokument vom 17. Juni 1991 zeigt, dass Polen und Deutschland zum ersten Mal in der Geschichte der letzten Jahrhunderte beschlossen haben, gegenseitige Vertrauensbeziehungen aufzubauen. Das Abkommen regelt in 38 Artikeln fast alle Bereiche der Zusammenarbeit &#8211; von Sicherheit, Politik und Wirtschaft bis hin zu Gesetzgebung, Umweltschutz und Jugendaustausch. In Polen lebende Deutsche erhielten den Status einer nationalen Minderheit und die Unterst\u00fctzung der polnischen Regierung im Bereich der Kultur- und Sprachpflege. Polen hingegen gewann die Unterst\u00fctzung Deutschlands auf dem Weg zur europ\u00e4ischen Integration. Das polnisch-deutsche Dokument orientiert sich am Grundsatz der<br \/>\nDie Gewinner des Wettbewerbs haben die M\u00f6glichkeit, ihre Werke w\u00e4hrend der Ausstellung im Rahmen der 18 Tage deutscher Kultur in Opole Schlesien einem breiten Publikum vorzustellen sowie durch Ver\u00f6ffentlichung von Werken in den Internetmedien der SKGD im Oppelner Schlesien.<\/p>\n<p>Die Anmeldung soll an die Adresse des Veranstalters bis 14.09.2021 per Post an: Towarzystwo Spo\u0142eczno-Kulturalne Niemc\u00f3w na \u015al\u0105sku Opolskim, ul. M. Konopnickiej 6, 45-004 Opole gesendet werden.<br \/>\nDie Bestimmungen und das Anmeldeformular stehen auf der Website www.skgd.pl.<\/p>\n<p>Das Projekt wird aus den Mitteln des Bundesministeriums des Innern, f\u00fcr Bau und Heimat der Bundesrepublik Deutschland, mittels VDG und des polnischen Ministeriums f\u00fcr Inneres und Verwaltung (MSWIA) finanziert.[\/vc_column_text][\/vc_column][vc_column width=&#8221;1\/4&#8243;][vc_column_text]<\/p>\n<section class=\"span3\" style=\"margin-top: -22px;\">\n<div class=\"col-left\">\n<div id=\"execphp-2\" class=\"widget m_bottom_25 widget_execphp\">\n<div class=\"execphpwidget\">\n<div id=\"archives-2\" class=\"widget widget_archive kontakt\" style=\"border-color: #1F97FF !important;\">\n<h4 class=\"h4 heading-h4\" style=\"margin-bottom: 0px; text-align: center;\">Kontakt<\/h4>\n<div class=\"kontakt\">\n<p>77 40 21 076<\/p>\n<\/div>\n<h4 class=\"h4 heading-h4\" style=\"margin-bottom: 0px; margin-top: 22px; text-align: center;\">Download<\/h4>\n<ul>\n<li style=\"list-style-type: none;\">&nbsp;<\/li>\n<li><a href=\"https:\/\/skgd.pl\/wp-content\/uploads\/2021\/06\/Regulamin-Konkurs-Plastycznyok.pdf\">Regulamin-Konkurs Plastyczny,ok<\/a><\/li>\n<li class=\"linki\"><span><a href=\"https:\/\/skgd.pl\/wp-content\/uploads\/2021\/05\/Karta-uczestnika-wraz-ze-zgoda-RODO.doc\" download=\"\">Karta uczestnika wraz ze zgod\u0105 RODO [DOC]<\/a><\/span><\/li>\n<\/ul>\n<p>&nbsp;<\/p>\n<h4 class=\"h4 heading-h4\" style=\"margin-bottom: 10px; text-align: center;\">Partner<\/h4>\n<p><img loading=\"lazy\" decoding=\"async\" class=\"aligncenter wp-image-23457 \" src=\"https:\/\/skgd.pl\/wp-content\/uploads\/2020\/05\/BMI-300x153.png\" alt=\"\" width=\"157\" height=\"80\" srcset=\"https:\/\/skgd.pl\/wp-content\/uploads\/2020\/05\/BMI-300x153.png 300w, https:\/\/skgd.pl\/wp-content\/uploads\/2020\/05\/BMI-600x307.png 600w, https:\/\/skgd.pl\/wp-content\/uploads\/2020\/05\/BMI-1024x524.png 1024w, https:\/\/skgd.pl\/wp-content\/uploads\/2020\/05\/BMI-768x393.png 768w, https:\/\/skgd.pl\/wp-content\/uploads\/2020\/05\/BMI-800x409.png 800w, https:\/\/skgd.pl\/wp-content\/uploads\/2020\/05\/BMI.png 1089w\" sizes=\"auto, (max-width: 157px) 100vw, 157px\" \/><br \/>\n<img loading=\"lazy\" decoding=\"async\" class=\" wp-image-13193 aligncenter\" src=\"https:\/\/skgd.pl\/wp-content\/uploads\/2016\/09\/logo-vdg-300x144.jpg\" alt=\"\" width=\"140\" height=\"67\" srcset=\"https:\/\/skgd.pl\/wp-content\/uploads\/2016\/09\/logo-vdg-300x144.jpg 300w, https:\/\/skgd.pl\/wp-content\/uploads\/2016\/09\/logo-vdg.jpg 482w\" sizes=\"auto, (max-width: 140px) 100vw, 140px\" \/><br \/>\n<img loading=\"lazy\" decoding=\"async\" class=\" wp-image-23459 aligncenter\" src=\"https:\/\/skgd.pl\/wp-content\/uploads\/2020\/05\/018_Logo_MSWiA-e1595421758486.png\" alt=\"\" width=\"139\" height=\"77\"><\/p>\n<\/div>\n<\/div>\n<\/div>\n<\/div>\n<\/section>\n<p>[\/vc_column_text][\/vc_column][\/vc_row]<\/p>","protected":false},"excerpt":{"rendered":"<p>[vc_row][vc_column width=&#8221;3\/4&#8243;][vc_column_text] &nbsp; Kunstwettbewerb. 30 Jahre der deutsch-polnischer Nachbarschaftsvertrages. Der Wettbewerb l\u00e4uft vom 17.05.2021 bis zum 14.09.2021 und richtet sich an Kinder und Jugendliche der Deutschen Minderheit aus der Woiwodschaft Oppeln in drei Alterskategorien: A-Grundschule, Klasse VII-VIII B-Sekundarschulen C-Studenten Die Teilnehmer des Kunstwettbewerbs haben die Aufgabe, eine Arbeit in einer beliebigen Technik vorzubereiten. Die Gr\u00f6\u00dfe [&hellip;]<\/p>\n","protected":false},"author":1,"featured_media":0,"parent":9333,"menu_order":0,"comment_status":"closed","ping_status":"closed","template":"","meta":{"footnotes":""},"class_list":["post-26400","page","type-page","status-publish","hentry"],"yoast_head":"<!-- This site is optimized with the Yoast SEO plugin v18.9 - https:\/\/yoast.com\/wordpress\/plugins\/seo\/ -->\n<title>Kunstwettbewerb - Deutsche Minderheit, Sozial-Kulturelle Gesellschaft der Deutschen im Oppelner Schlesien<\/title>\n<meta name=\"robots\" content=\"index, follow, max-snippet:-1, max-image-preview:large, max-video-preview:-1\" \/>\n<link rel=\"canonical\" href=\"https:\/\/skgd.pl\/en\/dzialalnosc-kulturalno-oswiatowa\/projekty-kulturalne-tskn\/konkurs-plastyczny\/\" \/>\n<meta property=\"og:locale\" content=\"de_DE\" \/>\n<meta property=\"og:type\" content=\"article\" \/>\n<meta property=\"og:title\" content=\"Kunstwettbewerb - Deutsche Minderheit, Sozial-Kulturelle Gesellschaft der Deutschen im Oppelner Schlesien\" \/>\n<meta property=\"og:description\" content=\"[vc_row][vc_column width=&#8221;3\/4&#8243;][vc_column_text] &nbsp; Kunstwettbewerb. 30 Jahre der deutsch-polnischer Nachbarschaftsvertrages. Der Wettbewerb l\u00e4uft vom 17.05.2021 bis zum 14.09.2021 und richtet sich an Kinder und Jugendliche der Deutschen Minderheit aus der Woiwodschaft Oppeln in drei Alterskategorien: A-Grundschule, Klasse VII-VIII B-Sekundarschulen C-Studenten Die Teilnehmer des Kunstwettbewerbs haben die Aufgabe, eine Arbeit in einer beliebigen Technik vorzubereiten. Die Gr\u00f6\u00dfe [&hellip;]\" \/>\n<meta property=\"og:url\" content=\"https:\/\/skgd.pl\/en\/dzialalnosc-kulturalno-oswiatowa\/projekty-kulturalne-tskn\/konkurs-plastyczny\/\" \/>\n<meta property=\"og:site_name\" content=\"Deutsche Minderheit, Sozial-Kulturelle Gesellschaft der Deutschen im Oppelner Schlesien\" \/>\n<meta property=\"article:modified_time\" content=\"2025-01-02T19:46:18+00:00\" \/>\n<meta property=\"og:image\" content=\"https:\/\/skgd.pl\/wp-content\/uploads\/2021\/05\/logorece-300x235.jpg\" \/>\n<meta name=\"twitter:card\" content=\"summary_large_image\" \/>\n<meta name=\"twitter:label1\" content=\"Gesch\u00e4tzte Lesezeit\" \/>\n\t<meta name=\"twitter:data1\" content=\"3\u00a0Minuten\" \/>\n<script type=\"application\/ld+json\" class=\"yoast-schema-graph\">{\"@context\":\"https:\/\/schema.org\",\"@graph\":[{\"@type\":\"WebSite\",\"@id\":\"https:\/\/skgd.pl\/#website\",\"url\":\"https:\/\/skgd.pl\/\",\"name\":\"Deutsche Minderheit, Sozial-Kulturelle Gesellschaft der Deutschen im Oppelner Schlesien\",\"description\":\"Deutsche Minderheit in Polen\",\"potentialAction\":[{\"@type\":\"SearchAction\",\"target\":{\"@type\":\"EntryPoint\",\"urlTemplate\":\"https:\/\/skgd.pl\/?s={search_term_string}\"},\"query-input\":\"required name=search_term_string\"}],\"inLanguage\":\"de\"},{\"@type\":\"ImageObject\",\"inLanguage\":\"de\",\"@id\":\"https:\/\/skgd.pl\/en\/dzialalnosc-kulturalno-oswiatowa\/projekty-kulturalne-tskn\/konkurs-plastyczny\/#primaryimage\",\"url\":\"https:\/\/skgd.pl\/wp-content\/uploads\/2021\/05\/logorece.jpg\",\"contentUrl\":\"https:\/\/skgd.pl\/wp-content\/uploads\/2021\/05\/logorece.jpg\",\"width\":1056,\"height\":827},{\"@type\":\"WebPage\",\"@id\":\"https:\/\/skgd.pl\/en\/dzialalnosc-kulturalno-oswiatowa\/projekty-kulturalne-tskn\/konkurs-plastyczny\/#webpage\",\"url\":\"https:\/\/skgd.pl\/en\/dzialalnosc-kulturalno-oswiatowa\/projekty-kulturalne-tskn\/konkurs-plastyczny\/\",\"name\":\"Kunstwettbewerb - Deutsche Minderheit, Sozial-Kulturelle Gesellschaft der Deutschen im Oppelner Schlesien\",\"isPartOf\":{\"@id\":\"https:\/\/skgd.pl\/#website\"},\"primaryImageOfPage\":{\"@id\":\"https:\/\/skgd.pl\/en\/dzialalnosc-kulturalno-oswiatowa\/projekty-kulturalne-tskn\/konkurs-plastyczny\/#primaryimage\"},\"datePublished\":\"2021-05-17T20:17:59+00:00\",\"dateModified\":\"2025-01-02T19:46:18+00:00\",\"breadcrumb\":{\"@id\":\"https:\/\/skgd.pl\/en\/dzialalnosc-kulturalno-oswiatowa\/projekty-kulturalne-tskn\/konkurs-plastyczny\/#breadcrumb\"},\"inLanguage\":\"de\",\"potentialAction\":[{\"@type\":\"ReadAction\",\"target\":[\"https:\/\/skgd.pl\/en\/dzialalnosc-kulturalno-oswiatowa\/projekty-kulturalne-tskn\/konkurs-plastyczny\/\"]}]},{\"@type\":\"BreadcrumbList\",\"@id\":\"https:\/\/skgd.pl\/en\/dzialalnosc-kulturalno-oswiatowa\/projekty-kulturalne-tskn\/konkurs-plastyczny\/#breadcrumb\",\"itemListElement\":[{\"@type\":\"ListItem\",\"position\":1,\"name\":\"Strona g\u0142\u00f3wna\",\"item\":\"https:\/\/skgd.pl\/\"},{\"@type\":\"ListItem\",\"position\":2,\"name\":\"Dzia\u0142alno\u015b\u0107 kulturalno &#8211; o\u015bwiatowa\",\"item\":\"https:\/\/skgd.pl\/dzialalnosc-kulturalno-oswiatowa\/\"},{\"@type\":\"ListItem\",\"position\":3,\"name\":\"Projekty Kulturalne TSKN\",\"item\":\"https:\/\/skgd.pl\/dzialalnosc-kulturalno-oswiatowa\/projekty-kulturalne-tskn\/\"},{\"@type\":\"ListItem\",\"position\":4,\"name\":\"(Polski) Konkurs plastyczny\"}]}]}<\/script>\n<!-- \/ Yoast SEO plugin. -->","yoast_head_json":{"title":"Kunstwettbewerb - Deutsche Minderheit, Sozial-Kulturelle Gesellschaft der Deutschen im Oppelner Schlesien","robots":{"index":"index","follow":"follow","max-snippet":"max-snippet:-1","max-image-preview":"max-image-preview:large","max-video-preview":"max-video-preview:-1"},"canonical":"https:\/\/skgd.pl\/en\/dzialalnosc-kulturalno-oswiatowa\/projekty-kulturalne-tskn\/konkurs-plastyczny\/","og_locale":"de_DE","og_type":"article","og_title":"Kunstwettbewerb - Deutsche Minderheit, Sozial-Kulturelle Gesellschaft der Deutschen im Oppelner Schlesien","og_description":"[vc_row][vc_column width=&#8221;3\/4&#8243;][vc_column_text] &nbsp; Kunstwettbewerb. 30 Jahre der deutsch-polnischer Nachbarschaftsvertrages. Der Wettbewerb l\u00e4uft vom 17.05.2021 bis zum 14.09.2021 und richtet sich an Kinder und Jugendliche der Deutschen Minderheit aus der Woiwodschaft Oppeln in drei Alterskategorien: A-Grundschule, Klasse VII-VIII B-Sekundarschulen C-Studenten Die Teilnehmer des Kunstwettbewerbs haben die Aufgabe, eine Arbeit in einer beliebigen Technik vorzubereiten. Die Gr\u00f6\u00dfe [&hellip;]","og_url":"https:\/\/skgd.pl\/en\/dzialalnosc-kulturalno-oswiatowa\/projekty-kulturalne-tskn\/konkurs-plastyczny\/","og_site_name":"Deutsche Minderheit, Sozial-Kulturelle Gesellschaft der Deutschen im Oppelner Schlesien","article_modified_time":"2025-01-02T19:46:18+00:00","og_image":[{"url":"https:\/\/skgd.pl\/wp-content\/uploads\/2021\/05\/logorece-300x235.jpg"}],"twitter_card":"summary_large_image","twitter_misc":{"Gesch\u00e4tzte Lesezeit":"3\u00a0Minuten"},"schema":{"@context":"https:\/\/schema.org","@graph":[{"@type":"WebSite","@id":"https:\/\/skgd.pl\/#website","url":"https:\/\/skgd.pl\/","name":"Deutsche Minderheit, Sozial-Kulturelle Gesellschaft der Deutschen im Oppelner Schlesien","description":"Deutsche Minderheit in Polen","potentialAction":[{"@type":"SearchAction","target":{"@type":"EntryPoint","urlTemplate":"https:\/\/skgd.pl\/?s={search_term_string}"},"query-input":"required name=search_term_string"}],"inLanguage":"de"},{"@type":"ImageObject","inLanguage":"de","@id":"https:\/\/skgd.pl\/en\/dzialalnosc-kulturalno-oswiatowa\/projekty-kulturalne-tskn\/konkurs-plastyczny\/#primaryimage","url":"https:\/\/skgd.pl\/wp-content\/uploads\/2021\/05\/logorece.jpg","contentUrl":"https:\/\/skgd.pl\/wp-content\/uploads\/2021\/05\/logorece.jpg","width":1056,"height":827},{"@type":"WebPage","@id":"https:\/\/skgd.pl\/en\/dzialalnosc-kulturalno-oswiatowa\/projekty-kulturalne-tskn\/konkurs-plastyczny\/#webpage","url":"https:\/\/skgd.pl\/en\/dzialalnosc-kulturalno-oswiatowa\/projekty-kulturalne-tskn\/konkurs-plastyczny\/","name":"Kunstwettbewerb - Deutsche Minderheit, Sozial-Kulturelle Gesellschaft der Deutschen im Oppelner Schlesien","isPartOf":{"@id":"https:\/\/skgd.pl\/#website"},"primaryImageOfPage":{"@id":"https:\/\/skgd.pl\/en\/dzialalnosc-kulturalno-oswiatowa\/projekty-kulturalne-tskn\/konkurs-plastyczny\/#primaryimage"},"datePublished":"2021-05-17T20:17:59+00:00","dateModified":"2025-01-02T19:46:18+00:00","breadcrumb":{"@id":"https:\/\/skgd.pl\/en\/dzialalnosc-kulturalno-oswiatowa\/projekty-kulturalne-tskn\/konkurs-plastyczny\/#breadcrumb"},"inLanguage":"de","potentialAction":[{"@type":"ReadAction","target":["https:\/\/skgd.pl\/en\/dzialalnosc-kulturalno-oswiatowa\/projekty-kulturalne-tskn\/konkurs-plastyczny\/"]}]},{"@type":"BreadcrumbList","@id":"https:\/\/skgd.pl\/en\/dzialalnosc-kulturalno-oswiatowa\/projekty-kulturalne-tskn\/konkurs-plastyczny\/#breadcrumb","itemListElement":[{"@type":"ListItem","position":1,"name":"Strona g\u0142\u00f3wna","item":"https:\/\/skgd.pl\/"},{"@type":"ListItem","position":2,"name":"Dzia\u0142alno\u015b\u0107 kulturalno &#8211; o\u015bwiatowa","item":"https:\/\/skgd.pl\/dzialalnosc-kulturalno-oswiatowa\/"},{"@type":"ListItem","position":3,"name":"Projekty Kulturalne TSKN","item":"https:\/\/skgd.pl\/dzialalnosc-kulturalno-oswiatowa\/projekty-kulturalne-tskn\/"},{"@type":"ListItem","position":4,"name":"(Polski) Konkurs plastyczny"}]}]}},"_links":{"self":[{"href":"https:\/\/skgd.pl\/de\/wp-json\/wp\/v2\/pages\/26400","targetHints":{"allow":["GET"]}}],"collection":[{"href":"https:\/\/skgd.pl\/de\/wp-json\/wp\/v2\/pages"}],"about":[{"href":"https:\/\/skgd.pl\/de\/wp-json\/wp\/v2\/types\/page"}],"author":[{"embeddable":true,"href":"https:\/\/skgd.pl\/de\/wp-json\/wp\/v2\/users\/1"}],"replies":[{"embeddable":true,"href":"https:\/\/skgd.pl\/de\/wp-json\/wp\/v2\/comments?post=26400"}],"version-history":[{"count":8,"href":"https:\/\/skgd.pl\/de\/wp-json\/wp\/v2\/pages\/26400\/revisions"}],"predecessor-version":[{"id":35633,"href":"https:\/\/skgd.pl\/de\/wp-json\/wp\/v2\/pages\/26400\/revisions\/35633"}],"up":[{"embeddable":true,"href":"https:\/\/skgd.pl\/de\/wp-json\/wp\/v2\/pages\/9333"}],"wp:attachment":[{"href":"https:\/\/skgd.pl\/de\/wp-json\/wp\/v2\/media?parent=26400"}],"curies":[{"name":"wp","href":"https:\/\/api.w.org\/{rel}","templated":true}]}}