{"id":26393,"date":"2021-05-17T22:01:17","date_gmt":"2021-05-17T20:01:17","guid":{"rendered":"https:\/\/skgd.pl\/?page_id=26393"},"modified":"2021-05-18T11:13:36","modified_gmt":"2021-05-18T09:13:36","slug":"dmiquiz","status":"publish","type":"page","link":"https:\/\/skgd.pl\/de\/dzialalnosc-kulturalno-oswiatowa\/dmiquiz\/","title":{"rendered":"DMIQuiz"},"content":{"rendered":"<p>[vc_row][vc_column][vc_column_text]<img loading=\"lazy\" decoding=\"async\" class=\"alignleft size-medium wp-image-26396\" src=\"https:\/\/skgd.pl\/wp-content\/uploads\/2021\/05\/dmi-286x300.png\" alt=\"\" width=\"286\" height=\"300\" srcset=\"https:\/\/skgd.pl\/wp-content\/uploads\/2021\/05\/dmi-286x300.png 286w, https:\/\/skgd.pl\/wp-content\/uploads\/2021\/05\/dmi-600x630.png 600w, https:\/\/skgd.pl\/wp-content\/uploads\/2021\/05\/dmi-976x1024.png 976w, https:\/\/skgd.pl\/wp-content\/uploads\/2021\/05\/dmi-768x806.png 768w, https:\/\/skgd.pl\/wp-content\/uploads\/2021\/05\/dmi-1464x1536.png 1464w, https:\/\/skgd.pl\/wp-content\/uploads\/2021\/05\/dmi-1952x2048.png 1952w, https:\/\/skgd.pl\/wp-content\/uploads\/2021\/05\/dmi-800x840.png 800w\" sizes=\"auto, (max-width: 286px) 100vw, 286px\" \/>Die mobile App DMi Quiz wurde speziell f\u00fcr Sch\u00fclerinnen und Sch\u00fcler entwickelt, die am Unterricht des Deutschen als Minderheitensprache teilnehmen, damit sie ihr Wissen \u00fcber die deutsche Minderheitengemeinschaft in Polen auf interaktive Weise vertiefen k\u00f6nnen. Sie richtet sich insbesondere an Kinder und Jugendliche der deutschen Minderheit und deren Sympathisanten, aber auch an Erwachsene, die ihr Wissen \u00fcberpr\u00fcfen m\u00f6chten. Das Quiz enth\u00e4lt Fragen aus den folgenden Kategorien:<\/p>\n<p>Das Ranking in der Anwendung und damit der Wettbewerb soll die Spieler dazu anregen, ihr Wissen zu erweitern. Die App wurde in polnischer und deutscher Sprache erstellt. Sie funktioniert in den Android- und IOS-Umgebungen und kann bei Google Play und im App Store heruntergeladen werden. Die App wurde von der Firma Adapt-Systems implementiert. Das Quiz wurde im Rahmen des Projekts \u201eApplikation Deutsche Minderheit in Zahlen und Fakten\u201c dank der F\u00f6rderung durch das Bundesministerium des Innern f\u00fcr Bau und Heimat erstellt.<\/p>\n<p>&nbsp;<\/p>\n<p>&nbsp;[\/vc_column_text][vc_btn title=&#8221;Download `{`iOS`}`&#8221; color=&#8221;juicy-pink&#8221; link=&#8221;url:https%3A%2F%2Fapps.apple.com%2Fus%2Fapp%2Fdmi-quiz%2Fid1534995602|title:Download%20%5BiOS%5D&#8221;][vc_column_text][\/vc_column_text][vc_btn title=&#8221;Download `{`Android`}`&#8221; color=&#8221;juicy-pink&#8221; link=&#8221;url:https%3A%2F%2Fplay.google.com%2Fstore%2Fapps%2Fdetails%3Fid%3Dcom.dmi.quiz|title:Download%20%5BAndroid%5D&#8221;][\/vc_column][\/vc_row]<\/p>","protected":false},"excerpt":{"rendered":"<p>[vc_row][vc_column][vc_column_text]Die mobile App DMi Quiz wurde speziell f\u00fcr Sch\u00fclerinnen und Sch\u00fcler entwickelt, die am Unterricht des Deutschen als Minderheitensprache teilnehmen, damit sie ihr Wissen \u00fcber die deutsche Minderheitengemeinschaft in Polen auf interaktive Weise vertiefen k\u00f6nnen. Sie richtet sich insbesondere an Kinder und Jugendliche der deutschen Minderheit und deren Sympathisanten, aber auch an Erwachsene, die ihr [&hellip;]<\/p>\n","protected":false},"author":1,"featured_media":0,"parent":9331,"menu_order":0,"comment_status":"closed","ping_status":"closed","template":"","meta":{"footnotes":""},"class_list":["post-26393","page","type-page","status-publish","hentry"],"yoast_head":"<!-- This site is optimized with the Yoast SEO plugin v18.9 - https:\/\/yoast.com\/wordpress\/plugins\/seo\/ -->\n<title>DMIQuiz - Deutsche Minderheit, Sozial-Kulturelle Gesellschaft der Deutschen im Oppelner Schlesien<\/title>\n<meta name=\"robots\" content=\"index, follow, max-snippet:-1, max-image-preview:large, max-video-preview:-1\" \/>\n<link rel=\"canonical\" href=\"https:\/\/skgd.pl\/dzialalnosc-kulturalno-oswiatowa\/dmiquiz\/\" \/>\n<meta property=\"og:locale\" content=\"de_DE\" \/>\n<meta property=\"og:type\" content=\"article\" \/>\n<meta property=\"og:title\" content=\"DMIQuiz - Deutsche Minderheit, Sozial-Kulturelle Gesellschaft der Deutschen im Oppelner Schlesien\" \/>\n<meta property=\"og:description\" content=\"[vc_row][vc_column][vc_column_text]Die mobile App DMi Quiz wurde speziell f\u00fcr Sch\u00fclerinnen und Sch\u00fcler entwickelt, die am Unterricht des Deutschen als Minderheitensprache teilnehmen, damit sie ihr Wissen \u00fcber die deutsche Minderheitengemeinschaft in Polen auf interaktive Weise vertiefen k\u00f6nnen. Sie richtet sich insbesondere an Kinder und Jugendliche der deutschen Minderheit und deren Sympathisanten, aber auch an Erwachsene, die ihr [&hellip;]\" \/>\n<meta property=\"og:url\" content=\"https:\/\/skgd.pl\/dzialalnosc-kulturalno-oswiatowa\/dmiquiz\/\" \/>\n<meta property=\"og:site_name\" content=\"Deutsche Minderheit, Sozial-Kulturelle Gesellschaft der Deutschen im Oppelner Schlesien\" \/>\n<meta property=\"article:modified_time\" content=\"2021-05-18T09:13:36+00:00\" \/>\n<meta property=\"og:image\" content=\"https:\/\/skgd.pl\/wp-content\/uploads\/2021\/05\/dmi-286x300.png\" \/>\n<meta name=\"twitter:card\" content=\"summary_large_image\" \/>\n<meta name=\"twitter:label1\" content=\"Gesch\u00e4tzte Lesezeit\" \/>\n\t<meta name=\"twitter:data1\" content=\"3\u00a0Minuten\" \/>\n<script type=\"application\/ld+json\" class=\"yoast-schema-graph\">{\"@context\":\"https:\/\/schema.org\",\"@graph\":[{\"@type\":\"WebSite\",\"@id\":\"https:\/\/skgd.pl\/#website\",\"url\":\"https:\/\/skgd.pl\/\",\"name\":\"Deutsche Minderheit, Sozial-Kulturelle Gesellschaft der Deutschen im Oppelner Schlesien\",\"description\":\"Deutsche Minderheit in Polen\",\"potentialAction\":[{\"@type\":\"SearchAction\",\"target\":{\"@type\":\"EntryPoint\",\"urlTemplate\":\"https:\/\/skgd.pl\/?s={search_term_string}\"},\"query-input\":\"required name=search_term_string\"}],\"inLanguage\":\"de\"},{\"@type\":\"ImageObject\",\"inLanguage\":\"de\",\"@id\":\"https:\/\/skgd.pl\/dzialalnosc-kulturalno-oswiatowa\/dmiquiz\/#primaryimage\",\"url\":\"https:\/\/skgd.pl\/wp-content\/uploads\/2021\/05\/dmi.png\",\"contentUrl\":\"https:\/\/skgd.pl\/wp-content\/uploads\/2021\/05\/dmi.png\",\"width\":4288,\"height\":4500},{\"@type\":\"WebPage\",\"@id\":\"https:\/\/skgd.pl\/dzialalnosc-kulturalno-oswiatowa\/dmiquiz\/#webpage\",\"url\":\"https:\/\/skgd.pl\/dzialalnosc-kulturalno-oswiatowa\/dmiquiz\/\",\"name\":\"DMIQuiz - Deutsche Minderheit, Sozial-Kulturelle Gesellschaft der Deutschen im Oppelner Schlesien\",\"isPartOf\":{\"@id\":\"https:\/\/skgd.pl\/#website\"},\"primaryImageOfPage\":{\"@id\":\"https:\/\/skgd.pl\/dzialalnosc-kulturalno-oswiatowa\/dmiquiz\/#primaryimage\"},\"datePublished\":\"2021-05-17T20:01:17+00:00\",\"dateModified\":\"2021-05-18T09:13:36+00:00\",\"breadcrumb\":{\"@id\":\"https:\/\/skgd.pl\/dzialalnosc-kulturalno-oswiatowa\/dmiquiz\/#breadcrumb\"},\"inLanguage\":\"de\",\"potentialAction\":[{\"@type\":\"ReadAction\",\"target\":[\"https:\/\/skgd.pl\/dzialalnosc-kulturalno-oswiatowa\/dmiquiz\/\"]}]},{\"@type\":\"BreadcrumbList\",\"@id\":\"https:\/\/skgd.pl\/dzialalnosc-kulturalno-oswiatowa\/dmiquiz\/#breadcrumb\",\"itemListElement\":[{\"@type\":\"ListItem\",\"position\":1,\"name\":\"Strona g\u0142\u00f3wna\",\"item\":\"https:\/\/skgd.pl\/\"},{\"@type\":\"ListItem\",\"position\":2,\"name\":\"Dzia\u0142alno\u015b\u0107 kulturalno &#8211; o\u015bwiatowa\",\"item\":\"https:\/\/skgd.pl\/dzialalnosc-kulturalno-oswiatowa\/\"},{\"@type\":\"ListItem\",\"position\":3,\"name\":\"DMIQuiz\"}]}]}<\/script>\n<!-- \/ Yoast SEO plugin. -->","yoast_head_json":{"title":"DMIQuiz - Deutsche Minderheit, Sozial-Kulturelle Gesellschaft der Deutschen im Oppelner Schlesien","robots":{"index":"index","follow":"follow","max-snippet":"max-snippet:-1","max-image-preview":"max-image-preview:large","max-video-preview":"max-video-preview:-1"},"canonical":"https:\/\/skgd.pl\/dzialalnosc-kulturalno-oswiatowa\/dmiquiz\/","og_locale":"de_DE","og_type":"article","og_title":"DMIQuiz - Deutsche Minderheit, Sozial-Kulturelle Gesellschaft der Deutschen im Oppelner Schlesien","og_description":"[vc_row][vc_column][vc_column_text]Die mobile App DMi Quiz wurde speziell f\u00fcr Sch\u00fclerinnen und Sch\u00fcler entwickelt, die am Unterricht des Deutschen als Minderheitensprache teilnehmen, damit sie ihr Wissen \u00fcber die deutsche Minderheitengemeinschaft in Polen auf interaktive Weise vertiefen k\u00f6nnen. Sie richtet sich insbesondere an Kinder und Jugendliche der deutschen Minderheit und deren Sympathisanten, aber auch an Erwachsene, die ihr [&hellip;]","og_url":"https:\/\/skgd.pl\/dzialalnosc-kulturalno-oswiatowa\/dmiquiz\/","og_site_name":"Deutsche Minderheit, Sozial-Kulturelle Gesellschaft der Deutschen im Oppelner Schlesien","article_modified_time":"2021-05-18T09:13:36+00:00","og_image":[{"url":"https:\/\/skgd.pl\/wp-content\/uploads\/2021\/05\/dmi-286x300.png"}],"twitter_card":"summary_large_image","twitter_misc":{"Gesch\u00e4tzte Lesezeit":"3\u00a0Minuten"},"schema":{"@context":"https:\/\/schema.org","@graph":[{"@type":"WebSite","@id":"https:\/\/skgd.pl\/#website","url":"https:\/\/skgd.pl\/","name":"Deutsche Minderheit, Sozial-Kulturelle Gesellschaft der Deutschen im Oppelner Schlesien","description":"Deutsche Minderheit in Polen","potentialAction":[{"@type":"SearchAction","target":{"@type":"EntryPoint","urlTemplate":"https:\/\/skgd.pl\/?s={search_term_string}"},"query-input":"required name=search_term_string"}],"inLanguage":"de"},{"@type":"ImageObject","inLanguage":"de","@id":"https:\/\/skgd.pl\/dzialalnosc-kulturalno-oswiatowa\/dmiquiz\/#primaryimage","url":"https:\/\/skgd.pl\/wp-content\/uploads\/2021\/05\/dmi.png","contentUrl":"https:\/\/skgd.pl\/wp-content\/uploads\/2021\/05\/dmi.png","width":4288,"height":4500},{"@type":"WebPage","@id":"https:\/\/skgd.pl\/dzialalnosc-kulturalno-oswiatowa\/dmiquiz\/#webpage","url":"https:\/\/skgd.pl\/dzialalnosc-kulturalno-oswiatowa\/dmiquiz\/","name":"DMIQuiz - Deutsche Minderheit, Sozial-Kulturelle Gesellschaft der Deutschen im Oppelner Schlesien","isPartOf":{"@id":"https:\/\/skgd.pl\/#website"},"primaryImageOfPage":{"@id":"https:\/\/skgd.pl\/dzialalnosc-kulturalno-oswiatowa\/dmiquiz\/#primaryimage"},"datePublished":"2021-05-17T20:01:17+00:00","dateModified":"2021-05-18T09:13:36+00:00","breadcrumb":{"@id":"https:\/\/skgd.pl\/dzialalnosc-kulturalno-oswiatowa\/dmiquiz\/#breadcrumb"},"inLanguage":"de","potentialAction":[{"@type":"ReadAction","target":["https:\/\/skgd.pl\/dzialalnosc-kulturalno-oswiatowa\/dmiquiz\/"]}]},{"@type":"BreadcrumbList","@id":"https:\/\/skgd.pl\/dzialalnosc-kulturalno-oswiatowa\/dmiquiz\/#breadcrumb","itemListElement":[{"@type":"ListItem","position":1,"name":"Strona g\u0142\u00f3wna","item":"https:\/\/skgd.pl\/"},{"@type":"ListItem","position":2,"name":"Dzia\u0142alno\u015b\u0107 kulturalno &#8211; o\u015bwiatowa","item":"https:\/\/skgd.pl\/dzialalnosc-kulturalno-oswiatowa\/"},{"@type":"ListItem","position":3,"name":"DMIQuiz"}]}]}},"_links":{"self":[{"href":"https:\/\/skgd.pl\/de\/wp-json\/wp\/v2\/pages\/26393","targetHints":{"allow":["GET"]}}],"collection":[{"href":"https:\/\/skgd.pl\/de\/wp-json\/wp\/v2\/pages"}],"about":[{"href":"https:\/\/skgd.pl\/de\/wp-json\/wp\/v2\/types\/page"}],"author":[{"embeddable":true,"href":"https:\/\/skgd.pl\/de\/wp-json\/wp\/v2\/users\/1"}],"replies":[{"embeddable":true,"href":"https:\/\/skgd.pl\/de\/wp-json\/wp\/v2\/comments?post=26393"}],"version-history":[{"count":4,"href":"https:\/\/skgd.pl\/de\/wp-json\/wp\/v2\/pages\/26393\/revisions"}],"predecessor-version":[{"id":26403,"href":"https:\/\/skgd.pl\/de\/wp-json\/wp\/v2\/pages\/26393\/revisions\/26403"}],"up":[{"embeddable":true,"href":"https:\/\/skgd.pl\/de\/wp-json\/wp\/v2\/pages\/9331"}],"wp:attachment":[{"href":"https:\/\/skgd.pl\/de\/wp-json\/wp\/v2\/media?parent=26393"}],"curies":[{"name":"wp","href":"https:\/\/api.w.org\/{rel}","templated":true}]}}