{"id":26134,"date":"2021-04-23T15:47:55","date_gmt":"2021-04-23T13:47:55","guid":{"rendered":"https:\/\/skgd.pl\/?page_id=26134"},"modified":"2021-04-23T16:02:48","modified_gmt":"2021-04-23T14:02:48","slug":"wirtualne-muzeum-mniejszosci-niemieckiej","status":"publish","type":"page","link":"https:\/\/skgd.pl\/de\/dzialalnosc-kulturalno-oswiatowa\/projekty-kulturalne-tskn\/wirtualne-muzeum-mniejszosci-niemieckiej\/","title":{"rendered":"Das Virtuelle Museum der Deutschen Minderheit"},"content":{"rendered":"<p>[vc_row][vc_column width=&#8221;3\/4&#8243;][vc_column_text]<\/p>\n<p style=\"text-align: justify;\">&nbsp;<\/p>\n<p style=\"text-align: justify;\"><img loading=\"lazy\" decoding=\"async\" class=\"aligncenter wp-image-26138 size-large\" style=\"text-align: justify;\" src=\"https:\/\/skgd.pl\/wp-content\/uploads\/2021\/04\/Baner_oprojekcie_PL-1024x473.jpg\" alt=\"\" width=\"770\" height=\"356\" srcset=\"https:\/\/skgd.pl\/wp-content\/uploads\/2021\/04\/Baner_oprojekcie_PL-1024x473.jpg 1024w, https:\/\/skgd.pl\/wp-content\/uploads\/2021\/04\/Baner_oprojekcie_PL-600x277.jpg 600w, https:\/\/skgd.pl\/wp-content\/uploads\/2021\/04\/Baner_oprojekcie_PL-300x138.jpg 300w, https:\/\/skgd.pl\/wp-content\/uploads\/2021\/04\/Baner_oprojekcie_PL-768x354.jpg 768w, https:\/\/skgd.pl\/wp-content\/uploads\/2021\/04\/Baner_oprojekcie_PL-800x369.jpg 800w, https:\/\/skgd.pl\/wp-content\/uploads\/2021\/04\/Baner_oprojekcie_PL.jpg 1300w\" sizes=\"auto, (max-width: 770px) 100vw, 770px\" \/><\/p>\n<p style=\"text-align: justify;\">&nbsp;<\/p>\n<p><strong>Das Virtuelle Museum der deutschen Minderheit wirtualnemuzeum.skgd.pl <\/strong>ist ein Projekt, das archivierte fotografische Ressourcen zur deutschen Minderheit in Polen in die virtuelle Realit\u00e4t \u00fcbertr\u00e4gt.<\/p>\n<p>Das Projekt wurde in dem Jahr ins Leben gerufen, in dem die SKGD ihr 30-j\u00e4hriges Bestehen feierte. Leider machte es die Covid-19-Pandemie unm\u00f6glich, dieses Jubil\u00e4um zu feiern, und so beschlossen wir, eine Ausstellung im Internet zu erstellen!<\/p>\n<p>Ziel des Projekts:<\/p>\n<ul>\n<li>Das Hauptziel des Projekts ist die Erhaltung des Erbes der deutschen Minderheit in Polen.<\/li>\n<li>Ein Nebenziel ist die Bildung und die Verbreitung des Wissens \u00fcber die deutsche Minderheit in Polen.<\/li>\n<\/ul>\n<p>Die Website: <span style=\"color: #ff0000;\"><strong><a style=\"color: #ff0000;\" href=\"https:\/\/wirtualnemuzeum.skgd.pl\/\"><em>wirtualnemuzeum.skgd.pl<\/em>&nbsp;<\/a><\/strong><\/span>&nbsp;erm\u00f6glicht, die fotografischen Ressourcen der Website nach archivarischen Kategorien zu durchsuchen: Ereignisse, Personen, geografische Orte oder nach einer Zeitleiste.<\/p>\n<p>Auf der Website wurde ein spezielles Formular erstellt, mit dem DFK-Mitglieder ihre eigenen Fotos hinzuf\u00fcgen k\u00f6nnen. Wir laden Sie ein, das gr\u00f6\u00dfte Album online in der Geschichte der deutschen Minderheit mitzugestalten!<\/p>\n<p>Das Projekt wurde vom deutschen Konsulat in Opole finanziert.&nbsp;&nbsp;&nbsp;&nbsp;&nbsp;&nbsp;<\/p>\n<p>&nbsp;<\/p>\n<p>[\/vc_column_text][\/vc_column][vc_column width=&#8221;1\/4&#8243;][vc_column_text]<\/p>\n<section class=\"span3\" style=\"margin-top: -22px;\">\n<div class=\"col-left\">\n<div id=\"execphp-2\" class=\"widget m_bottom_25 widget_execphp\">\n<div class=\"execphpwidget\">\n<div id=\"archives-2\" class=\"widget widget_archive kontakt\" style=\"border-color: #1F97FF !important;\">\n<h4 class=\"h4 heading-h4\" style=\"margin-bottom: 0px; text-align: center;\">Kontakt<\/h4>\n<div class=\"kontakt\">\n<p>Tomasz Gryga<\/p>\n<p><a href=\"mailto:tomasz.gryga@skgd.pl\">tomasz.gryga@skgd.pl<\/a><\/p>\n<p><span class=\"iconized font-awesome glyph-link\"><\/span><a href=\"https:\/\/wirtualnemuzeum.skgd.pl\/\" download=\"\">wirtualnemuzeum.skgd.pl<\/a><\/p>\n<\/div>\n<p>&nbsp;<\/p>\n<h4 class=\"h4 heading-h4\" style=\"margin-bottom: 10px; text-align: center;\">Partner<\/h4>\n<p><img loading=\"lazy\" decoding=\"async\" class=\"aligncenter wp-image-17836 size-full\" src=\"https:\/\/skgd.pl\/wp-content\/uploads\/2018\/05\/konsulat.jpg\" alt=\"\" width=\"533\" height=\"382\" srcset=\"https:\/\/skgd.pl\/wp-content\/uploads\/2018\/05\/konsulat.jpg 533w, https:\/\/skgd.pl\/wp-content\/uploads\/2018\/05\/konsulat-300x215.jpg 300w\" sizes=\"auto, (max-width: 533px) 100vw, 533px\" \/><\/p>\n<\/div>\n<\/div>\n<\/div>\n<\/div>\n<\/section>\n<p>[\/vc_column_text][\/vc_column][\/vc_row]<\/p>","protected":false},"excerpt":{"rendered":"<p>[vc_row][vc_column width=&#8221;3\/4&#8243;][vc_column_text] &nbsp; &nbsp; Das Virtuelle Museum der deutschen Minderheit wirtualnemuzeum.skgd.pl ist ein Projekt, das archivierte fotografische Ressourcen zur deutschen Minderheit in Polen in die virtuelle Realit\u00e4t \u00fcbertr\u00e4gt. Das Projekt wurde in dem Jahr ins Leben gerufen, in dem die SKGD ihr 30-j\u00e4hriges Bestehen feierte. Leider machte es die Covid-19-Pandemie unm\u00f6glich, dieses Jubil\u00e4um zu feiern, [&hellip;]<\/p>\n","protected":false},"author":1,"featured_media":0,"parent":9333,"menu_order":0,"comment_status":"closed","ping_status":"closed","template":"","meta":{"footnotes":""},"class_list":["post-26134","page","type-page","status-publish","hentry"],"yoast_head":"<!-- This site is optimized with the Yoast SEO plugin v18.9 - https:\/\/yoast.com\/wordpress\/plugins\/seo\/ -->\n<title>Das Virtuelle Museum der Deutschen Minderheit - Deutsche Minderheit, Sozial-Kulturelle Gesellschaft der Deutschen im Oppelner Schlesien<\/title>\n<meta name=\"robots\" content=\"index, follow, max-snippet:-1, max-image-preview:large, max-video-preview:-1\" \/>\n<link rel=\"canonical\" href=\"https:\/\/skgd.pl\/dzialalnosc-kulturalno-oswiatowa\/projekty-kulturalne-tskn\/wirtualne-muzeum-mniejszosci-niemieckiej\/\" \/>\n<meta property=\"og:locale\" content=\"de_DE\" \/>\n<meta property=\"og:type\" content=\"article\" \/>\n<meta property=\"og:title\" content=\"Das Virtuelle Museum der Deutschen Minderheit - Deutsche Minderheit, Sozial-Kulturelle Gesellschaft der Deutschen im Oppelner Schlesien\" \/>\n<meta property=\"og:description\" content=\"[vc_row][vc_column width=&#8221;3\/4&#8243;][vc_column_text] &nbsp; &nbsp; Das Virtuelle Museum der deutschen Minderheit wirtualnemuzeum.skgd.pl ist ein Projekt, das archivierte fotografische Ressourcen zur deutschen Minderheit in Polen in die virtuelle Realit\u00e4t \u00fcbertr\u00e4gt. Das Projekt wurde in dem Jahr ins Leben gerufen, in dem die SKGD ihr 30-j\u00e4hriges Bestehen feierte. Leider machte es die Covid-19-Pandemie unm\u00f6glich, dieses Jubil\u00e4um zu feiern, [&hellip;]\" \/>\n<meta property=\"og:url\" content=\"https:\/\/skgd.pl\/dzialalnosc-kulturalno-oswiatowa\/projekty-kulturalne-tskn\/wirtualne-muzeum-mniejszosci-niemieckiej\/\" \/>\n<meta property=\"og:site_name\" content=\"Deutsche Minderheit, Sozial-Kulturelle Gesellschaft der Deutschen im Oppelner Schlesien\" \/>\n<meta property=\"article:modified_time\" content=\"2021-04-23T14:02:48+00:00\" \/>\n<meta property=\"og:image\" content=\"https:\/\/skgd.pl\/wp-content\/uploads\/2021\/04\/Baner_oprojekcie_PL-1024x473.jpg\" \/>\n<meta name=\"twitter:card\" content=\"summary_large_image\" \/>\n<meta name=\"twitter:label1\" content=\"Gesch\u00e4tzte Lesezeit\" \/>\n\t<meta name=\"twitter:data1\" content=\"2\u00a0Minuten\" \/>\n<script type=\"application\/ld+json\" class=\"yoast-schema-graph\">{\"@context\":\"https:\/\/schema.org\",\"@graph\":[{\"@type\":\"WebSite\",\"@id\":\"https:\/\/skgd.pl\/#website\",\"url\":\"https:\/\/skgd.pl\/\",\"name\":\"Deutsche Minderheit, Sozial-Kulturelle Gesellschaft der Deutschen im Oppelner Schlesien\",\"description\":\"Deutsche Minderheit in Polen\",\"potentialAction\":[{\"@type\":\"SearchAction\",\"target\":{\"@type\":\"EntryPoint\",\"urlTemplate\":\"https:\/\/skgd.pl\/?s={search_term_string}\"},\"query-input\":\"required name=search_term_string\"}],\"inLanguage\":\"de\"},{\"@type\":\"ImageObject\",\"inLanguage\":\"de\",\"@id\":\"https:\/\/skgd.pl\/dzialalnosc-kulturalno-oswiatowa\/projekty-kulturalne-tskn\/wirtualne-muzeum-mniejszosci-niemieckiej\/#primaryimage\",\"url\":\"https:\/\/skgd.pl\/wp-content\/uploads\/2021\/04\/Baner_oprojekcie_PL.jpg\",\"contentUrl\":\"https:\/\/skgd.pl\/wp-content\/uploads\/2021\/04\/Baner_oprojekcie_PL.jpg\",\"width\":1300,\"height\":600},{\"@type\":\"WebPage\",\"@id\":\"https:\/\/skgd.pl\/dzialalnosc-kulturalno-oswiatowa\/projekty-kulturalne-tskn\/wirtualne-muzeum-mniejszosci-niemieckiej\/#webpage\",\"url\":\"https:\/\/skgd.pl\/dzialalnosc-kulturalno-oswiatowa\/projekty-kulturalne-tskn\/wirtualne-muzeum-mniejszosci-niemieckiej\/\",\"name\":\"Das Virtuelle Museum der Deutschen Minderheit - Deutsche Minderheit, Sozial-Kulturelle Gesellschaft der Deutschen im Oppelner Schlesien\",\"isPartOf\":{\"@id\":\"https:\/\/skgd.pl\/#website\"},\"primaryImageOfPage\":{\"@id\":\"https:\/\/skgd.pl\/dzialalnosc-kulturalno-oswiatowa\/projekty-kulturalne-tskn\/wirtualne-muzeum-mniejszosci-niemieckiej\/#primaryimage\"},\"datePublished\":\"2021-04-23T13:47:55+00:00\",\"dateModified\":\"2021-04-23T14:02:48+00:00\",\"breadcrumb\":{\"@id\":\"https:\/\/skgd.pl\/dzialalnosc-kulturalno-oswiatowa\/projekty-kulturalne-tskn\/wirtualne-muzeum-mniejszosci-niemieckiej\/#breadcrumb\"},\"inLanguage\":\"de\",\"potentialAction\":[{\"@type\":\"ReadAction\",\"target\":[\"https:\/\/skgd.pl\/dzialalnosc-kulturalno-oswiatowa\/projekty-kulturalne-tskn\/wirtualne-muzeum-mniejszosci-niemieckiej\/\"]}]},{\"@type\":\"BreadcrumbList\",\"@id\":\"https:\/\/skgd.pl\/dzialalnosc-kulturalno-oswiatowa\/projekty-kulturalne-tskn\/wirtualne-muzeum-mniejszosci-niemieckiej\/#breadcrumb\",\"itemListElement\":[{\"@type\":\"ListItem\",\"position\":1,\"name\":\"Strona g\u0142\u00f3wna\",\"item\":\"https:\/\/skgd.pl\/\"},{\"@type\":\"ListItem\",\"position\":2,\"name\":\"Dzia\u0142alno\u015b\u0107 kulturalno &#8211; o\u015bwiatowa\",\"item\":\"https:\/\/skgd.pl\/dzialalnosc-kulturalno-oswiatowa\/\"},{\"@type\":\"ListItem\",\"position\":3,\"name\":\"Projekty Kulturalne TSKN\",\"item\":\"https:\/\/skgd.pl\/dzialalnosc-kulturalno-oswiatowa\/projekty-kulturalne-tskn\/\"},{\"@type\":\"ListItem\",\"position\":4,\"name\":\"Wirtualne Muzeum Mniejszo\u015bci Niemieckiej\"}]}]}<\/script>\n<!-- \/ Yoast SEO plugin. -->","yoast_head_json":{"title":"Das Virtuelle Museum der Deutschen Minderheit - Deutsche Minderheit, Sozial-Kulturelle Gesellschaft der Deutschen im Oppelner Schlesien","robots":{"index":"index","follow":"follow","max-snippet":"max-snippet:-1","max-image-preview":"max-image-preview:large","max-video-preview":"max-video-preview:-1"},"canonical":"https:\/\/skgd.pl\/dzialalnosc-kulturalno-oswiatowa\/projekty-kulturalne-tskn\/wirtualne-muzeum-mniejszosci-niemieckiej\/","og_locale":"de_DE","og_type":"article","og_title":"Das Virtuelle Museum der Deutschen Minderheit - Deutsche Minderheit, Sozial-Kulturelle Gesellschaft der Deutschen im Oppelner Schlesien","og_description":"[vc_row][vc_column width=&#8221;3\/4&#8243;][vc_column_text] &nbsp; &nbsp; Das Virtuelle Museum der deutschen Minderheit wirtualnemuzeum.skgd.pl ist ein Projekt, das archivierte fotografische Ressourcen zur deutschen Minderheit in Polen in die virtuelle Realit\u00e4t \u00fcbertr\u00e4gt. Das Projekt wurde in dem Jahr ins Leben gerufen, in dem die SKGD ihr 30-j\u00e4hriges Bestehen feierte. Leider machte es die Covid-19-Pandemie unm\u00f6glich, dieses Jubil\u00e4um zu feiern, [&hellip;]","og_url":"https:\/\/skgd.pl\/dzialalnosc-kulturalno-oswiatowa\/projekty-kulturalne-tskn\/wirtualne-muzeum-mniejszosci-niemieckiej\/","og_site_name":"Deutsche Minderheit, Sozial-Kulturelle Gesellschaft der Deutschen im Oppelner Schlesien","article_modified_time":"2021-04-23T14:02:48+00:00","og_image":[{"url":"https:\/\/skgd.pl\/wp-content\/uploads\/2021\/04\/Baner_oprojekcie_PL-1024x473.jpg"}],"twitter_card":"summary_large_image","twitter_misc":{"Gesch\u00e4tzte Lesezeit":"2\u00a0Minuten"},"schema":{"@context":"https:\/\/schema.org","@graph":[{"@type":"WebSite","@id":"https:\/\/skgd.pl\/#website","url":"https:\/\/skgd.pl\/","name":"Deutsche Minderheit, Sozial-Kulturelle Gesellschaft der Deutschen im Oppelner Schlesien","description":"Deutsche Minderheit in Polen","potentialAction":[{"@type":"SearchAction","target":{"@type":"EntryPoint","urlTemplate":"https:\/\/skgd.pl\/?s={search_term_string}"},"query-input":"required name=search_term_string"}],"inLanguage":"de"},{"@type":"ImageObject","inLanguage":"de","@id":"https:\/\/skgd.pl\/dzialalnosc-kulturalno-oswiatowa\/projekty-kulturalne-tskn\/wirtualne-muzeum-mniejszosci-niemieckiej\/#primaryimage","url":"https:\/\/skgd.pl\/wp-content\/uploads\/2021\/04\/Baner_oprojekcie_PL.jpg","contentUrl":"https:\/\/skgd.pl\/wp-content\/uploads\/2021\/04\/Baner_oprojekcie_PL.jpg","width":1300,"height":600},{"@type":"WebPage","@id":"https:\/\/skgd.pl\/dzialalnosc-kulturalno-oswiatowa\/projekty-kulturalne-tskn\/wirtualne-muzeum-mniejszosci-niemieckiej\/#webpage","url":"https:\/\/skgd.pl\/dzialalnosc-kulturalno-oswiatowa\/projekty-kulturalne-tskn\/wirtualne-muzeum-mniejszosci-niemieckiej\/","name":"Das Virtuelle Museum der Deutschen Minderheit - Deutsche Minderheit, Sozial-Kulturelle Gesellschaft der Deutschen im Oppelner Schlesien","isPartOf":{"@id":"https:\/\/skgd.pl\/#website"},"primaryImageOfPage":{"@id":"https:\/\/skgd.pl\/dzialalnosc-kulturalno-oswiatowa\/projekty-kulturalne-tskn\/wirtualne-muzeum-mniejszosci-niemieckiej\/#primaryimage"},"datePublished":"2021-04-23T13:47:55+00:00","dateModified":"2021-04-23T14:02:48+00:00","breadcrumb":{"@id":"https:\/\/skgd.pl\/dzialalnosc-kulturalno-oswiatowa\/projekty-kulturalne-tskn\/wirtualne-muzeum-mniejszosci-niemieckiej\/#breadcrumb"},"inLanguage":"de","potentialAction":[{"@type":"ReadAction","target":["https:\/\/skgd.pl\/dzialalnosc-kulturalno-oswiatowa\/projekty-kulturalne-tskn\/wirtualne-muzeum-mniejszosci-niemieckiej\/"]}]},{"@type":"BreadcrumbList","@id":"https:\/\/skgd.pl\/dzialalnosc-kulturalno-oswiatowa\/projekty-kulturalne-tskn\/wirtualne-muzeum-mniejszosci-niemieckiej\/#breadcrumb","itemListElement":[{"@type":"ListItem","position":1,"name":"Strona g\u0142\u00f3wna","item":"https:\/\/skgd.pl\/"},{"@type":"ListItem","position":2,"name":"Dzia\u0142alno\u015b\u0107 kulturalno &#8211; o\u015bwiatowa","item":"https:\/\/skgd.pl\/dzialalnosc-kulturalno-oswiatowa\/"},{"@type":"ListItem","position":3,"name":"Projekty Kulturalne TSKN","item":"https:\/\/skgd.pl\/dzialalnosc-kulturalno-oswiatowa\/projekty-kulturalne-tskn\/"},{"@type":"ListItem","position":4,"name":"Wirtualne Muzeum Mniejszo\u015bci Niemieckiej"}]}]}},"_links":{"self":[{"href":"https:\/\/skgd.pl\/de\/wp-json\/wp\/v2\/pages\/26134","targetHints":{"allow":["GET"]}}],"collection":[{"href":"https:\/\/skgd.pl\/de\/wp-json\/wp\/v2\/pages"}],"about":[{"href":"https:\/\/skgd.pl\/de\/wp-json\/wp\/v2\/types\/page"}],"author":[{"embeddable":true,"href":"https:\/\/skgd.pl\/de\/wp-json\/wp\/v2\/users\/1"}],"replies":[{"embeddable":true,"href":"https:\/\/skgd.pl\/de\/wp-json\/wp\/v2\/comments?post=26134"}],"version-history":[{"count":2,"href":"https:\/\/skgd.pl\/de\/wp-json\/wp\/v2\/pages\/26134\/revisions"}],"predecessor-version":[{"id":26146,"href":"https:\/\/skgd.pl\/de\/wp-json\/wp\/v2\/pages\/26134\/revisions\/26146"}],"up":[{"embeddable":true,"href":"https:\/\/skgd.pl\/de\/wp-json\/wp\/v2\/pages\/9333"}],"wp:attachment":[{"href":"https:\/\/skgd.pl\/de\/wp-json\/wp\/v2\/media?parent=26134"}],"curies":[{"name":"wp","href":"https:\/\/api.w.org\/{rel}","templated":true}]}}