{"id":25384,"date":"2020-12-30T17:14:59","date_gmt":"2020-12-30T16:14:59","guid":{"rendered":"https:\/\/skgd.pl\/?page_id=25384"},"modified":"2020-12-30T18:36:12","modified_gmt":"2020-12-30T17:36:12","slug":"odkrywac-slask-na-nowo","status":"publish","type":"page","link":"https:\/\/skgd.pl\/de\/dzialalnosc-kulturalno-oswiatowa\/projekty-kulturalne-tskn\/odkrywac-slask-na-nowo\/","title":{"rendered":"SCHLESIEN AUFS NEUE ENTDECKEN"},"content":{"rendered":"<p>[vc_row][vc_column width=&#8221;3\/4&#8243;][vc_column_text]<\/p>\n<p style=\"text-align: justify;\">&nbsp;<\/p>\n<p style=\"text-align: justify;\"><img loading=\"lazy\" decoding=\"async\" class=\"size-medium wp-image-17027 alignleft\" style=\"text-align: justify;\" src=\"https:\/\/skgd.pl\/wp-content\/uploads\/2020\/12\/20201222130235_001.jpg\" alt=\"\" width=\"300\" height=\"200\">Im Jahr 2020 konnte zum ersten Mal in der Geschichte der Gesellschaft eine Reihe von kulturwissenschaftlichen Integrationsausfl\u00fcgen nicht durchgef\u00fchrt werden. Durch diese Touren bekamen unsere Mitglieder die M\u00f6glichkeit, Schlesiens Geschichte aufs Neue zu entdecken.<\/p>\n<p style=\"text-align: justify;\">In diesem Zusammenhang entstand die Idee, die alten Erinnerungen widerherzustellen und an die Orte Schlesiens die wir in den Jahren 2008 \u2013 2019 besuchten zu erinnern. Dank dieser Publikation k\u00f6nnen Sie Schlesien aufs Neue entdecken. Wir w\u00fcnschen Ihnen eine angenehme <a href=\"https:\/\/skgd.pl\/wp-content\/uploads\/2020\/12\/Schlesien-aufs-Neue-entdecken.pdf\">Lekt\u00fcre<\/a>.<\/p>\n<p>[\/vc_column_text][\/vc_column][vc_column width=&#8221;1\/4&#8243;][vc_column_text]<\/p>\n<section class=\"span3\" style=\"margin-top: -22px;\">\n<div class=\"col-left\">\n<div id=\"execphp-2\" class=\"widget m_bottom_25 widget_execphp\">\n<div class=\"execphpwidget\">\n<div id=\"archives-2\" class=\"widget widget_archive kontakt\" style=\"border-color: #1F97FF !important;\">\n<h4 class=\"h4 heading-h4\" style=\"margin-bottom: 0px; text-align: center;\">Kontakt<\/h4>\n<div class=\"kontakt\">\n<p>Tomasz Gryga<\/p>\n<p><a href=\"mailto:tomasz.gryga@skgd.pl\">tomasz.gryga@skgd.pl<\/a><\/p>\n<\/div>\n<h4 class=\"h4 heading-h4\" style=\"margin-bottom: 0px; margin-top: 22px; text-align: center;\">Download<\/h4>\n<ul>\n<li class=\"linki\"><span><span class=\"iconized font-awesome glyph-link\"><\/span><a href=\"https:\/\/skgd.pl\/wp-content\/uploads\/2020\/12\/Schlesien-aufs-Neue-entdecken.pdf\" download=\"\">SCHLESIEN AUFS NEUE ENTDECKEN [PDF]<\/a><\/span><\/li>\n<\/ul>\n<p>&nbsp;<\/p>\n<h4 class=\"h4 heading-h4\" style=\"margin-bottom: 10px; text-align: center;\">Partner<\/h4>\n<p><img loading=\"lazy\" decoding=\"async\" class=\"aligncenter wp-image-23457 size-medium\" src=\"https:\/\/skgd.pl\/wp-content\/uploads\/2020\/05\/BMI-300x153.png\" alt=\"\" width=\"300\" height=\"153\" srcset=\"https:\/\/skgd.pl\/wp-content\/uploads\/2020\/05\/BMI-300x153.png 300w, https:\/\/skgd.pl\/wp-content\/uploads\/2020\/05\/BMI-600x307.png 600w, https:\/\/skgd.pl\/wp-content\/uploads\/2020\/05\/BMI-1024x524.png 1024w, https:\/\/skgd.pl\/wp-content\/uploads\/2020\/05\/BMI-768x393.png 768w, https:\/\/skgd.pl\/wp-content\/uploads\/2020\/05\/BMI-800x409.png 800w, https:\/\/skgd.pl\/wp-content\/uploads\/2020\/05\/BMI.png 1089w\" sizes=\"auto, (max-width: 300px) 100vw, 300px\" \/><\/p>\n<\/div>\n<\/div>\n<\/div>\n<\/div>\n<\/section>\n<p>[\/vc_column_text][\/vc_column][\/vc_row]<\/p>","protected":false},"excerpt":{"rendered":"<p>[vc_row][vc_column width=&#8221;3\/4&#8243;][vc_column_text] &nbsp; Im Jahr 2020 konnte zum ersten Mal in der Geschichte der Gesellschaft eine Reihe von kulturwissenschaftlichen Integrationsausfl\u00fcgen nicht durchgef\u00fchrt werden. Durch diese Touren bekamen unsere Mitglieder die M\u00f6glichkeit, Schlesiens Geschichte aufs Neue zu entdecken. In diesem Zusammenhang entstand die Idee, die alten Erinnerungen widerherzustellen und an die Orte Schlesiens die wir in [&hellip;]<\/p>\n","protected":false},"author":1,"featured_media":0,"parent":9333,"menu_order":0,"comment_status":"closed","ping_status":"closed","template":"","meta":{"footnotes":""},"class_list":["post-25384","page","type-page","status-publish","hentry"],"yoast_head":"<!-- This site is optimized with the Yoast SEO plugin v18.9 - https:\/\/yoast.com\/wordpress\/plugins\/seo\/ -->\n<title>SCHLESIEN AUFS NEUE ENTDECKEN - Deutsche Minderheit, Sozial-Kulturelle Gesellschaft der Deutschen im Oppelner Schlesien<\/title>\n<meta name=\"robots\" content=\"index, follow, max-snippet:-1, max-image-preview:large, max-video-preview:-1\" \/>\n<link rel=\"canonical\" href=\"https:\/\/skgd.pl\/en\/dzialalnosc-kulturalno-oswiatowa\/projekty-kulturalne-tskn\/odkrywac-slask-na-nowo\/\" \/>\n<meta property=\"og:locale\" content=\"de_DE\" \/>\n<meta property=\"og:type\" content=\"article\" \/>\n<meta property=\"og:title\" content=\"SCHLESIEN AUFS NEUE ENTDECKEN - Deutsche Minderheit, Sozial-Kulturelle Gesellschaft der Deutschen im Oppelner Schlesien\" \/>\n<meta property=\"og:description\" content=\"[vc_row][vc_column width=&#8221;3\/4&#8243;][vc_column_text] &nbsp; Im Jahr 2020 konnte zum ersten Mal in der Geschichte der Gesellschaft eine Reihe von kulturwissenschaftlichen Integrationsausfl\u00fcgen nicht durchgef\u00fchrt werden. Durch diese Touren bekamen unsere Mitglieder die M\u00f6glichkeit, Schlesiens Geschichte aufs Neue zu entdecken. In diesem Zusammenhang entstand die Idee, die alten Erinnerungen widerherzustellen und an die Orte Schlesiens die wir in [&hellip;]\" \/>\n<meta property=\"og:url\" content=\"https:\/\/skgd.pl\/en\/dzialalnosc-kulturalno-oswiatowa\/projekty-kulturalne-tskn\/odkrywac-slask-na-nowo\/\" \/>\n<meta property=\"og:site_name\" content=\"Deutsche Minderheit, Sozial-Kulturelle Gesellschaft der Deutschen im Oppelner Schlesien\" \/>\n<meta property=\"article:modified_time\" content=\"2020-12-30T17:36:12+00:00\" \/>\n<meta property=\"og:image\" content=\"https:\/\/skgd.pl\/wp-content\/uploads\/2020\/12\/20201222130235_001.jpg\" \/>\n<meta name=\"twitter:card\" content=\"summary_large_image\" \/>\n<meta name=\"twitter:label1\" content=\"Gesch\u00e4tzte Lesezeit\" \/>\n\t<meta name=\"twitter:data1\" content=\"1\u00a0Minute\" \/>\n<script type=\"application\/ld+json\" class=\"yoast-schema-graph\">{\"@context\":\"https:\/\/schema.org\",\"@graph\":[{\"@type\":\"WebSite\",\"@id\":\"https:\/\/skgd.pl\/#website\",\"url\":\"https:\/\/skgd.pl\/\",\"name\":\"Deutsche Minderheit, Sozial-Kulturelle Gesellschaft der Deutschen im Oppelner Schlesien\",\"description\":\"Deutsche Minderheit in Polen\",\"potentialAction\":[{\"@type\":\"SearchAction\",\"target\":{\"@type\":\"EntryPoint\",\"urlTemplate\":\"https:\/\/skgd.pl\/?s={search_term_string}\"},\"query-input\":\"required name=search_term_string\"}],\"inLanguage\":\"de\"},{\"@type\":\"ImageObject\",\"inLanguage\":\"de\",\"@id\":\"https:\/\/skgd.pl\/en\/dzialalnosc-kulturalno-oswiatowa\/projekty-kulturalne-tskn\/odkrywac-slask-na-nowo\/#primaryimage\",\"url\":\"https:\/\/skgd.pl\/wp-content\/uploads\/2020\/12\/20201222130235_001.jpg\",\"contentUrl\":\"https:\/\/skgd.pl\/wp-content\/uploads\/2020\/12\/20201222130235_001.jpg\",\"width\":1462,\"height\":952},{\"@type\":\"WebPage\",\"@id\":\"https:\/\/skgd.pl\/en\/dzialalnosc-kulturalno-oswiatowa\/projekty-kulturalne-tskn\/odkrywac-slask-na-nowo\/#webpage\",\"url\":\"https:\/\/skgd.pl\/en\/dzialalnosc-kulturalno-oswiatowa\/projekty-kulturalne-tskn\/odkrywac-slask-na-nowo\/\",\"name\":\"SCHLESIEN AUFS NEUE ENTDECKEN - Deutsche Minderheit, Sozial-Kulturelle Gesellschaft der Deutschen im Oppelner Schlesien\",\"isPartOf\":{\"@id\":\"https:\/\/skgd.pl\/#website\"},\"primaryImageOfPage\":{\"@id\":\"https:\/\/skgd.pl\/en\/dzialalnosc-kulturalno-oswiatowa\/projekty-kulturalne-tskn\/odkrywac-slask-na-nowo\/#primaryimage\"},\"datePublished\":\"2020-12-30T16:14:59+00:00\",\"dateModified\":\"2020-12-30T17:36:12+00:00\",\"breadcrumb\":{\"@id\":\"https:\/\/skgd.pl\/en\/dzialalnosc-kulturalno-oswiatowa\/projekty-kulturalne-tskn\/odkrywac-slask-na-nowo\/#breadcrumb\"},\"inLanguage\":\"de\",\"potentialAction\":[{\"@type\":\"ReadAction\",\"target\":[\"https:\/\/skgd.pl\/en\/dzialalnosc-kulturalno-oswiatowa\/projekty-kulturalne-tskn\/odkrywac-slask-na-nowo\/\"]}]},{\"@type\":\"BreadcrumbList\",\"@id\":\"https:\/\/skgd.pl\/en\/dzialalnosc-kulturalno-oswiatowa\/projekty-kulturalne-tskn\/odkrywac-slask-na-nowo\/#breadcrumb\",\"itemListElement\":[{\"@type\":\"ListItem\",\"position\":1,\"name\":\"Strona g\u0142\u00f3wna\",\"item\":\"https:\/\/skgd.pl\/\"},{\"@type\":\"ListItem\",\"position\":2,\"name\":\"Dzia\u0142alno\u015b\u0107 kulturalno &#8211; o\u015bwiatowa\",\"item\":\"https:\/\/skgd.pl\/dzialalnosc-kulturalno-oswiatowa\/\"},{\"@type\":\"ListItem\",\"position\":3,\"name\":\"Projekty Kulturalne TSKN\",\"item\":\"https:\/\/skgd.pl\/dzialalnosc-kulturalno-oswiatowa\/projekty-kulturalne-tskn\/\"},{\"@type\":\"ListItem\",\"position\":4,\"name\":\"(Polski) ODKRYWA\u0106 \u015aL\u0104SK NA NOWO\"}]}]}<\/script>\n<!-- \/ Yoast SEO plugin. -->","yoast_head_json":{"title":"SCHLESIEN AUFS NEUE ENTDECKEN - Deutsche Minderheit, Sozial-Kulturelle Gesellschaft der Deutschen im Oppelner Schlesien","robots":{"index":"index","follow":"follow","max-snippet":"max-snippet:-1","max-image-preview":"max-image-preview:large","max-video-preview":"max-video-preview:-1"},"canonical":"https:\/\/skgd.pl\/en\/dzialalnosc-kulturalno-oswiatowa\/projekty-kulturalne-tskn\/odkrywac-slask-na-nowo\/","og_locale":"de_DE","og_type":"article","og_title":"SCHLESIEN AUFS NEUE ENTDECKEN - Deutsche Minderheit, Sozial-Kulturelle Gesellschaft der Deutschen im Oppelner Schlesien","og_description":"[vc_row][vc_column width=&#8221;3\/4&#8243;][vc_column_text] &nbsp; Im Jahr 2020 konnte zum ersten Mal in der Geschichte der Gesellschaft eine Reihe von kulturwissenschaftlichen Integrationsausfl\u00fcgen nicht durchgef\u00fchrt werden. Durch diese Touren bekamen unsere Mitglieder die M\u00f6glichkeit, Schlesiens Geschichte aufs Neue zu entdecken. In diesem Zusammenhang entstand die Idee, die alten Erinnerungen widerherzustellen und an die Orte Schlesiens die wir in [&hellip;]","og_url":"https:\/\/skgd.pl\/en\/dzialalnosc-kulturalno-oswiatowa\/projekty-kulturalne-tskn\/odkrywac-slask-na-nowo\/","og_site_name":"Deutsche Minderheit, Sozial-Kulturelle Gesellschaft der Deutschen im Oppelner Schlesien","article_modified_time":"2020-12-30T17:36:12+00:00","og_image":[{"url":"https:\/\/skgd.pl\/wp-content\/uploads\/2020\/12\/20201222130235_001.jpg"}],"twitter_card":"summary_large_image","twitter_misc":{"Gesch\u00e4tzte Lesezeit":"1\u00a0Minute"},"schema":{"@context":"https:\/\/schema.org","@graph":[{"@type":"WebSite","@id":"https:\/\/skgd.pl\/#website","url":"https:\/\/skgd.pl\/","name":"Deutsche Minderheit, Sozial-Kulturelle Gesellschaft der Deutschen im Oppelner Schlesien","description":"Deutsche Minderheit in Polen","potentialAction":[{"@type":"SearchAction","target":{"@type":"EntryPoint","urlTemplate":"https:\/\/skgd.pl\/?s={search_term_string}"},"query-input":"required name=search_term_string"}],"inLanguage":"de"},{"@type":"ImageObject","inLanguage":"de","@id":"https:\/\/skgd.pl\/en\/dzialalnosc-kulturalno-oswiatowa\/projekty-kulturalne-tskn\/odkrywac-slask-na-nowo\/#primaryimage","url":"https:\/\/skgd.pl\/wp-content\/uploads\/2020\/12\/20201222130235_001.jpg","contentUrl":"https:\/\/skgd.pl\/wp-content\/uploads\/2020\/12\/20201222130235_001.jpg","width":1462,"height":952},{"@type":"WebPage","@id":"https:\/\/skgd.pl\/en\/dzialalnosc-kulturalno-oswiatowa\/projekty-kulturalne-tskn\/odkrywac-slask-na-nowo\/#webpage","url":"https:\/\/skgd.pl\/en\/dzialalnosc-kulturalno-oswiatowa\/projekty-kulturalne-tskn\/odkrywac-slask-na-nowo\/","name":"SCHLESIEN AUFS NEUE ENTDECKEN - Deutsche Minderheit, Sozial-Kulturelle Gesellschaft der Deutschen im Oppelner Schlesien","isPartOf":{"@id":"https:\/\/skgd.pl\/#website"},"primaryImageOfPage":{"@id":"https:\/\/skgd.pl\/en\/dzialalnosc-kulturalno-oswiatowa\/projekty-kulturalne-tskn\/odkrywac-slask-na-nowo\/#primaryimage"},"datePublished":"2020-12-30T16:14:59+00:00","dateModified":"2020-12-30T17:36:12+00:00","breadcrumb":{"@id":"https:\/\/skgd.pl\/en\/dzialalnosc-kulturalno-oswiatowa\/projekty-kulturalne-tskn\/odkrywac-slask-na-nowo\/#breadcrumb"},"inLanguage":"de","potentialAction":[{"@type":"ReadAction","target":["https:\/\/skgd.pl\/en\/dzialalnosc-kulturalno-oswiatowa\/projekty-kulturalne-tskn\/odkrywac-slask-na-nowo\/"]}]},{"@type":"BreadcrumbList","@id":"https:\/\/skgd.pl\/en\/dzialalnosc-kulturalno-oswiatowa\/projekty-kulturalne-tskn\/odkrywac-slask-na-nowo\/#breadcrumb","itemListElement":[{"@type":"ListItem","position":1,"name":"Strona g\u0142\u00f3wna","item":"https:\/\/skgd.pl\/"},{"@type":"ListItem","position":2,"name":"Dzia\u0142alno\u015b\u0107 kulturalno &#8211; o\u015bwiatowa","item":"https:\/\/skgd.pl\/dzialalnosc-kulturalno-oswiatowa\/"},{"@type":"ListItem","position":3,"name":"Projekty Kulturalne TSKN","item":"https:\/\/skgd.pl\/dzialalnosc-kulturalno-oswiatowa\/projekty-kulturalne-tskn\/"},{"@type":"ListItem","position":4,"name":"(Polski) ODKRYWA\u0106 \u015aL\u0104SK NA NOWO"}]}]}},"_links":{"self":[{"href":"https:\/\/skgd.pl\/de\/wp-json\/wp\/v2\/pages\/25384","targetHints":{"allow":["GET"]}}],"collection":[{"href":"https:\/\/skgd.pl\/de\/wp-json\/wp\/v2\/pages"}],"about":[{"href":"https:\/\/skgd.pl\/de\/wp-json\/wp\/v2\/types\/page"}],"author":[{"embeddable":true,"href":"https:\/\/skgd.pl\/de\/wp-json\/wp\/v2\/users\/1"}],"replies":[{"embeddable":true,"href":"https:\/\/skgd.pl\/de\/wp-json\/wp\/v2\/comments?post=25384"}],"version-history":[{"count":1,"href":"https:\/\/skgd.pl\/de\/wp-json\/wp\/v2\/pages\/25384\/revisions"}],"predecessor-version":[{"id":25388,"href":"https:\/\/skgd.pl\/de\/wp-json\/wp\/v2\/pages\/25384\/revisions\/25388"}],"up":[{"embeddable":true,"href":"https:\/\/skgd.pl\/de\/wp-json\/wp\/v2\/pages\/9333"}],"wp:attachment":[{"href":"https:\/\/skgd.pl\/de\/wp-json\/wp\/v2\/media?parent=25384"}],"curies":[{"name":"wp","href":"https:\/\/api.w.org\/{rel}","templated":true}]}}