{"id":24255,"date":"2020-07-21T10:37:51","date_gmt":"2020-07-21T08:37:51","guid":{"rendered":"http:\/\/skgd.pl\/?page_id=24255"},"modified":"2020-07-21T10:39:49","modified_gmt":"2020-07-21T08:39:49","slug":"nagrania-zwyciezcow-xxvi-konkursu-recytatorskiego-w-jezyku-niemieckim-mlodziez-recytuje-poezje-2020","status":"publish","type":"page","link":"https:\/\/skgd.pl\/de\/nagrania-zwyciezcow-xxvi-konkursu-recytatorskiego-w-jezyku-niemieckim-mlodziez-recytuje-poezje-2020\/","title":{"rendered":"Die Aufnahmen der Gewinner des 26. Rezitationswettbewerbs in deutscher Sprache \u201eJugend tr\u00e4gt Gedichte vor\u201c 2020:"},"content":{"rendered":"<p><strong>Die Aufnahmen der Gewinner des 26. Rezitationswettbewerbs in deutscher Sprache \u201eJugend tr\u00e4gt Gedichte vor\u201c 2020:<\/strong><\/p>\n<p>&nbsp;<\/p>\n<p><strong>Kategorie A:<\/strong><\/p>\n<p><strong>Platz 1:<\/strong>&nbsp;Vanessa Giza<\/p>\n<p><iframe loading=\"lazy\" title=\"Rezitationswettbewerb &#039;Jugend tr\u00e4gt Gedichte vor&#039; \u2013 1. Platz: Vanessa Giza\" width=\"770\" height=\"433\" src=\"https:\/\/www.youtube.com\/embed\/HnTyYjCWTNQ?feature=oembed\" frameborder=\"0\" allow=\"accelerometer; autoplay; encrypted-media; gyroscope; picture-in-picture\" allowfullscreen><\/iframe><\/p>\n<p><strong>Platz 2:<\/strong>&nbsp;Damian Zmarzlik<\/p>\n<p><iframe loading=\"lazy\" title=\"Rezitationswettbewerb &#039;Jugend tr\u00e4gt Gedichte vor&#039; \u2013 2. Platz: Damian Zmarzlik\" width=\"770\" height=\"433\" src=\"https:\/\/www.youtube.com\/embed\/4ydeJtFuz9s?feature=oembed\" frameborder=\"0\" allow=\"accelerometer; autoplay; encrypted-media; gyroscope; picture-in-picture\" allowfullscreen><\/iframe><\/p>\n<p><strong><span>Platz 3:<\/span><\/strong><span>&nbsp;Zofia Gerstenberg<\/span><\/p>\n<p><iframe loading=\"lazy\" title=\"Rezitationswettbewerb &#039;Jugend tr\u00e4gt Gedichte vor&#039; \u2013 3. Platz: Zofia Gerstenberg\" width=\"770\" height=\"433\" src=\"https:\/\/www.youtube.com\/embed\/p_kvjArQgVA?feature=oembed\" frameborder=\"0\" allow=\"accelerometer; autoplay; encrypted-media; gyroscope; picture-in-picture\" allowfullscreen><\/iframe><\/p>\n<p><span>&nbsp;&nbsp;<\/span><\/p>\n<p><strong><span>Kategorie B:<\/span><\/strong><\/p>\n<p><strong>Platz 1:<\/strong>&nbsp;Maja Warzecha<\/p>\n<p><iframe loading=\"lazy\" title=\"Rezitationswettbewerb &#039;Jugend tr\u00e4gt Gedichte vor&#039; \u2013 1. Platz: Maja Warzecha\" width=\"770\" height=\"433\" src=\"https:\/\/www.youtube.com\/embed\/4s_WbyReEJI?feature=oembed\" frameborder=\"0\" allow=\"accelerometer; autoplay; encrypted-media; gyroscope; picture-in-picture\" allowfullscreen><\/iframe><\/p>\n<p><strong>Platz 2:<\/strong>&nbsp;Emilia Fablewski<\/p>\n<p><iframe loading=\"lazy\" title=\"Rezitationswettbewerb &#039;Jugend tr\u00e4gt Gedichte vor&#039; \u2013 2. Platz: Emilia Fablewski\" width=\"770\" height=\"433\" src=\"https:\/\/www.youtube.com\/embed\/Eoiqz-m-3z4?feature=oembed\" frameborder=\"0\" allow=\"accelerometer; autoplay; encrypted-media; gyroscope; picture-in-picture\" allowfullscreen><\/iframe><\/p>\n<p><strong>Platz 3:<\/strong>&nbsp;Laura Jantos<\/p>\n<p><iframe loading=\"lazy\" title=\"Rezitationswettbewerb &#039;Jugend tr\u00e4gt Gedichte vor&#039; \u2013 3. Platz: Laura Jantos\" width=\"770\" height=\"433\" src=\"https:\/\/www.youtube.com\/embed\/F6049HTjLUs?feature=oembed\" frameborder=\"0\" allow=\"accelerometer; autoplay; encrypted-media; gyroscope; picture-in-picture\" allowfullscreen><\/iframe><\/p>\n<p>&nbsp;<\/p>\n<p><strong>Kategorie C:<\/strong><\/p>\n<p><strong><span>Platz 1:<\/span><\/strong><span>&nbsp;Lena Jantos<\/span><\/p>\n<p><iframe loading=\"lazy\" title=\"Rezitationswettbewerb &#039;Jugend tr\u00e4gt Gedichte vor&#039; \u2013 1. Platz: Lena Jantos\" width=\"770\" height=\"433\" src=\"https:\/\/www.youtube.com\/embed\/STamIV74eqk?feature=oembed\" frameborder=\"0\" allow=\"accelerometer; autoplay; encrypted-media; gyroscope; picture-in-picture\" allowfullscreen><\/iframe><\/p>\n<p><strong><span>Platz 2:<\/span><\/strong><span>&nbsp;Emilia Bierek<\/span><\/p>\n<p><iframe loading=\"lazy\" title=\"Rezitationswettbewerb &#039;Jugend tr\u00e4gt Gedichte vor&#039; \u2013 2. Platz: Emilia Bierek\" width=\"770\" height=\"433\" src=\"https:\/\/www.youtube.com\/embed\/1-ZDemWIN1c?feature=oembed\" frameborder=\"0\" allow=\"accelerometer; autoplay; encrypted-media; gyroscope; picture-in-picture\" allowfullscreen><\/iframe><\/p>\n<p><strong><span>Platz 3:<\/span><\/strong><span>&nbsp;Wiktoria Sobota<\/span><\/p>\n<p><iframe loading=\"lazy\" title=\"Rezitationswettbewerb &#039;Jugend tr\u00e4gt Gedichte vor&#039; \u2013 3. Platz: Wiktoria Sobota\" width=\"770\" height=\"433\" src=\"https:\/\/www.youtube.com\/embed\/NXgeFWrYpgE?feature=oembed\" frameborder=\"0\" allow=\"accelerometer; autoplay; encrypted-media; gyroscope; picture-in-picture\" allowfullscreen><\/iframe><\/p>\n<p>&nbsp;<\/p>\n<p><strong><span>Auszeichnung:<\/span><\/strong><span> Maja Gerstenberg<\/span><\/p>\n<p><iframe loading=\"lazy\" title=\"Rezitationswettbewerb &#039;Jugend tr\u00e4gt Gedichte vor&#039; \u2013 Auszeichnung: Maja Gerstenberg\" width=\"770\" height=\"433\" src=\"https:\/\/www.youtube.com\/embed\/2MSuLB3qG6Q?feature=oembed\" frameborder=\"0\" allow=\"accelerometer; autoplay; encrypted-media; gyroscope; picture-in-picture\" allowfullscreen><\/iframe><\/p>\n<p><span>&nbsp;<\/span><\/p>\n<p><strong><span>Kategorie D:<\/span><\/strong><\/p>\n<p><strong><span>Platz 1:<\/span><\/strong><span>&nbsp;Wiktoria Gr\u00f6hlich<\/span><\/p>\n<p><iframe loading=\"lazy\" title=\"Rezitationswettbewerb &#039;Jugend tr\u00e4gt Gedichte vor&#039; \u2013 1. Platz: Wiktoria Gr\u00f6hlich\" width=\"770\" height=\"433\" src=\"https:\/\/www.youtube.com\/embed\/EGWhypTsj7I?feature=oembed\" frameborder=\"0\" allow=\"accelerometer; autoplay; encrypted-media; gyroscope; picture-in-picture\" allowfullscreen><\/iframe><\/p>\n<p><strong><span>Platz 2:<\/span><\/strong><span>&nbsp;Julia Kaiser<\/span><\/p>\n<p>https:\/\/youtu.be\/roZ3mx0STV8<\/p>","protected":false},"excerpt":{"rendered":"<p>Die Aufnahmen der Gewinner des 26. Rezitationswettbewerbs in deutscher Sprache \u201eJugend tr\u00e4gt Gedichte vor\u201c 2020: &nbsp; Kategorie A: Platz 1:&nbsp;Vanessa Giza Platz 2:&nbsp;Damian Zmarzlik Platz 3:&nbsp;Zofia Gerstenberg &nbsp;&nbsp; Kategorie B: Platz 1:&nbsp;Maja Warzecha Platz 2:&nbsp;Emilia Fablewski Platz 3:&nbsp;Laura Jantos &nbsp; Kategorie C: Platz 1:&nbsp;Lena Jantos Platz 2:&nbsp;Emilia Bierek Platz 3:&nbsp;Wiktoria Sobota &nbsp; Auszeichnung: Maja Gerstenberg [&hellip;]<\/p>\n","protected":false},"author":1,"featured_media":0,"parent":0,"menu_order":0,"comment_status":"closed","ping_status":"closed","template":"","meta":{"footnotes":""},"class_list":["post-24255","page","type-page","status-publish","hentry"],"yoast_head":"<!-- This site is optimized with the Yoast SEO plugin v18.9 - https:\/\/yoast.com\/wordpress\/plugins\/seo\/ -->\n<title>Die Aufnahmen der Gewinner des 26. Rezitationswettbewerbs in deutscher Sprache \u201eJugend tr\u00e4gt Gedichte vor\u201c 2020: - Deutsche Minderheit, Sozial-Kulturelle Gesellschaft der Deutschen im Oppelner Schlesien<\/title>\n<meta name=\"robots\" content=\"index, follow, max-snippet:-1, max-image-preview:large, max-video-preview:-1\" \/>\n<link rel=\"canonical\" href=\"https:\/\/skgd.pl\/nagrania-zwyciezcow-xxvi-konkursu-recytatorskiego-w-jezyku-niemieckim-mlodziez-recytuje-poezje-2020\/\" \/>\n<meta property=\"og:locale\" content=\"de_DE\" \/>\n<meta property=\"og:type\" content=\"article\" \/>\n<meta property=\"og:title\" content=\"Die Aufnahmen der Gewinner des 26. Rezitationswettbewerbs in deutscher Sprache \u201eJugend tr\u00e4gt Gedichte vor\u201c 2020: - Deutsche Minderheit, Sozial-Kulturelle Gesellschaft der Deutschen im Oppelner Schlesien\" \/>\n<meta property=\"og:description\" content=\"Die Aufnahmen der Gewinner des 26. Rezitationswettbewerbs in deutscher Sprache \u201eJugend tr\u00e4gt Gedichte vor\u201c 2020: &nbsp; Kategorie A: Platz 1:&nbsp;Vanessa Giza Platz 2:&nbsp;Damian Zmarzlik Platz 3:&nbsp;Zofia Gerstenberg &nbsp;&nbsp; Kategorie B: Platz 1:&nbsp;Maja Warzecha Platz 2:&nbsp;Emilia Fablewski Platz 3:&nbsp;Laura Jantos &nbsp; Kategorie C: Platz 1:&nbsp;Lena Jantos Platz 2:&nbsp;Emilia Bierek Platz 3:&nbsp;Wiktoria Sobota &nbsp; Auszeichnung: Maja Gerstenberg [&hellip;]\" \/>\n<meta property=\"og:url\" content=\"https:\/\/skgd.pl\/nagrania-zwyciezcow-xxvi-konkursu-recytatorskiego-w-jezyku-niemieckim-mlodziez-recytuje-poezje-2020\/\" \/>\n<meta property=\"og:site_name\" content=\"Deutsche Minderheit, Sozial-Kulturelle Gesellschaft der Deutschen im Oppelner Schlesien\" \/>\n<meta property=\"article:modified_time\" content=\"2020-07-21T08:39:49+00:00\" \/>\n<meta name=\"twitter:card\" content=\"summary_large_image\" \/>\n<meta name=\"twitter:label1\" content=\"Gesch\u00e4tzte Lesezeit\" \/>\n\t<meta name=\"twitter:data1\" content=\"1\u00a0Minute\" \/>\n<script type=\"application\/ld+json\" class=\"yoast-schema-graph\">{\"@context\":\"https:\/\/schema.org\",\"@graph\":[{\"@type\":\"WebSite\",\"@id\":\"https:\/\/skgd.pl\/#website\",\"url\":\"https:\/\/skgd.pl\/\",\"name\":\"Deutsche Minderheit, Sozial-Kulturelle Gesellschaft der Deutschen im Oppelner Schlesien\",\"description\":\"Deutsche Minderheit in Polen\",\"potentialAction\":[{\"@type\":\"SearchAction\",\"target\":{\"@type\":\"EntryPoint\",\"urlTemplate\":\"https:\/\/skgd.pl\/?s={search_term_string}\"},\"query-input\":\"required name=search_term_string\"}],\"inLanguage\":\"de\"},{\"@type\":\"WebPage\",\"@id\":\"https:\/\/skgd.pl\/nagrania-zwyciezcow-xxvi-konkursu-recytatorskiego-w-jezyku-niemieckim-mlodziez-recytuje-poezje-2020\/#webpage\",\"url\":\"https:\/\/skgd.pl\/nagrania-zwyciezcow-xxvi-konkursu-recytatorskiego-w-jezyku-niemieckim-mlodziez-recytuje-poezje-2020\/\",\"name\":\"Die Aufnahmen der Gewinner des 26. Rezitationswettbewerbs in deutscher Sprache \u201eJugend tr\u00e4gt Gedichte vor\u201c 2020: - Deutsche Minderheit, Sozial-Kulturelle Gesellschaft der Deutschen im Oppelner Schlesien\",\"isPartOf\":{\"@id\":\"https:\/\/skgd.pl\/#website\"},\"datePublished\":\"2020-07-21T08:37:51+00:00\",\"dateModified\":\"2020-07-21T08:39:49+00:00\",\"breadcrumb\":{\"@id\":\"https:\/\/skgd.pl\/nagrania-zwyciezcow-xxvi-konkursu-recytatorskiego-w-jezyku-niemieckim-mlodziez-recytuje-poezje-2020\/#breadcrumb\"},\"inLanguage\":\"de\",\"potentialAction\":[{\"@type\":\"ReadAction\",\"target\":[\"https:\/\/skgd.pl\/nagrania-zwyciezcow-xxvi-konkursu-recytatorskiego-w-jezyku-niemieckim-mlodziez-recytuje-poezje-2020\/\"]}]},{\"@type\":\"BreadcrumbList\",\"@id\":\"https:\/\/skgd.pl\/nagrania-zwyciezcow-xxvi-konkursu-recytatorskiego-w-jezyku-niemieckim-mlodziez-recytuje-poezje-2020\/#breadcrumb\",\"itemListElement\":[{\"@type\":\"ListItem\",\"position\":1,\"name\":\"Strona g\u0142\u00f3wna\",\"item\":\"https:\/\/skgd.pl\/\"},{\"@type\":\"ListItem\",\"position\":2,\"name\":\"Nagrania zwyci\u0119zc\u00f3w XXVI Konkursu recytatorskiego w j\u0119zyku niemieckim \u201eM\u0142odzie\u017c recytuje poezj\u0119\u201d 2020\"}]}]}<\/script>\n<!-- \/ Yoast SEO plugin. -->","yoast_head_json":{"title":"Die Aufnahmen der Gewinner des 26. Rezitationswettbewerbs in deutscher Sprache \u201eJugend tr\u00e4gt Gedichte vor\u201c 2020: - Deutsche Minderheit, Sozial-Kulturelle Gesellschaft der Deutschen im Oppelner Schlesien","robots":{"index":"index","follow":"follow","max-snippet":"max-snippet:-1","max-image-preview":"max-image-preview:large","max-video-preview":"max-video-preview:-1"},"canonical":"https:\/\/skgd.pl\/nagrania-zwyciezcow-xxvi-konkursu-recytatorskiego-w-jezyku-niemieckim-mlodziez-recytuje-poezje-2020\/","og_locale":"de_DE","og_type":"article","og_title":"Die Aufnahmen der Gewinner des 26. Rezitationswettbewerbs in deutscher Sprache \u201eJugend tr\u00e4gt Gedichte vor\u201c 2020: - Deutsche Minderheit, Sozial-Kulturelle Gesellschaft der Deutschen im Oppelner Schlesien","og_description":"Die Aufnahmen der Gewinner des 26. Rezitationswettbewerbs in deutscher Sprache \u201eJugend tr\u00e4gt Gedichte vor\u201c 2020: &nbsp; Kategorie A: Platz 1:&nbsp;Vanessa Giza Platz 2:&nbsp;Damian Zmarzlik Platz 3:&nbsp;Zofia Gerstenberg &nbsp;&nbsp; Kategorie B: Platz 1:&nbsp;Maja Warzecha Platz 2:&nbsp;Emilia Fablewski Platz 3:&nbsp;Laura Jantos &nbsp; Kategorie C: Platz 1:&nbsp;Lena Jantos Platz 2:&nbsp;Emilia Bierek Platz 3:&nbsp;Wiktoria Sobota &nbsp; Auszeichnung: Maja Gerstenberg [&hellip;]","og_url":"https:\/\/skgd.pl\/nagrania-zwyciezcow-xxvi-konkursu-recytatorskiego-w-jezyku-niemieckim-mlodziez-recytuje-poezje-2020\/","og_site_name":"Deutsche Minderheit, Sozial-Kulturelle Gesellschaft der Deutschen im Oppelner Schlesien","article_modified_time":"2020-07-21T08:39:49+00:00","twitter_card":"summary_large_image","twitter_misc":{"Gesch\u00e4tzte Lesezeit":"1\u00a0Minute"},"schema":{"@context":"https:\/\/schema.org","@graph":[{"@type":"WebSite","@id":"https:\/\/skgd.pl\/#website","url":"https:\/\/skgd.pl\/","name":"Deutsche Minderheit, Sozial-Kulturelle Gesellschaft der Deutschen im Oppelner Schlesien","description":"Deutsche Minderheit in Polen","potentialAction":[{"@type":"SearchAction","target":{"@type":"EntryPoint","urlTemplate":"https:\/\/skgd.pl\/?s={search_term_string}"},"query-input":"required name=search_term_string"}],"inLanguage":"de"},{"@type":"WebPage","@id":"https:\/\/skgd.pl\/nagrania-zwyciezcow-xxvi-konkursu-recytatorskiego-w-jezyku-niemieckim-mlodziez-recytuje-poezje-2020\/#webpage","url":"https:\/\/skgd.pl\/nagrania-zwyciezcow-xxvi-konkursu-recytatorskiego-w-jezyku-niemieckim-mlodziez-recytuje-poezje-2020\/","name":"Die Aufnahmen der Gewinner des 26. Rezitationswettbewerbs in deutscher Sprache \u201eJugend tr\u00e4gt Gedichte vor\u201c 2020: - Deutsche Minderheit, Sozial-Kulturelle Gesellschaft der Deutschen im Oppelner Schlesien","isPartOf":{"@id":"https:\/\/skgd.pl\/#website"},"datePublished":"2020-07-21T08:37:51+00:00","dateModified":"2020-07-21T08:39:49+00:00","breadcrumb":{"@id":"https:\/\/skgd.pl\/nagrania-zwyciezcow-xxvi-konkursu-recytatorskiego-w-jezyku-niemieckim-mlodziez-recytuje-poezje-2020\/#breadcrumb"},"inLanguage":"de","potentialAction":[{"@type":"ReadAction","target":["https:\/\/skgd.pl\/nagrania-zwyciezcow-xxvi-konkursu-recytatorskiego-w-jezyku-niemieckim-mlodziez-recytuje-poezje-2020\/"]}]},{"@type":"BreadcrumbList","@id":"https:\/\/skgd.pl\/nagrania-zwyciezcow-xxvi-konkursu-recytatorskiego-w-jezyku-niemieckim-mlodziez-recytuje-poezje-2020\/#breadcrumb","itemListElement":[{"@type":"ListItem","position":1,"name":"Strona g\u0142\u00f3wna","item":"https:\/\/skgd.pl\/"},{"@type":"ListItem","position":2,"name":"Nagrania zwyci\u0119zc\u00f3w XXVI Konkursu recytatorskiego w j\u0119zyku niemieckim \u201eM\u0142odzie\u017c recytuje poezj\u0119\u201d 2020"}]}]}},"_links":{"self":[{"href":"https:\/\/skgd.pl\/de\/wp-json\/wp\/v2\/pages\/24255","targetHints":{"allow":["GET"]}}],"collection":[{"href":"https:\/\/skgd.pl\/de\/wp-json\/wp\/v2\/pages"}],"about":[{"href":"https:\/\/skgd.pl\/de\/wp-json\/wp\/v2\/types\/page"}],"author":[{"embeddable":true,"href":"https:\/\/skgd.pl\/de\/wp-json\/wp\/v2\/users\/1"}],"replies":[{"embeddable":true,"href":"https:\/\/skgd.pl\/de\/wp-json\/wp\/v2\/comments?post=24255"}],"version-history":[{"count":2,"href":"https:\/\/skgd.pl\/de\/wp-json\/wp\/v2\/pages\/24255\/revisions"}],"predecessor-version":[{"id":24257,"href":"https:\/\/skgd.pl\/de\/wp-json\/wp\/v2\/pages\/24255\/revisions\/24257"}],"wp:attachment":[{"href":"https:\/\/skgd.pl\/de\/wp-json\/wp\/v2\/media?parent=24255"}],"curies":[{"name":"wp","href":"https:\/\/api.w.org\/{rel}","templated":true}]}}