{"id":23033,"date":"2020-03-20T19:06:24","date_gmt":"2020-03-20T18:06:24","guid":{"rendered":"http:\/\/skgd.pl\/?page_id=23033"},"modified":"2026-03-30T09:01:25","modified_gmt":"2026-03-30T07:01:25","slug":"koncert-adwentowy","status":"publish","type":"page","link":"https:\/\/skgd.pl\/de\/dzialalnosc-kulturalno-oswiatowa\/projekty-kulturalne-tskn\/koncert-adwentowy\/","title":{"rendered":"Adventskonzert"},"content":{"rendered":"<p>[vc_row][vc_column width=&#8221;3\/4&#8243;][vc_column_text]<\/p>\n<p style=\"text-align: justify;\"><span style=\"font-family: Times New Roman, serif;\"><span style=\"font-size: medium;\">Das Adventskonzert ist eine Initiative, welche von der Sozial-Kulturellen Gesellschaft der Deutschen im Oppelner Schlesien ab 2014 ein fester Bestandteil des Adventskalenders ist. Es findet meistens am zweiten Montag des Dezembers, in der Oppelner Philharmonie statt. Das Konzert dauert meistens ca. zwei Stunden. Dem Publikum werden w\u00e4hrenddessen K\u00fcnstler der Deutschen Minderheit pr\u00e4sentiert, darunter Solisten, Blasorchester, Tanzgruppen, Gesangsgruppen, mit einen Weihnachtsprogramm, welches mittlerweile schon einem Musical <\/span><\/span><span style=\"font-family: Times New Roman, serif;\"><span style=\"font-size: medium;\">\u00e4hnelt. <\/span><\/span><span style=\"font-family: Times New Roman, serif;\"><span style=\"font-size: medium;\">Zum Konzert werden alle DFK Vorsitzenden, sowie besonders aktive Mittglieder der Deutschen Minderheit eingeladen. Dar\u00fcber hinaus werden alle Institutionen und wichtige Pers\u00f6nlichkeiten der Oppelner Region eingeladen, die mit der Deutschen Minderheit zusammenarbeiten und sie tatkr\u00e4ftig in ihrer T\u00e4tigkeit unterst\u00fctzen. F\u00fcr alle, die zum Konzert nicht kommen k\u00f6nnen machen wir eine Facebook-Live-\u00dcbertragung des Konzertes, damit sie sich es vor den Bildschirmen, zu Hause ansehen k\u00f6nnen. <\/span><\/span><\/p>\n<p style=\"text-align: justify;\"><span style=\"font-family: Times New Roman, serif;\"><span style=\"font-size: medium;\">Das Konzert wird seit ein paar Jahren mit einem Motto realisiert. Dadurch werden die Zuschauer in die Welt der Erz\u00e4hlung und Weihnachtsgeschichte versetzt. <\/span><\/span><\/p>\n<p style=\"text-align: justify;\"><span style=\"font-family: Times New Roman, serif;\"><span style=\"font-size: medium;\">Mit diesem Konzert wollen wir zeigen, wie viele begabte Jugendliche in der Deutschen Minderheit t\u00e4tig sind. <\/span><\/span><\/p>\n<p style=\"text-align: justify;\"><span style=\"font-family: Times New Roman, serif;\"><span style=\"font-size: medium;\">Die Moderatoren vereinen die Sprachen des Oppelner Schlesiens, d.h. Polnisch, Deutsch und den schlesischen Dialekt, geschickt miteinander. <\/span><\/span><\/p>\n<p style=\"text-align: justify;\"><span style=\"font-family: Times New Roman, serif;\"><span style=\"font-size: medium;\">Nach dem Konzert haben die G\u00e4ste die Gelegenheit sich miteinander zu unterhalten und Weihnachtsw\u00fcnsche zu \u00fcberbringen.<\/span><\/span><\/p>\n<p><img loading=\"lazy\" decoding=\"async\" class=\"alignnone size-medium wp-image-23044\" src=\"https:\/\/skgd.pl\/wp-content\/uploads\/2020\/03\/55A7324-300x200.jpg\" alt=\"\" width=\"300\" height=\"200\" srcset=\"https:\/\/skgd.pl\/wp-content\/uploads\/2020\/03\/55A7324-300x200.jpg 300w, https:\/\/skgd.pl\/wp-content\/uploads\/2020\/03\/55A7324-scaled-600x400.jpg 600w, https:\/\/skgd.pl\/wp-content\/uploads\/2020\/03\/55A7324-1024x683.jpg 1024w, https:\/\/skgd.pl\/wp-content\/uploads\/2020\/03\/55A7324-768x512.jpg 768w, https:\/\/skgd.pl\/wp-content\/uploads\/2020\/03\/55A7324-1536x1024.jpg 1536w, https:\/\/skgd.pl\/wp-content\/uploads\/2020\/03\/55A7324-2048x1366.jpg 2048w, https:\/\/skgd.pl\/wp-content\/uploads\/2020\/03\/55A7324-800x533.jpg 800w\" sizes=\"auto, (max-width: 300px) 100vw, 300px\" \/> <img loading=\"lazy\" decoding=\"async\" class=\"alignnone size-medium wp-image-23043\" src=\"https:\/\/skgd.pl\/wp-content\/uploads\/2020\/03\/355A8259-300x200.jpg\" alt=\"\" width=\"300\" height=\"200\" srcset=\"https:\/\/skgd.pl\/wp-content\/uploads\/2020\/03\/355A8259-300x200.jpg 300w, https:\/\/skgd.pl\/wp-content\/uploads\/2020\/03\/355A8259-scaled-600x400.jpg 600w, https:\/\/skgd.pl\/wp-content\/uploads\/2020\/03\/355A8259-1024x683.jpg 1024w, https:\/\/skgd.pl\/wp-content\/uploads\/2020\/03\/355A8259-768x512.jpg 768w, https:\/\/skgd.pl\/wp-content\/uploads\/2020\/03\/355A8259-1536x1024.jpg 1536w, https:\/\/skgd.pl\/wp-content\/uploads\/2020\/03\/355A8259-2048x1365.jpg 2048w, https:\/\/skgd.pl\/wp-content\/uploads\/2020\/03\/355A8259-800x533.jpg 800w\" sizes=\"auto, (max-width: 300px) 100vw, 300px\" \/> <img loading=\"lazy\" decoding=\"async\" class=\"alignnone size-medium wp-image-23042\" src=\"https:\/\/skgd.pl\/wp-content\/uploads\/2020\/03\/355A8312-300x200.jpg\" alt=\"\" width=\"300\" height=\"200\" srcset=\"https:\/\/skgd.pl\/wp-content\/uploads\/2020\/03\/355A8312-300x200.jpg 300w, https:\/\/skgd.pl\/wp-content\/uploads\/2020\/03\/355A8312-scaled-600x400.jpg 600w, https:\/\/skgd.pl\/wp-content\/uploads\/2020\/03\/355A8312-1024x683.jpg 1024w, https:\/\/skgd.pl\/wp-content\/uploads\/2020\/03\/355A8312-768x512.jpg 768w, https:\/\/skgd.pl\/wp-content\/uploads\/2020\/03\/355A8312-1536x1024.jpg 1536w, https:\/\/skgd.pl\/wp-content\/uploads\/2020\/03\/355A8312-2048x1365.jpg 2048w, https:\/\/skgd.pl\/wp-content\/uploads\/2020\/03\/355A8312-800x533.jpg 800w\" sizes=\"auto, (max-width: 300px) 100vw, 300px\" \/><\/p>\n<p>&nbsp;[\/vc_column_text][\/vc_column][vc_column width=&#8221;1\/4&#8243;][vc_column_text]<\/p>\n<section class=\"span3\" style=\"margin-top: -22px;\">\n<div class=\"col-left\">\n<div id=\"execphp-2\" class=\"widget m_bottom_25 widget_execphp\">\n<div class=\"execphpwidget\">\n<div id=\"archives-2\" class=\"widget widget_archive kontakt\" style=\"border-color: #1F97FF !important;\">\n<h4 class=\"h4 heading-h4\" style=\"margin-bottom: 0px;\">Kontakt<\/h4>\n<div class=\"kontakt\">\n<p>Ewa Mr\u00f3z<\/p>\n<p><a href=\"mailto:ewa.mroz@skgd.pl\">ewa.mroz@skgd.pl<\/a><\/p>\n<p>Tel.&nbsp;<span>+48 506 264 831<\/span><\/p>\n<p>Tel.&nbsp;<span>+48 77 402 10 77<\/span><\/p>\n<\/div>\n<h4>&nbsp;<\/h4>\n<h4 class=\"h4 heading-h4\" style=\"margin-bottom: 20px;\">Finanzierung:<\/h4>\n<p><img loading=\"lazy\" decoding=\"async\" class=\"alignnone size-medium wp-image-33664\" src=\"https:\/\/skgd.pl\/wp-content\/uploads\/2023\/11\/finansowanie-mswia-logo-2-300x79.png\" sizes=\"auto, (max-width: 300px) 100vw, 300px\" srcset=\"https:\/\/skgd.pl\/wp-content\/uploads\/2023\/11\/finansowanie-mswia-logo-2-300x79.png 300w, https:\/\/skgd.pl\/wp-content\/uploads\/2023\/11\/finansowanie-mswia-logo-2-1024x271.png 1024w, https:\/\/skgd.pl\/wp-content\/uploads\/2023\/11\/finansowanie-mswia-logo-2-768x203.png 768w, https:\/\/skgd.pl\/wp-content\/uploads\/2023\/11\/finansowanie-mswia-logo-2-1536x406.png 1536w, https:\/\/skgd.pl\/wp-content\/uploads\/2023\/11\/finansowanie-mswia-logo-2-800x211.png 800w, https:\/\/skgd.pl\/wp-content\/uploads\/2023\/11\/finansowanie-mswia-logo-2.png 1635w\" alt=\"\" width=\"300\" height=\"79\"><\/p>\n<p><img loading=\"lazy\" decoding=\"async\" class=\"alignnone wp-image-37886\" src=\"https:\/\/skgd.pl\/wp-content\/uploads\/2026\/03\/BMI-Logo-2026.png\" alt=\"\" width=\"166\" height=\"170\"><\/p>\n<p><img loading=\"lazy\" decoding=\"async\" class=\"alignnone wp-image-37896\" src=\"https:\/\/skgd.pl\/wp-content\/uploads\/2020\/10\/Logo_VDG_color_acronim_base-scaled-e1773127649701-300x190.jpg\" alt=\"\" width=\"223\" height=\"141\" srcset=\"https:\/\/skgd.pl\/wp-content\/uploads\/2020\/10\/Logo_VDG_color_acronim_base-scaled-e1773127649701-300x190.jpg 300w, https:\/\/skgd.pl\/wp-content\/uploads\/2020\/10\/Logo_VDG_color_acronim_base-scaled-e1773127649701-1024x650.jpg 1024w, https:\/\/skgd.pl\/wp-content\/uploads\/2020\/10\/Logo_VDG_color_acronim_base-scaled-e1773127649701-768x488.jpg 768w, https:\/\/skgd.pl\/wp-content\/uploads\/2020\/10\/Logo_VDG_color_acronim_base-scaled-e1773127649701-1536x975.jpg 1536w, https:\/\/skgd.pl\/wp-content\/uploads\/2020\/10\/Logo_VDG_color_acronim_base-scaled-e1773127649701-270x170.jpg 270w, https:\/\/skgd.pl\/wp-content\/uploads\/2020\/10\/Logo_VDG_color_acronim_base-scaled-e1773127649701-370x233.jpg 370w, https:\/\/skgd.pl\/wp-content\/uploads\/2020\/10\/Logo_VDG_color_acronim_base-scaled-e1773127649701-570x359.jpg 570w, https:\/\/skgd.pl\/wp-content\/uploads\/2020\/10\/Logo_VDG_color_acronim_base-scaled-e1773127649701-800x508.jpg 800w, https:\/\/skgd.pl\/wp-content\/uploads\/2020\/10\/Logo_VDG_color_acronim_base-scaled-e1773127649701-600x381.jpg 600w, https:\/\/skgd.pl\/wp-content\/uploads\/2020\/10\/Logo_VDG_color_acronim_base-scaled-e1773127649701.jpg 1882w\" sizes=\"auto, (max-width: 223px) 100vw, 223px\" \/><\/p>\n<\/div>\n<\/div>\n<\/div>\n<\/div>\n<\/section>\n<p>[\/vc_column_text][\/vc_column][\/vc_row]<\/p>","protected":false},"excerpt":{"rendered":"<p>[vc_row][vc_column width=&#8221;3\/4&#8243;][vc_column_text] Das Adventskonzert ist eine Initiative, welche von der Sozial-Kulturellen Gesellschaft der Deutschen im Oppelner Schlesien ab 2014 ein fester Bestandteil des Adventskalenders ist. Es findet meistens am zweiten Montag des Dezembers, in der Oppelner Philharmonie statt. Das Konzert dauert meistens ca. zwei Stunden. Dem Publikum werden w\u00e4hrenddessen K\u00fcnstler der Deutschen Minderheit pr\u00e4sentiert, darunter [&hellip;]<\/p>\n","protected":false},"author":1,"featured_media":0,"parent":9333,"menu_order":0,"comment_status":"closed","ping_status":"closed","template":"","meta":{"footnotes":""},"class_list":["post-23033","page","type-page","status-publish","hentry"],"yoast_head":"<!-- This site is optimized with the Yoast SEO plugin v18.9 - https:\/\/yoast.com\/wordpress\/plugins\/seo\/ -->\n<title>Adventskonzert - Deutsche Minderheit, Sozial-Kulturelle Gesellschaft der Deutschen im Oppelner Schlesien<\/title>\n<meta name=\"robots\" content=\"index, follow, max-snippet:-1, max-image-preview:large, max-video-preview:-1\" \/>\n<link rel=\"canonical\" href=\"https:\/\/skgd.pl\/dzialalnosc-kulturalno-oswiatowa\/projekty-kulturalne-tskn\/koncert-adwentowy\/\" \/>\n<meta property=\"og:locale\" content=\"de_DE\" \/>\n<meta property=\"og:type\" content=\"article\" \/>\n<meta property=\"og:title\" content=\"Adventskonzert - Deutsche Minderheit, Sozial-Kulturelle Gesellschaft der Deutschen im Oppelner Schlesien\" \/>\n<meta property=\"og:description\" content=\"[vc_row][vc_column width=&#8221;3\/4&#8243;][vc_column_text] Das Adventskonzert ist eine Initiative, welche von der Sozial-Kulturellen Gesellschaft der Deutschen im Oppelner Schlesien ab 2014 ein fester Bestandteil des Adventskalenders ist. Es findet meistens am zweiten Montag des Dezembers, in der Oppelner Philharmonie statt. Das Konzert dauert meistens ca. zwei Stunden. Dem Publikum werden w\u00e4hrenddessen K\u00fcnstler der Deutschen Minderheit pr\u00e4sentiert, darunter [&hellip;]\" \/>\n<meta property=\"og:url\" content=\"https:\/\/skgd.pl\/dzialalnosc-kulturalno-oswiatowa\/projekty-kulturalne-tskn\/koncert-adwentowy\/\" \/>\n<meta property=\"og:site_name\" content=\"Deutsche Minderheit, Sozial-Kulturelle Gesellschaft der Deutschen im Oppelner Schlesien\" \/>\n<meta property=\"article:modified_time\" content=\"2026-03-30T07:01:25+00:00\" \/>\n<meta property=\"og:image\" content=\"https:\/\/skgd.pl\/wp-content\/uploads\/2020\/03\/55A7324-300x200.jpg\" \/>\n<meta name=\"twitter:card\" content=\"summary_large_image\" \/>\n<meta name=\"twitter:label1\" content=\"Gesch\u00e4tzte Lesezeit\" \/>\n\t<meta name=\"twitter:data1\" content=\"3\u00a0Minuten\" \/>\n<script type=\"application\/ld+json\" class=\"yoast-schema-graph\">{\"@context\":\"https:\/\/schema.org\",\"@graph\":[{\"@type\":\"WebSite\",\"@id\":\"https:\/\/skgd.pl\/#website\",\"url\":\"https:\/\/skgd.pl\/\",\"name\":\"Deutsche Minderheit, Sozial-Kulturelle Gesellschaft der Deutschen im Oppelner Schlesien\",\"description\":\"Deutsche Minderheit in Polen\",\"potentialAction\":[{\"@type\":\"SearchAction\",\"target\":{\"@type\":\"EntryPoint\",\"urlTemplate\":\"https:\/\/skgd.pl\/?s={search_term_string}\"},\"query-input\":\"required name=search_term_string\"}],\"inLanguage\":\"de\"},{\"@type\":\"ImageObject\",\"inLanguage\":\"de\",\"@id\":\"https:\/\/skgd.pl\/dzialalnosc-kulturalno-oswiatowa\/projekty-kulturalne-tskn\/koncert-adwentowy\/#primaryimage\",\"url\":\"https:\/\/skgd.pl\/wp-content\/uploads\/2020\/03\/55A7324-300x200.jpg\",\"contentUrl\":\"https:\/\/skgd.pl\/wp-content\/uploads\/2020\/03\/55A7324-300x200.jpg\"},{\"@type\":\"WebPage\",\"@id\":\"https:\/\/skgd.pl\/dzialalnosc-kulturalno-oswiatowa\/projekty-kulturalne-tskn\/koncert-adwentowy\/#webpage\",\"url\":\"https:\/\/skgd.pl\/dzialalnosc-kulturalno-oswiatowa\/projekty-kulturalne-tskn\/koncert-adwentowy\/\",\"name\":\"Adventskonzert - Deutsche Minderheit, Sozial-Kulturelle Gesellschaft der Deutschen im Oppelner Schlesien\",\"isPartOf\":{\"@id\":\"https:\/\/skgd.pl\/#website\"},\"primaryImageOfPage\":{\"@id\":\"https:\/\/skgd.pl\/dzialalnosc-kulturalno-oswiatowa\/projekty-kulturalne-tskn\/koncert-adwentowy\/#primaryimage\"},\"datePublished\":\"2020-03-20T18:06:24+00:00\",\"dateModified\":\"2026-03-30T07:01:25+00:00\",\"breadcrumb\":{\"@id\":\"https:\/\/skgd.pl\/dzialalnosc-kulturalno-oswiatowa\/projekty-kulturalne-tskn\/koncert-adwentowy\/#breadcrumb\"},\"inLanguage\":\"de\",\"potentialAction\":[{\"@type\":\"ReadAction\",\"target\":[\"https:\/\/skgd.pl\/dzialalnosc-kulturalno-oswiatowa\/projekty-kulturalne-tskn\/koncert-adwentowy\/\"]}]},{\"@type\":\"BreadcrumbList\",\"@id\":\"https:\/\/skgd.pl\/dzialalnosc-kulturalno-oswiatowa\/projekty-kulturalne-tskn\/koncert-adwentowy\/#breadcrumb\",\"itemListElement\":[{\"@type\":\"ListItem\",\"position\":1,\"name\":\"Strona g\u0142\u00f3wna\",\"item\":\"https:\/\/skgd.pl\/\"},{\"@type\":\"ListItem\",\"position\":2,\"name\":\"Dzia\u0142alno\u015b\u0107 kulturalno &#8211; o\u015bwiatowa\",\"item\":\"https:\/\/skgd.pl\/dzialalnosc-kulturalno-oswiatowa\/\"},{\"@type\":\"ListItem\",\"position\":3,\"name\":\"Projekty Kulturalne TSKN\",\"item\":\"https:\/\/skgd.pl\/dzialalnosc-kulturalno-oswiatowa\/projekty-kulturalne-tskn\/\"},{\"@type\":\"ListItem\",\"position\":4,\"name\":\"Koncert adwentowy\"}]}]}<\/script>\n<!-- \/ Yoast SEO plugin. -->","yoast_head_json":{"title":"Adventskonzert - Deutsche Minderheit, Sozial-Kulturelle Gesellschaft der Deutschen im Oppelner Schlesien","robots":{"index":"index","follow":"follow","max-snippet":"max-snippet:-1","max-image-preview":"max-image-preview:large","max-video-preview":"max-video-preview:-1"},"canonical":"https:\/\/skgd.pl\/dzialalnosc-kulturalno-oswiatowa\/projekty-kulturalne-tskn\/koncert-adwentowy\/","og_locale":"de_DE","og_type":"article","og_title":"Adventskonzert - Deutsche Minderheit, Sozial-Kulturelle Gesellschaft der Deutschen im Oppelner Schlesien","og_description":"[vc_row][vc_column width=&#8221;3\/4&#8243;][vc_column_text] Das Adventskonzert ist eine Initiative, welche von der Sozial-Kulturellen Gesellschaft der Deutschen im Oppelner Schlesien ab 2014 ein fester Bestandteil des Adventskalenders ist. Es findet meistens am zweiten Montag des Dezembers, in der Oppelner Philharmonie statt. Das Konzert dauert meistens ca. zwei Stunden. Dem Publikum werden w\u00e4hrenddessen K\u00fcnstler der Deutschen Minderheit pr\u00e4sentiert, darunter [&hellip;]","og_url":"https:\/\/skgd.pl\/dzialalnosc-kulturalno-oswiatowa\/projekty-kulturalne-tskn\/koncert-adwentowy\/","og_site_name":"Deutsche Minderheit, Sozial-Kulturelle Gesellschaft der Deutschen im Oppelner Schlesien","article_modified_time":"2026-03-30T07:01:25+00:00","og_image":[{"url":"https:\/\/skgd.pl\/wp-content\/uploads\/2020\/03\/55A7324-300x200.jpg"}],"twitter_card":"summary_large_image","twitter_misc":{"Gesch\u00e4tzte Lesezeit":"3\u00a0Minuten"},"schema":{"@context":"https:\/\/schema.org","@graph":[{"@type":"WebSite","@id":"https:\/\/skgd.pl\/#website","url":"https:\/\/skgd.pl\/","name":"Deutsche Minderheit, Sozial-Kulturelle Gesellschaft der Deutschen im Oppelner Schlesien","description":"Deutsche Minderheit in Polen","potentialAction":[{"@type":"SearchAction","target":{"@type":"EntryPoint","urlTemplate":"https:\/\/skgd.pl\/?s={search_term_string}"},"query-input":"required name=search_term_string"}],"inLanguage":"de"},{"@type":"ImageObject","inLanguage":"de","@id":"https:\/\/skgd.pl\/dzialalnosc-kulturalno-oswiatowa\/projekty-kulturalne-tskn\/koncert-adwentowy\/#primaryimage","url":"https:\/\/skgd.pl\/wp-content\/uploads\/2020\/03\/55A7324-300x200.jpg","contentUrl":"https:\/\/skgd.pl\/wp-content\/uploads\/2020\/03\/55A7324-300x200.jpg"},{"@type":"WebPage","@id":"https:\/\/skgd.pl\/dzialalnosc-kulturalno-oswiatowa\/projekty-kulturalne-tskn\/koncert-adwentowy\/#webpage","url":"https:\/\/skgd.pl\/dzialalnosc-kulturalno-oswiatowa\/projekty-kulturalne-tskn\/koncert-adwentowy\/","name":"Adventskonzert - Deutsche Minderheit, Sozial-Kulturelle Gesellschaft der Deutschen im Oppelner Schlesien","isPartOf":{"@id":"https:\/\/skgd.pl\/#website"},"primaryImageOfPage":{"@id":"https:\/\/skgd.pl\/dzialalnosc-kulturalno-oswiatowa\/projekty-kulturalne-tskn\/koncert-adwentowy\/#primaryimage"},"datePublished":"2020-03-20T18:06:24+00:00","dateModified":"2026-03-30T07:01:25+00:00","breadcrumb":{"@id":"https:\/\/skgd.pl\/dzialalnosc-kulturalno-oswiatowa\/projekty-kulturalne-tskn\/koncert-adwentowy\/#breadcrumb"},"inLanguage":"de","potentialAction":[{"@type":"ReadAction","target":["https:\/\/skgd.pl\/dzialalnosc-kulturalno-oswiatowa\/projekty-kulturalne-tskn\/koncert-adwentowy\/"]}]},{"@type":"BreadcrumbList","@id":"https:\/\/skgd.pl\/dzialalnosc-kulturalno-oswiatowa\/projekty-kulturalne-tskn\/koncert-adwentowy\/#breadcrumb","itemListElement":[{"@type":"ListItem","position":1,"name":"Strona g\u0142\u00f3wna","item":"https:\/\/skgd.pl\/"},{"@type":"ListItem","position":2,"name":"Dzia\u0142alno\u015b\u0107 kulturalno &#8211; o\u015bwiatowa","item":"https:\/\/skgd.pl\/dzialalnosc-kulturalno-oswiatowa\/"},{"@type":"ListItem","position":3,"name":"Projekty Kulturalne TSKN","item":"https:\/\/skgd.pl\/dzialalnosc-kulturalno-oswiatowa\/projekty-kulturalne-tskn\/"},{"@type":"ListItem","position":4,"name":"Koncert adwentowy"}]}]}},"_links":{"self":[{"href":"https:\/\/skgd.pl\/de\/wp-json\/wp\/v2\/pages\/23033","targetHints":{"allow":["GET"]}}],"collection":[{"href":"https:\/\/skgd.pl\/de\/wp-json\/wp\/v2\/pages"}],"about":[{"href":"https:\/\/skgd.pl\/de\/wp-json\/wp\/v2\/types\/page"}],"author":[{"embeddable":true,"href":"https:\/\/skgd.pl\/de\/wp-json\/wp\/v2\/users\/1"}],"replies":[{"embeddable":true,"href":"https:\/\/skgd.pl\/de\/wp-json\/wp\/v2\/comments?post=23033"}],"version-history":[{"count":9,"href":"https:\/\/skgd.pl\/de\/wp-json\/wp\/v2\/pages\/23033\/revisions"}],"predecessor-version":[{"id":37980,"href":"https:\/\/skgd.pl\/de\/wp-json\/wp\/v2\/pages\/23033\/revisions\/37980"}],"up":[{"embeddable":true,"href":"https:\/\/skgd.pl\/de\/wp-json\/wp\/v2\/pages\/9333"}],"wp:attachment":[{"href":"https:\/\/skgd.pl\/de\/wp-json\/wp\/v2\/media?parent=23033"}],"curies":[{"name":"wp","href":"https:\/\/api.w.org\/{rel}","templated":true}]}}