{"id":22555,"date":"2019-12-27T14:03:27","date_gmt":"2019-12-27T13:03:27","guid":{"rendered":"http:\/\/skgd.pl\/?page_id=22555"},"modified":"2025-01-02T21:17:00","modified_gmt":"2025-01-02T20:17:00","slug":"antonia-w-poszukiwaniu-swojej-wyspy","status":"publish","type":"page","link":"https:\/\/skgd.pl\/de\/dzialalnosc-kulturalno-oswiatowa\/antonia-w-poszukiwaniu-swojej-wyspy\/","title":{"rendered":"Antonia &#8211; Kinderbuchreihe"},"content":{"rendered":"<p>[vc_row][vc_column width=&#8221;3\/4&#8243;][vc_column_text]<\/p>\n<p style=\"text-align: justify;\">Bislang hat die SKGD zwei Kinderb\u00fccher von Zuzanna Herud ver\u00f6ffentlicht:<\/p>\n<p style=\"text-align: justify;\">1.\u201cAntonia \u2013 Auf der Suche nach ihrer Insel \/ Antonia \u2013 W poszukiwaniu swojej wyspy\u201d<br \/>\n2.\u201cAntonia \u2013 Das Sockenfieber \/ Antonia \u2013 skarpetkowa gor\u0105czka\u201d<\/p>\n<p style=\"text-align: justify;\">Die Publikation \u201eAntonia &#8211; Auf der Suche nach ihrer Insel. \/ Antonia &#8211; W poszukiwaniu swojej wyspy\u201c richtet sich an Kinder im Vorschul- und fr\u00fchen Schulalter. Sie stellt den J\u00fcngsten auf interessante und attraktive Weise die Vielfalt der von der deutschen Minderheit im Oppelner Land geschaffenen Gesellschaft vor. Die Publikation ist zweisprachig, d.h. sowohl auf Polnisch als auch auf Deutsch. Die Sprache der M\u00e4rchen ist klar und f\u00fcr das Zielpublikum verst\u00e4ndlich. Die leichte Lesbarkeit des Buches wird durch farbenfrohe, originelle Illustrationen unterst\u00fctzt, die die J\u00fcngsten visuell ansprechen und zum Lesen anregen.<\/p>\n<p style=\"text-align: justify;\">Die Art, wie die Geschichte erz\u00e4hlt wird, ist einzigartig und auf die Zielgruppe der Kinder zugeschnitten. Dank der zahlreichen Symbole ist es gelungen, schwierige Begriffe zu vermeiden, die aufgrund ihres Schwierigkeitsgrades das Verst\u00e4ndnis des M\u00e4rchens verhindern w\u00fcrden, und gleichzeitig die Kinder daf\u00fcr zu sensibilisieren, dass sie in einem Umfeld der deutschen Minderheit leben, das ihre unmittelbare Umgebung mitgestaltet.<\/p>\n<p style=\"text-align: justify;\">In der Publikation wird die Figur der Antonia vorgestellt, die auf der Suche nach einer Insel, auf der sie ihr neues Zuhause finden kann, die Meere \u00fcberquert. Jede der Inseln, die sie besucht, n\u00e4mlich Falale und Matata, ist anders. Auf beiden Inseln leben Menschen mit den gleichen Gewohnheiten, Traditionen und Regeln, weshalb sie auf keiner der beiden Inseln bleiben kann, weil sie anders ist als die Menschen, die dort leben. Schlie\u00dflich landet sie dank der geheimnisvollen Heldin auf der Insel Silesio, die anders ist als die anderen. Sie wird von Menschen bewohnt, die sich mit der Kultur der beiden Inseln identifizieren, die Antonia zuvor besucht hat. Antonia erf\u00e4hrt, dass auf der Insel Silesio nicht nur Eingeborene leben, sondern auch Menschen von den Nachbarinseln. Fr\u00fcher waren alle Inseln eine einzige, die aufgrund von Streitigkeiten zwischen den dort lebenden V\u00f6lkern geteilt wurde. Schlie\u00dflich findet Antonia ihre Heimat auf der Insel Silesio.<\/p>\n<p style=\"text-align: justify;\">Das M\u00e4rchen von der letzten Insel schildert die Situation der deutschen Minderheit in Schlesien vor und nach 1945 und veranschaulicht die Erfahrungen der Menschen nach 1945, die sich trotz ihres Zugeh\u00f6rigkeitsgef\u00fchls zur deutschen Nation in die polnische Bev\u00f6lkerung integrierten und so nicht nur die deutsche Minderheit, sondern auch die kulturell vielf\u00e4ltige Region des Oppelner Schlesiens schufen. Das M\u00e4rchen regt die J\u00fcngsten dazu an, sich mit der deutschen Minderheit und ihrer Sprache auseinanderzusetzen. Es entwickelt in ihnen eine Sensibilit\u00e4t f\u00fcr andere Kulturen.<\/p>\n<p style=\"text-align: justify;\">H\u00f6rspiel:&nbsp;<\/p>\n<p style=\"text-align: justify;\">Deutsche Version:<\/p>\n<p style=\"text-align: justify;\"><iframe loading=\"lazy\" title=\"YouTube video player\" src=\"https:\/\/www.youtube.com\/embed\/OCec4ai7kiY?si=eVZ9h3ICZwBPxkz1\" width=\"560\" height=\"315\" frameborder=\"0\" allowfullscreen=\"allowfullscreen\"><\/iframe><\/p>\n<p style=\"text-align: justify;\">Polnische Version:&nbsp;<\/p>\n<p style=\"text-align: justify;\"><iframe loading=\"lazy\" title=\"YouTube video player\" src=\"https:\/\/www.youtube.com\/embed\/J5xWMmy2Jq4?si=i6SZvvLlw2dRh4CJ\" width=\"560\" height=\"315\" frameborder=\"0\" allowfullscreen=\"allowfullscreen\"><\/iframe><\/p>\n<p style=\"text-align: justify;\">2. Der zweite Teil von Antonias Abenteuern mit dem Titel Antonia &#8211; das Sockenfieber \/ Antonia &#8211; skarpetkowa gor\u0105czka wurde im Jahr 2023 ver\u00f6ffentlicht.<\/p>\n<p style=\"text-align: justify;\">Die Idee, den zweiten Teil des Kinderbuches zu ver\u00f6ffentlichen, entstand, als die M\u00f6glichkeit, Deutsch als Minderheitensprache in den Grundschulen zu lernen, genommen wurde. Nach einen Gespr\u00e4ch mit der Autorin Zuzanna Herud haben wir beschlossen, ein Projekt zu starten, das die Bildungsl\u00fccke f\u00fcr Kinder ein St\u00fcck weit zumindest schlie\u00dft\u201d,&nbsp;<strong>so Projektkoordinatorin Andrea Pownuk.<\/strong><\/p>\n<p style=\"text-align: justify;\">Die Publikation ist f\u00fcr Kinder im Vorschul- und fr\u00fchen Schulalter bestimmt. Sie stellt den J\u00fcngsten auf interessante und attraktive Art und Weise die vielf\u00e4ltige Gesellschaft, der Woiwodschaft Oppeln welche grunds\u00e4tzlich von der deutschen Minderheit kreiert wurde. Die Publikation ist zweisprachig, d.h. sowohl Polnisch als auch Deutsch. Farbenfrohe, originelle Illustrationen, die jedes neugierige Auge visuell ansprechen, sollen die J\u00fcngsten zum Lesen animieren.<\/p>\n<p style=\"text-align: justify;\">,,F\u00fcr mich waren M\u00e4rchen und Kinderliteratur die wichtigste Quelle f\u00fcr den Spracherwerb. Dort lernte ich die Welt und verschiedene Haltungen in verschiedenen Situationen kennen. Das ist auch unser Ziel! Andrea Pownuk und ich wollten, dass das M\u00e4rchenbuch Deutsch lehrt, aber mit seiner Botschaft den Kindern zeigt, dass wir alle unterschiedliche Kompetenzen haben und dass dies kein Grund f\u00fcr Neid oder Missgunst sein sollte. Nur im Gespr\u00e4ch k\u00f6nnen wir uns einigen, und ich hoffe, dass dies auch bald der Fall bei Deutsch als Minderheitensprache sein wird.\u201d,&nbsp;<strong>betonte die Autorin Zuzanna Herud.<\/strong><\/p>\n<p style=\"text-align: justify;\"><span>\u00c4hnlich wie schon beim ersten Teil, hat die&nbsp;<\/span><strong>SKGD im Oppelner Schlesien<\/strong><span>&nbsp;neben dem Buch auch ein H\u00f6rspiel ver\u00f6ffentlicht, so dass auch diejenigen, die nicht lesen k\u00f6nnen, mit Antonia auf Sockensuche gehen k\u00f6nnen.<\/span><\/p>\n<p style=\"text-align: justify;\"><span>H\u00f6rspiel<\/span><\/p>\n<p style=\"text-align: justify;\">Deutsche Version<br \/>\n<iframe loading=\"lazy\" title=\"YouTube video player\" src=\"https:\/\/www.youtube.com\/embed\/nC036nD1JBI?si=rufYH2xT079DwY2J\" width=\"560\" height=\"315\" frameborder=\"0\" allowfullscreen=\"allowfullscreen\"><\/iframe><\/p>\n<p style=\"text-align: justify;\">Polnische Version<\/p>\n<p style=\"text-align: justify;\">&nbsp;<iframe loading=\"lazy\" title=\"YouTube video player\" src=\"https:\/\/www.youtube.com\/embed\/jCu-OJL-QLU?si=GGpNvf5PVh6APSQr\" width=\"560\" height=\"315\" frameborder=\"0\" allowfullscreen=\"allowfullscreen\"><\/iframe><\/p>\n<p>[\/vc_column_text][\/vc_column][vc_column width=&#8221;1\/4&#8243;][vc_column_text]<\/p>\n<section class=\"span3\" style=\"margin-top: -22px;\">\n<div class=\"col-left\">\n<div id=\"execphp-2\" class=\"widget m_bottom_25 widget_execphp\">\n<div class=\"execphpwidget\">\n<div id=\"archives-2\" class=\"widget widget_archive kontakt\" style=\"border-color: #1F97FF !important;\">\n<h4 class=\"h4 heading-h4\" style=\"margin-bottom: 18px; text-align: center;\">Kontakt<\/h4>\n<p>77 40 21 077<\/p>\n<h4 class=\"h4 heading-h4\" style=\"margin-bottom: 0px; text-align: center;\">Download<\/h4>\n<ul style=\"padding: 17px;\">\n<li class=\"linki\"><span style=\"font-size: 14px;\"><span class=\"iconized font-awesome glyph-link\"><\/span><a title=\"Buch [PDF]\" href=\"https:\/\/skgd.pl\/wp-content\/uploads\/2020\/03\/Antonia-Kinderbuch.pdf\" download=\"\">Buch 1 [PDF]<\/a><\/span><\/li>\n<li><span style=\"font-size: 14px;\"><span class=\"iconized font-awesome glyph-link\"><\/span><a title=\"Do pobrania Ksi\u0105\u017cka [PDF]\" href=\"https:\/\/skgd.pl\/wp-content\/uploads\/2025\/01\/Antonia_czII_2023.pdf\" download=\"\">Buch 2 [PDF]<\/a><\/span><\/li>\n<\/ul>\n<h4 class=\"h4 heading-h4\" style=\"margin-bottom: 0px; text-align: center;\">Poster<\/h4>\n<p><a href=\"https:\/\/skgd.pl\/wp-content\/uploads\/2019\/12\/antonia.jpg\" target=\"_blank\" rel=\"noopener noreferrer\"><img loading=\"lazy\" decoding=\"async\" class=\"aligncenter wp-image-22558 size-medium\" src=\"https:\/\/skgd.pl\/wp-content\/uploads\/2019\/12\/antonia-212x300.jpg\" alt=\"\" width=\"212\" height=\"300\" srcset=\"https:\/\/skgd.pl\/wp-content\/uploads\/2019\/12\/antonia-212x300.jpg 212w, https:\/\/skgd.pl\/wp-content\/uploads\/2019\/12\/antonia-600x849.jpg 600w, https:\/\/skgd.pl\/wp-content\/uploads\/2019\/12\/antonia-724x1024.jpg 724w, https:\/\/skgd.pl\/wp-content\/uploads\/2019\/12\/antonia-768x1086.jpg 768w, https:\/\/skgd.pl\/wp-content\/uploads\/2019\/12\/antonia-1086x1536.jpg 1086w, https:\/\/skgd.pl\/wp-content\/uploads\/2019\/12\/antonia-1448x2048.jpg 1448w, https:\/\/skgd.pl\/wp-content\/uploads\/2019\/12\/antonia-800x1132.jpg 800w, https:\/\/skgd.pl\/wp-content\/uploads\/2019\/12\/antonia.jpg 1587w\" sizes=\"auto, (max-width: 212px) 100vw, 212px\" \/><\/a><\/p>\n<h4 class=\"h4 heading-h4\" style=\"margin-bottom: 10px; text-align: center;\">Partner<\/h4>\n<p><img loading=\"lazy\" decoding=\"async\" width=\"291\" height=\"300\" class=\"wp-image-18425 aligncenter\" src=\"https:\/\/skgd.pl\/wp-content\/uploads\/2018\/07\/BMI_Fz_2018_Office_Farbe_de-291x300.png\" srcset=\"https:\/\/skgd.pl\/wp-content\/uploads\/2018\/07\/BMI_Fz_2018_Office_Farbe_de-291x300.png 291w, https:\/\/skgd.pl\/wp-content\/uploads\/2018\/07\/BMI_Fz_2018_Office_Farbe_de-600x618.png 600w, https:\/\/skgd.pl\/wp-content\/uploads\/2018\/07\/BMI_Fz_2018_Office_Farbe_de-768x791.png 768w, https:\/\/skgd.pl\/wp-content\/uploads\/2018\/07\/BMI_Fz_2018_Office_Farbe_de-995x1024.png 995w, https:\/\/skgd.pl\/wp-content\/uploads\/2018\/07\/BMI_Fz_2018_Office_Farbe_de-800x824.png 800w, https:\/\/skgd.pl\/wp-content\/uploads\/2018\/07\/BMI_Fz_2018_Office_Farbe_de.png 1360w\" sizes=\"auto, (max-width: 291px) 100vw, 291px\" \/><\/p>\n<p><img decoding=\"async\" class=\"aligncenter\" src=\"https:\/\/skgd.pl\/wp-content\/uploads\/2016\/01\/4-MSWiA-1.png\" alt=\"4- MSWiA\"><\/p>\n<\/div>\n<\/div>\n<\/div>\n<\/div>\n<\/section>\n<p>[\/vc_column_text][\/vc_column][\/vc_row]<\/p>","protected":false},"excerpt":{"rendered":"<p>[vc_row][vc_column width=&#8221;3\/4&#8243;][vc_column_text] Bislang hat die SKGD zwei Kinderb\u00fccher von Zuzanna Herud ver\u00f6ffentlicht: 1.\u201cAntonia \u2013 Auf der Suche nach ihrer Insel \/ Antonia \u2013 W poszukiwaniu swojej wyspy\u201d 2.\u201cAntonia \u2013 Das Sockenfieber \/ Antonia \u2013 skarpetkowa gor\u0105czka\u201d Die Publikation \u201eAntonia &#8211; Auf der Suche nach ihrer Insel. \/ Antonia &#8211; W poszukiwaniu swojej wyspy\u201c richtet sich [&hellip;]<\/p>\n","protected":false},"author":1,"featured_media":0,"parent":9331,"menu_order":0,"comment_status":"closed","ping_status":"closed","template":"","meta":{"footnotes":""},"class_list":["post-22555","page","type-page","status-publish","hentry"],"yoast_head":"<!-- This site is optimized with the Yoast SEO plugin v18.9 - https:\/\/yoast.com\/wordpress\/plugins\/seo\/ -->\n<title>Antonia - Kinderbuchreihe - Deutsche Minderheit, Sozial-Kulturelle Gesellschaft der Deutschen im Oppelner Schlesien<\/title>\n<meta name=\"robots\" content=\"index, follow, max-snippet:-1, max-image-preview:large, max-video-preview:-1\" \/>\n<link rel=\"canonical\" href=\"https:\/\/skgd.pl\/de\/dzialalnosc-kulturalno-oswiatowa\/antonia-w-poszukiwaniu-swojej-wyspy\/\" \/>\n<meta property=\"og:locale\" content=\"de_DE\" \/>\n<meta property=\"og:type\" content=\"article\" \/>\n<meta property=\"og:title\" content=\"Antonia - Kinderbuchreihe - Deutsche Minderheit, Sozial-Kulturelle Gesellschaft der Deutschen im Oppelner Schlesien\" \/>\n<meta property=\"og:description\" content=\"[vc_row][vc_column width=&#8221;3\/4&#8243;][vc_column_text] Bislang hat die SKGD zwei Kinderb\u00fccher von Zuzanna Herud ver\u00f6ffentlicht: 1.\u201cAntonia \u2013 Auf der Suche nach ihrer Insel \/ Antonia \u2013 W poszukiwaniu swojej wyspy\u201d 2.\u201cAntonia \u2013 Das Sockenfieber \/ Antonia \u2013 skarpetkowa gor\u0105czka\u201d Die Publikation \u201eAntonia &#8211; Auf der Suche nach ihrer Insel. \/ Antonia &#8211; W poszukiwaniu swojej wyspy\u201c richtet sich [&hellip;]\" \/>\n<meta property=\"og:url\" content=\"https:\/\/skgd.pl\/de\/dzialalnosc-kulturalno-oswiatowa\/antonia-w-poszukiwaniu-swojej-wyspy\/\" \/>\n<meta property=\"og:site_name\" content=\"Deutsche Minderheit, Sozial-Kulturelle Gesellschaft der Deutschen im Oppelner Schlesien\" \/>\n<meta property=\"article:modified_time\" content=\"2025-01-02T20:17:00+00:00\" \/>\n<meta property=\"og:image\" content=\"https:\/\/skgd.pl\/wp-content\/uploads\/2019\/12\/antonia-212x300.jpg\" \/>\n<meta name=\"twitter:card\" content=\"summary_large_image\" \/>\n<meta name=\"twitter:label1\" content=\"Gesch\u00e4tzte Lesezeit\" \/>\n\t<meta name=\"twitter:data1\" content=\"8\u00a0Minuten\" \/>\n<script type=\"application\/ld+json\" class=\"yoast-schema-graph\">{\"@context\":\"https:\/\/schema.org\",\"@graph\":[{\"@type\":\"WebSite\",\"@id\":\"https:\/\/skgd.pl\/#website\",\"url\":\"https:\/\/skgd.pl\/\",\"name\":\"Deutsche Minderheit, Sozial-Kulturelle Gesellschaft der Deutschen im Oppelner Schlesien\",\"description\":\"Deutsche Minderheit in Polen\",\"potentialAction\":[{\"@type\":\"SearchAction\",\"target\":{\"@type\":\"EntryPoint\",\"urlTemplate\":\"https:\/\/skgd.pl\/?s={search_term_string}\"},\"query-input\":\"required name=search_term_string\"}],\"inLanguage\":\"de\"},{\"@type\":\"ImageObject\",\"inLanguage\":\"de\",\"@id\":\"https:\/\/skgd.pl\/de\/dzialalnosc-kulturalno-oswiatowa\/antonia-w-poszukiwaniu-swojej-wyspy\/#primaryimage\",\"url\":\"https:\/\/skgd.pl\/wp-content\/uploads\/2019\/12\/antonia.jpg\",\"contentUrl\":\"https:\/\/skgd.pl\/wp-content\/uploads\/2019\/12\/antonia.jpg\",\"width\":1587,\"height\":2245},{\"@type\":\"WebPage\",\"@id\":\"https:\/\/skgd.pl\/de\/dzialalnosc-kulturalno-oswiatowa\/antonia-w-poszukiwaniu-swojej-wyspy\/#webpage\",\"url\":\"https:\/\/skgd.pl\/de\/dzialalnosc-kulturalno-oswiatowa\/antonia-w-poszukiwaniu-swojej-wyspy\/\",\"name\":\"Antonia - Kinderbuchreihe - Deutsche Minderheit, Sozial-Kulturelle Gesellschaft der Deutschen im Oppelner Schlesien\",\"isPartOf\":{\"@id\":\"https:\/\/skgd.pl\/#website\"},\"primaryImageOfPage\":{\"@id\":\"https:\/\/skgd.pl\/de\/dzialalnosc-kulturalno-oswiatowa\/antonia-w-poszukiwaniu-swojej-wyspy\/#primaryimage\"},\"datePublished\":\"2019-12-27T13:03:27+00:00\",\"dateModified\":\"2025-01-02T20:17:00+00:00\",\"breadcrumb\":{\"@id\":\"https:\/\/skgd.pl\/de\/dzialalnosc-kulturalno-oswiatowa\/antonia-w-poszukiwaniu-swojej-wyspy\/#breadcrumb\"},\"inLanguage\":\"de\",\"potentialAction\":[{\"@type\":\"ReadAction\",\"target\":[\"https:\/\/skgd.pl\/de\/dzialalnosc-kulturalno-oswiatowa\/antonia-w-poszukiwaniu-swojej-wyspy\/\"]}]},{\"@type\":\"BreadcrumbList\",\"@id\":\"https:\/\/skgd.pl\/de\/dzialalnosc-kulturalno-oswiatowa\/antonia-w-poszukiwaniu-swojej-wyspy\/#breadcrumb\",\"itemListElement\":[{\"@type\":\"ListItem\",\"position\":1,\"name\":\"Strona g\u0142\u00f3wna\",\"item\":\"https:\/\/skgd.pl\/\"},{\"@type\":\"ListItem\",\"position\":2,\"name\":\"Dzia\u0142alno\u015b\u0107 kulturalno &#8211; o\u015bwiatowa\",\"item\":\"https:\/\/skgd.pl\/dzialalnosc-kulturalno-oswiatowa\/\"},{\"@type\":\"ListItem\",\"position\":3,\"name\":\"Antonia &#8211; Kinderbuchreihe\"}]}]}<\/script>\n<!-- \/ Yoast SEO plugin. -->","yoast_head_json":{"title":"Antonia - Kinderbuchreihe - Deutsche Minderheit, Sozial-Kulturelle Gesellschaft der Deutschen im Oppelner Schlesien","robots":{"index":"index","follow":"follow","max-snippet":"max-snippet:-1","max-image-preview":"max-image-preview:large","max-video-preview":"max-video-preview:-1"},"canonical":"https:\/\/skgd.pl\/de\/dzialalnosc-kulturalno-oswiatowa\/antonia-w-poszukiwaniu-swojej-wyspy\/","og_locale":"de_DE","og_type":"article","og_title":"Antonia - Kinderbuchreihe - Deutsche Minderheit, Sozial-Kulturelle Gesellschaft der Deutschen im Oppelner Schlesien","og_description":"[vc_row][vc_column width=&#8221;3\/4&#8243;][vc_column_text] Bislang hat die SKGD zwei Kinderb\u00fccher von Zuzanna Herud ver\u00f6ffentlicht: 1.\u201cAntonia \u2013 Auf der Suche nach ihrer Insel \/ Antonia \u2013 W poszukiwaniu swojej wyspy\u201d 2.\u201cAntonia \u2013 Das Sockenfieber \/ Antonia \u2013 skarpetkowa gor\u0105czka\u201d Die Publikation \u201eAntonia &#8211; Auf der Suche nach ihrer Insel. \/ Antonia &#8211; W poszukiwaniu swojej wyspy\u201c richtet sich [&hellip;]","og_url":"https:\/\/skgd.pl\/de\/dzialalnosc-kulturalno-oswiatowa\/antonia-w-poszukiwaniu-swojej-wyspy\/","og_site_name":"Deutsche Minderheit, Sozial-Kulturelle Gesellschaft der Deutschen im Oppelner Schlesien","article_modified_time":"2025-01-02T20:17:00+00:00","og_image":[{"url":"https:\/\/skgd.pl\/wp-content\/uploads\/2019\/12\/antonia-212x300.jpg"}],"twitter_card":"summary_large_image","twitter_misc":{"Gesch\u00e4tzte Lesezeit":"8\u00a0Minuten"},"schema":{"@context":"https:\/\/schema.org","@graph":[{"@type":"WebSite","@id":"https:\/\/skgd.pl\/#website","url":"https:\/\/skgd.pl\/","name":"Deutsche Minderheit, Sozial-Kulturelle Gesellschaft der Deutschen im Oppelner Schlesien","description":"Deutsche Minderheit in Polen","potentialAction":[{"@type":"SearchAction","target":{"@type":"EntryPoint","urlTemplate":"https:\/\/skgd.pl\/?s={search_term_string}"},"query-input":"required name=search_term_string"}],"inLanguage":"de"},{"@type":"ImageObject","inLanguage":"de","@id":"https:\/\/skgd.pl\/de\/dzialalnosc-kulturalno-oswiatowa\/antonia-w-poszukiwaniu-swojej-wyspy\/#primaryimage","url":"https:\/\/skgd.pl\/wp-content\/uploads\/2019\/12\/antonia.jpg","contentUrl":"https:\/\/skgd.pl\/wp-content\/uploads\/2019\/12\/antonia.jpg","width":1587,"height":2245},{"@type":"WebPage","@id":"https:\/\/skgd.pl\/de\/dzialalnosc-kulturalno-oswiatowa\/antonia-w-poszukiwaniu-swojej-wyspy\/#webpage","url":"https:\/\/skgd.pl\/de\/dzialalnosc-kulturalno-oswiatowa\/antonia-w-poszukiwaniu-swojej-wyspy\/","name":"Antonia - Kinderbuchreihe - Deutsche Minderheit, Sozial-Kulturelle Gesellschaft der Deutschen im Oppelner Schlesien","isPartOf":{"@id":"https:\/\/skgd.pl\/#website"},"primaryImageOfPage":{"@id":"https:\/\/skgd.pl\/de\/dzialalnosc-kulturalno-oswiatowa\/antonia-w-poszukiwaniu-swojej-wyspy\/#primaryimage"},"datePublished":"2019-12-27T13:03:27+00:00","dateModified":"2025-01-02T20:17:00+00:00","breadcrumb":{"@id":"https:\/\/skgd.pl\/de\/dzialalnosc-kulturalno-oswiatowa\/antonia-w-poszukiwaniu-swojej-wyspy\/#breadcrumb"},"inLanguage":"de","potentialAction":[{"@type":"ReadAction","target":["https:\/\/skgd.pl\/de\/dzialalnosc-kulturalno-oswiatowa\/antonia-w-poszukiwaniu-swojej-wyspy\/"]}]},{"@type":"BreadcrumbList","@id":"https:\/\/skgd.pl\/de\/dzialalnosc-kulturalno-oswiatowa\/antonia-w-poszukiwaniu-swojej-wyspy\/#breadcrumb","itemListElement":[{"@type":"ListItem","position":1,"name":"Strona g\u0142\u00f3wna","item":"https:\/\/skgd.pl\/"},{"@type":"ListItem","position":2,"name":"Dzia\u0142alno\u015b\u0107 kulturalno &#8211; o\u015bwiatowa","item":"https:\/\/skgd.pl\/dzialalnosc-kulturalno-oswiatowa\/"},{"@type":"ListItem","position":3,"name":"Antonia &#8211; Kinderbuchreihe"}]}]}},"_links":{"self":[{"href":"https:\/\/skgd.pl\/de\/wp-json\/wp\/v2\/pages\/22555","targetHints":{"allow":["GET"]}}],"collection":[{"href":"https:\/\/skgd.pl\/de\/wp-json\/wp\/v2\/pages"}],"about":[{"href":"https:\/\/skgd.pl\/de\/wp-json\/wp\/v2\/types\/page"}],"author":[{"embeddable":true,"href":"https:\/\/skgd.pl\/de\/wp-json\/wp\/v2\/users\/1"}],"replies":[{"embeddable":true,"href":"https:\/\/skgd.pl\/de\/wp-json\/wp\/v2\/comments?post=22555"}],"version-history":[{"count":15,"href":"https:\/\/skgd.pl\/de\/wp-json\/wp\/v2\/pages\/22555\/revisions"}],"predecessor-version":[{"id":35644,"href":"https:\/\/skgd.pl\/de\/wp-json\/wp\/v2\/pages\/22555\/revisions\/35644"}],"up":[{"embeddable":true,"href":"https:\/\/skgd.pl\/de\/wp-json\/wp\/v2\/pages\/9331"}],"wp:attachment":[{"href":"https:\/\/skgd.pl\/de\/wp-json\/wp\/v2\/media?parent=22555"}],"curies":[{"name":"wp","href":"https:\/\/api.w.org\/{rel}","templated":true}]}}