{"id":17022,"date":"2018-02-12T17:30:06","date_gmt":"2018-02-12T16:30:06","guid":{"rendered":"http:\/\/skgd.pl\/?page_id=17022"},"modified":"2026-03-30T08:58:40","modified_gmt":"2026-03-30T06:58:40","slug":"koncerty-powiatowe","status":"publish","type":"page","link":"https:\/\/skgd.pl\/de\/dzialalnosc-kulturalno-oswiatowa\/projekty-kulturalne-tskn\/koncerty-powiatowe\/","title":{"rendered":"Kreiskonzerte"},"content":{"rendered":"<p>[vc_row][vc_column width=&#8221;3\/4&#8243;][vc_column_text]<\/p>\n<p style=\"text-align: justify;\"><img loading=\"lazy\" decoding=\"async\" class=\"size-medium wp-image-17027 alignleft\" src=\"https:\/\/skgd.pl\/wp-content\/uploads\/2018\/02\/355A4157-300x200.jpg\" alt=\"\" width=\"300\" height=\"200\" srcset=\"https:\/\/skgd.pl\/wp-content\/uploads\/2018\/02\/355A4157-300x200.jpg 300w, https:\/\/skgd.pl\/wp-content\/uploads\/2018\/02\/355A4157-600x400.jpg 600w, https:\/\/skgd.pl\/wp-content\/uploads\/2018\/02\/355A4157-768x512.jpg 768w, https:\/\/skgd.pl\/wp-content\/uploads\/2018\/02\/355A4157-1024x683.jpg 1024w, https:\/\/skgd.pl\/wp-content\/uploads\/2018\/02\/355A4157-800x533.jpg 800w\" sizes=\"auto, (max-width: 300px) 100vw, 300px\" \/><\/p>\n<p>Seit 2016 organisiert das Sozial-Kulturelle Gesellschaft der Deutschen im Oppelner Schlesien (SKGD) die \u201eKreiskonzerte\u201c, die das k\u00fcnstlerische Erbe der deutschen Minderheit in der Woiwodschaft Oppeln pr\u00e4sentieren. Dieses Projekt wird j\u00e4hrlich durchgef\u00fchrt, und die Konzerte finden an verschiedenen Orten statt \u2013 sowohl in Kulturh\u00e4usern als auch im Freien, um ein breites Publikum zu erreichen.<\/p>\n<p>Jedes Konzert zieht Hunderte von Teilnehmern an und umfasst Auftritte der k\u00fcnstlerischen Gruppen des SKGD, Solisten und eingeladene G\u00e4ste. Das Programm ist vielf\u00e4ltig und reicht von sakraler Musik bis hin zu Unterhaltungsmusik, was den kulturellen Reichtum und die Traditionen der deutschen Minderheit unterstreicht. Die Veranstaltungen bieten auch eine Gelegenheit, die Aktivit\u00e4ten der Organisation besser kennenzulernen und die Kunstgruppen der deutschen Minderheit einer breiteren \u00d6ffentlichkeit vorzustellen.<\/p>\n<p>Das Ziel des Projekts ist nicht nur die F\u00f6rderung des deutschen Kulturerbes, sondern auch die soziale Integration und die St\u00e4rkung der Identit\u00e4t der deutschen Minderheit. Durch den kostenlosen Zugang zu den Konzerten sind die Veranstaltungen f\u00fcr alle zug\u00e4nglich und tragen zum interkulturellen Dialog in der Region bei. J\u00e4hrlich nehmen mehrere Hundert Menschen an den Konzerten teil, was ihre hohe k\u00fcnstlerische und gesellschaftliche Bedeutung unterstreicht.[\/vc_column_text][\/vc_column][vc_column width=&#8221;1\/4&#8243;][vc_column_text]<\/p>\n<section class=\"span3\" style=\"margin-top: -22px;\">\n<div class=\"col-left\">\n<div id=\"execphp-2\" class=\"widget m_bottom_25 widget_execphp\">\n<div class=\"execphpwidget\">\n<div id=\"archives-2\" class=\"widget widget_archive kontakt\" style=\"border-color: #1F97FF !important;\">\n<h4 class=\"h4 heading-h4\" style=\"margin-bottom: 0px; text-align: center;\">Kontakt<\/h4>\n<div class=\"kontakt\">\n<p>Anna Koschny<\/p>\n<p>+48 77 402 10 76<\/p>\n<p><a href=\"mailto:ania.koschny@skgd.pl\"><span>ania.koschny@skgd.pl<\/span><\/a><\/p>\n<\/div>\n<h4 class=\"h4 heading-h4\" style=\"margin-bottom: 10px; text-align: center;\">Finansowanie<\/h4>\n<p><img loading=\"lazy\" decoding=\"async\" class=\"size-medium wp-image-32820 aligncenter\" src=\"https:\/\/skgd.pl\/wp-content\/uploads\/2023\/06\/finansowanie-mswia-logo-2-300x79.png\" alt=\"\" width=\"300\" height=\"79\" srcset=\"https:\/\/skgd.pl\/wp-content\/uploads\/2023\/06\/finansowanie-mswia-logo-2-300x79.png 300w, https:\/\/skgd.pl\/wp-content\/uploads\/2023\/06\/finansowanie-mswia-logo-2-600x159.png 600w, https:\/\/skgd.pl\/wp-content\/uploads\/2023\/06\/finansowanie-mswia-logo-2-1024x271.png 1024w, https:\/\/skgd.pl\/wp-content\/uploads\/2023\/06\/finansowanie-mswia-logo-2-768x203.png 768w, https:\/\/skgd.pl\/wp-content\/uploads\/2023\/06\/finansowanie-mswia-logo-2-1536x406.png 1536w, https:\/\/skgd.pl\/wp-content\/uploads\/2023\/06\/finansowanie-mswia-logo-2-800x211.png 800w, https:\/\/skgd.pl\/wp-content\/uploads\/2023\/06\/finansowanie-mswia-logo-2.png 1635w\" sizes=\"auto, (max-width: 300px) 100vw, 300px\" \/><\/p>\n<p><img loading=\"lazy\" decoding=\"async\" class=\" wp-image-37886 aligncenter\" src=\"https:\/\/skgd.pl\/wp-content\/uploads\/2026\/03\/BMI-Logo-2026.png\" alt=\"\" width=\"178\" height=\"182\"><\/p>\n<p><img loading=\"lazy\" decoding=\"async\" class=\" wp-image-37896 aligncenter\" src=\"https:\/\/skgd.pl\/wp-content\/uploads\/2020\/10\/Logo_VDG_color_acronim_base-scaled-e1773127649701-300x190.jpg\" alt=\"\" width=\"148\" height=\"94\" srcset=\"https:\/\/skgd.pl\/wp-content\/uploads\/2020\/10\/Logo_VDG_color_acronim_base-scaled-e1773127649701-300x190.jpg 300w, https:\/\/skgd.pl\/wp-content\/uploads\/2020\/10\/Logo_VDG_color_acronim_base-scaled-e1773127649701-1024x650.jpg 1024w, https:\/\/skgd.pl\/wp-content\/uploads\/2020\/10\/Logo_VDG_color_acronim_base-scaled-e1773127649701-768x488.jpg 768w, https:\/\/skgd.pl\/wp-content\/uploads\/2020\/10\/Logo_VDG_color_acronim_base-scaled-e1773127649701-1536x975.jpg 1536w, https:\/\/skgd.pl\/wp-content\/uploads\/2020\/10\/Logo_VDG_color_acronim_base-scaled-e1773127649701-270x170.jpg 270w, https:\/\/skgd.pl\/wp-content\/uploads\/2020\/10\/Logo_VDG_color_acronim_base-scaled-e1773127649701-370x233.jpg 370w, https:\/\/skgd.pl\/wp-content\/uploads\/2020\/10\/Logo_VDG_color_acronim_base-scaled-e1773127649701-570x359.jpg 570w, https:\/\/skgd.pl\/wp-content\/uploads\/2020\/10\/Logo_VDG_color_acronim_base-scaled-e1773127649701-800x508.jpg 800w, https:\/\/skgd.pl\/wp-content\/uploads\/2020\/10\/Logo_VDG_color_acronim_base-scaled-e1773127649701-600x381.jpg 600w, https:\/\/skgd.pl\/wp-content\/uploads\/2020\/10\/Logo_VDG_color_acronim_base-scaled-e1773127649701.jpg 1882w\" sizes=\"auto, (max-width: 148px) 100vw, 148px\" \/><\/p>\n<\/div>\n<\/div>\n<\/div>\n<\/div>\n<\/section>\n<p>[\/vc_column_text][\/vc_column][\/vc_row]<\/p>","protected":false},"excerpt":{"rendered":"<p>[vc_row][vc_column width=&#8221;3\/4&#8243;][vc_column_text] Seit 2016 organisiert das Sozial-Kulturelle Gesellschaft der Deutschen im Oppelner Schlesien (SKGD) die \u201eKreiskonzerte\u201c, die das k\u00fcnstlerische Erbe der deutschen Minderheit in der Woiwodschaft Oppeln pr\u00e4sentieren. Dieses Projekt wird j\u00e4hrlich durchgef\u00fchrt, und die Konzerte finden an verschiedenen Orten statt \u2013 sowohl in Kulturh\u00e4usern als auch im Freien, um ein breites Publikum zu erreichen. [&hellip;]<\/p>\n","protected":false},"author":1,"featured_media":0,"parent":9333,"menu_order":0,"comment_status":"closed","ping_status":"closed","template":"","meta":{"footnotes":""},"class_list":["post-17022","page","type-page","status-publish","hentry"],"yoast_head":"<!-- This site is optimized with the Yoast SEO plugin v18.9 - https:\/\/yoast.com\/wordpress\/plugins\/seo\/ -->\n<title>Kreiskonzerte - Deutsche Minderheit, Sozial-Kulturelle Gesellschaft der Deutschen im Oppelner Schlesien<\/title>\n<meta name=\"robots\" content=\"index, follow, max-snippet:-1, max-image-preview:large, max-video-preview:-1\" \/>\n<link rel=\"canonical\" href=\"https:\/\/skgd.pl\/dzialalnosc-kulturalno-oswiatowa\/projekty-kulturalne-tskn\/koncerty-powiatowe\/\" \/>\n<meta property=\"og:locale\" content=\"de_DE\" \/>\n<meta property=\"og:type\" content=\"article\" \/>\n<meta property=\"og:title\" content=\"Kreiskonzerte - Deutsche Minderheit, Sozial-Kulturelle Gesellschaft der Deutschen im Oppelner Schlesien\" \/>\n<meta property=\"og:description\" content=\"[vc_row][vc_column width=&#8221;3\/4&#8243;][vc_column_text] Seit 2016 organisiert das Sozial-Kulturelle Gesellschaft der Deutschen im Oppelner Schlesien (SKGD) die \u201eKreiskonzerte\u201c, die das k\u00fcnstlerische Erbe der deutschen Minderheit in der Woiwodschaft Oppeln pr\u00e4sentieren. Dieses Projekt wird j\u00e4hrlich durchgef\u00fchrt, und die Konzerte finden an verschiedenen Orten statt \u2013 sowohl in Kulturh\u00e4usern als auch im Freien, um ein breites Publikum zu erreichen. [&hellip;]\" \/>\n<meta property=\"og:url\" content=\"https:\/\/skgd.pl\/dzialalnosc-kulturalno-oswiatowa\/projekty-kulturalne-tskn\/koncerty-powiatowe\/\" \/>\n<meta property=\"og:site_name\" content=\"Deutsche Minderheit, Sozial-Kulturelle Gesellschaft der Deutschen im Oppelner Schlesien\" \/>\n<meta property=\"article:modified_time\" content=\"2026-03-30T06:58:40+00:00\" \/>\n<meta property=\"og:image\" content=\"https:\/\/skgd.pl\/wp-content\/uploads\/2018\/02\/355A4157-300x200.jpg\" \/>\n<meta name=\"twitter:card\" content=\"summary_large_image\" \/>\n<meta name=\"twitter:label1\" content=\"Gesch\u00e4tzte Lesezeit\" \/>\n\t<meta name=\"twitter:data1\" content=\"2\u00a0Minuten\" \/>\n<script type=\"application\/ld+json\" class=\"yoast-schema-graph\">{\"@context\":\"https:\/\/schema.org\",\"@graph\":[{\"@type\":\"WebSite\",\"@id\":\"https:\/\/skgd.pl\/#website\",\"url\":\"https:\/\/skgd.pl\/\",\"name\":\"Deutsche Minderheit, Sozial-Kulturelle Gesellschaft der Deutschen im Oppelner Schlesien\",\"description\":\"Deutsche Minderheit in Polen\",\"potentialAction\":[{\"@type\":\"SearchAction\",\"target\":{\"@type\":\"EntryPoint\",\"urlTemplate\":\"https:\/\/skgd.pl\/?s={search_term_string}\"},\"query-input\":\"required name=search_term_string\"}],\"inLanguage\":\"de\"},{\"@type\":\"ImageObject\",\"inLanguage\":\"de\",\"@id\":\"https:\/\/skgd.pl\/dzialalnosc-kulturalno-oswiatowa\/projekty-kulturalne-tskn\/koncerty-powiatowe\/#primaryimage\",\"url\":\"https:\/\/skgd.pl\/wp-content\/uploads\/2018\/02\/355A4157-scaled.jpg\",\"contentUrl\":\"https:\/\/skgd.pl\/wp-content\/uploads\/2018\/02\/355A4157-scaled.jpg\",\"width\":2560,\"height\":1707},{\"@type\":\"WebPage\",\"@id\":\"https:\/\/skgd.pl\/dzialalnosc-kulturalno-oswiatowa\/projekty-kulturalne-tskn\/koncerty-powiatowe\/#webpage\",\"url\":\"https:\/\/skgd.pl\/dzialalnosc-kulturalno-oswiatowa\/projekty-kulturalne-tskn\/koncerty-powiatowe\/\",\"name\":\"Kreiskonzerte - Deutsche Minderheit, Sozial-Kulturelle Gesellschaft der Deutschen im Oppelner Schlesien\",\"isPartOf\":{\"@id\":\"https:\/\/skgd.pl\/#website\"},\"primaryImageOfPage\":{\"@id\":\"https:\/\/skgd.pl\/dzialalnosc-kulturalno-oswiatowa\/projekty-kulturalne-tskn\/koncerty-powiatowe\/#primaryimage\"},\"datePublished\":\"2018-02-12T16:30:06+00:00\",\"dateModified\":\"2026-03-30T06:58:40+00:00\",\"breadcrumb\":{\"@id\":\"https:\/\/skgd.pl\/dzialalnosc-kulturalno-oswiatowa\/projekty-kulturalne-tskn\/koncerty-powiatowe\/#breadcrumb\"},\"inLanguage\":\"de\",\"potentialAction\":[{\"@type\":\"ReadAction\",\"target\":[\"https:\/\/skgd.pl\/dzialalnosc-kulturalno-oswiatowa\/projekty-kulturalne-tskn\/koncerty-powiatowe\/\"]}]},{\"@type\":\"BreadcrumbList\",\"@id\":\"https:\/\/skgd.pl\/dzialalnosc-kulturalno-oswiatowa\/projekty-kulturalne-tskn\/koncerty-powiatowe\/#breadcrumb\",\"itemListElement\":[{\"@type\":\"ListItem\",\"position\":1,\"name\":\"Strona g\u0142\u00f3wna\",\"item\":\"https:\/\/skgd.pl\/\"},{\"@type\":\"ListItem\",\"position\":2,\"name\":\"Dzia\u0142alno\u015b\u0107 kulturalno &#8211; o\u015bwiatowa\",\"item\":\"https:\/\/skgd.pl\/dzialalnosc-kulturalno-oswiatowa\/\"},{\"@type\":\"ListItem\",\"position\":3,\"name\":\"Projekty Kulturalne TSKN\",\"item\":\"https:\/\/skgd.pl\/dzialalnosc-kulturalno-oswiatowa\/projekty-kulturalne-tskn\/\"},{\"@type\":\"ListItem\",\"position\":4,\"name\":\"Koncerty powiatowe\"}]}]}<\/script>\n<!-- \/ Yoast SEO plugin. -->","yoast_head_json":{"title":"Kreiskonzerte - Deutsche Minderheit, Sozial-Kulturelle Gesellschaft der Deutschen im Oppelner Schlesien","robots":{"index":"index","follow":"follow","max-snippet":"max-snippet:-1","max-image-preview":"max-image-preview:large","max-video-preview":"max-video-preview:-1"},"canonical":"https:\/\/skgd.pl\/dzialalnosc-kulturalno-oswiatowa\/projekty-kulturalne-tskn\/koncerty-powiatowe\/","og_locale":"de_DE","og_type":"article","og_title":"Kreiskonzerte - Deutsche Minderheit, Sozial-Kulturelle Gesellschaft der Deutschen im Oppelner Schlesien","og_description":"[vc_row][vc_column width=&#8221;3\/4&#8243;][vc_column_text] Seit 2016 organisiert das Sozial-Kulturelle Gesellschaft der Deutschen im Oppelner Schlesien (SKGD) die \u201eKreiskonzerte\u201c, die das k\u00fcnstlerische Erbe der deutschen Minderheit in der Woiwodschaft Oppeln pr\u00e4sentieren. Dieses Projekt wird j\u00e4hrlich durchgef\u00fchrt, und die Konzerte finden an verschiedenen Orten statt \u2013 sowohl in Kulturh\u00e4usern als auch im Freien, um ein breites Publikum zu erreichen. [&hellip;]","og_url":"https:\/\/skgd.pl\/dzialalnosc-kulturalno-oswiatowa\/projekty-kulturalne-tskn\/koncerty-powiatowe\/","og_site_name":"Deutsche Minderheit, Sozial-Kulturelle Gesellschaft der Deutschen im Oppelner Schlesien","article_modified_time":"2026-03-30T06:58:40+00:00","og_image":[{"url":"https:\/\/skgd.pl\/wp-content\/uploads\/2018\/02\/355A4157-300x200.jpg"}],"twitter_card":"summary_large_image","twitter_misc":{"Gesch\u00e4tzte Lesezeit":"2\u00a0Minuten"},"schema":{"@context":"https:\/\/schema.org","@graph":[{"@type":"WebSite","@id":"https:\/\/skgd.pl\/#website","url":"https:\/\/skgd.pl\/","name":"Deutsche Minderheit, Sozial-Kulturelle Gesellschaft der Deutschen im Oppelner Schlesien","description":"Deutsche Minderheit in Polen","potentialAction":[{"@type":"SearchAction","target":{"@type":"EntryPoint","urlTemplate":"https:\/\/skgd.pl\/?s={search_term_string}"},"query-input":"required name=search_term_string"}],"inLanguage":"de"},{"@type":"ImageObject","inLanguage":"de","@id":"https:\/\/skgd.pl\/dzialalnosc-kulturalno-oswiatowa\/projekty-kulturalne-tskn\/koncerty-powiatowe\/#primaryimage","url":"https:\/\/skgd.pl\/wp-content\/uploads\/2018\/02\/355A4157-scaled.jpg","contentUrl":"https:\/\/skgd.pl\/wp-content\/uploads\/2018\/02\/355A4157-scaled.jpg","width":2560,"height":1707},{"@type":"WebPage","@id":"https:\/\/skgd.pl\/dzialalnosc-kulturalno-oswiatowa\/projekty-kulturalne-tskn\/koncerty-powiatowe\/#webpage","url":"https:\/\/skgd.pl\/dzialalnosc-kulturalno-oswiatowa\/projekty-kulturalne-tskn\/koncerty-powiatowe\/","name":"Kreiskonzerte - Deutsche Minderheit, Sozial-Kulturelle Gesellschaft der Deutschen im Oppelner Schlesien","isPartOf":{"@id":"https:\/\/skgd.pl\/#website"},"primaryImageOfPage":{"@id":"https:\/\/skgd.pl\/dzialalnosc-kulturalno-oswiatowa\/projekty-kulturalne-tskn\/koncerty-powiatowe\/#primaryimage"},"datePublished":"2018-02-12T16:30:06+00:00","dateModified":"2026-03-30T06:58:40+00:00","breadcrumb":{"@id":"https:\/\/skgd.pl\/dzialalnosc-kulturalno-oswiatowa\/projekty-kulturalne-tskn\/koncerty-powiatowe\/#breadcrumb"},"inLanguage":"de","potentialAction":[{"@type":"ReadAction","target":["https:\/\/skgd.pl\/dzialalnosc-kulturalno-oswiatowa\/projekty-kulturalne-tskn\/koncerty-powiatowe\/"]}]},{"@type":"BreadcrumbList","@id":"https:\/\/skgd.pl\/dzialalnosc-kulturalno-oswiatowa\/projekty-kulturalne-tskn\/koncerty-powiatowe\/#breadcrumb","itemListElement":[{"@type":"ListItem","position":1,"name":"Strona g\u0142\u00f3wna","item":"https:\/\/skgd.pl\/"},{"@type":"ListItem","position":2,"name":"Dzia\u0142alno\u015b\u0107 kulturalno &#8211; o\u015bwiatowa","item":"https:\/\/skgd.pl\/dzialalnosc-kulturalno-oswiatowa\/"},{"@type":"ListItem","position":3,"name":"Projekty Kulturalne TSKN","item":"https:\/\/skgd.pl\/dzialalnosc-kulturalno-oswiatowa\/projekty-kulturalne-tskn\/"},{"@type":"ListItem","position":4,"name":"Koncerty powiatowe"}]}]}},"_links":{"self":[{"href":"https:\/\/skgd.pl\/de\/wp-json\/wp\/v2\/pages\/17022","targetHints":{"allow":["GET"]}}],"collection":[{"href":"https:\/\/skgd.pl\/de\/wp-json\/wp\/v2\/pages"}],"about":[{"href":"https:\/\/skgd.pl\/de\/wp-json\/wp\/v2\/types\/page"}],"author":[{"embeddable":true,"href":"https:\/\/skgd.pl\/de\/wp-json\/wp\/v2\/users\/1"}],"replies":[{"embeddable":true,"href":"https:\/\/skgd.pl\/de\/wp-json\/wp\/v2\/comments?post=17022"}],"version-history":[{"count":8,"href":"https:\/\/skgd.pl\/de\/wp-json\/wp\/v2\/pages\/17022\/revisions"}],"predecessor-version":[{"id":37979,"href":"https:\/\/skgd.pl\/de\/wp-json\/wp\/v2\/pages\/17022\/revisions\/37979"}],"up":[{"embeddable":true,"href":"https:\/\/skgd.pl\/de\/wp-json\/wp\/v2\/pages\/9333"}],"wp:attachment":[{"href":"https:\/\/skgd.pl\/de\/wp-json\/wp\/v2\/media?parent=17022"}],"curies":[{"name":"wp","href":"https:\/\/api.w.org\/{rel}","templated":true}]}}