{"id":17019,"date":"2018-02-12T17:22:27","date_gmt":"2018-02-12T16:22:27","guid":{"rendered":"http:\/\/skgd.pl\/?page_id=17019"},"modified":"2023-02-27T22:52:56","modified_gmt":"2023-02-27T21:52:56","slug":"gruss-aus-oppeln","status":"publish","type":"page","link":"https:\/\/skgd.pl\/de\/dzialalnosc-kulturalno-oswiatowa\/projekty-kulturalne-tskn\/gruss-aus-oppeln\/","title":{"rendered":"Gruss aus Oppeln"},"content":{"rendered":"<p>[vc_row][vc_column width=&#8221;3\/4&#8243;][vc_column_text]<strong>Die Sozial-Kulturelle Gesellschaft der Deutschen im Oppelner Schlesien<\/strong> <strong>arbeitet am zweiten Teil des Films &#8220;Gruss aus Oppeln&#8221;. Der zweite Teil soll die Zeit von 1933 bis 1956 dokumentieren. 2022 erhielt die SKGD vom Ministerium f\u00fcr Innere Angelegenheiten und Verwaltung eine F\u00f6rderung in H\u00f6he von 40.000,00 PLN und von der Stadt Oppeln in H\u00f6he von 6.500,00 PLN f\u00fcr die Durchf\u00fchrung einer historischen Recherche in Archiven, Museen, Filmbibliotheken, was die Sammlung von Quellenmaterial in Polen und im Ausland erm\u00f6glichte. Dank des Materials war es m\u00f6glich, ein vorl\u00e4ufiges Drehbuch zu erstellen, die Annahmen des Films zu definieren und die n\u00e4chsten Schritte abzusch\u00e4tzen. Der n\u00e4chste Schritt ist die Beschaffung von Mitteln f\u00fcr die Realisierung des Films. Bleiben Sie dran f\u00fcr weitere Informationen zum zweiten Teil des Films!<\/strong><\/p>\n<p>&nbsp;<\/p>\n<p><strong>Die Sozial-Kulturelle Gesellschaft der Deutschen im Oppelner Schlesien realisierte im Jahr 2017 einen eindrucksvollen Dokumentarfilm \u00fcber das allt\u00e4gliche Leben in Oppeln in der Vorkriegszeit unter dem Titel&nbsp;\u201eGru\u00df aus Oppeln\u201d.<\/strong><\/p>\n<p style=\"text-align: justify;\">Diese Produktion ist zum Anlass des 800-j\u00e4hrigen Jubil\u00e4ums der Stadtgr\u00fcndung Oppelns entstanden und schildert einen sehr wichtigen, aber leider nicht bekannten und bis jetzt nicht dokumentierten Zeitraum in der deutschen Geschichte der Stadt, in Anbetracht der Reihe von Ver\u00e4nderungen, die in den Jahren 1871-1933 zur politischer, wirtschaftlicher, kultureller und ethnischer Gestaltung Oppelns gef\u00fchrt haben.<\/p>\n<p style=\"text-align: justify;\">Der Film in Regie von Alicja Schatton-Lubos verbindet historische Erinnerungen von Zeitzeugen, die in Oppeln und Umgebung vor dem Krieg wohnten wie z. B. Ingeborg Odelga (geboren 1926), mit moderner Technik der Filmproduktion, was die Durchdringung von Opole und Oppeln kreiert und einen Umriss der Stadt wiederspiegelt. Dank des fachlichen Wissens und tiefgr\u00fcndiger Recherchen von Historikern und Liebhabern der Geschichte der Stadt wie Beata Kubica, Joanna Filipczyk und Gerhard Schiller, wird das geschilderte Material au\u00dfer wichtigen historischen Aspekten vorwiegend das allt\u00e4gliche Leben der lokalen Bev\u00f6lkerung betreffen und die pr\u00e4sentierte Handlung in einer interessanten und klaren Darstellungsweise jedem Zuschauer veranschaulicht.<\/p>\n<p style=\"text-align: justify;\">W\u00e4hrend des 800-j\u00e4hrigen Jubil\u00e4ums der Stadt ist die f\u00fcr alle Einwohner Schlesiens bedeutungsvolle Wende des XIX. und XX. Jahrhunderterts nicht zum Vorschein gekommen, obwohl dieser turbulente Zeitraum Erneuerungen, Zusammenbr\u00fcche, Kriege, Aufst\u00e4nde und Volksabstimmungen umfasst. Trotz diesen drastischen Wandlungen hat sich damals die nationale Identit\u00e4t dieses ethnischen Grenzgebietes gebildet. Wenngleich Oppeln damals nicht gro\u00df war, hatte es die Rolle eines wichtigen Zentrums in Oberschlesien, wodurch sich das \u00f6konomische Profil aufbaute und Oppeln als wirtschaftliche und kulturelle Hauptstadt fungierte.<\/p>\n<p style=\"text-align: justify;\">Wegen der ausgezeichneten Verkehrsinfrastruktur und Elektrifizierung hat sich die Industrie hervorragend entwickelt und dadurch wurden Grundsteine unter eine moderne Gro\u00dfstadt gelegt.<\/p>\n<p style=\"text-align: justify;\"><img loading=\"lazy\" decoding=\"async\" class=\"size-medium wp-image-17034 alignleft\" src=\"https:\/\/skgd.pl\/wp-content\/uploads\/2018\/02\/IMG_0525-300x200.jpg\" alt=\"\" width=\"300\" height=\"200\" srcset=\"https:\/\/skgd.pl\/wp-content\/uploads\/2018\/02\/IMG_0525-300x200.jpg 300w, https:\/\/skgd.pl\/wp-content\/uploads\/2018\/02\/IMG_0525-600x400.jpg 600w, https:\/\/skgd.pl\/wp-content\/uploads\/2018\/02\/IMG_0525-768x512.jpg 768w, https:\/\/skgd.pl\/wp-content\/uploads\/2018\/02\/IMG_0525-1024x683.jpg 1024w, https:\/\/skgd.pl\/wp-content\/uploads\/2018\/02\/IMG_0525-800x533.jpg 800w\" sizes=\"auto, (max-width: 300px) 100vw, 300px\" \/>In dieser Zeit kristallisiert sich die spezifische f\u00fcr Oppeln ethnische Struktur, die bis heute funktioniert. Leider existiert auf dem Verlagsmarkt keine ausf\u00fchrliche, visuelle Publikation, die diesen Zeitraum aufschlussreich und zug\u00e4nglich charakterisiert. Darum gibt dieser Dokumentarfilm die bedeutsamen Inhalte und interessante Informationen wieder, die das Leben in Oppeln vor dem Krieg betreffen.<\/p>\n<p>Dieser Dokumentarfilm wurde in einer zweisprachigen, deutsch-polnischen Version ver\u00f6ffentlicht, um m\u00f6glichst viele Personen anzusprechen, die sich f\u00fcr die Geschichte Oppelns interessieren.<\/p>\n<p style=\"text-align: justify;\">Der Film wurde realisiert dank der finanziellen Unterst\u00fctzung des Ministeriums f\u00fcr Inneres und Verwaltung, Stadtamtes Oppeln und Konsulats der Bundesrepublik Deutschland. Wir bedanken uns auch bei den Partnern: Museum des Oppelner Schlesiens und Institut f\u00fcr Auslandsbeziehungen.<\/p>\n<p><iframe loading=\"lazy\" src=\"https:\/\/www.youtube.com\/embed\/lUqj-uSoSvU\" width=\"560\" height=\"315\" frameborder=\"0\" allowfullscreen=\"allowfullscreen\"><\/iframe>[\/vc_column_text][\/vc_column][vc_column width=&#8221;1\/4&#8243;][vc_column_text]<\/p>\n<section class=\"span3\" style=\"margin-top: -22px;\">\n<div class=\"col-left\">\n<div id=\"execphp-2\" class=\"widget m_bottom_25 widget_execphp\">\n<div class=\"execphpwidget\">\n<div id=\"archives-2\" class=\"widget widget_archive kontakt\" style=\"border-color: #1F97FF !important;\">\n<h4 class=\"h4 heading-h4\" style=\"margin-bottom: 0px; text-align: center;\">Kontakt<\/h4>\n<p>Joanna Hassa<br \/>\nTel\/Fax: +48 77 40-210-70<br \/>\n<a href=\"mailto:joanna.hassa@skgd.pl\">joanna.hassa@skgd.pl<\/a><\/p>\n<h4 class=\"h4 heading-h4\" style=\"margin-bottom: 0px; text-align: center;\">Partner<\/h4>\n<p><img loading=\"lazy\" decoding=\"async\" class=\"alignnone size-full wp-image-10123 aligncenter\" src=\"https:\/\/skgd.pl\/wp-content\/uploads\/2016\/01\/4-MSWiA-1.png\" alt=\"\" width=\"217\" height=\"120\"><\/p>\n<p><img loading=\"lazy\" decoding=\"async\" class=\"size-full wp-image-9449 aligncenter\" src=\"https:\/\/skgd.pl\/wp-content\/uploads\/2014\/10\/5-Konsulat.png\" alt=\"Konsulat Republiki Federalnej Niemiec Opole\" width=\"217\" height=\"120\"><\/p>\n<p><img loading=\"lazy\" decoding=\"async\" class=\"size-medium wp-image-9754 aligncenter\" src=\"https:\/\/skgd.pl\/wp-content\/uploads\/2016\/01\/ifa_mit_rgb-300x100.png\" alt=\"\" width=\"300\" height=\"100\" srcset=\"https:\/\/skgd.pl\/wp-content\/uploads\/2016\/01\/ifa_mit_rgb-300x100.png 300w, https:\/\/skgd.pl\/wp-content\/uploads\/2016\/01\/ifa_mit_rgb-600x200.png 600w, https:\/\/skgd.pl\/wp-content\/uploads\/2016\/01\/ifa_mit_rgb-768x256.png 768w, https:\/\/skgd.pl\/wp-content\/uploads\/2016\/01\/ifa_mit_rgb-1024x341.png 1024w, https:\/\/skgd.pl\/wp-content\/uploads\/2016\/01\/ifa_mit_rgb-800x266.png 800w, https:\/\/skgd.pl\/wp-content\/uploads\/2016\/01\/ifa_mit_rgb.png 1417w\" sizes=\"auto, (max-width: 300px) 100vw, 300px\" \/><\/p>\n<p><img loading=\"lazy\" decoding=\"async\" class=\"alignnone size-medium wp-image-17031 aligncenter\" src=\"https:\/\/skgd.pl\/wp-content\/uploads\/2018\/02\/prezentacja-OPOLE-logo4-Kopia-700x300-300x129.jpg\" alt=\"\" width=\"300\" height=\"129\" srcset=\"https:\/\/skgd.pl\/wp-content\/uploads\/2018\/02\/prezentacja-OPOLE-logo4-Kopia-700x300-300x129.jpg 300w, https:\/\/skgd.pl\/wp-content\/uploads\/2018\/02\/prezentacja-OPOLE-logo4-Kopia-700x300-600x257.jpg 600w, https:\/\/skgd.pl\/wp-content\/uploads\/2018\/02\/prezentacja-OPOLE-logo4-Kopia-700x300.jpg 700w\" sizes=\"auto, (max-width: 300px) 100vw, 300px\" \/><\/p>\n<p style=\"text-align: center;\">Urz\u0105d Miasta Opola<\/p>\n<p><img loading=\"lazy\" decoding=\"async\" class=\"alignnone size-full wp-image-17032 aligncenter\" src=\"https:\/\/skgd.pl\/wp-content\/uploads\/2018\/02\/logo-muzeum.png\" alt=\"\" width=\"290\" height=\"76\"><\/p>\n<\/div>\n<\/div>\n<\/div>\n<\/div>\n<\/section>\n<p>[\/vc_column_text][\/vc_column][\/vc_row]<\/p>","protected":false},"excerpt":{"rendered":"<p>[vc_row][vc_column width=&#8221;3\/4&#8243;][vc_column_text]Die Sozial-Kulturelle Gesellschaft der Deutschen im Oppelner Schlesien arbeitet am zweiten Teil des Films &#8220;Gruss aus Oppeln&#8221;. Der zweite Teil soll die Zeit von 1933 bis 1956 dokumentieren. 2022 erhielt die SKGD vom Ministerium f\u00fcr Innere Angelegenheiten und Verwaltung eine F\u00f6rderung in H\u00f6he von 40.000,00 PLN und von der Stadt Oppeln in H\u00f6he von [&hellip;]<\/p>\n","protected":false},"author":1,"featured_media":0,"parent":9333,"menu_order":0,"comment_status":"closed","ping_status":"closed","template":"","meta":{"footnotes":""},"class_list":["post-17019","page","type-page","status-publish","hentry"],"yoast_head":"<!-- This site is optimized with the Yoast SEO plugin v18.9 - https:\/\/yoast.com\/wordpress\/plugins\/seo\/ -->\n<title>Gruss aus Oppeln - Deutsche Minderheit, Sozial-Kulturelle Gesellschaft der Deutschen im Oppelner Schlesien<\/title>\n<meta name=\"robots\" content=\"index, follow, max-snippet:-1, max-image-preview:large, max-video-preview:-1\" \/>\n<link rel=\"canonical\" href=\"https:\/\/skgd.pl\/en\/dzialalnosc-kulturalno-oswiatowa\/projekty-kulturalne-tskn\/gruss-aus-oppeln\/\" \/>\n<meta property=\"og:locale\" content=\"de_DE\" \/>\n<meta property=\"og:type\" content=\"article\" \/>\n<meta property=\"og:title\" content=\"Gruss aus Oppeln - Deutsche Minderheit, Sozial-Kulturelle Gesellschaft der Deutschen im Oppelner Schlesien\" \/>\n<meta property=\"og:description\" content=\"[vc_row][vc_column width=&#8221;3\/4&#8243;][vc_column_text]Die Sozial-Kulturelle Gesellschaft der Deutschen im Oppelner Schlesien arbeitet am zweiten Teil des Films &#8220;Gruss aus Oppeln&#8221;. Der zweite Teil soll die Zeit von 1933 bis 1956 dokumentieren. 2022 erhielt die SKGD vom Ministerium f\u00fcr Innere Angelegenheiten und Verwaltung eine F\u00f6rderung in H\u00f6he von 40.000,00 PLN und von der Stadt Oppeln in H\u00f6he von [&hellip;]\" \/>\n<meta property=\"og:url\" content=\"https:\/\/skgd.pl\/en\/dzialalnosc-kulturalno-oswiatowa\/projekty-kulturalne-tskn\/gruss-aus-oppeln\/\" \/>\n<meta property=\"og:site_name\" content=\"Deutsche Minderheit, Sozial-Kulturelle Gesellschaft der Deutschen im Oppelner Schlesien\" \/>\n<meta property=\"article:modified_time\" content=\"2023-02-27T21:52:56+00:00\" \/>\n<meta property=\"og:image\" content=\"https:\/\/skgd.pl\/wp-content\/uploads\/2018\/02\/IMG_0525-300x200.jpg\" \/>\n<meta name=\"twitter:card\" content=\"summary_large_image\" \/>\n<meta name=\"twitter:label1\" content=\"Gesch\u00e4tzte Lesezeit\" \/>\n\t<meta name=\"twitter:data1\" content=\"5\u00a0Minuten\" \/>\n<script type=\"application\/ld+json\" class=\"yoast-schema-graph\">{\"@context\":\"https:\/\/schema.org\",\"@graph\":[{\"@type\":\"WebSite\",\"@id\":\"https:\/\/skgd.pl\/#website\",\"url\":\"https:\/\/skgd.pl\/\",\"name\":\"Deutsche Minderheit, Sozial-Kulturelle Gesellschaft der Deutschen im Oppelner Schlesien\",\"description\":\"Deutsche Minderheit in Polen\",\"potentialAction\":[{\"@type\":\"SearchAction\",\"target\":{\"@type\":\"EntryPoint\",\"urlTemplate\":\"https:\/\/skgd.pl\/?s={search_term_string}\"},\"query-input\":\"required name=search_term_string\"}],\"inLanguage\":\"de\"},{\"@type\":\"ImageObject\",\"inLanguage\":\"de\",\"@id\":\"https:\/\/skgd.pl\/en\/dzialalnosc-kulturalno-oswiatowa\/projekty-kulturalne-tskn\/gruss-aus-oppeln\/#primaryimage\",\"url\":\"https:\/\/skgd.pl\/wp-content\/uploads\/2018\/02\/IMG_0525-scaled.jpg\",\"contentUrl\":\"https:\/\/skgd.pl\/wp-content\/uploads\/2018\/02\/IMG_0525-scaled.jpg\",\"width\":2560,\"height\":1707},{\"@type\":\"WebPage\",\"@id\":\"https:\/\/skgd.pl\/en\/dzialalnosc-kulturalno-oswiatowa\/projekty-kulturalne-tskn\/gruss-aus-oppeln\/#webpage\",\"url\":\"https:\/\/skgd.pl\/en\/dzialalnosc-kulturalno-oswiatowa\/projekty-kulturalne-tskn\/gruss-aus-oppeln\/\",\"name\":\"Gruss aus Oppeln - Deutsche Minderheit, Sozial-Kulturelle Gesellschaft der Deutschen im Oppelner Schlesien\",\"isPartOf\":{\"@id\":\"https:\/\/skgd.pl\/#website\"},\"primaryImageOfPage\":{\"@id\":\"https:\/\/skgd.pl\/en\/dzialalnosc-kulturalno-oswiatowa\/projekty-kulturalne-tskn\/gruss-aus-oppeln\/#primaryimage\"},\"datePublished\":\"2018-02-12T16:22:27+00:00\",\"dateModified\":\"2023-02-27T21:52:56+00:00\",\"breadcrumb\":{\"@id\":\"https:\/\/skgd.pl\/en\/dzialalnosc-kulturalno-oswiatowa\/projekty-kulturalne-tskn\/gruss-aus-oppeln\/#breadcrumb\"},\"inLanguage\":\"de\",\"potentialAction\":[{\"@type\":\"ReadAction\",\"target\":[\"https:\/\/skgd.pl\/en\/dzialalnosc-kulturalno-oswiatowa\/projekty-kulturalne-tskn\/gruss-aus-oppeln\/\"]}]},{\"@type\":\"BreadcrumbList\",\"@id\":\"https:\/\/skgd.pl\/en\/dzialalnosc-kulturalno-oswiatowa\/projekty-kulturalne-tskn\/gruss-aus-oppeln\/#breadcrumb\",\"itemListElement\":[{\"@type\":\"ListItem\",\"position\":1,\"name\":\"Strona g\u0142\u00f3wna\",\"item\":\"https:\/\/skgd.pl\/\"},{\"@type\":\"ListItem\",\"position\":2,\"name\":\"Dzia\u0142alno\u015b\u0107 kulturalno &#8211; o\u015bwiatowa\",\"item\":\"https:\/\/skgd.pl\/dzialalnosc-kulturalno-oswiatowa\/\"},{\"@type\":\"ListItem\",\"position\":3,\"name\":\"Projekty Kulturalne TSKN\",\"item\":\"https:\/\/skgd.pl\/dzialalnosc-kulturalno-oswiatowa\/projekty-kulturalne-tskn\/\"},{\"@type\":\"ListItem\",\"position\":4,\"name\":\"(Polski) Gruss aus Oppeln\"}]}]}<\/script>\n<!-- \/ Yoast SEO plugin. -->","yoast_head_json":{"title":"Gruss aus Oppeln - Deutsche Minderheit, Sozial-Kulturelle Gesellschaft der Deutschen im Oppelner Schlesien","robots":{"index":"index","follow":"follow","max-snippet":"max-snippet:-1","max-image-preview":"max-image-preview:large","max-video-preview":"max-video-preview:-1"},"canonical":"https:\/\/skgd.pl\/en\/dzialalnosc-kulturalno-oswiatowa\/projekty-kulturalne-tskn\/gruss-aus-oppeln\/","og_locale":"de_DE","og_type":"article","og_title":"Gruss aus Oppeln - Deutsche Minderheit, Sozial-Kulturelle Gesellschaft der Deutschen im Oppelner Schlesien","og_description":"[vc_row][vc_column width=&#8221;3\/4&#8243;][vc_column_text]Die Sozial-Kulturelle Gesellschaft der Deutschen im Oppelner Schlesien arbeitet am zweiten Teil des Films &#8220;Gruss aus Oppeln&#8221;. Der zweite Teil soll die Zeit von 1933 bis 1956 dokumentieren. 2022 erhielt die SKGD vom Ministerium f\u00fcr Innere Angelegenheiten und Verwaltung eine F\u00f6rderung in H\u00f6he von 40.000,00 PLN und von der Stadt Oppeln in H\u00f6he von [&hellip;]","og_url":"https:\/\/skgd.pl\/en\/dzialalnosc-kulturalno-oswiatowa\/projekty-kulturalne-tskn\/gruss-aus-oppeln\/","og_site_name":"Deutsche Minderheit, Sozial-Kulturelle Gesellschaft der Deutschen im Oppelner Schlesien","article_modified_time":"2023-02-27T21:52:56+00:00","og_image":[{"url":"https:\/\/skgd.pl\/wp-content\/uploads\/2018\/02\/IMG_0525-300x200.jpg"}],"twitter_card":"summary_large_image","twitter_misc":{"Gesch\u00e4tzte Lesezeit":"5\u00a0Minuten"},"schema":{"@context":"https:\/\/schema.org","@graph":[{"@type":"WebSite","@id":"https:\/\/skgd.pl\/#website","url":"https:\/\/skgd.pl\/","name":"Deutsche Minderheit, Sozial-Kulturelle Gesellschaft der Deutschen im Oppelner Schlesien","description":"Deutsche Minderheit in Polen","potentialAction":[{"@type":"SearchAction","target":{"@type":"EntryPoint","urlTemplate":"https:\/\/skgd.pl\/?s={search_term_string}"},"query-input":"required name=search_term_string"}],"inLanguage":"de"},{"@type":"ImageObject","inLanguage":"de","@id":"https:\/\/skgd.pl\/en\/dzialalnosc-kulturalno-oswiatowa\/projekty-kulturalne-tskn\/gruss-aus-oppeln\/#primaryimage","url":"https:\/\/skgd.pl\/wp-content\/uploads\/2018\/02\/IMG_0525-scaled.jpg","contentUrl":"https:\/\/skgd.pl\/wp-content\/uploads\/2018\/02\/IMG_0525-scaled.jpg","width":2560,"height":1707},{"@type":"WebPage","@id":"https:\/\/skgd.pl\/en\/dzialalnosc-kulturalno-oswiatowa\/projekty-kulturalne-tskn\/gruss-aus-oppeln\/#webpage","url":"https:\/\/skgd.pl\/en\/dzialalnosc-kulturalno-oswiatowa\/projekty-kulturalne-tskn\/gruss-aus-oppeln\/","name":"Gruss aus Oppeln - Deutsche Minderheit, Sozial-Kulturelle Gesellschaft der Deutschen im Oppelner Schlesien","isPartOf":{"@id":"https:\/\/skgd.pl\/#website"},"primaryImageOfPage":{"@id":"https:\/\/skgd.pl\/en\/dzialalnosc-kulturalno-oswiatowa\/projekty-kulturalne-tskn\/gruss-aus-oppeln\/#primaryimage"},"datePublished":"2018-02-12T16:22:27+00:00","dateModified":"2023-02-27T21:52:56+00:00","breadcrumb":{"@id":"https:\/\/skgd.pl\/en\/dzialalnosc-kulturalno-oswiatowa\/projekty-kulturalne-tskn\/gruss-aus-oppeln\/#breadcrumb"},"inLanguage":"de","potentialAction":[{"@type":"ReadAction","target":["https:\/\/skgd.pl\/en\/dzialalnosc-kulturalno-oswiatowa\/projekty-kulturalne-tskn\/gruss-aus-oppeln\/"]}]},{"@type":"BreadcrumbList","@id":"https:\/\/skgd.pl\/en\/dzialalnosc-kulturalno-oswiatowa\/projekty-kulturalne-tskn\/gruss-aus-oppeln\/#breadcrumb","itemListElement":[{"@type":"ListItem","position":1,"name":"Strona g\u0142\u00f3wna","item":"https:\/\/skgd.pl\/"},{"@type":"ListItem","position":2,"name":"Dzia\u0142alno\u015b\u0107 kulturalno &#8211; o\u015bwiatowa","item":"https:\/\/skgd.pl\/dzialalnosc-kulturalno-oswiatowa\/"},{"@type":"ListItem","position":3,"name":"Projekty Kulturalne TSKN","item":"https:\/\/skgd.pl\/dzialalnosc-kulturalno-oswiatowa\/projekty-kulturalne-tskn\/"},{"@type":"ListItem","position":4,"name":"(Polski) Gruss aus Oppeln"}]}]}},"_links":{"self":[{"href":"https:\/\/skgd.pl\/de\/wp-json\/wp\/v2\/pages\/17019","targetHints":{"allow":["GET"]}}],"collection":[{"href":"https:\/\/skgd.pl\/de\/wp-json\/wp\/v2\/pages"}],"about":[{"href":"https:\/\/skgd.pl\/de\/wp-json\/wp\/v2\/types\/page"}],"author":[{"embeddable":true,"href":"https:\/\/skgd.pl\/de\/wp-json\/wp\/v2\/users\/1"}],"replies":[{"embeddable":true,"href":"https:\/\/skgd.pl\/de\/wp-json\/wp\/v2\/comments?post=17019"}],"version-history":[{"count":12,"href":"https:\/\/skgd.pl\/de\/wp-json\/wp\/v2\/pages\/17019\/revisions"}],"predecessor-version":[{"id":31987,"href":"https:\/\/skgd.pl\/de\/wp-json\/wp\/v2\/pages\/17019\/revisions\/31987"}],"up":[{"embeddable":true,"href":"https:\/\/skgd.pl\/de\/wp-json\/wp\/v2\/pages\/9333"}],"wp:attachment":[{"href":"https:\/\/skgd.pl\/de\/wp-json\/wp\/v2\/media?parent=17019"}],"curies":[{"name":"wp","href":"https:\/\/api.w.org\/{rel}","templated":true}]}}