{"id":17009,"date":"2018-02-12T17:08:53","date_gmt":"2018-02-12T16:08:53","guid":{"rendered":"http:\/\/skgd.pl\/?page_id=17009"},"modified":"2025-03-19T12:23:06","modified_gmt":"2025-03-19T11:23:06","slug":"staze-i-praktyki-w-tskn","status":"publish","type":"page","link":"https:\/\/skgd.pl\/de\/granty-i-stypendia\/staze-i-praktyki-w-tskn\/","title":{"rendered":"Praktika in SKGD"},"content":{"rendered":"<p>[vc_row][vc_column width=&#8221;3\/4&#8243;][vc_column_text]<span><img loading=\"lazy\" decoding=\"async\" class=\" wp-image-36178 aligncenter\" src=\"https:\/\/skgd.pl\/wp-content\/uploads\/2025\/03\/zdj-300x169.jpg\" alt=\"\" width=\"578\" height=\"326\" srcset=\"https:\/\/skgd.pl\/wp-content\/uploads\/2025\/03\/zdj-300x169.jpg 300w, https:\/\/skgd.pl\/wp-content\/uploads\/2025\/03\/zdj-1024x576.jpg 1024w, https:\/\/skgd.pl\/wp-content\/uploads\/2025\/03\/zdj-768x432.jpg 768w, https:\/\/skgd.pl\/wp-content\/uploads\/2025\/03\/zdj-1536x864.jpg 1536w, https:\/\/skgd.pl\/wp-content\/uploads\/2025\/03\/zdj-2048x1152.jpg 2048w, https:\/\/skgd.pl\/wp-content\/uploads\/2025\/03\/zdj-800x450.jpg 800w, https:\/\/skgd.pl\/wp-content\/uploads\/2025\/03\/zdj-600x338.jpg 600w\" sizes=\"auto, (max-width: 578px) 100vw, 578px\" \/>Interessierst Du dich sich f\u00fcr die Sozial-Kulturelle Gesellschaft der Deutschen in Oppelner Schlesien? Fragst Du dich, wie unsere Organisation funktioniert? M\u00f6chtest Du sehen, wie unsere Gesellschaft verschiedene Projekte realisiert?<\/span><\/p>\n<p><span>Oder m\u00f6chtest du einfach nur interessante Erfahrungen machen, neue interessante Menschen kennenlernen?<\/span><\/p>\n<p><span>Wenn ja, m\u00f6chten wir dich ganz herzlich einladen ein Praktikum in unserer Gesellschaft zu absolvieren.<\/span><\/p>\n<p><span>In der Gesellschaft k\u00f6nnen Sie lernen, wie Nichtregierungsorganisationen funktionieren &#8211; zum Beispiel, wie sie Gelder beschaffen, um zu arbeiten, verschiedene Veranstaltungen organisieren und Projekte durchf\u00fchren. Sie werden auch Ihre F\u00e4higkeiten zur Teamarbeit verbessern, da viele der Projekte hier Zusammenarbeit erfordern.<\/span><\/p>\n<p><span>Durch die Arbeit hier werden Sie sicherlich Ihre Deutschkenntnisse verbessern, da Sie t\u00e4glich auf verschiedenen Ebenen damit in Ber\u00fchrung kommen werden. Erw\u00e4hnenswert ist auch, dass Sie nach Ihrem Praktikum Ihre Kenntnisse in Programmen wie Excel oder Word erweitern werden, da diese zu den wichtigsten Hilfsmitteln in dieser Art von Unternehmen geh\u00f6ren.<\/span><\/p>\n<p><span>Zu den Vorteilen z\u00e4hlt auch die Lage unseres TSKN-B\u00fcros &#8211; es befindet sich im Zentrum von Oppeln, in der Marii Konopnickiej Stra\u00dfe, direkt an der Oder.<\/span><\/p>\n<p><span>Sie werden die Arbeit in verschiedenen Projekten erleben, wie z.B. in der Miro Deutsche Fu\u00dfballschule, einer Fu\u00dfballschule, die das Erlernen der deutschen Sprache mit dem Fu\u00dfball verbindet, oder in der Weihnachtshilfe, in deren Rahmen die Mitglieder der DFK-s ihre Adventstreffen organisieren und dabei eine festliche Atmosph\u00e4re genie\u00dfen, aber auch bed\u00fcrftige Menschen mit Lebensmittelpaketen unterst\u00fctzen. Erw\u00e4hnenswert ist auch das Projekt \u201eRevitalisierung von Begegnungsst\u00e4tten\u201c. Dessen Hauptziel ist die Wiederbelebung deutscher Minderheitengruppen durch die Vorbereitung und Durchf\u00fchrung von kleinen, m\u00f6glichst selbst\u00e4ndigen Projekten, die zur Erhaltung und Pflege der deutschen Identit\u00e4t beitragen. Dar\u00fcber hinaus organisiert unser B\u00fcro w\u00e4hrend der Sommersaison viele Initiativen f\u00fcr die j\u00fcngste Altersgruppe unserer Organisation. Da kann man wirklich viel lernen!<\/span><\/p>\n<p><span>W\u00e4hrend Ihres Aufenthalts werden Sie auch im Bereich des Managements sozialer Medien geschult, d. h. in der Nutzung sozialer Medien oder Websites zur F\u00f6rderung und Kommunikation von Informationen \u00fcber die Aktivit\u00e4ten der Organisation. Sie werden auch die M\u00f6glichkeit haben, mit anderen NRO, die mit der deutschen Minderheit verbunden sind, zusammenzuarbeiten. Durch den t\u00e4glichen Umgang mit Rechnungen, Berichten und verschiedenen Datenbanken werden Sie auch Ihre Kenntnisse im Umgang mit Dokumenten erweitern. Ein Praktikum bei der Gesellschaft ist eine gute Gelegenheit, Erfahrungen zu sammeln, insbesondere f\u00fcr junge Menschen, die gerade erst in den Arbeitsmarkt eintreten &#8211; vor allem wegen der Vielfalt der Aufgaben, die w\u00e4hrend des Praktikums erledigt werden.<\/span><\/p>\n<p><span>Es gibt keine Zeit zu warten! Bewerben Sie sich und investieren Sie in Ihre Erfahrung!<\/span><\/p>\n<p><iframe loading=\"lazy\" title=\"YouTube video player\" src=\"https:\/\/www.youtube.com\/embed\/3KfvtjgoaVY\" width=\"560\" height=\"315\" frameborder=\"0\" allowfullscreen=\"allowfullscreen\"><\/iframe>[\/vc_column_text][\/vc_column][vc_column width=&#8221;1\/4&#8243;][vc_column_text]<\/p>\n<section class=\"span3\" style=\"margin-top: -22px;\">\n<div class=\"col-left\">\n<div id=\"execphp-2\" class=\"widget m_bottom_25 widget_execphp\">\n<div class=\"execphpwidget\">\n<div id=\"archives-2\" class=\"widget widget_archive kontakt\" style=\"border-color: #1F97FF !important;\">\n<h4 class=\"h4 heading-h4\" style=\"margin-bottom: 0px; text-align: center;\">Kontakt<\/h4>\n<p>Sekretariat&nbsp;<br \/>\nTel\/Fax: +48 77 40-210-70<br \/>\n<a href=\"mailto:tskn@skgd.pl\">tskn@skgd.pl<\/a><\/p>\n<\/div>\n<\/div>\n<\/div>\n<\/div>\n<\/section>\n<p>[\/vc_column_text][\/vc_column][\/vc_row]<\/p>","protected":false},"excerpt":{"rendered":"<p>[vc_row][vc_column width=&#8221;3\/4&#8243;][vc_column_text]Interessierst Du dich sich f\u00fcr die Sozial-Kulturelle Gesellschaft der Deutschen in Oppelner Schlesien? Fragst Du dich, wie unsere Organisation funktioniert? M\u00f6chtest Du sehen, wie unsere Gesellschaft verschiedene Projekte realisiert? Oder m\u00f6chtest du einfach nur interessante Erfahrungen machen, neue interessante Menschen kennenlernen? Wenn ja, m\u00f6chten wir dich ganz herzlich einladen ein Praktikum in unserer Gesellschaft [&hellip;]<\/p>\n","protected":false},"author":1,"featured_media":0,"parent":9355,"menu_order":0,"comment_status":"closed","ping_status":"closed","template":"","meta":{"footnotes":""},"class_list":["post-17009","page","type-page","status-publish","hentry"],"yoast_head":"<!-- This site is optimized with the Yoast SEO plugin v18.9 - https:\/\/yoast.com\/wordpress\/plugins\/seo\/ -->\n<title>Praktika in SKGD - Deutsche Minderheit, Sozial-Kulturelle Gesellschaft der Deutschen im Oppelner Schlesien<\/title>\n<meta name=\"robots\" content=\"index, follow, max-snippet:-1, max-image-preview:large, max-video-preview:-1\" \/>\n<link rel=\"canonical\" href=\"https:\/\/skgd.pl\/granty-i-stypendia\/staze-i-praktyki-w-tskn\/\" \/>\n<meta property=\"og:locale\" content=\"de_DE\" \/>\n<meta property=\"og:type\" content=\"article\" \/>\n<meta property=\"og:title\" content=\"Praktika in SKGD - Deutsche Minderheit, Sozial-Kulturelle Gesellschaft der Deutschen im Oppelner Schlesien\" \/>\n<meta property=\"og:description\" content=\"[vc_row][vc_column width=&#8221;3\/4&#8243;][vc_column_text]Interessierst Du dich sich f\u00fcr die Sozial-Kulturelle Gesellschaft der Deutschen in Oppelner Schlesien? Fragst Du dich, wie unsere Organisation funktioniert? M\u00f6chtest Du sehen, wie unsere Gesellschaft verschiedene Projekte realisiert? Oder m\u00f6chtest du einfach nur interessante Erfahrungen machen, neue interessante Menschen kennenlernen? Wenn ja, m\u00f6chten wir dich ganz herzlich einladen ein Praktikum in unserer Gesellschaft [&hellip;]\" \/>\n<meta property=\"og:url\" content=\"https:\/\/skgd.pl\/granty-i-stypendia\/staze-i-praktyki-w-tskn\/\" \/>\n<meta property=\"og:site_name\" content=\"Deutsche Minderheit, Sozial-Kulturelle Gesellschaft der Deutschen im Oppelner Schlesien\" \/>\n<meta property=\"article:modified_time\" content=\"2025-03-19T11:23:06+00:00\" \/>\n<meta property=\"og:image\" content=\"https:\/\/skgd.pl\/wp-content\/uploads\/2025\/03\/zdj-300x169.jpg\" \/>\n<meta name=\"twitter:card\" content=\"summary_large_image\" \/>\n<meta name=\"twitter:label1\" content=\"Gesch\u00e4tzte Lesezeit\" \/>\n\t<meta name=\"twitter:data1\" content=\"5\u00a0Minuten\" \/>\n<script type=\"application\/ld+json\" class=\"yoast-schema-graph\">{\"@context\":\"https:\/\/schema.org\",\"@graph\":[{\"@type\":\"WebSite\",\"@id\":\"https:\/\/skgd.pl\/#website\",\"url\":\"https:\/\/skgd.pl\/\",\"name\":\"Deutsche Minderheit, Sozial-Kulturelle Gesellschaft der Deutschen im Oppelner Schlesien\",\"description\":\"Deutsche Minderheit in Polen\",\"potentialAction\":[{\"@type\":\"SearchAction\",\"target\":{\"@type\":\"EntryPoint\",\"urlTemplate\":\"https:\/\/skgd.pl\/?s={search_term_string}\"},\"query-input\":\"required name=search_term_string\"}],\"inLanguage\":\"de\"},{\"@type\":\"ImageObject\",\"inLanguage\":\"de\",\"@id\":\"https:\/\/skgd.pl\/granty-i-stypendia\/staze-i-praktyki-w-tskn\/#primaryimage\",\"url\":\"https:\/\/skgd.pl\/wp-content\/uploads\/2025\/03\/zdj.jpg\",\"contentUrl\":\"https:\/\/skgd.pl\/wp-content\/uploads\/2025\/03\/zdj.jpg\",\"width\":2560,\"height\":1440},{\"@type\":\"WebPage\",\"@id\":\"https:\/\/skgd.pl\/granty-i-stypendia\/staze-i-praktyki-w-tskn\/#webpage\",\"url\":\"https:\/\/skgd.pl\/granty-i-stypendia\/staze-i-praktyki-w-tskn\/\",\"name\":\"Praktika in SKGD - Deutsche Minderheit, Sozial-Kulturelle Gesellschaft der Deutschen im Oppelner Schlesien\",\"isPartOf\":{\"@id\":\"https:\/\/skgd.pl\/#website\"},\"primaryImageOfPage\":{\"@id\":\"https:\/\/skgd.pl\/granty-i-stypendia\/staze-i-praktyki-w-tskn\/#primaryimage\"},\"datePublished\":\"2018-02-12T16:08:53+00:00\",\"dateModified\":\"2025-03-19T11:23:06+00:00\",\"breadcrumb\":{\"@id\":\"https:\/\/skgd.pl\/granty-i-stypendia\/staze-i-praktyki-w-tskn\/#breadcrumb\"},\"inLanguage\":\"de\",\"potentialAction\":[{\"@type\":\"ReadAction\",\"target\":[\"https:\/\/skgd.pl\/granty-i-stypendia\/staze-i-praktyki-w-tskn\/\"]}]},{\"@type\":\"BreadcrumbList\",\"@id\":\"https:\/\/skgd.pl\/granty-i-stypendia\/staze-i-praktyki-w-tskn\/#breadcrumb\",\"itemListElement\":[{\"@type\":\"ListItem\",\"position\":1,\"name\":\"Strona g\u0142\u00f3wna\",\"item\":\"https:\/\/skgd.pl\/\"},{\"@type\":\"ListItem\",\"position\":2,\"name\":\"Kariera\",\"item\":\"https:\/\/skgd.pl\/granty-i-stypendia\/\"},{\"@type\":\"ListItem\",\"position\":3,\"name\":\"Sta\u017ce i praktyki w TSKN\"}]}]}<\/script>\n<!-- \/ Yoast SEO plugin. -->","yoast_head_json":{"title":"Praktika in SKGD - Deutsche Minderheit, Sozial-Kulturelle Gesellschaft der Deutschen im Oppelner Schlesien","robots":{"index":"index","follow":"follow","max-snippet":"max-snippet:-1","max-image-preview":"max-image-preview:large","max-video-preview":"max-video-preview:-1"},"canonical":"https:\/\/skgd.pl\/granty-i-stypendia\/staze-i-praktyki-w-tskn\/","og_locale":"de_DE","og_type":"article","og_title":"Praktika in SKGD - Deutsche Minderheit, Sozial-Kulturelle Gesellschaft der Deutschen im Oppelner Schlesien","og_description":"[vc_row][vc_column width=&#8221;3\/4&#8243;][vc_column_text]Interessierst Du dich sich f\u00fcr die Sozial-Kulturelle Gesellschaft der Deutschen in Oppelner Schlesien? Fragst Du dich, wie unsere Organisation funktioniert? M\u00f6chtest Du sehen, wie unsere Gesellschaft verschiedene Projekte realisiert? Oder m\u00f6chtest du einfach nur interessante Erfahrungen machen, neue interessante Menschen kennenlernen? Wenn ja, m\u00f6chten wir dich ganz herzlich einladen ein Praktikum in unserer Gesellschaft [&hellip;]","og_url":"https:\/\/skgd.pl\/granty-i-stypendia\/staze-i-praktyki-w-tskn\/","og_site_name":"Deutsche Minderheit, Sozial-Kulturelle Gesellschaft der Deutschen im Oppelner Schlesien","article_modified_time":"2025-03-19T11:23:06+00:00","og_image":[{"url":"https:\/\/skgd.pl\/wp-content\/uploads\/2025\/03\/zdj-300x169.jpg"}],"twitter_card":"summary_large_image","twitter_misc":{"Gesch\u00e4tzte Lesezeit":"5\u00a0Minuten"},"schema":{"@context":"https:\/\/schema.org","@graph":[{"@type":"WebSite","@id":"https:\/\/skgd.pl\/#website","url":"https:\/\/skgd.pl\/","name":"Deutsche Minderheit, Sozial-Kulturelle Gesellschaft der Deutschen im Oppelner Schlesien","description":"Deutsche Minderheit in Polen","potentialAction":[{"@type":"SearchAction","target":{"@type":"EntryPoint","urlTemplate":"https:\/\/skgd.pl\/?s={search_term_string}"},"query-input":"required name=search_term_string"}],"inLanguage":"de"},{"@type":"ImageObject","inLanguage":"de","@id":"https:\/\/skgd.pl\/granty-i-stypendia\/staze-i-praktyki-w-tskn\/#primaryimage","url":"https:\/\/skgd.pl\/wp-content\/uploads\/2025\/03\/zdj.jpg","contentUrl":"https:\/\/skgd.pl\/wp-content\/uploads\/2025\/03\/zdj.jpg","width":2560,"height":1440},{"@type":"WebPage","@id":"https:\/\/skgd.pl\/granty-i-stypendia\/staze-i-praktyki-w-tskn\/#webpage","url":"https:\/\/skgd.pl\/granty-i-stypendia\/staze-i-praktyki-w-tskn\/","name":"Praktika in SKGD - Deutsche Minderheit, Sozial-Kulturelle Gesellschaft der Deutschen im Oppelner Schlesien","isPartOf":{"@id":"https:\/\/skgd.pl\/#website"},"primaryImageOfPage":{"@id":"https:\/\/skgd.pl\/granty-i-stypendia\/staze-i-praktyki-w-tskn\/#primaryimage"},"datePublished":"2018-02-12T16:08:53+00:00","dateModified":"2025-03-19T11:23:06+00:00","breadcrumb":{"@id":"https:\/\/skgd.pl\/granty-i-stypendia\/staze-i-praktyki-w-tskn\/#breadcrumb"},"inLanguage":"de","potentialAction":[{"@type":"ReadAction","target":["https:\/\/skgd.pl\/granty-i-stypendia\/staze-i-praktyki-w-tskn\/"]}]},{"@type":"BreadcrumbList","@id":"https:\/\/skgd.pl\/granty-i-stypendia\/staze-i-praktyki-w-tskn\/#breadcrumb","itemListElement":[{"@type":"ListItem","position":1,"name":"Strona g\u0142\u00f3wna","item":"https:\/\/skgd.pl\/"},{"@type":"ListItem","position":2,"name":"Kariera","item":"https:\/\/skgd.pl\/granty-i-stypendia\/"},{"@type":"ListItem","position":3,"name":"Sta\u017ce i praktyki w TSKN"}]}]}},"_links":{"self":[{"href":"https:\/\/skgd.pl\/de\/wp-json\/wp\/v2\/pages\/17009","targetHints":{"allow":["GET"]}}],"collection":[{"href":"https:\/\/skgd.pl\/de\/wp-json\/wp\/v2\/pages"}],"about":[{"href":"https:\/\/skgd.pl\/de\/wp-json\/wp\/v2\/types\/page"}],"author":[{"embeddable":true,"href":"https:\/\/skgd.pl\/de\/wp-json\/wp\/v2\/users\/1"}],"replies":[{"embeddable":true,"href":"https:\/\/skgd.pl\/de\/wp-json\/wp\/v2\/comments?post=17009"}],"version-history":[{"count":10,"href":"https:\/\/skgd.pl\/de\/wp-json\/wp\/v2\/pages\/17009\/revisions"}],"predecessor-version":[{"id":36180,"href":"https:\/\/skgd.pl\/de\/wp-json\/wp\/v2\/pages\/17009\/revisions\/36180"}],"up":[{"embeddable":true,"href":"https:\/\/skgd.pl\/de\/wp-json\/wp\/v2\/pages\/9355"}],"wp:attachment":[{"href":"https:\/\/skgd.pl\/de\/wp-json\/wp\/v2\/media?parent=17009"}],"curies":[{"name":"wp","href":"https:\/\/api.w.org\/{rel}","templated":true}]}}