{"id":16515,"date":"2017-11-22T17:53:16","date_gmt":"2017-11-22T16:53:16","guid":{"rendered":"http:\/\/skgd.pl\/?page_id=16515"},"modified":"2025-01-02T20:32:57","modified_gmt":"2025-01-02T19:32:57","slug":"opolskie-bez-tajemnic","status":"publish","type":"page","link":"https:\/\/skgd.pl\/de\/dzialalnosc-kulturalno-oswiatowa\/opolskie-bez-tajemnic\/","title":{"rendered":"Oppelner Region ohne Geheimnisse"},"content":{"rendered":"<p>[vc_row][vc_column width=&#8221;3\/4&#8243;][vc_column_text]<\/p>\n<p style=\"text-align: center;\"><strong>Treffen, Wettbewerbe und Ausfl\u00fcge zu der regionalen Geschichte, Tradition und Kultur<\/strong><\/p>\n<p style=\"text-align: center;\"><em>Dank Ihrer Unterst\u00fctzung gelang es uns im B\u00fcrgerhaushalt mit unserem Projekt zu gewinnen. Das Projekt realisierten wir bis Ende Juni 2019<\/em><\/p>\n<p style=\"text-align: center;\">Unser Ziel ist es, den Bewohnern des Kreises Rosenberg, Namslau und Kreuzburg Ihre regionale Geschichte in verschiedenen Aspekten n\u00e4her zu bringen<\/p>\n<p>Innerhalb des Projekts realisieren wir:<\/p>\n<ol>\n<li>40 Treffen \u00fcber die lokale Geschichte des Kreises Rosenberg, Namslau und Kreuzburg, wo man auf eine interessante Art und Weise die geschichtlichen Geheimnisse der Region entdecken kann<\/li>\n<li>Wettbewerbe f\u00fcr Kinder, Jugendliche und Erwachsene, die das Thema der interessanten Aspekte der lokalen Geschichte beinhalten werden. Als Resultat, veranstalten wir eine Gala, w\u00e4hrend der eine Preisverleihung&nbsp; stattfinden wird .<\/li>\n<li>10 landeskundliche Ausfl\u00fcge \u00fcber die Subregion, die auch mit Kostproben von regionalen Produkten verbunden werden<\/li>\n<li>Die Ausfl\u00fcge werden als eine Basis f\u00fcr die Ausgabe eines lokalen Reisef\u00fchrers dienen. Es wird in Form eines Buches in Auflag von 1000 Exemplaren herausgegeben.&nbsp; Der Reisef\u00fchrer wird auch die preisgekr\u00f6nten Arbeiten der Wettbewerbsteilnehmer beinhalten.<\/li>\n<\/ol>\n<p>Alle aktuellen Infos finden Sie hier oder auf unser Facebookseite <a href=\"https:\/\/www.facebook.com\/Opolskie-bez-tajemnic-1346888118727497\/\">\u201eOpolskie bez tajemnic\u201c<\/a><\/p>\n<p>Das Projekt wurde finanziert durch das B\u00fcrgerbudget des Oppelner Marschallamtes.[\/vc_column_text][\/vc_column][vc_column width=&#8221;1\/4&#8243;][vc_column_text]<\/p>\n<section class=\"span3\" style=\"margin-top: -22px;\">\n<div class=\"col-left\">\n<div id=\"execphp-2\" class=\"widget m_bottom_25 widget_execphp\">\n<div class=\"execphpwidget\">\n<div id=\"archives-2\" class=\"widget widget_archive kontakt\" style=\"border-color: #1F97FF !important;\">\n<h4 class=\"h4 heading-h4\" style=\"margin-bottom: 0px; text-align: center;\"><a href=\"https:\/\/skgd.pl\/wp-content\/uploads\/2016\/01\/13645211_1216839548326874_209630018749456632_n.jpg\"><img loading=\"lazy\" decoding=\"async\" class=\"alignnone wp-image-16532\" src=\"https:\/\/skgd.pl\/wp-content\/uploads\/2017\/11\/BO-Marsza\u0142kowski-576x1024-212x300.png\" alt=\"\" width=\"96\" height=\"136\" srcset=\"https:\/\/skgd.pl\/wp-content\/uploads\/2017\/11\/BO-Marsza\u0142kowski-576x1024-212x300.png 212w, https:\/\/skgd.pl\/wp-content\/uploads\/2017\/11\/BO-Marsza\u0142kowski-576x1024.png 576w\" sizes=\"auto, (max-width: 96px) 100vw, 96px\" \/><\/a><\/h4>\n<h4 class=\"h4 heading-h4\" style=\"margin-bottom: 0px; text-align: center;\">Kontakt<\/h4>\n<div class=\"kontakt\">\n<p>Tel.&nbsp;+48 77 402 10 77<\/p>\n<\/div>\n<h4 class=\"h4 heading-h4\" style=\"margin-bottom: 10px; text-align: center;\">Partner<\/h4>\n<p><img loading=\"lazy\" decoding=\"async\" class=\" wp-image-16530 aligncenter\" src=\"https:\/\/skgd.pl\/wp-content\/uploads\/2017\/11\/MBO-300x94.png\" alt=\"\" width=\"227\" height=\"71\" srcset=\"https:\/\/skgd.pl\/wp-content\/uploads\/2017\/11\/MBO-300x94.png 300w, https:\/\/skgd.pl\/wp-content\/uploads\/2017\/11\/MBO-600x188.png 600w, https:\/\/skgd.pl\/wp-content\/uploads\/2017\/11\/MBO-768x240.png 768w, https:\/\/skgd.pl\/wp-content\/uploads\/2017\/11\/MBO.png 1024w, https:\/\/skgd.pl\/wp-content\/uploads\/2017\/11\/MBO-800x250.png 800w\" sizes=\"auto, (max-width: 227px) 100vw, 227px\" \/><\/p>\n<p><img loading=\"lazy\" decoding=\"async\" class=\" wp-image-16531 aligncenter\" src=\"https:\/\/skgd.pl\/wp-content\/uploads\/2017\/11\/UMWO-270x300.png\" alt=\"\" width=\"111\" height=\"124\" srcset=\"https:\/\/skgd.pl\/wp-content\/uploads\/2017\/11\/UMWO-270x300.png 270w, https:\/\/skgd.pl\/wp-content\/uploads\/2017\/11\/UMWO-600x667.png 600w, https:\/\/skgd.pl\/wp-content\/uploads\/2017\/11\/UMWO.png 703w\" sizes=\"auto, (max-width: 111px) 100vw, 111px\" \/><\/p>\n<p><img loading=\"lazy\" decoding=\"async\" class=\" wp-image-9308 aligncenter\" src=\"https:\/\/skgd.pl\/wp-content\/uploads\/2014\/10\/haus.jpg\" alt=\"\" width=\"181\" height=\"100\"><\/p>\n<\/div>\n<\/div>\n<\/div>\n<\/div>\n<\/section>\n<p>[\/vc_column_text][\/vc_column][\/vc_row]<\/p>","protected":false},"excerpt":{"rendered":"<p>[vc_row][vc_column width=&#8221;3\/4&#8243;][vc_column_text] Treffen, Wettbewerbe und Ausfl\u00fcge zu der regionalen Geschichte, Tradition und Kultur Dank Ihrer Unterst\u00fctzung gelang es uns im B\u00fcrgerhaushalt mit unserem Projekt zu gewinnen. Das Projekt realisierten wir bis Ende Juni 2019 Unser Ziel ist es, den Bewohnern des Kreises Rosenberg, Namslau und Kreuzburg Ihre regionale Geschichte in verschiedenen Aspekten n\u00e4her zu bringen [&hellip;]<\/p>\n","protected":false},"author":1,"featured_media":0,"parent":9331,"menu_order":0,"comment_status":"closed","ping_status":"closed","template":"","meta":{"footnotes":""},"class_list":["post-16515","page","type-page","status-publish","hentry"],"yoast_head":"<!-- This site is optimized with the Yoast SEO plugin v18.9 - https:\/\/yoast.com\/wordpress\/plugins\/seo\/ -->\n<title>Oppelner Region ohne Geheimnisse - Deutsche Minderheit, Sozial-Kulturelle Gesellschaft der Deutschen im Oppelner Schlesien<\/title>\n<meta name=\"robots\" content=\"index, follow, max-snippet:-1, max-image-preview:large, max-video-preview:-1\" \/>\n<link rel=\"canonical\" href=\"https:\/\/skgd.pl\/dzialalnosc-kulturalno-oswiatowa\/opolskie-bez-tajemnic\/\" \/>\n<meta property=\"og:locale\" content=\"de_DE\" \/>\n<meta property=\"og:type\" content=\"article\" \/>\n<meta property=\"og:title\" content=\"Oppelner Region ohne Geheimnisse - Deutsche Minderheit, Sozial-Kulturelle Gesellschaft der Deutschen im Oppelner Schlesien\" \/>\n<meta property=\"og:description\" content=\"[vc_row][vc_column width=&#8221;3\/4&#8243;][vc_column_text] Treffen, Wettbewerbe und Ausfl\u00fcge zu der regionalen Geschichte, Tradition und Kultur Dank Ihrer Unterst\u00fctzung gelang es uns im B\u00fcrgerhaushalt mit unserem Projekt zu gewinnen. Das Projekt realisierten wir bis Ende Juni 2019 Unser Ziel ist es, den Bewohnern des Kreises Rosenberg, Namslau und Kreuzburg Ihre regionale Geschichte in verschiedenen Aspekten n\u00e4her zu bringen [&hellip;]\" \/>\n<meta property=\"og:url\" content=\"https:\/\/skgd.pl\/dzialalnosc-kulturalno-oswiatowa\/opolskie-bez-tajemnic\/\" \/>\n<meta property=\"og:site_name\" content=\"Deutsche Minderheit, Sozial-Kulturelle Gesellschaft der Deutschen im Oppelner Schlesien\" \/>\n<meta property=\"article:modified_time\" content=\"2025-01-02T19:32:57+00:00\" \/>\n<meta property=\"og:image\" content=\"https:\/\/skgd.pl\/wp-content\/uploads\/2017\/11\/MBO-300x94.png\" \/>\n<meta name=\"twitter:card\" content=\"summary_large_image\" \/>\n<meta name=\"twitter:label1\" content=\"Gesch\u00e4tzte Lesezeit\" \/>\n\t<meta name=\"twitter:data1\" content=\"2\u00a0Minuten\" \/>\n<script type=\"application\/ld+json\" class=\"yoast-schema-graph\">{\"@context\":\"https:\/\/schema.org\",\"@graph\":[{\"@type\":\"WebSite\",\"@id\":\"https:\/\/skgd.pl\/#website\",\"url\":\"https:\/\/skgd.pl\/\",\"name\":\"Deutsche Minderheit, Sozial-Kulturelle Gesellschaft der Deutschen im Oppelner Schlesien\",\"description\":\"Deutsche Minderheit in Polen\",\"potentialAction\":[{\"@type\":\"SearchAction\",\"target\":{\"@type\":\"EntryPoint\",\"urlTemplate\":\"https:\/\/skgd.pl\/?s={search_term_string}\"},\"query-input\":\"required name=search_term_string\"}],\"inLanguage\":\"de\"},{\"@type\":\"ImageObject\",\"inLanguage\":\"de\",\"@id\":\"https:\/\/skgd.pl\/dzialalnosc-kulturalno-oswiatowa\/opolskie-bez-tajemnic\/#primaryimage\",\"url\":\"https:\/\/skgd.pl\/wp-content\/uploads\/2017\/11\/MBO.png\",\"contentUrl\":\"https:\/\/skgd.pl\/wp-content\/uploads\/2017\/11\/MBO.png\",\"width\":1024,\"height\":320},{\"@type\":\"WebPage\",\"@id\":\"https:\/\/skgd.pl\/dzialalnosc-kulturalno-oswiatowa\/opolskie-bez-tajemnic\/#webpage\",\"url\":\"https:\/\/skgd.pl\/dzialalnosc-kulturalno-oswiatowa\/opolskie-bez-tajemnic\/\",\"name\":\"Oppelner Region ohne Geheimnisse - Deutsche Minderheit, Sozial-Kulturelle Gesellschaft der Deutschen im Oppelner Schlesien\",\"isPartOf\":{\"@id\":\"https:\/\/skgd.pl\/#website\"},\"primaryImageOfPage\":{\"@id\":\"https:\/\/skgd.pl\/dzialalnosc-kulturalno-oswiatowa\/opolskie-bez-tajemnic\/#primaryimage\"},\"datePublished\":\"2017-11-22T16:53:16+00:00\",\"dateModified\":\"2025-01-02T19:32:57+00:00\",\"breadcrumb\":{\"@id\":\"https:\/\/skgd.pl\/dzialalnosc-kulturalno-oswiatowa\/opolskie-bez-tajemnic\/#breadcrumb\"},\"inLanguage\":\"de\",\"potentialAction\":[{\"@type\":\"ReadAction\",\"target\":[\"https:\/\/skgd.pl\/dzialalnosc-kulturalno-oswiatowa\/opolskie-bez-tajemnic\/\"]}]},{\"@type\":\"BreadcrumbList\",\"@id\":\"https:\/\/skgd.pl\/dzialalnosc-kulturalno-oswiatowa\/opolskie-bez-tajemnic\/#breadcrumb\",\"itemListElement\":[{\"@type\":\"ListItem\",\"position\":1,\"name\":\"Strona g\u0142\u00f3wna\",\"item\":\"https:\/\/skgd.pl\/\"},{\"@type\":\"ListItem\",\"position\":2,\"name\":\"Dzia\u0142alno\u015b\u0107 kulturalno &#8211; o\u015bwiatowa\",\"item\":\"https:\/\/skgd.pl\/dzialalnosc-kulturalno-oswiatowa\/\"},{\"@type\":\"ListItem\",\"position\":3,\"name\":\"Opolskie bez tajemnic\"}]}]}<\/script>\n<!-- \/ Yoast SEO plugin. -->","yoast_head_json":{"title":"Oppelner Region ohne Geheimnisse - Deutsche Minderheit, Sozial-Kulturelle Gesellschaft der Deutschen im Oppelner Schlesien","robots":{"index":"index","follow":"follow","max-snippet":"max-snippet:-1","max-image-preview":"max-image-preview:large","max-video-preview":"max-video-preview:-1"},"canonical":"https:\/\/skgd.pl\/dzialalnosc-kulturalno-oswiatowa\/opolskie-bez-tajemnic\/","og_locale":"de_DE","og_type":"article","og_title":"Oppelner Region ohne Geheimnisse - Deutsche Minderheit, Sozial-Kulturelle Gesellschaft der Deutschen im Oppelner Schlesien","og_description":"[vc_row][vc_column width=&#8221;3\/4&#8243;][vc_column_text] Treffen, Wettbewerbe und Ausfl\u00fcge zu der regionalen Geschichte, Tradition und Kultur Dank Ihrer Unterst\u00fctzung gelang es uns im B\u00fcrgerhaushalt mit unserem Projekt zu gewinnen. Das Projekt realisierten wir bis Ende Juni 2019 Unser Ziel ist es, den Bewohnern des Kreises Rosenberg, Namslau und Kreuzburg Ihre regionale Geschichte in verschiedenen Aspekten n\u00e4her zu bringen [&hellip;]","og_url":"https:\/\/skgd.pl\/dzialalnosc-kulturalno-oswiatowa\/opolskie-bez-tajemnic\/","og_site_name":"Deutsche Minderheit, Sozial-Kulturelle Gesellschaft der Deutschen im Oppelner Schlesien","article_modified_time":"2025-01-02T19:32:57+00:00","og_image":[{"url":"https:\/\/skgd.pl\/wp-content\/uploads\/2017\/11\/MBO-300x94.png"}],"twitter_card":"summary_large_image","twitter_misc":{"Gesch\u00e4tzte Lesezeit":"2\u00a0Minuten"},"schema":{"@context":"https:\/\/schema.org","@graph":[{"@type":"WebSite","@id":"https:\/\/skgd.pl\/#website","url":"https:\/\/skgd.pl\/","name":"Deutsche Minderheit, Sozial-Kulturelle Gesellschaft der Deutschen im Oppelner Schlesien","description":"Deutsche Minderheit in Polen","potentialAction":[{"@type":"SearchAction","target":{"@type":"EntryPoint","urlTemplate":"https:\/\/skgd.pl\/?s={search_term_string}"},"query-input":"required name=search_term_string"}],"inLanguage":"de"},{"@type":"ImageObject","inLanguage":"de","@id":"https:\/\/skgd.pl\/dzialalnosc-kulturalno-oswiatowa\/opolskie-bez-tajemnic\/#primaryimage","url":"https:\/\/skgd.pl\/wp-content\/uploads\/2017\/11\/MBO.png","contentUrl":"https:\/\/skgd.pl\/wp-content\/uploads\/2017\/11\/MBO.png","width":1024,"height":320},{"@type":"WebPage","@id":"https:\/\/skgd.pl\/dzialalnosc-kulturalno-oswiatowa\/opolskie-bez-tajemnic\/#webpage","url":"https:\/\/skgd.pl\/dzialalnosc-kulturalno-oswiatowa\/opolskie-bez-tajemnic\/","name":"Oppelner Region ohne Geheimnisse - Deutsche Minderheit, Sozial-Kulturelle Gesellschaft der Deutschen im Oppelner Schlesien","isPartOf":{"@id":"https:\/\/skgd.pl\/#website"},"primaryImageOfPage":{"@id":"https:\/\/skgd.pl\/dzialalnosc-kulturalno-oswiatowa\/opolskie-bez-tajemnic\/#primaryimage"},"datePublished":"2017-11-22T16:53:16+00:00","dateModified":"2025-01-02T19:32:57+00:00","breadcrumb":{"@id":"https:\/\/skgd.pl\/dzialalnosc-kulturalno-oswiatowa\/opolskie-bez-tajemnic\/#breadcrumb"},"inLanguage":"de","potentialAction":[{"@type":"ReadAction","target":["https:\/\/skgd.pl\/dzialalnosc-kulturalno-oswiatowa\/opolskie-bez-tajemnic\/"]}]},{"@type":"BreadcrumbList","@id":"https:\/\/skgd.pl\/dzialalnosc-kulturalno-oswiatowa\/opolskie-bez-tajemnic\/#breadcrumb","itemListElement":[{"@type":"ListItem","position":1,"name":"Strona g\u0142\u00f3wna","item":"https:\/\/skgd.pl\/"},{"@type":"ListItem","position":2,"name":"Dzia\u0142alno\u015b\u0107 kulturalno &#8211; o\u015bwiatowa","item":"https:\/\/skgd.pl\/dzialalnosc-kulturalno-oswiatowa\/"},{"@type":"ListItem","position":3,"name":"Opolskie bez tajemnic"}]}]}},"_links":{"self":[{"href":"https:\/\/skgd.pl\/de\/wp-json\/wp\/v2\/pages\/16515","targetHints":{"allow":["GET"]}}],"collection":[{"href":"https:\/\/skgd.pl\/de\/wp-json\/wp\/v2\/pages"}],"about":[{"href":"https:\/\/skgd.pl\/de\/wp-json\/wp\/v2\/types\/page"}],"author":[{"embeddable":true,"href":"https:\/\/skgd.pl\/de\/wp-json\/wp\/v2\/users\/1"}],"replies":[{"embeddable":true,"href":"https:\/\/skgd.pl\/de\/wp-json\/wp\/v2\/comments?post=16515"}],"version-history":[{"count":12,"href":"https:\/\/skgd.pl\/de\/wp-json\/wp\/v2\/pages\/16515\/revisions"}],"predecessor-version":[{"id":35630,"href":"https:\/\/skgd.pl\/de\/wp-json\/wp\/v2\/pages\/16515\/revisions\/35630"}],"up":[{"embeddable":true,"href":"https:\/\/skgd.pl\/de\/wp-json\/wp\/v2\/pages\/9331"}],"wp:attachment":[{"href":"https:\/\/skgd.pl\/de\/wp-json\/wp\/v2\/media?parent=16515"}],"curies":[{"name":"wp","href":"https:\/\/api.w.org\/{rel}","templated":true}]}}