{"id":14910,"date":"2017-04-03T10:20:10","date_gmt":"2017-04-03T08:20:10","guid":{"rendered":"http:\/\/skgd.pl\/?page_id=14910"},"modified":"2025-01-02T21:40:08","modified_gmt":"2025-01-02T20:40:08","slug":"wybory-do-bundestagu-2017","status":"publish","type":"page","link":"https:\/\/skgd.pl\/de\/strefa-dfk\/projekty-wnioski-dokumenty-i-regulaminy\/wybory-do-bundestagu-2017\/","title":{"rendered":"Bundestagswahlen 2025"},"content":{"rendered":"<p>[vc_row][vc_column width=&#8221;3\/4&#8243;][vc_column_text]<\/p>\n<p style=\"text-align: justify;\">Die Wahlen zum Bundestag fanden am <strong>23.02.2025<\/strong>&nbsp;statt. Die Deutschen, welche au\u00dferhalb der Bundesrepublik leben k\u00f6nnen ohne Beschr\u00e4nkungen an den Wahlen teilnehmen d.h. stimmen kann jeder, der die deutsche Staatsangeh\u00f6rigkeit hat (die Staatsangeh\u00f6rigkeit muss mit einem Pass oder Personalausweis best\u00e4tigt werden) selbst wenn er nie in Deutschland angemeldet war und nie die deutsche Grenze \u00fcberschritten hat.<\/p>\n<p style=\"text-align: justify;\"><strong>Die vorgezogene Bundestagswahl in Deutschland wurde f\u00fcr Ende Februar geplant. Als deutsche Staatsb\u00fcrgerin oder deutscher Staatsb\u00fcrger, die\/der in Polen lebt, k\u00f6nnen Sie an der Wahl teilnehmen. Daher sollten Sie so schnell wie m\u00f6glich einen Antrag auf Eintragung in das W\u00e4hlerverzeichnis stellen.<\/strong><\/p>\n<p style=\"text-align: justify;\">Personen mit deutscher Staatsangeh\u00f6rigkeit k\u00f6nnen sich bereits in das W\u00e4hlerverzeichnis eintragen lassen, sofern sie das achtzehnte Lebensjahr vollendet haben und nicht vom Wahlrecht ausgeschlossen sind. Um in das Verzeichnis aufgenommen zu werden, muss ein Antrag ausgef\u00fcllt und an die entsprechende Gemeinde in Deutschland geschickt werden.<\/p>\n<p style=\"text-align: justify;\"><strong>In dieser Situation gibt es zwei F\u00e4lle:<\/strong><\/p>\n<p style=\"text-align: justify;\"><strong>a)<\/strong><span>&nbsp;<\/span>Wenn jemand mindestens drei Monate ununterbrochen in Deutschland angemeldet war, f\u00fcllt er den Antrag nach Anlage 2 zur Bundeswahlordnung (<a href=\"https:\/\/www.bundeswahlleiterin.de\/dam\/jcr\/dc589523-d709-4c43-adbc-9342dda468ad\/bwo_anlage-2_ausfuellbar.pdf\">https:\/\/www.bundeswahlleiterin.de\/dam\/jcr\/dc589523-d709-4c43-adbc-9342dda468ad\/bwo_anlage-2_ausfuellbar.pdf<\/a>) aus und schickt ihn dann per Post oder per E-Mail an die Gemeinde in Deutschland, in der er vor seinem Auszug zuletzt angemeldet war.<\/p>\n<p style=\"text-align: justify;\"><strong>b)<\/strong><span>&nbsp;<\/span>Wenn jemand nie in Deutschland angemeldet war oder weniger als drei Monate in Deutschland gelebt hat, muss er den Antrag bei der Gemeinde in Deutschland stellen, mit der er am engsten verbunden und daher von der politischen Lage in Deutschland betroffen ist. In diesem Fall sollte der Antrag nach Anlage 2a zur Bundeswahlordnung ausgef\u00fcllt werden (<a href=\"https:\/\/www.bundeswahlleiterin.de\/dam\/jcr\/af77d699-761b-4ff1-9c8b-1cdeb864818c\/bwo_anlage-2a_ausfuellbar.pdf\">https:\/\/www.bundeswahlleiterin.de\/dam\/jcr\/af77d699-761b-4ff1-9c8b-1cdeb864818c\/bwo_anlage-2a_ausfuellbar.pdf<\/a>). Da die darin enthaltene eidesstattliche Versicherung pers\u00f6nlich zu unterschreiben ist, muss das Formular ausgedruckt und unterschrieben auf dem Postweg an die zust\u00e4ndige Gemeindebeh\u00f6rde gesandt werden. Zum Antrag sollte au\u00dferdem auf einem gesonderten Blatt eine Begr\u00fcndung beigef\u00fcgt werden, aus welchen Gr\u00fcnden eine unmittelbare Betroffenheit von der politischen Lage in Deutschland vorliegt und inwieweit diese zu der Gemeinde besteht, bei der der Antrag gestellt wird. Die entsprechenden Tatsachen sind glaubhaft zu machen.<\/p>\n<p style=\"text-align: justify;\"><span><strong>ACHTUNG!<\/strong><\/span><strong><span>&nbsp;<\/span>Der Antrag<\/strong><span>&nbsp;<\/span>auf Eintragung in das W\u00e4hlerverzeichnis<span>&nbsp;<\/span><span><strong>muss bis sp\u00e4testens zum 21. Tag vor der Wahl<\/strong><\/span><span>&nbsp;<\/span><strong>bei der<\/strong><span>&nbsp;<\/span>zust\u00e4ndigen<span>&nbsp;<\/span><strong>Gemeinde<\/strong><span>&nbsp;<\/span>in Deutschland<span>&nbsp;<\/span><strong>eingehen<\/strong>. Die Stimmabgabe erfolgt dann per Briefwahl.<\/p>\n<p style=\"text-align: justify;\">Angesichts der bevorstehenden Weihnachtsfeiertage und des Neuen Jahres m\u00f6chten wir Sie ermuntern, Ihren Antrag so schnell wie m\u00f6glich einzureichen. Es besteht die M\u00f6glichkeit, dass viele Beamte in dieser Zeit im Urlaub sein werden, was die Bearbeitungszeit der Antr\u00e4ge beeinflussen kann. Um Verz\u00f6gerungen zu vermeiden, ist es besser, Ihren Antrag jetzt auszuf\u00fcllen und zu schicken.<\/p>\n<p style=\"text-align: justify;\">Informationen zum Antrag auf Eintragung in das W\u00e4hlerverzeichnis sowie die erforderlichen Antragsformulare sind<span>&nbsp;<\/span><a href=\"https:\/\/www.bundeswahlleiterin.de\/mitteilungen\/bundestagswahlen\/2025\/20241108_mitteilung_AD.html\">HIER<\/a><span>&nbsp;<\/span>verf\u00fcgbar.<\/p>\n<p style=\"text-align: justify;\">Weitere Informationen zur Bundestagswahl finden Sie<span>&nbsp;<\/span><a href=\"https:\/\/polen.diplo.de\/pl-de\/-\/2684312\">HIER<\/a>.<\/p>\n<p style=\"text-align: justify;\">Wir empfehlen Ihnen auch das unten angegebene Dokument zu lesen, das detaillierte Informationen zur Wahlteilnahme aus dem Ausland enth\u00e4lt: <a href=\"https:\/\/skgd.pl\/wp-content\/uploads\/2025\/01\/Info-BT-Wahl-2025-Oppeln.pdf\">HIER<\/a><\/p>\n<p>[\/vc_column_text][\/vc_column][vc_column width=&#8221;1\/4&#8243;][vc_column_text]<\/p>\n<section class=\"span3\" style=\"margin-top: -22px;\">\n<div class=\"col-left\">\n<div id=\"execphp-2\" class=\"widget m_bottom_25 widget_execphp\">\n<div class=\"execphpwidget\">\n<div id=\"archives-2\" class=\"widget widget_archive kontakt\" style=\"border-color: #1F97FF !important;\">\n<h4 class=\"h4 heading-h4\" style=\"margin-bottom: 0px; text-align: center;\">Kontakt<\/h4>\n<div class=\"kontakt\">\n<div class=\"views-field-field-adr-phone-value\"><a href=\"mailto:tskn@skgd.pl\">tskn@skgd.pl<\/a><\/div>\n<div class=\"views-field-field-adr-phone-value\">&nbsp;<\/div>\n<h4 class=\"h4 heading-h4\" style=\"margin-bottom: 0px; text-align: center;\">Download<\/h4>\n<p>&nbsp;<\/p>\n<\/div>\n<\/div>\n<\/div>\n<\/div>\n<\/div>\n<\/section>\n<p>[\/vc_column_text][\/vc_column][\/vc_row][vc_row][vc_column][vc_column_text]<\/p>\n<h2><span style=\"font-size: 23px; color: #000000;\"><strong><span class=\"iconized font-icomoon glyph-newspaper\"><\/span> Verwandte Themen:<\/strong><\/span><\/h2>\n<p>[\/vc_column_text][vc_basic_grid post_type=&#8221;post&#8221; max_items=&#8221;100&#8243; style=&#8221;load-more&#8221; items_per_page=&#8221;4&#8243; element_width=&#8221;3&#8243; item=&#8221;masonryGrid_SlideFromLeft&#8221; btn_title=&#8221;Za\u0142aduj wi\u0119cej&#8221; btn_color=&#8221;danger&#8221; grid_id=&#8221;vc_gid:1735850330376-bc9b78c2-482b-9&#8243; taxonomies=&#8221;732&#8243;][\/vc_column][\/vc_row]<\/p>","protected":false},"excerpt":{"rendered":"<p>[vc_row][vc_column width=&#8221;3\/4&#8243;][vc_column_text] Die Wahlen zum Bundestag fanden am 23.02.2025&nbsp;statt. Die Deutschen, welche au\u00dferhalb der Bundesrepublik leben k\u00f6nnen ohne Beschr\u00e4nkungen an den Wahlen teilnehmen d.h. stimmen kann jeder, der die deutsche Staatsangeh\u00f6rigkeit hat (die Staatsangeh\u00f6rigkeit muss mit einem Pass oder Personalausweis best\u00e4tigt werden) selbst wenn er nie in Deutschland angemeldet war und nie die deutsche Grenze [&hellip;]<\/p>\n","protected":false},"author":1,"featured_media":0,"parent":9348,"menu_order":0,"comment_status":"closed","ping_status":"closed","template":"","meta":{"footnotes":""},"class_list":["post-14910","page","type-page","status-publish","hentry"],"yoast_head":"<!-- This site is optimized with the Yoast SEO plugin v18.9 - https:\/\/yoast.com\/wordpress\/plugins\/seo\/ -->\n<title>Bundestagswahlen 2025 - Deutsche Minderheit, Sozial-Kulturelle Gesellschaft der Deutschen im Oppelner Schlesien<\/title>\n<meta name=\"robots\" content=\"index, follow, max-snippet:-1, max-image-preview:large, max-video-preview:-1\" \/>\n<link rel=\"canonical\" href=\"https:\/\/skgd.pl\/strefa-dfk\/projekty-wnioski-dokumenty-i-regulaminy\/wybory-do-bundestagu-2017\/\" \/>\n<meta property=\"og:locale\" content=\"de_DE\" \/>\n<meta property=\"og:type\" content=\"article\" \/>\n<meta property=\"og:title\" content=\"Bundestagswahlen 2025 - Deutsche Minderheit, Sozial-Kulturelle Gesellschaft der Deutschen im Oppelner Schlesien\" \/>\n<meta property=\"og:description\" content=\"[vc_row][vc_column width=&#8221;3\/4&#8243;][vc_column_text] Die Wahlen zum Bundestag fanden am 23.02.2025&nbsp;statt. Die Deutschen, welche au\u00dferhalb der Bundesrepublik leben k\u00f6nnen ohne Beschr\u00e4nkungen an den Wahlen teilnehmen d.h. stimmen kann jeder, der die deutsche Staatsangeh\u00f6rigkeit hat (die Staatsangeh\u00f6rigkeit muss mit einem Pass oder Personalausweis best\u00e4tigt werden) selbst wenn er nie in Deutschland angemeldet war und nie die deutsche Grenze [&hellip;]\" \/>\n<meta property=\"og:url\" content=\"https:\/\/skgd.pl\/strefa-dfk\/projekty-wnioski-dokumenty-i-regulaminy\/wybory-do-bundestagu-2017\/\" \/>\n<meta property=\"og:site_name\" content=\"Deutsche Minderheit, Sozial-Kulturelle Gesellschaft der Deutschen im Oppelner Schlesien\" \/>\n<meta property=\"article:modified_time\" content=\"2025-01-02T20:40:08+00:00\" \/>\n<meta name=\"twitter:card\" content=\"summary_large_image\" \/>\n<meta name=\"twitter:label1\" content=\"Gesch\u00e4tzte Lesezeit\" \/>\n\t<meta name=\"twitter:data1\" content=\"6\u00a0Minuten\" \/>\n<script type=\"application\/ld+json\" class=\"yoast-schema-graph\">{\"@context\":\"https:\/\/schema.org\",\"@graph\":[{\"@type\":\"WebSite\",\"@id\":\"https:\/\/skgd.pl\/#website\",\"url\":\"https:\/\/skgd.pl\/\",\"name\":\"Deutsche Minderheit, Sozial-Kulturelle Gesellschaft der Deutschen im Oppelner Schlesien\",\"description\":\"Deutsche Minderheit in Polen\",\"potentialAction\":[{\"@type\":\"SearchAction\",\"target\":{\"@type\":\"EntryPoint\",\"urlTemplate\":\"https:\/\/skgd.pl\/?s={search_term_string}\"},\"query-input\":\"required name=search_term_string\"}],\"inLanguage\":\"de\"},{\"@type\":\"WebPage\",\"@id\":\"https:\/\/skgd.pl\/strefa-dfk\/projekty-wnioski-dokumenty-i-regulaminy\/wybory-do-bundestagu-2017\/#webpage\",\"url\":\"https:\/\/skgd.pl\/strefa-dfk\/projekty-wnioski-dokumenty-i-regulaminy\/wybory-do-bundestagu-2017\/\",\"name\":\"Bundestagswahlen 2025 - Deutsche Minderheit, Sozial-Kulturelle Gesellschaft der Deutschen im Oppelner Schlesien\",\"isPartOf\":{\"@id\":\"https:\/\/skgd.pl\/#website\"},\"datePublished\":\"2017-04-03T08:20:10+00:00\",\"dateModified\":\"2025-01-02T20:40:08+00:00\",\"breadcrumb\":{\"@id\":\"https:\/\/skgd.pl\/strefa-dfk\/projekty-wnioski-dokumenty-i-regulaminy\/wybory-do-bundestagu-2017\/#breadcrumb\"},\"inLanguage\":\"de\",\"potentialAction\":[{\"@type\":\"ReadAction\",\"target\":[\"https:\/\/skgd.pl\/strefa-dfk\/projekty-wnioski-dokumenty-i-regulaminy\/wybory-do-bundestagu-2017\/\"]}]},{\"@type\":\"BreadcrumbList\",\"@id\":\"https:\/\/skgd.pl\/strefa-dfk\/projekty-wnioski-dokumenty-i-regulaminy\/wybory-do-bundestagu-2017\/#breadcrumb\",\"itemListElement\":[{\"@type\":\"ListItem\",\"position\":1,\"name\":\"Strona g\u0142\u00f3wna\",\"item\":\"https:\/\/skgd.pl\/\"},{\"@type\":\"ListItem\",\"position\":2,\"name\":\"Strefa DFK\",\"item\":\"https:\/\/skgd.pl\/strefa-dfk\/\"},{\"@type\":\"ListItem\",\"position\":3,\"name\":\"Projekty: wnioski, dokumenty i regulaminy\",\"item\":\"https:\/\/skgd.pl\/strefa-dfk\/projekty-wnioski-dokumenty-i-regulaminy\/\"},{\"@type\":\"ListItem\",\"position\":4,\"name\":\"Wybory do Bundestagu 2025\"}]}]}<\/script>\n<!-- \/ Yoast SEO plugin. -->","yoast_head_json":{"title":"Bundestagswahlen 2025 - Deutsche Minderheit, Sozial-Kulturelle Gesellschaft der Deutschen im Oppelner Schlesien","robots":{"index":"index","follow":"follow","max-snippet":"max-snippet:-1","max-image-preview":"max-image-preview:large","max-video-preview":"max-video-preview:-1"},"canonical":"https:\/\/skgd.pl\/strefa-dfk\/projekty-wnioski-dokumenty-i-regulaminy\/wybory-do-bundestagu-2017\/","og_locale":"de_DE","og_type":"article","og_title":"Bundestagswahlen 2025 - Deutsche Minderheit, Sozial-Kulturelle Gesellschaft der Deutschen im Oppelner Schlesien","og_description":"[vc_row][vc_column width=&#8221;3\/4&#8243;][vc_column_text] Die Wahlen zum Bundestag fanden am 23.02.2025&nbsp;statt. Die Deutschen, welche au\u00dferhalb der Bundesrepublik leben k\u00f6nnen ohne Beschr\u00e4nkungen an den Wahlen teilnehmen d.h. stimmen kann jeder, der die deutsche Staatsangeh\u00f6rigkeit hat (die Staatsangeh\u00f6rigkeit muss mit einem Pass oder Personalausweis best\u00e4tigt werden) selbst wenn er nie in Deutschland angemeldet war und nie die deutsche Grenze [&hellip;]","og_url":"https:\/\/skgd.pl\/strefa-dfk\/projekty-wnioski-dokumenty-i-regulaminy\/wybory-do-bundestagu-2017\/","og_site_name":"Deutsche Minderheit, Sozial-Kulturelle Gesellschaft der Deutschen im Oppelner Schlesien","article_modified_time":"2025-01-02T20:40:08+00:00","twitter_card":"summary_large_image","twitter_misc":{"Gesch\u00e4tzte Lesezeit":"6\u00a0Minuten"},"schema":{"@context":"https:\/\/schema.org","@graph":[{"@type":"WebSite","@id":"https:\/\/skgd.pl\/#website","url":"https:\/\/skgd.pl\/","name":"Deutsche Minderheit, Sozial-Kulturelle Gesellschaft der Deutschen im Oppelner Schlesien","description":"Deutsche Minderheit in Polen","potentialAction":[{"@type":"SearchAction","target":{"@type":"EntryPoint","urlTemplate":"https:\/\/skgd.pl\/?s={search_term_string}"},"query-input":"required name=search_term_string"}],"inLanguage":"de"},{"@type":"WebPage","@id":"https:\/\/skgd.pl\/strefa-dfk\/projekty-wnioski-dokumenty-i-regulaminy\/wybory-do-bundestagu-2017\/#webpage","url":"https:\/\/skgd.pl\/strefa-dfk\/projekty-wnioski-dokumenty-i-regulaminy\/wybory-do-bundestagu-2017\/","name":"Bundestagswahlen 2025 - Deutsche Minderheit, Sozial-Kulturelle Gesellschaft der Deutschen im Oppelner Schlesien","isPartOf":{"@id":"https:\/\/skgd.pl\/#website"},"datePublished":"2017-04-03T08:20:10+00:00","dateModified":"2025-01-02T20:40:08+00:00","breadcrumb":{"@id":"https:\/\/skgd.pl\/strefa-dfk\/projekty-wnioski-dokumenty-i-regulaminy\/wybory-do-bundestagu-2017\/#breadcrumb"},"inLanguage":"de","potentialAction":[{"@type":"ReadAction","target":["https:\/\/skgd.pl\/strefa-dfk\/projekty-wnioski-dokumenty-i-regulaminy\/wybory-do-bundestagu-2017\/"]}]},{"@type":"BreadcrumbList","@id":"https:\/\/skgd.pl\/strefa-dfk\/projekty-wnioski-dokumenty-i-regulaminy\/wybory-do-bundestagu-2017\/#breadcrumb","itemListElement":[{"@type":"ListItem","position":1,"name":"Strona g\u0142\u00f3wna","item":"https:\/\/skgd.pl\/"},{"@type":"ListItem","position":2,"name":"Strefa DFK","item":"https:\/\/skgd.pl\/strefa-dfk\/"},{"@type":"ListItem","position":3,"name":"Projekty: wnioski, dokumenty i regulaminy","item":"https:\/\/skgd.pl\/strefa-dfk\/projekty-wnioski-dokumenty-i-regulaminy\/"},{"@type":"ListItem","position":4,"name":"Wybory do Bundestagu 2025"}]}]}},"_links":{"self":[{"href":"https:\/\/skgd.pl\/de\/wp-json\/wp\/v2\/pages\/14910","targetHints":{"allow":["GET"]}}],"collection":[{"href":"https:\/\/skgd.pl\/de\/wp-json\/wp\/v2\/pages"}],"about":[{"href":"https:\/\/skgd.pl\/de\/wp-json\/wp\/v2\/types\/page"}],"author":[{"embeddable":true,"href":"https:\/\/skgd.pl\/de\/wp-json\/wp\/v2\/users\/1"}],"replies":[{"embeddable":true,"href":"https:\/\/skgd.pl\/de\/wp-json\/wp\/v2\/comments?post=14910"}],"version-history":[{"count":22,"href":"https:\/\/skgd.pl\/de\/wp-json\/wp\/v2\/pages\/14910\/revisions"}],"predecessor-version":[{"id":35648,"href":"https:\/\/skgd.pl\/de\/wp-json\/wp\/v2\/pages\/14910\/revisions\/35648"}],"up":[{"embeddable":true,"href":"https:\/\/skgd.pl\/de\/wp-json\/wp\/v2\/pages\/9348"}],"wp:attachment":[{"href":"https:\/\/skgd.pl\/de\/wp-json\/wp\/v2\/media?parent=14910"}],"curies":[{"name":"wp","href":"https:\/\/api.w.org\/{rel}","templated":true}]}}