{"id":14909,"date":"2017-04-03T10:19:27","date_gmt":"2017-04-03T08:19:27","guid":{"rendered":"http:\/\/skgd.pl\/?page_id=14909"},"modified":"2023-03-08T14:25:43","modified_gmt":"2023-03-08T13:25:43","slug":"staatsangehorigkeit","status":"publish","type":"page","link":"https:\/\/skgd.pl\/de\/strefa-dfk\/projekty-wnioski-dokumenty-i-regulaminy\/staatsangehorigkeit\/","title":{"rendered":"Staatsangeh\u00f6rigkeit"},"content":{"rendered":"<p>[vc_row][vc_column width=&#8221;3\/4&#8243;][vc_column_text]<\/p>\n<p style=\"text-align: justify;\">Sehr geehrte Damen und Herren Rechts finden Sie alle Dokumente die bei der Beantragung der Feststellung der&nbsp;Deutschen Staatsangeh\u00f6rigkeit wichtg sind. Weiter Informationen richtet Ihnen gerne auch das Konsulat der Bundesrepublik Deutschland in Oppeln aus.<\/p>\n<p>F\u00fcr die erfolgreiche Beantragung eines Dokuments zum Nachweis der deutschen Staatsb\u00fcrgerschaft sind folgende Unterlagen erforderlich:<\/p>\n<ul>\n<li>ausgef\u00fcllter Antrag auf Feststellung der deutschen Staatsb\u00fcrgerschaft,<\/li>\n<li>ausgef\u00fclltes Formular mir Vorfahren,<\/li>\n<li>sowie Kopien von Dokumenten, die Ihre Herkunft bescheinigen.<\/li>\n<\/ul>\n<p>Nach Angaben des Konsulats bleibt der Staatsangeh\u00f6rigkeitsausweis g\u00fcltig. Auch wenn Sie ein Dokument mit abgelaufenem Ablaufdatum besitzen, wird dieses Dokument akzeptiert, wenn Sie neue Reisep\u00e4sse oder Personalausweise beantragen.<\/p>\n<p style=\"text-align: justify;\"><strong>ACHTUNG!<\/strong><\/p>\n<p style=\"text-align: justify;\"><strong>Nichterwerb der deutschen Staatsangeh\u00f6rigkeit f\u00fcr im Ausland geborene Kinder deutscher Eltern (\u00a7 4 Abs. 4 Satz 1 i.V.m. Satz 3 Staatsangeh\u00f6rigkeitsgesetz)<\/strong><\/p>\n<p style=\"text-align: justify;\"><strong>Bei Geburt im Ausland erwerben Kinder<\/strong><span>, deren <strong>deutsche Eltern oder<\/strong> <strong>deutscher Elternteil nach dem 31.12.1999 im Ausland geboren<\/strong> wurde(n) und <strong>zum Zeitpunkt der Geburt des Kindes ihren \/ seinen gew\u00f6hnlichen Aufenthalt im Ausland<\/strong> haben \/ hat, nicht durch Geburt die deutsche Staatsangeh\u00f6rigkeit, wenn sie durch Geburt eine ausl\u00e4ndische Staatsangeh\u00f6rigkeit erwerben.<\/span><\/p>\n<p style=\"text-align: justify;\"><span>Nur wenn die Eltern <strong>innerhalb eines Jahres<\/strong> nach der Geburt des Kindes beim zust\u00e4ndigen Standesamt in Deutschland oder der zust\u00e4ndigen deutschen Auslandsvertretung einen Antrag auf Beurkundung der Geburt des Kindes im Geburtenregister stellen, erwirbt das Kind r\u00fcckwirkend zum Zeitpunkt seiner Geburt die deutsche Staatsangeh\u00f6rigkeit.<\/span><\/p>\n<p style=\"text-align: justify;\"><span>Beispielfall:<\/span><\/p>\n<p style=\"text-align: justify;\"><span>Herr Kaczmarczyk ist deutsch-polnischer Doppelstaater und lebt in Polen im Oppelner Schlesien. Dort kommt am 01.02.2000 seine Tochter Agnieszka auf die Welt. Auch sie ist deutsch-polnische Doppelstaaterin. Sie heiratet im Sommer 2020 den polnischen Staatsangeh\u00f6rigen Micha\u0142. Am 01.10.2020 kommt ebenfalls im Oppelner Schlesien ihr Sohn zur Welt. Obwohl seine Mutter Deutsche ist, erwirbt er nicht durch Geburt die deutsche Staatsangeh\u00f6rigkeit, da er durch Geburt die polnische Staatsangeh\u00f6rigkeit erworben hat und nicht staatenlos werden w\u00fcrde.<\/span><\/p>\n<p style=\"text-align: justify;\"><span>Damit das Kind die deutsche Staatsangeh\u00f6rigkeit erwirbt, muss Agnieszka beim zust\u00e4ndigen Standesamt in Deutschland oder beim Konsulat Oppeln einen <em>Antrag auf Beurkundung der Geburt ihres Kindes<\/em> stellen. Wenn der Antrag fristgerecht und vollst\u00e4ndig gestellt wird, kann ihrem Sohn auf Antrag ein deutscher Pass ausgestellt werden.<\/span><\/p>\n<p style=\"text-align: justify;\"><strong><span>Bitte beachten Sie:<\/span><\/strong> <span>Von dieser Regelung k\u00f6nnen alle deutsch-polnische Doppelstaater oder auch Deutsche (Expats und Auswanderer) betroffen sein, die nach dem 01.01.2000 selbst im Ausland geboren wurden und ein Kind im Ausland bekommen, unabh\u00e4ngig vom Grund und der Dauer ihres Auslandsaufenthaltes.<\/span><\/p>\n<p>ACHTUNG!<\/p>\n<div class=\"o9v6fnle cxmmr5t8 oygrvhab hcukyx3x c1et5uql ii04i59q\">\n<div dir=\"auto\">Kinder eines deutschen Elternteils, die in geschlechterdiskriminierender Weise vom Geburtserwerb der deutschen Staatsangeh\u00f6rigkeit ausgeschlossen waren, k\u00f6nnen die deutsche Staatsangeh\u00f6rigkeit unter bestimmten Voraussetzungen durch Abgabe einer einfachen Erkl\u00e4rung erhalten.<\/div>\n<\/div>\n<div class=\"o9v6fnle cxmmr5t8 oygrvhab hcukyx3x c1et5uql ii04i59q\">\n<div dir=\"auto\">Zum beg\u00fcnstigten Personenkreis z\u00e4hlen nach dem 23.05.1949 geborene<\/div>\n<\/div>\n<div class=\"o9v6fnle cxmmr5t8 oygrvhab hcukyx3x c1et5uql ii04i59q\">\n<div dir=\"auto\">1. Kinder eines deutschen Elternteils, die durch Geburt nicht die deutsche Staatsangeh\u00f6rigkeit erworben haben (vor dem 01.01.1975 ehelich geborene Kinder einer deutschen Mutter und eines ausl\u00e4ndischen Vaters sowie vor dem 01.07.1993 nicht ehelich geborene Kinder eines deutschen Vaters und einer ausl\u00e4ndischen Mutter),<\/div>\n<\/div>\n<div class=\"o9v6fnle cxmmr5t8 oygrvhab hcukyx3x c1et5uql ii04i59q\">\n<div dir=\"auto\">2. Kinder einer Mutter, die vor der Kindesgeburt durch Eheschlie\u00dfung mit einem Ausl\u00e4nder die deutsche Staatsangeh\u00f6rigkeit nach \u00a7 17 Nr. 6 RuStAG a.F. vor dem 01.04.1953 verloren hat,<\/div>\n<\/div>\n<div class=\"o9v6fnle cxmmr5t8 oygrvhab hcukyx3x c1et5uql ii04i59q\">\n<div dir=\"auto\">3. Kinder, die ihre durch Geburt erworbene deutsche Staatsangeh\u00f6rigkeit durch eine von einem Ausl\u00e4nder bewirkte und nach deutschen Gesetzen wirksame Legitimation nach \u00a7 17 Nr. 5 RuStAG a.F. vor dem 01.04.1953 verloren haben, und<\/div>\n<\/div>\n<div class=\"o9v6fnle cxmmr5t8 oygrvhab hcukyx3x c1et5uql ii04i59q\">\n<div dir=\"auto\">4. ABK\u00d6MMLINGE der Kinder nach Nummer 1 bis 3.<\/div>\n<\/div>\n<p style=\"text-align: justify;\"><b><strong>Zur Vermeidung von langen Wartezeiten bei der Beantragung von Reisep\u00e4ssen und Personalausweisen f\u00fchrt das Deutsche Konsulat in Oppeln ab dem<span>&nbsp;<\/span><span style=\"font-style: inherit; font-weight: inherit;\">06. November 2017<\/span><span>&nbsp;<\/span>ein<span>&nbsp;<\/span><span style=\"font-style: inherit; font-weight: inherit;\">Terminvergabesystem<\/span><span>&nbsp;<\/span>ein.<\/strong><\/b><\/p>\n<p style=\"font-weight: 400; text-align: justify;\"><b><strong style=\"font-style: inherit;\">Termine k\u00f6nnen ab sofort gebucht werden.<\/strong><\/b><\/p>\n<p style=\"font-weight: 400; text-align: justify;\">Dieser Service, der sich weltweit bew\u00e4hrt hat, steht jetzt auch Ihnen zur Verf\u00fcgung! Das Terminvergabesystem gibt Ihnen die M\u00f6glichkeit Ihren Termin<span>&nbsp;<\/span><b><strong style=\"font-style: inherit;\">fr\u00fch<\/strong><\/b><span>&nbsp;<\/span>von<span>&nbsp;<\/span><b><strong style=\"font-style: inherit;\">Zuhause<\/strong><\/b><span>&nbsp;<\/span>aus zu<span>&nbsp;<\/span><b><strong style=\"font-style: inherit;\">planen.<\/strong><\/b><span>&nbsp;<\/span>Nutzen Sie diesen neuen Service des Deutschen Konsulats in Oppeln f\u00fcr sich!<\/p>\n<p style=\"font-weight: 400; text-align: justify;\">Bitte nehmen Sie Ihren Termin p\u00fcnktlich wahr und bereiten Sie alle erforderlichen Unterlagen vor, damit der Antrag gestellt werden kann. So verhindern Sie, dass dieser verf\u00e4llt und Sie einen neuen Termin im System buchen m\u00fcssen. Sollte es Ihnen einmal passieren, dass Sie Ihren Termin trotz guter Planung nicht wahrnehmen k\u00f6nnen, stornieren Sie ihn bitte gleich, damit vielleicht ein anderer Kunde kurzfristig die Gelegenheit bekommt, seinen Antrag zu stellen.<\/p>\n<p>Bei Fragen wenden Sie sich an: <strong class=\"rte__strong\">77 423 27 25<\/strong><span>&nbsp;i&nbsp;<\/span><strong class=\"rte__strong\">77 423 27 26<\/strong>[\/vc_column_text][\/vc_column][vc_column width=&#8221;1\/4&#8243;][vc_column_text]<\/p>\n<section class=\"span3\" style=\"margin-top: -22px;\">\n<div class=\"col-left\">\n<div id=\"execphp-2\" class=\"widget m_bottom_25 widget_execphp\">\n<div class=\"execphpwidget\">\n<div id=\"archives-2\" class=\"widget widget_archive kontakt\" style=\"border-color: #1F97FF !important;\">\n<h4 class=\"h4 heading-h4\" style=\"margin-bottom: 0px; text-align: center;\">Kontakt<\/h4>\n<p>&nbsp;<\/p>\n<p style=\"text-align: justify;\">Bei Fragen wenden Sie sich bitte an:<span lang=\"DE\"><\/span><\/p>\n<p style=\"text-align: justify;\">Konsulat der Bundesrepublik Deutschland in Oppeln<\/p>\n<p style=\"text-align: justify;\">ul. Strzelc\u00f3w Bytomskich 11<\/p>\n<p style=\"text-align: justify;\">45-084 Opole<\/p>\n<p style=\"text-align: justify;\">+48 77 423 27 25<\/p>\n<p style=\"text-align: justify;\">+48 77 40 25 170 (Passstelle)<\/p>\n<p style=\"text-align: justify;\">&nbsp;<\/p>\n<div class=\"kontakt\">\n<h4 class=\"h4 heading-h4\" style=\"margin-bottom: 0px; text-align: center;\">Zum herunterladen<\/h4>\n<div class=\"firstsection\">\n<p class=\"nav-start\">&nbsp;<\/p>\n<\/div>\n<div class=\"teaser\">\n<ul>\n<li class=\"t-link\"><span class=\"iconized font-awesome glyph-link\"><\/span><a class=\"download\" href=\"https:\/\/skgd.pl\/wp-content\/uploads\/2022\/09\/Antrag-auf-Feststellung-der-deutschen-Staatsangehorigkeit-fur-Personen-ab-16-Jahre.pdf\" target=\"_blank\" rel=\"noopener noreferrer\">Antrag auf Feststellung der deutschen Staatsangeh\u00f6rigkeit f\u00fcr Personen ab 16 Jahre<\/a><\/li>\n<\/ul>\n<\/div>\n<div class=\"teaser\">\n<ul>\n<li class=\"t-link\"><span class=\"iconized font-awesome glyph-link\"><\/span><a href=\"https:\/\/skgd.pl\/wp-content\/uploads\/2022\/09\/Antrag-auf-Feststellung-der-deutschen-Staatsangehorigkeit-fur-Personen-unter-16-Jahre.pdf\">Antrag auf Feststellung der deutschen Staatsangeh\u00f6rigkeit f\u00fcr Personen unter 16 Jahre<\/a><\/li>\n<\/ul>\n<\/div>\n<div class=\"teaser\">\n<ul>\n<li class=\"t-link\"><span class=\"iconized font-awesome glyph-link\"><\/span><a class=\"download\" href=\"https:\/\/skgd.pl\/wp-content\/uploads\/2022\/09\/Vorfahren-zum-Antrag-auf-Feststellung-der-deutschen-Staatsangehorigkeit.pdf\" target=\"_blank\" rel=\"noopener noreferrer\">Vorfahren zum Antrag auf Feststellung der deutschen Staatsangeh\u00f6rigkeit<\/a><\/li>\n<\/ul>\n<\/div>\n<div class=\"teaser\">\n<ul>\n<li class=\"t-link\"><span class=\"iconized font-awesome glyph-link\"><\/span><a class=\"download\" href=\"https:\/\/skgd.pl\/wp-content\/uploads\/2022\/09\/Merkblatt-zum-Antrag-auf-Feststellung-der-deutschen-Staatsangehorigkeit.pdf\" target=\"_blank\" rel=\"noopener noreferrer\">Merkblatt &#8211; zum Antrag auf Feststellung der deutschen Staatsangeh\u00f6rigkeit<\/a><\/li>\n<\/ul>\n<\/div>\n<div class=\"teaser\">\n<ul>\n<li class=\"t-link\"><span class=\"iconized font-awesome glyph-link\"><\/span><a class=\"download\" href=\"https:\/\/skgd.pl\/wp-content\/uploads\/2022\/09\/Vollmacht_Staatsangehoerigkeit-1.pdf\" target=\"_blank\" rel=\"noopener noreferrer\">Vollmacht_Staatsangehoerigkeit<\/a><\/li>\n<\/ul>\n<\/div>\n<\/div>\n<\/div>\n<\/div>\n<\/div>\n<\/div>\n<\/section>\n<p>[\/vc_column_text][\/vc_column][\/vc_row]<\/p>","protected":false},"excerpt":{"rendered":"<p>[vc_row][vc_column width=&#8221;3\/4&#8243;][vc_column_text] Sehr geehrte Damen und Herren Rechts finden Sie alle Dokumente die bei der Beantragung der Feststellung der&nbsp;Deutschen Staatsangeh\u00f6rigkeit wichtg sind. Weiter Informationen richtet Ihnen gerne auch das Konsulat der Bundesrepublik Deutschland in Oppeln aus. F\u00fcr die erfolgreiche Beantragung eines Dokuments zum Nachweis der deutschen Staatsb\u00fcrgerschaft sind folgende Unterlagen erforderlich: ausgef\u00fcllter Antrag auf Feststellung [&hellip;]<\/p>\n","protected":false},"author":1,"featured_media":0,"parent":9348,"menu_order":0,"comment_status":"closed","ping_status":"closed","template":"","meta":{"footnotes":""},"class_list":["post-14909","page","type-page","status-publish","hentry"],"yoast_head":"<!-- This site is optimized with the Yoast SEO plugin v18.9 - https:\/\/yoast.com\/wordpress\/plugins\/seo\/ -->\n<title>Staatsangeh\u00f6rigkeit - Deutsche Minderheit, Sozial-Kulturelle Gesellschaft der Deutschen im Oppelner Schlesien<\/title>\n<meta name=\"robots\" content=\"index, follow, max-snippet:-1, max-image-preview:large, max-video-preview:-1\" \/>\n<link rel=\"canonical\" href=\"https:\/\/skgd.pl\/strefa-dfk\/projekty-wnioski-dokumenty-i-regulaminy\/staatsangehorigkeit\/\" \/>\n<meta property=\"og:locale\" content=\"de_DE\" \/>\n<meta property=\"og:type\" content=\"article\" \/>\n<meta property=\"og:title\" content=\"Staatsangeh\u00f6rigkeit - Deutsche Minderheit, Sozial-Kulturelle Gesellschaft der Deutschen im Oppelner Schlesien\" \/>\n<meta property=\"og:description\" content=\"[vc_row][vc_column width=&#8221;3\/4&#8243;][vc_column_text] Sehr geehrte Damen und Herren Rechts finden Sie alle Dokumente die bei der Beantragung der Feststellung der&nbsp;Deutschen Staatsangeh\u00f6rigkeit wichtg sind. Weiter Informationen richtet Ihnen gerne auch das Konsulat der Bundesrepublik Deutschland in Oppeln aus. F\u00fcr die erfolgreiche Beantragung eines Dokuments zum Nachweis der deutschen Staatsb\u00fcrgerschaft sind folgende Unterlagen erforderlich: ausgef\u00fcllter Antrag auf Feststellung [&hellip;]\" \/>\n<meta property=\"og:url\" content=\"https:\/\/skgd.pl\/strefa-dfk\/projekty-wnioski-dokumenty-i-regulaminy\/staatsangehorigkeit\/\" \/>\n<meta property=\"og:site_name\" content=\"Deutsche Minderheit, Sozial-Kulturelle Gesellschaft der Deutschen im Oppelner Schlesien\" \/>\n<meta property=\"article:modified_time\" content=\"2023-03-08T13:25:43+00:00\" \/>\n<meta property=\"og:image\" content=\"https:\/\/skgd.pl\/wp-content\/uploads\/2022\/02\/staat-1024x280.jpg\" \/>\n<meta name=\"twitter:card\" content=\"summary_large_image\" \/>\n<meta name=\"twitter:label1\" content=\"Gesch\u00e4tzte Lesezeit\" \/>\n\t<meta name=\"twitter:data1\" content=\"9\u00a0Minuten\" \/>\n<script type=\"application\/ld+json\" class=\"yoast-schema-graph\">{\"@context\":\"https:\/\/schema.org\",\"@graph\":[{\"@type\":\"WebSite\",\"@id\":\"https:\/\/skgd.pl\/#website\",\"url\":\"https:\/\/skgd.pl\/\",\"name\":\"Deutsche Minderheit, Sozial-Kulturelle Gesellschaft der Deutschen im Oppelner Schlesien\",\"description\":\"Deutsche Minderheit in Polen\",\"potentialAction\":[{\"@type\":\"SearchAction\",\"target\":{\"@type\":\"EntryPoint\",\"urlTemplate\":\"https:\/\/skgd.pl\/?s={search_term_string}\"},\"query-input\":\"required name=search_term_string\"}],\"inLanguage\":\"de\"},{\"@type\":\"ImageObject\",\"inLanguage\":\"de\",\"@id\":\"https:\/\/skgd.pl\/strefa-dfk\/projekty-wnioski-dokumenty-i-regulaminy\/staatsangehorigkeit\/#primaryimage\",\"url\":\"https:\/\/skgd.pl\/wp-content\/uploads\/2022\/02\/staat.jpg\",\"contentUrl\":\"https:\/\/skgd.pl\/wp-content\/uploads\/2022\/02\/staat.jpg\",\"width\":1180,\"height\":323},{\"@type\":\"WebPage\",\"@id\":\"https:\/\/skgd.pl\/strefa-dfk\/projekty-wnioski-dokumenty-i-regulaminy\/staatsangehorigkeit\/#webpage\",\"url\":\"https:\/\/skgd.pl\/strefa-dfk\/projekty-wnioski-dokumenty-i-regulaminy\/staatsangehorigkeit\/\",\"name\":\"Staatsangeh\u00f6rigkeit - Deutsche Minderheit, Sozial-Kulturelle Gesellschaft der Deutschen im Oppelner Schlesien\",\"isPartOf\":{\"@id\":\"https:\/\/skgd.pl\/#website\"},\"primaryImageOfPage\":{\"@id\":\"https:\/\/skgd.pl\/strefa-dfk\/projekty-wnioski-dokumenty-i-regulaminy\/staatsangehorigkeit\/#primaryimage\"},\"datePublished\":\"2017-04-03T08:19:27+00:00\",\"dateModified\":\"2023-03-08T13:25:43+00:00\",\"breadcrumb\":{\"@id\":\"https:\/\/skgd.pl\/strefa-dfk\/projekty-wnioski-dokumenty-i-regulaminy\/staatsangehorigkeit\/#breadcrumb\"},\"inLanguage\":\"de\",\"potentialAction\":[{\"@type\":\"ReadAction\",\"target\":[\"https:\/\/skgd.pl\/strefa-dfk\/projekty-wnioski-dokumenty-i-regulaminy\/staatsangehorigkeit\/\"]}]},{\"@type\":\"BreadcrumbList\",\"@id\":\"https:\/\/skgd.pl\/strefa-dfk\/projekty-wnioski-dokumenty-i-regulaminy\/staatsangehorigkeit\/#breadcrumb\",\"itemListElement\":[{\"@type\":\"ListItem\",\"position\":1,\"name\":\"Strona g\u0142\u00f3wna\",\"item\":\"https:\/\/skgd.pl\/\"},{\"@type\":\"ListItem\",\"position\":2,\"name\":\"Strefa DFK\",\"item\":\"https:\/\/skgd.pl\/strefa-dfk\/\"},{\"@type\":\"ListItem\",\"position\":3,\"name\":\"Projekty: wnioski, dokumenty i regulaminy\",\"item\":\"https:\/\/skgd.pl\/strefa-dfk\/projekty-wnioski-dokumenty-i-regulaminy\/\"},{\"@type\":\"ListItem\",\"position\":4,\"name\":\"Staatsangeh\u00f6rigkeit\"}]}]}<\/script>\n<!-- \/ Yoast SEO plugin. -->","yoast_head_json":{"title":"Staatsangeh\u00f6rigkeit - Deutsche Minderheit, Sozial-Kulturelle Gesellschaft der Deutschen im Oppelner Schlesien","robots":{"index":"index","follow":"follow","max-snippet":"max-snippet:-1","max-image-preview":"max-image-preview:large","max-video-preview":"max-video-preview:-1"},"canonical":"https:\/\/skgd.pl\/strefa-dfk\/projekty-wnioski-dokumenty-i-regulaminy\/staatsangehorigkeit\/","og_locale":"de_DE","og_type":"article","og_title":"Staatsangeh\u00f6rigkeit - Deutsche Minderheit, Sozial-Kulturelle Gesellschaft der Deutschen im Oppelner Schlesien","og_description":"[vc_row][vc_column width=&#8221;3\/4&#8243;][vc_column_text] Sehr geehrte Damen und Herren Rechts finden Sie alle Dokumente die bei der Beantragung der Feststellung der&nbsp;Deutschen Staatsangeh\u00f6rigkeit wichtg sind. Weiter Informationen richtet Ihnen gerne auch das Konsulat der Bundesrepublik Deutschland in Oppeln aus. F\u00fcr die erfolgreiche Beantragung eines Dokuments zum Nachweis der deutschen Staatsb\u00fcrgerschaft sind folgende Unterlagen erforderlich: ausgef\u00fcllter Antrag auf Feststellung [&hellip;]","og_url":"https:\/\/skgd.pl\/strefa-dfk\/projekty-wnioski-dokumenty-i-regulaminy\/staatsangehorigkeit\/","og_site_name":"Deutsche Minderheit, Sozial-Kulturelle Gesellschaft der Deutschen im Oppelner Schlesien","article_modified_time":"2023-03-08T13:25:43+00:00","og_image":[{"url":"https:\/\/skgd.pl\/wp-content\/uploads\/2022\/02\/staat-1024x280.jpg"}],"twitter_card":"summary_large_image","twitter_misc":{"Gesch\u00e4tzte Lesezeit":"9\u00a0Minuten"},"schema":{"@context":"https:\/\/schema.org","@graph":[{"@type":"WebSite","@id":"https:\/\/skgd.pl\/#website","url":"https:\/\/skgd.pl\/","name":"Deutsche Minderheit, Sozial-Kulturelle Gesellschaft der Deutschen im Oppelner Schlesien","description":"Deutsche Minderheit in Polen","potentialAction":[{"@type":"SearchAction","target":{"@type":"EntryPoint","urlTemplate":"https:\/\/skgd.pl\/?s={search_term_string}"},"query-input":"required name=search_term_string"}],"inLanguage":"de"},{"@type":"ImageObject","inLanguage":"de","@id":"https:\/\/skgd.pl\/strefa-dfk\/projekty-wnioski-dokumenty-i-regulaminy\/staatsangehorigkeit\/#primaryimage","url":"https:\/\/skgd.pl\/wp-content\/uploads\/2022\/02\/staat.jpg","contentUrl":"https:\/\/skgd.pl\/wp-content\/uploads\/2022\/02\/staat.jpg","width":1180,"height":323},{"@type":"WebPage","@id":"https:\/\/skgd.pl\/strefa-dfk\/projekty-wnioski-dokumenty-i-regulaminy\/staatsangehorigkeit\/#webpage","url":"https:\/\/skgd.pl\/strefa-dfk\/projekty-wnioski-dokumenty-i-regulaminy\/staatsangehorigkeit\/","name":"Staatsangeh\u00f6rigkeit - Deutsche Minderheit, Sozial-Kulturelle Gesellschaft der Deutschen im Oppelner Schlesien","isPartOf":{"@id":"https:\/\/skgd.pl\/#website"},"primaryImageOfPage":{"@id":"https:\/\/skgd.pl\/strefa-dfk\/projekty-wnioski-dokumenty-i-regulaminy\/staatsangehorigkeit\/#primaryimage"},"datePublished":"2017-04-03T08:19:27+00:00","dateModified":"2023-03-08T13:25:43+00:00","breadcrumb":{"@id":"https:\/\/skgd.pl\/strefa-dfk\/projekty-wnioski-dokumenty-i-regulaminy\/staatsangehorigkeit\/#breadcrumb"},"inLanguage":"de","potentialAction":[{"@type":"ReadAction","target":["https:\/\/skgd.pl\/strefa-dfk\/projekty-wnioski-dokumenty-i-regulaminy\/staatsangehorigkeit\/"]}]},{"@type":"BreadcrumbList","@id":"https:\/\/skgd.pl\/strefa-dfk\/projekty-wnioski-dokumenty-i-regulaminy\/staatsangehorigkeit\/#breadcrumb","itemListElement":[{"@type":"ListItem","position":1,"name":"Strona g\u0142\u00f3wna","item":"https:\/\/skgd.pl\/"},{"@type":"ListItem","position":2,"name":"Strefa DFK","item":"https:\/\/skgd.pl\/strefa-dfk\/"},{"@type":"ListItem","position":3,"name":"Projekty: wnioski, dokumenty i regulaminy","item":"https:\/\/skgd.pl\/strefa-dfk\/projekty-wnioski-dokumenty-i-regulaminy\/"},{"@type":"ListItem","position":4,"name":"Staatsangeh\u00f6rigkeit"}]}]}},"_links":{"self":[{"href":"https:\/\/skgd.pl\/de\/wp-json\/wp\/v2\/pages\/14909","targetHints":{"allow":["GET"]}}],"collection":[{"href":"https:\/\/skgd.pl\/de\/wp-json\/wp\/v2\/pages"}],"about":[{"href":"https:\/\/skgd.pl\/de\/wp-json\/wp\/v2\/types\/page"}],"author":[{"embeddable":true,"href":"https:\/\/skgd.pl\/de\/wp-json\/wp\/v2\/users\/1"}],"replies":[{"embeddable":true,"href":"https:\/\/skgd.pl\/de\/wp-json\/wp\/v2\/comments?post=14909"}],"version-history":[{"count":28,"href":"https:\/\/skgd.pl\/de\/wp-json\/wp\/v2\/pages\/14909\/revisions"}],"predecessor-version":[{"id":32054,"href":"https:\/\/skgd.pl\/de\/wp-json\/wp\/v2\/pages\/14909\/revisions\/32054"}],"up":[{"embeddable":true,"href":"https:\/\/skgd.pl\/de\/wp-json\/wp\/v2\/pages\/9348"}],"wp:attachment":[{"href":"https:\/\/skgd.pl\/de\/wp-json\/wp\/v2\/media?parent=14909"}],"curies":[{"name":"wp","href":"https:\/\/api.w.org\/{rel}","templated":true}]}}