{"id":13516,"date":"2016-09-19T13:16:57","date_gmt":"2016-09-19T11:16:57","guid":{"rendered":"http:\/\/skgd.pl\/?page_id=13516"},"modified":"2026-03-25T09:55:38","modified_gmt":"2026-03-25T08:55:38","slug":"bajkowe-noce","status":"publish","type":"page","link":"https:\/\/skgd.pl\/de\/dzialalnosc-kulturalno-oswiatowa\/bajkowe-noce\/","title":{"rendered":"M\u00e4rchenn\u00e4chte"},"content":{"rendered":"<p>[vc_row][vc_column width=&#8221;3\/4&#8243;][vc_column_text]<\/p>\n<p style=\"text-align: justify;\"><strong>M\u00e4rchennacht mit den Br\u00fcder Grimm <\/strong><\/p>\n<p>Seit 2014 Ende Juni\/ Anfang Juli veranstaltet die Sozial-Kulturelle Gesellschaft der Deutschen im Oppelner Schlesien mit gro\u00dfem Erfolg ein Projekt f\u00fcr Kinder der Deutschen Minderheit in Form eines 2-t\u00e4gigen Workshops mit dem Titel \u201cM\u00e4rchenn\u00e4chte mit den Br\u00fcdern Grimm\u201d.<\/p>\n<p>Der Workshop findet in 25 ausgew\u00e4hlten DFK Standorten in der ganzen Woiwodschaft Oppeln statt und es nehmen ca. 400 Kinder im Alter von 6-10 Jahren &nbsp;daran teil. Die Teilnehmer, betreut von Deutschlehrern, spielen gemeinsam mit dem Thema eines ausgew\u00e4hlten M\u00e4rchens der Br\u00fcder Grimm. Das ganze Programm wird speziell zu diesem Anlass von der SKGD vorbereitet.<\/p>\n<p>Bei jedem Treffen haben die Kinder die M\u00f6glichkeit:<\/p>\n<p>&#8211; M\u00e4rchen zu h\u00f6ren, die von eingeladene G\u00e4sten (B\u00fcrgermeister, Gemeinde\/ DFK Vorsitzende ) in deutscher Sprache vorgelesen werden<\/p>\n<p>&#8211; an Kunstworkshop teil zu nehmen<\/p>\n<p>&#8211; in Wettbewerben um die Preise k\u00e4mpfen<\/p>\n<p>&#8211; sich mit einer mysteri\u00f6sen M\u00e4rchenfiguren zu treffen<\/p>\n<p>Nach all den nicht Irgendwelchen Aktionen wird das gemeinsame schlaffen gehen &nbsp;zum H\u00f6hepunkt. Am Morgen erwartet die Kinder zun\u00e4chst eine gemeinsame Gymnastik und danach ein leckeres Fr\u00fchst\u00fcck sowie Preise und Urkunden f\u00fcr die n\u00e4chtlichen Leistungen.<\/p>\n<p>Jede Ausgabe es Projekts ist einzigartig. Sprachspiele, T\u00e4nze, Gymnastik, Kunst und alles nat\u00fcrlich mit einer riesigen gro\u00dfe Portion deutscher Sprache. Auf diese unkonventionelle Weise bezaubert die Gesellschaft jedes Jahr die J\u00fcngsten mit der deutschen Sprache.<\/p>\n<p>Im Jahr 2020 sind im Rahmen des Projekts hervorragende Unterrichtsmaterialien erstanden. Aufgabenheft, Bilderkarten, Ausmalbilder und Videos alles hier zum Herunterladen. Wir laden herzlich ein.<\/p>\n<p>&nbsp;<\/p>\n<p><iframe loading=\"lazy\" title=\"M\u00e4rchennacht mit den Br\u00fcder Grimm \/ Ba\u015bniowa noc z bra\u0107mi Grimm\" width=\"770\" height=\"433\" src=\"https:\/\/www.youtube.com\/embed\/epelDhz0roA?feature=oembed\" frameborder=\"0\" allow=\"accelerometer; autoplay; clipboard-write; encrypted-media; gyroscope; picture-in-picture; web-share\" referrerpolicy=\"strict-origin-when-cross-origin\" allowfullscreen><\/iframe><\/p>\n<p><iframe loading=\"lazy\" title=\"M\u00e4rchenn\u00e4chte mit den Br\u00fcdern Grimm - Vorschau\" width=\"770\" height=\"433\" src=\"https:\/\/www.youtube.com\/embed\/aAV9NEhqLIA?feature=oembed\" frameborder=\"0\" allow=\"accelerometer; autoplay; clipboard-write; encrypted-media; gyroscope; picture-in-picture; web-share\" referrerpolicy=\"strict-origin-when-cross-origin\" allowfullscreen><\/iframe><\/p>\n<p><iframe loading=\"lazy\" title=\"M\u00e4rchenn\u00e4chte mit den Br\u00fcdern Grimm - &quot;Frau Holle&quot;\" width=\"770\" height=\"433\" src=\"https:\/\/www.youtube.com\/embed\/404osHK1wOc?feature=oembed\" frameborder=\"0\" allow=\"accelerometer; autoplay; clipboard-write; encrypted-media; gyroscope; picture-in-picture; web-share\" referrerpolicy=\"strict-origin-when-cross-origin\" allowfullscreen><\/iframe><\/p>\n<p><iframe loading=\"lazy\" title=\"M\u00e4rchenn\u00e4chte mit den Br\u00fcdern Grimm - &quot;Drei Federn&quot;\" width=\"770\" height=\"433\" src=\"https:\/\/www.youtube.com\/embed\/AGRu8ZrTl_8?feature=oembed\" frameborder=\"0\" allow=\"accelerometer; autoplay; clipboard-write; encrypted-media; gyroscope; picture-in-picture; web-share\" referrerpolicy=\"strict-origin-when-cross-origin\" allowfullscreen><\/iframe><\/p>\n<p>&nbsp;[\/vc_column_text][\/vc_column][vc_column width=&#8221;1\/4&#8243;][vc_column_text]<\/p>\n<section class=\"span3\" style=\"margin-top: -22px;\">\n<div class=\"col-left\">\n<div id=\"execphp-2\" class=\"widget m_bottom_25 widget_execphp\">\n<div class=\"execphpwidget\">\n<div id=\"archives-2\" class=\"widget widget_archive kontakt\" style=\"border-color: #1F97FF !important;\">\n<h4 class=\"h4 heading-h4\" style=\"margin-bottom: 0px; text-align: center;\">Kontakt<\/h4>\n<p><span>Michaela Przezdzink<\/span><\/p>\n<div class=\"kontakt\">\n<p>+48 77 402 10 73<\/p>\n<p>+48 506 432 429<\/p>\n<p><span><a href=\"mailto:michaela.przezdzink@skgd.pl\">michaela.przezdzink@skgd.pl<\/a><\/span><\/p>\n<\/div>\n<p>&nbsp;<\/p>\n<h4 class=\"h4 heading-h4\" style=\"margin-bottom: 10px; text-align: center;\">Download<\/h4>\n<ul>\n<li class=\"linki\"><a href=\"https:\/\/skgd.pl\/wp-content\/uploads\/2022\/03\/TSKN_podrecznik_niemiecki_kolorowanka_1.pdf\"><span style=\"font-size: 14px;\"><span class=\"iconized font-awesome glyph-link\"><\/span>Podr\u0119cznik niemiecki, kolorowanka cz. 1 [PDF]<\/span><\/a><\/li>\n<li class=\"linki\"><a href=\"https:\/\/skgd.pl\/wp-content\/uploads\/2022\/03\/TSKN_podrecznik_niemiecki_kolorowanka_2.pdf\"><span style=\"font-size: 14px;\"><span class=\"iconized font-awesome glyph-link\"><\/span>Podr\u0119cznik niemiecki, kolorowanka cz. 2 [PDF] <\/span><\/a><\/li>\n<li class=\"linki\"><a href=\"https:\/\/skgd.pl\/wp-content\/uploads\/2022\/03\/karty_2_czerwone.pdf\"><span style=\"font-size: 14px;\"><span class=\"iconized font-awesome glyph-link\"><\/span>Karty czerwone [PDF]<\/span><\/a><\/li>\n<li class=\"linki\"><a href=\"https:\/\/skgd.pl\/wp-content\/uploads\/2022\/03\/karty_1_zolte.pdf\"><span style=\"font-size: 14px;\"><span class=\"iconized font-awesome glyph-link\"><\/span>Karty z\u0142ote [PDF]<\/span><\/a><\/li>\n<li class=\"linki\"><a href=\"https:\/\/skgd.pl\/wp-content\/uploads\/2022\/03\/Es-war-einmal.pdf\"><span style=\"font-size: 14px;\"><span class=\"iconized font-awesome glyph-link\"><\/span>Es war einmal [PDF]<\/span><\/a><\/li>\n<li class=\"linki\"><a href=\"https:\/\/skgd.pl\/wp-content\/uploads\/2025\/08\/BasnoweNoce_zeszytA5.pdf\"><span style=\"font-size: 14px;\"><span class=\"iconized font-awesome glyph-link\"><\/span>Ba\u015bnowe Noce zeszyt A5 [PDF]<\/span><\/a><\/li>\n<li class=\"linki\"><a href=\"https:\/\/skgd.pl\/wp-content\/uploads\/2025\/08\/BasnoweNoce_kartyA4.pdf\"><span style=\"font-size: 14px;\"><span class=\"iconized font-awesome glyph-link\"><\/span>Ba\u015bnowe Noce karty A4 [PDF]<\/span><\/a><\/li>\n<li class=\"linki\"><a href=\"https:\/\/skgd.pl\/wp-content\/uploads\/2025\/08\/BasnoweNoce_kartyA3.pdf\"><span style=\"font-size: 14px;\"><span class=\"iconized font-awesome glyph-link\"><\/span>Ba\u015bnowe Noce karty A3 [PDF]<\/span><\/a><\/li>\n<\/ul>\n<p>&nbsp;<\/p>\n<h4 class=\"h4 heading-h4\" style=\"margin-bottom: 10px; text-align: center;\">Partner<\/h4>\n<p><img loading=\"lazy\" decoding=\"async\" class=\" wp-image-37184 aligncenter\" src=\"https:\/\/skgd.pl\/wp-content\/uploads\/2025\/10\/Ministerstwo_Spraw_Wewnetrznych_i_Administracji_logo_2022-300x79.png\" alt=\"\" width=\"292\" height=\"77\" srcset=\"https:\/\/skgd.pl\/wp-content\/uploads\/2025\/10\/Ministerstwo_Spraw_Wewnetrznych_i_Administracji_logo_2022-300x79.png 300w, https:\/\/skgd.pl\/wp-content\/uploads\/2025\/10\/Ministerstwo_Spraw_Wewnetrznych_i_Administracji_logo_2022-768x203.png 768w, https:\/\/skgd.pl\/wp-content\/uploads\/2025\/10\/Ministerstwo_Spraw_Wewnetrznych_i_Administracji_logo_2022-600x158.png 600w, https:\/\/skgd.pl\/wp-content\/uploads\/2025\/10\/Ministerstwo_Spraw_Wewnetrznych_i_Administracji_logo_2022.png 800w\" sizes=\"auto, (max-width: 292px) 100vw, 292px\" \/><\/p>\n<p><img loading=\"lazy\" decoding=\"async\" class=\"alignnone size-medium wp-image-27689 aligncenter\" src=\"https:\/\/skgd.pl\/wp-content\/uploads\/2021\/11\/Zadania_ze_srodkow_budzetu_panstwa-300x135.jpg\" alt=\"\" width=\"300\" height=\"135\" srcset=\"https:\/\/skgd.pl\/wp-content\/uploads\/2021\/11\/Zadania_ze_srodkow_budzetu_panstwa-300x135.jpg 300w, https:\/\/skgd.pl\/wp-content\/uploads\/2021\/11\/Zadania_ze_srodkow_budzetu_panstwa-600x269.jpg 600w, https:\/\/skgd.pl\/wp-content\/uploads\/2021\/11\/Zadania_ze_srodkow_budzetu_panstwa.jpg 767w\" sizes=\"auto, (max-width: 300px) 100vw, 300px\" \/><img loading=\"lazy\" decoding=\"async\" class=\" wp-image-37896 aligncenter\" src=\"https:\/\/skgd.pl\/wp-content\/uploads\/2020\/10\/Logo_VDG_color_acronim_base-scaled-e1773127649701-300x190.jpg\" alt=\"\" width=\"176\" height=\"112\" srcset=\"https:\/\/skgd.pl\/wp-content\/uploads\/2020\/10\/Logo_VDG_color_acronim_base-scaled-e1773127649701-300x190.jpg 300w, https:\/\/skgd.pl\/wp-content\/uploads\/2020\/10\/Logo_VDG_color_acronim_base-scaled-e1773127649701-1024x650.jpg 1024w, https:\/\/skgd.pl\/wp-content\/uploads\/2020\/10\/Logo_VDG_color_acronim_base-scaled-e1773127649701-768x488.jpg 768w, https:\/\/skgd.pl\/wp-content\/uploads\/2020\/10\/Logo_VDG_color_acronim_base-scaled-e1773127649701-1536x975.jpg 1536w, https:\/\/skgd.pl\/wp-content\/uploads\/2020\/10\/Logo_VDG_color_acronim_base-scaled-e1773127649701-270x170.jpg 270w, https:\/\/skgd.pl\/wp-content\/uploads\/2020\/10\/Logo_VDG_color_acronim_base-scaled-e1773127649701-370x233.jpg 370w, https:\/\/skgd.pl\/wp-content\/uploads\/2020\/10\/Logo_VDG_color_acronim_base-scaled-e1773127649701-570x359.jpg 570w, https:\/\/skgd.pl\/wp-content\/uploads\/2020\/10\/Logo_VDG_color_acronim_base-scaled-e1773127649701-800x508.jpg 800w, https:\/\/skgd.pl\/wp-content\/uploads\/2020\/10\/Logo_VDG_color_acronim_base-scaled-e1773127649701-600x381.jpg 600w, https:\/\/skgd.pl\/wp-content\/uploads\/2020\/10\/Logo_VDG_color_acronim_base-scaled-e1773127649701.jpg 1882w\" sizes=\"auto, (max-width: 176px) 100vw, 176px\" \/><\/p>\n<p><img loading=\"lazy\" decoding=\"async\" class=\" wp-image-37886 aligncenter\" src=\"https:\/\/skgd.pl\/wp-content\/uploads\/2026\/03\/BMI-Logo-2026.png\" alt=\"\" width=\"141\" height=\"144\" srcset=\"https:\/\/skgd.pl\/wp-content\/uploads\/2026\/03\/BMI-Logo-2026.png 294w, https:\/\/skgd.pl\/wp-content\/uploads\/2026\/03\/BMI-Logo-2026-70x70.png 70w\" sizes=\"auto, (max-width: 141px) 100vw, 141px\" \/><\/p>\n<\/div>\n<\/div>\n<\/div>\n<\/div>\n<\/section>\n<p>[\/vc_column_text][\/vc_column][\/vc_row]<\/p>","protected":false},"excerpt":{"rendered":"<p>[vc_row][vc_column width=&#8221;3\/4&#8243;][vc_column_text] M\u00e4rchennacht mit den Br\u00fcder Grimm Seit 2014 Ende Juni\/ Anfang Juli veranstaltet die Sozial-Kulturelle Gesellschaft der Deutschen im Oppelner Schlesien mit gro\u00dfem Erfolg ein Projekt f\u00fcr Kinder der Deutschen Minderheit in Form eines 2-t\u00e4gigen Workshops mit dem Titel \u201cM\u00e4rchenn\u00e4chte mit den Br\u00fcdern Grimm\u201d. Der Workshop findet in 25 ausgew\u00e4hlten DFK Standorten in der [&hellip;]<\/p>\n","protected":false},"author":1,"featured_media":0,"parent":9331,"menu_order":2,"comment_status":"closed","ping_status":"closed","template":"","meta":{"footnotes":""},"class_list":["post-13516","page","type-page","status-publish","hentry"],"yoast_head":"<!-- This site is optimized with the Yoast SEO plugin v18.9 - https:\/\/yoast.com\/wordpress\/plugins\/seo\/ -->\n<title>M\u00e4rchenn\u00e4chte - Deutsche Minderheit, Sozial-Kulturelle Gesellschaft der Deutschen im Oppelner Schlesien<\/title>\n<meta name=\"robots\" content=\"index, follow, max-snippet:-1, max-image-preview:large, max-video-preview:-1\" \/>\n<link rel=\"canonical\" href=\"https:\/\/skgd.pl\/dzialalnosc-kulturalno-oswiatowa\/bajkowe-noce\/\" \/>\n<meta property=\"og:locale\" content=\"de_DE\" \/>\n<meta property=\"og:type\" content=\"article\" \/>\n<meta property=\"og:title\" content=\"M\u00e4rchenn\u00e4chte - Deutsche Minderheit, Sozial-Kulturelle Gesellschaft der Deutschen im Oppelner Schlesien\" \/>\n<meta property=\"og:description\" content=\"[vc_row][vc_column width=&#8221;3\/4&#8243;][vc_column_text] M\u00e4rchennacht mit den Br\u00fcder Grimm Seit 2014 Ende Juni\/ Anfang Juli veranstaltet die Sozial-Kulturelle Gesellschaft der Deutschen im Oppelner Schlesien mit gro\u00dfem Erfolg ein Projekt f\u00fcr Kinder der Deutschen Minderheit in Form eines 2-t\u00e4gigen Workshops mit dem Titel \u201cM\u00e4rchenn\u00e4chte mit den Br\u00fcdern Grimm\u201d. Der Workshop findet in 25 ausgew\u00e4hlten DFK Standorten in der [&hellip;]\" \/>\n<meta property=\"og:url\" content=\"https:\/\/skgd.pl\/dzialalnosc-kulturalno-oswiatowa\/bajkowe-noce\/\" \/>\n<meta property=\"og:site_name\" content=\"Deutsche Minderheit, Sozial-Kulturelle Gesellschaft der Deutschen im Oppelner Schlesien\" \/>\n<meta property=\"article:modified_time\" content=\"2026-03-25T08:55:38+00:00\" \/>\n<meta property=\"og:image\" content=\"https:\/\/skgd.pl\/wp-content\/uploads\/2025\/10\/Ministerstwo_Spraw_Wewnetrznych_i_Administracji_logo_2022-300x79.png\" \/>\n<meta name=\"twitter:card\" content=\"summary_large_image\" \/>\n<meta name=\"twitter:label1\" content=\"Gesch\u00e4tzte Lesezeit\" \/>\n\t<meta name=\"twitter:data1\" content=\"3\u00a0Minuten\" \/>\n<script type=\"application\/ld+json\" class=\"yoast-schema-graph\">{\"@context\":\"https:\/\/schema.org\",\"@graph\":[{\"@type\":\"WebSite\",\"@id\":\"https:\/\/skgd.pl\/#website\",\"url\":\"https:\/\/skgd.pl\/\",\"name\":\"Deutsche Minderheit, Sozial-Kulturelle Gesellschaft der Deutschen im Oppelner Schlesien\",\"description\":\"Deutsche Minderheit in Polen\",\"potentialAction\":[{\"@type\":\"SearchAction\",\"target\":{\"@type\":\"EntryPoint\",\"urlTemplate\":\"https:\/\/skgd.pl\/?s={search_term_string}\"},\"query-input\":\"required name=search_term_string\"}],\"inLanguage\":\"de\"},{\"@type\":\"ImageObject\",\"inLanguage\":\"de\",\"@id\":\"https:\/\/skgd.pl\/dzialalnosc-kulturalno-oswiatowa\/bajkowe-noce\/#primaryimage\",\"url\":\"https:\/\/skgd.pl\/wp-content\/uploads\/2025\/10\/Ministerstwo_Spraw_Wewnetrznych_i_Administracji_logo_2022.png\",\"contentUrl\":\"https:\/\/skgd.pl\/wp-content\/uploads\/2025\/10\/Ministerstwo_Spraw_Wewnetrznych_i_Administracji_logo_2022.png\",\"width\":800,\"height\":211},{\"@type\":\"WebPage\",\"@id\":\"https:\/\/skgd.pl\/dzialalnosc-kulturalno-oswiatowa\/bajkowe-noce\/#webpage\",\"url\":\"https:\/\/skgd.pl\/dzialalnosc-kulturalno-oswiatowa\/bajkowe-noce\/\",\"name\":\"M\u00e4rchenn\u00e4chte - Deutsche Minderheit, Sozial-Kulturelle Gesellschaft der Deutschen im Oppelner Schlesien\",\"isPartOf\":{\"@id\":\"https:\/\/skgd.pl\/#website\"},\"primaryImageOfPage\":{\"@id\":\"https:\/\/skgd.pl\/dzialalnosc-kulturalno-oswiatowa\/bajkowe-noce\/#primaryimage\"},\"datePublished\":\"2016-09-19T11:16:57+00:00\",\"dateModified\":\"2026-03-25T08:55:38+00:00\",\"breadcrumb\":{\"@id\":\"https:\/\/skgd.pl\/dzialalnosc-kulturalno-oswiatowa\/bajkowe-noce\/#breadcrumb\"},\"inLanguage\":\"de\",\"potentialAction\":[{\"@type\":\"ReadAction\",\"target\":[\"https:\/\/skgd.pl\/dzialalnosc-kulturalno-oswiatowa\/bajkowe-noce\/\"]}]},{\"@type\":\"BreadcrumbList\",\"@id\":\"https:\/\/skgd.pl\/dzialalnosc-kulturalno-oswiatowa\/bajkowe-noce\/#breadcrumb\",\"itemListElement\":[{\"@type\":\"ListItem\",\"position\":1,\"name\":\"Strona g\u0142\u00f3wna\",\"item\":\"https:\/\/skgd.pl\/\"},{\"@type\":\"ListItem\",\"position\":2,\"name\":\"Dzia\u0142alno\u015b\u0107 kulturalno &#8211; o\u015bwiatowa\",\"item\":\"https:\/\/skgd.pl\/dzialalnosc-kulturalno-oswiatowa\/\"},{\"@type\":\"ListItem\",\"position\":3,\"name\":\"Bajkowe noce\"}]}]}<\/script>\n<!-- \/ Yoast SEO plugin. -->","yoast_head_json":{"title":"M\u00e4rchenn\u00e4chte - Deutsche Minderheit, Sozial-Kulturelle Gesellschaft der Deutschen im Oppelner Schlesien","robots":{"index":"index","follow":"follow","max-snippet":"max-snippet:-1","max-image-preview":"max-image-preview:large","max-video-preview":"max-video-preview:-1"},"canonical":"https:\/\/skgd.pl\/dzialalnosc-kulturalno-oswiatowa\/bajkowe-noce\/","og_locale":"de_DE","og_type":"article","og_title":"M\u00e4rchenn\u00e4chte - Deutsche Minderheit, Sozial-Kulturelle Gesellschaft der Deutschen im Oppelner Schlesien","og_description":"[vc_row][vc_column width=&#8221;3\/4&#8243;][vc_column_text] M\u00e4rchennacht mit den Br\u00fcder Grimm Seit 2014 Ende Juni\/ Anfang Juli veranstaltet die Sozial-Kulturelle Gesellschaft der Deutschen im Oppelner Schlesien mit gro\u00dfem Erfolg ein Projekt f\u00fcr Kinder der Deutschen Minderheit in Form eines 2-t\u00e4gigen Workshops mit dem Titel \u201cM\u00e4rchenn\u00e4chte mit den Br\u00fcdern Grimm\u201d. Der Workshop findet in 25 ausgew\u00e4hlten DFK Standorten in der [&hellip;]","og_url":"https:\/\/skgd.pl\/dzialalnosc-kulturalno-oswiatowa\/bajkowe-noce\/","og_site_name":"Deutsche Minderheit, Sozial-Kulturelle Gesellschaft der Deutschen im Oppelner Schlesien","article_modified_time":"2026-03-25T08:55:38+00:00","og_image":[{"url":"https:\/\/skgd.pl\/wp-content\/uploads\/2025\/10\/Ministerstwo_Spraw_Wewnetrznych_i_Administracji_logo_2022-300x79.png"}],"twitter_card":"summary_large_image","twitter_misc":{"Gesch\u00e4tzte Lesezeit":"3\u00a0Minuten"},"schema":{"@context":"https:\/\/schema.org","@graph":[{"@type":"WebSite","@id":"https:\/\/skgd.pl\/#website","url":"https:\/\/skgd.pl\/","name":"Deutsche Minderheit, Sozial-Kulturelle Gesellschaft der Deutschen im Oppelner Schlesien","description":"Deutsche Minderheit in Polen","potentialAction":[{"@type":"SearchAction","target":{"@type":"EntryPoint","urlTemplate":"https:\/\/skgd.pl\/?s={search_term_string}"},"query-input":"required name=search_term_string"}],"inLanguage":"de"},{"@type":"ImageObject","inLanguage":"de","@id":"https:\/\/skgd.pl\/dzialalnosc-kulturalno-oswiatowa\/bajkowe-noce\/#primaryimage","url":"https:\/\/skgd.pl\/wp-content\/uploads\/2025\/10\/Ministerstwo_Spraw_Wewnetrznych_i_Administracji_logo_2022.png","contentUrl":"https:\/\/skgd.pl\/wp-content\/uploads\/2025\/10\/Ministerstwo_Spraw_Wewnetrznych_i_Administracji_logo_2022.png","width":800,"height":211},{"@type":"WebPage","@id":"https:\/\/skgd.pl\/dzialalnosc-kulturalno-oswiatowa\/bajkowe-noce\/#webpage","url":"https:\/\/skgd.pl\/dzialalnosc-kulturalno-oswiatowa\/bajkowe-noce\/","name":"M\u00e4rchenn\u00e4chte - Deutsche Minderheit, Sozial-Kulturelle Gesellschaft der Deutschen im Oppelner Schlesien","isPartOf":{"@id":"https:\/\/skgd.pl\/#website"},"primaryImageOfPage":{"@id":"https:\/\/skgd.pl\/dzialalnosc-kulturalno-oswiatowa\/bajkowe-noce\/#primaryimage"},"datePublished":"2016-09-19T11:16:57+00:00","dateModified":"2026-03-25T08:55:38+00:00","breadcrumb":{"@id":"https:\/\/skgd.pl\/dzialalnosc-kulturalno-oswiatowa\/bajkowe-noce\/#breadcrumb"},"inLanguage":"de","potentialAction":[{"@type":"ReadAction","target":["https:\/\/skgd.pl\/dzialalnosc-kulturalno-oswiatowa\/bajkowe-noce\/"]}]},{"@type":"BreadcrumbList","@id":"https:\/\/skgd.pl\/dzialalnosc-kulturalno-oswiatowa\/bajkowe-noce\/#breadcrumb","itemListElement":[{"@type":"ListItem","position":1,"name":"Strona g\u0142\u00f3wna","item":"https:\/\/skgd.pl\/"},{"@type":"ListItem","position":2,"name":"Dzia\u0142alno\u015b\u0107 kulturalno &#8211; o\u015bwiatowa","item":"https:\/\/skgd.pl\/dzialalnosc-kulturalno-oswiatowa\/"},{"@type":"ListItem","position":3,"name":"Bajkowe noce"}]}]}},"_links":{"self":[{"href":"https:\/\/skgd.pl\/de\/wp-json\/wp\/v2\/pages\/13516","targetHints":{"allow":["GET"]}}],"collection":[{"href":"https:\/\/skgd.pl\/de\/wp-json\/wp\/v2\/pages"}],"about":[{"href":"https:\/\/skgd.pl\/de\/wp-json\/wp\/v2\/types\/page"}],"author":[{"embeddable":true,"href":"https:\/\/skgd.pl\/de\/wp-json\/wp\/v2\/users\/1"}],"replies":[{"embeddable":true,"href":"https:\/\/skgd.pl\/de\/wp-json\/wp\/v2\/comments?post=13516"}],"version-history":[{"count":28,"href":"https:\/\/skgd.pl\/de\/wp-json\/wp\/v2\/pages\/13516\/revisions"}],"predecessor-version":[{"id":37952,"href":"https:\/\/skgd.pl\/de\/wp-json\/wp\/v2\/pages\/13516\/revisions\/37952"}],"up":[{"embeddable":true,"href":"https:\/\/skgd.pl\/de\/wp-json\/wp\/v2\/pages\/9331"}],"wp:attachment":[{"href":"https:\/\/skgd.pl\/de\/wp-json\/wp\/v2\/media?parent=13516"}],"curies":[{"name":"wp","href":"https:\/\/api.w.org\/{rel}","templated":true}]}}