{"id":13510,"date":"2016-09-19T13:11:12","date_gmt":"2016-09-19T11:11:12","guid":{"rendered":"http:\/\/skgd.pl\/?page_id=13510"},"modified":"2026-03-25T09:49:52","modified_gmt":"2026-03-25T08:49:52","slug":"konkurs-wiedzy-o-mniejszosci-niemieckiej","status":"publish","type":"page","link":"https:\/\/skgd.pl\/de\/dzialalnosc-kulturalno-oswiatowa\/konkurs-wiedzy-o-mniejszosci-niemieckiej\/","title":{"rendered":"Wissenswettbewerb \u00fcber die Deutsche Minderheit"},"content":{"rendered":"<p>[vc_row][vc_column width=&#8221;3\/4&#8243;][vc_column_text]Der <strong>Wissenswettbewerb \u00fcber die deutsche Minderheit<\/strong> findet im Schuljahr 2025\/2026 zum 16. Mal statt. Organisiert wird der Wettbewerb von der Sozial-Kulturellen Gesellschaft der Deutschen im Oppelner Schlesien und Partnern. Initiator ist das B\u00fcro des Abgeordneten Ryszard Galla.<\/p>\n<p>Der Wettbewerb richtet sich an Sch\u00fclerinnen und Sch\u00fcler der Klassen IV-VIII der Grundschulen in der Woiwodschaft Oppeln.<\/p>\n<h3><strong>Etappen des Wettbewerbs<\/strong><\/h3>\n<p>Der Wettbewerb besteht aus zwei Phasen:<\/p>\n<ol>\n<li><strong>Schulphase &#8211; <\/strong>Die erste Etappe wird von den Schulwettbewerbsaussch\u00fcssen durchgef\u00fchrt und findet am 24. M\u00e4rz 2026 um 10:30 Uhr statt.<\/li>\n<li><strong>Woiwodschaftsphase (Finale) &#8211; <\/strong>Das Finale wird von der Wettbewerbskommission organisiert und ist f\u00fcr den 27. April 2026 in Comprachtsch\u00fctz geplant.<\/li>\n<\/ol>\n<p>Die Wettbewerbsfragen f\u00fcr beide Etappen werden von den Organisatoren vorbereitet. Die Teilnehmerinnen und Teilnehmer beantworten 30 Fragen, darunter 20 geschlossene und 10 offene Fragen.<\/p>\n<h3><strong>Ziel des Wettbewerbs<\/strong><\/h3>\n<p>Der Wettbewerb hat folgende Ziele:<\/p>\n<ul>\n<li>Verbreitung von Wissen \u00fcber die deutsche Minderheit sowie \u00fcber die Geschichte und das Erbe der Region,<\/li>\n<li>F\u00f6rderung des Interesses an den Errungenschaften bedeutender Deutscher aus der Woiwodschaft Oppeln,<\/li>\n<li>Abbau von Stereotypen und Entwicklung einer toleranten Haltung,<\/li>\n<li>Motivation junger Menschen zur selbstst\u00e4ndigen Wissensaneignung,<\/li>\n<li>St\u00e4rkung des Verantwortungsbewusstseins f\u00fcr das kulturelle Erbe der Region.<\/li>\n<\/ul>\n<h3><strong>Preise<\/strong><\/h3>\n<p>Die Organisatoren stellen attraktive Einzelpreise sowie Pokale f\u00fcr die besten Schulen in beiden Alterskategorien in Aussicht. Detaillierte Informationen zu den Preisen werden zu einem sp\u00e4teren Zeitpunkt bekannt gegeben.<\/p>\n<h3><strong>Zeitplan f\u00fcr den 16. Wissenswettbewerb \u00fcber die deutsche Minderheit<\/strong><\/h3>\n<ul>\n<li>Anmeldeschluss: bis zum 23. Februar 2026<\/li>\n<li>Schulphase: 24. M\u00e4rz 2026 um 10:30 Uhr<\/li>\n<li>Einsendeschluss f\u00fcr die Ergebnisse der Schulstufe: bis zum 3. April 2026<\/li>\n<li>Woiwodschaftsphase (Finale): 27.April 2025 um 10:00 Uhr<\/li>\n<\/ul>\n<h3><strong>Wichtige Informationen<\/strong><\/h3>\n<p>Der Wettbewerb wird in polnischer Sprache durchgef\u00fchrt und durch das Ministerium f\u00fcr Inneres und Verwaltung sowie das Bundesministerium des Innern \u00fcber den VdG kofinanziert.<\/p>\n<p><strong>Das Reglement des Wettbewerbs finden Sie in den Anh\u00e4ngen auf der rechten Seite. Die vorbereitenden Materialien stehen ab dem 26. Januar 2026 ebenfalls in den Anh\u00e4ngen zur Verf\u00fcgung.<\/strong><\/p>\n<h3>&nbsp;<\/h3>\n<p style=\"text-align: center;\"><em>Wir laden alle herzlich ein, am Wettbewerb teilzunehmen! Details und Neuigkeiten finden Sie auf der Webseite und in den sozialen Medien der Sozial-Kulturellen Gesellschaft der Deutschen im Oppelner Schlesien.<\/em><\/p>\n<p>&nbsp;<\/p>\n<p>&nbsp;<\/p>\n<p>&nbsp;<\/p>\n<p style=\"text-align: justify; margin-right: 0cm; margin-left: 0cm;\"><span style=\"font-size: 12pt;\"><span><strong><span lang=\"DE\" style=\"font-weight: normal;\">Der Wettbewerb ist die beste Gelegenheit, um die Sch\u00fcler f\u00fcr die Themen zu interessieren, die mit der deutschen Minderheit verbunden sind \u2013 dazu geh\u00f6rt insbesondere ihre Geschichte und das Kulturerbe. Der Wettbewerb erm\u00f6glicht auch das Erwerben von Wissen \u00fcber die deutsche Minderheit im Geist des gegenseitigen Respekts und Verst\u00e4ndnisses. Die Aufgaben der Popularisierung der Problematik der nationalen Minderheiten lassen sich von bestimmten Rechtsnormen ableiten. Gem\u00e4\u00df dem Artikel 13.7 des Gesetzes \u00fcber das Bildungssystem vom 7. September 1991 unternimmt das Bildungsministerium Ma\u00dfnahmen \u201ezwecks der Popularisierung des Wissens \u00fcber die Geschichte, Kultur, Sprache und religi\u00f6sen Traditionen der nationalen Minderheiten\u201c. Eine andere Erw\u00e4hnung \u00fcber die Popularisierung der Problematik der nationalen Minderheiten in Polen enthalten die Briefe an den Vertrag zwischen der Bundesrepublik Deutschland und der Republik Polen \u00fcber gute Nachbarschaft und freundschaftliche Zusammenarbeit.<\/span><\/strong><\/span><\/span><\/p>\n<p>[\/vc_column_text][\/vc_column][vc_column width=&#8221;1\/4&#8243;][vc_column_text]<\/p>\n<section class=\"span3\" style=\"margin-top: -22px;\">\n<h4 class=\"h4 heading-h4\" style=\"margin-bottom: 0px; text-align: center;\">&nbsp;<\/h4>\n<div class=\"col-left\">\n<div id=\"execphp-2\" class=\"widget m_bottom_25 widget_execphp\">\n<div class=\"execphpwidget\">\n<div id=\"archives-2\" class=\"widget widget_archive kontakt\" style=\"border-color: #1F97FF !important;\">\n<h4 class=\"h4 heading-h4\" style=\"margin-bottom: 0px; text-align: center;\"><img loading=\"lazy\" decoding=\"async\" class=\"alignnone size-medium wp-image-33636\" src=\"https:\/\/skgd.pl\/wp-content\/uploads\/2023\/11\/LOGO-Konkurs-Wiedzy-o-MN--300x300.png\" alt=\"\" width=\"300\" height=\"300\" srcset=\"https:\/\/skgd.pl\/wp-content\/uploads\/2023\/11\/LOGO-Konkurs-Wiedzy-o-MN--300x300.png 300w, https:\/\/skgd.pl\/wp-content\/uploads\/2023\/11\/LOGO-Konkurs-Wiedzy-o-MN--100x100.png 100w, https:\/\/skgd.pl\/wp-content\/uploads\/2023\/11\/LOGO-Konkurs-Wiedzy-o-MN--150x150.png 150w, https:\/\/skgd.pl\/wp-content\/uploads\/2023\/11\/LOGO-Konkurs-Wiedzy-o-MN--290x290.png 290w, https:\/\/skgd.pl\/wp-content\/uploads\/2023\/11\/LOGO-Konkurs-Wiedzy-o-MN--250x250.png 250w, https:\/\/skgd.pl\/wp-content\/uploads\/2023\/11\/LOGO-Konkurs-Wiedzy-o-MN--170x170.png 170w, https:\/\/skgd.pl\/wp-content\/uploads\/2023\/11\/LOGO-Konkurs-Wiedzy-o-MN--120x120.png 120w, https:\/\/skgd.pl\/wp-content\/uploads\/2023\/11\/LOGO-Konkurs-Wiedzy-o-MN--70x70.png 70w, https:\/\/skgd.pl\/wp-content\/uploads\/2023\/11\/LOGO-Konkurs-Wiedzy-o-MN-.png 500w\" sizes=\"auto, (max-width: 300px) 100vw, 300px\" \/><\/h4>\n<h4 class=\"h4 heading-h4\" style=\"margin-bottom: 0px; text-align: center;\">Kontakt<\/h4>\n<div class=\"kontakt\">\n<p>Anna Koschny<\/p>\n<p>+48 77 402 10 76<\/p>\n<p><a href=\"mailto:anna.koschny@skgd.pl\">anna.koschny@skgd.pl<\/a><\/p>\n<p><a href=\"mailto:konkurswiedzy@skgd.pl\">konkurswiedzy@skgd.pl<\/a><\/p>\n<\/div>\n<p style=\"text-align: center;\"><strong>DRUKI DO POBRANIA<\/strong><\/p>\n<ul>\n<li style=\"text-align: left;\">\n<h5><em><strong><a href=\"https:\/\/skgd.pl\/wp-content\/uploads\/2025\/12\/Regulamin-Konkursu-Wiedzy-o-MN-2026.docx\">Regulamin-Konkurs-Wiedzy-o-MN<\/a><\/strong><a href=\"https:\/\/skgd.pl\/wp-content\/uploads\/2025\/12\/Regulamin-Konkursu-Wiedzy-o-MN-2026.docx\"> 2026<\/a><\/em><\/h5>\n<\/li>\n<li>\n<h5><a href=\"https:\/\/skgd.pl\/wp-content\/uploads\/2025\/12\/zal.1-Wzor-zgloszenia-szkol-i-uczniow-wraz-z-rodo.docx\">Wz\u00f3r zg\u0142oszenia szk\u00f3\u0142 i uczni\u00f3w<\/a><\/h5>\n<\/li>\n<li>\n<h5><em><strong><a href=\"https:\/\/skgd.pl\/wp-content\/uploads\/2025\/12\/zal.2-RODO.docx\">RODO<\/a><\/strong><\/em><\/h5>\n<\/li>\n<li>\n<h5><em><strong><a href=\"https:\/\/skgd.pl\/wp-content\/uploads\/2025\/12\/zal.3-Protokol-z-etapu-szkolnego-1.doc\">Protok\u00f3\u0142 z etapu szkolnego<\/a><\/strong><\/em><\/h5>\n<\/li>\n<li>\n<h5><em><strong><a href=\"https:\/\/skgd.pl\/wp-content\/uploads\/2025\/12\/zal.4-Karta-uczestnika-Etapu-wojewodzkiego-Finalu.doc\">Karta uczestnika Etapu wojew\u00f3dzkiego (Fina\u0142u)<\/a><\/strong><\/em><\/h5>\n<\/li>\n<\/ul>\n<p style=\"text-align: center;\"><em><strong>Zakres materia\u0142\u00f3w 2026:<\/strong><\/em><\/p>\n<ul>\n<li>\n<h4>Etap szkolny:<\/h4>\n<\/li>\n<\/ul>\n<h5><a href=\"https:\/\/skgd.pl\/wp-content\/uploads\/2026\/01\/Zakres-materialow-klasy-IV-VI-etap-szkolny.pdf\">Z<\/a><a href=\"https:\/\/skgd.pl\/wp-content\/uploads\/2026\/01\/Zakres-materialow-klasy-IV-VI-etap-szkolny.pdf\">akres materia\u0142\u00f3w- klasy IV- VI &#8211; etap szkolny (pdf)<\/a><\/h5>\n<h5><a href=\"https:\/\/skgd.pl\/wp-content\/uploads\/2026\/01\/Zakres-materialu-klasy-IV-VI-etap-szkolny.docx\">Zakres materia\u0142u-klasy IV-VI-etap szkolny<\/a><\/h5>\n<h5><a href=\"https:\/\/skgd.pl\/wp-content\/uploads\/2026\/01\/Zakres-materialow-klasy-VII-VIII-etap-szkolny-pdf.pdf\">Zakres materia\u0142\u00f3w klasy VII-VIII- etap szkolny (pdf)<\/a><\/h5>\n<h5><a href=\"https:\/\/skgd.pl\/wp-content\/uploads\/2026\/01\/Zakres-materialu-klasy-VII-VIII-etap-szkolny.docx\">Zakres materia\u0142u-klasy VII-VIII-etap szkolny<\/a><\/h5>\n<ul>\n<li>\n<h4>Etap fina\u0142owy<\/h4>\n<\/li>\n<\/ul>\n<h5><a href=\"https:\/\/skgd.pl\/wp-content\/uploads\/2026\/01\/Zakres-mateialu-klasy-IV-VI-etap-finalowy-pdf.pdf\">Zakres materia\u0142u &#8211; klasy IV- VI etap fina\u0142owy (pdf)<\/a><\/h5>\n<h5><a href=\"https:\/\/skgd.pl\/wp-content\/uploads\/2026\/01\/Zakres-materialu-klasy-IV-VI-etap-finalowy.docx\">Zakres materia\u0142u-klasy IV-VI-etap fina\u0142owy<\/a><\/h5>\n<h5><a href=\"https:\/\/skgd.pl\/wp-content\/uploads\/2026\/01\/Zakres-materialu-klasy-VII-VIII-etap-finalowy-pdf.pdf\">Zakres materia\u0142u &#8211; klasy VII- VIII- etap fina\u0142owy (pdf<\/a><a href=\"https:\/\/skgd.pl\/wp-content\/uploads\/2026\/01\/Zakres-materialu-klasy-VII-VIII-etap-finalowy-pdf.pdf\">) <\/a><\/h5>\n<h5><a href=\"https:\/\/skgd.pl\/wp-content\/uploads\/2026\/01\/Zakres-materialu-klasy-VII-VIII-etap-finalowy.docx\">Zakres materia\u0142u-klasy VII-VIII-etap fina\u0142owy<\/a><\/h5>\n<ul>\n<li>Konkurencja dodatkowa<\/li>\n<\/ul>\n<p><a href=\"https:\/\/skgd.pl\/wp-content\/uploads\/2026\/01\/Material-do-kategorii-dodatkowej.pdf\">Materia\u0142 do kategorii dodatkowej- pdf<\/a><\/p>\n<p><a href=\"https:\/\/skgd.pl\/wp-content\/uploads\/2026\/01\/Zakres-dodatkowy-Klasy-IV-VIII.docx\">Zakres dodatkowy &#8211; Klasy IV-VIII<\/a><\/p>\n<p>&nbsp;<\/p>\n<p style=\"text-align: center;\"><em><strong>Testy z poprzedniej edycji:<\/strong><\/em><\/p>\n<ul>\n<li><a href=\"https:\/\/skgd.pl\/wp-content\/uploads\/2026\/01\/Konkurs-Wiedzy-O-Mniejszosci-Niemieckiej-2025.zip\">Etap szkolny<\/a><\/li>\n<li><a href=\"https:\/\/skgd.pl\/wp-content\/uploads\/2026\/01\/Etap-finalowy.zip\">Etap fina\u0142owy<\/a><\/li>\n<\/ul>\n<\/div>\n<div id=\"archives-2\" class=\"widget widget_archive kontakt\" style=\"border-color: #1F97FF !important;\">\n<h4 class=\"h4 heading-h4\" style=\"margin-bottom: 10px; text-align: center;\">Finanzierung<\/h4>\n<p style=\"text-align: center;\"><img loading=\"lazy\" decoding=\"async\" class=\"alignnone size-medium wp-image-33664\" src=\"https:\/\/skgd.pl\/wp-content\/uploads\/2023\/11\/finansowanie-mswia-logo-2-300x79.png\" alt=\"\" width=\"300\" height=\"79\"><\/p>\n<p><img loading=\"lazy\" decoding=\"async\" class=\" wp-image-37886 aligncenter\" src=\"https:\/\/skgd.pl\/wp-content\/uploads\/2026\/03\/BMI-Logo-2026.png\" alt=\"\" width=\"122\" height=\"125\"><img loading=\"lazy\" decoding=\"async\" class=\"wp-image-37896 aligncenter\" src=\"https:\/\/skgd.pl\/wp-content\/uploads\/2020\/10\/Logo_VDG_color_acronim_base-scaled-e1773127649701-300x190.jpg\" alt=\"\" width=\"171\" height=\"108\" srcset=\"https:\/\/skgd.pl\/wp-content\/uploads\/2020\/10\/Logo_VDG_color_acronim_base-scaled-e1773127649701-300x190.jpg 300w, https:\/\/skgd.pl\/wp-content\/uploads\/2020\/10\/Logo_VDG_color_acronim_base-scaled-e1773127649701-1024x650.jpg 1024w, https:\/\/skgd.pl\/wp-content\/uploads\/2020\/10\/Logo_VDG_color_acronim_base-scaled-e1773127649701-768x488.jpg 768w, https:\/\/skgd.pl\/wp-content\/uploads\/2020\/10\/Logo_VDG_color_acronim_base-scaled-e1773127649701-1536x975.jpg 1536w, https:\/\/skgd.pl\/wp-content\/uploads\/2020\/10\/Logo_VDG_color_acronim_base-scaled-e1773127649701-270x170.jpg 270w, https:\/\/skgd.pl\/wp-content\/uploads\/2020\/10\/Logo_VDG_color_acronim_base-scaled-e1773127649701-370x233.jpg 370w, https:\/\/skgd.pl\/wp-content\/uploads\/2020\/10\/Logo_VDG_color_acronim_base-scaled-e1773127649701-570x359.jpg 570w, https:\/\/skgd.pl\/wp-content\/uploads\/2020\/10\/Logo_VDG_color_acronim_base-scaled-e1773127649701-800x508.jpg 800w, https:\/\/skgd.pl\/wp-content\/uploads\/2020\/10\/Logo_VDG_color_acronim_base-scaled-e1773127649701-600x381.jpg 600w, https:\/\/skgd.pl\/wp-content\/uploads\/2020\/10\/Logo_VDG_color_acronim_base-scaled-e1773127649701.jpg 1882w\" sizes=\"auto, (max-width: 171px) 100vw, 171px\" \/><\/p>\n<p style=\"text-align: center;\"><strong>Schirmherrschaft<\/strong><\/p>\n<p><img loading=\"lazy\" decoding=\"async\" class=\"alignnone wp-image-28853 aligncenter\" src=\"https:\/\/skgd.pl\/wp-content\/uploads\/2022\/03\/kuratorium-300x300.jpg\" alt=\"\" width=\"130\" height=\"130\" srcset=\"https:\/\/skgd.pl\/wp-content\/uploads\/2022\/03\/kuratorium-300x300.jpg 300w, https:\/\/skgd.pl\/wp-content\/uploads\/2022\/03\/kuratorium-100x100.jpg 100w, https:\/\/skgd.pl\/wp-content\/uploads\/2022\/03\/kuratorium-150x150.jpg 150w, https:\/\/skgd.pl\/wp-content\/uploads\/2022\/03\/kuratorium-290x290.jpg 290w, https:\/\/skgd.pl\/wp-content\/uploads\/2022\/03\/kuratorium-250x250.jpg 250w, https:\/\/skgd.pl\/wp-content\/uploads\/2022\/03\/kuratorium-170x170.jpg 170w, https:\/\/skgd.pl\/wp-content\/uploads\/2022\/03\/kuratorium-120x120.jpg 120w, https:\/\/skgd.pl\/wp-content\/uploads\/2022\/03\/kuratorium-70x70.jpg 70w, https:\/\/skgd.pl\/wp-content\/uploads\/2022\/03\/kuratorium.jpg 431w\" sizes=\"auto, (max-width: 130px) 100vw, 130px\" \/><\/p>\n<\/div>\n<\/div>\n<\/div>\n<\/div>\n<\/section>\n<p>[\/vc_column_text][\/vc_column][\/vc_row]<\/p>","protected":false},"excerpt":{"rendered":"<p>[vc_row][vc_column width=&#8221;3\/4&#8243;][vc_column_text]Der Wissenswettbewerb \u00fcber die deutsche Minderheit findet im Schuljahr 2025\/2026 zum 16. Mal statt. Organisiert wird der Wettbewerb von der Sozial-Kulturellen Gesellschaft der Deutschen im Oppelner Schlesien und Partnern. Initiator ist das B\u00fcro des Abgeordneten Ryszard Galla. Der Wettbewerb richtet sich an Sch\u00fclerinnen und Sch\u00fcler der Klassen IV-VIII der Grundschulen in der Woiwodschaft Oppeln. [&hellip;]<\/p>\n","protected":false},"author":1,"featured_media":0,"parent":9331,"menu_order":5,"comment_status":"closed","ping_status":"closed","template":"","meta":{"footnotes":""},"class_list":["post-13510","page","type-page","status-publish","hentry"],"yoast_head":"<!-- This site is optimized with the Yoast SEO plugin v18.9 - https:\/\/yoast.com\/wordpress\/plugins\/seo\/ -->\n<title>Wissenswettbewerb \u00fcber die Deutsche Minderheit - Deutsche Minderheit, Sozial-Kulturelle Gesellschaft der Deutschen im Oppelner Schlesien<\/title>\n<meta name=\"robots\" content=\"index, follow, max-snippet:-1, max-image-preview:large, max-video-preview:-1\" \/>\n<link rel=\"canonical\" href=\"https:\/\/skgd.pl\/dzialalnosc-kulturalno-oswiatowa\/konkurs-wiedzy-o-mniejszosci-niemieckiej\/\" \/>\n<meta property=\"og:locale\" content=\"de_DE\" \/>\n<meta property=\"og:type\" content=\"article\" \/>\n<meta property=\"og:title\" content=\"Wissenswettbewerb \u00fcber die Deutsche Minderheit - Deutsche Minderheit, Sozial-Kulturelle Gesellschaft der Deutschen im Oppelner Schlesien\" \/>\n<meta property=\"og:description\" content=\"[vc_row][vc_column width=&#8221;3\/4&#8243;][vc_column_text]Der Wissenswettbewerb \u00fcber die deutsche Minderheit findet im Schuljahr 2025\/2026 zum 16. Mal statt. Organisiert wird der Wettbewerb von der Sozial-Kulturellen Gesellschaft der Deutschen im Oppelner Schlesien und Partnern. Initiator ist das B\u00fcro des Abgeordneten Ryszard Galla. Der Wettbewerb richtet sich an Sch\u00fclerinnen und Sch\u00fcler der Klassen IV-VIII der Grundschulen in der Woiwodschaft Oppeln. [&hellip;]\" \/>\n<meta property=\"og:url\" content=\"https:\/\/skgd.pl\/dzialalnosc-kulturalno-oswiatowa\/konkurs-wiedzy-o-mniejszosci-niemieckiej\/\" \/>\n<meta property=\"og:site_name\" content=\"Deutsche Minderheit, Sozial-Kulturelle Gesellschaft der Deutschen im Oppelner Schlesien\" \/>\n<meta property=\"article:modified_time\" content=\"2026-03-25T08:49:52+00:00\" \/>\n<meta property=\"og:image\" content=\"https:\/\/skgd.pl\/wp-content\/uploads\/2023\/11\/LOGO-Konkurs-Wiedzy-o-MN--300x300.png\" \/>\n<meta name=\"twitter:card\" content=\"summary_large_image\" \/>\n<meta name=\"twitter:label1\" content=\"Gesch\u00e4tzte Lesezeit\" \/>\n\t<meta name=\"twitter:data1\" content=\"4\u00a0Minuten\" \/>\n<script type=\"application\/ld+json\" class=\"yoast-schema-graph\">{\"@context\":\"https:\/\/schema.org\",\"@graph\":[{\"@type\":\"WebSite\",\"@id\":\"https:\/\/skgd.pl\/#website\",\"url\":\"https:\/\/skgd.pl\/\",\"name\":\"Deutsche Minderheit, Sozial-Kulturelle Gesellschaft der Deutschen im Oppelner Schlesien\",\"description\":\"Deutsche Minderheit in Polen\",\"potentialAction\":[{\"@type\":\"SearchAction\",\"target\":{\"@type\":\"EntryPoint\",\"urlTemplate\":\"https:\/\/skgd.pl\/?s={search_term_string}\"},\"query-input\":\"required name=search_term_string\"}],\"inLanguage\":\"de\"},{\"@type\":\"ImageObject\",\"inLanguage\":\"de\",\"@id\":\"https:\/\/skgd.pl\/dzialalnosc-kulturalno-oswiatowa\/konkurs-wiedzy-o-mniejszosci-niemieckiej\/#primaryimage\",\"url\":\"https:\/\/skgd.pl\/wp-content\/uploads\/2023\/11\/LOGO-Konkurs-Wiedzy-o-MN-.png\",\"contentUrl\":\"https:\/\/skgd.pl\/wp-content\/uploads\/2023\/11\/LOGO-Konkurs-Wiedzy-o-MN-.png\",\"width\":500,\"height\":500},{\"@type\":\"WebPage\",\"@id\":\"https:\/\/skgd.pl\/dzialalnosc-kulturalno-oswiatowa\/konkurs-wiedzy-o-mniejszosci-niemieckiej\/#webpage\",\"url\":\"https:\/\/skgd.pl\/dzialalnosc-kulturalno-oswiatowa\/konkurs-wiedzy-o-mniejszosci-niemieckiej\/\",\"name\":\"Wissenswettbewerb \u00fcber die Deutsche Minderheit - Deutsche Minderheit, Sozial-Kulturelle Gesellschaft der Deutschen im Oppelner Schlesien\",\"isPartOf\":{\"@id\":\"https:\/\/skgd.pl\/#website\"},\"primaryImageOfPage\":{\"@id\":\"https:\/\/skgd.pl\/dzialalnosc-kulturalno-oswiatowa\/konkurs-wiedzy-o-mniejszosci-niemieckiej\/#primaryimage\"},\"datePublished\":\"2016-09-19T11:11:12+00:00\",\"dateModified\":\"2026-03-25T08:49:52+00:00\",\"breadcrumb\":{\"@id\":\"https:\/\/skgd.pl\/dzialalnosc-kulturalno-oswiatowa\/konkurs-wiedzy-o-mniejszosci-niemieckiej\/#breadcrumb\"},\"inLanguage\":\"de\",\"potentialAction\":[{\"@type\":\"ReadAction\",\"target\":[\"https:\/\/skgd.pl\/dzialalnosc-kulturalno-oswiatowa\/konkurs-wiedzy-o-mniejszosci-niemieckiej\/\"]}]},{\"@type\":\"BreadcrumbList\",\"@id\":\"https:\/\/skgd.pl\/dzialalnosc-kulturalno-oswiatowa\/konkurs-wiedzy-o-mniejszosci-niemieckiej\/#breadcrumb\",\"itemListElement\":[{\"@type\":\"ListItem\",\"position\":1,\"name\":\"Strona g\u0142\u00f3wna\",\"item\":\"https:\/\/skgd.pl\/\"},{\"@type\":\"ListItem\",\"position\":2,\"name\":\"Dzia\u0142alno\u015b\u0107 kulturalno &#8211; o\u015bwiatowa\",\"item\":\"https:\/\/skgd.pl\/dzialalnosc-kulturalno-oswiatowa\/\"},{\"@type\":\"ListItem\",\"position\":3,\"name\":\"Konkurs wiedzy o Mniejszo\u015bci Niemieckiej\"}]}]}<\/script>\n<!-- \/ Yoast SEO plugin. -->","yoast_head_json":{"title":"Wissenswettbewerb \u00fcber die Deutsche Minderheit - Deutsche Minderheit, Sozial-Kulturelle Gesellschaft der Deutschen im Oppelner Schlesien","robots":{"index":"index","follow":"follow","max-snippet":"max-snippet:-1","max-image-preview":"max-image-preview:large","max-video-preview":"max-video-preview:-1"},"canonical":"https:\/\/skgd.pl\/dzialalnosc-kulturalno-oswiatowa\/konkurs-wiedzy-o-mniejszosci-niemieckiej\/","og_locale":"de_DE","og_type":"article","og_title":"Wissenswettbewerb \u00fcber die Deutsche Minderheit - Deutsche Minderheit, Sozial-Kulturelle Gesellschaft der Deutschen im Oppelner Schlesien","og_description":"[vc_row][vc_column width=&#8221;3\/4&#8243;][vc_column_text]Der Wissenswettbewerb \u00fcber die deutsche Minderheit findet im Schuljahr 2025\/2026 zum 16. Mal statt. Organisiert wird der Wettbewerb von der Sozial-Kulturellen Gesellschaft der Deutschen im Oppelner Schlesien und Partnern. Initiator ist das B\u00fcro des Abgeordneten Ryszard Galla. Der Wettbewerb richtet sich an Sch\u00fclerinnen und Sch\u00fcler der Klassen IV-VIII der Grundschulen in der Woiwodschaft Oppeln. [&hellip;]","og_url":"https:\/\/skgd.pl\/dzialalnosc-kulturalno-oswiatowa\/konkurs-wiedzy-o-mniejszosci-niemieckiej\/","og_site_name":"Deutsche Minderheit, Sozial-Kulturelle Gesellschaft der Deutschen im Oppelner Schlesien","article_modified_time":"2026-03-25T08:49:52+00:00","og_image":[{"url":"https:\/\/skgd.pl\/wp-content\/uploads\/2023\/11\/LOGO-Konkurs-Wiedzy-o-MN--300x300.png"}],"twitter_card":"summary_large_image","twitter_misc":{"Gesch\u00e4tzte Lesezeit":"4\u00a0Minuten"},"schema":{"@context":"https:\/\/schema.org","@graph":[{"@type":"WebSite","@id":"https:\/\/skgd.pl\/#website","url":"https:\/\/skgd.pl\/","name":"Deutsche Minderheit, Sozial-Kulturelle Gesellschaft der Deutschen im Oppelner Schlesien","description":"Deutsche Minderheit in Polen","potentialAction":[{"@type":"SearchAction","target":{"@type":"EntryPoint","urlTemplate":"https:\/\/skgd.pl\/?s={search_term_string}"},"query-input":"required name=search_term_string"}],"inLanguage":"de"},{"@type":"ImageObject","inLanguage":"de","@id":"https:\/\/skgd.pl\/dzialalnosc-kulturalno-oswiatowa\/konkurs-wiedzy-o-mniejszosci-niemieckiej\/#primaryimage","url":"https:\/\/skgd.pl\/wp-content\/uploads\/2023\/11\/LOGO-Konkurs-Wiedzy-o-MN-.png","contentUrl":"https:\/\/skgd.pl\/wp-content\/uploads\/2023\/11\/LOGO-Konkurs-Wiedzy-o-MN-.png","width":500,"height":500},{"@type":"WebPage","@id":"https:\/\/skgd.pl\/dzialalnosc-kulturalno-oswiatowa\/konkurs-wiedzy-o-mniejszosci-niemieckiej\/#webpage","url":"https:\/\/skgd.pl\/dzialalnosc-kulturalno-oswiatowa\/konkurs-wiedzy-o-mniejszosci-niemieckiej\/","name":"Wissenswettbewerb \u00fcber die Deutsche Minderheit - Deutsche Minderheit, Sozial-Kulturelle Gesellschaft der Deutschen im Oppelner Schlesien","isPartOf":{"@id":"https:\/\/skgd.pl\/#website"},"primaryImageOfPage":{"@id":"https:\/\/skgd.pl\/dzialalnosc-kulturalno-oswiatowa\/konkurs-wiedzy-o-mniejszosci-niemieckiej\/#primaryimage"},"datePublished":"2016-09-19T11:11:12+00:00","dateModified":"2026-03-25T08:49:52+00:00","breadcrumb":{"@id":"https:\/\/skgd.pl\/dzialalnosc-kulturalno-oswiatowa\/konkurs-wiedzy-o-mniejszosci-niemieckiej\/#breadcrumb"},"inLanguage":"de","potentialAction":[{"@type":"ReadAction","target":["https:\/\/skgd.pl\/dzialalnosc-kulturalno-oswiatowa\/konkurs-wiedzy-o-mniejszosci-niemieckiej\/"]}]},{"@type":"BreadcrumbList","@id":"https:\/\/skgd.pl\/dzialalnosc-kulturalno-oswiatowa\/konkurs-wiedzy-o-mniejszosci-niemieckiej\/#breadcrumb","itemListElement":[{"@type":"ListItem","position":1,"name":"Strona g\u0142\u00f3wna","item":"https:\/\/skgd.pl\/"},{"@type":"ListItem","position":2,"name":"Dzia\u0142alno\u015b\u0107 kulturalno &#8211; o\u015bwiatowa","item":"https:\/\/skgd.pl\/dzialalnosc-kulturalno-oswiatowa\/"},{"@type":"ListItem","position":3,"name":"Konkurs wiedzy o Mniejszo\u015bci Niemieckiej"}]}]}},"_links":{"self":[{"href":"https:\/\/skgd.pl\/de\/wp-json\/wp\/v2\/pages\/13510","targetHints":{"allow":["GET"]}}],"collection":[{"href":"https:\/\/skgd.pl\/de\/wp-json\/wp\/v2\/pages"}],"about":[{"href":"https:\/\/skgd.pl\/de\/wp-json\/wp\/v2\/types\/page"}],"author":[{"embeddable":true,"href":"https:\/\/skgd.pl\/de\/wp-json\/wp\/v2\/users\/1"}],"replies":[{"embeddable":true,"href":"https:\/\/skgd.pl\/de\/wp-json\/wp\/v2\/comments?post=13510"}],"version-history":[{"count":117,"href":"https:\/\/skgd.pl\/de\/wp-json\/wp\/v2\/pages\/13510\/revisions"}],"predecessor-version":[{"id":37951,"href":"https:\/\/skgd.pl\/de\/wp-json\/wp\/v2\/pages\/13510\/revisions\/37951"}],"up":[{"embeddable":true,"href":"https:\/\/skgd.pl\/de\/wp-json\/wp\/v2\/pages\/9331"}],"wp:attachment":[{"href":"https:\/\/skgd.pl\/de\/wp-json\/wp\/v2\/media?parent=13510"}],"curies":[{"name":"wp","href":"https:\/\/api.w.org\/{rel}","templated":true}]}}