{"id":11210,"date":"2016-02-16T18:42:24","date_gmt":"2016-02-16T17:42:24","guid":{"rendered":"http:\/\/skgd.pl\/?page_id=11210"},"modified":"2025-06-23T21:14:32","modified_gmt":"2025-06-23T19:14:32","slug":"dofinansowanie","status":"publish","type":"page","link":"https:\/\/skgd.pl\/de\/dzialalnosc-kulturalno-oswiatowa\/zespoly-artystyczne-tskn\/dofinansowanie\/","title":{"rendered":"UNTERST\u00dcTZUNG DER KULTURGRUPPEN DER SKGD F\u00dcR DAS JAHR 2026"},"content":{"rendered":"<p>[vc_row][vc_column width=&#8221;3\/4&#8243;][vc_column_text]Dank der Zuwendung des Ministeriums des Innern und der Verwaltung haben die Kulturgruppen der Sozial-Kulturellen Gesellschaft der Deutschen im Oppelner Schlesien die M\u00f6glichkeit, sich um eine Finanzierung ihrer T\u00e4tigkeit zu bem\u00fchen. Um finanzielle Unterst\u00fctzung zu beantragen, f\u00fcllen Sie bitte den elektronischen oder papierbasierten Antrag aus, den Sie in der Tabelle rechts finden.<\/p>\n<p>Der Bewerbungsschluss f\u00fcr die Mittel im Jahr 2026 ist der <strong>31. Juli 2025 (Donnerstag)<\/strong>.<\/p>\n<p>Wir m\u00f6chten Sie daran erinnern, dass Sie sich um eine Unterst\u00fctzung der T\u00e4tigkeit der Kulturgruppen bewerben \u2013 wir k\u00f6nnen nicht alle Kosten \u00fcbernehmen, sondern lediglich <strong>80\u202f% der Gesamtkosten<\/strong>.<\/p>\n<p>Bitte beachten Sie, dass die Antr\u00e4ge den <strong>genauen Bedarf<\/strong> (Menge, Art, Preis) beinhalten m\u00fcssen. \u00dcberlegen Sie sich bitte gut, welchen Betrag Sie beantragen m\u00f6chten.<\/p>\n<p>F\u00fcr das Jahr 2026 k\u00f6nnen Zusch\u00fcsse f\u00fcr folgende Ausgabenkategorien beantragt werden:<br \/>\n\u2013 Transportkosten (Busfahrten\/Busanmietung) oder Kraftstoffkosten<br \/>\n\u2013 Kauf von Instrumenten und Zubeh\u00f6r (z.\u202fB. Notenst\u00e4nder, Pflegemittel f\u00fcr Instrumente)<br \/>\n\u2013 Reparatur von Instrumenten oder Musikanlagen<br \/>\n\u2013 Kauf von Musikanlagen (z.\u202fB. Lautsprecher, Kabel, Mikrofone)<br \/>\n\u2013 Weitere Ausgaben, z.\u202fB.: Lampen f\u00fcr Notenst\u00e4nder; Kost\u00fcme: N\u00e4hen von Kost\u00fcmen (Dienstleistung), Kauf von Stoffen, Kauf fertiger Kost\u00fcme (!kein N\u00e4hen), z.\u202fB. Hemden, R\u00f6cke; Tanzzubeh\u00f6r wie Pompons<\/p>\n<p>Zus\u00e4tzlich kann eine <strong>Bezuschussung des Gehalts der Gruppenleitung<\/strong> beantragt werden.<\/p>\n<p>Bitte geben Sie m\u00f6glichst <strong>genau den Bedarf<\/strong> an, den Sie bezuschussen lassen m\u00f6chten, z.\u202fB. die Anzahl der Schuhpaare oder geplanten Fahrten.<\/p>\n<p><strong>Achtung!<\/strong> Die Einreichung eines Antrags bedeutet <strong>nicht automatisch<\/strong>, dass eine F\u00f6rderung gew\u00e4hrt wird. Die Antr\u00e4ge werden im Hinblick auf die H\u00f6he der Zuwendung gepr\u00fcft, die wir vom Ministerium zum Jahreswechsel 2025\/2026 erhalten. Genaue Informationen dazu folgen Anfang 2026.<\/p>\n<p><strong>F\u00f6rderbedingungen f\u00fcr Kulturgruppen der SKGD:<\/strong><\/p>\n<ol>\n<li>Die Gruppe muss bei einem bestimmten DFK, DFK-Gemeindevorstand oder DFK-Kreisvorstand t\u00e4tig sein.<\/li>\n<li>Nur Gruppen, die mit dem DFK zusammenarbeiten, k\u00f6nnen durch die SKGD dank der F\u00f6rderung des Ministeriums finanziert werden.<\/li>\n<li>Die Gruppe tritt als Kulturgruppe der Sozial-Kulturellen Gesellschaft der Deutschen im Oppelner Schlesien auf und \u00e4ndert <strong>nicht<\/strong> ihren Namen je nach Auftrittsort oder Veranstalter.<\/li>\n<li>Die Kulturgruppe pr\u00e4sentiert ein <strong>zweisprachiges Programm (Deutsch und Polnisch)<\/strong>.<\/li>\n<li>Die durch SKGD gef\u00f6rderte Kulturgruppe bewirbt die Gesellschaft, indem sie auf ihren Werbematerialien eine Information (Logo) \u00fcber die Finanzierung durch SKGD und das Innenministerium anbringt.<\/li>\n<li>Eine Voraussetzung f\u00fcr die F\u00f6rderung ist die <strong>fristgerechte Einreichung<\/strong> des Antrags innerhalb der von der SKGD gesetzten Frist.<\/li>\n<li>Weitere Voraussetzung ist die <strong>termingerechte und ordnungsgem\u00e4\u00dfe Abrechnung<\/strong> der F\u00f6rdermittel aus dem Vorjahr sowie die \u00dcbermittlung von Berichten und Fotodokumentation \u00fcber die durchgef\u00fchrten Aktivit\u00e4ten.<\/li>\n<\/ol>\n<p><strong>Gruppen \/ Solisten, die bisher keinen Zuschuss erhalten haben und noch nicht mit der SKGD zusammengearbeitet haben, aber eine solche Zusammenarbeit aufnehmen m\u00f6chten, k\u00f6nnen sich an die Koordinatorin der Kulturgruppen der SKGD wenden: Ewa Janiszewska <\/strong>(E-Mail: ewa.janiszewska@skgd.pl; Tel. 506 264 831, 77 40 21 077).[\/vc_column_text][vc_raw_html]JTNDYSUyMGNsYXNzJTNEJTIydmNfZ2l0ZW0tbGluayUyMHZjX2dlbmVyYWwlMjB2Y19idG4zJTIwdmNfYnRuMy1zaXplLW1kJTIwdmNfYnRuMy1zaGFwZS1yb3VuZGVkJTIwdmNfYnRuMy1zdHlsZS1mbGF0JTIwdmNfYnRuMy1jb2xvci1qdWljeS1waW5rJTIyJTIwdGl0bGUlM0QlMjJXeXBlJUM1JTgybmlqJTIwZm9ybXVsYXJ6JTIxJTIyJTIwaHJlZiUzRCUyMmh0dHBzJTNBJTJGJTJGc2tnZC5wbCUyRmR6aWFsYWxub3NjLWt1bHR1cmFsbm8tb3N3aWF0b3dhJTJGemVzcG9seS1hcnR5c3R5Y3puZS10c2tuJTJGZm9ybXVsYXJ6LXplc3BvbHlfYXJ0eXN0eWN6bmUlMkYlMjIlM0UlM0NpJTIwY2xhc3MlM0QlMjJmYSUyMGZhLWxpbmslMjIlM0UlM0MlMkZpJTNFJTIwJTNDYiUzRUZvcm11bGFyJTIwenVtJTIwYXVzZiVDMyVCQ2xsZW4lM0MlMkZiJTNFJTNDJTJGYSUzRQ==[\/vc_raw_html][\/vc_column][vc_column width=&#8221;1\/4&#8243;][vc_column_text]<\/p>\n<section class=\"span3\" style=\"margin-top: -22px;\">\n<div class=\"col-left\">\n<div id=\"execphp-2\" class=\"widget m_bottom_25 widget_execphp\">\n<div class=\"execphpwidget\">\n<div id=\"archives-2\" class=\"widget widget_archive kontakt\" style=\"border-color: #1F97FF !important;\">\n<h4 class=\"h4 heading-h4\" style=\"margin-bottom: 0px; text-align: center;\">Kontakt<\/h4>\n<div class=\"kontakt\">\n<div class=\"kontakt\">\n<p>Andrea Pownuk<\/p>\n<p><a href=\"mailto:ewa.janiszewska@skgd.pl\">ewa.janiszewska@skgd.pl<\/a><\/p>\n<p>Tel. <a href=\"tel:+48 77 402 10 77\">+48 77 402 10 77<\/a><br \/>\nTel. <a href=\"tel:+48 506&nbsp;264 831\">+48 506 264 831<\/a><\/p>\n<\/div>\n<\/div>\n<h4 class=\"h4 heading-h4\" style=\"margin-bottom: 20px; margin-top: 10px; text-align: center;\">Download<\/h4>\n<ul>\n<li class=\"linki\"><span><span class=\"iconized font-awesome glyph-link\"><\/span><a href=\"https:\/\/skgd.pl\/dzialalnosc-kulturalno-oswiatowa\/zespoly-artystyczne-tskn\/formularz-zespoly_artystyczne\/\">Wniosek ONLINE<\/a><\/span><\/li>\n<li class=\"linki\"><span><span class=\"iconized font-awesome glyph-link\"><\/span><a href=\"https:\/\/skgd.pl\/wp-content\/uploads\/2025\/06\/Wniosek-zespoly-artystyczne-wersja-papierowa.docx\" download=\"\">Wniosek [DOC]<\/a><\/span><\/li>\n<li class=\"linki\"><span><span class=\"iconized font-awesome glyph-link\"><\/span><a href=\"https:\/\/skgd.pl\/wp-content\/uploads\/2025\/06\/Wniosek-zespoly-artystyczne-wersja-papierowa.pdf\" download=\"\">Wniosek [PDF]<\/a><\/span><\/li>\n<\/ul>\n<h4 class=\"h4 heading-h4\" style=\"margin-bottom: 20px; margin-top: 10px; text-align: center;\">Partner<\/h4>\n<p style=\"text-align: center;\"><a href=\"https:\/\/skgd.pl\/wp-content\/uploads\/2016\/01\/4-MSWiA-1.png\" rel=\"attachment wp-att-10123\"><img loading=\"lazy\" decoding=\"async\" width=\"217\" height=\"120\" class=\"alignnone size-full wp-image-10123\" src=\"https:\/\/skgd.pl\/wp-content\/uploads\/2016\/01\/4-MSWiA-1.png\" alt=\"4- MSWiA\"><\/a><\/p>\n<\/div>\n<\/div>\n<\/div>\n<\/div>\n<\/section>\n<p>[\/vc_column_text][\/vc_column][\/vc_row]<\/p>","protected":false},"excerpt":{"rendered":"<p>[vc_row][vc_column width=&#8221;3\/4&#8243;][vc_column_text]Dank der Zuwendung des Ministeriums des Innern und der Verwaltung haben die Kulturgruppen der Sozial-Kulturellen Gesellschaft der Deutschen im Oppelner Schlesien die M\u00f6glichkeit, sich um eine Finanzierung ihrer T\u00e4tigkeit zu bem\u00fchen. Um finanzielle Unterst\u00fctzung zu beantragen, f\u00fcllen Sie bitte den elektronischen oder papierbasierten Antrag aus, den Sie in der Tabelle rechts finden. Der Bewerbungsschluss [&hellip;]<\/p>\n","protected":false},"author":1,"featured_media":0,"parent":9335,"menu_order":15,"comment_status":"closed","ping_status":"closed","template":"","meta":{"footnotes":""},"class_list":["post-11210","page","type-page","status-publish","hentry"],"yoast_head":"<!-- This site is optimized with the Yoast SEO plugin v18.9 - https:\/\/yoast.com\/wordpress\/plugins\/seo\/ -->\n<title>UNTERST\u00dcTZUNG DER KULTURGRUPPEN DER SKGD F\u00dcR DAS JAHR 2026 - Deutsche Minderheit, Sozial-Kulturelle Gesellschaft der Deutschen im Oppelner Schlesien<\/title>\n<meta name=\"robots\" content=\"index, follow, max-snippet:-1, max-image-preview:large, max-video-preview:-1\" \/>\n<link rel=\"canonical\" href=\"https:\/\/skgd.pl\/dzialalnosc-kulturalno-oswiatowa\/zespoly-artystyczne-tskn\/dofinansowanie\/\" \/>\n<meta property=\"og:locale\" content=\"de_DE\" \/>\n<meta property=\"og:type\" content=\"article\" \/>\n<meta property=\"og:title\" content=\"UNTERST\u00dcTZUNG DER KULTURGRUPPEN DER SKGD F\u00dcR DAS JAHR 2026 - Deutsche Minderheit, Sozial-Kulturelle Gesellschaft der Deutschen im Oppelner Schlesien\" \/>\n<meta property=\"og:description\" content=\"[vc_row][vc_column width=&#8221;3\/4&#8243;][vc_column_text]Dank der Zuwendung des Ministeriums des Innern und der Verwaltung haben die Kulturgruppen der Sozial-Kulturellen Gesellschaft der Deutschen im Oppelner Schlesien die M\u00f6glichkeit, sich um eine Finanzierung ihrer T\u00e4tigkeit zu bem\u00fchen. Um finanzielle Unterst\u00fctzung zu beantragen, f\u00fcllen Sie bitte den elektronischen oder papierbasierten Antrag aus, den Sie in der Tabelle rechts finden. Der Bewerbungsschluss [&hellip;]\" \/>\n<meta property=\"og:url\" content=\"https:\/\/skgd.pl\/dzialalnosc-kulturalno-oswiatowa\/zespoly-artystyczne-tskn\/dofinansowanie\/\" \/>\n<meta property=\"og:site_name\" content=\"Deutsche Minderheit, Sozial-Kulturelle Gesellschaft der Deutschen im Oppelner Schlesien\" \/>\n<meta property=\"article:modified_time\" content=\"2025-06-23T19:14:32+00:00\" \/>\n<meta property=\"og:image\" content=\"https:\/\/skgd.pl\/wp-content\/uploads\/2016\/01\/4-MSWiA-1.png\" \/>\n<meta name=\"twitter:card\" content=\"summary_large_image\" \/>\n<meta name=\"twitter:label1\" content=\"Gesch\u00e4tzte Lesezeit\" \/>\n\t<meta name=\"twitter:data1\" content=\"4\u00a0Minuten\" \/>\n<script type=\"application\/ld+json\" class=\"yoast-schema-graph\">{\"@context\":\"https:\/\/schema.org\",\"@graph\":[{\"@type\":\"WebSite\",\"@id\":\"https:\/\/skgd.pl\/#website\",\"url\":\"https:\/\/skgd.pl\/\",\"name\":\"Deutsche Minderheit, Sozial-Kulturelle Gesellschaft der Deutschen im Oppelner Schlesien\",\"description\":\"Deutsche Minderheit in Polen\",\"potentialAction\":[{\"@type\":\"SearchAction\",\"target\":{\"@type\":\"EntryPoint\",\"urlTemplate\":\"https:\/\/skgd.pl\/?s={search_term_string}\"},\"query-input\":\"required name=search_term_string\"}],\"inLanguage\":\"de\"},{\"@type\":\"ImageObject\",\"inLanguage\":\"de\",\"@id\":\"https:\/\/skgd.pl\/dzialalnosc-kulturalno-oswiatowa\/zespoly-artystyczne-tskn\/dofinansowanie\/#primaryimage\",\"url\":\"https:\/\/skgd.pl\/wp-content\/uploads\/2016\/01\/4-MSWiA-1.png\",\"contentUrl\":\"https:\/\/skgd.pl\/wp-content\/uploads\/2016\/01\/4-MSWiA-1.png\",\"width\":217,\"height\":120},{\"@type\":\"WebPage\",\"@id\":\"https:\/\/skgd.pl\/dzialalnosc-kulturalno-oswiatowa\/zespoly-artystyczne-tskn\/dofinansowanie\/#webpage\",\"url\":\"https:\/\/skgd.pl\/dzialalnosc-kulturalno-oswiatowa\/zespoly-artystyczne-tskn\/dofinansowanie\/\",\"name\":\"UNTERST\u00dcTZUNG DER KULTURGRUPPEN DER SKGD F\u00dcR DAS JAHR 2026 - Deutsche Minderheit, Sozial-Kulturelle Gesellschaft der Deutschen im Oppelner Schlesien\",\"isPartOf\":{\"@id\":\"https:\/\/skgd.pl\/#website\"},\"primaryImageOfPage\":{\"@id\":\"https:\/\/skgd.pl\/dzialalnosc-kulturalno-oswiatowa\/zespoly-artystyczne-tskn\/dofinansowanie\/#primaryimage\"},\"datePublished\":\"2016-02-16T17:42:24+00:00\",\"dateModified\":\"2025-06-23T19:14:32+00:00\",\"breadcrumb\":{\"@id\":\"https:\/\/skgd.pl\/dzialalnosc-kulturalno-oswiatowa\/zespoly-artystyczne-tskn\/dofinansowanie\/#breadcrumb\"},\"inLanguage\":\"de\",\"potentialAction\":[{\"@type\":\"ReadAction\",\"target\":[\"https:\/\/skgd.pl\/dzialalnosc-kulturalno-oswiatowa\/zespoly-artystyczne-tskn\/dofinansowanie\/\"]}]},{\"@type\":\"BreadcrumbList\",\"@id\":\"https:\/\/skgd.pl\/dzialalnosc-kulturalno-oswiatowa\/zespoly-artystyczne-tskn\/dofinansowanie\/#breadcrumb\",\"itemListElement\":[{\"@type\":\"ListItem\",\"position\":1,\"name\":\"Strona g\u0142\u00f3wna\",\"item\":\"https:\/\/skgd.pl\/\"},{\"@type\":\"ListItem\",\"position\":2,\"name\":\"Dzia\u0142alno\u015b\u0107 kulturalno &#8211; o\u015bwiatowa\",\"item\":\"https:\/\/skgd.pl\/dzialalnosc-kulturalno-oswiatowa\/\"},{\"@type\":\"ListItem\",\"position\":3,\"name\":\"Zespo\u0142y artystyczne TSKN\",\"item\":\"https:\/\/skgd.pl\/dzialalnosc-kulturalno-oswiatowa\/zespoly-artystyczne-tskn\/\"},{\"@type\":\"ListItem\",\"position\":4,\"name\":\"DOFINANSOWANIE ZESPO\u0141\u00d3W ARTYSTYCZNYCH TSKN NA ROK 2026\"}]}]}<\/script>\n<!-- \/ Yoast SEO plugin. -->","yoast_head_json":{"title":"UNTERST\u00dcTZUNG DER KULTURGRUPPEN DER SKGD F\u00dcR DAS JAHR 2026 - Deutsche Minderheit, Sozial-Kulturelle Gesellschaft der Deutschen im Oppelner Schlesien","robots":{"index":"index","follow":"follow","max-snippet":"max-snippet:-1","max-image-preview":"max-image-preview:large","max-video-preview":"max-video-preview:-1"},"canonical":"https:\/\/skgd.pl\/dzialalnosc-kulturalno-oswiatowa\/zespoly-artystyczne-tskn\/dofinansowanie\/","og_locale":"de_DE","og_type":"article","og_title":"UNTERST\u00dcTZUNG DER KULTURGRUPPEN DER SKGD F\u00dcR DAS JAHR 2026 - Deutsche Minderheit, Sozial-Kulturelle Gesellschaft der Deutschen im Oppelner Schlesien","og_description":"[vc_row][vc_column width=&#8221;3\/4&#8243;][vc_column_text]Dank der Zuwendung des Ministeriums des Innern und der Verwaltung haben die Kulturgruppen der Sozial-Kulturellen Gesellschaft der Deutschen im Oppelner Schlesien die M\u00f6glichkeit, sich um eine Finanzierung ihrer T\u00e4tigkeit zu bem\u00fchen. Um finanzielle Unterst\u00fctzung zu beantragen, f\u00fcllen Sie bitte den elektronischen oder papierbasierten Antrag aus, den Sie in der Tabelle rechts finden. Der Bewerbungsschluss [&hellip;]","og_url":"https:\/\/skgd.pl\/dzialalnosc-kulturalno-oswiatowa\/zespoly-artystyczne-tskn\/dofinansowanie\/","og_site_name":"Deutsche Minderheit, Sozial-Kulturelle Gesellschaft der Deutschen im Oppelner Schlesien","article_modified_time":"2025-06-23T19:14:32+00:00","og_image":[{"url":"https:\/\/skgd.pl\/wp-content\/uploads\/2016\/01\/4-MSWiA-1.png"}],"twitter_card":"summary_large_image","twitter_misc":{"Gesch\u00e4tzte Lesezeit":"4\u00a0Minuten"},"schema":{"@context":"https:\/\/schema.org","@graph":[{"@type":"WebSite","@id":"https:\/\/skgd.pl\/#website","url":"https:\/\/skgd.pl\/","name":"Deutsche Minderheit, Sozial-Kulturelle Gesellschaft der Deutschen im Oppelner Schlesien","description":"Deutsche Minderheit in Polen","potentialAction":[{"@type":"SearchAction","target":{"@type":"EntryPoint","urlTemplate":"https:\/\/skgd.pl\/?s={search_term_string}"},"query-input":"required name=search_term_string"}],"inLanguage":"de"},{"@type":"ImageObject","inLanguage":"de","@id":"https:\/\/skgd.pl\/dzialalnosc-kulturalno-oswiatowa\/zespoly-artystyczne-tskn\/dofinansowanie\/#primaryimage","url":"https:\/\/skgd.pl\/wp-content\/uploads\/2016\/01\/4-MSWiA-1.png","contentUrl":"https:\/\/skgd.pl\/wp-content\/uploads\/2016\/01\/4-MSWiA-1.png","width":217,"height":120},{"@type":"WebPage","@id":"https:\/\/skgd.pl\/dzialalnosc-kulturalno-oswiatowa\/zespoly-artystyczne-tskn\/dofinansowanie\/#webpage","url":"https:\/\/skgd.pl\/dzialalnosc-kulturalno-oswiatowa\/zespoly-artystyczne-tskn\/dofinansowanie\/","name":"UNTERST\u00dcTZUNG DER KULTURGRUPPEN DER SKGD F\u00dcR DAS JAHR 2026 - Deutsche Minderheit, Sozial-Kulturelle Gesellschaft der Deutschen im Oppelner Schlesien","isPartOf":{"@id":"https:\/\/skgd.pl\/#website"},"primaryImageOfPage":{"@id":"https:\/\/skgd.pl\/dzialalnosc-kulturalno-oswiatowa\/zespoly-artystyczne-tskn\/dofinansowanie\/#primaryimage"},"datePublished":"2016-02-16T17:42:24+00:00","dateModified":"2025-06-23T19:14:32+00:00","breadcrumb":{"@id":"https:\/\/skgd.pl\/dzialalnosc-kulturalno-oswiatowa\/zespoly-artystyczne-tskn\/dofinansowanie\/#breadcrumb"},"inLanguage":"de","potentialAction":[{"@type":"ReadAction","target":["https:\/\/skgd.pl\/dzialalnosc-kulturalno-oswiatowa\/zespoly-artystyczne-tskn\/dofinansowanie\/"]}]},{"@type":"BreadcrumbList","@id":"https:\/\/skgd.pl\/dzialalnosc-kulturalno-oswiatowa\/zespoly-artystyczne-tskn\/dofinansowanie\/#breadcrumb","itemListElement":[{"@type":"ListItem","position":1,"name":"Strona g\u0142\u00f3wna","item":"https:\/\/skgd.pl\/"},{"@type":"ListItem","position":2,"name":"Dzia\u0142alno\u015b\u0107 kulturalno &#8211; o\u015bwiatowa","item":"https:\/\/skgd.pl\/dzialalnosc-kulturalno-oswiatowa\/"},{"@type":"ListItem","position":3,"name":"Zespo\u0142y artystyczne TSKN","item":"https:\/\/skgd.pl\/dzialalnosc-kulturalno-oswiatowa\/zespoly-artystyczne-tskn\/"},{"@type":"ListItem","position":4,"name":"DOFINANSOWANIE ZESPO\u0141\u00d3W ARTYSTYCZNYCH TSKN NA ROK 2026"}]}]}},"_links":{"self":[{"href":"https:\/\/skgd.pl\/de\/wp-json\/wp\/v2\/pages\/11210","targetHints":{"allow":["GET"]}}],"collection":[{"href":"https:\/\/skgd.pl\/de\/wp-json\/wp\/v2\/pages"}],"about":[{"href":"https:\/\/skgd.pl\/de\/wp-json\/wp\/v2\/types\/page"}],"author":[{"embeddable":true,"href":"https:\/\/skgd.pl\/de\/wp-json\/wp\/v2\/users\/1"}],"replies":[{"embeddable":true,"href":"https:\/\/skgd.pl\/de\/wp-json\/wp\/v2\/comments?post=11210"}],"version-history":[{"count":72,"href":"https:\/\/skgd.pl\/de\/wp-json\/wp\/v2\/pages\/11210\/revisions"}],"predecessor-version":[{"id":36601,"href":"https:\/\/skgd.pl\/de\/wp-json\/wp\/v2\/pages\/11210\/revisions\/36601"}],"up":[{"embeddable":true,"href":"https:\/\/skgd.pl\/de\/wp-json\/wp\/v2\/pages\/9335"}],"wp:attachment":[{"href":"https:\/\/skgd.pl\/de\/wp-json\/wp\/v2\/media?parent=11210"}],"curies":[{"name":"wp","href":"https:\/\/api.w.org\/{rel}","templated":true}]}}