{"id":10377,"date":"2016-01-29T13:40:41","date_gmt":"2016-01-29T12:40:41","guid":{"rendered":"http:\/\/skgd.pl\/?page_id=10377"},"modified":"2025-01-02T16:57:14","modified_gmt":"2025-01-02T15:57:14","slug":"strategia-rozwoju-oswiaty-mniejszosci-niemieckiej-w-polsce","status":"publish","type":"page","link":"https:\/\/skgd.pl\/de\/o-nas\/regulacje-prawne\/strategia-rozwoju-oswiaty-mniejszosci-niemieckiej-w-polsce\/","title":{"rendered":"Bildungsstrategie f\u00fcr die deutsche Minderheit in Polen"},"content":{"rendered":"<p>[vc_row][vc_column][vc_column_text]<\/p>\n<p style=\"text-align: justify;\">Im Jahr 2006 entstand die Entwicklungsstrategie der Bildung der deutschen Minderheit in Polen<em>, <\/em><em>ein D<\/em>okument, welches vom polnischen Bildungsministerium dem Ministerium des Innern und der Verwaltung sowie Einheiten der Kommunen, Bildungskuratoren und Organisationen der deutschen Minderheit in Polen entwickelt wurde. Gem\u00e4\u00df dem in Polen geltenden Recht und den internationalen Verpflichtungen des Landes, haben Personen, die der deutschen Minderheit angeh\u00f6ren sowohl das Recht auf Sprachunterricht, Unterricht in deutscher Sprache sowie Deutsch als Minderheitensprache. Voraussetzung zur Bearbeitung einer solchen Strategie war die Auseinandersetzung mit spezifischen Problemen der Bildung der DM in Polen. Die deutsche Minderheit hat mit der Bildungsstrategie u.a.&nbsp; die Gr\u00fcndung von zweisprachigen Schulen, \u00c4nderung des Systems der Bildungsfinanzierung, \u00c4nderung der Unterrichtsinhalte d.h. der Programme und Lehrb\u00fccher, Gr\u00fcndung von Zusch\u00fcssen zwecks Unterst\u00fctzung der methodischen Beratung f\u00fcr Lehrer f\u00fcr Deutsch als Minderheitensprache, Einf\u00fchrung von zweisprachigen Zeugnissen f\u00fcr Sch\u00fcler der zweisprachigen Schulen sowie Intensivierung des deutsch-polnischen Sch\u00fcleraustausches. Vertreter der deutschen Minderheit haben bei den Verhandlungen am Runden Tisch erreicht, dass staatliche Institutionen die Verifizierung des oben erw\u00e4hnten Dokumentes und den Grad seiner Umsetzung pr\u00fcfen. Im Rahmen der Realisierung dieses Beschlusses wurde eine spezielle Arbeitsgruppe ins Leben gerufen, welche \u00fcber die Einf\u00fchrung von \u00c4nderungen in oben genannten Dokument beraten soll. Die Seiten bei den Verhandlungen sind Vertreter der deutschen Minderheit, des Ministeriums der Verwaltung und Digitalisierung sowie des Bildungsministeriums.<\/p>\n<p style=\"text-align: justify;\">Der ganze&nbsp; Text des Dokuments:&nbsp;<a href=\"https:\/\/www.gov.pl\/web\/mniejszosci-narodowe-i-etniczne\/strategie-rozwoju-oswiaty\">Bildungsstrategie f\u00fcr die deutsche Minderheit in Polen<\/a><\/p>\n<p>[\/vc_column_text][\/vc_column][\/vc_row]<\/p>","protected":false},"excerpt":{"rendered":"<p>[vc_row][vc_column][vc_column_text] Im Jahr 2006 entstand die Entwicklungsstrategie der Bildung der deutschen Minderheit in Polen, ein Dokument, welches vom polnischen Bildungsministerium dem Ministerium des Innern und der Verwaltung sowie Einheiten der Kommunen, Bildungskuratoren und Organisationen der deutschen Minderheit in Polen entwickelt wurde. Gem\u00e4\u00df dem in Polen geltenden Recht und den internationalen Verpflichtungen des Landes, haben Personen, [&hellip;]<\/p>\n","protected":false},"author":1,"featured_media":0,"parent":9728,"menu_order":18,"comment_status":"closed","ping_status":"closed","template":"","meta":{"footnotes":""},"class_list":["post-10377","page","type-page","status-publish","hentry"],"yoast_head":"<!-- This site is optimized with the Yoast SEO plugin v18.9 - https:\/\/yoast.com\/wordpress\/plugins\/seo\/ -->\n<title>Bildungsstrategie f\u00fcr die deutsche Minderheit in Polen - Deutsche Minderheit, Sozial-Kulturelle Gesellschaft der Deutschen im Oppelner Schlesien<\/title>\n<meta name=\"robots\" content=\"index, follow, max-snippet:-1, max-image-preview:large, max-video-preview:-1\" \/>\n<link rel=\"canonical\" href=\"https:\/\/skgd.pl\/en\/o-nas\/regulacje-prawne\/strategia-rozwoju-oswiaty-mniejszosci-niemieckiej-w-polsce\/\" \/>\n<meta property=\"og:locale\" content=\"de_DE\" \/>\n<meta property=\"og:type\" content=\"article\" \/>\n<meta property=\"og:title\" content=\"Bildungsstrategie f\u00fcr die deutsche Minderheit in Polen - Deutsche Minderheit, Sozial-Kulturelle Gesellschaft der Deutschen im Oppelner Schlesien\" \/>\n<meta property=\"og:description\" content=\"[vc_row][vc_column][vc_column_text] Im Jahr 2006 entstand die Entwicklungsstrategie der Bildung der deutschen Minderheit in Polen, ein Dokument, welches vom polnischen Bildungsministerium dem Ministerium des Innern und der Verwaltung sowie Einheiten der Kommunen, Bildungskuratoren und Organisationen der deutschen Minderheit in Polen entwickelt wurde. Gem\u00e4\u00df dem in Polen geltenden Recht und den internationalen Verpflichtungen des Landes, haben Personen, [&hellip;]\" \/>\n<meta property=\"og:url\" content=\"https:\/\/skgd.pl\/en\/o-nas\/regulacje-prawne\/strategia-rozwoju-oswiaty-mniejszosci-niemieckiej-w-polsce\/\" \/>\n<meta property=\"og:site_name\" content=\"Deutsche Minderheit, Sozial-Kulturelle Gesellschaft der Deutschen im Oppelner Schlesien\" \/>\n<meta property=\"article:modified_time\" content=\"2025-01-02T15:57:14+00:00\" \/>\n<meta name=\"twitter:card\" content=\"summary_large_image\" \/>\n<meta name=\"twitter:label1\" content=\"Gesch\u00e4tzte Lesezeit\" \/>\n\t<meta name=\"twitter:data1\" content=\"3\u00a0Minuten\" \/>\n<script type=\"application\/ld+json\" class=\"yoast-schema-graph\">{\"@context\":\"https:\/\/schema.org\",\"@graph\":[{\"@type\":\"WebSite\",\"@id\":\"https:\/\/skgd.pl\/#website\",\"url\":\"https:\/\/skgd.pl\/\",\"name\":\"Deutsche Minderheit, Sozial-Kulturelle Gesellschaft der Deutschen im Oppelner Schlesien\",\"description\":\"Deutsche Minderheit in Polen\",\"potentialAction\":[{\"@type\":\"SearchAction\",\"target\":{\"@type\":\"EntryPoint\",\"urlTemplate\":\"https:\/\/skgd.pl\/?s={search_term_string}\"},\"query-input\":\"required name=search_term_string\"}],\"inLanguage\":\"de\"},{\"@type\":\"WebPage\",\"@id\":\"https:\/\/skgd.pl\/en\/o-nas\/regulacje-prawne\/strategia-rozwoju-oswiaty-mniejszosci-niemieckiej-w-polsce\/#webpage\",\"url\":\"https:\/\/skgd.pl\/en\/o-nas\/regulacje-prawne\/strategia-rozwoju-oswiaty-mniejszosci-niemieckiej-w-polsce\/\",\"name\":\"Bildungsstrategie f\u00fcr die deutsche Minderheit in Polen - Deutsche Minderheit, Sozial-Kulturelle Gesellschaft der Deutschen im Oppelner Schlesien\",\"isPartOf\":{\"@id\":\"https:\/\/skgd.pl\/#website\"},\"datePublished\":\"2016-01-29T12:40:41+00:00\",\"dateModified\":\"2025-01-02T15:57:14+00:00\",\"breadcrumb\":{\"@id\":\"https:\/\/skgd.pl\/en\/o-nas\/regulacje-prawne\/strategia-rozwoju-oswiaty-mniejszosci-niemieckiej-w-polsce\/#breadcrumb\"},\"inLanguage\":\"de\",\"potentialAction\":[{\"@type\":\"ReadAction\",\"target\":[\"https:\/\/skgd.pl\/en\/o-nas\/regulacje-prawne\/strategia-rozwoju-oswiaty-mniejszosci-niemieckiej-w-polsce\/\"]}]},{\"@type\":\"BreadcrumbList\",\"@id\":\"https:\/\/skgd.pl\/en\/o-nas\/regulacje-prawne\/strategia-rozwoju-oswiaty-mniejszosci-niemieckiej-w-polsce\/#breadcrumb\",\"itemListElement\":[{\"@type\":\"ListItem\",\"position\":1,\"name\":\"Strona g\u0142\u00f3wna\",\"item\":\"https:\/\/skgd.pl\/\"},{\"@type\":\"ListItem\",\"position\":2,\"name\":\"O nas\",\"item\":\"https:\/\/skgd.pl\/o-nas\/\"},{\"@type\":\"ListItem\",\"position\":3,\"name\":\"Regulacje prawne\",\"item\":\"https:\/\/skgd.pl\/o-nas\/regulacje-prawne\/\"},{\"@type\":\"ListItem\",\"position\":4,\"name\":\"(Polski) Strategia Rozwoju O\u015bwiaty mniejszo\u015bci niemieckiej w Polsce\"}]}]}<\/script>\n<!-- \/ Yoast SEO plugin. -->","yoast_head_json":{"title":"Bildungsstrategie f\u00fcr die deutsche Minderheit in Polen - Deutsche Minderheit, Sozial-Kulturelle Gesellschaft der Deutschen im Oppelner Schlesien","robots":{"index":"index","follow":"follow","max-snippet":"max-snippet:-1","max-image-preview":"max-image-preview:large","max-video-preview":"max-video-preview:-1"},"canonical":"https:\/\/skgd.pl\/en\/o-nas\/regulacje-prawne\/strategia-rozwoju-oswiaty-mniejszosci-niemieckiej-w-polsce\/","og_locale":"de_DE","og_type":"article","og_title":"Bildungsstrategie f\u00fcr die deutsche Minderheit in Polen - Deutsche Minderheit, Sozial-Kulturelle Gesellschaft der Deutschen im Oppelner Schlesien","og_description":"[vc_row][vc_column][vc_column_text] Im Jahr 2006 entstand die Entwicklungsstrategie der Bildung der deutschen Minderheit in Polen, ein Dokument, welches vom polnischen Bildungsministerium dem Ministerium des Innern und der Verwaltung sowie Einheiten der Kommunen, Bildungskuratoren und Organisationen der deutschen Minderheit in Polen entwickelt wurde. Gem\u00e4\u00df dem in Polen geltenden Recht und den internationalen Verpflichtungen des Landes, haben Personen, [&hellip;]","og_url":"https:\/\/skgd.pl\/en\/o-nas\/regulacje-prawne\/strategia-rozwoju-oswiaty-mniejszosci-niemieckiej-w-polsce\/","og_site_name":"Deutsche Minderheit, Sozial-Kulturelle Gesellschaft der Deutschen im Oppelner Schlesien","article_modified_time":"2025-01-02T15:57:14+00:00","twitter_card":"summary_large_image","twitter_misc":{"Gesch\u00e4tzte Lesezeit":"3\u00a0Minuten"},"schema":{"@context":"https:\/\/schema.org","@graph":[{"@type":"WebSite","@id":"https:\/\/skgd.pl\/#website","url":"https:\/\/skgd.pl\/","name":"Deutsche Minderheit, Sozial-Kulturelle Gesellschaft der Deutschen im Oppelner Schlesien","description":"Deutsche Minderheit in Polen","potentialAction":[{"@type":"SearchAction","target":{"@type":"EntryPoint","urlTemplate":"https:\/\/skgd.pl\/?s={search_term_string}"},"query-input":"required name=search_term_string"}],"inLanguage":"de"},{"@type":"WebPage","@id":"https:\/\/skgd.pl\/en\/o-nas\/regulacje-prawne\/strategia-rozwoju-oswiaty-mniejszosci-niemieckiej-w-polsce\/#webpage","url":"https:\/\/skgd.pl\/en\/o-nas\/regulacje-prawne\/strategia-rozwoju-oswiaty-mniejszosci-niemieckiej-w-polsce\/","name":"Bildungsstrategie f\u00fcr die deutsche Minderheit in Polen - Deutsche Minderheit, Sozial-Kulturelle Gesellschaft der Deutschen im Oppelner Schlesien","isPartOf":{"@id":"https:\/\/skgd.pl\/#website"},"datePublished":"2016-01-29T12:40:41+00:00","dateModified":"2025-01-02T15:57:14+00:00","breadcrumb":{"@id":"https:\/\/skgd.pl\/en\/o-nas\/regulacje-prawne\/strategia-rozwoju-oswiaty-mniejszosci-niemieckiej-w-polsce\/#breadcrumb"},"inLanguage":"de","potentialAction":[{"@type":"ReadAction","target":["https:\/\/skgd.pl\/en\/o-nas\/regulacje-prawne\/strategia-rozwoju-oswiaty-mniejszosci-niemieckiej-w-polsce\/"]}]},{"@type":"BreadcrumbList","@id":"https:\/\/skgd.pl\/en\/o-nas\/regulacje-prawne\/strategia-rozwoju-oswiaty-mniejszosci-niemieckiej-w-polsce\/#breadcrumb","itemListElement":[{"@type":"ListItem","position":1,"name":"Strona g\u0142\u00f3wna","item":"https:\/\/skgd.pl\/"},{"@type":"ListItem","position":2,"name":"O nas","item":"https:\/\/skgd.pl\/o-nas\/"},{"@type":"ListItem","position":3,"name":"Regulacje prawne","item":"https:\/\/skgd.pl\/o-nas\/regulacje-prawne\/"},{"@type":"ListItem","position":4,"name":"(Polski) Strategia Rozwoju O\u015bwiaty mniejszo\u015bci niemieckiej w Polsce"}]}]}},"_links":{"self":[{"href":"https:\/\/skgd.pl\/de\/wp-json\/wp\/v2\/pages\/10377","targetHints":{"allow":["GET"]}}],"collection":[{"href":"https:\/\/skgd.pl\/de\/wp-json\/wp\/v2\/pages"}],"about":[{"href":"https:\/\/skgd.pl\/de\/wp-json\/wp\/v2\/types\/page"}],"author":[{"embeddable":true,"href":"https:\/\/skgd.pl\/de\/wp-json\/wp\/v2\/users\/1"}],"replies":[{"embeddable":true,"href":"https:\/\/skgd.pl\/de\/wp-json\/wp\/v2\/comments?post=10377"}],"version-history":[{"count":4,"href":"https:\/\/skgd.pl\/de\/wp-json\/wp\/v2\/pages\/10377\/revisions"}],"predecessor-version":[{"id":35593,"href":"https:\/\/skgd.pl\/de\/wp-json\/wp\/v2\/pages\/10377\/revisions\/35593"}],"up":[{"embeddable":true,"href":"https:\/\/skgd.pl\/de\/wp-json\/wp\/v2\/pages\/9728"}],"wp:attachment":[{"href":"https:\/\/skgd.pl\/de\/wp-json\/wp\/v2\/media?parent=10377"}],"curies":[{"name":"wp","href":"https:\/\/api.w.org\/{rel}","templated":true}]}}